


{"id":15934,"date":"2022-04-11T09:02:31","date_gmt":"2022-04-11T07:02:31","guid":{"rendered":"https:\/\/www.urbidermis.com\/unkategorisiert\/melia-azedarach\/"},"modified":"2024-09-18T15:26:37","modified_gmt":"2024-09-18T13:26:37","slug":"melia-azedarach","status":"publish","type":"product","link":"https:\/\/www.urbidermis.com\/de\/baumschule-belloch-forestal\/melia-azedarach\/","title":{"rendered":"Melia azedarach"},"content":{"rendered":"","protected":false},"excerpt":{"rendered":"<p>Dieser Baum ist resistent gegen Hitze, Trockenheit und basische B\u00f6den. Er vertr\u00e4gt Frost, die N\u00e4he des Meeres sowie kompakte und salzhaltige B\u00f6den. Er tr\u00e4gt \u00fcppige, duftende Bl\u00fcten und eine augenf\u00e4llige Frucht, die den ganzen Winter \u00fcber am Baum bleibt, in hohen Mengen allerdings giftig f\u00fcr S\u00e4ugetiere ist. Die Wurzeln brauchen reichlich Platz, um Probleme mit dem Stra\u00dfenbelag zu vermeiden.<\/p>\n","protected":false},"featured_media":15875,"template":"","meta":{"_acf_changed":false,"inline_featured_image":false},"product_cat":[237,230],"product_tag":[],"acf":{"activador_seccion_impacto_acvs_secctions_acvs":false,"texto_enlace_amplifyapp":"","codigos_acvs_matching_row-leds":null,"activator_acf_option_madera_text":false,"texto_bajo_btn_certificados":"","check_para_validar_no_secc_aplication":false,"is_protocolo_y_control_generic":false,"is_producto_residencial_para_mostrar_info_diferente":false,"is_plano_de_cotas_validator":false,"galeria_multidimension_imagenes_plano_de_cotas_proyector":null,"premios_producto_repeater":null,"participantes":"","autores":"","ano_creacion_producto":"","validacion_producto_descarga":false,"galeria_imagenes_repeater_libro":[{"imagen_item_gal":"[link_wp_dam_url ids=\"14182\"]","activar_video_item_gal":false,"portada_video_item_gal":null,"video_en_horizonal_item_gal":false,"video_item_gal":false},{"imagen_item_gal":"[link_wp_dam_url ids=\"14181\"]","activar_video_item_gal":false,"portada_video_item_gal":null,"video_en_horizonal_item_gal":false,"video_item_gal":false},{"imagen_item_gal":"[link_wp_dam_url ids=\"14183\"]","activar_video_item_gal":false,"portada_video_item_gal":null,"video_en_horizonal_item_gal":false,"video_item_gal":false},{"imagen_item_gal":"[link_wp_dam_url ids=\"14184\"]","activar_video_item_gal":false,"portada_video_item_gal":null,"video_en_horizonal_item_gal":false,"video_item_gal":false},{"imagen_item_gal":"[link_wp_dam_url ids=\"14851\"]","activar_video_item_gal":false,"portada_video_item_gal":null,"video_en_horizonal_item_gal":false,"video_item_gal":false},{"imagen_item_gal":"[link_wp_dam_url ids=\"14849\"]","activar_video_item_gal":false,"portada_video_item_gal":null,"video_en_horizonal_item_gal":false,"video_item_gal":false},{"imagen_item_gal":"[link_wp_dam_url ids=\"14850\"]","activar_video_item_gal":false,"portada_video_item_gal":null,"video_en_horizonal_item_gal":false,"video_item_gal":false}],"secciones_producto":[{"acf_fc_layout":"seccion_especifi_tecnicas_arboles","imagen_asociada_especificaciones_tecnicas":"[link_wp_dam_url ids=\"14185\"]","galeria_elementos_medio":[{"clave_elemento_seleccion":"medio_zona_climatica","texto_elemento_seleccion":"K\u00fcste\/Innenland"},{"clave_elemento_seleccion":"medio_calor","texto_elemento_seleccion":"Widerstandsf\u00e4hig"},{"clave_elemento_seleccion":"medio_heladas","texto_elemento_seleccion":"Tolerant"},{"clave_elemento_seleccion":"medio_sequia","texto_elemento_seleccion":"Widerstandsf\u00e4hig"},{"clave_elemento_seleccion":"medio_cal","texto_elemento_seleccion":"Widerstandsf\u00e4hig"},{"clave_elemento_seleccion":"medio_proximidad_de_mar","texto_elemento_seleccion":"Widerstandsf\u00e4hig"},{"clave_elemento_seleccion":"medio_expocision_solar","texto_elemento_seleccion":"Sonne\/Halbschatten"}],"galeria_elementos_funcion":[{"clave_elemento_seleccion":"funcion_aplicacion","texto_elemento_seleccion":"Stra\u00dfe"},{"clave_elemento_seleccion":"funcion_hoja","texto_elemento_seleccion":"Art: Laubabwerfend\r\nForm: Zusammengesetzt\r\nFarbe: Gr\u00fcn"},{"clave_elemento_seleccion":"funcion_flor","texto_elemento_seleccion":"Jahreszeit: Fr\u00fchling\r\nFarbe: Violett"},{"clave_elemento_seleccion":"funcion_fruto","texto_elemento_seleccion":"Jahreszeit: Herbst\r\nFarbe: Braun"}],"galeria_elementos_forma":[{"clave_elemento_seleccion":"forma_altura","texto_elemento_seleccion":"M\u00e4\u00dfig"},{"clave_elemento_seleccion":"forma_copa","texto_elemento_seleccion":"M\u00e4\u00dfig"},{"clave_elemento_seleccion":"forma_porte","texto_elemento_seleccion":"Mittelgro\u00df"},{"clave_elemento_seleccion":"forma_fruto","texto_elemento_seleccion":"Eif\u00f6rmig"}]},{"acf_fc_layout":"seccion_dos_imagenes_centradas","image_izq_center_planta":"[link_wp_dam_url ids=\"14945\"]","image_der_center_planta":"[link_wp_dam_url ids=\"14944\"]"},{"acf_fc_layout":"seccion_consulta_nuestros_expertos","imagen_de_fondo_single_producto":"[link_wp_dam_url ids=\"14180\"]","imagen_de_fondo_single_producto_mobile":"[link_wp_dam_url ids=\"14180\"]"},{"acf_fc_layout":"seccion_navtabs_imagen_dinamica_copia_estatica"}],"dist_simetrica":"","dist_asimetrica":"","dist_indirecta":"","dist_suelo":"","control":"","certificados":"","nombre_arbol_entre_comillas":"","nombre_solo_plantas_field":"Chinaberry tree","isbn_campo_texto":"","autor_book_publicacion_producto":"","idioma_campo_texto":"","enquadernacion_campo_texto":"","_numero_de_paginas_campo_texto":"","pdf_asociado_producto":"","resumen_libro":"","text_content_family_basic_information":"","text_content_family_basic_number_width":"","text_content_family_basic_number_height":"","text_content_planting_density":"","flowers_option_colours":"","flowers_option_season":"","properties_option_pruning":"","properties_option_watering":"","properties_option_sun_exposure":"","properties_option_minimum_temp":"","properties_option_soil_type":"","properties_option_fire":"","properties_option_heat":"","properties_option_moisture":"","properties_option_dryness":"","properties_option_coastal_area":"","texto_introduccion_landing_custom":"","enlace_descubre_mas_custom":null,"selecciona_tipo_de_imagen_custom":[],"imagen_vertical_custom":"","imagen_horizontal_custom":"","opciones_de_texto_1":true,"opciones_de_texto_2":"","opciones_de_texto_3":[]},"yoast_head":"<!-- This site is optimized with the Yoast SEO plugin v22.8 - https:\/\/yoast.com\/wordpress\/plugins\/seo\/ -->\n<title>Melia azedarach - Urbidermis<\/title>\n<meta name=\"robots\" content=\"index, follow, max-snippet:-1, max-image-preview:large, max-video-preview:-1\" \/>\n<link rel=\"canonical\" href=\"https:\/\/www.urbidermis.com\/de\/baumschule-belloch-forestal\/melia-azedarach\/\" \/>\n<meta property=\"og:locale\" content=\"de_DE\" \/>\n<meta property=\"og:type\" content=\"article\" \/>\n<meta property=\"og:title\" content=\"Melia azedarach - Urbidermis\" \/>\n<meta property=\"og:description\" content=\"Dieser Baum ist resistent gegen Hitze, Trockenheit und basische B\u00f6den. Er vertr\u00e4gt Frost, die N\u00e4he des Meeres sowie kompakte und salzhaltige B\u00f6den. Er tr\u00e4gt \u00fcppige, duftende Bl\u00fcten und eine augenf\u00e4llige Frucht, die den ganzen Winter \u00fcber am Baum bleibt, in hohen Mengen allerdings giftig f\u00fcr S\u00e4ugetiere ist. Die Wurzeln brauchen reichlich Platz, um Probleme mit dem Stra\u00dfenbelag zu vermeiden.\" \/>\n<meta property=\"og:url\" content=\"https:\/\/www.urbidermis.com\/de\/baumschule-belloch-forestal\/melia-azedarach\/\" \/>\n<meta property=\"og:site_name\" content=\"Urbidermis\" \/>\n<meta property=\"article:modified_time\" content=\"2024-09-18T13:26:37+00:00\" \/>\n<meta property=\"og:image\" content=\"https:\/\/www.urbidermis.com\/wp-content\/uploads\/Melia-Azederach.jpg\" \/>\n\t<meta property=\"og:image:width\" content=\"714\" \/>\n\t<meta property=\"og:image:height\" content=\"1000\" \/>\n\t<meta property=\"og:image:type\" content=\"image\/jpeg\" \/>\n<meta name=\"twitter:card\" content=\"summary_large_image\" \/>\n<script type=\"application\/ld+json\" class=\"yoast-schema-graph\">{\"@context\":\"https:\/\/schema.org\",\"@graph\":[{\"@type\":\"WebPage\",\"@id\":\"https:\/\/www.urbidermis.com\/de\/baumschule-belloch-forestal\/melia-azedarach\/\",\"url\":\"https:\/\/www.urbidermis.com\/de\/baumschule-belloch-forestal\/melia-azedarach\/\",\"name\":\"Melia azedarach - Urbidermis\",\"isPartOf\":{\"@id\":\"https:\/\/www.urbidermis.com\/de\/#website\"},\"primaryImageOfPage\":{\"@id\":\"https:\/\/www.urbidermis.com\/de\/baumschule-belloch-forestal\/melia-azedarach\/#primaryimage\"},\"image\":{\"@id\":\"https:\/\/www.urbidermis.com\/de\/baumschule-belloch-forestal\/melia-azedarach\/#primaryimage\"},\"thumbnailUrl\":\"https:\/\/www.urbidermis.com\/wp-content\/uploads\/Melia-Azederach.jpg\",\"datePublished\":\"2022-04-11T07:02:31+00:00\",\"dateModified\":\"2024-09-18T13:26:37+00:00\",\"breadcrumb\":{\"@id\":\"https:\/\/www.urbidermis.com\/de\/baumschule-belloch-forestal\/melia-azedarach\/#breadcrumb\"},\"inLanguage\":\"de-DE\",\"potentialAction\":[{\"@type\":\"ReadAction\",\"target\":[\"https:\/\/www.urbidermis.com\/de\/baumschule-belloch-forestal\/melia-azedarach\/\"]}]},{\"@type\":\"ImageObject\",\"inLanguage\":\"de-DE\",\"@id\":\"https:\/\/www.urbidermis.com\/de\/baumschule-belloch-forestal\/melia-azedarach\/#primaryimage\",\"url\":\"https:\/\/www.urbidermis.com\/wp-content\/uploads\/Melia-Azederach.jpg\",\"contentUrl\":\"https:\/\/www.urbidermis.com\/wp-content\/uploads\/Melia-Azederach.jpg\",\"width\":714,\"height\":1000},{\"@type\":\"BreadcrumbList\",\"@id\":\"https:\/\/www.urbidermis.com\/de\/baumschule-belloch-forestal\/melia-azedarach\/#breadcrumb\",\"itemListElement\":[{\"@type\":\"ListItem\",\"position\":1,\"name\":\"Home\",\"item\":\"https:\/\/www.urbidermis.com\/de\/\"},{\"@type\":\"ListItem\",\"position\":2,\"name\":\"Produkte\",\"item\":\"https:\/\/www.urbidermis.com\/de\/produkte\/\"},{\"@type\":\"ListItem\",\"position\":3,\"name\":\"Melia azedarach\"}]},{\"@type\":\"WebSite\",\"@id\":\"https:\/\/www.urbidermis.com\/de\/#website\",\"url\":\"https:\/\/www.urbidermis.com\/de\/\",\"name\":\"Urbidermis\",\"description\":\"Especialistas en la ciudad\",\"publisher\":{\"@id\":\"https:\/\/www.urbidermis.com\/de\/#organization\"},\"potentialAction\":[{\"@type\":\"SearchAction\",\"target\":{\"@type\":\"EntryPoint\",\"urlTemplate\":\"https:\/\/www.urbidermis.com\/de\/?s={search_term_string}\"},\"query-input\":\"required name=search_term_string\"}],\"inLanguage\":\"de-DE\"},{\"@type\":\"Organization\",\"@id\":\"https:\/\/www.urbidermis.com\/de\/#organization\",\"name\":\"Urbidermis\",\"url\":\"https:\/\/www.urbidermis.com\/de\/\",\"logo\":{\"@type\":\"ImageObject\",\"inLanguage\":\"de-DE\",\"@id\":\"https:\/\/www.urbidermis.com\/de\/#\/schema\/logo\/image\/\",\"url\":\"https:\/\/www.urbidermis.com\/wp-content\/uploads\/logo_urbdermis-1.png\",\"contentUrl\":\"https:\/\/www.urbidermis.com\/wp-content\/uploads\/logo_urbdermis-1.png\",\"width\":601,\"height\":1033,\"caption\":\"Urbidermis\"},\"image\":{\"@id\":\"https:\/\/www.urbidermis.com\/de\/#\/schema\/logo\/image\/\"}}]}<\/script>\n<!-- \/ Yoast SEO plugin. -->","yoast_head_json":{"title":"Melia azedarach - Urbidermis","robots":{"index":"index","follow":"follow","max-snippet":"max-snippet:-1","max-image-preview":"max-image-preview:large","max-video-preview":"max-video-preview:-1"},"canonical":"https:\/\/www.urbidermis.com\/de\/baumschule-belloch-forestal\/melia-azedarach\/","og_locale":"de_DE","og_type":"article","og_title":"Melia azedarach - Urbidermis","og_description":"Dieser Baum ist resistent gegen Hitze, Trockenheit und basische B\u00f6den. Er vertr\u00e4gt Frost, die N\u00e4he des Meeres sowie kompakte und salzhaltige B\u00f6den. Er tr\u00e4gt \u00fcppige, duftende Bl\u00fcten und eine augenf\u00e4llige Frucht, die den ganzen Winter \u00fcber am Baum bleibt, in hohen Mengen allerdings giftig f\u00fcr S\u00e4ugetiere ist. Die Wurzeln brauchen reichlich Platz, um Probleme mit dem Stra\u00dfenbelag zu vermeiden.","og_url":"https:\/\/www.urbidermis.com\/de\/baumschule-belloch-forestal\/melia-azedarach\/","og_site_name":"Urbidermis","article_modified_time":"2024-09-18T13:26:37+00:00","og_image":[{"width":714,"height":1000,"url":"https:\/\/www.urbidermis.com\/wp-content\/uploads\/Melia-Azederach.jpg","type":"image\/jpeg"}],"twitter_card":"summary_large_image","schema":{"@context":"https:\/\/schema.org","@graph":[{"@type":"WebPage","@id":"https:\/\/www.urbidermis.com\/de\/baumschule-belloch-forestal\/melia-azedarach\/","url":"https:\/\/www.urbidermis.com\/de\/baumschule-belloch-forestal\/melia-azedarach\/","name":"Melia azedarach - Urbidermis","isPartOf":{"@id":"https:\/\/www.urbidermis.com\/de\/#website"},"primaryImageOfPage":{"@id":"https:\/\/www.urbidermis.com\/de\/baumschule-belloch-forestal\/melia-azedarach\/#primaryimage"},"image":{"@id":"https:\/\/www.urbidermis.com\/de\/baumschule-belloch-forestal\/melia-azedarach\/#primaryimage"},"thumbnailUrl":"https:\/\/www.urbidermis.com\/wp-content\/uploads\/Melia-Azederach.jpg","datePublished":"2022-04-11T07:02:31+00:00","dateModified":"2024-09-18T13:26:37+00:00","breadcrumb":{"@id":"https:\/\/www.urbidermis.com\/de\/baumschule-belloch-forestal\/melia-azedarach\/#breadcrumb"},"inLanguage":"de-DE","potentialAction":[{"@type":"ReadAction","target":["https:\/\/www.urbidermis.com\/de\/baumschule-belloch-forestal\/melia-azedarach\/"]}]},{"@type":"ImageObject","inLanguage":"de-DE","@id":"https:\/\/www.urbidermis.com\/de\/baumschule-belloch-forestal\/melia-azedarach\/#primaryimage","url":"https:\/\/www.urbidermis.com\/wp-content\/uploads\/Melia-Azederach.jpg","contentUrl":"https:\/\/www.urbidermis.com\/wp-content\/uploads\/Melia-Azederach.jpg","width":714,"height":1000},{"@type":"BreadcrumbList","@id":"https:\/\/www.urbidermis.com\/de\/baumschule-belloch-forestal\/melia-azedarach\/#breadcrumb","itemListElement":[{"@type":"ListItem","position":1,"name":"Home","item":"https:\/\/www.urbidermis.com\/de\/"},{"@type":"ListItem","position":2,"name":"Produkte","item":"https:\/\/www.urbidermis.com\/de\/produkte\/"},{"@type":"ListItem","position":3,"name":"Melia azedarach"}]},{"@type":"WebSite","@id":"https:\/\/www.urbidermis.com\/de\/#website","url":"https:\/\/www.urbidermis.com\/de\/","name":"Urbidermis","description":"Especialistas en la ciudad","publisher":{"@id":"https:\/\/www.urbidermis.com\/de\/#organization"},"potentialAction":[{"@type":"SearchAction","target":{"@type":"EntryPoint","urlTemplate":"https:\/\/www.urbidermis.com\/de\/?s={search_term_string}"},"query-input":"required name=search_term_string"}],"inLanguage":"de-DE"},{"@type":"Organization","@id":"https:\/\/www.urbidermis.com\/de\/#organization","name":"Urbidermis","url":"https:\/\/www.urbidermis.com\/de\/","logo":{"@type":"ImageObject","inLanguage":"de-DE","@id":"https:\/\/www.urbidermis.com\/de\/#\/schema\/logo\/image\/","url":"https:\/\/www.urbidermis.com\/wp-content\/uploads\/logo_urbdermis-1.png","contentUrl":"https:\/\/www.urbidermis.com\/wp-content\/uploads\/logo_urbdermis-1.png","width":601,"height":1033,"caption":"Urbidermis"},"image":{"@id":"https:\/\/www.urbidermis.com\/de\/#\/schema\/logo\/image\/"}}]}},"_links":{"self":[{"href":"https:\/\/www.urbidermis.com\/de\/wp-json\/wp\/v2\/product\/15934"}],"collection":[{"href":"https:\/\/www.urbidermis.com\/de\/wp-json\/wp\/v2\/product"}],"about":[{"href":"https:\/\/www.urbidermis.com\/de\/wp-json\/wp\/v2\/types\/product"}],"wp:featuredmedia":[{"embeddable":true,"href":"https:\/\/www.urbidermis.com\/de\/wp-json\/wp\/v2\/media\/15875"}],"wp:attachment":[{"href":"https:\/\/www.urbidermis.com\/de\/wp-json\/wp\/v2\/media?parent=15934"}],"wp:term":[{"taxonomy":"product_cat","embeddable":true,"href":"https:\/\/www.urbidermis.com\/de\/wp-json\/wp\/v2\/product_cat?post=15934"},{"taxonomy":"product_tag","embeddable":true,"href":"https:\/\/www.urbidermis.com\/de\/wp-json\/wp\/v2\/product_tag?post=15934"}],"curies":[{"name":"wp","href":"https:\/\/api.w.org\/{rel}","templated":true}]}}