


{"id":22595,"date":"2024-03-11T10:50:31","date_gmt":"2024-04-29T14:40:56","guid":{"rendered":"https:\/\/www.urbidermis.com\/?post_type=product&#038;p=22595"},"modified":"2025-06-23T13:29:42","modified_gmt":"2025-06-23T11:29:42","slug":"louis","status":"publish","type":"product","link":"https:\/\/www.urbidermis.com\/de\/stadtbeleuchtung\/louis\/","title":{"rendered":"Louis"},"content":{"rendered":"","protected":false},"excerpt":{"rendered":"<p>Die Stadtbeleuchtung Louis weist einen schlanken linearen Charakter mit eleganten symmetrischen Formen auf. Inspiriert von den \u00dcberlegungen Louis Kahns basierend auf Raum und Licht, folgen sie der von der Geometrie vorgegebenen Ordnung, welche letzten Endes f\u00fcr die Form verantwortlich ist. Durch die vorsichtige Lichtbehandlung ergeben sich h\u00e4ngende freie Kompositionen in gr\u00fcnen Umgebungen und Fu\u00dfg\u00e4ngerzonen.<\/p>\n","protected":false},"featured_media":21364,"template":"","meta":{"_acf_changed":false,"inline_featured_image":false},"product_cat":[207,189],"product_tag":[],"acf":{"activador_seccion_impacto_acvs_secctions_acvs":false,"texto_enlace_amplifyapp":"","codigos_acvs_matching_row-leds":null,"activator_acf_option_madera_text":false,"texto_bajo_btn_certificados":"","check_para_validar_no_secc_aplication":false,"is_protocolo_y_control_generic":true,"is_producto_residencial_para_mostrar_info_diferente":false,"is_plano_de_cotas_validator":true,"galeria_multidimension_imagenes_plano_de_cotas_proyector":[{"texto_pestana_plano_galeria":"Oberleitung","imagen_plano_de_cotas":"[link_wp_dam_url ids=\"14480\"]"}],"premios_producto_repeater":null,"participantes":"","autores":[10233],"ano_creacion_producto":"2023","validacion_producto_descarga":true,"galeria_imagenes_repeater_libro":[{"imagen_item_gal":"[link_wp_dam_url ids=\"12766\"]","activar_video_item_gal":false,"portada_video_item_gal":null,"video_en_horizonal_item_gal":false,"video_item_gal":false},{"imagen_item_gal":"[link_wp_dam_url ids=\"12767\"]","activar_video_item_gal":false,"portada_video_item_gal":null,"video_en_horizonal_item_gal":false,"video_item_gal":false},{"imagen_item_gal":"[link_wp_dam_url ids=\"12768\"]","activar_video_item_gal":false,"portada_video_item_gal":null,"video_en_horizonal_item_gal":false,"video_item_gal":false},{"imagen_item_gal":"[link_wp_dam_url ids=\"14965\"]","activar_video_item_gal":false,"portada_video_item_gal":null,"video_en_horizonal_item_gal":false,"video_item_gal":false},{"imagen_item_gal":"[link_wp_dam_url ids=\"14964\"]","activar_video_item_gal":false,"portada_video_item_gal":null,"video_en_horizonal_item_gal":false,"video_item_gal":false},{"imagen_item_gal":"[link_wp_dam_url ids=\"14963\"]","activar_video_item_gal":false,"portada_video_item_gal":null,"video_en_horizonal_item_gal":false,"video_item_gal":false}],"secciones_producto":[{"acf_fc_layout":"seccion_navtabs_imagen_dinamica","title_group":{"title_tag":"h2","title_txt":"Ein neues Stadtbild"},"texto_intro_principal":true,"texto_introductorio":"Die Stadtbeleuchtung Louis harmonisiert Au\u00dfenbereiche mit linear wiederholten bzw. frei angeordneten Kompositionen an Oberleitungen entlang der Projektgestaltung. Abgeschirmt von widrigen Witterungsverh\u00e4ltnissen, bietet sie zwei Leuchtalternativen f\u00fcr eine symmetrische Lichtbestrahlung mit hoher Energieeffizienz und null Lichtverschmutzung.","ventanas_detalles_producto":[{"title_group_producto_grid_single":{"title_tag":"h2","title_txt":"Materialien"},"imagen_de_fondo_dinamic_single_producto":"","texto_contenido_ventana":true,"contenido_tabs_producto":"<ul>\r\n \t<li>Beleuchtungsk\u00f6rper aus stranggepresstem Aluminium 6063 T5 und eloxiertem Aluminiumdruckguss EN AC-47100 mit Thermolackierung.<\/li>\r\n \t<li>Diffusor aus geh\u00e4rtetem optischen Glas mit Silikondichtungen.<\/li>\r\n \t<li>Schrauben aus A2-Edelstahl und Stopfbuchse aus Metall.<\/li>\r\n<\/ul>","acordion":false,"preguntas_y_respuestas":null,"cuadricula_de_colores":false,"componentes_producto":null,"descargables":false,"tipo_datasheet":"simple","datasheet":null,"datasheet_multiple":null,"tipo_instrucciones":"simple","instructions":null,"instructions_multiple":null,"drawings_ce":null,"2d_cad":null,"3d_cad":null,"revit":null,"ldt_photometric_files":null,"ies_photometric_files":null,"validador_detalles_producto":false,"tipo_especificacion":"distribucion"},{"title_group_producto_grid_single":{"title_tag":"h2","title_txt":"Ausf\u00fchrungen"},"imagen_de_fondo_dinamic_single_producto":"","texto_contenido_ventana":true,"contenido_tabs_producto":"Die angezeigten Farben dienen nur als Beispiel.\r\nAndere Farben auf Anfrage erh\u00e4ltlich.\r\nAusf\u00fchrungen f\u00fcr K\u00fcstenklima auf Anfrage.","acordion":false,"preguntas_y_respuestas":null,"cuadricula_de_colores":true,"componentes_producto":[{"nombre_componente":"Geh\u00e4use","colores":["blanco","gris_medio"]},{"nombre_componente":"K\u00f6rper","colores":["negro"]}],"descargables":false,"tipo_datasheet":"simple","datasheet":null,"datasheet_multiple":null,"tipo_instrucciones":"simple","instructions":null,"instructions_multiple":null,"drawings_ce":null,"2d_cad":null,"3d_cad":null,"revit":null,"ldt_photometric_files":null,"ies_photometric_files":null,"validador_detalles_producto":false,"tipo_especificacion":""},{"title_group_producto_grid_single":{"title_tag":"h2","title_txt":"Lichtquelle"},"imagen_de_fondo_dinamic_single_producto":"","texto_contenido_ventana":true,"contenido_tabs_producto":"<p class=\"p1\"><strong>Leistung des Systems (W)<\/strong><\/p>\r\n<p class=\"p1\">Hocheffiziente Leuchtmittelgruppe<\/p>\r\n\r\n<ul>\r\n \t<li class=\"p1\">18 LEDs 20W, 29W, 40W<\/li>\r\n \t<li class=\"p1\">36 LEDs 40W, 57W, 80W<\/li>\r\n<\/ul>\r\n&nbsp;\r\n<p class=\"p1\"><strong>Betriebsstrom (mA)<\/strong><\/p>\r\n\r\n<ul>\r\n \t<li class=\"p1\">350<\/li>\r\n \t<li class=\"p1\">500<\/li>\r\n \t<li class=\"p1\">700<\/li>\r\n<\/ul>\r\n&nbsp;\r\n<p class=\"p1\"><strong>Farbtemperatur (K)<\/strong><\/p>\r\n\r\n<ul>\r\n \t<li class=\"p1\">3000 IRC min80<\/li>\r\n \t<li class=\"p1\">2700 IRC min80<\/li>\r\n \t<li class=\"p1\">2200 IRC min70<\/li>\r\n \t<li class=\"p1\">PC Bernstein IRC min40<\/li>\r\n<\/ul>\r\n<p class=\"p2\">Weitere Farbtemperaturen und\/oder IRC auf Anfrage.<\/p>\r\n&nbsp;\r\n<p class=\"p1\"><strong>Lebensdauer<\/strong><\/p>\r\n<p class=\"p1\">TM21 L90 (10 k) &gt; 100.000 h.<\/p>","acordion":false,"preguntas_y_respuestas":null,"cuadricula_de_colores":false,"componentes_producto":null,"descargables":false,"tipo_datasheet":"simple","datasheet":null,"datasheet_multiple":null,"tipo_instrucciones":"simple","instructions":null,"instructions_multiple":null,"drawings_ce":null,"2d_cad":null,"3d_cad":null,"revit":null,"ldt_photometric_files":null,"ies_photometric_files":null,"validador_detalles_producto":false,"tipo_especificacion":"control"},{"title_group_producto_grid_single":{"title_tag":"h2","title_txt":"H\u00f6henplan"},"imagen_de_fondo_dinamic_single_producto":"","texto_contenido_ventana":false,"contenido_tabs_producto":"","acordion":false,"preguntas_y_respuestas":null,"cuadricula_de_colores":false,"componentes_producto":null,"descargables":false,"tipo_datasheet":"simple","datasheet":null,"datasheet_multiple":null,"tipo_instrucciones":"simple","instructions":null,"instructions_multiple":null,"drawings_ce":null,"2d_cad":null,"3d_cad":null,"revit":null,"ldt_photometric_files":null,"ies_photometric_files":null,"validador_detalles_producto":false,"tipo_especificacion":"certificados"},{"title_group_producto_grid_single":{"title_tag":"h2","title_txt":"Lichtverteilung"},"imagen_de_fondo_dinamic_single_producto":"","texto_contenido_ventana":false,"contenido_tabs_producto":"","acordion":false,"preguntas_y_respuestas":null,"cuadricula_de_colores":false,"componentes_producto":null,"descargables":false,"tipo_datasheet":"simple","datasheet":null,"datasheet_multiple":null,"tipo_instrucciones":"simple","instructions":null,"instructions_multiple":null,"drawings_ce":null,"2d_cad":null,"3d_cad":null,"revit":null,"ldt_photometric_files":null,"ies_photometric_files":null,"validador_detalles_producto":true,"tipo_especificacion":"distribucion"},{"title_group_producto_grid_single":{"title_tag":"h2","title_txt":"Protokolle und Steuerung"},"imagen_de_fondo_dinamic_single_producto":"","texto_contenido_ventana":true,"contenido_tabs_producto":"Protokolle\r\n- Protokoll 1-10V\r\n- Dali-Protokoll\r\n\r\nSteuerung\r\n- Dynamische Programmierung\r\n- Analogische Einstellung\r\n\r\nEigenschaften\r\n- Constant Luminous Management (CLM)\r\n- Temperaturkontrolle\r\n- \u00dcberspannungsschutz","acordion":false,"preguntas_y_respuestas":null,"cuadricula_de_colores":false,"componentes_producto":[{"nombre_componente":"K\u00f6rper","colores":["negro"]},{"nombre_componente":"Geh\u00e4use","colores":["blanco","gris_medio"]}],"descargables":false,"tipo_datasheet":"simple","datasheet":null,"datasheet_multiple":null,"tipo_instrucciones":"simple","instructions":null,"instructions_multiple":null,"drawings_ce":null,"2d_cad":null,"3d_cad":null,"revit":null,"ldt_photometric_files":null,"ies_photometric_files":null,"validador_detalles_producto":true,"tipo_especificacion":"control"},{"title_group_producto_grid_single":{"title_tag":"h2","title_txt":"Wartung"},"imagen_de_fondo_dinamic_single_producto":"","texto_contenido_ventana":true,"contenido_tabs_producto":"<ul>\r\n \t<li>Mit pH-neutralen, alkoholfreien und nicht scheuernden Produkten reinigen.<\/li>\r\n \t<li>Das optische Glas kann mit nicht scheuernden Reinigungsmitteln gereinigt werden.<\/li>\r\n<\/ul>","acordion":false,"preguntas_y_respuestas":null,"cuadricula_de_colores":false,"componentes_producto":null,"descargables":false,"tipo_datasheet":"simple","datasheet":null,"datasheet_multiple":null,"tipo_instrucciones":"simple","instructions":null,"instructions_multiple":null,"drawings_ce":null,"2d_cad":null,"3d_cad":null,"revit":null,"ldt_photometric_files":null,"ies_photometric_files":null,"validador_detalles_producto":false,"tipo_especificacion":"certificados"},{"title_group_producto_grid_single":{"title_tag":"h2","title_txt":"Zertifizierungen"},"imagen_de_fondo_dinamic_single_producto":"","texto_contenido_ventana":false,"contenido_tabs_producto":"","acordion":false,"preguntas_y_respuestas":null,"cuadricula_de_colores":false,"componentes_producto":null,"descargables":false,"tipo_datasheet":"simple","datasheet":null,"datasheet_multiple":null,"tipo_instrucciones":"simple","instructions":null,"instructions_multiple":null,"drawings_ce":null,"2d_cad":null,"3d_cad":null,"revit":null,"ldt_photometric_files":null,"ies_photometric_files":null,"validador_detalles_producto":true,"tipo_especificacion":"certificados"}]},{"acf_fc_layout":"seccion_navtabs_imagen_dinamica","title_group":{"title_tag":"h2","title_txt":"Anwendungen"},"texto_intro_principal":false,"texto_introductorio":"","ventanas_detalles_producto":[{"title_group_producto_grid_single":{"title_tag":"h2","title_txt":"Oberleitung"},"imagen_de_fondo_dinamic_single_producto":"[link_wp_dam_url ids=\"12765\"]","texto_contenido_ventana":true,"contenido_tabs_producto":"Durch die Oberleitungsbeleuchtung kann die Anordnung der Leuchten von der Strenge des Programms losgel\u00f6st werden, wodurch R\u00e4ume f\u00fcr Mensch und Natur entstehen. Die Leuchten, welche an Oberleitungen (\u00d8 4-6 mm) befestigt werden k\u00f6nnen, erm\u00f6glichen unterschiedliche Ausrichtungen der Lichtquelle, um den Lichtfluss an die Raumbed\u00fcrfnisse anzupassen.","acordion":true,"preguntas_y_respuestas":[{"pregunta":"Installation","respuesta":"Das Zubeh\u00f6rteil ist am Leuchtk\u00f6rper befestigt. Die Leuchtengruppe an der Oberleitung aufh\u00e4ngen.\r\n\r\nZugelassenes Kaliber des Stahlkabels: \u00d8 4-6 mm.\r\n\r\nInklusive Installationsanleitungen sowie Schrauben.\r\n\r\nOberleitung nicht im Lieferumfang enthalten."},{"pregunta":"Gewicht","respuesta":"18 LED-Leuchte: 4,5\r\n36 LED-Leuchte: 8\r\n\r\n*Ungef\u00e4hres Gewicht ohne Verpackung."}],"cuadricula_de_colores":false,"componentes_producto":null,"descargables":false,"tipo_datasheet":"simple","datasheet":null,"datasheet_multiple":null,"tipo_instrucciones":"simple","instructions":null,"instructions_multiple":null,"drawings_ce":null,"2d_cad":null,"3d_cad":null,"revit":null,"ldt_photometric_files":null,"ies_photometric_files":null,"validador_detalles_producto":false,"tipo_especificacion":""}]},{"acf_fc_layout":"seccion_navtabs_imagen_dinamica","title_group":{"title_tag":"h2","title_txt":"Downloads"},"texto_intro_principal":false,"texto_introductorio":"","ventanas_detalles_producto":[{"title_group_producto_grid_single":{"title_tag":"h2","title_txt":"Oberleitung"},"imagen_de_fondo_dinamic_single_producto":"[link_wp_dam_url ids=\"12139\"]","texto_contenido_ventana":false,"contenido_tabs_producto":"","acordion":false,"preguntas_y_respuestas":null,"cuadricula_de_colores":false,"componentes_producto":null,"descargables":true,"tipo_datasheet":"simple","datasheet":22521,"datasheet_multiple":null,"tipo_instrucciones":"simple","instructions":22809,"instructions_multiple":null,"drawings_ce":21504,"2d_cad":21500,"3d_cad":22416,"revit":"","ldt_photometric_files":24749,"ies_photometric_files":24443,"validador_detalles_producto":false,"tipo_especificacion":""}]},{"acf_fc_layout":"seccion_consulta_nuestros_expertos","imagen_de_fondo_single_producto":"[link_wp_dam_url ids=\"12764\" size=\"x2400\"]","imagen_de_fondo_single_producto_mobile":""}],"dist_simetrica":"","dist_asimetrica":["type-ii","type-v","type-ii-ii"],"dist_indirecta":"","dist_suelo":"","control":["1-10v","dali"],"certificados":["ce","rohs","ip66","ik07","clase-i"],"nombre_arbol_entre_comillas":"","nombre_solo_plantas_field":"","isbn_campo_texto":"","autor_book_publicacion_producto":"","idioma_campo_texto":"","enquadernacion_campo_texto":"","_numero_de_paginas_campo_texto":"","pdf_asociado_producto":"","resumen_libro":"","text_content_family_basic_information":"","text_content_family_basic_number_width":"","text_content_family_basic_number_height":"","text_content_planting_density":"","flowers_option_colours":"","flowers_option_season":"","properties_option_pruning":"","properties_option_watering":"","properties_option_sun_exposure":"","properties_option_minimum_temp":"","properties_option_soil_type":"","properties_option_fire":"","properties_option_heat":"","properties_option_moisture":"","properties_option_dryness":"","properties_option_coastal_area":"","texto_introduccion_landing_custom":"Entdecken Sie, wie Louis Design, Funktionalit\u00e4t und urbane Anpassungsf\u00e4higkeit verbindet.","enlace_descubre_mas_custom":{"title":"Mehr erfahren","url":"https:\/\/www.urbidermis.com\/de\/louis-luminaire\/","target":""},"selecciona_tipo_de_imagen_custom":["horizontal"],"imagen_vertical_custom":"","imagen_horizontal_custom":"[link_wp_dam ids=\"17966\" template=\"single-image\"]","opciones_de_texto_1":true,"opciones_de_texto_2":"","opciones_de_texto_3":[]},"yoast_head":"<!-- This site is optimized with the Yoast SEO plugin v22.8 - https:\/\/yoast.com\/wordpress\/plugins\/seo\/ -->\n<title>Louis - Urbidermis<\/title>\n<meta name=\"robots\" content=\"index, follow, max-snippet:-1, max-image-preview:large, max-video-preview:-1\" \/>\n<link rel=\"canonical\" href=\"https:\/\/www.urbidermis.com\/de\/stadtbeleuchtung\/louis\/\" \/>\n<meta property=\"og:locale\" content=\"de_DE\" \/>\n<meta property=\"og:type\" content=\"article\" \/>\n<meta property=\"og:title\" content=\"Louis - Urbidermis\" \/>\n<meta property=\"og:description\" content=\"Die Stadtbeleuchtung Louis weist einen schlanken linearen Charakter mit eleganten symmetrischen Formen auf. Inspiriert von den \u00dcberlegungen Louis Kahns basierend auf Raum und Licht, folgen sie der von der Geometrie vorgegebenen Ordnung, welche letzten Endes f\u00fcr die Form verantwortlich ist. Durch die vorsichtige Lichtbehandlung ergeben sich h\u00e4ngende freie Kompositionen in gr\u00fcnen Umgebungen und Fu\u00dfg\u00e4ngerzonen.\" \/>\n<meta property=\"og:url\" content=\"https:\/\/www.urbidermis.com\/de\/stadtbeleuchtung\/louis\/\" \/>\n<meta property=\"og:site_name\" content=\"Urbidermis\" \/>\n<meta property=\"article:modified_time\" content=\"2025-06-23T11:29:42+00:00\" \/>\n<meta property=\"og:image\" content=\"https:\/\/www.urbidermis.com\/wp-content\/uploads\/web.jpg\" \/>\n\t<meta property=\"og:image:width\" content=\"732\" \/>\n\t<meta property=\"og:image:height\" content=\"1024\" \/>\n\t<meta property=\"og:image:type\" content=\"image\/jpeg\" \/>\n<meta name=\"twitter:card\" content=\"summary_large_image\" \/>\n<script type=\"application\/ld+json\" class=\"yoast-schema-graph\">{\"@context\":\"https:\/\/schema.org\",\"@graph\":[{\"@type\":\"WebPage\",\"@id\":\"https:\/\/www.urbidermis.com\/de\/stadtbeleuchtung\/louis\/\",\"url\":\"https:\/\/www.urbidermis.com\/de\/stadtbeleuchtung\/louis\/\",\"name\":\"Louis - Urbidermis\",\"isPartOf\":{\"@id\":\"https:\/\/www.urbidermis.com\/de\/#website\"},\"primaryImageOfPage\":{\"@id\":\"https:\/\/www.urbidermis.com\/de\/stadtbeleuchtung\/louis\/#primaryimage\"},\"image\":{\"@id\":\"https:\/\/www.urbidermis.com\/de\/stadtbeleuchtung\/louis\/#primaryimage\"},\"thumbnailUrl\":\"https:\/\/www.urbidermis.com\/wp-content\/uploads\/web.jpg\",\"datePublished\":\"2024-04-29T14:40:56+00:00\",\"dateModified\":\"2025-06-23T11:29:42+00:00\",\"breadcrumb\":{\"@id\":\"https:\/\/www.urbidermis.com\/de\/stadtbeleuchtung\/louis\/#breadcrumb\"},\"inLanguage\":\"de-DE\",\"potentialAction\":[{\"@type\":\"ReadAction\",\"target\":[\"https:\/\/www.urbidermis.com\/de\/stadtbeleuchtung\/louis\/\"]}]},{\"@type\":\"ImageObject\",\"inLanguage\":\"de-DE\",\"@id\":\"https:\/\/www.urbidermis.com\/de\/stadtbeleuchtung\/louis\/#primaryimage\",\"url\":\"https:\/\/www.urbidermis.com\/wp-content\/uploads\/web.jpg\",\"contentUrl\":\"https:\/\/www.urbidermis.com\/wp-content\/uploads\/web.jpg\",\"width\":732,\"height\":1024},{\"@type\":\"BreadcrumbList\",\"@id\":\"https:\/\/www.urbidermis.com\/de\/stadtbeleuchtung\/louis\/#breadcrumb\",\"itemListElement\":[{\"@type\":\"ListItem\",\"position\":1,\"name\":\"Home\",\"item\":\"https:\/\/www.urbidermis.com\/de\/\"},{\"@type\":\"ListItem\",\"position\":2,\"name\":\"Produkte\",\"item\":\"https:\/\/www.urbidermis.com\/de\/produkte\/\"},{\"@type\":\"ListItem\",\"position\":3,\"name\":\"Louis\"}]},{\"@type\":\"WebSite\",\"@id\":\"https:\/\/www.urbidermis.com\/de\/#website\",\"url\":\"https:\/\/www.urbidermis.com\/de\/\",\"name\":\"Urbidermis\",\"description\":\"Especialistas en la ciudad\",\"publisher\":{\"@id\":\"https:\/\/www.urbidermis.com\/de\/#organization\"},\"potentialAction\":[{\"@type\":\"SearchAction\",\"target\":{\"@type\":\"EntryPoint\",\"urlTemplate\":\"https:\/\/www.urbidermis.com\/de\/?s={search_term_string}\"},\"query-input\":\"required name=search_term_string\"}],\"inLanguage\":\"de-DE\"},{\"@type\":\"Organization\",\"@id\":\"https:\/\/www.urbidermis.com\/de\/#organization\",\"name\":\"Urbidermis\",\"url\":\"https:\/\/www.urbidermis.com\/de\/\",\"logo\":{\"@type\":\"ImageObject\",\"inLanguage\":\"de-DE\",\"@id\":\"https:\/\/www.urbidermis.com\/de\/#\/schema\/logo\/image\/\",\"url\":\"https:\/\/www.urbidermis.com\/wp-content\/uploads\/logo_urbdermis-1.png\",\"contentUrl\":\"https:\/\/www.urbidermis.com\/wp-content\/uploads\/logo_urbdermis-1.png\",\"width\":601,\"height\":1033,\"caption\":\"Urbidermis\"},\"image\":{\"@id\":\"https:\/\/www.urbidermis.com\/de\/#\/schema\/logo\/image\/\"}}]}<\/script>\n<!-- \/ Yoast SEO plugin. -->","yoast_head_json":{"title":"Louis - Urbidermis","robots":{"index":"index","follow":"follow","max-snippet":"max-snippet:-1","max-image-preview":"max-image-preview:large","max-video-preview":"max-video-preview:-1"},"canonical":"https:\/\/www.urbidermis.com\/de\/stadtbeleuchtung\/louis\/","og_locale":"de_DE","og_type":"article","og_title":"Louis - Urbidermis","og_description":"Die Stadtbeleuchtung Louis weist einen schlanken linearen Charakter mit eleganten symmetrischen Formen auf. Inspiriert von den \u00dcberlegungen Louis Kahns basierend auf Raum und Licht, folgen sie der von der Geometrie vorgegebenen Ordnung, welche letzten Endes f\u00fcr die Form verantwortlich ist. Durch die vorsichtige Lichtbehandlung ergeben sich h\u00e4ngende freie Kompositionen in gr\u00fcnen Umgebungen und Fu\u00dfg\u00e4ngerzonen.","og_url":"https:\/\/www.urbidermis.com\/de\/stadtbeleuchtung\/louis\/","og_site_name":"Urbidermis","article_modified_time":"2025-06-23T11:29:42+00:00","og_image":[{"width":732,"height":1024,"url":"https:\/\/www.urbidermis.com\/wp-content\/uploads\/web.jpg","type":"image\/jpeg"}],"twitter_card":"summary_large_image","schema":{"@context":"https:\/\/schema.org","@graph":[{"@type":"WebPage","@id":"https:\/\/www.urbidermis.com\/de\/stadtbeleuchtung\/louis\/","url":"https:\/\/www.urbidermis.com\/de\/stadtbeleuchtung\/louis\/","name":"Louis - Urbidermis","isPartOf":{"@id":"https:\/\/www.urbidermis.com\/de\/#website"},"primaryImageOfPage":{"@id":"https:\/\/www.urbidermis.com\/de\/stadtbeleuchtung\/louis\/#primaryimage"},"image":{"@id":"https:\/\/www.urbidermis.com\/de\/stadtbeleuchtung\/louis\/#primaryimage"},"thumbnailUrl":"https:\/\/www.urbidermis.com\/wp-content\/uploads\/web.jpg","datePublished":"2024-04-29T14:40:56+00:00","dateModified":"2025-06-23T11:29:42+00:00","breadcrumb":{"@id":"https:\/\/www.urbidermis.com\/de\/stadtbeleuchtung\/louis\/#breadcrumb"},"inLanguage":"de-DE","potentialAction":[{"@type":"ReadAction","target":["https:\/\/www.urbidermis.com\/de\/stadtbeleuchtung\/louis\/"]}]},{"@type":"ImageObject","inLanguage":"de-DE","@id":"https:\/\/www.urbidermis.com\/de\/stadtbeleuchtung\/louis\/#primaryimage","url":"https:\/\/www.urbidermis.com\/wp-content\/uploads\/web.jpg","contentUrl":"https:\/\/www.urbidermis.com\/wp-content\/uploads\/web.jpg","width":732,"height":1024},{"@type":"BreadcrumbList","@id":"https:\/\/www.urbidermis.com\/de\/stadtbeleuchtung\/louis\/#breadcrumb","itemListElement":[{"@type":"ListItem","position":1,"name":"Home","item":"https:\/\/www.urbidermis.com\/de\/"},{"@type":"ListItem","position":2,"name":"Produkte","item":"https:\/\/www.urbidermis.com\/de\/produkte\/"},{"@type":"ListItem","position":3,"name":"Louis"}]},{"@type":"WebSite","@id":"https:\/\/www.urbidermis.com\/de\/#website","url":"https:\/\/www.urbidermis.com\/de\/","name":"Urbidermis","description":"Especialistas en la ciudad","publisher":{"@id":"https:\/\/www.urbidermis.com\/de\/#organization"},"potentialAction":[{"@type":"SearchAction","target":{"@type":"EntryPoint","urlTemplate":"https:\/\/www.urbidermis.com\/de\/?s={search_term_string}"},"query-input":"required name=search_term_string"}],"inLanguage":"de-DE"},{"@type":"Organization","@id":"https:\/\/www.urbidermis.com\/de\/#organization","name":"Urbidermis","url":"https:\/\/www.urbidermis.com\/de\/","logo":{"@type":"ImageObject","inLanguage":"de-DE","@id":"https:\/\/www.urbidermis.com\/de\/#\/schema\/logo\/image\/","url":"https:\/\/www.urbidermis.com\/wp-content\/uploads\/logo_urbdermis-1.png","contentUrl":"https:\/\/www.urbidermis.com\/wp-content\/uploads\/logo_urbdermis-1.png","width":601,"height":1033,"caption":"Urbidermis"},"image":{"@id":"https:\/\/www.urbidermis.com\/de\/#\/schema\/logo\/image\/"}}]}},"_links":{"self":[{"href":"https:\/\/www.urbidermis.com\/de\/wp-json\/wp\/v2\/product\/22595"}],"collection":[{"href":"https:\/\/www.urbidermis.com\/de\/wp-json\/wp\/v2\/product"}],"about":[{"href":"https:\/\/www.urbidermis.com\/de\/wp-json\/wp\/v2\/types\/product"}],"acf:post":[{"embeddable":true,"href":"https:\/\/www.urbidermis.com\/de\/wp-json\/wp\/v2\/autores\/10233"}],"wp:featuredmedia":[{"embeddable":true,"href":"https:\/\/www.urbidermis.com\/de\/wp-json\/wp\/v2\/media\/21364"}],"wp:attachment":[{"href":"https:\/\/www.urbidermis.com\/de\/wp-json\/wp\/v2\/media?parent=22595"}],"wp:term":[{"taxonomy":"product_cat","embeddable":true,"href":"https:\/\/www.urbidermis.com\/de\/wp-json\/wp\/v2\/product_cat?post=22595"},{"taxonomy":"product_tag","embeddable":true,"href":"https:\/\/www.urbidermis.com\/de\/wp-json\/wp\/v2\/product_tag?post=22595"}],"curies":[{"name":"wp","href":"https:\/\/api.w.org\/{rel}","templated":true}]}}