


{"id":24379,"date":"2024-07-11T12:52:47","date_gmt":"2024-07-11T13:36:26","guid":{"rendered":"https:\/\/www.urbidermis.com\/?post_type=product&#038;p=24379"},"modified":"2024-07-11T15:36:26","modified_gmt":"2024-07-11T13:36:26","slug":"lo-esencial-el-diseno-y-otras-cosas-de-la-vida","status":"publish","type":"product","link":"https:\/\/www.urbidermis.com\/de\/buchen-sie\/lo-esencial-el-diseno-y-otras-cosas-de-la-vida\/","title":{"rendered":"Lo esencial. El dise\u00f1o y otras cosas de la vida"},"content":{"rendered":"","protected":false},"excerpt":{"rendered":"","protected":false},"featured_media":24373,"template":"","meta":{"_acf_changed":false,"inline_featured_image":false},"product_cat":[1408],"product_tag":[],"acf":{"activador_seccion_impacto_acvs_secctions_acvs":false,"texto_enlace_amplifyapp":"","codigos_acvs_matching_row-leds":null,"activator_acf_option_madera_text":false,"texto_bajo_btn_certificados":"","check_para_validar_no_secc_aplication":false,"is_protocolo_y_control_generic":false,"is_producto_residencial_para_mostrar_info_diferente":false,"is_plano_de_cotas_validator":false,"galeria_multidimension_imagenes_plano_de_cotas_proyector":null,"premios_producto_repeater":null,"participantes":"","autores":"","ano_creacion_producto":"2019","validacion_producto_descarga":true,"galeria_imagenes_repeater_libro":[{"imagen_item_gal":"[link_wp_dam_url ids=\"14654\"]","activar_video_item_gal":false,"portada_video_item_gal":null,"video_en_horizonal_item_gal":false,"video_item_gal":false},{"imagen_item_gal":"[link_wp_dam_url ids=\"14655\"]","activar_video_item_gal":false,"portada_video_item_gal":null,"video_en_horizonal_item_gal":false,"video_item_gal":false},{"imagen_item_gal":"[link_wp_dam_url ids=\"14656\"]","activar_video_item_gal":false,"portada_video_item_gal":null,"video_en_horizonal_item_gal":false,"video_item_gal":false},{"imagen_item_gal":"[link_wp_dam_url ids=\"14657\"]","activar_video_item_gal":false,"portada_video_item_gal":null,"video_en_horizonal_item_gal":false,"video_item_gal":false},{"imagen_item_gal":"[link_wp_dam_url ids=\"14658\"]","activar_video_item_gal":false,"portada_video_item_gal":null,"video_en_horizonal_item_gal":false,"video_item_gal":false}],"secciones_producto":null,"dist_simetrica":"","dist_asimetrica":"","dist_indirecta":"","dist_suelo":"","control":"","certificados":"","nombre_arbol_entre_comillas":"","nombre_solo_plantas_field":"","isbn_campo_texto":"978-84-264-0565-4","autor_book_publicacion_producto":"Miguel Mil\u00e1","idioma_campo_texto":"Spanisch","enquadernacion_campo_texto":"Kartoniert, 18,2 cm x 23,7 cm \/ 7.17\u2033 x 9.33\u2033","_numero_de_paginas_campo_texto":"220","pdf_asociado_producto":"","resumen_libro":"Seine Lampen, seine St\u00fchle aus Schilfrohr und seine ikonischen B\u00e4nke in Barcelona sind Teil unseres Kollektivged\u00e4chtnisses. Sein Werk ist aber viel weitreichender, stets auf die menschlichen Bed\u00fcrfnisse bedacht, mit einem tiefen Sinn f\u00fcr Funktion und \u00c4sthetik. Miguel Mil\u00e1 war auch Umweltsch\u00fctzer avant la lettre sowie Verfechter des \u201eWesentlichen\u201c und der \u201eEmotion\u201c als entscheidende Begriffe im Design.\r\n\r\nManche B\u00fccher haben sein Werk analysiert, und ebenso wurde ein bedeutender Dokumentarfilm gedreht, doch bisher gab es noch keinen \u201eMil\u00e1 von Mil\u00e1\u201c. In Lo esencial spricht Mil\u00e1 \u00fcber sich selbst, sein Werk, seine Grunds\u00e4tze und seine Gedanken, aber auch \u00fcber seine (mit der Geschichte Barcelonas stark verbundene) Familie, sein eigenes Leben und die Erziehung seiner Kinder.\r\n\r\nEs ist kein Buch f\u00fcr Designer bzw. nur f\u00fcr Designer. Die praktischen Tipps dieses preisgekr\u00f6nten K\u00fcnstlers, laut Eigendefinition \u201eErfinder und Bastler\u201c, helfen uns, unsere pers\u00f6nliche Welt darzustellen, uns von sch\u00f6nen, n\u00fctzlichen Gegenst\u00e4nden zu umgeben (\u201eEine Lampe ist viel l\u00e4nger ausgeschaltet als eingeschaltet\u201c, erl\u00e4utert Mil\u00e1), Abartigkeiten des Designs (wie etwa eckige Waschbecken und Teller) auszumachen, das wahrlich Wichtige zu erkennen (\u201eEinfaches ist schwer zu erreichen\u201c) und mit den Elementen und der Natur sowie auch mit den Mitmenschen, angefangen mit der eigenen Familie (\u201esei n\u00fctzlich und sie werden dich benutzen\u201c) im Einklang zu leben.\r\n\r\n<em>Lo esencial<\/em> ist der theoretische und vitale Nachlass eines von Spaniens besten Designern, dessen Werk die Definition des Klassikers best\u00e4tigt: das, was nicht verbessert werden kann.","text_content_family_basic_information":"","text_content_family_basic_number_width":"","text_content_family_basic_number_height":"","text_content_planting_density":"","flowers_option_colours":[],"flowers_option_season":[],"properties_option_pruning":[],"properties_option_watering":[],"properties_option_sun_exposure":[],"properties_option_minimum_temp":"","properties_option_soil_type":[],"properties_option_fire":[],"properties_option_heat":[],"properties_option_moisture":[],"properties_option_dryness":[],"properties_option_coastal_area":[],"texto_introduccion_landing_custom":"","enlace_descubre_mas_custom":null,"selecciona_tipo_de_imagen_custom":[],"imagen_vertical_custom":"","imagen_horizontal_custom":"","opciones_de_texto_1":true,"opciones_de_texto_2":"","opciones_de_texto_3":[]},"yoast_head":"<!-- This site is optimized with the Yoast SEO plugin v22.8 - https:\/\/yoast.com\/wordpress\/plugins\/seo\/ -->\n<title>Lo esencial. El dise\u00f1o y otras cosas de la vida - Urbidermis<\/title>\n<meta name=\"robots\" content=\"index, follow, max-snippet:-1, max-image-preview:large, max-video-preview:-1\" \/>\n<link rel=\"canonical\" href=\"https:\/\/www.urbidermis.com\/de\/buchen-sie\/lo-esencial-el-diseno-y-otras-cosas-de-la-vida\/\" \/>\n<meta property=\"og:locale\" content=\"de_DE\" \/>\n<meta property=\"og:type\" content=\"article\" \/>\n<meta property=\"og:title\" content=\"Lo esencial. El dise\u00f1o y otras cosas de la vida - Urbidermis\" \/>\n<meta property=\"og:url\" content=\"https:\/\/www.urbidermis.com\/de\/buchen-sie\/lo-esencial-el-diseno-y-otras-cosas-de-la-vida\/\" \/>\n<meta property=\"og:site_name\" content=\"Urbidermis\" \/>\n<meta property=\"og:image\" content=\"https:\/\/www.urbidermis.com\/wp-content\/uploads\/Portada_Miguel-Mila.-Lo-esencial-1.jpg\" \/>\n\t<meta property=\"og:image:width\" content=\"1600\" \/>\n\t<meta property=\"og:image:height\" content=\"2400\" \/>\n\t<meta property=\"og:image:type\" content=\"image\/jpeg\" \/>\n<meta name=\"twitter:card\" content=\"summary_large_image\" \/>\n<script type=\"application\/ld+json\" class=\"yoast-schema-graph\">{\"@context\":\"https:\/\/schema.org\",\"@graph\":[{\"@type\":\"WebPage\",\"@id\":\"https:\/\/www.urbidermis.com\/de\/buchen-sie\/lo-esencial-el-diseno-y-otras-cosas-de-la-vida\/\",\"url\":\"https:\/\/www.urbidermis.com\/de\/buchen-sie\/lo-esencial-el-diseno-y-otras-cosas-de-la-vida\/\",\"name\":\"Lo esencial. El dise\u00f1o y otras cosas de la vida - Urbidermis\",\"isPartOf\":{\"@id\":\"https:\/\/www.urbidermis.com\/de\/#website\"},\"primaryImageOfPage\":{\"@id\":\"https:\/\/www.urbidermis.com\/de\/buchen-sie\/lo-esencial-el-diseno-y-otras-cosas-de-la-vida\/#primaryimage\"},\"image\":{\"@id\":\"https:\/\/www.urbidermis.com\/de\/buchen-sie\/lo-esencial-el-diseno-y-otras-cosas-de-la-vida\/#primaryimage\"},\"thumbnailUrl\":\"https:\/\/www.urbidermis.com\/wp-content\/uploads\/Portada_Miguel-Mila.-Lo-esencial-1.jpg\",\"datePublished\":\"2024-07-11T13:36:26+00:00\",\"dateModified\":\"2024-07-11T13:36:26+00:00\",\"breadcrumb\":{\"@id\":\"https:\/\/www.urbidermis.com\/de\/buchen-sie\/lo-esencial-el-diseno-y-otras-cosas-de-la-vida\/#breadcrumb\"},\"inLanguage\":\"de-DE\",\"potentialAction\":[{\"@type\":\"ReadAction\",\"target\":[\"https:\/\/www.urbidermis.com\/de\/buchen-sie\/lo-esencial-el-diseno-y-otras-cosas-de-la-vida\/\"]}]},{\"@type\":\"ImageObject\",\"inLanguage\":\"de-DE\",\"@id\":\"https:\/\/www.urbidermis.com\/de\/buchen-sie\/lo-esencial-el-diseno-y-otras-cosas-de-la-vida\/#primaryimage\",\"url\":\"https:\/\/www.urbidermis.com\/wp-content\/uploads\/Portada_Miguel-Mila.-Lo-esencial-1.jpg\",\"contentUrl\":\"https:\/\/www.urbidermis.com\/wp-content\/uploads\/Portada_Miguel-Mila.-Lo-esencial-1.jpg\",\"width\":1600,\"height\":2400},{\"@type\":\"BreadcrumbList\",\"@id\":\"https:\/\/www.urbidermis.com\/de\/buchen-sie\/lo-esencial-el-diseno-y-otras-cosas-de-la-vida\/#breadcrumb\",\"itemListElement\":[{\"@type\":\"ListItem\",\"position\":1,\"name\":\"Home\",\"item\":\"https:\/\/www.urbidermis.com\/de\/\"},{\"@type\":\"ListItem\",\"position\":2,\"name\":\"Produkte\",\"item\":\"https:\/\/www.urbidermis.com\/de\/produkte\/\"},{\"@type\":\"ListItem\",\"position\":3,\"name\":\"Lo esencial. El dise\u00f1o y otras cosas de la vida\"}]},{\"@type\":\"WebSite\",\"@id\":\"https:\/\/www.urbidermis.com\/de\/#website\",\"url\":\"https:\/\/www.urbidermis.com\/de\/\",\"name\":\"Urbidermis\",\"description\":\"Especialistas en la ciudad\",\"publisher\":{\"@id\":\"https:\/\/www.urbidermis.com\/de\/#organization\"},\"potentialAction\":[{\"@type\":\"SearchAction\",\"target\":{\"@type\":\"EntryPoint\",\"urlTemplate\":\"https:\/\/www.urbidermis.com\/de\/?s={search_term_string}\"},\"query-input\":\"required name=search_term_string\"}],\"inLanguage\":\"de-DE\"},{\"@type\":\"Organization\",\"@id\":\"https:\/\/www.urbidermis.com\/de\/#organization\",\"name\":\"Urbidermis\",\"url\":\"https:\/\/www.urbidermis.com\/de\/\",\"logo\":{\"@type\":\"ImageObject\",\"inLanguage\":\"de-DE\",\"@id\":\"https:\/\/www.urbidermis.com\/de\/#\/schema\/logo\/image\/\",\"url\":\"https:\/\/www.urbidermis.com\/wp-content\/uploads\/logo_urbdermis-1.png\",\"contentUrl\":\"https:\/\/www.urbidermis.com\/wp-content\/uploads\/logo_urbdermis-1.png\",\"width\":601,\"height\":1033,\"caption\":\"Urbidermis\"},\"image\":{\"@id\":\"https:\/\/www.urbidermis.com\/de\/#\/schema\/logo\/image\/\"}}]}<\/script>\n<!-- \/ Yoast SEO plugin. -->","yoast_head_json":{"title":"Lo esencial. El dise\u00f1o y otras cosas de la vida - Urbidermis","robots":{"index":"index","follow":"follow","max-snippet":"max-snippet:-1","max-image-preview":"max-image-preview:large","max-video-preview":"max-video-preview:-1"},"canonical":"https:\/\/www.urbidermis.com\/de\/buchen-sie\/lo-esencial-el-diseno-y-otras-cosas-de-la-vida\/","og_locale":"de_DE","og_type":"article","og_title":"Lo esencial. El dise\u00f1o y otras cosas de la vida - Urbidermis","og_url":"https:\/\/www.urbidermis.com\/de\/buchen-sie\/lo-esencial-el-diseno-y-otras-cosas-de-la-vida\/","og_site_name":"Urbidermis","og_image":[{"width":1600,"height":2400,"url":"https:\/\/www.urbidermis.com\/wp-content\/uploads\/Portada_Miguel-Mila.-Lo-esencial-1.jpg","type":"image\/jpeg"}],"twitter_card":"summary_large_image","schema":{"@context":"https:\/\/schema.org","@graph":[{"@type":"WebPage","@id":"https:\/\/www.urbidermis.com\/de\/buchen-sie\/lo-esencial-el-diseno-y-otras-cosas-de-la-vida\/","url":"https:\/\/www.urbidermis.com\/de\/buchen-sie\/lo-esencial-el-diseno-y-otras-cosas-de-la-vida\/","name":"Lo esencial. El dise\u00f1o y otras cosas de la vida - Urbidermis","isPartOf":{"@id":"https:\/\/www.urbidermis.com\/de\/#website"},"primaryImageOfPage":{"@id":"https:\/\/www.urbidermis.com\/de\/buchen-sie\/lo-esencial-el-diseno-y-otras-cosas-de-la-vida\/#primaryimage"},"image":{"@id":"https:\/\/www.urbidermis.com\/de\/buchen-sie\/lo-esencial-el-diseno-y-otras-cosas-de-la-vida\/#primaryimage"},"thumbnailUrl":"https:\/\/www.urbidermis.com\/wp-content\/uploads\/Portada_Miguel-Mila.-Lo-esencial-1.jpg","datePublished":"2024-07-11T13:36:26+00:00","dateModified":"2024-07-11T13:36:26+00:00","breadcrumb":{"@id":"https:\/\/www.urbidermis.com\/de\/buchen-sie\/lo-esencial-el-diseno-y-otras-cosas-de-la-vida\/#breadcrumb"},"inLanguage":"de-DE","potentialAction":[{"@type":"ReadAction","target":["https:\/\/www.urbidermis.com\/de\/buchen-sie\/lo-esencial-el-diseno-y-otras-cosas-de-la-vida\/"]}]},{"@type":"ImageObject","inLanguage":"de-DE","@id":"https:\/\/www.urbidermis.com\/de\/buchen-sie\/lo-esencial-el-diseno-y-otras-cosas-de-la-vida\/#primaryimage","url":"https:\/\/www.urbidermis.com\/wp-content\/uploads\/Portada_Miguel-Mila.-Lo-esencial-1.jpg","contentUrl":"https:\/\/www.urbidermis.com\/wp-content\/uploads\/Portada_Miguel-Mila.-Lo-esencial-1.jpg","width":1600,"height":2400},{"@type":"BreadcrumbList","@id":"https:\/\/www.urbidermis.com\/de\/buchen-sie\/lo-esencial-el-diseno-y-otras-cosas-de-la-vida\/#breadcrumb","itemListElement":[{"@type":"ListItem","position":1,"name":"Home","item":"https:\/\/www.urbidermis.com\/de\/"},{"@type":"ListItem","position":2,"name":"Produkte","item":"https:\/\/www.urbidermis.com\/de\/produkte\/"},{"@type":"ListItem","position":3,"name":"Lo esencial. El dise\u00f1o y otras cosas de la vida"}]},{"@type":"WebSite","@id":"https:\/\/www.urbidermis.com\/de\/#website","url":"https:\/\/www.urbidermis.com\/de\/","name":"Urbidermis","description":"Especialistas en la ciudad","publisher":{"@id":"https:\/\/www.urbidermis.com\/de\/#organization"},"potentialAction":[{"@type":"SearchAction","target":{"@type":"EntryPoint","urlTemplate":"https:\/\/www.urbidermis.com\/de\/?s={search_term_string}"},"query-input":"required name=search_term_string"}],"inLanguage":"de-DE"},{"@type":"Organization","@id":"https:\/\/www.urbidermis.com\/de\/#organization","name":"Urbidermis","url":"https:\/\/www.urbidermis.com\/de\/","logo":{"@type":"ImageObject","inLanguage":"de-DE","@id":"https:\/\/www.urbidermis.com\/de\/#\/schema\/logo\/image\/","url":"https:\/\/www.urbidermis.com\/wp-content\/uploads\/logo_urbdermis-1.png","contentUrl":"https:\/\/www.urbidermis.com\/wp-content\/uploads\/logo_urbdermis-1.png","width":601,"height":1033,"caption":"Urbidermis"},"image":{"@id":"https:\/\/www.urbidermis.com\/de\/#\/schema\/logo\/image\/"}}]}},"_links":{"self":[{"href":"https:\/\/www.urbidermis.com\/de\/wp-json\/wp\/v2\/product\/24379"}],"collection":[{"href":"https:\/\/www.urbidermis.com\/de\/wp-json\/wp\/v2\/product"}],"about":[{"href":"https:\/\/www.urbidermis.com\/de\/wp-json\/wp\/v2\/types\/product"}],"wp:featuredmedia":[{"embeddable":true,"href":"https:\/\/www.urbidermis.com\/de\/wp-json\/wp\/v2\/media\/24373"}],"wp:attachment":[{"href":"https:\/\/www.urbidermis.com\/de\/wp-json\/wp\/v2\/media?parent=24379"}],"wp:term":[{"taxonomy":"product_cat","embeddable":true,"href":"https:\/\/www.urbidermis.com\/de\/wp-json\/wp\/v2\/product_cat?post=24379"},{"taxonomy":"product_tag","embeddable":true,"href":"https:\/\/www.urbidermis.com\/de\/wp-json\/wp\/v2\/product_tag?post=24379"}],"curies":[{"name":"wp","href":"https:\/\/api.w.org\/{rel}","templated":true}]}}