


{"id":24395,"date":"2024-07-11T15:44:58","date_gmt":"2024-07-11T14:06:40","guid":{"rendered":"https:\/\/www.urbidermis.com\/?post_type=product&#038;p=24395"},"modified":"2024-07-11T16:06:40","modified_gmt":"2024-07-11T14:06:40","slug":"miguel-mila-a-life-in-design","status":"publish","type":"product","link":"https:\/\/www.urbidermis.com\/de\/buchen-sie\/miguel-mila-a-life-in-design\/","title":{"rendered":"Miguel Mil\u00e1: A Life in Design"},"content":{"rendered":"","protected":false},"excerpt":{"rendered":"","protected":false},"featured_media":24391,"template":"","meta":{"_acf_changed":false,"inline_featured_image":false},"product_cat":[1408],"product_tag":[],"acf":{"activador_seccion_impacto_acvs_secctions_acvs":false,"texto_enlace_amplifyapp":"","codigos_acvs_matching_row-leds":null,"activator_acf_option_madera_text":false,"texto_bajo_btn_certificados":"","check_para_validar_no_secc_aplication":false,"is_protocolo_y_control_generic":false,"is_producto_residencial_para_mostrar_info_diferente":false,"is_plano_de_cotas_validator":false,"galeria_multidimension_imagenes_plano_de_cotas_proyector":null,"premios_producto_repeater":null,"participantes":"","autores":"","ano_creacion_producto":"2022","validacion_producto_descarga":true,"galeria_imagenes_repeater_libro":[{"imagen_item_gal":"[link_wp_dam_url ids=\"14660\"]","activar_video_item_gal":false,"portada_video_item_gal":null,"video_en_horizonal_item_gal":false,"video_item_gal":false},{"imagen_item_gal":"[link_wp_dam_url ids=\"14661\"]","activar_video_item_gal":false,"portada_video_item_gal":null,"video_en_horizonal_item_gal":false,"video_item_gal":false},{"imagen_item_gal":"[link_wp_dam_url ids=\"14662\"]","activar_video_item_gal":false,"portada_video_item_gal":null,"video_en_horizonal_item_gal":false,"video_item_gal":false},{"imagen_item_gal":"[link_wp_dam_url ids=\"14663\"]","activar_video_item_gal":false,"portada_video_item_gal":null,"video_en_horizonal_item_gal":false,"video_item_gal":false},{"imagen_item_gal":"[link_wp_dam_url ids=\"14664\"]","activar_video_item_gal":false,"portada_video_item_gal":null,"video_en_horizonal_item_gal":false,"video_item_gal":false},{"imagen_item_gal":"[link_wp_dam_url ids=\"14665\"]","activar_video_item_gal":false,"portada_video_item_gal":null,"video_en_horizonal_item_gal":false,"video_item_gal":false},{"imagen_item_gal":"[link_wp_dam_url ids=\"14666\"]","activar_video_item_gal":false,"portada_video_item_gal":null,"video_en_horizonal_item_gal":false,"video_item_gal":false}],"secciones_producto":null,"dist_simetrica":"","dist_asimetrica":"","dist_indirecta":"","dist_suelo":"","control":"","certificados":"","nombre_arbol_entre_comillas":"","nombre_solo_plantas_field":"","isbn_campo_texto":"978-84-09-41339-3","autor_book_publicacion_producto":"Kiko Gaspar","idioma_campo_texto":"Englisch","enquadernacion_campo_texto":"Kartoniert, 29,5 cm x 24 cm \/ 11.61\u2033 x 9.45\u2033","_numero_de_paginas_campo_texto":"160","pdf_asociado_producto":"","resumen_libro":"Miguel Mil\u00e1 gilt als einer der ersten und einflussreichsten spanischen Industriedesigner. Ausgehend von seiner T\u00e4tigkeit als Innenarchitekt innerhalb der ersten modernen Bewegung des Landes stellte Mil\u00e1 die Gegenst\u00e4nde her, die er ben\u00f6tigte, aber nicht auf dem Markt fand. Mit rohen, erneuerbaren Materialien entwarf er von Hand Prototypen, die er gelegentlich weiterentwickelte, um seine bereits ikonische Beleuchtungs- und M\u00f6belkollektion zu vervollst\u00e4ndigen.\r\n\r\n<em>Miguel Mil\u00e1: A Life in Design<\/em> ist ein eingehender \u00dcberblick \u00fcber seine bedeutendsten Werke, die zwischen 1956 und 2021 entstanden, begleitet von Archivfotos und -zeichnungen sowie Originalfotos von Nacho Alegre von Mil\u00e1s Wohnung in Barcelona. Die Einleitung stammt vom prominenten englischen Designer Jasper Morrison, w\u00e4hrend die Erzeugnisse vom Design-Spezialisten Kiko Gaspar Quevedo katalogisiert und beschrieben werden, der auch einen biografischen Text \u00fcber das Leben von Miguel Mil\u00e1, seine Karriere und die davon abgeleiteten Prinzipien beigesteuert hat.","text_content_family_basic_information":"","text_content_family_basic_number_width":"","text_content_family_basic_number_height":"","text_content_planting_density":"","flowers_option_colours":[],"flowers_option_season":[],"properties_option_pruning":[],"properties_option_watering":[],"properties_option_sun_exposure":[],"properties_option_minimum_temp":"","properties_option_soil_type":[],"properties_option_fire":[],"properties_option_heat":[],"properties_option_moisture":[],"properties_option_dryness":[],"properties_option_coastal_area":[],"texto_introduccion_landing_custom":"","enlace_descubre_mas_custom":null,"selecciona_tipo_de_imagen_custom":[],"imagen_vertical_custom":"","imagen_horizontal_custom":"","opciones_de_texto_1":true,"opciones_de_texto_2":"","opciones_de_texto_3":[]},"yoast_head":"<!-- This site is optimized with the Yoast SEO plugin v22.8 - https:\/\/yoast.com\/wordpress\/plugins\/seo\/ -->\n<title>Miguel Mil\u00e1: A Life in Design - Urbidermis<\/title>\n<meta name=\"robots\" content=\"index, follow, max-snippet:-1, max-image-preview:large, max-video-preview:-1\" \/>\n<link rel=\"canonical\" href=\"https:\/\/www.urbidermis.com\/de\/buchen-sie\/miguel-mila-a-life-in-design\/\" \/>\n<meta property=\"og:locale\" content=\"de_DE\" \/>\n<meta property=\"og:type\" content=\"article\" \/>\n<meta property=\"og:title\" content=\"Miguel Mil\u00e1: A Life in Design - Urbidermis\" \/>\n<meta property=\"og:url\" content=\"https:\/\/www.urbidermis.com\/de\/buchen-sie\/miguel-mila-a-life-in-design\/\" \/>\n<meta property=\"og:site_name\" content=\"Urbidermis\" \/>\n<meta property=\"og:image\" content=\"https:\/\/www.urbidermis.com\/wp-content\/uploads\/Portada_Miguel-Mila.-A-Life-in-Design-1.jpg\" \/>\n\t<meta property=\"og:image:width\" content=\"1600\" \/>\n\t<meta property=\"og:image:height\" content=\"2400\" \/>\n\t<meta property=\"og:image:type\" content=\"image\/jpeg\" \/>\n<meta name=\"twitter:card\" content=\"summary_large_image\" \/>\n<script type=\"application\/ld+json\" class=\"yoast-schema-graph\">{\"@context\":\"https:\/\/schema.org\",\"@graph\":[{\"@type\":\"WebPage\",\"@id\":\"https:\/\/www.urbidermis.com\/de\/buchen-sie\/miguel-mila-a-life-in-design\/\",\"url\":\"https:\/\/www.urbidermis.com\/de\/buchen-sie\/miguel-mila-a-life-in-design\/\",\"name\":\"Miguel Mil\u00e1: A Life in Design - Urbidermis\",\"isPartOf\":{\"@id\":\"https:\/\/www.urbidermis.com\/de\/#website\"},\"primaryImageOfPage\":{\"@id\":\"https:\/\/www.urbidermis.com\/de\/buchen-sie\/miguel-mila-a-life-in-design\/#primaryimage\"},\"image\":{\"@id\":\"https:\/\/www.urbidermis.com\/de\/buchen-sie\/miguel-mila-a-life-in-design\/#primaryimage\"},\"thumbnailUrl\":\"https:\/\/www.urbidermis.com\/wp-content\/uploads\/Portada_Miguel-Mila.-A-Life-in-Design-1.jpg\",\"datePublished\":\"2024-07-11T14:06:40+00:00\",\"dateModified\":\"2024-07-11T14:06:40+00:00\",\"breadcrumb\":{\"@id\":\"https:\/\/www.urbidermis.com\/de\/buchen-sie\/miguel-mila-a-life-in-design\/#breadcrumb\"},\"inLanguage\":\"de-DE\",\"potentialAction\":[{\"@type\":\"ReadAction\",\"target\":[\"https:\/\/www.urbidermis.com\/de\/buchen-sie\/miguel-mila-a-life-in-design\/\"]}]},{\"@type\":\"ImageObject\",\"inLanguage\":\"de-DE\",\"@id\":\"https:\/\/www.urbidermis.com\/de\/buchen-sie\/miguel-mila-a-life-in-design\/#primaryimage\",\"url\":\"https:\/\/www.urbidermis.com\/wp-content\/uploads\/Portada_Miguel-Mila.-A-Life-in-Design-1.jpg\",\"contentUrl\":\"https:\/\/www.urbidermis.com\/wp-content\/uploads\/Portada_Miguel-Mila.-A-Life-in-Design-1.jpg\",\"width\":1600,\"height\":2400},{\"@type\":\"BreadcrumbList\",\"@id\":\"https:\/\/www.urbidermis.com\/de\/buchen-sie\/miguel-mila-a-life-in-design\/#breadcrumb\",\"itemListElement\":[{\"@type\":\"ListItem\",\"position\":1,\"name\":\"Home\",\"item\":\"https:\/\/www.urbidermis.com\/de\/\"},{\"@type\":\"ListItem\",\"position\":2,\"name\":\"Produkte\",\"item\":\"https:\/\/www.urbidermis.com\/de\/produkte\/\"},{\"@type\":\"ListItem\",\"position\":3,\"name\":\"Miguel Mil\u00e1: A Life in Design\"}]},{\"@type\":\"WebSite\",\"@id\":\"https:\/\/www.urbidermis.com\/de\/#website\",\"url\":\"https:\/\/www.urbidermis.com\/de\/\",\"name\":\"Urbidermis\",\"description\":\"Especialistas en la ciudad\",\"publisher\":{\"@id\":\"https:\/\/www.urbidermis.com\/de\/#organization\"},\"potentialAction\":[{\"@type\":\"SearchAction\",\"target\":{\"@type\":\"EntryPoint\",\"urlTemplate\":\"https:\/\/www.urbidermis.com\/de\/?s={search_term_string}\"},\"query-input\":\"required name=search_term_string\"}],\"inLanguage\":\"de-DE\"},{\"@type\":\"Organization\",\"@id\":\"https:\/\/www.urbidermis.com\/de\/#organization\",\"name\":\"Urbidermis\",\"url\":\"https:\/\/www.urbidermis.com\/de\/\",\"logo\":{\"@type\":\"ImageObject\",\"inLanguage\":\"de-DE\",\"@id\":\"https:\/\/www.urbidermis.com\/de\/#\/schema\/logo\/image\/\",\"url\":\"https:\/\/www.urbidermis.com\/wp-content\/uploads\/logo_urbdermis-1.png\",\"contentUrl\":\"https:\/\/www.urbidermis.com\/wp-content\/uploads\/logo_urbdermis-1.png\",\"width\":601,\"height\":1033,\"caption\":\"Urbidermis\"},\"image\":{\"@id\":\"https:\/\/www.urbidermis.com\/de\/#\/schema\/logo\/image\/\"}}]}<\/script>\n<!-- \/ Yoast SEO plugin. -->","yoast_head_json":{"title":"Miguel Mil\u00e1: A Life in Design - Urbidermis","robots":{"index":"index","follow":"follow","max-snippet":"max-snippet:-1","max-image-preview":"max-image-preview:large","max-video-preview":"max-video-preview:-1"},"canonical":"https:\/\/www.urbidermis.com\/de\/buchen-sie\/miguel-mila-a-life-in-design\/","og_locale":"de_DE","og_type":"article","og_title":"Miguel Mil\u00e1: A Life in Design - Urbidermis","og_url":"https:\/\/www.urbidermis.com\/de\/buchen-sie\/miguel-mila-a-life-in-design\/","og_site_name":"Urbidermis","og_image":[{"width":1600,"height":2400,"url":"https:\/\/www.urbidermis.com\/wp-content\/uploads\/Portada_Miguel-Mila.-A-Life-in-Design-1.jpg","type":"image\/jpeg"}],"twitter_card":"summary_large_image","schema":{"@context":"https:\/\/schema.org","@graph":[{"@type":"WebPage","@id":"https:\/\/www.urbidermis.com\/de\/buchen-sie\/miguel-mila-a-life-in-design\/","url":"https:\/\/www.urbidermis.com\/de\/buchen-sie\/miguel-mila-a-life-in-design\/","name":"Miguel Mil\u00e1: A Life in Design - Urbidermis","isPartOf":{"@id":"https:\/\/www.urbidermis.com\/de\/#website"},"primaryImageOfPage":{"@id":"https:\/\/www.urbidermis.com\/de\/buchen-sie\/miguel-mila-a-life-in-design\/#primaryimage"},"image":{"@id":"https:\/\/www.urbidermis.com\/de\/buchen-sie\/miguel-mila-a-life-in-design\/#primaryimage"},"thumbnailUrl":"https:\/\/www.urbidermis.com\/wp-content\/uploads\/Portada_Miguel-Mila.-A-Life-in-Design-1.jpg","datePublished":"2024-07-11T14:06:40+00:00","dateModified":"2024-07-11T14:06:40+00:00","breadcrumb":{"@id":"https:\/\/www.urbidermis.com\/de\/buchen-sie\/miguel-mila-a-life-in-design\/#breadcrumb"},"inLanguage":"de-DE","potentialAction":[{"@type":"ReadAction","target":["https:\/\/www.urbidermis.com\/de\/buchen-sie\/miguel-mila-a-life-in-design\/"]}]},{"@type":"ImageObject","inLanguage":"de-DE","@id":"https:\/\/www.urbidermis.com\/de\/buchen-sie\/miguel-mila-a-life-in-design\/#primaryimage","url":"https:\/\/www.urbidermis.com\/wp-content\/uploads\/Portada_Miguel-Mila.-A-Life-in-Design-1.jpg","contentUrl":"https:\/\/www.urbidermis.com\/wp-content\/uploads\/Portada_Miguel-Mila.-A-Life-in-Design-1.jpg","width":1600,"height":2400},{"@type":"BreadcrumbList","@id":"https:\/\/www.urbidermis.com\/de\/buchen-sie\/miguel-mila-a-life-in-design\/#breadcrumb","itemListElement":[{"@type":"ListItem","position":1,"name":"Home","item":"https:\/\/www.urbidermis.com\/de\/"},{"@type":"ListItem","position":2,"name":"Produkte","item":"https:\/\/www.urbidermis.com\/de\/produkte\/"},{"@type":"ListItem","position":3,"name":"Miguel Mil\u00e1: A Life in Design"}]},{"@type":"WebSite","@id":"https:\/\/www.urbidermis.com\/de\/#website","url":"https:\/\/www.urbidermis.com\/de\/","name":"Urbidermis","description":"Especialistas en la ciudad","publisher":{"@id":"https:\/\/www.urbidermis.com\/de\/#organization"},"potentialAction":[{"@type":"SearchAction","target":{"@type":"EntryPoint","urlTemplate":"https:\/\/www.urbidermis.com\/de\/?s={search_term_string}"},"query-input":"required name=search_term_string"}],"inLanguage":"de-DE"},{"@type":"Organization","@id":"https:\/\/www.urbidermis.com\/de\/#organization","name":"Urbidermis","url":"https:\/\/www.urbidermis.com\/de\/","logo":{"@type":"ImageObject","inLanguage":"de-DE","@id":"https:\/\/www.urbidermis.com\/de\/#\/schema\/logo\/image\/","url":"https:\/\/www.urbidermis.com\/wp-content\/uploads\/logo_urbdermis-1.png","contentUrl":"https:\/\/www.urbidermis.com\/wp-content\/uploads\/logo_urbdermis-1.png","width":601,"height":1033,"caption":"Urbidermis"},"image":{"@id":"https:\/\/www.urbidermis.com\/de\/#\/schema\/logo\/image\/"}}]}},"_links":{"self":[{"href":"https:\/\/www.urbidermis.com\/de\/wp-json\/wp\/v2\/product\/24395"}],"collection":[{"href":"https:\/\/www.urbidermis.com\/de\/wp-json\/wp\/v2\/product"}],"about":[{"href":"https:\/\/www.urbidermis.com\/de\/wp-json\/wp\/v2\/types\/product"}],"wp:featuredmedia":[{"embeddable":true,"href":"https:\/\/www.urbidermis.com\/de\/wp-json\/wp\/v2\/media\/24391"}],"wp:attachment":[{"href":"https:\/\/www.urbidermis.com\/de\/wp-json\/wp\/v2\/media?parent=24395"}],"wp:term":[{"taxonomy":"product_cat","embeddable":true,"href":"https:\/\/www.urbidermis.com\/de\/wp-json\/wp\/v2\/product_cat?post=24395"},{"taxonomy":"product_tag","embeddable":true,"href":"https:\/\/www.urbidermis.com\/de\/wp-json\/wp\/v2\/product_tag?post=24395"}],"curies":[{"name":"wp","href":"https:\/\/api.w.org\/{rel}","templated":true}]}}