


{"id":26757,"date":"2025-05-15T13:07:48","date_gmt":"2025-05-15T15:20:11","guid":{"rendered":"https:\/\/www.urbidermis.com\/?post_type=product&#038;p=26757"},"modified":"2025-10-31T12:03:12","modified_gmt":"2025-10-31T10:03:12","slug":"solana","status":"publish","type":"product","link":"https:\/\/www.urbidermis.com\/de\/stadtmobiliar\/solana\/","title":{"rendered":"Solana"},"content":{"rendered":"","protected":false},"excerpt":{"rendered":"<p>Solana ist ein intelligenter Pflanzk\u00fcbel, der urbane R\u00e4ume in gr\u00fcne Lebensr\u00e4ume verwandelt. Er reduziert den Wasserverbrauch und den Wartungsaufwand und tr\u00e4gt so zu einer nachhaltigeren Stadtgestaltung bei.<\/p>\n","protected":false},"featured_media":26740,"template":"","meta":{"_acf_changed":false,"inline_featured_image":false},"product_cat":[221,213],"product_tag":[],"acf":{"activador_seccion_impacto_acvs_secctions_acvs":false,"texto_enlace_amplifyapp":"","codigos_acvs_matching_row-leds":null,"activator_acf_option_madera_text":false,"texto_bajo_btn_certificados":"","check_para_validar_no_secc_aplication":false,"is_protocolo_y_control_generic":false,"is_producto_residencial_para_mostrar_info_diferente":false,"is_plano_de_cotas_validator":true,"galeria_multidimension_imagenes_plano_de_cotas_proyector":[{"texto_pestana_plano_galeria":"Pflanzenk\u00fcbel","imagen_plano_de_cotas":"[link_wp_dam_url ids=\"18196\"]"}],"premios_producto_repeater":null,"participantes":"","autores":[10233],"ano_creacion_producto":"2023","validacion_producto_descarga":true,"galeria_imagenes_repeater_libro":[{"imagen_item_gal":"[link_wp_dam_url ids=\"18190\"]","activar_video_item_gal":false,"portada_video_item_gal":null,"video_en_horizonal_item_gal":false,"video_item_gal":false},{"imagen_item_gal":"[link_wp_dam_url ids=\"18193\"]","activar_video_item_gal":false,"portada_video_item_gal":null,"video_en_horizonal_item_gal":false,"video_item_gal":false},{"imagen_item_gal":"","activar_video_item_gal":true,"portada_video_item_gal":"","video_en_horizonal_item_gal":false,"video_item_gal":"1127474745"},{"imagen_item_gal":"[link_wp_dam_url ids=\"18203\"]","activar_video_item_gal":false,"portada_video_item_gal":null,"video_en_horizonal_item_gal":false,"video_item_gal":false},{"imagen_item_gal":"[link_wp_dam_url ids=\"18518\"]","activar_video_item_gal":false,"portada_video_item_gal":null,"video_en_horizonal_item_gal":false,"video_item_gal":false},{"imagen_item_gal":"[link_wp_dam_url ids=\"18519\"]","activar_video_item_gal":false,"portada_video_item_gal":null,"video_en_horizonal_item_gal":false,"video_item_gal":"1090126581"}],"secciones_producto":[{"acf_fc_layout":"seccion_navtabs_imagen_dinamica","title_group":{"title_tag":"h2","title_txt":"Technologie zur Transformation der st\u00e4dtischen Raumverwaltung"},"texto_intro_principal":true,"texto_introductorio":"Solana ist mehr als nur ein Pflanzk\u00fcbel \u2013 es ist ein modulares System, das sich an jede st\u00e4dtische Dimension anpassen l\u00e4sst. Mehrere miteinander verbundene Pflanzk\u00fcbel bilden eine vernetzte gr\u00fcne Infrastruktur, die Wartung erleichtert, Ressourcen optimiert und die Stadtplanung verbessert. So werden Stra\u00dfen, Pl\u00e4tze und \u00f6ffentliche R\u00e4ume in nachhaltige, intelligente \u00d6kosysteme verwandelt.","ventanas_detalles_producto":[{"title_group_producto_grid_single":{"title_tag":"h2","title_txt":"Funktionen"},"imagen_de_fondo_dinamic_single_producto":"","texto_contenido_ventana":true,"contenido_tabs_producto":"Der Pflanzk\u00fcbel ist darauf ausgelegt, Wartungskosten zu senken, Ressourcen zu optimieren und die \u00dcberwachung \u00fcber jedes Ger\u00e4t mit der Urbidata-App zu erm\u00f6glichen.","acordion":true,"preguntas_y_respuestas":[{"pregunta":"Konfiguration","respuesta":"<ul>\r\n \t<li>Automatische Bew\u00e4sserung.<\/li>\r\n \t<li>\u00dcberlebensbew\u00e4sserung.<\/li>\r\n \t<li>Ohne Bew\u00e4sserung.<\/li>\r\n<\/ul>"},{"pregunta":"\u00dcberwachung","respuesta":"<ul>\r\n \t<li>Temperatur und Feuchtigkeit des Substrats.<\/li>\r\n \t<li>Erkennung des Wasserstands im Tank.<\/li>\r\n \t<li>Erkennung von St\u00f6\u00dfen und Bewegungen.<\/li>\r\n \t<li>Erkennung von Wartungszug\u00e4ngen.<\/li>\r\n \t<li>Analyse des Batteriezustands.\r\nWettervorhersage.<\/li>\r\n<\/ul>"},{"pregunta":"Benachrichtigungen","respuesta":"Push-, E-Mail-, WhatsApp- oder SMS-Meldungen zu:\r\n<ul>\r\n \t<li>Bew\u00e4sserung<\/li>\r\n \t<li>Tank<\/li>\r\n \t<li>St\u00f6\u00dfen<\/li>\r\n \t<li>Zug\u00e4ngen<\/li>\r\n \t<li>St\u00f6rungen<\/li>\r\n<\/ul>"}],"cuadricula_de_colores":false,"componentes_producto":null,"descargables":false,"tipo_datasheet":"simple","datasheet":null,"datasheet_multiple":null,"tipo_instrucciones":"simple","instructions":null,"instructions_multiple":null,"drawings_ce":null,"2d_cad":null,"3d_cad":null,"revit":null,"ldt_photometric_files":null,"ies_photometric_files":null,"validador_detalles_producto":false,"tipo_especificacion":""},{"title_group_producto_grid_single":{"title_tag":"h2","title_txt":"Technologie"},"imagen_de_fondo_dinamic_single_producto":"","texto_contenido_ventana":true,"contenido_tabs_producto":"Sein intelligentes System kombiniert Sensoren, Konnektivit\u00e4t und lokale Algorithmen, die autonom arbeiten, um das Wohlbefinden der Pflanzen mit minimalem menschlichem Aufwand sicherzustellen.","acordion":true,"preguntas_y_respuestas":[{"pregunta":"Kommunikation","respuesta":"<ul>\r\n \t<li>WiFi, LoRa, Mobilfunk \u2013 4G LTE \u2013, GNSS und Bluetooth.<\/li>\r\n \t<li>OTA-Firmware-Aktualisierung.<\/li>\r\n<\/ul>"},{"pregunta":"Hardware","respuesta":"<ul>\r\n \t<li>Feuchtigkeits- und Temperatursensor.<\/li>\r\n \t<li>Selbstansaugende 12V-Pumpe.<\/li>\r\n \t<li>Dreiachsiger Beschleunigungssensor.<\/li>\r\n \t<li>12Ah-Batterie.<\/li>\r\n \t<li>Monokristallines Photovoltaikmodul.<\/li>\r\n \t<li>\u00b7 Nennleistung: 20 Wp<\/li>\r\n \t<li>\u00b7 Maximalspannung: 18 V<\/li>\r\n \t<li>\u00b7 Geh\u00e4rtetes Glas: 3,2 mm<\/li>\r\n \t<li>\u00b7 STC (Standard-Testbedingungen):<\/li>\r\n \t<li>1000 W\/m\u00b2 Bestrahlungsst\u00e4rke, Spektralverteilung AM 1,5, Temperatur 25 \u00b1 2 \u00b0C<\/li>\r\n \t<li>Edge-Computing-Einheit mit BMS und Kommunikation.<\/li>\r\n \t<li>\u00b7 Betriebstemperatur: +5 \/ +40 \u00b0C<\/li>\r\n \t<li>\u00b7 Gesch\u00e4tzter Energieverbrauch: Standby: 0,10 Wh; Verbunden: 1,25 Wh \/ 2,30 Wh; Betrieb: 14,60 Wh \/ 15,60 Wh<\/li>\r\n<\/ul>"},{"pregunta":"Software","respuesta":"<ul>\r\n \t<li>Programmierung des Edge-Agenten.<\/li>\r\n \t<li>API-Integration mit externen Systemen.<\/li>\r\n \t<li>Zugriff \u00fcber Computer, Tablet oder Mobilger\u00e4t.<\/li>\r\n<\/ul>"}],"cuadricula_de_colores":false,"componentes_producto":[{"nombre_componente":"","colores":["hpl_marron"]}],"descargables":false,"tipo_datasheet":"simple","datasheet":null,"datasheet_multiple":null,"tipo_instrucciones":"simple","instructions":null,"instructions_multiple":null,"drawings_ce":null,"2d_cad":null,"3d_cad":null,"revit":null,"ldt_photometric_files":null,"ies_photometric_files":null,"validador_detalles_producto":false,"tipo_especificacion":""},{"title_group_producto_grid_single":{"title_tag":"h2","title_txt":"Materialien"},"imagen_de_fondo_dinamic_single_producto":"","texto_contenido_ventana":true,"contenido_tabs_producto":"<ul>\r\n \t<li>Ku\u0308bel aus recyceltem, rotationsgeformtem PE.<\/li>\r\n \t<li>Au\u00dfenplatten aus kompakten Hochdrucklaminatstreifen (HPL).<\/li>\r\n \t<li>Obere Abdeckung aus rostfreiem Stahl AISI304 mit thermolackierter Oberfl\u00e4che.<\/li>\r\n \t<li>Tr\u00e4gerelemente aus feuerverzinktem Stahl.<\/li>\r\n \t<li>Bew\u00e4sserungssystem mit por\u00f6sem Schlauch durch Exsudation.<\/li>\r\n \t<li>Wasserdichtes Geh\u00e4use fu\u0308r Elektronik aus PP.<\/li>\r\n \t<li>Schrauben aus A2-Edelstahl.<\/li>\r\n<\/ul>","acordion":false,"preguntas_y_respuestas":[{"pregunta":"","respuesta":""},{"pregunta":"","respuesta":""},{"pregunta":"","respuesta":""}],"cuadricula_de_colores":false,"componentes_producto":[{"nombre_componente":"","colores":["hpl_marron"]}],"descargables":false,"tipo_datasheet":"simple","datasheet":null,"datasheet_multiple":null,"tipo_instrucciones":"simple","instructions":null,"instructions_multiple":null,"drawings_ce":null,"2d_cad":null,"3d_cad":null,"revit":null,"ldt_photometric_files":null,"ies_photometric_files":null,"validador_detalles_producto":false,"tipo_especificacion":""},{"title_group_producto_grid_single":{"title_tag":"h2","title_txt":"Ausf\u00fchrungen"},"imagen_de_fondo_dinamic_single_producto":"","texto_contenido_ventana":true,"contenido_tabs_producto":"Die angezeigten Farben dienen nur als Beispiel.\r\nAndere Farben auf Anfrage erh\u00e4ltlich.\r\nAusf\u00fchrungen f\u00fcr K\u00fcstenklima auf Anfrage.","acordion":false,"preguntas_y_respuestas":null,"cuadricula_de_colores":true,"componentes_producto":[{"nombre_componente":"","colores":["hpl_marron"]}],"descargables":false,"tipo_datasheet":"simple","datasheet":null,"datasheet_multiple":null,"tipo_instrucciones":"simple","instructions":null,"instructions_multiple":null,"drawings_ce":null,"2d_cad":null,"3d_cad":null,"revit":null,"ldt_photometric_files":null,"ies_photometric_files":null,"validador_detalles_producto":false,"tipo_especificacion":""},{"title_group_producto_grid_single":{"title_tag":"h2","title_txt":"H\u00f6henplan"},"imagen_de_fondo_dinamic_single_producto":"","texto_contenido_ventana":false,"contenido_tabs_producto":"","acordion":false,"preguntas_y_respuestas":null,"cuadricula_de_colores":false,"componentes_producto":null,"descargables":false,"tipo_datasheet":"simple","datasheet":null,"datasheet_multiple":null,"tipo_instrucciones":"simple","instructions":null,"instructions_multiple":null,"drawings_ce":null,"2d_cad":null,"3d_cad":null,"revit":null,"ldt_photometric_files":null,"ies_photometric_files":null,"validador_detalles_producto":false,"tipo_especificacion":""},{"title_group_producto_grid_single":{"title_tag":"h2","title_txt":"Installation"},"imagen_de_fondo_dinamic_single_producto":"","texto_contenido_ventana":true,"contenido_tabs_producto":"<ul>\r\n \t<li>Eine Verankerung am Stra\u00dfenbelag ist nicht erforderlich.<\/li>\r\n \t<li>Das Element wird montiert und verpackt geliefert.<\/li>\r\n \t<li>Die Batterie ist inbegriffen.<\/li>\r\n \t<li>Wahlweise kann auch der Anschluss an das Stromnetz gew\u00e4hlt werden.<\/li>\r\n \t<li>Inklusive Installations- und Montageanleitung.<\/li>\r\n<\/ul>","acordion":false,"preguntas_y_respuestas":null,"cuadricula_de_colores":false,"componentes_producto":null,"descargables":false,"tipo_datasheet":"simple","datasheet":null,"datasheet_multiple":null,"tipo_instrucciones":"simple","instructions":null,"instructions_multiple":null,"drawings_ce":null,"2d_cad":null,"3d_cad":null,"revit":null,"ldt_photometric_files":null,"ies_photometric_files":null,"validador_detalles_producto":false,"tipo_especificacion":"certificados"},{"title_group_producto_grid_single":{"title_tag":"h2","title_txt":"Wartung"},"imagen_de_fondo_dinamic_single_producto":"","texto_contenido_ventana":true,"contenido_tabs_producto":"<ul>\r\n \t<li>Tank mit einem Nutzinhalt von 100 l.<\/li>\r\n \t<li>Substratvolumen 0,24 m3.<\/li>\r\n \t<li>Beinhaltet ein IoT-System mit integrierten Sensoren, das mit einer cloudbasierten Verwaltungsplattform verbunden ist.<\/li>\r\n \t<li>Der Pflanzenku\u0308bel reguliert sich selbst nach dem Wasserbedarf der Pflanze und spart dadurch Wasser.<\/li>\r\n \t<li>Erfasst Verschiebungen, St\u00f6\u00dfe und Vandalismus.<\/li>\r\n \t<li>Keine Wartung n\u00f6tig. Einsatz der Urbidata-Plattform in der Cloud oder vor Ort.<\/li>\r\n<\/ul>","acordion":false,"preguntas_y_respuestas":null,"cuadricula_de_colores":false,"componentes_producto":null,"descargables":false,"tipo_datasheet":"simple","datasheet":null,"datasheet_multiple":null,"tipo_instrucciones":"simple","instructions":null,"instructions_multiple":null,"drawings_ce":null,"2d_cad":null,"3d_cad":null,"revit":null,"ldt_photometric_files":null,"ies_photometric_files":null,"validador_detalles_producto":false,"tipo_especificacion":"certificados"},{"title_group_producto_grid_single":{"title_tag":"h2","title_txt":"Zertifizierungen"},"imagen_de_fondo_dinamic_single_producto":"","texto_contenido_ventana":false,"contenido_tabs_producto":"","acordion":false,"preguntas_y_respuestas":[{"pregunta":"IoT-Funktionen","respuesta":"<strong>Methoden der Bew\u00e4sserung<\/strong>\r\n<ul>\r\n \t<li>Selbstverwaltung durch Sensoren.<\/li>\r\n \t<li>Im Kalender festgelegt.<\/li>\r\n \t<li>Erzwungene Fernbedienung.<\/li>\r\n<\/ul>\r\n<strong>\u00dcberwachung<\/strong>\r\n<ul>\r\n \t<li>Temperatur und Feuchtigkeit des Substrats.<\/li>\r\n \t<li>Sto\u00df- und Bewegungserkennung.<\/li>\r\n \t<li>Erkennung des Wasserstands im Tank.<\/li>\r\n \t<li>Schutz vor unbefugten Eingriffen in die Hardware.<\/li>\r\n \t<li>Wetterereignisse.<\/li>\r\n \t<li>Status des Akkus.<\/li>\r\n \t<li>Ortung.<\/li>\r\n<\/ul>"},{"pregunta":"Software","respuesta":"Urbidata, City operative system.\r\nAPI-Integration mit externen Diensten.\r\n\u00dcberwachung des Anlagenstatus in Echtzeit.\r\n\r\n<strong>Ortung\r\n<\/strong>Interaktive Karte zur Ortung und Fernverwaltung von IoT-Elementen.\r\n\r\n<strong>Analyse<\/strong>\r\nAuswertung und historische Einordnung der Daten:\r\n<ul>\r\n \t<li>Feuchtigkeit des Substrats<\/li>\r\n \t<li>Temperatur des Substrats<\/li>\r\n \t<li>Bew\u00e4sserung<\/li>\r\n \t<li>Fu\u0308llstand des Wassertanks<\/li>\r\n \t<li>Status des Akkus<\/li>\r\n<\/ul>\r\n<strong>Hinweise\r\n<\/strong>Fenster fu\u0308r die Verwaltung von Vorf\u00e4llen und Benachrichtigungen: Bew\u00e4sserung\r\n<ul>\r\n \t<li>Niedriger Fu\u0308llstand des Wassertanks<\/li>\r\n \t<li>Niedriger Akkustand<\/li>\r\n \t<li>Sto\u00df festgestellt<\/li>\r\n \t<li>Zugriff festgestellt<\/li>\r\n \t<li>Kommunikationsfehler<\/li>\r\n<\/ul>\r\nAutomatisierte Benachrichtigungen auf der Plattform und\/oder per E-Mail.\r\nVerwaltung von Admin- oder Benutzerprofilen sowie Rollenzuweisung. \u00dcberblick u\u0308ber den Status der digitalisierten Best\u00e4nde.\r\nDesktop, Tablet und mobile Version."}],"cuadricula_de_colores":false,"componentes_producto":null,"descargables":false,"tipo_datasheet":"simple","datasheet":null,"datasheet_multiple":null,"tipo_instrucciones":"simple","instructions":null,"instructions_multiple":null,"drawings_ce":null,"2d_cad":null,"3d_cad":null,"revit":null,"ldt_photometric_files":null,"ies_photometric_files":null,"validador_detalles_producto":true,"tipo_especificacion":"certificados"},{"title_group_producto_grid_single":{"title_tag":"h2","title_txt":"Gewicht"},"imagen_de_fondo_dinamic_single_producto":"","texto_contenido_ventana":true,"contenido_tabs_producto":"Pflanzenku\u0308bel (ohne Wasser, ohne Substrat):\r\n80\r\n\r\nPflanzenku\u0308bel (mit Wasser, mit Substrat):\r\n450\r\n\r\n*Gewicht ohne Verpackung (kg).","acordion":false,"preguntas_y_respuestas":[{"pregunta":"Kommunikation","respuesta":"WiFi, GSM\/GPRS, LoRA, Bluetooth.\r\nOTA Firmware-Update (au\u00dfer LoRa)."},{"pregunta":"Hardware","respuesta":"<ul>\r\n \t<li>3-poliger Temperatur- und Feuchtigkeitssensor<\/li>\r\n \t<li>12 Ah Akku und integriertes Lademodul<\/li>\r\n \t<li>12 V selbstansaugende Pumpe mit Thermoschutz<\/li>\r\n \t<li>Dreiachsiger Beschleunigungsmesser<\/li>\r\n \t<li>Urbidermis-Mikrocontroller mit 12V\/5V Stromversorgung<\/li>\r\n \t<li>Arbeitstemperatur: +5\/+40\u00ba C.<\/li>\r\n \t<li>Energieverbrauch (gesch\u00e4tzt):\r\n<ul>\r\n \t<li>Standby: 0,10Wh<\/li>\r\n \t<li>Angeschlossen: 1,25Wh \/ 2,30Wh<\/li>\r\n \t<li>Bew\u00e4sserung: 14,60Wh \/ 15,60Wh<\/li>\r\n<\/ul>\r\n<\/li>\r\n<\/ul>"},{"pregunta":"Fotovoltaikanlagen","respuesta":"Fotovoltaik-Panel mit monokristallinen Zellen.\r\n<ul>\r\n \t<li>Nominelles Potential: 20 Wp<\/li>\r\n \t<li>Maximale Spannung: 18 V<\/li>\r\n \t<li>Geh\u00e4rtetes Glas: 3,2 mm.<\/li>\r\n \t<li>Standard-Testbedingungen:\r\n1000 W\/m2 Strahlungsst\u00e4rke, spektrale Verteilung AM 1,5,\r\nTemperatur 25 \u00b12 \u00baC<\/li>\r\n<\/ul>"}],"cuadricula_de_colores":false,"componentes_producto":null,"descargables":false,"tipo_datasheet":"simple","datasheet":null,"datasheet_multiple":null,"tipo_instrucciones":"simple","instructions":null,"instructions_multiple":null,"drawings_ce":null,"2d_cad":null,"3d_cad":null,"revit":null,"ldt_photometric_files":null,"ies_photometric_files":null,"validador_detalles_producto":false,"tipo_especificacion":""}]},{"acf_fc_layout":"seccion_navtabs_imagen_dinamica","title_group":{"title_tag":"h2","title_txt":"Downloads"},"texto_intro_principal":false,"texto_introductorio":"","ventanas_detalles_producto":null},{"acf_fc_layout":"seccion_consulta_nuestros_expertos","imagen_de_fondo_single_producto":"[link_wp_dam_url ids=\"18188\" size=\"x2400\"]","imagen_de_fondo_single_producto_mobile":""}],"dist_simetrica":"","dist_asimetrica":"","dist_indirecta":"","dist_suelo":"","control":"","certificados":["ce","ip66","ik08"],"nombre_arbol_entre_comillas":"","nombre_solo_plantas_field":"","isbn_campo_texto":"","autor_book_publicacion_producto":"","idioma_campo_texto":"","enquadernacion_campo_texto":"","_numero_de_paginas_campo_texto":"","pdf_asociado_producto":"","resumen_libro":"","text_content_family_basic_information":"","text_content_family_basic_number_width":"","text_content_family_basic_number_height":"","text_content_planting_density":"","flowers_option_colours":"","flowers_option_season":"","properties_option_pruning":"","properties_option_watering":"","properties_option_sun_exposure":"","properties_option_minimum_temp":"","properties_option_soil_type":"","properties_option_fire":"","properties_option_heat":"","properties_option_moisture":"","properties_option_dryness":"","properties_option_coastal_area":"","texto_introduccion_landing_custom":"","enlace_descubre_mas_custom":"","selecciona_tipo_de_imagen_custom":"","imagen_vertical_custom":"","imagen_horizontal_custom":"","opciones_de_texto_1":true,"opciones_de_texto_2":"acabado_standar","opciones_de_texto_3":""},"yoast_head":"<!-- This site is optimized with the Yoast SEO plugin v22.8 - https:\/\/yoast.com\/wordpress\/plugins\/seo\/ -->\n<title>Solana - Urbidermis<\/title>\n<meta name=\"robots\" content=\"index, follow, max-snippet:-1, max-image-preview:large, max-video-preview:-1\" \/>\n<link rel=\"canonical\" href=\"https:\/\/www.urbidermis.com\/de\/stadtmobiliar\/solana\/\" \/>\n<meta property=\"og:locale\" content=\"de_DE\" \/>\n<meta property=\"og:type\" content=\"article\" \/>\n<meta property=\"og:title\" content=\"Solana - Urbidermis\" \/>\n<meta property=\"og:description\" content=\"Solana ist ein intelligenter Pflanzk\u00fcbel, der urbane R\u00e4ume in gr\u00fcne Lebensr\u00e4ume verwandelt. Er reduziert den Wasserverbrauch und den Wartungsaufwand und tr\u00e4gt so zu einer nachhaltigeren Stadtgestaltung bei.\" \/>\n<meta property=\"og:url\" content=\"https:\/\/www.urbidermis.com\/de\/stadtmobiliar\/solana\/\" \/>\n<meta property=\"og:site_name\" content=\"Urbidermis\" \/>\n<meta property=\"article:modified_time\" content=\"2025-10-31T10:03:12+00:00\" \/>\n<meta property=\"og:image\" content=\"https:\/\/www.urbidermis.com\/wp-content\/uploads\/20240117_Spain_Ullastret_SAJ_Laia_Sabate\u0301_04-scaled.jpg\" \/>\n\t<meta property=\"og:image:width\" content=\"1707\" \/>\n\t<meta property=\"og:image:height\" content=\"2560\" \/>\n\t<meta property=\"og:image:type\" content=\"image\/jpeg\" \/>\n<meta name=\"twitter:card\" content=\"summary_large_image\" \/>\n<script type=\"application\/ld+json\" class=\"yoast-schema-graph\">{\"@context\":\"https:\/\/schema.org\",\"@graph\":[{\"@type\":\"WebPage\",\"@id\":\"https:\/\/www.urbidermis.com\/de\/stadtmobiliar\/solana\/\",\"url\":\"https:\/\/www.urbidermis.com\/de\/stadtmobiliar\/solana\/\",\"name\":\"Solana - Urbidermis\",\"isPartOf\":{\"@id\":\"https:\/\/www.urbidermis.com\/de\/#website\"},\"primaryImageOfPage\":{\"@id\":\"https:\/\/www.urbidermis.com\/de\/stadtmobiliar\/solana\/#primaryimage\"},\"image\":{\"@id\":\"https:\/\/www.urbidermis.com\/de\/stadtmobiliar\/solana\/#primaryimage\"},\"thumbnailUrl\":\"https:\/\/www.urbidermis.com\/wp-content\/uploads\/20240117_Spain_Ullastret_SAJ_Laia_Sabate\u0301_04-scaled.jpg\",\"datePublished\":\"2025-05-15T15:20:11+00:00\",\"dateModified\":\"2025-10-31T10:03:12+00:00\",\"breadcrumb\":{\"@id\":\"https:\/\/www.urbidermis.com\/de\/stadtmobiliar\/solana\/#breadcrumb\"},\"inLanguage\":\"de-DE\",\"potentialAction\":[{\"@type\":\"ReadAction\",\"target\":[\"https:\/\/www.urbidermis.com\/de\/stadtmobiliar\/solana\/\"]}]},{\"@type\":\"ImageObject\",\"inLanguage\":\"de-DE\",\"@id\":\"https:\/\/www.urbidermis.com\/de\/stadtmobiliar\/solana\/#primaryimage\",\"url\":\"https:\/\/www.urbidermis.com\/wp-content\/uploads\/20240117_Spain_Ullastret_SAJ_Laia_Sabate\u0301_04-scaled.jpg\",\"contentUrl\":\"https:\/\/www.urbidermis.com\/wp-content\/uploads\/20240117_Spain_Ullastret_SAJ_Laia_Sabate\u0301_04-scaled.jpg\",\"width\":1707,\"height\":2560},{\"@type\":\"BreadcrumbList\",\"@id\":\"https:\/\/www.urbidermis.com\/de\/stadtmobiliar\/solana\/#breadcrumb\",\"itemListElement\":[{\"@type\":\"ListItem\",\"position\":1,\"name\":\"Home\",\"item\":\"https:\/\/www.urbidermis.com\/de\/\"},{\"@type\":\"ListItem\",\"position\":2,\"name\":\"Produkte\",\"item\":\"https:\/\/www.urbidermis.com\/de\/produkte\/\"},{\"@type\":\"ListItem\",\"position\":3,\"name\":\"Solana\"}]},{\"@type\":\"WebSite\",\"@id\":\"https:\/\/www.urbidermis.com\/de\/#website\",\"url\":\"https:\/\/www.urbidermis.com\/de\/\",\"name\":\"Urbidermis\",\"description\":\"Especialistas en la ciudad\",\"publisher\":{\"@id\":\"https:\/\/www.urbidermis.com\/de\/#organization\"},\"potentialAction\":[{\"@type\":\"SearchAction\",\"target\":{\"@type\":\"EntryPoint\",\"urlTemplate\":\"https:\/\/www.urbidermis.com\/de\/?s={search_term_string}\"},\"query-input\":\"required name=search_term_string\"}],\"inLanguage\":\"de-DE\"},{\"@type\":\"Organization\",\"@id\":\"https:\/\/www.urbidermis.com\/de\/#organization\",\"name\":\"Urbidermis\",\"url\":\"https:\/\/www.urbidermis.com\/de\/\",\"logo\":{\"@type\":\"ImageObject\",\"inLanguage\":\"de-DE\",\"@id\":\"https:\/\/www.urbidermis.com\/de\/#\/schema\/logo\/image\/\",\"url\":\"https:\/\/www.urbidermis.com\/wp-content\/uploads\/logo_urbdermis-1.png\",\"contentUrl\":\"https:\/\/www.urbidermis.com\/wp-content\/uploads\/logo_urbdermis-1.png\",\"width\":601,\"height\":1033,\"caption\":\"Urbidermis\"},\"image\":{\"@id\":\"https:\/\/www.urbidermis.com\/de\/#\/schema\/logo\/image\/\"}}]}<\/script>\n<!-- \/ Yoast SEO plugin. -->","yoast_head_json":{"title":"Solana - Urbidermis","robots":{"index":"index","follow":"follow","max-snippet":"max-snippet:-1","max-image-preview":"max-image-preview:large","max-video-preview":"max-video-preview:-1"},"canonical":"https:\/\/www.urbidermis.com\/de\/stadtmobiliar\/solana\/","og_locale":"de_DE","og_type":"article","og_title":"Solana - Urbidermis","og_description":"Solana ist ein intelligenter Pflanzk\u00fcbel, der urbane R\u00e4ume in gr\u00fcne Lebensr\u00e4ume verwandelt. Er reduziert den Wasserverbrauch und den Wartungsaufwand und tr\u00e4gt so zu einer nachhaltigeren Stadtgestaltung bei.","og_url":"https:\/\/www.urbidermis.com\/de\/stadtmobiliar\/solana\/","og_site_name":"Urbidermis","article_modified_time":"2025-10-31T10:03:12+00:00","og_image":[{"width":1707,"height":2560,"url":"https:\/\/www.urbidermis.com\/wp-content\/uploads\/20240117_Spain_Ullastret_SAJ_Laia_Sabate\u0301_04-scaled.jpg","type":"image\/jpeg"}],"twitter_card":"summary_large_image","schema":{"@context":"https:\/\/schema.org","@graph":[{"@type":"WebPage","@id":"https:\/\/www.urbidermis.com\/de\/stadtmobiliar\/solana\/","url":"https:\/\/www.urbidermis.com\/de\/stadtmobiliar\/solana\/","name":"Solana - Urbidermis","isPartOf":{"@id":"https:\/\/www.urbidermis.com\/de\/#website"},"primaryImageOfPage":{"@id":"https:\/\/www.urbidermis.com\/de\/stadtmobiliar\/solana\/#primaryimage"},"image":{"@id":"https:\/\/www.urbidermis.com\/de\/stadtmobiliar\/solana\/#primaryimage"},"thumbnailUrl":"https:\/\/www.urbidermis.com\/wp-content\/uploads\/20240117_Spain_Ullastret_SAJ_Laia_Sabate\u0301_04-scaled.jpg","datePublished":"2025-05-15T15:20:11+00:00","dateModified":"2025-10-31T10:03:12+00:00","breadcrumb":{"@id":"https:\/\/www.urbidermis.com\/de\/stadtmobiliar\/solana\/#breadcrumb"},"inLanguage":"de-DE","potentialAction":[{"@type":"ReadAction","target":["https:\/\/www.urbidermis.com\/de\/stadtmobiliar\/solana\/"]}]},{"@type":"ImageObject","inLanguage":"de-DE","@id":"https:\/\/www.urbidermis.com\/de\/stadtmobiliar\/solana\/#primaryimage","url":"https:\/\/www.urbidermis.com\/wp-content\/uploads\/20240117_Spain_Ullastret_SAJ_Laia_Sabate\u0301_04-scaled.jpg","contentUrl":"https:\/\/www.urbidermis.com\/wp-content\/uploads\/20240117_Spain_Ullastret_SAJ_Laia_Sabate\u0301_04-scaled.jpg","width":1707,"height":2560},{"@type":"BreadcrumbList","@id":"https:\/\/www.urbidermis.com\/de\/stadtmobiliar\/solana\/#breadcrumb","itemListElement":[{"@type":"ListItem","position":1,"name":"Home","item":"https:\/\/www.urbidermis.com\/de\/"},{"@type":"ListItem","position":2,"name":"Produkte","item":"https:\/\/www.urbidermis.com\/de\/produkte\/"},{"@type":"ListItem","position":3,"name":"Solana"}]},{"@type":"WebSite","@id":"https:\/\/www.urbidermis.com\/de\/#website","url":"https:\/\/www.urbidermis.com\/de\/","name":"Urbidermis","description":"Especialistas en la ciudad","publisher":{"@id":"https:\/\/www.urbidermis.com\/de\/#organization"},"potentialAction":[{"@type":"SearchAction","target":{"@type":"EntryPoint","urlTemplate":"https:\/\/www.urbidermis.com\/de\/?s={search_term_string}"},"query-input":"required name=search_term_string"}],"inLanguage":"de-DE"},{"@type":"Organization","@id":"https:\/\/www.urbidermis.com\/de\/#organization","name":"Urbidermis","url":"https:\/\/www.urbidermis.com\/de\/","logo":{"@type":"ImageObject","inLanguage":"de-DE","@id":"https:\/\/www.urbidermis.com\/de\/#\/schema\/logo\/image\/","url":"https:\/\/www.urbidermis.com\/wp-content\/uploads\/logo_urbdermis-1.png","contentUrl":"https:\/\/www.urbidermis.com\/wp-content\/uploads\/logo_urbdermis-1.png","width":601,"height":1033,"caption":"Urbidermis"},"image":{"@id":"https:\/\/www.urbidermis.com\/de\/#\/schema\/logo\/image\/"}}]}},"_links":{"self":[{"href":"https:\/\/www.urbidermis.com\/de\/wp-json\/wp\/v2\/product\/26757"}],"collection":[{"href":"https:\/\/www.urbidermis.com\/de\/wp-json\/wp\/v2\/product"}],"about":[{"href":"https:\/\/www.urbidermis.com\/de\/wp-json\/wp\/v2\/types\/product"}],"acf:post":[{"embeddable":true,"href":"https:\/\/www.urbidermis.com\/de\/wp-json\/wp\/v2\/autores\/10233"}],"wp:featuredmedia":[{"embeddable":true,"href":"https:\/\/www.urbidermis.com\/de\/wp-json\/wp\/v2\/media\/26740"}],"wp:attachment":[{"href":"https:\/\/www.urbidermis.com\/de\/wp-json\/wp\/v2\/media?parent=26757"}],"wp:term":[{"taxonomy":"product_cat","embeddable":true,"href":"https:\/\/www.urbidermis.com\/de\/wp-json\/wp\/v2\/product_cat?post=26757"},{"taxonomy":"product_tag","embeddable":true,"href":"https:\/\/www.urbidermis.com\/de\/wp-json\/wp\/v2\/product_tag?post=26757"}],"curies":[{"name":"wp","href":"https:\/\/api.w.org\/{rel}","templated":true}]}}