


{"id":26907,"date":"2025-05-30T10:30:30","date_gmt":"2025-05-30T08:30:30","guid":{"rendered":"https:\/\/www.urbidermis.com\/non%20class\u00e9\/eden\/"},"modified":"2025-09-04T10:36:24","modified_gmt":"2025-09-04T08:36:24","slug":"eden","status":"publish","type":"product","link":"https:\/\/www.urbidermis.com\/de\/stadtmobiliar\/eden\/","title":{"rendered":"Eden"},"content":{"rendered":"","protected":false},"excerpt":{"rendered":"<p>Die G\u00e4rten Eden wurden als ein perfekter Ort beschrieben, voller Sch\u00f6nheit, Frieden und F\u00fclle. Sie symbolisierten den urspr\u00fcnglichen Zustand von Unschuld und Harmonie. Dieses Ziel kann nun durch unser System von Pflanzgef\u00e4\u00dfen und Beeten, das Vegetation leicht in den Alltag integriert, in den \u00f6ffentlichen Raum gebracht werden.<\/p>\n","protected":false},"featured_media":26888,"template":"","meta":{"_acf_changed":false,"inline_featured_image":false},"product_cat":[221,213],"product_tag":[],"acf":{"activador_seccion_impacto_acvs_secctions_acvs":false,"texto_enlace_amplifyapp":"","codigos_acvs_matching_row-leds":null,"activator_acf_option_madera_text":false,"texto_bajo_btn_certificados":"","check_para_validar_no_secc_aplication":false,"is_protocolo_y_control_generic":false,"is_producto_residencial_para_mostrar_info_diferente":false,"is_plano_de_cotas_validator":true,"galeria_multidimension_imagenes_plano_de_cotas_proyector":[{"texto_pestana_plano_galeria":"Linearer Pflanzenku\u0308bel","imagen_plano_de_cotas":"[link_wp_dam_url ids=\"18309\"]"},{"texto_pestana_plano_galeria":"Blumenbeet","imagen_plano_de_cotas":"[link_wp_dam_url ids=\"18310\"]"}],"premios_producto_repeater":null,"participantes":"","autores":[10233],"ano_creacion_producto":"2023","validacion_producto_descarga":true,"galeria_imagenes_repeater_libro":[{"imagen_item_gal":"[link_wp_dam_url ids=\"18270\"]","activar_video_item_gal":false,"portada_video_item_gal":null,"video_en_horizonal_item_gal":false,"video_item_gal":false},{"imagen_item_gal":"[link_wp_dam_url ids=\"18287\"]","activar_video_item_gal":false,"portada_video_item_gal":null,"video_en_horizonal_item_gal":false,"video_item_gal":false},{"imagen_item_gal":"[link_wp_dam_url ids=\"18278\"]","activar_video_item_gal":false,"portada_video_item_gal":null,"video_en_horizonal_item_gal":false,"video_item_gal":false},{"imagen_item_gal":"[link_wp_dam_url ids=\"18297\"]","activar_video_item_gal":false,"portada_video_item_gal":null,"video_en_horizonal_item_gal":false,"video_item_gal":false},{"imagen_item_gal":"[link_wp_dam_url ids=\"18296\"]","activar_video_item_gal":false,"portada_video_item_gal":null,"video_en_horizonal_item_gal":false,"video_item_gal":false},{"imagen_item_gal":"[link_wp_dam_url ids=\"18281\"]","activar_video_item_gal":false,"portada_video_item_gal":null,"video_en_horizonal_item_gal":false,"video_item_gal":false},{"imagen_item_gal":"[link_wp_dam_url ids=\"18255\"]","activar_video_item_gal":false,"portada_video_item_gal":null,"video_en_horizonal_item_gal":false,"video_item_gal":false}],"secciones_producto":[{"acf_fc_layout":"seccion_navtabs_imagen_dinamica","title_group":{"title_tag":"h2","title_txt":"Unschuld und Harmonie f\u00fcr den urbanen Raum"},"texto_intro_principal":true,"texto_introductorio":"Robust und langlebig kombiniert das Eden-System pulverbeschichtetes Aluminium mit inneren Pflanzwannen, die die Gartenpflege erleichtern. Es kann f\u00fcr verschiedene Gr\u00f6\u00dfen und Funktionen konfiguriert werden und enth\u00e4lt eine Bank in der linearen Pflanzgef\u00e4\u00dfversion sowie Bank und Gel\u00e4nder im Beet integriert. Ein vielseitiges Angebot, das das Wohlbefinden der B\u00fcrger f\u00f6rdert.","ventanas_detalles_producto":[{"title_group_producto_grid_single":{"title_tag":"h2","title_txt":"Materialien"},"imagen_de_fondo_dinamic_single_producto":"","texto_contenido_ventana":true,"contenido_tabs_producto":"<strong>Linearer Pflanzenku\u0308bel:<\/strong>\r\n<ul>\r\n \t<li>Seitenw\u00e4nde aus stranggepresstem Aluminium 6063-T5 und Endkappen aus eloxiertem Aluminium mit Thermolackierung.<\/li>\r\n \t<li>Feuerverzinkter Stahlgitterrost S235JR, untere Auflage.<\/li>\r\n \t<li>Schalen aus Polypropylen PP.<\/li>\r\n \t<li>Schrauben aus A2-Edelstahl.<\/li>\r\n<\/ul>\r\n&nbsp;\r\n\r\n<strong>Blumenbeet:<\/strong>\r\n<ul>\r\n \t<li>Struktur aus eloxiertem, stranggepresstem Aluminium 6063-T5 mit Thermolackierung.<\/li>\r\n \t<li>Seitenteile aus eloxiertem, stranggepresstem Aluminium 6063-T5 mit Thermolackierung.<\/li>\r\n \t<li>Variante mit Bank aus Tropenholzlamellen mit FSC 100%-Zertifizierung.<\/li>\r\n \t<li>Schalen aus Polypropylen PP.<\/li>\r\n \t<li>Schrauben aus A2-Edelstahl.<\/li>\r\n<\/ul>","acordion":false,"preguntas_y_respuestas":null,"cuadricula_de_colores":false,"componentes_producto":null,"descargables":false,"tipo_datasheet":"simple","datasheet":null,"datasheet_multiple":null,"tipo_instrucciones":"simple","instructions":null,"instructions_multiple":null,"drawings_ce":null,"2d_cad":null,"3d_cad":null,"revit":null,"ldt_photometric_files":null,"ies_photometric_files":null,"validador_detalles_producto":false,"tipo_especificacion":""},{"title_group_producto_grid_single":{"title_tag":"h2","title_txt":"Ausf\u00fchrungen"},"imagen_de_fondo_dinamic_single_producto":"","texto_contenido_ventana":true,"contenido_tabs_producto":"Die angezeigten Farben dienen nur als Beispiel.\r\nAndere Farben auf Anfrage erh\u00e4ltlich.\r\nAusf\u00fchrungen f\u00fcr K\u00fcstenklima auf Anfrage.","acordion":false,"preguntas_y_respuestas":null,"cuadricula_de_colores":true,"componentes_producto":[{"nombre_componente":"","colores":["verde_ingles"]}],"descargables":false,"tipo_datasheet":"simple","datasheet":null,"datasheet_multiple":null,"tipo_instrucciones":"simple","instructions":null,"instructions_multiple":null,"drawings_ce":null,"2d_cad":null,"3d_cad":null,"revit":null,"ldt_photometric_files":null,"ies_photometric_files":null,"validador_detalles_producto":false,"tipo_especificacion":""},{"title_group_producto_grid_single":{"title_tag":"h2","title_txt":"H\u00f6henplan"},"imagen_de_fondo_dinamic_single_producto":"","texto_contenido_ventana":false,"contenido_tabs_producto":"","acordion":false,"preguntas_y_respuestas":null,"cuadricula_de_colores":false,"componentes_producto":null,"descargables":false,"tipo_datasheet":"simple","datasheet":null,"datasheet_multiple":null,"tipo_instrucciones":"simple","instructions":null,"instructions_multiple":null,"drawings_ce":null,"2d_cad":null,"3d_cad":null,"revit":null,"ldt_photometric_files":null,"ies_photometric_files":null,"validador_detalles_producto":false,"tipo_especificacion":""},{"title_group_producto_grid_single":{"title_tag":"h2","title_txt":"Installation"},"imagen_de_fondo_dinamic_single_producto":"","texto_contenido_ventana":true,"contenido_tabs_producto":"<ul>\r\n \t<li>Der lineare Pflanzk\u00fcbel muss nicht am Boden verankert werden, w\u00e4hrend das Blumenbeet verankert werden muss.<\/li>\r\n \t<li>Das Element wird in zerlegtem Zustand und verpackt geliefert.<\/li>\r\n \t<li>Inklusive Installations- und Montageanleitungen.<\/li>\r\n \t<li>Volumen des Substrats pro Ku\u0308vette: 0,06 m3.<\/li>\r\n<\/ul>","acordion":false,"preguntas_y_respuestas":null,"cuadricula_de_colores":false,"componentes_producto":null,"descargables":false,"tipo_datasheet":"simple","datasheet":null,"datasheet_multiple":null,"tipo_instrucciones":"simple","instructions":null,"instructions_multiple":null,"drawings_ce":null,"2d_cad":null,"3d_cad":null,"revit":null,"ldt_photometric_files":null,"ies_photometric_files":null,"validador_detalles_producto":false,"tipo_especificacion":""},{"title_group_producto_grid_single":{"title_tag":"h2","title_txt":"Wartung"},"imagen_de_fondo_dinamic_single_producto":"","texto_contenido_ventana":true,"contenido_tabs_producto":"<ul>\r\n \t<li>Keine Wartung n\u00f6tig.<\/li>\r\n \t<li>Mit pH-neutralen, alkoholfreien und nicht scheuernden Produkten reinigen.<\/li>\r\n<\/ul>","acordion":false,"preguntas_y_respuestas":null,"cuadricula_de_colores":false,"componentes_producto":null,"descargables":false,"tipo_datasheet":"simple","datasheet":null,"datasheet_multiple":null,"tipo_instrucciones":"simple","instructions":null,"instructions_multiple":null,"drawings_ce":null,"2d_cad":null,"3d_cad":null,"revit":null,"ldt_photometric_files":null,"ies_photometric_files":null,"validador_detalles_producto":false,"tipo_especificacion":""},{"title_group_producto_grid_single":{"title_tag":"h2","title_txt":"Zertifizierungen"},"imagen_de_fondo_dinamic_single_producto":"","texto_contenido_ventana":false,"contenido_tabs_producto":"","acordion":false,"preguntas_y_respuestas":null,"cuadricula_de_colores":false,"componentes_producto":null,"descargables":false,"tipo_datasheet":"simple","datasheet":null,"datasheet_multiple":null,"tipo_instrucciones":"simple","instructions":null,"instructions_multiple":null,"drawings_ce":null,"2d_cad":null,"3d_cad":null,"revit":null,"ldt_photometric_files":null,"ies_photometric_files":null,"validador_detalles_producto":true,"tipo_especificacion":"certificados"}]},{"acf_fc_layout":"seccion_navtabs_imagen_dinamica","title_group":{"title_tag":"h2","title_txt":"Typologie"},"texto_intro_principal":false,"texto_introductorio":"","ventanas_detalles_producto":[{"title_group_producto_grid_single":{"title_tag":"h2","title_txt":"Linearer Pflanzenku\u0308bel"},"imagen_de_fondo_dinamic_single_producto":"[link_wp_dam_url ids=\"18254\"]","texto_contenido_ventana":true,"contenido_tabs_producto":"Das Linearer Pflanzenku\u0308bel beherbergt Straucharten dort, wo ein Pflanzen in den Boden nicht m\u00f6glich ist. Sein design ohne Verankerung erlaubt eine weitreichende Anordnung auf st\u00e4dtischen Pflasterfl\u00e4chen und erleichtert die Schaffung kontinuierlicher, anpassbarer gr\u00fcner Kompositionen.","acordion":true,"preguntas_y_respuestas":[{"pregunta":"Gewicht","respuesta":"Linearer Pflanzenku\u0308bel mit 3 Beh\u00e4ltern (1.2 m): 31\r\n\r\nLinearer Pflanzenku\u0308bel mit 4 Beh\u00e4ltern (1.6 m): 40\r\n\r\nLinearer Pflanzenku\u0308bel mit 5 Beh\u00e4ltern (2.0 m): 48\r\n\r\n*Ungef\u00e4hres Gewicht ohne Verpackung, Baum, Pflanze oder Substrat (kg)"}],"cuadricula_de_colores":false,"componentes_producto":null,"descargables":false,"tipo_datasheet":"simple","datasheet":null,"datasheet_multiple":null,"tipo_instrucciones":"simple","instructions":null,"instructions_multiple":null,"drawings_ce":null,"2d_cad":null,"3d_cad":null,"revit":null,"ldt_photometric_files":null,"ies_photometric_files":null,"validador_detalles_producto":false,"tipo_especificacion":""},{"title_group_producto_grid_single":{"title_tag":"h2","title_txt":"Blumenbeet"},"imagen_de_fondo_dinamic_single_producto":"[link_wp_dam_url ids=\"18300\"]","texto_contenido_ventana":true,"contenido_tabs_producto":"Das Blumenbeet ist ein modulares, erh\u00f6htes System zur Aufnahme von Strauch- oder Krautvegetation, das zur Organisation, Abgrenzung und Bereicherung des \u00f6ffentlichen Raums konzipiert wurde. Seine Konfiguration erm\u00f6glicht die Integration von zus\u00e4tzlichen Elementen wie B\u00e4nken oder Gel\u00e4ndern und erweitert so seinen Nutzen \u00fcber die Begr\u00fcnung hinaus.","acordion":true,"preguntas_y_respuestas":[{"pregunta":"Gewicht","respuesta":"Einmoduliges Blumenbeet: 60\r\n\r\nEinmoduliges Blumenbeet mit Edelstahlgel\u00e4nder: 64\r\n\r\nEinmoduliges Blumenbeet mit FSC 100\u00a0%-Holzbank: 75\r\n\r\nDreimoduliges Blumenbeet: 146\r\n\r\nViermoduliges Blumenbeet: 173\r\n\r\n*Ungef\u00e4hres Gewicht ohne Verpackung, Baum, Pflanze oder Substrat (kg)"}],"cuadricula_de_colores":false,"componentes_producto":null,"descargables":false,"tipo_datasheet":"simple","datasheet":null,"datasheet_multiple":null,"tipo_instrucciones":"simple","instructions":null,"instructions_multiple":null,"drawings_ce":null,"2d_cad":null,"3d_cad":null,"revit":null,"ldt_photometric_files":null,"ies_photometric_files":null,"validador_detalles_producto":false,"tipo_especificacion":""}]},{"acf_fc_layout":"seccion_navtabs_imagen_dinamica","title_group":{"title_tag":"h2","title_txt":"Downloads"},"texto_intro_principal":false,"texto_introductorio":"","ventanas_detalles_producto":null},{"acf_fc_layout":"seccion_consulta_nuestros_expertos","imagen_de_fondo_single_producto":"[link_wp_dam_url ids=\"18279\" size=\"x2400\"]","imagen_de_fondo_single_producto_mobile":""}],"dist_simetrica":"","dist_asimetrica":"","dist_indirecta":"","dist_suelo":"","control":"","certificados":["ce"],"nombre_arbol_entre_comillas":"","nombre_solo_plantas_field":"","isbn_campo_texto":"","autor_book_publicacion_producto":"","idioma_campo_texto":"","enquadernacion_campo_texto":"","_numero_de_paginas_campo_texto":"","pdf_asociado_producto":"","resumen_libro":"","text_content_family_basic_information":"","text_content_family_basic_number_width":"","text_content_family_basic_number_height":"","text_content_planting_density":"","flowers_option_colours":"","flowers_option_season":"","properties_option_pruning":"","properties_option_watering":"","properties_option_sun_exposure":"","properties_option_minimum_temp":"","properties_option_soil_type":"","properties_option_fire":"","properties_option_heat":"","properties_option_moisture":"","properties_option_dryness":"","properties_option_coastal_area":"","texto_introduccion_landing_custom":"Entdecken Sie, wie Eden die Natur in die Stadt bringt","enlace_descubre_mas_custom":{"title":"Mehr erfahren","url":"https:\/\/www.urbidermis.com\/de\/nature-in-the-city\/","target":""},"selecciona_tipo_de_imagen_custom":["horizontal"],"imagen_vertical_custom":"","imagen_horizontal_custom":"[link_wp_dam ids=\"18454\" template=\"single-image\"]","opciones_de_texto_1":true,"opciones_de_texto_2":"","opciones_de_texto_3":[]},"yoast_head":"<!-- This site is optimized with the Yoast SEO plugin v22.8 - https:\/\/yoast.com\/wordpress\/plugins\/seo\/ -->\n<title>Eden - Urbidermis<\/title>\n<meta name=\"robots\" content=\"index, follow, max-snippet:-1, max-image-preview:large, max-video-preview:-1\" \/>\n<link rel=\"canonical\" href=\"https:\/\/www.urbidermis.com\/de\/stadtmobiliar\/eden\/\" \/>\n<meta property=\"og:locale\" content=\"de_DE\" \/>\n<meta property=\"og:type\" content=\"article\" \/>\n<meta property=\"og:title\" content=\"Eden - Urbidermis\" \/>\n<meta property=\"og:description\" content=\"Die G\u00e4rten Eden wurden als ein perfekter Ort beschrieben, voller Sch\u00f6nheit, Frieden und F\u00fclle. Sie symbolisierten den urspr\u00fcnglichen Zustand von Unschuld und Harmonie. Dieses Ziel kann nun durch unser System von Pflanzgef\u00e4\u00dfen und Beeten, das Vegetation leicht in den Alltag integriert, in den \u00f6ffentlichen Raum gebracht werden.\" \/>\n<meta property=\"og:url\" content=\"https:\/\/www.urbidermis.com\/de\/stadtmobiliar\/eden\/\" \/>\n<meta property=\"og:site_name\" content=\"Urbidermis\" \/>\n<meta property=\"article:modified_time\" content=\"2025-09-04T08:36:24+00:00\" \/>\n<meta property=\"og:image\" content=\"https:\/\/www.urbidermis.com\/wp-content\/uploads\/20231114_Spain_Barcelona_Belloch_EJL_Laia_Sabate\u0301_09-scaled.jpg\" \/>\n\t<meta property=\"og:image:width\" content=\"1707\" \/>\n\t<meta property=\"og:image:height\" content=\"2560\" \/>\n\t<meta property=\"og:image:type\" content=\"image\/jpeg\" \/>\n<meta name=\"twitter:card\" content=\"summary_large_image\" \/>\n<script type=\"application\/ld+json\" class=\"yoast-schema-graph\">{\"@context\":\"https:\/\/schema.org\",\"@graph\":[{\"@type\":\"WebPage\",\"@id\":\"https:\/\/www.urbidermis.com\/de\/stadtmobiliar\/eden\/\",\"url\":\"https:\/\/www.urbidermis.com\/de\/stadtmobiliar\/eden\/\",\"name\":\"Eden - Urbidermis\",\"isPartOf\":{\"@id\":\"https:\/\/www.urbidermis.com\/de\/#website\"},\"primaryImageOfPage\":{\"@id\":\"https:\/\/www.urbidermis.com\/de\/stadtmobiliar\/eden\/#primaryimage\"},\"image\":{\"@id\":\"https:\/\/www.urbidermis.com\/de\/stadtmobiliar\/eden\/#primaryimage\"},\"thumbnailUrl\":\"https:\/\/www.urbidermis.com\/wp-content\/uploads\/20231114_Spain_Barcelona_Belloch_EJL_Laia_Sabate\u0301_09-scaled.jpg\",\"datePublished\":\"2025-05-30T08:30:30+00:00\",\"dateModified\":\"2025-09-04T08:36:24+00:00\",\"breadcrumb\":{\"@id\":\"https:\/\/www.urbidermis.com\/de\/stadtmobiliar\/eden\/#breadcrumb\"},\"inLanguage\":\"de-DE\",\"potentialAction\":[{\"@type\":\"ReadAction\",\"target\":[\"https:\/\/www.urbidermis.com\/de\/stadtmobiliar\/eden\/\"]}]},{\"@type\":\"ImageObject\",\"inLanguage\":\"de-DE\",\"@id\":\"https:\/\/www.urbidermis.com\/de\/stadtmobiliar\/eden\/#primaryimage\",\"url\":\"https:\/\/www.urbidermis.com\/wp-content\/uploads\/20231114_Spain_Barcelona_Belloch_EJL_Laia_Sabate\u0301_09-scaled.jpg\",\"contentUrl\":\"https:\/\/www.urbidermis.com\/wp-content\/uploads\/20231114_Spain_Barcelona_Belloch_EJL_Laia_Sabate\u0301_09-scaled.jpg\",\"width\":1707,\"height\":2560},{\"@type\":\"BreadcrumbList\",\"@id\":\"https:\/\/www.urbidermis.com\/de\/stadtmobiliar\/eden\/#breadcrumb\",\"itemListElement\":[{\"@type\":\"ListItem\",\"position\":1,\"name\":\"Home\",\"item\":\"https:\/\/www.urbidermis.com\/de\/\"},{\"@type\":\"ListItem\",\"position\":2,\"name\":\"Produkte\",\"item\":\"https:\/\/www.urbidermis.com\/de\/produkte\/\"},{\"@type\":\"ListItem\",\"position\":3,\"name\":\"Eden\"}]},{\"@type\":\"WebSite\",\"@id\":\"https:\/\/www.urbidermis.com\/de\/#website\",\"url\":\"https:\/\/www.urbidermis.com\/de\/\",\"name\":\"Urbidermis\",\"description\":\"Especialistas en la ciudad\",\"publisher\":{\"@id\":\"https:\/\/www.urbidermis.com\/de\/#organization\"},\"potentialAction\":[{\"@type\":\"SearchAction\",\"target\":{\"@type\":\"EntryPoint\",\"urlTemplate\":\"https:\/\/www.urbidermis.com\/de\/?s={search_term_string}\"},\"query-input\":\"required name=search_term_string\"}],\"inLanguage\":\"de-DE\"},{\"@type\":\"Organization\",\"@id\":\"https:\/\/www.urbidermis.com\/de\/#organization\",\"name\":\"Urbidermis\",\"url\":\"https:\/\/www.urbidermis.com\/de\/\",\"logo\":{\"@type\":\"ImageObject\",\"inLanguage\":\"de-DE\",\"@id\":\"https:\/\/www.urbidermis.com\/de\/#\/schema\/logo\/image\/\",\"url\":\"https:\/\/www.urbidermis.com\/wp-content\/uploads\/logo_urbdermis-1.png\",\"contentUrl\":\"https:\/\/www.urbidermis.com\/wp-content\/uploads\/logo_urbdermis-1.png\",\"width\":601,\"height\":1033,\"caption\":\"Urbidermis\"},\"image\":{\"@id\":\"https:\/\/www.urbidermis.com\/de\/#\/schema\/logo\/image\/\"}}]}<\/script>\n<!-- \/ Yoast SEO plugin. -->","yoast_head_json":{"title":"Eden - Urbidermis","robots":{"index":"index","follow":"follow","max-snippet":"max-snippet:-1","max-image-preview":"max-image-preview:large","max-video-preview":"max-video-preview:-1"},"canonical":"https:\/\/www.urbidermis.com\/de\/stadtmobiliar\/eden\/","og_locale":"de_DE","og_type":"article","og_title":"Eden - Urbidermis","og_description":"Die G\u00e4rten Eden wurden als ein perfekter Ort beschrieben, voller Sch\u00f6nheit, Frieden und F\u00fclle. Sie symbolisierten den urspr\u00fcnglichen Zustand von Unschuld und Harmonie. Dieses Ziel kann nun durch unser System von Pflanzgef\u00e4\u00dfen und Beeten, das Vegetation leicht in den Alltag integriert, in den \u00f6ffentlichen Raum gebracht werden.","og_url":"https:\/\/www.urbidermis.com\/de\/stadtmobiliar\/eden\/","og_site_name":"Urbidermis","article_modified_time":"2025-09-04T08:36:24+00:00","og_image":[{"width":1707,"height":2560,"url":"https:\/\/www.urbidermis.com\/wp-content\/uploads\/20231114_Spain_Barcelona_Belloch_EJL_Laia_Sabate\u0301_09-scaled.jpg","type":"image\/jpeg"}],"twitter_card":"summary_large_image","schema":{"@context":"https:\/\/schema.org","@graph":[{"@type":"WebPage","@id":"https:\/\/www.urbidermis.com\/de\/stadtmobiliar\/eden\/","url":"https:\/\/www.urbidermis.com\/de\/stadtmobiliar\/eden\/","name":"Eden - Urbidermis","isPartOf":{"@id":"https:\/\/www.urbidermis.com\/de\/#website"},"primaryImageOfPage":{"@id":"https:\/\/www.urbidermis.com\/de\/stadtmobiliar\/eden\/#primaryimage"},"image":{"@id":"https:\/\/www.urbidermis.com\/de\/stadtmobiliar\/eden\/#primaryimage"},"thumbnailUrl":"https:\/\/www.urbidermis.com\/wp-content\/uploads\/20231114_Spain_Barcelona_Belloch_EJL_Laia_Sabate\u0301_09-scaled.jpg","datePublished":"2025-05-30T08:30:30+00:00","dateModified":"2025-09-04T08:36:24+00:00","breadcrumb":{"@id":"https:\/\/www.urbidermis.com\/de\/stadtmobiliar\/eden\/#breadcrumb"},"inLanguage":"de-DE","potentialAction":[{"@type":"ReadAction","target":["https:\/\/www.urbidermis.com\/de\/stadtmobiliar\/eden\/"]}]},{"@type":"ImageObject","inLanguage":"de-DE","@id":"https:\/\/www.urbidermis.com\/de\/stadtmobiliar\/eden\/#primaryimage","url":"https:\/\/www.urbidermis.com\/wp-content\/uploads\/20231114_Spain_Barcelona_Belloch_EJL_Laia_Sabate\u0301_09-scaled.jpg","contentUrl":"https:\/\/www.urbidermis.com\/wp-content\/uploads\/20231114_Spain_Barcelona_Belloch_EJL_Laia_Sabate\u0301_09-scaled.jpg","width":1707,"height":2560},{"@type":"BreadcrumbList","@id":"https:\/\/www.urbidermis.com\/de\/stadtmobiliar\/eden\/#breadcrumb","itemListElement":[{"@type":"ListItem","position":1,"name":"Home","item":"https:\/\/www.urbidermis.com\/de\/"},{"@type":"ListItem","position":2,"name":"Produkte","item":"https:\/\/www.urbidermis.com\/de\/produkte\/"},{"@type":"ListItem","position":3,"name":"Eden"}]},{"@type":"WebSite","@id":"https:\/\/www.urbidermis.com\/de\/#website","url":"https:\/\/www.urbidermis.com\/de\/","name":"Urbidermis","description":"Especialistas en la ciudad","publisher":{"@id":"https:\/\/www.urbidermis.com\/de\/#organization"},"potentialAction":[{"@type":"SearchAction","target":{"@type":"EntryPoint","urlTemplate":"https:\/\/www.urbidermis.com\/de\/?s={search_term_string}"},"query-input":"required name=search_term_string"}],"inLanguage":"de-DE"},{"@type":"Organization","@id":"https:\/\/www.urbidermis.com\/de\/#organization","name":"Urbidermis","url":"https:\/\/www.urbidermis.com\/de\/","logo":{"@type":"ImageObject","inLanguage":"de-DE","@id":"https:\/\/www.urbidermis.com\/de\/#\/schema\/logo\/image\/","url":"https:\/\/www.urbidermis.com\/wp-content\/uploads\/logo_urbdermis-1.png","contentUrl":"https:\/\/www.urbidermis.com\/wp-content\/uploads\/logo_urbdermis-1.png","width":601,"height":1033,"caption":"Urbidermis"},"image":{"@id":"https:\/\/www.urbidermis.com\/de\/#\/schema\/logo\/image\/"}}]}},"_links":{"self":[{"href":"https:\/\/www.urbidermis.com\/de\/wp-json\/wp\/v2\/product\/26907"}],"collection":[{"href":"https:\/\/www.urbidermis.com\/de\/wp-json\/wp\/v2\/product"}],"about":[{"href":"https:\/\/www.urbidermis.com\/de\/wp-json\/wp\/v2\/types\/product"}],"acf:post":[{"embeddable":true,"href":"https:\/\/www.urbidermis.com\/de\/wp-json\/wp\/v2\/autores\/10233"}],"wp:featuredmedia":[{"embeddable":true,"href":"https:\/\/www.urbidermis.com\/de\/wp-json\/wp\/v2\/media\/26888"}],"wp:attachment":[{"href":"https:\/\/www.urbidermis.com\/de\/wp-json\/wp\/v2\/media?parent=26907"}],"wp:term":[{"taxonomy":"product_cat","embeddable":true,"href":"https:\/\/www.urbidermis.com\/de\/wp-json\/wp\/v2\/product_cat?post=26907"},{"taxonomy":"product_tag","embeddable":true,"href":"https:\/\/www.urbidermis.com\/de\/wp-json\/wp\/v2\/product_tag?post=26907"}],"curies":[{"name":"wp","href":"https:\/\/api.w.org\/{rel}","templated":true}]}}