


{"id":7174,"date":"2022-03-01T10:27:10","date_gmt":"2022-03-01T10:27:10","guid":{"rendered":"https:\/\/ubweb21.urbidermis.com\/product\/candela\/"},"modified":"2026-04-08T10:10:43","modified_gmt":"2026-04-08T08:10:43","slug":"candela","status":"publish","type":"product","link":"https:\/\/www.urbidermis.com\/de\/stadtbeleuchtung\/candela\/","title":{"rendered":"Candela"},"content":{"rendered":"","protected":false},"excerpt":{"rendered":"<p>Ovaler Beleuchtungsk\u00f6rper f\u00fcr breite Stadtstra\u00dfen. Candela ist ein flexibles Beleuchtungssystem mit einem bzw. zwei Leuchtk\u00f6rpern auf gleicher oder verschiedener H\u00f6he und unterschiedlich langen Armen.<\/p>\n","protected":false},"featured_media":8152,"template":"","meta":{"_acf_changed":false,"inline_featured_image":false},"product_cat":[207,189],"product_tag":[],"acf":{"activador_seccion_impacto_acvs_secctions_acvs":true,"texto_enlace_amplifyapp":"Candela_Urban_lighting","codigos_acvs_matching_row-leds":[{"texto_pestana_item_fetch":"48 LEDs","codigo_item_fetch":"CLF48XX new"},{"texto_pestana_item_fetch":"72 LEDs","codigo_item_fetch":" CLF72XX new"},{"texto_pestana_item_fetch":"88 LEDs","codigo_item_fetch":"CLF88XX new"},{"texto_pestana_item_fetch":"96 LEDs","codigo_item_fetch":"CLF96XX new"}],"activator_acf_option_madera_text":false,"texto_bajo_btn_certificados":"","check_para_validar_no_secc_aplication":false,"is_protocolo_y_control_generic":true,"is_producto_residencial_para_mostrar_info_diferente":false,"is_plano_de_cotas_validator":true,"galeria_multidimension_imagenes_plano_de_cotas_proyector":[{"texto_pestana_plano_galeria":"Mastleuchten","imagen_plano_de_cotas":"[link_wp_dam_url ids=\"14835\"]"}],"premios_producto_repeater":[{"nombre_premio_sub_item":"ADI FAD SELECTION","ano_premio_sub_item":"2010"}],"participantes":[7551],"autores":[10503],"ano_creacion_producto":"2009","validacion_producto_descarga":true,"galeria_imagenes_repeater_libro":[{"imagen_item_gal":"[link_wp_dam_url ids=\"17754\"]","activar_video_item_gal":false,"portada_video_item_gal":null,"video_en_horizonal_item_gal":false,"video_item_gal":false},{"imagen_item_gal":"[link_wp_dam_url ids=\"17756\"]","activar_video_item_gal":false,"portada_video_item_gal":null,"video_en_horizonal_item_gal":false,"video_item_gal":false},{"imagen_item_gal":"[link_wp_dam_url ids=\"14958\"]","activar_video_item_gal":false,"portada_video_item_gal":null,"video_en_horizonal_item_gal":false,"video_item_gal":false},{"imagen_item_gal":"[link_wp_dam_url ids=\"12608\"]","activar_video_item_gal":false,"portada_video_item_gal":null,"video_en_horizonal_item_gal":false,"video_item_gal":false},{"imagen_item_gal":"[link_wp_dam_url ids=\"12605\"]","activar_video_item_gal":false,"portada_video_item_gal":null,"video_en_horizonal_item_gal":false,"video_item_gal":false},{"imagen_item_gal":"[link_wp_dam_url ids=\"14960\"]","activar_video_item_gal":false,"portada_video_item_gal":null,"video_en_horizonal_item_gal":false,"video_item_gal":false},{"imagen_item_gal":"[link_wp_dam_url ids=\"14959\"]","activar_video_item_gal":false,"portada_video_item_gal":null,"video_en_horizonal_item_gal":false,"video_item_gal":false}],"secciones_producto":[{"acf_fc_layout":"seccion_navtabs_imagen_dinamica","title_group":{"title_tag":"h2","title_txt":"Starke Leistung ohne Lichtverschmutzung"},"texto_intro_principal":true,"texto_introductorio":"Die Candela-Beleuchtungsk\u00f6rper zeichnen sich durch ihr geordnetes Erscheinungsbild aus. Sie sind ausgesprochen effizient und lassen sich einstellen, wobei die vielz\u00e4hligen Leuchten eine pr\u00e4zise Lichtverteilung erm\u00f6glichen. Somit sorgen sie f\u00fcr einen hohen visuellen Komfort und f\u00fcr eine pr\u00e4zise Beleuchtung von Stra\u00dfen, Alleen oder weiten B\u00fcrgersteigen ohne Lichtverschmutzung.","ventanas_detalles_producto":[{"title_group_producto_grid_single":{"title_tag":"h2","title_txt":"Materialien"},"imagen_de_fondo_dinamic_single_producto":"","texto_contenido_ventana":true,"contenido_tabs_producto":"<ul>\r\n \t<li>\r\n<p class=\"p1\">Beleuchtungsk\u00f6rper aus eloxiertem Aluminiumdruckguss EN-AC-47100 mit Thermolackierung.<\/p>\r\n<\/li>\r\n \t<li>\r\n<p class=\"p1\">Diffusor aus geh\u00e4rtetem optischem Glas.<\/p>\r\n<\/li>\r\n \t<li>\r\n<p class=\"p1\">Schrauben aus A2-Edelstahl und Stopfbuchse aus Metall.<\/p>\r\n<\/li>\r\n<\/ul>","acordion":false,"preguntas_y_respuestas":null,"cuadricula_de_colores":false,"componentes_producto":null,"descargables":false,"tipo_datasheet":"simple","datasheet":null,"datasheet_multiple":null,"tipo_instrucciones":"simple","instructions":null,"instructions_multiple":null,"drawings_ce":null,"2d_cad":null,"3d_cad":null,"revit":null,"ldt_photometric_files":null,"ies_photometric_files":null,"validador_detalles_producto":false,"tipo_especificacion":"distribucion"},{"title_group_producto_grid_single":{"title_tag":"h2","title_txt":"Ausf\u00fchrungen"},"imagen_de_fondo_dinamic_single_producto":"","texto_contenido_ventana":true,"contenido_tabs_producto":"Die angezeigten Farben dienen nur als Beispiel.\r\nAndere Farben auf Anfrage erh\u00e4ltlich.\r\nAusf\u00fchrungen f\u00fcr K\u00fcstenklima auf Anfrage.\r\n\r\n&nbsp;","acordion":false,"preguntas_y_respuestas":null,"cuadricula_de_colores":true,"componentes_producto":[{"nombre_componente":"","colores":["gris_claro","gris_medio","gris_oscuro"]}],"descargables":false,"tipo_datasheet":"simple","datasheet":null,"datasheet_multiple":null,"tipo_instrucciones":"simple","instructions":null,"instructions_multiple":null,"drawings_ce":null,"2d_cad":null,"3d_cad":null,"revit":null,"ldt_photometric_files":null,"ies_photometric_files":null,"validador_detalles_producto":false,"tipo_especificacion":""},{"title_group_producto_grid_single":{"title_tag":"h2","title_txt":"Lichtquelle"},"imagen_de_fondo_dinamic_single_producto":"","texto_contenido_ventana":true,"contenido_tabs_producto":"<strong>Leistung des Systems (W)<\/strong>\r\n\r\nHocheffiziente Leuchtmittelgruppe\r\n<ul>\r\n \t<li>\r\n<p class=\"p1\">24 LEDs 27W, 38W, 53W<\/p>\r\n<\/li>\r\n \t<li>\r\n<p class=\"p1\">48 LEDs 51W, 73W, 102W<\/p>\r\n<\/li>\r\n \t<li>\r\n<p class=\"p1\">72 LEDs 78W, 111W, 156W<\/p>\r\n<\/li>\r\n \t<li>\r\n<p class=\"p1\">96 LEDs 100W, 145W, 202W<\/p>\r\n<\/li>\r\n<\/ul>\r\n&nbsp;\r\n\r\n<strong>Betriebsstrom (mA)<\/strong>\r\n<ul>\r\n \t<li>350<\/li>\r\n \t<li>500<\/li>\r\n \t<li>700<\/li>\r\n<\/ul>\r\n&nbsp;\r\n\r\n<strong>Farbtemperatur (K)<\/strong>\r\n<ul>\r\n \t<li>\r\n<p class=\"p1\">4000 CRI min80<\/p>\r\n<\/li>\r\n \t<li>\r\n<p class=\"p1\">3000 CRI min80<\/p>\r\n<\/li>\r\n \t<li>\r\n<p class=\"p1\">2700 CRI min80<\/p>\r\n<\/li>\r\n \t<li>\r\n<p class=\"p1\">2200 CRI min70<\/p>\r\n<\/li>\r\n \t<li>\r\n<p class=\"p1\">PC Amber CRI min40<\/p>\r\n<\/li>\r\n<\/ul>\r\nWeitere Farbtemperaturen und\/oder IRC auf Anfrage.\r\n\r\n&nbsp;\r\n<p class=\"p1\"><strong>Lebensdauer<\/strong><\/p>\r\nTM21 L90 (10k) &gt; 100.000 h.","acordion":false,"preguntas_y_respuestas":null,"cuadricula_de_colores":false,"componentes_producto":null,"descargables":false,"tipo_datasheet":"simple","datasheet":null,"datasheet_multiple":null,"tipo_instrucciones":"simple","instructions":null,"instructions_multiple":null,"drawings_ce":null,"2d_cad":null,"3d_cad":null,"revit":null,"ldt_photometric_files":null,"ies_photometric_files":null,"validador_detalles_producto":false,"tipo_especificacion":"control"},{"title_group_producto_grid_single":{"title_tag":"h2","title_txt":"H\u00f6henplan"},"imagen_de_fondo_dinamic_single_producto":"","texto_contenido_ventana":false,"contenido_tabs_producto":"Beleuchtungsk\u00f6rper aus eingespritztem Aluminium EN-AC-47100 mit thermolackierter Oberfl\u00e4che und C3-Antikorrosionsschutz. Diffusor aus geh\u00e4rtetem optischem Glas. Schrauben aus A2-Edelstahl.","acordion":false,"preguntas_y_respuestas":null,"cuadricula_de_colores":false,"componentes_producto":null,"descargables":false,"tipo_datasheet":"simple","datasheet":null,"datasheet_multiple":null,"tipo_instrucciones":"simple","instructions":null,"instructions_multiple":null,"drawings_ce":null,"2d_cad":null,"3d_cad":null,"revit":null,"ldt_photometric_files":null,"ies_photometric_files":null,"validador_detalles_producto":false,"tipo_especificacion":"certificados"},{"title_group_producto_grid_single":{"title_tag":"h2","title_txt":"Lichtverteilung"},"imagen_de_fondo_dinamic_single_producto":"","texto_contenido_ventana":false,"contenido_tabs_producto":"","acordion":false,"preguntas_y_respuestas":null,"cuadricula_de_colores":false,"componentes_producto":null,"descargables":false,"tipo_datasheet":"simple","datasheet":null,"datasheet_multiple":null,"tipo_instrucciones":"simple","instructions":null,"instructions_multiple":null,"drawings_ce":null,"2d_cad":null,"3d_cad":null,"revit":null,"ldt_photometric_files":null,"ies_photometric_files":null,"validador_detalles_producto":true,"tipo_especificacion":"distribucion"},{"title_group_producto_grid_single":{"title_tag":"h2","title_txt":"Protokolle und Steuerung"},"imagen_de_fondo_dinamic_single_producto":"","texto_contenido_ventana":true,"contenido_tabs_producto":"Zwei Niveaus per Leitungstreiber.\r\nLichtstromeinstellung.\r\nProgrammierbarer Timer.","acordion":false,"preguntas_y_respuestas":null,"cuadricula_de_colores":false,"componentes_producto":[{"nombre_componente":"","colores":["gris_claro","gris_medio","gris_oscuro"]}],"descargables":false,"tipo_datasheet":"simple","datasheet":null,"datasheet_multiple":null,"tipo_instrucciones":"simple","instructions":null,"instructions_multiple":null,"drawings_ce":null,"2d_cad":null,"3d_cad":null,"revit":null,"ldt_photometric_files":null,"ies_photometric_files":null,"validador_detalles_producto":true,"tipo_especificacion":"control"},{"title_group_producto_grid_single":{"title_tag":"h2","title_txt":"Wartung"},"imagen_de_fondo_dinamic_single_producto":"","texto_contenido_ventana":true,"contenido_tabs_producto":"<ul>\r\n \t<li>Einschlie\u00dflich Druckausgleichsventil und 10 kV-\u00dcberspannungsschutz (CE).<\/li>\r\n \t<li>Reinigen Sie mit pH-neutralen, alkoholfreien und nicht scheuernden Reinigungsmitteln.<\/li>\r\n<\/ul>","acordion":false,"preguntas_y_respuestas":null,"cuadricula_de_colores":false,"componentes_producto":null,"descargables":false,"tipo_datasheet":"simple","datasheet":null,"datasheet_multiple":null,"tipo_instrucciones":"simple","instructions":null,"instructions_multiple":null,"drawings_ce":null,"2d_cad":null,"3d_cad":null,"revit":null,"ldt_photometric_files":null,"ies_photometric_files":null,"validador_detalles_producto":false,"tipo_especificacion":""},{"title_group_producto_grid_single":{"title_tag":"h2","title_txt":"Zertifizierungen"},"imagen_de_fondo_dinamic_single_producto":"","texto_contenido_ventana":false,"contenido_tabs_producto":"","acordion":false,"preguntas_y_respuestas":null,"cuadricula_de_colores":false,"componentes_producto":null,"descargables":false,"tipo_datasheet":"simple","datasheet":null,"datasheet_multiple":null,"tipo_instrucciones":"simple","instructions":null,"instructions_multiple":null,"drawings_ce":null,"2d_cad":null,"3d_cad":null,"revit":null,"ldt_photometric_files":null,"ies_photometric_files":null,"validador_detalles_producto":true,"tipo_especificacion":"certificados"}]},{"acf_fc_layout":"seccion_navtabs_imagen_dinamica","title_group":{"title_tag":"h2","title_txt":"Anwendungen"},"texto_intro_principal":false,"texto_introductorio":"","ventanas_detalles_producto":[{"title_group_producto_grid_single":{"title_tag":"h2","title_txt":"Mastleuchten"},"imagen_de_fondo_dinamic_single_producto":"[link_wp_dam_url ids=\"12604\"]","texto_contenido_ventana":true,"contenido_tabs_producto":"Die Mastleuchten strukturieren den urbanen Raum und erf\u00fcllen ihre Funktion wie keine andere. Durch ihre Gleichm\u00e4\u00dfigkeit und den angepassten Lichtstrom sorgen sie f\u00fcr ein technisch harmonisches Erscheinungsbild. Dank der einzelnen oder doppelten Zubeh\u00f6rteile lassen sich die Leuchtk\u00f6rper so anbringen, dass sie nicht zu nah am Mast oder an den Stra\u00dfenb\u00e4umen sitzen.","acordion":true,"preguntas_y_respuestas":[{"pregunta":"Materialien","respuesta":"<p class=\"p1\">Flansch aus eloxiertem Aluminiumdruckguss EN-AC-47100 mit Thermolackierung. Feuerverzinkter Stahlarm mit Thermolackierung. Schrauben aus A2-Edelstahl.<\/p>\r\n<p class=\"p1\">Zylindrischer Rohrmast mit einem oder zwei Abschnitten, aus feuerverzinktem Stahl (S-275 JR Klasse 1) mit thermolackierter Oberfl\u00e4che. Bolzen aus verzinktem Stahl (275). Schrauben aus verzinktem Stahl.<\/p>"},{"pregunta":"Installation","respuesta":"<p class=\"p1\">Anbringung des Masts vor Ort mittels Betonkubus mit Nut fu\u0308r den Stromanschluss und vier Ankerbolzen pro Mast 20 cm unterhalb des Stra\u00dfenbelags.<\/p>\r\n<p class=\"p1\">Aufriss und Ankerbolzen sind im Lieferumfang enthalten.<\/p>"},{"pregunta":"Gewicht","respuesta":"<p class=\"p1\">Beleuchtungsk\u00f6rper: 11,5\r\nFlansch: 0,7\r\nKurzer Arm: 1,6\r\nMittlerer Arm: 2,1\r\nLanger Arm: 4,0<\/p>\r\n*Ungef\u00e4hres Gewicht ohne Verpackung (kg)"}],"cuadricula_de_colores":false,"componentes_producto":null,"descargables":false,"tipo_datasheet":"simple","datasheet":null,"datasheet_multiple":null,"tipo_instrucciones":"simple","instructions":null,"instructions_multiple":null,"drawings_ce":null,"2d_cad":null,"3d_cad":null,"revit":null,"ldt_photometric_files":null,"ies_photometric_files":null,"validador_detalles_producto":false,"tipo_especificacion":""}]},{"acf_fc_layout":"seccion_navtabs_imagen_dinamica","title_group":{"title_tag":"h2","title_txt":"Downloads"},"texto_intro_principal":false,"texto_introductorio":"","ventanas_detalles_producto":[{"title_group_producto_grid_single":{"title_tag":"h2","title_txt":"Leuchte"},"imagen_de_fondo_dinamic_single_producto":"","texto_contenido_ventana":false,"contenido_tabs_producto":"","acordion":false,"preguntas_y_respuestas":null,"cuadricula_de_colores":false,"componentes_producto":null,"descargables":true,"tipo_datasheet":"simple","datasheet":18002,"datasheet_multiple":null,"tipo_instrucciones":"multiple","instructions":null,"instructions_multiple":[{"instructions_title":"","instructions_file":17789},{"instructions_title":"","instructions_file":17793}],"drawings_ce":14081,"2d_cad":14212,"3d_cad":"","revit":15283,"ldt_photometric_files":"","ies_photometric_files":12609,"validador_detalles_producto":false,"tipo_especificacion":""},{"title_group_producto_grid_single":{"title_tag":"h2","title_txt":"Mastleuchten"},"imagen_de_fondo_dinamic_single_producto":"","texto_contenido_ventana":false,"contenido_tabs_producto":"","acordion":false,"preguntas_y_respuestas":null,"cuadricula_de_colores":false,"componentes_producto":null,"descargables":true,"tipo_datasheet":"simple","datasheet":15022,"datasheet_multiple":null,"tipo_instrucciones":"simple","instructions":13298,"instructions_multiple":null,"drawings_ce":"","2d_cad":"","3d_cad":13290,"revit":"","ldt_photometric_files":"","ies_photometric_files":"","validador_detalles_producto":false,"tipo_especificacion":""}]},{"acf_fc_layout":"seccion_consulta_nuestros_expertos","imagen_de_fondo_single_producto":"[link_wp_dam_url ids=\"14961\" size=\"x2400\"]","imagen_de_fondo_single_producto_mobile":"[link_wp_dam_url ids=\"12603\"]"},{"acf_fc_layout":"seccion_imagen_de_fondo_con_sub_menu","titulo_group_list_contet_proyectos":{"title_tag":"h3","title_txt":"Candela in der Stadt"},"ancla_copy2":{"title":"Mehr Projekte sehen","url":"https:\/\/www.urbidermis.com\/de\/projekte\/","target":""},"proyectos_relacionados":[{"project":26302,"project_img":"[link_wp_dam_url ids=\"17731\"]"},{"project":4395,"project_img":"[link_wp_dam_url ids=\"12609\"]"},{"project":5536,"project_img":"[link_wp_dam_url ids=\"12610\"]"},{"project":7580,"project_img":"[link_wp_dam_url ids=\"12612\"]"}]}],"dist_simetrica":"","dist_asimetrica":["type-ii","type-iv","type-iii","type+ii-iii"],"dist_indirecta":"","dist_suelo":"","control":["1-10v","dali"],"certificados":["ce","ul","rohs","ip66","ik08","clase-i"],"nombre_arbol_entre_comillas":"","nombre_solo_plantas_field":"","isbn_campo_texto":"","autor_book_publicacion_producto":"","idioma_campo_texto":"","enquadernacion_campo_texto":"","_numero_de_paginas_campo_texto":"","pdf_asociado_producto":"","resumen_libro":"","text_content_family_basic_information":"","text_content_family_basic_number_width":"","text_content_family_basic_number_height":"","text_content_planting_density":"","flowers_option_colours":"","flowers_option_season":"","properties_option_pruning":"","properties_option_watering":"","properties_option_sun_exposure":"","properties_option_minimum_temp":"","properties_option_soil_type":"","properties_option_fire":"","properties_option_heat":"","properties_option_moisture":"","properties_option_dryness":"","properties_option_coastal_area":"","texto_introduccion_landing_custom":"","enlace_descubre_mas_custom":"","selecciona_tipo_de_imagen_custom":"","imagen_vertical_custom":"","imagen_horizontal_custom":"","opciones_de_texto_1":true,"opciones_de_texto_2":"acabado_standar","opciones_de_texto_3":""},"yoast_head":"<!-- This site is optimized with the Yoast SEO plugin v22.8 - https:\/\/yoast.com\/wordpress\/plugins\/seo\/ -->\n<title>Candela - Urbidermis<\/title>\n<meta name=\"robots\" content=\"index, follow, max-snippet:-1, max-image-preview:large, max-video-preview:-1\" \/>\n<link rel=\"canonical\" href=\"https:\/\/www.urbidermis.com\/de\/stadtbeleuchtung\/candela\/\" \/>\n<meta property=\"og:locale\" content=\"de_DE\" \/>\n<meta property=\"og:type\" content=\"article\" \/>\n<meta property=\"og:title\" content=\"Candela - Urbidermis\" \/>\n<meta property=\"og:description\" content=\"Ovaler Beleuchtungsk\u00f6rper f\u00fcr breite Stadtstra\u00dfen. Candela ist ein flexibles Beleuchtungssystem mit einem bzw. zwei Leuchtk\u00f6rpern auf gleicher oder verschiedener H\u00f6he und unterschiedlich langen Armen.\" \/>\n<meta property=\"og:url\" content=\"https:\/\/www.urbidermis.com\/de\/stadtbeleuchtung\/candela\/\" \/>\n<meta property=\"og:site_name\" content=\"Urbidermis\" \/>\n<meta property=\"article:modified_time\" content=\"2026-04-08T08:10:43+00:00\" \/>\n<meta property=\"og:image\" content=\"https:\/\/www.urbidermis.com\/wp-content\/uploads\/20250120_Spain_Barcelona_Belloch_CDF_Equipo_Urbidermis_05-scaled.jpg\" \/>\n\t<meta property=\"og:image:width\" content=\"1372\" \/>\n\t<meta property=\"og:image:height\" content=\"1920\" \/>\n\t<meta property=\"og:image:type\" content=\"image\/jpeg\" \/>\n<meta name=\"twitter:card\" content=\"summary_large_image\" \/>\n<script type=\"application\/ld+json\" class=\"yoast-schema-graph\">{\"@context\":\"https:\/\/schema.org\",\"@graph\":[{\"@type\":\"WebPage\",\"@id\":\"https:\/\/www.urbidermis.com\/de\/stadtbeleuchtung\/candela\/\",\"url\":\"https:\/\/www.urbidermis.com\/de\/stadtbeleuchtung\/candela\/\",\"name\":\"Candela - Urbidermis\",\"isPartOf\":{\"@id\":\"https:\/\/www.urbidermis.com\/de\/#website\"},\"primaryImageOfPage\":{\"@id\":\"https:\/\/www.urbidermis.com\/de\/stadtbeleuchtung\/candela\/#primaryimage\"},\"image\":{\"@id\":\"https:\/\/www.urbidermis.com\/de\/stadtbeleuchtung\/candela\/#primaryimage\"},\"thumbnailUrl\":\"https:\/\/www.urbidermis.com\/wp-content\/uploads\/20250120_Spain_Barcelona_Belloch_CDF_Equipo_Urbidermis_05-scaled.jpg\",\"datePublished\":\"2022-03-01T10:27:10+00:00\",\"dateModified\":\"2026-04-08T08:10:43+00:00\",\"breadcrumb\":{\"@id\":\"https:\/\/www.urbidermis.com\/de\/stadtbeleuchtung\/candela\/#breadcrumb\"},\"inLanguage\":\"de-DE\",\"potentialAction\":[{\"@type\":\"ReadAction\",\"target\":[\"https:\/\/www.urbidermis.com\/de\/stadtbeleuchtung\/candela\/\"]}]},{\"@type\":\"ImageObject\",\"inLanguage\":\"de-DE\",\"@id\":\"https:\/\/www.urbidermis.com\/de\/stadtbeleuchtung\/candela\/#primaryimage\",\"url\":\"https:\/\/www.urbidermis.com\/wp-content\/uploads\/20250120_Spain_Barcelona_Belloch_CDF_Equipo_Urbidermis_05-scaled.jpg\",\"contentUrl\":\"https:\/\/www.urbidermis.com\/wp-content\/uploads\/20250120_Spain_Barcelona_Belloch_CDF_Equipo_Urbidermis_05-scaled.jpg\",\"width\":1372,\"height\":1920},{\"@type\":\"BreadcrumbList\",\"@id\":\"https:\/\/www.urbidermis.com\/de\/stadtbeleuchtung\/candela\/#breadcrumb\",\"itemListElement\":[{\"@type\":\"ListItem\",\"position\":1,\"name\":\"Home\",\"item\":\"https:\/\/www.urbidermis.com\/de\/\"},{\"@type\":\"ListItem\",\"position\":2,\"name\":\"Produkte\",\"item\":\"https:\/\/www.urbidermis.com\/de\/produkte\/\"},{\"@type\":\"ListItem\",\"position\":3,\"name\":\"Candela\"}]},{\"@type\":\"WebSite\",\"@id\":\"https:\/\/www.urbidermis.com\/de\/#website\",\"url\":\"https:\/\/www.urbidermis.com\/de\/\",\"name\":\"Urbidermis\",\"description\":\"Especialistas en la ciudad\",\"publisher\":{\"@id\":\"https:\/\/www.urbidermis.com\/de\/#organization\"},\"potentialAction\":[{\"@type\":\"SearchAction\",\"target\":{\"@type\":\"EntryPoint\",\"urlTemplate\":\"https:\/\/www.urbidermis.com\/de\/?s={search_term_string}\"},\"query-input\":\"required name=search_term_string\"}],\"inLanguage\":\"de-DE\"},{\"@type\":\"Organization\",\"@id\":\"https:\/\/www.urbidermis.com\/de\/#organization\",\"name\":\"Urbidermis\",\"url\":\"https:\/\/www.urbidermis.com\/de\/\",\"logo\":{\"@type\":\"ImageObject\",\"inLanguage\":\"de-DE\",\"@id\":\"https:\/\/www.urbidermis.com\/de\/#\/schema\/logo\/image\/\",\"url\":\"https:\/\/www.urbidermis.com\/wp-content\/uploads\/logo_urbdermis-1.png\",\"contentUrl\":\"https:\/\/www.urbidermis.com\/wp-content\/uploads\/logo_urbdermis-1.png\",\"width\":601,\"height\":1033,\"caption\":\"Urbidermis\"},\"image\":{\"@id\":\"https:\/\/www.urbidermis.com\/de\/#\/schema\/logo\/image\/\"}}]}<\/script>\n<!-- \/ Yoast SEO plugin. -->","yoast_head_json":{"title":"Candela - Urbidermis","robots":{"index":"index","follow":"follow","max-snippet":"max-snippet:-1","max-image-preview":"max-image-preview:large","max-video-preview":"max-video-preview:-1"},"canonical":"https:\/\/www.urbidermis.com\/de\/stadtbeleuchtung\/candela\/","og_locale":"de_DE","og_type":"article","og_title":"Candela - Urbidermis","og_description":"Ovaler Beleuchtungsk\u00f6rper f\u00fcr breite Stadtstra\u00dfen. Candela ist ein flexibles Beleuchtungssystem mit einem bzw. zwei Leuchtk\u00f6rpern auf gleicher oder verschiedener H\u00f6he und unterschiedlich langen Armen.","og_url":"https:\/\/www.urbidermis.com\/de\/stadtbeleuchtung\/candela\/","og_site_name":"Urbidermis","article_modified_time":"2026-04-08T08:10:43+00:00","og_image":[{"width":1372,"height":1920,"url":"https:\/\/www.urbidermis.com\/wp-content\/uploads\/20250120_Spain_Barcelona_Belloch_CDF_Equipo_Urbidermis_05-scaled.jpg","type":"image\/jpeg"}],"twitter_card":"summary_large_image","schema":{"@context":"https:\/\/schema.org","@graph":[{"@type":"WebPage","@id":"https:\/\/www.urbidermis.com\/de\/stadtbeleuchtung\/candela\/","url":"https:\/\/www.urbidermis.com\/de\/stadtbeleuchtung\/candela\/","name":"Candela - Urbidermis","isPartOf":{"@id":"https:\/\/www.urbidermis.com\/de\/#website"},"primaryImageOfPage":{"@id":"https:\/\/www.urbidermis.com\/de\/stadtbeleuchtung\/candela\/#primaryimage"},"image":{"@id":"https:\/\/www.urbidermis.com\/de\/stadtbeleuchtung\/candela\/#primaryimage"},"thumbnailUrl":"https:\/\/www.urbidermis.com\/wp-content\/uploads\/20250120_Spain_Barcelona_Belloch_CDF_Equipo_Urbidermis_05-scaled.jpg","datePublished":"2022-03-01T10:27:10+00:00","dateModified":"2026-04-08T08:10:43+00:00","breadcrumb":{"@id":"https:\/\/www.urbidermis.com\/de\/stadtbeleuchtung\/candela\/#breadcrumb"},"inLanguage":"de-DE","potentialAction":[{"@type":"ReadAction","target":["https:\/\/www.urbidermis.com\/de\/stadtbeleuchtung\/candela\/"]}]},{"@type":"ImageObject","inLanguage":"de-DE","@id":"https:\/\/www.urbidermis.com\/de\/stadtbeleuchtung\/candela\/#primaryimage","url":"https:\/\/www.urbidermis.com\/wp-content\/uploads\/20250120_Spain_Barcelona_Belloch_CDF_Equipo_Urbidermis_05-scaled.jpg","contentUrl":"https:\/\/www.urbidermis.com\/wp-content\/uploads\/20250120_Spain_Barcelona_Belloch_CDF_Equipo_Urbidermis_05-scaled.jpg","width":1372,"height":1920},{"@type":"BreadcrumbList","@id":"https:\/\/www.urbidermis.com\/de\/stadtbeleuchtung\/candela\/#breadcrumb","itemListElement":[{"@type":"ListItem","position":1,"name":"Home","item":"https:\/\/www.urbidermis.com\/de\/"},{"@type":"ListItem","position":2,"name":"Produkte","item":"https:\/\/www.urbidermis.com\/de\/produkte\/"},{"@type":"ListItem","position":3,"name":"Candela"}]},{"@type":"WebSite","@id":"https:\/\/www.urbidermis.com\/de\/#website","url":"https:\/\/www.urbidermis.com\/de\/","name":"Urbidermis","description":"Especialistas en la ciudad","publisher":{"@id":"https:\/\/www.urbidermis.com\/de\/#organization"},"potentialAction":[{"@type":"SearchAction","target":{"@type":"EntryPoint","urlTemplate":"https:\/\/www.urbidermis.com\/de\/?s={search_term_string}"},"query-input":"required name=search_term_string"}],"inLanguage":"de-DE"},{"@type":"Organization","@id":"https:\/\/www.urbidermis.com\/de\/#organization","name":"Urbidermis","url":"https:\/\/www.urbidermis.com\/de\/","logo":{"@type":"ImageObject","inLanguage":"de-DE","@id":"https:\/\/www.urbidermis.com\/de\/#\/schema\/logo\/image\/","url":"https:\/\/www.urbidermis.com\/wp-content\/uploads\/logo_urbdermis-1.png","contentUrl":"https:\/\/www.urbidermis.com\/wp-content\/uploads\/logo_urbdermis-1.png","width":601,"height":1033,"caption":"Urbidermis"},"image":{"@id":"https:\/\/www.urbidermis.com\/de\/#\/schema\/logo\/image\/"}}]}},"_links":{"self":[{"href":"https:\/\/www.urbidermis.com\/de\/wp-json\/wp\/v2\/product\/7174"}],"collection":[{"href":"https:\/\/www.urbidermis.com\/de\/wp-json\/wp\/v2\/product"}],"about":[{"href":"https:\/\/www.urbidermis.com\/de\/wp-json\/wp\/v2\/types\/product"}],"acf:post":[{"embeddable":true,"href":"https:\/\/www.urbidermis.com\/de\/wp-json\/wp\/v2\/autores\/10503"},{"embeddable":true,"href":"https:\/\/www.urbidermis.com\/de\/wp-json\/wp\/v2\/perfiles\/7551"}],"wp:featuredmedia":[{"embeddable":true,"href":"https:\/\/www.urbidermis.com\/de\/wp-json\/wp\/v2\/media\/8152"}],"wp:attachment":[{"href":"https:\/\/www.urbidermis.com\/de\/wp-json\/wp\/v2\/media?parent=7174"}],"wp:term":[{"taxonomy":"product_cat","embeddable":true,"href":"https:\/\/www.urbidermis.com\/de\/wp-json\/wp\/v2\/product_cat?post=7174"},{"taxonomy":"product_tag","embeddable":true,"href":"https:\/\/www.urbidermis.com\/de\/wp-json\/wp\/v2\/product_tag?post=7174"}],"curies":[{"name":"wp","href":"https:\/\/api.w.org\/{rel}","templated":true}]}}