


{"id":7294,"date":"2022-03-01T10:28:59","date_gmt":"2022-03-01T10:28:59","guid":{"rendered":"https:\/\/ubweb21.urbidermis.com\/product\/latina\/"},"modified":"2026-04-08T10:59:12","modified_gmt":"2026-04-08T08:59:12","slug":"latina","status":"publish","type":"product","link":"https:\/\/www.urbidermis.com\/de\/stadtbeleuchtung\/latina\/","title":{"rendered":"Latina"},"content":{"rendered":"","protected":false},"excerpt":{"rendered":"<p>Stra\u00dfenlaterne im ausgesprochen attraktiven Design f\u00fcr die Beleuchtung gro\u00dfer urbaner R\u00e4ume. Sie weist die Form eines Lateinersegels auf und erinnert zugleich an die Hafenkr\u00e4ne. Folglich sorgt sie f\u00fcr Aufmerksamkeit, w\u00e4hrend ihre Gr\u00f6\u00dfe perfekt ihrer Funktion entspricht.<\/p>\n","protected":false},"featured_media":8168,"template":"","meta":{"_acf_changed":false,"inline_featured_image":false},"product_cat":[189,206],"product_tag":[],"acf":{"activador_seccion_impacto_acvs_secctions_acvs":true,"texto_enlace_amplifyapp":"Latina_Urban_lighting","codigos_acvs_matching_row-leds":[{"texto_pestana_item_fetch":"","codigo_item_fetch":"LTFL15"}],"activator_acf_option_madera_text":false,"texto_bajo_btn_certificados":"","check_para_validar_no_secc_aplication":true,"is_protocolo_y_control_generic":true,"is_producto_residencial_para_mostrar_info_diferente":false,"is_plano_de_cotas_validator":true,"galeria_multidimension_imagenes_plano_de_cotas_proyector":[{"texto_pestana_plano_galeria":" Stra\u00dfenlaternen","imagen_plano_de_cotas":"[link_wp_dam_url ids=\"14491\"]"}],"premios_producto_repeater":null,"participantes":"","autores":[10748],"ano_creacion_producto":"1998","validacion_producto_descarga":true,"galeria_imagenes_repeater_libro":[{"imagen_item_gal":"[link_wp_dam_url ids=\"7990\"]","activar_video_item_gal":false,"portada_video_item_gal":null,"video_en_horizonal_item_gal":false,"video_item_gal":false},{"imagen_item_gal":"[link_wp_dam_url ids=\"7372\"]","activar_video_item_gal":false,"portada_video_item_gal":null,"video_en_horizonal_item_gal":false,"video_item_gal":false},{"imagen_item_gal":"[link_wp_dam_url ids=\"14969\"]","activar_video_item_gal":false,"portada_video_item_gal":null,"video_en_horizonal_item_gal":false,"video_item_gal":false},{"imagen_item_gal":"[link_wp_dam_url ids=\"14970\"]","activar_video_item_gal":false,"portada_video_item_gal":null,"video_en_horizonal_item_gal":false,"video_item_gal":false},{"imagen_item_gal":"[link_wp_dam_url ids=\"14971\"]","activar_video_item_gal":false,"portada_video_item_gal":null,"video_en_horizonal_item_gal":false,"video_item_gal":false}],"secciones_producto":[{"acf_fc_layout":"seccion_navtabs_imagen_dinamica","title_group":{"title_tag":"h2","title_txt":"Eine funktionale Protagonistin"},"texto_intro_principal":true,"texto_introductorio":"Die Latina besteht aus zwei gut erkennbaren Teilen: ein zweiteiliger Mast und zwei Rohre, von denen eins als Mast f\u00fcr bis zu f\u00fcnf Arne-Lichtstrahler, das andere als St\u00fctze f\u00fcr die gesamte Struktur dient. Die Latina-Stra\u00dfenlaterne hebt die Funktion des jeweiligen urbanen Raums hervor.","ventanas_detalles_producto":[{"title_group_producto_grid_single":{"title_tag":"h2","title_txt":"Materialien"},"imagen_de_fondo_dinamic_single_producto":"","texto_contenido_ventana":true,"contenido_tabs_producto":"<ul>\r\n \t<li>Lichtstrahler aus eingespritztem Aluminium (EN-AC-47100) eloxiert, mit thermolackierter Oberfl\u00e4che.<\/li>\r\n \t<li>Innenreflektor aus Kunststoff (ABS-PC).<\/li>\r\n \t<li>Diffusor aus geh\u00e4rtetem optischem Glas.<\/li>\r\n \t<li>Schrauben aus A2-Edelstahl und Stopfbuchse aus Metall.<\/li>\r\n \t<li>7 m hoher Mast aus Cortenstahl mit rechteckigem Querschnitt an der Unterseite und gegabelter Oberseite.<\/li>\r\n \t<li>Rohrtr\u00e4ger aus feuerverzinktem Stahl mit rechteckigem Querschnitt f\u00fcr f\u00fcnf Lichtstrahler.<\/li>\r\n \t<li>Runde Rohrstrebe aus feuerverzinktem Stahl.<\/li>\r\n \t<li>Verbindungsst\u00fccke aus Edelstahl.<\/li>\r\n<\/ul>","acordion":false,"preguntas_y_respuestas":null,"cuadricula_de_colores":false,"componentes_producto":null,"descargables":false,"tipo_datasheet":"simple","datasheet":null,"datasheet_multiple":null,"tipo_instrucciones":"simple","instructions":null,"instructions_multiple":null,"drawings_ce":null,"2d_cad":null,"3d_cad":null,"revit":null,"ldt_photometric_files":null,"ies_photometric_files":null,"validador_detalles_producto":false,"tipo_especificacion":"distribucion"},{"title_group_producto_grid_single":{"title_tag":"h2","title_txt":"Ausf\u00fchrungen"},"imagen_de_fondo_dinamic_single_producto":"","texto_contenido_ventana":true,"contenido_tabs_producto":"Die angezeigten Farben dienen nur als Beispiel.\r\nAndere Farben auf Anfrage erh\u00e4ltlich.\r\nAusf\u00fchrungen f\u00fcr K\u00fcstenklima auf Anfrage.","acordion":false,"preguntas_y_respuestas":null,"cuadricula_de_colores":true,"componentes_producto":[{"nombre_componente":"Lichtstrahler","colores":["gris_claro"]},{"nombre_componente":"Mast","colores":["acero-corten"]},{"nombre_componente":"Unterst\u00fctzung","colores":["acero-galvanizado"]}],"descargables":false,"tipo_datasheet":"simple","datasheet":null,"datasheet_multiple":null,"tipo_instrucciones":"simple","instructions":null,"instructions_multiple":null,"drawings_ce":null,"2d_cad":null,"3d_cad":null,"revit":null,"ldt_photometric_files":null,"ies_photometric_files":null,"validador_detalles_producto":false,"tipo_especificacion":""},{"title_group_producto_grid_single":{"title_tag":"h2","title_txt":"Lichtquelle"},"imagen_de_fondo_dinamic_single_producto":"","texto_contenido_ventana":true,"contenido_tabs_producto":"<p class=\"p1\"><strong>Leistung des Systems (W)<\/strong>\r\nHocheffiziente Leuchtmittelgruppe<\/p>\r\n\r\n<ul>\r\n \t<li class=\"p3\">36 LEDs 5x56W<\/li>\r\n<\/ul>\r\n&nbsp;\r\n<p class=\"p1\"><strong>Betriebsstrom (mA)<\/strong><\/p>\r\n\r\n<ul>\r\n \t<li class=\"p3\">500<\/li>\r\n<\/ul>\r\n&nbsp;\r\n<p class=\"p1\"><strong>Farbtemperatur (K)<\/strong><\/p>\r\n\r\n<ul>\r\n \t<li class=\"p3\">3000 IRC min80<\/li>\r\n<\/ul>\r\n&nbsp;\r\n\r\n<strong>Lebensdauer<\/strong>\r\n<p class=\"p1\">TM21 L90 (10k) &gt; 100.000 h.<\/p>","acordion":false,"preguntas_y_respuestas":null,"cuadricula_de_colores":false,"componentes_producto":null,"descargables":false,"tipo_datasheet":"simple","datasheet":null,"datasheet_multiple":null,"tipo_instrucciones":"simple","instructions":null,"instructions_multiple":null,"drawings_ce":null,"2d_cad":null,"3d_cad":null,"revit":null,"ldt_photometric_files":null,"ies_photometric_files":null,"validador_detalles_producto":false,"tipo_especificacion":"control"},{"title_group_producto_grid_single":{"title_tag":"h2","title_txt":"H\u00f6henplan"},"imagen_de_fondo_dinamic_single_producto":"","texto_contenido_ventana":false,"contenido_tabs_producto":"SV 0,24m<sup>2<\/sup>","acordion":false,"preguntas_y_respuestas":null,"cuadricula_de_colores":false,"componentes_producto":null,"descargables":false,"tipo_datasheet":"simple","datasheet":null,"datasheet_multiple":null,"tipo_instrucciones":"simple","instructions":null,"instructions_multiple":null,"drawings_ce":null,"2d_cad":null,"3d_cad":null,"revit":null,"ldt_photometric_files":null,"ies_photometric_files":null,"validador_detalles_producto":false,"tipo_especificacion":"certificados"},{"title_group_producto_grid_single":{"title_tag":"h2","title_txt":"Lichtverteilung"},"imagen_de_fondo_dinamic_single_producto":"","texto_contenido_ventana":false,"contenido_tabs_producto":"","acordion":false,"preguntas_y_respuestas":null,"cuadricula_de_colores":false,"componentes_producto":null,"descargables":false,"tipo_datasheet":"simple","datasheet":null,"datasheet_multiple":null,"tipo_instrucciones":"simple","instructions":null,"instructions_multiple":null,"drawings_ce":null,"2d_cad":null,"3d_cad":null,"revit":null,"ldt_photometric_files":null,"ies_photometric_files":null,"validador_detalles_producto":true,"tipo_especificacion":"distribucion"},{"title_group_producto_grid_single":{"title_tag":"h2","title_txt":"Protokolle und Steuerung"},"imagen_de_fondo_dinamic_single_producto":"","texto_contenido_ventana":true,"contenido_tabs_producto":"Zwei Niveaus per Leitungstreiber.\r\n\r\nLichtstromeinstellung\r\n\r\nProgrammierbarer Timer.","acordion":false,"preguntas_y_respuestas":null,"cuadricula_de_colores":false,"componentes_producto":[{"nombre_componente":"Lichtstrahler","colores":["gris_claro"]},{"nombre_componente":"Mast","colores":["acero-corten"]},{"nombre_componente":"Unterst\u00fctzung","colores":["acero-galvanizado"]}],"descargables":false,"tipo_datasheet":"simple","datasheet":null,"datasheet_multiple":null,"tipo_instrucciones":"simple","instructions":null,"instructions_multiple":null,"drawings_ce":null,"2d_cad":null,"3d_cad":null,"revit":null,"ldt_photometric_files":null,"ies_photometric_files":null,"validador_detalles_producto":true,"tipo_especificacion":"control"},{"title_group_producto_grid_single":{"title_tag":"h2","title_txt":"Installation"},"imagen_de_fondo_dinamic_single_producto":"","texto_contenido_ventana":true,"contenido_tabs_producto":"<ul>\r\n \t<li>Anbringung des Masts vor Ort mittels eines Stahlbetonkubus mit Nut f\u00fcr den Stromanschluss und vier Ankerbolzen 24cm unterhalb des Stra\u00dfenbelags.<\/li>\r\n \t<li>Das Element wird unmontiert in vier Komponenten geliefert: Mast, Tr\u00e4ger, Strebe und Lichtstrahler.<\/li>\r\n \t<li>Inklusive Installations- und Montageanleitung, Schrauben, Vorlage und Ankerbolzen.<\/li>\r\n<\/ul>","acordion":false,"preguntas_y_respuestas":null,"cuadricula_de_colores":false,"componentes_producto":null,"descargables":false,"tipo_datasheet":"simple","datasheet":null,"datasheet_multiple":null,"tipo_instrucciones":"simple","instructions":null,"instructions_multiple":null,"drawings_ce":null,"2d_cad":null,"3d_cad":null,"revit":null,"ldt_photometric_files":null,"ies_photometric_files":null,"validador_detalles_producto":false,"tipo_especificacion":""},{"title_group_producto_grid_single":{"title_tag":"h2","title_txt":"Wartung"},"imagen_de_fondo_dinamic_single_producto":"","texto_contenido_ventana":true,"contenido_tabs_producto":"<ul>\r\n \t<li>Einschlie\u00dflich Druckausgleichsventil und 10\u00a0kV-\u00dcberspannungsschutz (CE).<\/li>\r\n \t<li>Reinigen Sie mit pH-neutralen, alkoholfreien und nicht scheuernden Reinigungsmitteln.<\/li>\r\n<\/ul>","acordion":false,"preguntas_y_respuestas":null,"cuadricula_de_colores":false,"componentes_producto":null,"descargables":false,"tipo_datasheet":"simple","datasheet":null,"datasheet_multiple":null,"tipo_instrucciones":"simple","instructions":null,"instructions_multiple":null,"drawings_ce":null,"2d_cad":null,"3d_cad":null,"revit":null,"ldt_photometric_files":null,"ies_photometric_files":null,"validador_detalles_producto":false,"tipo_especificacion":""},{"title_group_producto_grid_single":{"title_tag":"h2","title_txt":"Zertifizierungen"},"imagen_de_fondo_dinamic_single_producto":"","texto_contenido_ventana":true,"contenido_tabs_producto":"Stra\u00dfenlaterne: 895\r\n\r\n*Ungef\u00e4hres Gewicht ohne Verpackung (kg)","acordion":false,"preguntas_y_respuestas":null,"cuadricula_de_colores":false,"componentes_producto":null,"descargables":false,"tipo_datasheet":"simple","datasheet":null,"datasheet_multiple":null,"tipo_instrucciones":"simple","instructions":null,"instructions_multiple":null,"drawings_ce":null,"2d_cad":null,"3d_cad":null,"revit":null,"ldt_photometric_files":null,"ies_photometric_files":null,"validador_detalles_producto":true,"tipo_especificacion":"certificados"},{"title_group_producto_grid_single":{"title_tag":"h2","title_txt":"Gewicht"},"imagen_de_fondo_dinamic_single_producto":"","texto_contenido_ventana":true,"contenido_tabs_producto":"Stra\u00dfenlaterne: 895\r\n\r\n*Ungef\u00e4hres Gewicht ohne Verpackung (kg)","acordion":false,"preguntas_y_respuestas":null,"cuadricula_de_colores":false,"componentes_producto":null,"descargables":false,"tipo_datasheet":"simple","datasheet":null,"datasheet_multiple":null,"tipo_instrucciones":"simple","instructions":null,"instructions_multiple":null,"drawings_ce":null,"2d_cad":null,"3d_cad":null,"revit":null,"ldt_photometric_files":null,"ies_photometric_files":null,"validador_detalles_producto":false,"tipo_especificacion":"certificados"}]},{"acf_fc_layout":"seccion_navtabs_imagen_dinamica","title_group":{"title_tag":"h2","title_txt":"Downloads"},"texto_intro_principal":false,"texto_introductorio":"","ventanas_detalles_producto":[{"title_group_producto_grid_single":{"title_tag":"h2","title_txt":""},"imagen_de_fondo_dinamic_single_producto":"[link_wp_dam_url ids=\"8057\"]","texto_contenido_ventana":false,"contenido_tabs_producto":"","acordion":false,"preguntas_y_respuestas":null,"cuadricula_de_colores":false,"componentes_producto":null,"descargables":true,"tipo_datasheet":"simple","datasheet":24991,"datasheet_multiple":null,"tipo_instrucciones":"multiple","instructions":11471,"instructions_multiple":[{"instructions_title":"CE","instructions_file":24999},{"instructions_title":"UL","instructions_file":25003}],"drawings_ce":14101,"2d_cad":14232,"3d_cad":13270,"revit":15552,"ldt_photometric_files":"","ies_photometric_files":11485,"validador_detalles_producto":false,"tipo_especificacion":""}]},{"acf_fc_layout":"seccion_consulta_nuestros_expertos","imagen_de_fondo_single_producto":"[link_wp_dam_url ids=\"14984\" size=\"x2400\"]","imagen_de_fondo_single_producto_mobile":"[link_wp_dam_url ids=\"8275\"]"},{"acf_fc_layout":"seccion_imagen_de_fondo_con_sub_menu","titulo_group_list_contet_proyectos":{"title_tag":"h3","title_txt":"Latina in der Stadt"},"ancla_copy2":"","proyectos_relacionados":[{"project":10927,"project_img":"[link_wp_dam_url ids=\"12902\"]"},{"project":7332,"project_img":"[link_wp_dam_url ids=\"12901\"]"},{"project":7735,"project_img":"[link_wp_dam_url ids=\"12903\"]"},{"project":7944,"project_img":"[link_wp_dam_url ids=\"12900\"]"}]}],"dist_simetrica":["wideflood"],"dist_asimetrica":"","dist_indirecta":"","dist_suelo":"","control":["1-10v","dali"],"certificados":["ce","ul","rohs","ip66","ik08","clase-i"],"nombre_arbol_entre_comillas":"","nombre_solo_plantas_field":"","isbn_campo_texto":"","autor_book_publicacion_producto":"","idioma_campo_texto":"","enquadernacion_campo_texto":"","_numero_de_paginas_campo_texto":"","pdf_asociado_producto":"","resumen_libro":"","text_content_family_basic_information":"","text_content_family_basic_number_width":"","text_content_family_basic_number_height":"","text_content_planting_density":"","flowers_option_colours":"","flowers_option_season":"","properties_option_pruning":"","properties_option_watering":"","properties_option_sun_exposure":"","properties_option_minimum_temp":"","properties_option_soil_type":"","properties_option_fire":"","properties_option_heat":"","properties_option_moisture":"","properties_option_dryness":"","properties_option_coastal_area":"","texto_introduccion_landing_custom":"","enlace_descubre_mas_custom":"","selecciona_tipo_de_imagen_custom":"","imagen_vertical_custom":"","imagen_horizontal_custom":"","opciones_de_texto_1":true,"opciones_de_texto_2":"acabado_standar","opciones_de_texto_3":""},"yoast_head":"<!-- This site is optimized with the Yoast SEO plugin v22.8 - https:\/\/yoast.com\/wordpress\/plugins\/seo\/ -->\n<title>Latina - Urbidermis<\/title>\n<meta name=\"robots\" content=\"index, follow, max-snippet:-1, max-image-preview:large, max-video-preview:-1\" \/>\n<link rel=\"canonical\" href=\"https:\/\/www.urbidermis.com\/de\/stadtbeleuchtung\/latina\/\" \/>\n<meta property=\"og:locale\" content=\"de_DE\" \/>\n<meta property=\"og:type\" content=\"article\" \/>\n<meta property=\"og:title\" content=\"Latina - Urbidermis\" \/>\n<meta property=\"og:description\" content=\"Stra\u00dfenlaterne im ausgesprochen attraktiven Design f\u00fcr die Beleuchtung gro\u00dfer urbaner R\u00e4ume. Sie weist die Form eines Lateinersegels auf und erinnert zugleich an die Hafenkr\u00e4ne. Folglich sorgt sie f\u00fcr Aufmerksamkeit, w\u00e4hrend ihre Gr\u00f6\u00dfe perfekt ihrer Funktion entspricht.\" \/>\n<meta property=\"og:url\" content=\"https:\/\/www.urbidermis.com\/de\/stadtbeleuchtung\/latina\/\" \/>\n<meta property=\"og:site_name\" content=\"Urbidermis\" \/>\n<meta property=\"article:modified_time\" content=\"2026-04-08T08:59:12+00:00\" \/>\n<meta property=\"og:image\" content=\"https:\/\/www.urbidermis.com\/wp-content\/uploads\/20190423_Spain_Malaga_Bulevar_Pablo_Raez_LTF_Jesus_Granada_03.jpg\" \/>\n\t<meta property=\"og:image:width\" content=\"1372\" \/>\n\t<meta property=\"og:image:height\" content=\"1920\" \/>\n\t<meta property=\"og:image:type\" content=\"image\/jpeg\" \/>\n<meta name=\"twitter:card\" content=\"summary_large_image\" \/>\n<script type=\"application\/ld+json\" class=\"yoast-schema-graph\">{\"@context\":\"https:\/\/schema.org\",\"@graph\":[{\"@type\":\"WebPage\",\"@id\":\"https:\/\/www.urbidermis.com\/de\/stadtbeleuchtung\/latina\/\",\"url\":\"https:\/\/www.urbidermis.com\/de\/stadtbeleuchtung\/latina\/\",\"name\":\"Latina - Urbidermis\",\"isPartOf\":{\"@id\":\"https:\/\/www.urbidermis.com\/de\/#website\"},\"primaryImageOfPage\":{\"@id\":\"https:\/\/www.urbidermis.com\/de\/stadtbeleuchtung\/latina\/#primaryimage\"},\"image\":{\"@id\":\"https:\/\/www.urbidermis.com\/de\/stadtbeleuchtung\/latina\/#primaryimage\"},\"thumbnailUrl\":\"https:\/\/www.urbidermis.com\/wp-content\/uploads\/20190423_Spain_Malaga_Bulevar_Pablo_Raez_LTF_Jesus_Granada_03.jpg\",\"datePublished\":\"2022-03-01T10:28:59+00:00\",\"dateModified\":\"2026-04-08T08:59:12+00:00\",\"breadcrumb\":{\"@id\":\"https:\/\/www.urbidermis.com\/de\/stadtbeleuchtung\/latina\/#breadcrumb\"},\"inLanguage\":\"de-DE\",\"potentialAction\":[{\"@type\":\"ReadAction\",\"target\":[\"https:\/\/www.urbidermis.com\/de\/stadtbeleuchtung\/latina\/\"]}]},{\"@type\":\"ImageObject\",\"inLanguage\":\"de-DE\",\"@id\":\"https:\/\/www.urbidermis.com\/de\/stadtbeleuchtung\/latina\/#primaryimage\",\"url\":\"https:\/\/www.urbidermis.com\/wp-content\/uploads\/20190423_Spain_Malaga_Bulevar_Pablo_Raez_LTF_Jesus_Granada_03.jpg\",\"contentUrl\":\"https:\/\/www.urbidermis.com\/wp-content\/uploads\/20190423_Spain_Malaga_Bulevar_Pablo_Raez_LTF_Jesus_Granada_03.jpg\",\"width\":1372,\"height\":1920},{\"@type\":\"BreadcrumbList\",\"@id\":\"https:\/\/www.urbidermis.com\/de\/stadtbeleuchtung\/latina\/#breadcrumb\",\"itemListElement\":[{\"@type\":\"ListItem\",\"position\":1,\"name\":\"Home\",\"item\":\"https:\/\/www.urbidermis.com\/de\/\"},{\"@type\":\"ListItem\",\"position\":2,\"name\":\"Produkte\",\"item\":\"https:\/\/www.urbidermis.com\/de\/produkte\/\"},{\"@type\":\"ListItem\",\"position\":3,\"name\":\"Latina\"}]},{\"@type\":\"WebSite\",\"@id\":\"https:\/\/www.urbidermis.com\/de\/#website\",\"url\":\"https:\/\/www.urbidermis.com\/de\/\",\"name\":\"Urbidermis\",\"description\":\"Especialistas en la ciudad\",\"publisher\":{\"@id\":\"https:\/\/www.urbidermis.com\/de\/#organization\"},\"potentialAction\":[{\"@type\":\"SearchAction\",\"target\":{\"@type\":\"EntryPoint\",\"urlTemplate\":\"https:\/\/www.urbidermis.com\/de\/?s={search_term_string}\"},\"query-input\":\"required name=search_term_string\"}],\"inLanguage\":\"de-DE\"},{\"@type\":\"Organization\",\"@id\":\"https:\/\/www.urbidermis.com\/de\/#organization\",\"name\":\"Urbidermis\",\"url\":\"https:\/\/www.urbidermis.com\/de\/\",\"logo\":{\"@type\":\"ImageObject\",\"inLanguage\":\"de-DE\",\"@id\":\"https:\/\/www.urbidermis.com\/de\/#\/schema\/logo\/image\/\",\"url\":\"https:\/\/www.urbidermis.com\/wp-content\/uploads\/logo_urbdermis-1.png\",\"contentUrl\":\"https:\/\/www.urbidermis.com\/wp-content\/uploads\/logo_urbdermis-1.png\",\"width\":601,\"height\":1033,\"caption\":\"Urbidermis\"},\"image\":{\"@id\":\"https:\/\/www.urbidermis.com\/de\/#\/schema\/logo\/image\/\"}}]}<\/script>\n<!-- \/ Yoast SEO plugin. -->","yoast_head_json":{"title":"Latina - Urbidermis","robots":{"index":"index","follow":"follow","max-snippet":"max-snippet:-1","max-image-preview":"max-image-preview:large","max-video-preview":"max-video-preview:-1"},"canonical":"https:\/\/www.urbidermis.com\/de\/stadtbeleuchtung\/latina\/","og_locale":"de_DE","og_type":"article","og_title":"Latina - Urbidermis","og_description":"Stra\u00dfenlaterne im ausgesprochen attraktiven Design f\u00fcr die Beleuchtung gro\u00dfer urbaner R\u00e4ume. Sie weist die Form eines Lateinersegels auf und erinnert zugleich an die Hafenkr\u00e4ne. Folglich sorgt sie f\u00fcr Aufmerksamkeit, w\u00e4hrend ihre Gr\u00f6\u00dfe perfekt ihrer Funktion entspricht.","og_url":"https:\/\/www.urbidermis.com\/de\/stadtbeleuchtung\/latina\/","og_site_name":"Urbidermis","article_modified_time":"2026-04-08T08:59:12+00:00","og_image":[{"width":1372,"height":1920,"url":"https:\/\/www.urbidermis.com\/wp-content\/uploads\/20190423_Spain_Malaga_Bulevar_Pablo_Raez_LTF_Jesus_Granada_03.jpg","type":"image\/jpeg"}],"twitter_card":"summary_large_image","schema":{"@context":"https:\/\/schema.org","@graph":[{"@type":"WebPage","@id":"https:\/\/www.urbidermis.com\/de\/stadtbeleuchtung\/latina\/","url":"https:\/\/www.urbidermis.com\/de\/stadtbeleuchtung\/latina\/","name":"Latina - Urbidermis","isPartOf":{"@id":"https:\/\/www.urbidermis.com\/de\/#website"},"primaryImageOfPage":{"@id":"https:\/\/www.urbidermis.com\/de\/stadtbeleuchtung\/latina\/#primaryimage"},"image":{"@id":"https:\/\/www.urbidermis.com\/de\/stadtbeleuchtung\/latina\/#primaryimage"},"thumbnailUrl":"https:\/\/www.urbidermis.com\/wp-content\/uploads\/20190423_Spain_Malaga_Bulevar_Pablo_Raez_LTF_Jesus_Granada_03.jpg","datePublished":"2022-03-01T10:28:59+00:00","dateModified":"2026-04-08T08:59:12+00:00","breadcrumb":{"@id":"https:\/\/www.urbidermis.com\/de\/stadtbeleuchtung\/latina\/#breadcrumb"},"inLanguage":"de-DE","potentialAction":[{"@type":"ReadAction","target":["https:\/\/www.urbidermis.com\/de\/stadtbeleuchtung\/latina\/"]}]},{"@type":"ImageObject","inLanguage":"de-DE","@id":"https:\/\/www.urbidermis.com\/de\/stadtbeleuchtung\/latina\/#primaryimage","url":"https:\/\/www.urbidermis.com\/wp-content\/uploads\/20190423_Spain_Malaga_Bulevar_Pablo_Raez_LTF_Jesus_Granada_03.jpg","contentUrl":"https:\/\/www.urbidermis.com\/wp-content\/uploads\/20190423_Spain_Malaga_Bulevar_Pablo_Raez_LTF_Jesus_Granada_03.jpg","width":1372,"height":1920},{"@type":"BreadcrumbList","@id":"https:\/\/www.urbidermis.com\/de\/stadtbeleuchtung\/latina\/#breadcrumb","itemListElement":[{"@type":"ListItem","position":1,"name":"Home","item":"https:\/\/www.urbidermis.com\/de\/"},{"@type":"ListItem","position":2,"name":"Produkte","item":"https:\/\/www.urbidermis.com\/de\/produkte\/"},{"@type":"ListItem","position":3,"name":"Latina"}]},{"@type":"WebSite","@id":"https:\/\/www.urbidermis.com\/de\/#website","url":"https:\/\/www.urbidermis.com\/de\/","name":"Urbidermis","description":"Especialistas en la ciudad","publisher":{"@id":"https:\/\/www.urbidermis.com\/de\/#organization"},"potentialAction":[{"@type":"SearchAction","target":{"@type":"EntryPoint","urlTemplate":"https:\/\/www.urbidermis.com\/de\/?s={search_term_string}"},"query-input":"required name=search_term_string"}],"inLanguage":"de-DE"},{"@type":"Organization","@id":"https:\/\/www.urbidermis.com\/de\/#organization","name":"Urbidermis","url":"https:\/\/www.urbidermis.com\/de\/","logo":{"@type":"ImageObject","inLanguage":"de-DE","@id":"https:\/\/www.urbidermis.com\/de\/#\/schema\/logo\/image\/","url":"https:\/\/www.urbidermis.com\/wp-content\/uploads\/logo_urbdermis-1.png","contentUrl":"https:\/\/www.urbidermis.com\/wp-content\/uploads\/logo_urbdermis-1.png","width":601,"height":1033,"caption":"Urbidermis"},"image":{"@id":"https:\/\/www.urbidermis.com\/de\/#\/schema\/logo\/image\/"}}]}},"_links":{"self":[{"href":"https:\/\/www.urbidermis.com\/de\/wp-json\/wp\/v2\/product\/7294"}],"collection":[{"href":"https:\/\/www.urbidermis.com\/de\/wp-json\/wp\/v2\/product"}],"about":[{"href":"https:\/\/www.urbidermis.com\/de\/wp-json\/wp\/v2\/types\/product"}],"acf:post":[{"embeddable":true,"href":"https:\/\/www.urbidermis.com\/de\/wp-json\/wp\/v2\/autores\/10748"}],"wp:featuredmedia":[{"embeddable":true,"href":"https:\/\/www.urbidermis.com\/de\/wp-json\/wp\/v2\/media\/8168"}],"wp:attachment":[{"href":"https:\/\/www.urbidermis.com\/de\/wp-json\/wp\/v2\/media?parent=7294"}],"wp:term":[{"taxonomy":"product_cat","embeddable":true,"href":"https:\/\/www.urbidermis.com\/de\/wp-json\/wp\/v2\/product_cat?post=7294"},{"taxonomy":"product_tag","embeddable":true,"href":"https:\/\/www.urbidermis.com\/de\/wp-json\/wp\/v2\/product_tag?post=7294"}],"curies":[{"name":"wp","href":"https:\/\/api.w.org\/{rel}","templated":true}]}}