


{"id":7705,"date":"2022-03-01T10:34:24","date_gmt":"2022-03-01T10:34:24","guid":{"rendered":"https:\/\/ubweb21.urbidermis.com\/product\/via-lactea-2\/"},"modified":"2026-04-10T13:58:52","modified_gmt":"2026-04-10T11:58:52","slug":"via-lactea-2","status":"publish","type":"product","link":"https:\/\/www.urbidermis.com\/de\/laubengaenge\/via-lactea-2\/","title":{"rendered":"V\u00eda L\u00e1ctea"},"content":{"rendered":"","protected":false},"excerpt":{"rendered":"<p>Ausgesprochen eleganter modularer Laubengang, die ideale Erg\u00e4nzung f\u00fcr eine soziale und landschaftliche Transformation. Seine Form stellt ein geordnetes und harmonisches Mikroarchitektur-System f\u00fcr den offenen Raum dar.<\/p>\n","protected":false},"featured_media":8212,"template":"","meta":{"_acf_changed":false,"inline_featured_image":false},"product_cat":[228,227],"product_tag":[],"acf":{"activador_seccion_impacto_acvs_secctions_acvs":true,"texto_enlace_amplifyapp":"Via_Lactea_Microarchitecture","codigos_acvs_matching_row-leds":[{"texto_pestana_item_fetch":"Pergola Holz","codigo_item_fetch":"VLP11"},{"texto_pestana_item_fetch":"Erweiterungsmodul Holz","codigo_item_fetch":"VLP21"},{"texto_pestana_item_fetch":"Pergola Photovoltaik","codigo_item_fetch":"VLP13"},{"texto_pestana_item_fetch":"Erweiterungsmodul Photovoltaik","codigo_item_fetch":"VLP23"}],"activator_acf_option_madera_text":false,"texto_bajo_btn_certificados":"","check_para_validar_no_secc_aplication":false,"is_protocolo_y_control_generic":true,"is_producto_residencial_para_mostrar_info_diferente":false,"is_plano_de_cotas_validator":true,"galeria_multidimension_imagenes_plano_de_cotas_proyector":[{"texto_pestana_plano_galeria":"Photovoltaik","imagen_plano_de_cotas":"[link_wp_dam_url ids=\"14502\"]"},{"texto_pestana_plano_galeria":"Schatten","imagen_plano_de_cotas":"[link_wp_dam_url ids=\"14839\"]"}],"premios_producto_repeater":null,"participantes":"","autores":[10236],"ano_creacion_producto":"1990","validacion_producto_descarga":true,"galeria_imagenes_repeater_libro":[{"imagen_item_gal":"[link_wp_dam_url ids=\"13754\"]","activar_video_item_gal":false,"portada_video_item_gal":null,"video_en_horizonal_item_gal":false,"video_item_gal":false},{"imagen_item_gal":"[link_wp_dam_url ids=\"13755\"]","activar_video_item_gal":false,"portada_video_item_gal":null,"video_en_horizonal_item_gal":false,"video_item_gal":false},{"imagen_item_gal":"[link_wp_dam_url ids=\"14740\"]","activar_video_item_gal":false,"portada_video_item_gal":null,"video_en_horizonal_item_gal":false,"video_item_gal":false},{"imagen_item_gal":"[link_wp_dam_url ids=\"14741\"]","activar_video_item_gal":false,"portada_video_item_gal":null,"video_en_horizonal_item_gal":false,"video_item_gal":false}],"secciones_producto":[{"acf_fc_layout":"seccion_navtabs_imagen_dinamica","title_group":{"title_tag":"h2","title_txt":"Elegante Details"},"texto_intro_principal":true,"texto_introductorio":"V\u00eda L\u00e1ctea spendet einen angenehmen Schatten durch ihr weitl\u00e4ufiges Holzgitterdach sowie eine lineare Beleuchtung an einer der Seiten. Der Laubengang V\u00eda L\u00e1ctea l\u00e4sst sich zu einer durchgehenden \u00dcberdachung zusammenf\u00fcgen, die den offenen Raum strukturiert.","ventanas_detalles_producto":[{"title_group_producto_grid_single":{"title_tag":"h2","title_txt":"Materialien"},"imagen_de_fondo_dinamic_single_producto":"","texto_contenido_ventana":true,"contenido_tabs_producto":"<ul>\r\n \t<li>Weitl\u00e4ufige schattenspendende \u00dcberdachung (18 m2), bestehend aus Modulen aus doppeltem geh\u00e4rtetem Glas (4 mm) mit in Polymer eingekapselten Hochleistungs-PERC-Solarzellen oder aus acht Modulen aus autoklavierten Kiefernholzlamellen.<\/li>\r\n \t<li>Tragestruktur mit zwei 100\u00d750 mm gro\u00dfen Seitentr\u00e4gern, drei 150\u00d7100 mm gro\u00dfen rechteckigen Grundpfeilern und einem 100\u00d750 mm gro\u00dfen Gabeltr\u00e4ger aus feuerverzinktem Stahl S275 JR mit lackierter Oberfl\u00e4che mit C3.<\/li>\r\n \t<li>Geh\u00e4use f\u00fcr zwei Leuchten, hergestellt aus einem rechteckigen Profil aus demselben Material und derselben Oberfl\u00e4che.<\/li>\r\n \t<li>Lineare LED-Leuchte und Polycarbonat-Diffusor.<\/li>\r\n \t<li>Schrauben aus A2-Edelstahl.<\/li>\r\n<\/ul>","acordion":false,"preguntas_y_respuestas":null,"cuadricula_de_colores":false,"componentes_producto":null,"descargables":false,"tipo_datasheet":"simple","datasheet":null,"datasheet_multiple":null,"tipo_instrucciones":"simple","instructions":null,"instructions_multiple":null,"drawings_ce":null,"2d_cad":null,"3d_cad":null,"revit":null,"ldt_photometric_files":null,"ies_photometric_files":null,"validador_detalles_producto":false,"tipo_especificacion":"distribucion"},{"title_group_producto_grid_single":{"title_tag":"h2","title_txt":"Ausf\u00fchrungen"},"imagen_de_fondo_dinamic_single_producto":"","texto_contenido_ventana":true,"contenido_tabs_producto":"Die angezeigten Farben dienen nur als Beispiel.\r\nAndere Farben auf Anfrage erh\u00e4ltlich.\r\nAusf\u00fchrungen f\u00fcr K\u00fcstenklima auf Anfrage.","acordion":false,"preguntas_y_respuestas":null,"cuadricula_de_colores":true,"componentes_producto":[{"nombre_componente":"Struktur","colores":["acero-galvanizado"]},{"nombre_componente":"Deck","colores":["pino_autoclave","panel_solar"]}],"descargables":false,"tipo_datasheet":"simple","datasheet":null,"datasheet_multiple":null,"tipo_instrucciones":"simple","instructions":null,"instructions_multiple":null,"drawings_ce":null,"2d_cad":null,"3d_cad":null,"revit":null,"ldt_photometric_files":null,"ies_photometric_files":null,"validador_detalles_producto":false,"tipo_especificacion":""},{"title_group_producto_grid_single":{"title_tag":"h2","title_txt":"Lichtquelle"},"imagen_de_fondo_dinamic_single_producto":"","texto_contenido_ventana":true,"contenido_tabs_producto":"<strong>Leistung des Systems (W)<\/strong>\r\n\r\nHocheffiziente Leuchtmittelgruppe\r\n<ul>\r\n \t<li>1 x 1,2 m Lineal LED 32W<\/li>\r\n<\/ul>\r\n&nbsp;\r\n\r\n<strong>Farbtemperatur (K)<\/strong>\r\n<ul>\r\n \t<li>3000 K 80 CRI<\/li>\r\n<\/ul>","acordion":false,"preguntas_y_respuestas":null,"cuadricula_de_colores":false,"componentes_producto":null,"descargables":false,"tipo_datasheet":"simple","datasheet":null,"datasheet_multiple":null,"tipo_instrucciones":"simple","instructions":null,"instructions_multiple":null,"drawings_ce":null,"2d_cad":null,"3d_cad":null,"revit":null,"ldt_photometric_files":null,"ies_photometric_files":null,"validador_detalles_producto":false,"tipo_especificacion":"control"},{"title_group_producto_grid_single":{"title_tag":"h2","title_txt":"H\u00f6henplan"},"imagen_de_fondo_dinamic_single_producto":"","texto_contenido_ventana":false,"contenido_tabs_producto":"4,8 kWp pro Modul (310 Wp x 8 Photovoltaikmodule)\r\nStandard-Testbedingungen: 1000 W\/m<sup>2<\/sup> Strahlungsst\u00e4rke, spektrale Verteilung AM 1,5, Temperatur 25 \u00b12 \u00baC","acordion":false,"preguntas_y_respuestas":null,"cuadricula_de_colores":false,"componentes_producto":null,"descargables":false,"tipo_datasheet":"simple","datasheet":null,"datasheet_multiple":null,"tipo_instrucciones":"simple","instructions":null,"instructions_multiple":null,"drawings_ce":null,"2d_cad":null,"3d_cad":null,"revit":null,"ldt_photometric_files":null,"ies_photometric_files":null,"validador_detalles_producto":false,"tipo_especificacion":"certificados"},{"title_group_producto_grid_single":{"title_tag":"h2","title_txt":"Lichtverteilung"},"imagen_de_fondo_dinamic_single_producto":"","texto_contenido_ventana":false,"contenido_tabs_producto":"","acordion":false,"preguntas_y_respuestas":null,"cuadricula_de_colores":false,"componentes_producto":null,"descargables":false,"tipo_datasheet":"simple","datasheet":null,"datasheet_multiple":null,"tipo_instrucciones":"simple","instructions":null,"instructions_multiple":null,"drawings_ce":null,"2d_cad":null,"3d_cad":null,"revit":null,"ldt_photometric_files":null,"ies_photometric_files":null,"validador_detalles_producto":true,"tipo_especificacion":"distribucion"},{"title_group_producto_grid_single":{"title_tag":"h2","title_txt":"Protokolle und Steuerung"},"imagen_de_fondo_dinamic_single_producto":"","texto_contenido_ventana":false,"contenido_tabs_producto":"Zwei Niveaus per Leitungstreiber.\r\n\r\nLichtstromeinstellung.\r\n\r\nProgrammierbarer Timer.","acordion":false,"preguntas_y_respuestas":null,"cuadricula_de_colores":false,"componentes_producto":[{"nombre_componente":"","colores":["gris_claro"]},{"nombre_componente":"","colores":["pino_autoclave"]}],"descargables":false,"tipo_datasheet":"simple","datasheet":null,"datasheet_multiple":null,"tipo_instrucciones":"simple","instructions":null,"instructions_multiple":null,"drawings_ce":null,"2d_cad":null,"3d_cad":null,"revit":null,"ldt_photometric_files":null,"ies_photometric_files":null,"validador_detalles_producto":true,"tipo_especificacion":"control"},{"title_group_producto_grid_single":{"title_tag":"h2","title_txt":"Installation"},"imagen_de_fondo_dinamic_single_producto":"","texto_contenido_ventana":true,"contenido_tabs_producto":"<ul>\r\n \t<li>Verankerung der Maste vor Ort mittels Betonkubus 20 cm unterhalb des Stra\u00dfenbelags (mit Nut f\u00fcr den elektrischen Anschluss bei der Lichtversion) und vier Spreizd\u00fcbeln pro Mast.<\/li>\r\n \t<li>Vollmechanische Installation mittels Schrauben aus A2-Edelstahl, ohne Verschwei\u00dfung.<\/li>\r\n \t<li>Das Element wird unmontiert in sechs Komponenten geliefert: S\u00e4ule, seitliche S\u00e4ule, Tragestruktur, Holzdach, K\u00f6rper f\u00fcr die Leuchten und Leuchten.<\/li>\r\n \t<li>Inklusive Installations- und Montageanleitung, Schrauben, Vorlage, Zierblende und Spreizd\u00fcbel.<\/li>\r\n<\/ul>","acordion":false,"preguntas_y_respuestas":null,"cuadricula_de_colores":false,"componentes_producto":[{"nombre_componente":"Struktur","colores":["gris_claro"]},{"nombre_componente":"Deck","colores":["pino_autoclave","panel_solar"]}],"descargables":false,"tipo_datasheet":"simple","datasheet":null,"datasheet_multiple":null,"tipo_instrucciones":"simple","instructions":null,"instructions_multiple":null,"drawings_ce":null,"2d_cad":null,"3d_cad":null,"revit":null,"ldt_photometric_files":null,"ies_photometric_files":null,"validador_detalles_producto":false,"tipo_especificacion":""},{"title_group_producto_grid_single":{"title_tag":"h2","title_txt":"Wartung"},"imagen_de_fondo_dinamic_single_producto":"","texto_contenido_ventana":true,"contenido_tabs_producto":"<ul>\r\n \t<li>Ben\u00f6tigt keine Funktionswartung, au\u00dfer f\u00fcr den Erhalt der Originalfarbe der Holzgitter.<\/li>\r\n \t<li>Das Element ist konzipiert f\u00fcr einen Boden des Typs II und einer Windst\u00e4rke von 29m\/s, mit lockerem oder feuchtem, halbdichtem Sandboden (E0= 4800 kN\/m2) und Befestigung mit Beton HM-20. Wir k\u00f6nnen die Modelle f\u00fcr schwierige Bodentypen und anspruchsvollere klimatische Bedingungen anpassen.<\/li>\r\n<\/ul>","acordion":false,"preguntas_y_respuestas":null,"cuadricula_de_colores":false,"componentes_producto":null,"descargables":false,"tipo_datasheet":"simple","datasheet":null,"datasheet_multiple":null,"tipo_instrucciones":"simple","instructions":null,"instructions_multiple":null,"drawings_ce":null,"2d_cad":null,"3d_cad":null,"revit":null,"ldt_photometric_files":null,"ies_photometric_files":null,"validador_detalles_producto":false,"tipo_especificacion":""},{"title_group_producto_grid_single":{"title_tag":"h2","title_txt":"Zertifizierungen"},"imagen_de_fondo_dinamic_single_producto":"","texto_contenido_ventana":false,"contenido_tabs_producto":"Ben\u00f6tigt keine Funktionswartung, au\u00dfer f\u00fcr den Erhalt der Originalfarbe der Holzgitter.\r\n\r\nDas Element ist konzipiert f\u00fcr einen Boden des Typs II und einer Windst\u00e4rke von 29m\/s, mit lockerem oder feuchtem, halbdichtem Sandboden (E0= 4800\u00a0kN\/m<sup>2<\/sup>) und Befestigung mit Beton HM-20. Wir k\u00f6nnen die Modelle f\u00fcr schwierige Bodentypen und anspruchsvollere klimatische Bedingungen anpassen.","acordion":false,"preguntas_y_respuestas":null,"cuadricula_de_colores":false,"componentes_producto":null,"descargables":false,"tipo_datasheet":"simple","datasheet":null,"datasheet_multiple":null,"tipo_instrucciones":"simple","instructions":null,"instructions_multiple":null,"drawings_ce":null,"2d_cad":null,"3d_cad":null,"revit":null,"ldt_photometric_files":null,"ies_photometric_files":null,"validador_detalles_producto":true,"tipo_especificacion":"certificados"},{"title_group_producto_grid_single":{"title_tag":"h2","title_txt":"Energieproduktion"},"imagen_de_fondo_dinamic_single_producto":"","texto_contenido_ventana":true,"contenido_tabs_producto":"<ul>\r\n \t<li>4,8 kWp pro Modul (310 Wp x 8 Photovoltaikmodule)<\/li>\r\n \t<li>Standard-Testbedingungen:<\/li>\r\n<\/ul>\r\n- 1000 W\/m\u00b2 Strahlungsst\u00e4rke\r\n- Spektrale Verteilung AM 1,5\r\n- Temperatur 25 \u00b12 \u00baC","acordion":false,"preguntas_y_respuestas":null,"cuadricula_de_colores":false,"componentes_producto":null,"descargables":false,"tipo_datasheet":"simple","datasheet":null,"datasheet_multiple":null,"tipo_instrucciones":"simple","instructions":null,"instructions_multiple":null,"drawings_ce":null,"2d_cad":null,"3d_cad":null,"revit":null,"ldt_photometric_files":null,"ies_photometric_files":null,"validador_detalles_producto":false,"tipo_especificacion":""}]},{"acf_fc_layout":"seccion_navtabs_imagen_dinamica","title_group":{"title_tag":"h2","title_txt":"Typologie"},"texto_intro_principal":false,"texto_introductorio":"","ventanas_detalles_producto":[{"title_group_producto_grid_single":{"title_tag":"h2","title_txt":"Photovoltaik"},"imagen_de_fondo_dinamic_single_producto":"[link_wp_dam_url ids=\"7924\"]","texto_contenido_ventana":true,"contenido_tabs_producto":"Die D\u00e4cher mit Solarzellen leisten der Gemeinschaft gute Dienste. Diese Elemente erzeugen saubere, erneuerbare und lokale Energie und dienen zugleich als Schutz im Freien. Sie zeichnen sich durch ihre gut konzipierte Konstruktion und angemessenen Proportionen aus.","acordion":true,"preguntas_y_respuestas":[{"pregunta":"Gewicht","respuesta":"Hauptmodul: 844\r\nZus\u00e4tzliches Modul: 725\r\n\r\n*Ungef\u00e4hres Gewicht ohne Verpackung (kg)"}],"cuadricula_de_colores":false,"componentes_producto":null,"descargables":false,"tipo_datasheet":"simple","datasheet":null,"datasheet_multiple":null,"tipo_instrucciones":"simple","instructions":null,"instructions_multiple":null,"drawings_ce":null,"2d_cad":null,"3d_cad":null,"revit":null,"ldt_photometric_files":null,"ies_photometric_files":null,"validador_detalles_producto":false,"tipo_especificacion":""},{"title_group_producto_grid_single":{"title_tag":"h2","title_txt":"Schatten"},"imagen_de_fondo_dinamic_single_producto":"[link_wp_dam_url ids=\"13753\"]","texto_contenido_ventana":true,"contenido_tabs_producto":"Schattend\u00e4cher strukturieren Stadtbilder und regen zu neuen Nutzungen und Interaktionsr\u00e4umen an. Projektionsschirme zum Schutz vor Tageslicht oder Regen, mit wetterbest\u00e4ndigen und langlebigen Materialien, mit eleganten und ausgewogenen Details.","acordion":true,"preguntas_y_respuestas":[{"pregunta":"Gewicht","respuesta":"Hauptmodul: 844\r\nZus\u00e4tzliches Modul: 725\r\n\r\n*Ungef\u00e4hres Gewicht ohne Verpackung (kg)"}],"cuadricula_de_colores":false,"componentes_producto":null,"descargables":false,"tipo_datasheet":"simple","datasheet":null,"datasheet_multiple":null,"tipo_instrucciones":"simple","instructions":null,"instructions_multiple":null,"drawings_ce":null,"2d_cad":null,"3d_cad":null,"revit":null,"ldt_photometric_files":null,"ies_photometric_files":null,"validador_detalles_producto":false,"tipo_especificacion":""}]},{"acf_fc_layout":"seccion_navtabs_imagen_dinamica","title_group":{"title_tag":"h2","title_txt":"Downloads"},"texto_intro_principal":false,"texto_introductorio":"","ventanas_detalles_producto":[{"title_group_producto_grid_single":{"title_tag":"h2","title_txt":""},"imagen_de_fondo_dinamic_single_producto":"","texto_contenido_ventana":false,"contenido_tabs_producto":"","acordion":false,"preguntas_y_respuestas":null,"cuadricula_de_colores":false,"componentes_producto":null,"descargables":true,"tipo_datasheet":"simple","datasheet":18706,"datasheet_multiple":null,"tipo_instrucciones":"multiple","instructions":null,"instructions_multiple":[{"instructions_title":"Mit Licht","instructions_file":12827},{"instructions_title":"Ohne Licht","instructions_file":12831}],"drawings_ce":15508,"2d_cad":15512,"3d_cad":13902,"revit":"","ldt_photometric_files":"","ies_photometric_files":12835,"validador_detalles_producto":false,"tipo_especificacion":""}]},{"acf_fc_layout":"seccion_consulta_nuestros_expertos","imagen_de_fondo_single_producto":"[link_wp_dam_url ids=\"13752\" size=\"x2400\"]","imagen_de_fondo_single_producto_mobile":""},{"acf_fc_layout":"seccion_imagen_de_fondo_con_sub_menu","titulo_group_list_contet_proyectos":{"title_tag":"h3","title_txt":"V\u00eda L\u00e1ctea in der Stadt"},"ancla_copy2":"","proyectos_relacionados":[{"project":15431,"project_img":"[link_wp_dam_url ids=\"13749\"]"},{"project":6335,"project_img":"[link_wp_dam_url ids=\"5744\"]"},{"project":18509,"project_img":"[link_wp_dam_url ids=\"13750\"]"},{"project":6508,"project_img":"[link_wp_dam_url ids=\"13751\"]"}]}],"dist_simetrica":"","dist_asimetrica":["type-v"],"dist_indirecta":"","dist_suelo":"","control":["1-10v","dali"],"certificados":["ce","rohs","ip66","ik08","clase-i"],"nombre_arbol_entre_comillas":"","nombre_solo_plantas_field":"","isbn_campo_texto":"","autor_book_publicacion_producto":"","idioma_campo_texto":"","enquadernacion_campo_texto":"","_numero_de_paginas_campo_texto":"","pdf_asociado_producto":"","resumen_libro":"","text_content_family_basic_information":"","text_content_family_basic_number_width":"","text_content_family_basic_number_height":"","text_content_planting_density":"","flowers_option_colours":"","flowers_option_season":"","properties_option_pruning":"","properties_option_watering":"","properties_option_sun_exposure":"","properties_option_minimum_temp":"","properties_option_soil_type":"","properties_option_fire":"","properties_option_heat":"","properties_option_moisture":"","properties_option_dryness":"","properties_option_coastal_area":"","texto_introduccion_landing_custom":"","enlace_descubre_mas_custom":"","selecciona_tipo_de_imagen_custom":"","imagen_vertical_custom":"","imagen_horizontal_custom":"","opciones_de_texto_1":true,"opciones_de_texto_2":"acabado_standar","opciones_de_texto_3":""},"yoast_head":"<!-- This site is optimized with the Yoast SEO plugin v22.8 - https:\/\/yoast.com\/wordpress\/plugins\/seo\/ -->\n<title>V\u00eda L\u00e1ctea - Urbidermis<\/title>\n<meta name=\"robots\" content=\"index, follow, max-snippet:-1, max-image-preview:large, max-video-preview:-1\" \/>\n<link rel=\"canonical\" href=\"https:\/\/www.urbidermis.com\/de\/laubengaenge\/via-lactea-2\/\" \/>\n<meta property=\"og:locale\" content=\"de_DE\" \/>\n<meta property=\"og:type\" content=\"article\" \/>\n<meta property=\"og:title\" content=\"V\u00eda L\u00e1ctea - Urbidermis\" \/>\n<meta property=\"og:description\" content=\"Ausgesprochen eleganter modularer Laubengang, die ideale Erg\u00e4nzung f\u00fcr eine soziale und landschaftliche Transformation. Seine Form stellt ein geordnetes und harmonisches Mikroarchitektur-System f\u00fcr den offenen Raum dar.\" \/>\n<meta property=\"og:url\" content=\"https:\/\/www.urbidermis.com\/de\/laubengaenge\/via-lactea-2\/\" \/>\n<meta property=\"og:site_name\" content=\"Urbidermis\" \/>\n<meta property=\"article:modified_time\" content=\"2026-04-10T11:58:52+00:00\" \/>\n<meta property=\"og:image\" content=\"https:\/\/www.urbidermis.com\/wp-content\/uploads\/20040223_VLP_03.jpg\" \/>\n\t<meta property=\"og:image:width\" content=\"771\" \/>\n\t<meta property=\"og:image:height\" content=\"1080\" \/>\n\t<meta property=\"og:image:type\" content=\"image\/jpeg\" \/>\n<meta name=\"twitter:card\" content=\"summary_large_image\" \/>\n<script type=\"application\/ld+json\" class=\"yoast-schema-graph\">{\"@context\":\"https:\/\/schema.org\",\"@graph\":[{\"@type\":\"WebPage\",\"@id\":\"https:\/\/www.urbidermis.com\/de\/laubengaenge\/via-lactea-2\/\",\"url\":\"https:\/\/www.urbidermis.com\/de\/laubengaenge\/via-lactea-2\/\",\"name\":\"V\u00eda L\u00e1ctea - Urbidermis\",\"isPartOf\":{\"@id\":\"https:\/\/www.urbidermis.com\/de\/#website\"},\"primaryImageOfPage\":{\"@id\":\"https:\/\/www.urbidermis.com\/de\/laubengaenge\/via-lactea-2\/#primaryimage\"},\"image\":{\"@id\":\"https:\/\/www.urbidermis.com\/de\/laubengaenge\/via-lactea-2\/#primaryimage\"},\"thumbnailUrl\":\"https:\/\/www.urbidermis.com\/wp-content\/uploads\/20040223_VLP_03.jpg\",\"datePublished\":\"2022-03-01T10:34:24+00:00\",\"dateModified\":\"2026-04-10T11:58:52+00:00\",\"breadcrumb\":{\"@id\":\"https:\/\/www.urbidermis.com\/de\/laubengaenge\/via-lactea-2\/#breadcrumb\"},\"inLanguage\":\"de-DE\",\"potentialAction\":[{\"@type\":\"ReadAction\",\"target\":[\"https:\/\/www.urbidermis.com\/de\/laubengaenge\/via-lactea-2\/\"]}]},{\"@type\":\"ImageObject\",\"inLanguage\":\"de-DE\",\"@id\":\"https:\/\/www.urbidermis.com\/de\/laubengaenge\/via-lactea-2\/#primaryimage\",\"url\":\"https:\/\/www.urbidermis.com\/wp-content\/uploads\/20040223_VLP_03.jpg\",\"contentUrl\":\"https:\/\/www.urbidermis.com\/wp-content\/uploads\/20040223_VLP_03.jpg\",\"width\":771,\"height\":1080},{\"@type\":\"BreadcrumbList\",\"@id\":\"https:\/\/www.urbidermis.com\/de\/laubengaenge\/via-lactea-2\/#breadcrumb\",\"itemListElement\":[{\"@type\":\"ListItem\",\"position\":1,\"name\":\"Home\",\"item\":\"https:\/\/www.urbidermis.com\/de\/\"},{\"@type\":\"ListItem\",\"position\":2,\"name\":\"Produkte\",\"item\":\"https:\/\/www.urbidermis.com\/de\/produkte\/\"},{\"@type\":\"ListItem\",\"position\":3,\"name\":\"V\u00eda L\u00e1ctea\"}]},{\"@type\":\"WebSite\",\"@id\":\"https:\/\/www.urbidermis.com\/de\/#website\",\"url\":\"https:\/\/www.urbidermis.com\/de\/\",\"name\":\"Urbidermis\",\"description\":\"Especialistas en la ciudad\",\"publisher\":{\"@id\":\"https:\/\/www.urbidermis.com\/de\/#organization\"},\"potentialAction\":[{\"@type\":\"SearchAction\",\"target\":{\"@type\":\"EntryPoint\",\"urlTemplate\":\"https:\/\/www.urbidermis.com\/de\/?s={search_term_string}\"},\"query-input\":\"required name=search_term_string\"}],\"inLanguage\":\"de-DE\"},{\"@type\":\"Organization\",\"@id\":\"https:\/\/www.urbidermis.com\/de\/#organization\",\"name\":\"Urbidermis\",\"url\":\"https:\/\/www.urbidermis.com\/de\/\",\"logo\":{\"@type\":\"ImageObject\",\"inLanguage\":\"de-DE\",\"@id\":\"https:\/\/www.urbidermis.com\/de\/#\/schema\/logo\/image\/\",\"url\":\"https:\/\/www.urbidermis.com\/wp-content\/uploads\/logo_urbdermis-1.png\",\"contentUrl\":\"https:\/\/www.urbidermis.com\/wp-content\/uploads\/logo_urbdermis-1.png\",\"width\":601,\"height\":1033,\"caption\":\"Urbidermis\"},\"image\":{\"@id\":\"https:\/\/www.urbidermis.com\/de\/#\/schema\/logo\/image\/\"}}]}<\/script>\n<!-- \/ Yoast SEO plugin. -->","yoast_head_json":{"title":"V\u00eda L\u00e1ctea - Urbidermis","robots":{"index":"index","follow":"follow","max-snippet":"max-snippet:-1","max-image-preview":"max-image-preview:large","max-video-preview":"max-video-preview:-1"},"canonical":"https:\/\/www.urbidermis.com\/de\/laubengaenge\/via-lactea-2\/","og_locale":"de_DE","og_type":"article","og_title":"V\u00eda L\u00e1ctea - Urbidermis","og_description":"Ausgesprochen eleganter modularer Laubengang, die ideale Erg\u00e4nzung f\u00fcr eine soziale und landschaftliche Transformation. Seine Form stellt ein geordnetes und harmonisches Mikroarchitektur-System f\u00fcr den offenen Raum dar.","og_url":"https:\/\/www.urbidermis.com\/de\/laubengaenge\/via-lactea-2\/","og_site_name":"Urbidermis","article_modified_time":"2026-04-10T11:58:52+00:00","og_image":[{"width":771,"height":1080,"url":"https:\/\/www.urbidermis.com\/wp-content\/uploads\/20040223_VLP_03.jpg","type":"image\/jpeg"}],"twitter_card":"summary_large_image","schema":{"@context":"https:\/\/schema.org","@graph":[{"@type":"WebPage","@id":"https:\/\/www.urbidermis.com\/de\/laubengaenge\/via-lactea-2\/","url":"https:\/\/www.urbidermis.com\/de\/laubengaenge\/via-lactea-2\/","name":"V\u00eda L\u00e1ctea - Urbidermis","isPartOf":{"@id":"https:\/\/www.urbidermis.com\/de\/#website"},"primaryImageOfPage":{"@id":"https:\/\/www.urbidermis.com\/de\/laubengaenge\/via-lactea-2\/#primaryimage"},"image":{"@id":"https:\/\/www.urbidermis.com\/de\/laubengaenge\/via-lactea-2\/#primaryimage"},"thumbnailUrl":"https:\/\/www.urbidermis.com\/wp-content\/uploads\/20040223_VLP_03.jpg","datePublished":"2022-03-01T10:34:24+00:00","dateModified":"2026-04-10T11:58:52+00:00","breadcrumb":{"@id":"https:\/\/www.urbidermis.com\/de\/laubengaenge\/via-lactea-2\/#breadcrumb"},"inLanguage":"de-DE","potentialAction":[{"@type":"ReadAction","target":["https:\/\/www.urbidermis.com\/de\/laubengaenge\/via-lactea-2\/"]}]},{"@type":"ImageObject","inLanguage":"de-DE","@id":"https:\/\/www.urbidermis.com\/de\/laubengaenge\/via-lactea-2\/#primaryimage","url":"https:\/\/www.urbidermis.com\/wp-content\/uploads\/20040223_VLP_03.jpg","contentUrl":"https:\/\/www.urbidermis.com\/wp-content\/uploads\/20040223_VLP_03.jpg","width":771,"height":1080},{"@type":"BreadcrumbList","@id":"https:\/\/www.urbidermis.com\/de\/laubengaenge\/via-lactea-2\/#breadcrumb","itemListElement":[{"@type":"ListItem","position":1,"name":"Home","item":"https:\/\/www.urbidermis.com\/de\/"},{"@type":"ListItem","position":2,"name":"Produkte","item":"https:\/\/www.urbidermis.com\/de\/produkte\/"},{"@type":"ListItem","position":3,"name":"V\u00eda L\u00e1ctea"}]},{"@type":"WebSite","@id":"https:\/\/www.urbidermis.com\/de\/#website","url":"https:\/\/www.urbidermis.com\/de\/","name":"Urbidermis","description":"Especialistas en la ciudad","publisher":{"@id":"https:\/\/www.urbidermis.com\/de\/#organization"},"potentialAction":[{"@type":"SearchAction","target":{"@type":"EntryPoint","urlTemplate":"https:\/\/www.urbidermis.com\/de\/?s={search_term_string}"},"query-input":"required name=search_term_string"}],"inLanguage":"de-DE"},{"@type":"Organization","@id":"https:\/\/www.urbidermis.com\/de\/#organization","name":"Urbidermis","url":"https:\/\/www.urbidermis.com\/de\/","logo":{"@type":"ImageObject","inLanguage":"de-DE","@id":"https:\/\/www.urbidermis.com\/de\/#\/schema\/logo\/image\/","url":"https:\/\/www.urbidermis.com\/wp-content\/uploads\/logo_urbdermis-1.png","contentUrl":"https:\/\/www.urbidermis.com\/wp-content\/uploads\/logo_urbdermis-1.png","width":601,"height":1033,"caption":"Urbidermis"},"image":{"@id":"https:\/\/www.urbidermis.com\/de\/#\/schema\/logo\/image\/"}}]}},"_links":{"self":[{"href":"https:\/\/www.urbidermis.com\/de\/wp-json\/wp\/v2\/product\/7705"}],"collection":[{"href":"https:\/\/www.urbidermis.com\/de\/wp-json\/wp\/v2\/product"}],"about":[{"href":"https:\/\/www.urbidermis.com\/de\/wp-json\/wp\/v2\/types\/product"}],"acf:post":[{"embeddable":true,"href":"https:\/\/www.urbidermis.com\/de\/wp-json\/wp\/v2\/autores\/10236"}],"wp:featuredmedia":[{"embeddable":true,"href":"https:\/\/www.urbidermis.com\/de\/wp-json\/wp\/v2\/media\/8212"}],"wp:attachment":[{"href":"https:\/\/www.urbidermis.com\/de\/wp-json\/wp\/v2\/media?parent=7705"}],"wp:term":[{"taxonomy":"product_cat","embeddable":true,"href":"https:\/\/www.urbidermis.com\/de\/wp-json\/wp\/v2\/product_cat?post=7705"},{"taxonomy":"product_tag","embeddable":true,"href":"https:\/\/www.urbidermis.com\/de\/wp-json\/wp\/v2\/product_tag?post=7705"}],"curies":[{"name":"wp","href":"https:\/\/api.w.org\/{rel}","templated":true}]}}