


{"id":8501,"date":"2022-03-01T10:35:37","date_gmt":"2022-03-01T10:35:37","guid":{"rendered":"https:\/\/ubweb21.urbidermis.com\/product\/108-2\/"},"modified":"2026-04-08T14:23:47","modified_gmt":"2026-04-08T12:23:47","slug":"108-2","status":"publish","type":"product","link":"https:\/\/www.urbidermis.com\/de\/stadtmobiliar\/108-2\/","title":{"rendered":"108"},"content":{"rendered":"","protected":false},"excerpt":{"rendered":"<p>Parkbank mit Rautenformen und einem Winkel, der der Umgestaltung der Landschaft f\u00fcr soziale Zwecke dient. Die Bank 108 ha bildet Begrenzungen, umfasst Land und bildet Entspannungszonen. Durch ihre Schlichtheit, Diskretion und Robustheit passt sie sich den unterschiedlichsten urbanen R\u00e4umen an.<\/p>\n","protected":false},"featured_media":8667,"template":"","meta":{"_acf_changed":false,"inline_featured_image":false},"product_cat":[214,213],"product_tag":[],"acf":{"activador_seccion_impacto_acvs_secctions_acvs":true,"texto_enlace_amplifyapp":"108_Urban_furniture","codigos_acvs_matching_row-leds":[{"texto_pestana_item_fetch":"Niedrige Stufe 1,2 m","codigo_item_fetch":"C8BPB1"},{"texto_pestana_item_fetch":"Hohe Stufe 1,2 m","codigo_item_fetch":"C8BPA1"},{"texto_pestana_item_fetch":"Bank ohne R\u00fcckenlehne 0,48 m","codigo_item_fetch":"C8B11"},{"texto_pestana_item_fetch":"Bank mit R\u00fcckenlehne 0,48 m","codigo_item_fetch":"C8B21"},{"texto_pestana_item_fetch":"Bank ohne R\u00fcckenlehne 1,5 m","codigo_item_fetch":"C8B31"},{"texto_pestana_item_fetch":"Bank mit R\u00fcckenlehne 1,5 m","codigo_item_fetch":"C8B41"}],"activator_acf_option_madera_text":false,"texto_bajo_btn_certificados":"","check_para_validar_no_secc_aplication":false,"is_protocolo_y_control_generic":false,"is_producto_residencial_para_mostrar_info_diferente":false,"is_plano_de_cotas_validator":true,"galeria_multidimension_imagenes_plano_de_cotas_proyector":[{"texto_pestana_plano_galeria":"Parkbank","imagen_plano_de_cotas":"[link_wp_dam_url ids=\"14524\"]"},{"texto_pestana_plano_galeria":"Reihen","imagen_plano_de_cotas":"[link_wp_dam_url ids=\"14522\"]"},{"texto_pestana_plano_galeria":"Trib\u00fcne","imagen_plano_de_cotas":"[link_wp_dam_url ids=\"14525\"]"},{"texto_pestana_plano_galeria":"Hocker","imagen_plano_de_cotas":"[link_wp_dam_url ids=\"14523\"]"}],"premios_producto_repeater":null,"participantes":[7551],"autores":[10236],"ano_creacion_producto":"2007","validacion_producto_descarga":true,"galeria_imagenes_repeater_libro":[{"imagen_item_gal":"[link_wp_dam_url ids=\"13040\"]","activar_video_item_gal":false,"portada_video_item_gal":null,"video_en_horizonal_item_gal":false,"video_item_gal":false},{"imagen_item_gal":"[link_wp_dam_url ids=\"13041\"]","activar_video_item_gal":false,"portada_video_item_gal":null,"video_en_horizonal_item_gal":false,"video_item_gal":false},{"imagen_item_gal":"[link_wp_dam_url ids=\"13042\"]","activar_video_item_gal":false,"portada_video_item_gal":null,"video_en_horizonal_item_gal":false,"video_item_gal":false},{"imagen_item_gal":"[link_wp_dam_url ids=\"13043\"]","activar_video_item_gal":false,"portada_video_item_gal":null,"video_en_horizonal_item_gal":false,"video_item_gal":false}],"secciones_producto":[{"acf_fc_layout":"seccion_navtabs_imagen_dinamica","title_group":{"title_tag":"h2","title_txt":"Integrierung in die Landschaft"},"texto_intro_principal":true,"texto_introductorio":"Eine umfangreiche Familie von L\u00f6sungen, die sich in die Landschaft integrieren und mehrere Funktionen bieten. Eine Parkbank mit oder ohne R\u00fcckenlehne, in den L\u00e4ngen 48 cm oder 150 cm, oder abgewinkelt zum Ausruhen. Eine B\u00f6schung mit einer H\u00f6he von 85 cm und dem gleichen Profil zum Umfassen von Land. Eine Trib\u00fcne und Stufen mit H\u00f6hen von 15 cm und 28 cm, um \u00f6ffentliche Bereiche auf verschiedenen Ebenen zu bilden.","ventanas_detalles_producto":[{"title_group_producto_grid_single":{"title_tag":"h2","title_txt":"Materialien"},"imagen_de_fondo_dinamic_single_producto":"","texto_contenido_ventana":true,"contenido_tabs_producto":"<ul>\r\n \t<li>Aus durchgef\u00e4rbtem Architekturbeton, mit Waschputz abgezogen und impr\u00e4gniert.<\/li>\r\n \t<li>Es ist m\u00f6glich, Frostschutzbehandlungen mit Impr\u00e4gnierung oder Antigraffiti ohne Impr\u00e4gnierung anzuwenden.<\/li>\r\n<\/ul>","acordion":false,"preguntas_y_respuestas":null,"cuadricula_de_colores":false,"componentes_producto":null,"descargables":false,"tipo_datasheet":"simple","datasheet":null,"datasheet_multiple":null,"tipo_instrucciones":"simple","instructions":null,"instructions_multiple":null,"drawings_ce":null,"2d_cad":null,"3d_cad":null,"revit":null,"ldt_photometric_files":null,"ies_photometric_files":null,"validador_detalles_producto":false,"tipo_especificacion":"certificados"},{"title_group_producto_grid_single":{"title_tag":"h2","title_txt":"Ausf\u00fchrungen"},"imagen_de_fondo_dinamic_single_producto":"","texto_contenido_ventana":true,"contenido_tabs_producto":"Die angezeigten Farben dienen nur als Beispiel.\r\nAndere Farben auf Anfrage erh\u00e4ltlich.\r\nAusf\u00fchrungen f\u00fcr K\u00fcstenklima auf Anfrage.","acordion":false,"preguntas_y_respuestas":null,"cuadricula_de_colores":true,"componentes_producto":[{"nombre_componente":"","colores":["hormigon_blanco","hormigon_gris"]}],"descargables":false,"tipo_datasheet":"simple","datasheet":null,"datasheet_multiple":null,"tipo_instrucciones":"simple","instructions":null,"instructions_multiple":null,"drawings_ce":null,"2d_cad":null,"3d_cad":null,"revit":null,"ldt_photometric_files":null,"ies_photometric_files":null,"validador_detalles_producto":false,"tipo_especificacion":""},{"title_group_producto_grid_single":{"title_tag":"h2","title_txt":"H\u00f6henplan"},"imagen_de_fondo_dinamic_single_producto":"","texto_contenido_ventana":false,"contenido_tabs_producto":"<ul>\r\n \t<li>Montage mittels zweier verzinkter Bolzen M29 x 180 pro Element, die in in vorher eingelassene L\u00f6cher in den Stra\u00dfenbelag gesteckt und mit Epoxidharz, schnell trocknendem Zement oder \u00e4hnlichem gef\u00fclltbefestigt werden.<\/li>\r\n \t<li>Das Element wird verpackt geliefert. Inklusive Installations- und Montageanleitungen.<\/li>\r\n<\/ul>","acordion":false,"preguntas_y_respuestas":null,"cuadricula_de_colores":false,"componentes_producto":[{"nombre_componente":"","colores":["hormigon_blanco","hormigon_gris"]}],"descargables":false,"tipo_datasheet":"simple","datasheet":null,"datasheet_multiple":null,"tipo_instrucciones":"simple","instructions":null,"instructions_multiple":null,"drawings_ce":null,"2d_cad":null,"3d_cad":null,"revit":null,"ldt_photometric_files":null,"ies_photometric_files":null,"validador_detalles_producto":false,"tipo_especificacion":""},{"title_group_producto_grid_single":{"title_tag":"h2","title_txt":"Installation"},"imagen_de_fondo_dinamic_single_producto":"","texto_contenido_ventana":true,"contenido_tabs_producto":"<ul>\r\n \t<li>Montage mittels zweier verzinkter Bolzen M29 x 180 pro Element, die in in vorher eingelassene L\u00f6cher in den Stra\u00dfenbelag gesteckt und mit Epoxidharz, schnell trocknendem Zement oder \u00e4hnlichem gef\u00fclltbefestigt werden.<\/li>\r\n \t<li>Das Element wird verpackt geliefert. Inklusive Installations- und Montageanleitungen.<\/li>\r\n<\/ul>","acordion":false,"preguntas_y_respuestas":null,"cuadricula_de_colores":false,"componentes_producto":null,"descargables":false,"tipo_datasheet":"simple","datasheet":null,"datasheet_multiple":null,"tipo_instrucciones":"simple","instructions":null,"instructions_multiple":null,"drawings_ce":null,"2d_cad":null,"3d_cad":null,"revit":null,"ldt_photometric_files":null,"ies_photometric_files":null,"validador_detalles_producto":false,"tipo_especificacion":""},{"title_group_producto_grid_single":{"title_tag":"h2","title_txt":"Wartung"},"imagen_de_fondo_dinamic_single_producto":"","texto_contenido_ventana":true,"contenido_tabs_producto":"<ul>\r\n \t<li>Keine Wartung n\u00f6tig.<\/li>\r\n<\/ul>","acordion":false,"preguntas_y_respuestas":null,"cuadricula_de_colores":false,"componentes_producto":null,"descargables":false,"tipo_datasheet":"simple","datasheet":null,"datasheet_multiple":null,"tipo_instrucciones":"simple","instructions":null,"instructions_multiple":null,"drawings_ce":null,"2d_cad":null,"3d_cad":null,"revit":null,"ldt_photometric_files":null,"ies_photometric_files":null,"validador_detalles_producto":false,"tipo_especificacion":"certificados"},{"title_group_producto_grid_single":{"title_tag":"h2","title_txt":"Zertifizierungen"},"imagen_de_fondo_dinamic_single_producto":"","texto_contenido_ventana":false,"contenido_tabs_producto":"","acordion":false,"preguntas_y_respuestas":null,"cuadricula_de_colores":false,"componentes_producto":null,"descargables":false,"tipo_datasheet":"simple","datasheet":null,"datasheet_multiple":null,"tipo_instrucciones":"simple","instructions":null,"instructions_multiple":null,"drawings_ce":null,"2d_cad":null,"3d_cad":null,"revit":null,"ldt_photometric_files":null,"ies_photometric_files":null,"validador_detalles_producto":true,"tipo_especificacion":"certificados"}]},{"acf_fc_layout":"seccion_navtabs_imagen_dinamica","title_group":{"title_tag":"h2","title_txt":"Typologie"},"texto_intro_principal":true,"texto_introductorio":"","ventanas_detalles_producto":[{"title_group_producto_grid_single":{"title_tag":"h2","title_txt":"Parkbank"},"imagen_de_fondo_dinamic_single_producto":"[link_wp_dam_url ids=\"13044\"]","texto_contenido_ventana":true,"contenido_tabs_producto":"Die Bank ist das wesentliche Element des Stadtraums. Sie erm\u00f6glicht Ihnen, sich auszuruhen, sich zu unterhalten oder die Landschaft zu bewundern, und wertet die Qualit\u00e4t des \u00f6ffentlichen Raums auf. Mit R\u00fcckenlehne f\u00fcr hohen Komfort, mit oder ohne Armlehnen zur Erleichterung des Einbaus, in widerstandsf\u00e4higen Materialien und Beschichtungen.","acordion":true,"preguntas_y_respuestas":[{"pregunta":"Gewicht","respuesta":"48 cm ohne R\u00fcckenlehne: 240\r\n48 cm mit R\u00fcckenlehne: 457\r\n98 cm ohne R\u00fcckenlehne mit Innenwinkel: 493\r\n98 cm ohne R\u00fcckenlehne mit Au\u00dfenwinkel: 488\r\n150 cm ohne R\u00fcckenlehne: 742\r\n150 cm ohne Trib\u00fcnenr\u00fcckenlehne: 488\r\n150 cm mit R\u00fcckenlehne: 1420\r\n150 cm mit Mauerr\u00fcckenlehne: 1217\r\n\r\n*Ungef\u00e4hres Gewicht ohne Verpackung (kg)"}],"cuadricula_de_colores":false,"componentes_producto":null,"descargables":false,"tipo_datasheet":"simple","datasheet":null,"datasheet_multiple":null,"tipo_instrucciones":"simple","instructions":null,"instructions_multiple":null,"drawings_ce":null,"2d_cad":null,"3d_cad":null,"revit":null,"ldt_photometric_files":null,"ies_photometric_files":null,"validador_detalles_producto":false,"tipo_especificacion":""},{"title_group_producto_grid_single":{"title_tag":"h2","title_txt":"Reihen"},"imagen_de_fondo_dinamic_single_producto":"[link_wp_dam_url ids=\"13047\"]","texto_contenido_ventana":true,"contenido_tabs_producto":"Um diese Funktion an die r\u00e4umlichen Gegebenheiten anzupassen, sind die Reihenelemente unerl\u00e4sslich. Die Kontinuit\u00e4t der Komposition dynamisiert soziale Beziehungen und l\u00e4dt uns ein, Geschichten des B\u00fcrgerlebens zu weben.","acordion":true,"preguntas_y_respuestas":[{"pregunta":"Gewicht","respuesta":"48 cm ohne R\u00fcckenlehne: 240\r\n48 cm mit R\u00fcckenlehne: 457\r\n98 cm ohne R\u00fcckenlehne mit Innenwinkel: 493\r\n98 cm ohne R\u00fcckenlehne mit Au\u00dfenwinkel: 488\r\n150 cm ohne R\u00fcckenlehne: 742\r\n150 cm ohne Trib\u00fcnenr\u00fcckenlehne: 488\r\n150 cm mit R\u00fcckenlehne: 1420\r\n150 cm mit Mauerr\u00fcckenlehne: 1217\r\n150 cm B\u00f6schung: 1043\r\n150 cm Mauerb\u00f6schung: 841\r\n120 cm hohe Stufe: 399\r\n120 cm niedrige Stufe: 199\r\n\r\n*Ungef\u00e4hres Gewicht ohne Verpackung (kg)"}],"cuadricula_de_colores":false,"componentes_producto":null,"descargables":false,"tipo_datasheet":"simple","datasheet":null,"datasheet_multiple":null,"tipo_instrucciones":"simple","instructions":null,"instructions_multiple":null,"drawings_ce":null,"2d_cad":null,"3d_cad":null,"revit":null,"ldt_photometric_files":null,"ies_photometric_files":null,"validador_detalles_producto":false,"tipo_especificacion":""},{"title_group_producto_grid_single":{"title_tag":"h2","title_txt":"Trib\u00fcne"},"imagen_de_fondo_dinamic_single_producto":"[link_wp_dam_url ids=\"13046\"]","texto_contenido_ventana":true,"contenido_tabs_producto":"Die Trib\u00fcnenkomposition ist von ausschlie\u00dflich landschaftlichem Interesse. Durch zwei Stufen unterschiedlicher H\u00f6he schafft sie einen Raum, der dem Gr\u00fcn und den Aktivit\u00e4ten der B\u00fcrger gewidmet ist.","acordion":true,"preguntas_y_respuestas":[{"pregunta":"Gewicht","respuesta":"120 cm hohe Stufe: 399\r\n120 cm niedrige Stufe: 199\r\n\r\n*Ungef\u00e4hres Gewicht ohne Verpackung (kg)"}],"cuadricula_de_colores":false,"componentes_producto":null,"descargables":false,"tipo_datasheet":"simple","datasheet":null,"datasheet_multiple":null,"tipo_instrucciones":"simple","instructions":null,"instructions_multiple":null,"drawings_ce":null,"2d_cad":null,"3d_cad":null,"revit":null,"ldt_photometric_files":null,"ies_photometric_files":null,"validador_detalles_producto":false,"tipo_especificacion":""},{"title_group_producto_grid_single":{"title_tag":"h2","title_txt":"Hocker"},"imagen_de_fondo_dinamic_single_producto":"[link_wp_dam_url ids=\"13045\"]","texto_contenido_ventana":true,"contenido_tabs_producto":"Der Hocker stellt das zweite wichtige Element des Stadtraums dar. Das Element ohne R\u00fcckenlehne ist n\u00fctzlich in Bereichen mit Arbeitsfl\u00e4chen, Tischen oder um fl\u00fcchtigere Ruhezonen zu schaffen.","acordion":true,"preguntas_y_respuestas":[{"pregunta":"Gewicht","respuesta":"150 cm B\u00f6schung: 1043\r\n150 cm Mauerb\u00f6schung: 841\r\n\r\n*Ungef\u00e4hres Gewicht ohne Verpackung (kg)"}],"cuadricula_de_colores":false,"componentes_producto":null,"descargables":false,"tipo_datasheet":"simple","datasheet":null,"datasheet_multiple":null,"tipo_instrucciones":"simple","instructions":null,"instructions_multiple":null,"drawings_ce":null,"2d_cad":null,"3d_cad":null,"revit":null,"ldt_photometric_files":null,"ies_photometric_files":null,"validador_detalles_producto":false,"tipo_especificacion":""}]},{"acf_fc_layout":"seccion_navtabs_imagen_dinamica","title_group":{"title_tag":"h2","title_txt":"Downloads"},"texto_intro_principal":false,"texto_introductorio":"","ventanas_detalles_producto":[{"title_group_producto_grid_single":{"title_tag":"h2","title_txt":""},"imagen_de_fondo_dinamic_single_producto":"","texto_contenido_ventana":false,"contenido_tabs_producto":"","acordion":false,"preguntas_y_respuestas":null,"cuadricula_de_colores":false,"componentes_producto":null,"descargables":true,"tipo_datasheet":"simple","datasheet":11272,"datasheet_multiple":null,"tipo_instrucciones":"simple","instructions":25459,"instructions_multiple":null,"drawings_ce":14461,"2d_cad":14519,"3d_cad":11280,"revit":13781,"ldt_photometric_files":"","ies_photometric_files":"","validador_detalles_producto":false,"tipo_especificacion":""}]},{"acf_fc_layout":"seccion_consulta_nuestros_expertos","imagen_de_fondo_single_producto":"[link_wp_dam_url ids=\"13039\" size=\"x2400\"]","imagen_de_fondo_single_producto_mobile":""},{"acf_fc_layout":"seccion_imagen_de_fondo_con_sub_menu","titulo_group_list_contet_proyectos":{"title_tag":"h3","title_txt":"108 in der Stadt"},"ancla_copy2":"","proyectos_relacionados":[{"project":22387,"project_img":"[link_wp_dam_url ids=\"13053\"]"},{"project":5594,"project_img":"[link_wp_dam_url ids=\"13049\"]"},{"project":7870,"project_img":"[link_wp_dam_url ids=\"13048\"]"},{"project":9580,"project_img":"[link_wp_dam_url ids=\"13050\"]"},{"project":9572,"project_img":"[link_wp_dam_url ids=\"13051\"]"},{"project":16101,"project_img":"[link_wp_dam_url ids=\"13052\"]"}]}],"dist_simetrica":"","dist_asimetrica":"","dist_indirecta":"","dist_suelo":"","control":"","certificados":["ce"],"nombre_arbol_entre_comillas":"","nombre_solo_plantas_field":"","isbn_campo_texto":"","autor_book_publicacion_producto":"","idioma_campo_texto":"","enquadernacion_campo_texto":"","_numero_de_paginas_campo_texto":"","pdf_asociado_producto":"","resumen_libro":"","text_content_family_basic_information":"","text_content_family_basic_number_width":"","text_content_family_basic_number_height":"","text_content_planting_density":"","flowers_option_colours":"","flowers_option_season":"","properties_option_pruning":"","properties_option_watering":"","properties_option_sun_exposure":"","properties_option_minimum_temp":"","properties_option_soil_type":"","properties_option_fire":"","properties_option_heat":"","properties_option_moisture":"","properties_option_dryness":"","properties_option_coastal_area":"","texto_introduccion_landing_custom":"","enlace_descubre_mas_custom":"","selecciona_tipo_de_imagen_custom":"","imagen_vertical_custom":"","imagen_horizontal_custom":"","opciones_de_texto_1":true,"opciones_de_texto_2":"acabado_standar","opciones_de_texto_3":""},"yoast_head":"<!-- This site is optimized with the Yoast SEO plugin v22.8 - https:\/\/yoast.com\/wordpress\/plugins\/seo\/ -->\n<title>108 - Urbidermis<\/title>\n<meta name=\"robots\" content=\"index, follow, max-snippet:-1, max-image-preview:large, max-video-preview:-1\" \/>\n<link rel=\"canonical\" href=\"https:\/\/www.urbidermis.com\/de\/stadtmobiliar\/108-2\/\" \/>\n<meta property=\"og:locale\" content=\"de_DE\" \/>\n<meta property=\"og:type\" content=\"article\" \/>\n<meta property=\"og:title\" content=\"108 - Urbidermis\" \/>\n<meta property=\"og:description\" content=\"Parkbank mit Rautenformen und einem Winkel, der der Umgestaltung der Landschaft f\u00fcr soziale Zwecke dient. Die Bank 108 ha bildet Begrenzungen, umfasst Land und bildet Entspannungszonen. Durch ihre Schlichtheit, Diskretion und Robustheit passt sie sich den unterschiedlichsten urbanen R\u00e4umen an.\" \/>\n<meta property=\"og:url\" content=\"https:\/\/www.urbidermis.com\/de\/stadtmobiliar\/108-2\/\" \/>\n<meta property=\"og:site_name\" content=\"Urbidermis\" \/>\n<meta property=\"article:modified_time\" content=\"2026-04-08T12:23:47+00:00\" \/>\n<meta property=\"og:image\" content=\"https:\/\/www.urbidermis.com\/wp-content\/uploads\/20101228_Spain_Barcelona_C8B_Equipo_Urbidermis_02.jpg\" \/>\n\t<meta property=\"og:image:width\" content=\"1663\" \/>\n\t<meta property=\"og:image:height\" content=\"2329\" \/>\n\t<meta property=\"og:image:type\" content=\"image\/jpeg\" \/>\n<meta name=\"twitter:card\" content=\"summary_large_image\" \/>\n<script type=\"application\/ld+json\" class=\"yoast-schema-graph\">{\"@context\":\"https:\/\/schema.org\",\"@graph\":[{\"@type\":\"WebPage\",\"@id\":\"https:\/\/www.urbidermis.com\/de\/stadtmobiliar\/108-2\/\",\"url\":\"https:\/\/www.urbidermis.com\/de\/stadtmobiliar\/108-2\/\",\"name\":\"108 - Urbidermis\",\"isPartOf\":{\"@id\":\"https:\/\/www.urbidermis.com\/de\/#website\"},\"primaryImageOfPage\":{\"@id\":\"https:\/\/www.urbidermis.com\/de\/stadtmobiliar\/108-2\/#primaryimage\"},\"image\":{\"@id\":\"https:\/\/www.urbidermis.com\/de\/stadtmobiliar\/108-2\/#primaryimage\"},\"thumbnailUrl\":\"https:\/\/www.urbidermis.com\/wp-content\/uploads\/20101228_Spain_Barcelona_C8B_Equipo_Urbidermis_02.jpg\",\"datePublished\":\"2022-03-01T10:35:37+00:00\",\"dateModified\":\"2026-04-08T12:23:47+00:00\",\"breadcrumb\":{\"@id\":\"https:\/\/www.urbidermis.com\/de\/stadtmobiliar\/108-2\/#breadcrumb\"},\"inLanguage\":\"de-DE\",\"potentialAction\":[{\"@type\":\"ReadAction\",\"target\":[\"https:\/\/www.urbidermis.com\/de\/stadtmobiliar\/108-2\/\"]}]},{\"@type\":\"ImageObject\",\"inLanguage\":\"de-DE\",\"@id\":\"https:\/\/www.urbidermis.com\/de\/stadtmobiliar\/108-2\/#primaryimage\",\"url\":\"https:\/\/www.urbidermis.com\/wp-content\/uploads\/20101228_Spain_Barcelona_C8B_Equipo_Urbidermis_02.jpg\",\"contentUrl\":\"https:\/\/www.urbidermis.com\/wp-content\/uploads\/20101228_Spain_Barcelona_C8B_Equipo_Urbidermis_02.jpg\",\"width\":1663,\"height\":2329},{\"@type\":\"BreadcrumbList\",\"@id\":\"https:\/\/www.urbidermis.com\/de\/stadtmobiliar\/108-2\/#breadcrumb\",\"itemListElement\":[{\"@type\":\"ListItem\",\"position\":1,\"name\":\"Home\",\"item\":\"https:\/\/www.urbidermis.com\/de\/\"},{\"@type\":\"ListItem\",\"position\":2,\"name\":\"Produkte\",\"item\":\"https:\/\/www.urbidermis.com\/de\/produkte\/\"},{\"@type\":\"ListItem\",\"position\":3,\"name\":\"108\"}]},{\"@type\":\"WebSite\",\"@id\":\"https:\/\/www.urbidermis.com\/de\/#website\",\"url\":\"https:\/\/www.urbidermis.com\/de\/\",\"name\":\"Urbidermis\",\"description\":\"Especialistas en la ciudad\",\"publisher\":{\"@id\":\"https:\/\/www.urbidermis.com\/de\/#organization\"},\"potentialAction\":[{\"@type\":\"SearchAction\",\"target\":{\"@type\":\"EntryPoint\",\"urlTemplate\":\"https:\/\/www.urbidermis.com\/de\/?s={search_term_string}\"},\"query-input\":\"required name=search_term_string\"}],\"inLanguage\":\"de-DE\"},{\"@type\":\"Organization\",\"@id\":\"https:\/\/www.urbidermis.com\/de\/#organization\",\"name\":\"Urbidermis\",\"url\":\"https:\/\/www.urbidermis.com\/de\/\",\"logo\":{\"@type\":\"ImageObject\",\"inLanguage\":\"de-DE\",\"@id\":\"https:\/\/www.urbidermis.com\/de\/#\/schema\/logo\/image\/\",\"url\":\"https:\/\/www.urbidermis.com\/wp-content\/uploads\/logo_urbdermis-1.png\",\"contentUrl\":\"https:\/\/www.urbidermis.com\/wp-content\/uploads\/logo_urbdermis-1.png\",\"width\":601,\"height\":1033,\"caption\":\"Urbidermis\"},\"image\":{\"@id\":\"https:\/\/www.urbidermis.com\/de\/#\/schema\/logo\/image\/\"}}]}<\/script>\n<!-- \/ Yoast SEO plugin. -->","yoast_head_json":{"title":"108 - Urbidermis","robots":{"index":"index","follow":"follow","max-snippet":"max-snippet:-1","max-image-preview":"max-image-preview:large","max-video-preview":"max-video-preview:-1"},"canonical":"https:\/\/www.urbidermis.com\/de\/stadtmobiliar\/108-2\/","og_locale":"de_DE","og_type":"article","og_title":"108 - Urbidermis","og_description":"Parkbank mit Rautenformen und einem Winkel, der der Umgestaltung der Landschaft f\u00fcr soziale Zwecke dient. Die Bank 108 ha bildet Begrenzungen, umfasst Land und bildet Entspannungszonen. Durch ihre Schlichtheit, Diskretion und Robustheit passt sie sich den unterschiedlichsten urbanen R\u00e4umen an.","og_url":"https:\/\/www.urbidermis.com\/de\/stadtmobiliar\/108-2\/","og_site_name":"Urbidermis","article_modified_time":"2026-04-08T12:23:47+00:00","og_image":[{"width":1663,"height":2329,"url":"https:\/\/www.urbidermis.com\/wp-content\/uploads\/20101228_Spain_Barcelona_C8B_Equipo_Urbidermis_02.jpg","type":"image\/jpeg"}],"twitter_card":"summary_large_image","schema":{"@context":"https:\/\/schema.org","@graph":[{"@type":"WebPage","@id":"https:\/\/www.urbidermis.com\/de\/stadtmobiliar\/108-2\/","url":"https:\/\/www.urbidermis.com\/de\/stadtmobiliar\/108-2\/","name":"108 - Urbidermis","isPartOf":{"@id":"https:\/\/www.urbidermis.com\/de\/#website"},"primaryImageOfPage":{"@id":"https:\/\/www.urbidermis.com\/de\/stadtmobiliar\/108-2\/#primaryimage"},"image":{"@id":"https:\/\/www.urbidermis.com\/de\/stadtmobiliar\/108-2\/#primaryimage"},"thumbnailUrl":"https:\/\/www.urbidermis.com\/wp-content\/uploads\/20101228_Spain_Barcelona_C8B_Equipo_Urbidermis_02.jpg","datePublished":"2022-03-01T10:35:37+00:00","dateModified":"2026-04-08T12:23:47+00:00","breadcrumb":{"@id":"https:\/\/www.urbidermis.com\/de\/stadtmobiliar\/108-2\/#breadcrumb"},"inLanguage":"de-DE","potentialAction":[{"@type":"ReadAction","target":["https:\/\/www.urbidermis.com\/de\/stadtmobiliar\/108-2\/"]}]},{"@type":"ImageObject","inLanguage":"de-DE","@id":"https:\/\/www.urbidermis.com\/de\/stadtmobiliar\/108-2\/#primaryimage","url":"https:\/\/www.urbidermis.com\/wp-content\/uploads\/20101228_Spain_Barcelona_C8B_Equipo_Urbidermis_02.jpg","contentUrl":"https:\/\/www.urbidermis.com\/wp-content\/uploads\/20101228_Spain_Barcelona_C8B_Equipo_Urbidermis_02.jpg","width":1663,"height":2329},{"@type":"BreadcrumbList","@id":"https:\/\/www.urbidermis.com\/de\/stadtmobiliar\/108-2\/#breadcrumb","itemListElement":[{"@type":"ListItem","position":1,"name":"Home","item":"https:\/\/www.urbidermis.com\/de\/"},{"@type":"ListItem","position":2,"name":"Produkte","item":"https:\/\/www.urbidermis.com\/de\/produkte\/"},{"@type":"ListItem","position":3,"name":"108"}]},{"@type":"WebSite","@id":"https:\/\/www.urbidermis.com\/de\/#website","url":"https:\/\/www.urbidermis.com\/de\/","name":"Urbidermis","description":"Especialistas en la ciudad","publisher":{"@id":"https:\/\/www.urbidermis.com\/de\/#organization"},"potentialAction":[{"@type":"SearchAction","target":{"@type":"EntryPoint","urlTemplate":"https:\/\/www.urbidermis.com\/de\/?s={search_term_string}"},"query-input":"required name=search_term_string"}],"inLanguage":"de-DE"},{"@type":"Organization","@id":"https:\/\/www.urbidermis.com\/de\/#organization","name":"Urbidermis","url":"https:\/\/www.urbidermis.com\/de\/","logo":{"@type":"ImageObject","inLanguage":"de-DE","@id":"https:\/\/www.urbidermis.com\/de\/#\/schema\/logo\/image\/","url":"https:\/\/www.urbidermis.com\/wp-content\/uploads\/logo_urbdermis-1.png","contentUrl":"https:\/\/www.urbidermis.com\/wp-content\/uploads\/logo_urbdermis-1.png","width":601,"height":1033,"caption":"Urbidermis"},"image":{"@id":"https:\/\/www.urbidermis.com\/de\/#\/schema\/logo\/image\/"}}]}},"_links":{"self":[{"href":"https:\/\/www.urbidermis.com\/de\/wp-json\/wp\/v2\/product\/8501"}],"collection":[{"href":"https:\/\/www.urbidermis.com\/de\/wp-json\/wp\/v2\/product"}],"about":[{"href":"https:\/\/www.urbidermis.com\/de\/wp-json\/wp\/v2\/types\/product"}],"acf:post":[{"embeddable":true,"href":"https:\/\/www.urbidermis.com\/de\/wp-json\/wp\/v2\/autores\/10236"},{"embeddable":true,"href":"https:\/\/www.urbidermis.com\/de\/wp-json\/wp\/v2\/perfiles\/7551"}],"wp:featuredmedia":[{"embeddable":true,"href":"https:\/\/www.urbidermis.com\/de\/wp-json\/wp\/v2\/media\/8667"}],"wp:attachment":[{"href":"https:\/\/www.urbidermis.com\/de\/wp-json\/wp\/v2\/media?parent=8501"}],"wp:term":[{"taxonomy":"product_cat","embeddable":true,"href":"https:\/\/www.urbidermis.com\/de\/wp-json\/wp\/v2\/product_cat?post=8501"},{"taxonomy":"product_tag","embeddable":true,"href":"https:\/\/www.urbidermis.com\/de\/wp-json\/wp\/v2\/product_tag?post=8501"}],"curies":[{"name":"wp","href":"https:\/\/api.w.org\/{rel}","templated":true}]}}