


{"id":8541,"date":"2022-03-01T10:36:05","date_gmt":"2022-03-01T10:36:05","guid":{"rendered":"https:\/\/ubweb21.urbidermis.com\/product\/bancal\/"},"modified":"2026-04-08T14:41:20","modified_gmt":"2026-04-08T12:41:20","slug":"bancal","status":"publish","type":"product","link":"https:\/\/www.urbidermis.com\/de\/parkbaenke\/bancal\/","title":{"rendered":"Bancal"},"content":{"rendered":"","protected":false},"excerpt":{"rendered":"<p>Die Bank Bancal bildet ausgedehnte Sitzreihen, bei denen Zur\u00fcckhaltung \u00fcber jede Patentrhetorik siegt. Zusammengesetzt aus Elementen mit minimalistischer Formensprache und hoher gemeinschaftlicher Funktion. Die Struktur bildet eine gebogene Stahlplatte, die Sitzfl\u00e4che und R\u00fcckenlehne bestehen aus Massivholzlamellen.<\/p>\n","protected":false},"featured_media":22600,"template":"","meta":{"_acf_changed":false,"inline_featured_image":false},"product_cat":[214,213],"product_tag":[],"acf":{"activador_seccion_impacto_acvs_secctions_acvs":true,"texto_enlace_amplifyapp":"Bancal_Urban_furniture","codigos_acvs_matching_row-leds":[{"texto_pestana_item_fetch":" Hocker 2,24 m","codigo_item_fetch":"BCB + 104"},{"texto_pestana_item_fetch":"Bank 2,24 m","codigo_item_fetch":"BCB + 114"},{"texto_pestana_item_fetch":"Bank 4,47 m","codigo_item_fetch":"BCB + 204"},{"texto_pestana_item_fetch":"Bank 6,50 m","codigo_item_fetch":"BCB + 304"}],"activator_acf_option_madera_text":true,"texto_bajo_btn_certificados":"","check_para_validar_no_secc_aplication":false,"is_protocolo_y_control_generic":false,"is_producto_residencial_para_mostrar_info_diferente":false,"is_plano_de_cotas_validator":true,"galeria_multidimension_imagenes_plano_de_cotas_proyector":[{"texto_pestana_plano_galeria":"Parkbank","imagen_plano_de_cotas":"[link_wp_dam_url ids=\"14530\"]"},{"texto_pestana_plano_galeria":"Hocker","imagen_plano_de_cotas":"[link_wp_dam_url ids=\"14528\"]"},{"texto_pestana_plano_galeria":"Bank an niedriger Mauer","imagen_plano_de_cotas":"[link_wp_dam_url ids=\"14529\"]"},{"texto_pestana_plano_galeria":"Reihen","imagen_plano_de_cotas":"[link_wp_dam_url ids=\"14527\"]"}],"premios_producto_repeater":null,"participantes":[7551],"autores":[10694],"ano_creacion_producto":"2000","validacion_producto_descarga":true,"galeria_imagenes_repeater_libro":[{"imagen_item_gal":"[link_wp_dam_url ids=\"13100\"]","activar_video_item_gal":false,"portada_video_item_gal":null,"video_en_horizonal_item_gal":false,"video_item_gal":false},{"imagen_item_gal":"[link_wp_dam_url ids=\"13104\"]","activar_video_item_gal":false,"portada_video_item_gal":null,"video_en_horizonal_item_gal":false,"video_item_gal":false},{"imagen_item_gal":"[link_wp_dam_url ids=\"18370\"]","activar_video_item_gal":false,"portada_video_item_gal":null,"video_en_horizonal_item_gal":false,"video_item_gal":false},{"imagen_item_gal":"[link_wp_dam_url ids=\"13101\"]","activar_video_item_gal":false,"portada_video_item_gal":null,"video_en_horizonal_item_gal":false,"video_item_gal":false},{"imagen_item_gal":"[link_wp_dam_url ids=\"13102\"]","activar_video_item_gal":false,"portada_video_item_gal":null,"video_en_horizonal_item_gal":false,"video_item_gal":false},{"imagen_item_gal":"[link_wp_dam_url ids=\"13103\"]","activar_video_item_gal":false,"portada_video_item_gal":null,"video_en_horizonal_item_gal":false,"video_item_gal":false}],"secciones_producto":[{"acf_fc_layout":"seccion_navtabs_imagen_dinamica","title_group":{"title_tag":"h2","title_txt":"Modular und robust"},"texto_intro_principal":true,"texto_introductorio":"Einfache und effiziente Parkbank, die f\u00fcr Wechselbeziehungsszenarien entwickelt wurde und extremen Nutzungen standh\u00e4lt. Anhand der auswechsel- und ausrichtbaren R\u00fcckenlehnen lassen sich Alltagsszenen schaffen, die das soziale Wohlbefinden st\u00e4rken, w\u00e4hrend die edlen Materialien den Anforderungen des st\u00e4dtischen Raums standhalten.","ventanas_detalles_producto":[{"title_group_producto_grid_single":{"title_tag":"h2","title_txt":"Materialien"},"imagen_de_fondo_dinamic_single_producto":"","texto_contenido_ventana":true,"contenido_tabs_producto":"<ul>\r\n \t<li>Struktur aus 6 mm feuerverzinktem Stahlblech S235 JR mit thermolackierter Oberfl\u00e4che und C3\u2011Korrosionsschutz.<\/li>\r\n \t<li>Sitz und R\u00fcckenlehne aus Tropenholzlamellen (50\/65 x 160 mm) mit 100 % FSC-Zertifizierung, gesch\u00fctzt mit Einschicht\u00f6l.<\/li>\r\n \t<li>Optionale Armlehnen aus Edelstahl AISI304. Schrauben aus A2-Edelstahl.<\/li>\r\n<\/ul>","acordion":false,"preguntas_y_respuestas":null,"cuadricula_de_colores":false,"componentes_producto":null,"descargables":false,"tipo_datasheet":"simple","datasheet":null,"datasheet_multiple":null,"tipo_instrucciones":"simple","instructions":null,"instructions_multiple":null,"drawings_ce":null,"2d_cad":null,"3d_cad":null,"revit":null,"ldt_photometric_files":null,"ies_photometric_files":null,"validador_detalles_producto":false,"tipo_especificacion":"certificados"},{"title_group_producto_grid_single":{"title_tag":"h2","title_txt":"Ausf\u00fchrungen"},"imagen_de_fondo_dinamic_single_producto":"","texto_contenido_ventana":true,"contenido_tabs_producto":"Die angezeigten Farben dienen nur als Beispiel.\r\nAndere Farben auf Anfrage erh\u00e4ltlich.\r\nAusf\u00fchrungen f\u00fcr K\u00fcstenklima auf Anfrage.","acordion":false,"preguntas_y_respuestas":null,"cuadricula_de_colores":true,"componentes_producto":[{"nombre_componente":"","colores":["madera_tropical"]}],"descargables":false,"tipo_datasheet":"simple","datasheet":null,"datasheet_multiple":null,"tipo_instrucciones":"simple","instructions":null,"instructions_multiple":null,"drawings_ce":null,"2d_cad":null,"3d_cad":null,"revit":null,"ldt_photometric_files":null,"ies_photometric_files":null,"validador_detalles_producto":false,"tipo_especificacion":""},{"title_group_producto_grid_single":{"title_tag":"h2","title_txt":"H\u00f6henplan"},"imagen_de_fondo_dinamic_single_producto":"","texto_contenido_ventana":false,"contenido_tabs_producto":"*Die angezeigten Farben dienen nur als Beispiel (andere Farben auf Anfrage erh\u00e4ltlich).\r\n\r\n**Ausf\u00fchrungen f\u00fcr K\u00fcstenklima auf Anfrage","acordion":false,"preguntas_y_respuestas":null,"cuadricula_de_colores":false,"componentes_producto":[{"nombre_componente":"","colores":["madera_tropical"]}],"descargables":false,"tipo_datasheet":"simple","datasheet":null,"datasheet_multiple":null,"tipo_instrucciones":"simple","instructions":null,"instructions_multiple":null,"drawings_ce":null,"2d_cad":null,"3d_cad":null,"revit":null,"ldt_photometric_files":null,"ies_photometric_files":null,"validador_detalles_producto":false,"tipo_especificacion":""},{"title_group_producto_grid_single":{"title_tag":"h2","title_txt":"Installation"},"imagen_de_fondo_dinamic_single_producto":"","texto_contenido_ventana":true,"contenido_tabs_producto":"<ul>\r\n \t<li>Montage mittels zweier verzinkter Bolzen M10 x 120 pro St\u00fctzstruktur, die in L\u00f6cher gesteckt werden, die in den Belag gebohrt und mit Epoxidharz, schnell trocknendem Zement oder \u00e4hnlichem gef\u00fcllt werden.<\/li>\r\n \t<li>Das Element wird verpackt geliefert.<\/li>\r\n \t<li>Inklusive Installations- und Montageanleitung, Schrauben und Ankerbolzen.<\/li>\r\n<\/ul>","acordion":false,"preguntas_y_respuestas":null,"cuadricula_de_colores":false,"componentes_producto":null,"descargables":false,"tipo_datasheet":"simple","datasheet":null,"datasheet_multiple":null,"tipo_instrucciones":"simple","instructions":null,"instructions_multiple":null,"drawings_ce":null,"2d_cad":null,"3d_cad":null,"revit":null,"ldt_photometric_files":null,"ies_photometric_files":null,"validador_detalles_producto":false,"tipo_especificacion":""},{"title_group_producto_grid_single":{"title_tag":"h2","title_txt":"Wartung"},"imagen_de_fondo_dinamic_single_producto":"","texto_contenido_ventana":true,"contenido_tabs_producto":"<ul>\r\n \t<li>Ben\u00f6tigt keine Wartung, au\u00dfer f\u00fcr den Erhalt der Originalfarbe des Holzes.<\/li>\r\n<\/ul>","acordion":false,"preguntas_y_respuestas":null,"cuadricula_de_colores":false,"componentes_producto":null,"descargables":false,"tipo_datasheet":"simple","datasheet":null,"datasheet_multiple":null,"tipo_instrucciones":"simple","instructions":null,"instructions_multiple":null,"drawings_ce":null,"2d_cad":null,"3d_cad":null,"revit":null,"ldt_photometric_files":null,"ies_photometric_files":null,"validador_detalles_producto":false,"tipo_especificacion":""},{"title_group_producto_grid_single":{"title_tag":"h2","title_txt":"Zertifizierungen"},"imagen_de_fondo_dinamic_single_producto":"","texto_contenido_ventana":false,"contenido_tabs_producto":"","acordion":false,"preguntas_y_respuestas":null,"cuadricula_de_colores":false,"componentes_producto":null,"descargables":false,"tipo_datasheet":"simple","datasheet":null,"datasheet_multiple":null,"tipo_instrucciones":"simple","instructions":null,"instructions_multiple":null,"drawings_ce":null,"2d_cad":null,"3d_cad":null,"revit":null,"ldt_photometric_files":null,"ies_photometric_files":null,"validador_detalles_producto":true,"tipo_especificacion":"certificados"}]},{"acf_fc_layout":"seccion_navtabs_imagen_dinamica","title_group":{"title_tag":"h2","title_txt":"Typologie"},"texto_intro_principal":false,"texto_introductorio":"","ventanas_detalles_producto":[{"title_group_producto_grid_single":{"title_tag":"h2","title_txt":"Parkbank"},"imagen_de_fondo_dinamic_single_producto":"[link_wp_dam_url ids=\"13105\"]","texto_contenido_ventana":true,"contenido_tabs_producto":"Die Bank ist das wesentliche Element des Stadtraums. Sie erm\u00f6glicht Ihnen, sich auszuruhen, sich zu unterhalten oder die Landschaft zu bewundern, und wertet die Qualit\u00e4t des \u00f6ffentlichen Raums auf. Mit R\u00fcckenlehne f\u00fcr hohen Komfort, mit oder ohne Armlehnen zur Erleichterung des Einbaus, in widerstandsf\u00e4higen Materialien und Beschichtungen.","acordion":true,"preguntas_y_respuestas":[{"pregunta":"Gewicht ","respuesta":"Ein Abschnitt mit R\u00fcckenlehne: 110\r\nArmlehne: 4\r\n\r\n*Ungef\u00e4hres Gewicht ohne Verpackung (kg)"}],"cuadricula_de_colores":false,"componentes_producto":null,"descargables":false,"tipo_datasheet":"simple","datasheet":null,"datasheet_multiple":null,"tipo_instrucciones":"simple","instructions":null,"instructions_multiple":null,"drawings_ce":null,"2d_cad":null,"3d_cad":null,"revit":null,"ldt_photometric_files":null,"ies_photometric_files":null,"validador_detalles_producto":false,"tipo_especificacion":""},{"title_group_producto_grid_single":{"title_tag":"h2","title_txt":"Hocker"},"imagen_de_fondo_dinamic_single_producto":"[link_wp_dam_url ids=\"18367\"]","texto_contenido_ventana":true,"contenido_tabs_producto":"Der Hocker stellt das zweite wichtige Element des Stadtraums dar. Das Element ohne R\u00fcckenlehne ist n\u00fctzlich in Bereichen mit Arbeitsfl\u00e4chen, Tischen oder um fl\u00fcchtigere Ruhezonen zu schaffen.","acordion":true,"preguntas_y_respuestas":[{"pregunta":"Gewicht","respuesta":"Ein Abschnitt ohne R\u00fcckenlehne: 80\r\nArmlehne: 4\r\n\r\n*Ungef\u00e4hres Gewicht ohne Verpackung (kg)"}],"cuadricula_de_colores":false,"componentes_producto":null,"descargables":false,"tipo_datasheet":"simple","datasheet":null,"datasheet_multiple":null,"tipo_instrucciones":"simple","instructions":null,"instructions_multiple":null,"drawings_ce":null,"2d_cad":null,"3d_cad":null,"revit":null,"ldt_photometric_files":null,"ies_photometric_files":null,"validador_detalles_producto":false,"tipo_especificacion":""},{"title_group_producto_grid_single":{"title_tag":"h2","title_txt":"Bank an niedriger Mauer"},"imagen_de_fondo_dinamic_single_producto":"[link_wp_dam_url ids=\"14659\"]","texto_contenido_ventana":true,"contenido_tabs_producto":"Die Bank an einer niedrigen Mauer erm\u00f6glicht das Anbringen einer Ruhefl\u00e4che am Begrenzungselement, mit oder ohne R\u00fcckenlehne. So k\u00f6nnen bei Projekten mit komplexen Programmen Wohnbereiche in die Landschaft integriert werden.","acordion":true,"preguntas_y_respuestas":[{"pregunta":"Gewicht","respuesta":"Ein Segment ohne R\u00fcckenlehne auf niedriger Mauer: 68\r\nEin Segment mit R\u00fcckenlehne auf niedriger Mauer: 99\r\nZwei Segmente mit einer R\u00fcckenlehne auf niedriger Mauer: 115\r\n\r\n*Ungef\u00e4hres Gewicht ohne Verpackung (kg)"}],"cuadricula_de_colores":false,"componentes_producto":null,"descargables":false,"tipo_datasheet":"simple","datasheet":null,"datasheet_multiple":null,"tipo_instrucciones":"simple","instructions":null,"instructions_multiple":null,"drawings_ce":null,"2d_cad":null,"3d_cad":null,"revit":null,"ldt_photometric_files":null,"ies_photometric_files":null,"validador_detalles_producto":false,"tipo_especificacion":""},{"title_group_producto_grid_single":{"title_tag":"h2","title_txt":"Reihen"},"imagen_de_fondo_dinamic_single_producto":"[link_wp_dam_url ids=\"13106\"]","texto_contenido_ventana":true,"contenido_tabs_producto":"Um diese Funktion an die r\u00e4umlichen Gegebenheiten anzupassen, sind die Reihenelemente unerl\u00e4sslich. Die Kontinuit\u00e4t der Komposition dynamisiert soziale Beziehungen und l\u00e4dt uns ein, Geschichten des B\u00fcrgerlebens zu weben.","acordion":true,"preguntas_y_respuestas":[{"pregunta":"Gewicht","respuesta":"Ein Abschnitt ohne R\u00fcckenlehne: 80\r\nEin Abschnitt mit R\u00fcckenlehne: 110\r\n2 Abschnitte mit 1 R\u00fcckenlehne: 184\r\n3 Abschnitte mit 2 umgekehrten R\u00fcckenlehnen: 284\r\n3 Abschnitte mit 3 R\u00fcckenlehnen: 299\r\nArmlehne: 4\r\n\r\n*Ungef\u00e4hres Gewicht ohne Verpackung (kg)"}],"cuadricula_de_colores":false,"componentes_producto":null,"descargables":false,"tipo_datasheet":"simple","datasheet":null,"datasheet_multiple":null,"tipo_instrucciones":"simple","instructions":null,"instructions_multiple":null,"drawings_ce":null,"2d_cad":null,"3d_cad":null,"revit":null,"ldt_photometric_files":null,"ies_photometric_files":null,"validador_detalles_producto":false,"tipo_especificacion":""}]},{"acf_fc_layout":"seccion_navtabs_imagen_dinamica","title_group":{"title_tag":"h2","title_txt":"Downloads"},"texto_intro_principal":false,"texto_introductorio":"","ventanas_detalles_producto":[{"title_group_producto_grid_single":{"title_tag":"h2","title_txt":""},"imagen_de_fondo_dinamic_single_producto":"[link_wp_dam_url ids=\"11155\"]","texto_contenido_ventana":false,"contenido_tabs_producto":"","acordion":false,"preguntas_y_respuestas":null,"cuadricula_de_colores":false,"componentes_producto":null,"descargables":true,"tipo_datasheet":"multiple","datasheet":null,"datasheet_multiple":[{"datasheet_title":"Bancal","datasheet_file":21695},{"datasheet_title":"Holz","datasheet_file":15839}],"tipo_instrucciones":"multiple","instructions":11342,"instructions_multiple":[{"instructions_title":"Bank","instructions_file":25275},{"instructions_title":"Bank an niedriger Mauer","instructions_file":24900}],"drawings_ce":14465,"2d_cad":14527,"3d_cad":13608,"revit":13658,"ldt_photometric_files":"","ies_photometric_files":"","validador_detalles_producto":false,"tipo_especificacion":""}]},{"acf_fc_layout":"seccion_consulta_nuestros_expertos","imagen_de_fondo_single_producto":"[link_wp_dam_url ids=\"13099\" size=\"x2400\"]","imagen_de_fondo_single_producto_mobile":""},{"acf_fc_layout":"seccion_imagen_de_fondo_con_sub_menu","titulo_group_list_contet_proyectos":{"title_tag":"h3","title_txt":"Bancal in der Stadt"},"ancla_copy2":"","proyectos_relacionados":[{"project":27936,"project_img":"[link_wp_dam_url ids=\"18366\"]"},{"project":4284,"project_img":"[link_wp_dam_url ids=\"13108\"]"},{"project":8554,"project_img":"[link_wp_dam_url ids=\"13109\"]"},{"project":17085,"project_img":"[link_wp_dam_url ids=\"13110\"]"},{"project":14427,"project_img":"[link_wp_dam_url ids=\"13111\"]"},{"project":15658,"project_img":"[link_wp_dam_url ids=\"13112\"]"}]}],"dist_simetrica":"","dist_asimetrica":"","dist_indirecta":"","dist_suelo":"","control":"","certificados":["ce","fsc"],"nombre_arbol_entre_comillas":"","nombre_solo_plantas_field":"","isbn_campo_texto":"","autor_book_publicacion_producto":"","idioma_campo_texto":"","enquadernacion_campo_texto":"","_numero_de_paginas_campo_texto":"","pdf_asociado_producto":"","resumen_libro":"","text_content_family_basic_information":"","text_content_family_basic_number_width":"","text_content_family_basic_number_height":"","text_content_planting_density":"","flowers_option_colours":"","flowers_option_season":"","properties_option_pruning":"","properties_option_watering":"","properties_option_sun_exposure":"","properties_option_minimum_temp":"","properties_option_soil_type":"","properties_option_fire":"","properties_option_heat":"","properties_option_moisture":"","properties_option_dryness":"","properties_option_coastal_area":"","texto_introduccion_landing_custom":"","enlace_descubre_mas_custom":"","selecciona_tipo_de_imagen_custom":"","imagen_vertical_custom":"","imagen_horizontal_custom":"","opciones_de_texto_1":true,"opciones_de_texto_2":"acabado_standar","opciones_de_texto_3":""},"yoast_head":"<!-- This site is optimized with the Yoast SEO plugin v22.8 - https:\/\/yoast.com\/wordpress\/plugins\/seo\/ -->\n<title>Bancal - Urbidermis<\/title>\n<meta name=\"robots\" content=\"index, follow, max-snippet:-1, max-image-preview:large, max-video-preview:-1\" \/>\n<link rel=\"canonical\" href=\"https:\/\/www.urbidermis.com\/de\/parkbaenke\/bancal\/\" \/>\n<meta property=\"og:locale\" content=\"de_DE\" \/>\n<meta property=\"og:type\" content=\"article\" \/>\n<meta property=\"og:title\" content=\"Bancal - Urbidermis\" \/>\n<meta property=\"og:description\" content=\"Die Bank Bancal bildet ausgedehnte Sitzreihen, bei denen Zur\u00fcckhaltung \u00fcber jede Patentrhetorik siegt. Zusammengesetzt aus Elementen mit minimalistischer Formensprache und hoher gemeinschaftlicher Funktion. Die Struktur bildet eine gebogene Stahlplatte, die Sitzfl\u00e4che und R\u00fcckenlehne bestehen aus Massivholzlamellen.\" \/>\n<meta property=\"og:url\" content=\"https:\/\/www.urbidermis.com\/de\/parkbaenke\/bancal\/\" \/>\n<meta property=\"og:site_name\" content=\"Urbidermis\" \/>\n<meta property=\"article:modified_time\" content=\"2026-04-08T12:41:20+00:00\" \/>\n<meta property=\"og:image\" content=\"https:\/\/www.urbidermis.com\/wp-content\/uploads\/20181212_Spain_Barcelona_Belloch_BCB_Enric_Badrinas_04_ok-scaled.jpg\" \/>\n\t<meta property=\"og:image:width\" content=\"1829\" \/>\n\t<meta property=\"og:image:height\" content=\"2560\" \/>\n\t<meta property=\"og:image:type\" content=\"image\/jpeg\" \/>\n<meta name=\"twitter:card\" content=\"summary_large_image\" \/>\n<script type=\"application\/ld+json\" class=\"yoast-schema-graph\">{\"@context\":\"https:\/\/schema.org\",\"@graph\":[{\"@type\":\"WebPage\",\"@id\":\"https:\/\/www.urbidermis.com\/de\/parkbaenke\/bancal\/\",\"url\":\"https:\/\/www.urbidermis.com\/de\/parkbaenke\/bancal\/\",\"name\":\"Bancal - Urbidermis\",\"isPartOf\":{\"@id\":\"https:\/\/www.urbidermis.com\/de\/#website\"},\"primaryImageOfPage\":{\"@id\":\"https:\/\/www.urbidermis.com\/de\/parkbaenke\/bancal\/#primaryimage\"},\"image\":{\"@id\":\"https:\/\/www.urbidermis.com\/de\/parkbaenke\/bancal\/#primaryimage\"},\"thumbnailUrl\":\"https:\/\/www.urbidermis.com\/wp-content\/uploads\/20181212_Spain_Barcelona_Belloch_BCB_Enric_Badrinas_04_ok-scaled.jpg\",\"datePublished\":\"2022-03-01T10:36:05+00:00\",\"dateModified\":\"2026-04-08T12:41:20+00:00\",\"breadcrumb\":{\"@id\":\"https:\/\/www.urbidermis.com\/de\/parkbaenke\/bancal\/#breadcrumb\"},\"inLanguage\":\"de-DE\",\"potentialAction\":[{\"@type\":\"ReadAction\",\"target\":[\"https:\/\/www.urbidermis.com\/de\/parkbaenke\/bancal\/\"]}]},{\"@type\":\"ImageObject\",\"inLanguage\":\"de-DE\",\"@id\":\"https:\/\/www.urbidermis.com\/de\/parkbaenke\/bancal\/#primaryimage\",\"url\":\"https:\/\/www.urbidermis.com\/wp-content\/uploads\/20181212_Spain_Barcelona_Belloch_BCB_Enric_Badrinas_04_ok-scaled.jpg\",\"contentUrl\":\"https:\/\/www.urbidermis.com\/wp-content\/uploads\/20181212_Spain_Barcelona_Belloch_BCB_Enric_Badrinas_04_ok-scaled.jpg\",\"width\":1829,\"height\":2560},{\"@type\":\"BreadcrumbList\",\"@id\":\"https:\/\/www.urbidermis.com\/de\/parkbaenke\/bancal\/#breadcrumb\",\"itemListElement\":[{\"@type\":\"ListItem\",\"position\":1,\"name\":\"Home\",\"item\":\"https:\/\/www.urbidermis.com\/de\/\"},{\"@type\":\"ListItem\",\"position\":2,\"name\":\"Produkte\",\"item\":\"https:\/\/www.urbidermis.com\/de\/produkte\/\"},{\"@type\":\"ListItem\",\"position\":3,\"name\":\"Bancal\"}]},{\"@type\":\"WebSite\",\"@id\":\"https:\/\/www.urbidermis.com\/de\/#website\",\"url\":\"https:\/\/www.urbidermis.com\/de\/\",\"name\":\"Urbidermis\",\"description\":\"Especialistas en la ciudad\",\"publisher\":{\"@id\":\"https:\/\/www.urbidermis.com\/de\/#organization\"},\"potentialAction\":[{\"@type\":\"SearchAction\",\"target\":{\"@type\":\"EntryPoint\",\"urlTemplate\":\"https:\/\/www.urbidermis.com\/de\/?s={search_term_string}\"},\"query-input\":\"required name=search_term_string\"}],\"inLanguage\":\"de-DE\"},{\"@type\":\"Organization\",\"@id\":\"https:\/\/www.urbidermis.com\/de\/#organization\",\"name\":\"Urbidermis\",\"url\":\"https:\/\/www.urbidermis.com\/de\/\",\"logo\":{\"@type\":\"ImageObject\",\"inLanguage\":\"de-DE\",\"@id\":\"https:\/\/www.urbidermis.com\/de\/#\/schema\/logo\/image\/\",\"url\":\"https:\/\/www.urbidermis.com\/wp-content\/uploads\/logo_urbdermis-1.png\",\"contentUrl\":\"https:\/\/www.urbidermis.com\/wp-content\/uploads\/logo_urbdermis-1.png\",\"width\":601,\"height\":1033,\"caption\":\"Urbidermis\"},\"image\":{\"@id\":\"https:\/\/www.urbidermis.com\/de\/#\/schema\/logo\/image\/\"}}]}<\/script>\n<!-- \/ Yoast SEO plugin. -->","yoast_head_json":{"title":"Bancal - Urbidermis","robots":{"index":"index","follow":"follow","max-snippet":"max-snippet:-1","max-image-preview":"max-image-preview:large","max-video-preview":"max-video-preview:-1"},"canonical":"https:\/\/www.urbidermis.com\/de\/parkbaenke\/bancal\/","og_locale":"de_DE","og_type":"article","og_title":"Bancal - Urbidermis","og_description":"Die Bank Bancal bildet ausgedehnte Sitzreihen, bei denen Zur\u00fcckhaltung \u00fcber jede Patentrhetorik siegt. Zusammengesetzt aus Elementen mit minimalistischer Formensprache und hoher gemeinschaftlicher Funktion. Die Struktur bildet eine gebogene Stahlplatte, die Sitzfl\u00e4che und R\u00fcckenlehne bestehen aus Massivholzlamellen.","og_url":"https:\/\/www.urbidermis.com\/de\/parkbaenke\/bancal\/","og_site_name":"Urbidermis","article_modified_time":"2026-04-08T12:41:20+00:00","og_image":[{"width":1829,"height":2560,"url":"https:\/\/www.urbidermis.com\/wp-content\/uploads\/20181212_Spain_Barcelona_Belloch_BCB_Enric_Badrinas_04_ok-scaled.jpg","type":"image\/jpeg"}],"twitter_card":"summary_large_image","schema":{"@context":"https:\/\/schema.org","@graph":[{"@type":"WebPage","@id":"https:\/\/www.urbidermis.com\/de\/parkbaenke\/bancal\/","url":"https:\/\/www.urbidermis.com\/de\/parkbaenke\/bancal\/","name":"Bancal - Urbidermis","isPartOf":{"@id":"https:\/\/www.urbidermis.com\/de\/#website"},"primaryImageOfPage":{"@id":"https:\/\/www.urbidermis.com\/de\/parkbaenke\/bancal\/#primaryimage"},"image":{"@id":"https:\/\/www.urbidermis.com\/de\/parkbaenke\/bancal\/#primaryimage"},"thumbnailUrl":"https:\/\/www.urbidermis.com\/wp-content\/uploads\/20181212_Spain_Barcelona_Belloch_BCB_Enric_Badrinas_04_ok-scaled.jpg","datePublished":"2022-03-01T10:36:05+00:00","dateModified":"2026-04-08T12:41:20+00:00","breadcrumb":{"@id":"https:\/\/www.urbidermis.com\/de\/parkbaenke\/bancal\/#breadcrumb"},"inLanguage":"de-DE","potentialAction":[{"@type":"ReadAction","target":["https:\/\/www.urbidermis.com\/de\/parkbaenke\/bancal\/"]}]},{"@type":"ImageObject","inLanguage":"de-DE","@id":"https:\/\/www.urbidermis.com\/de\/parkbaenke\/bancal\/#primaryimage","url":"https:\/\/www.urbidermis.com\/wp-content\/uploads\/20181212_Spain_Barcelona_Belloch_BCB_Enric_Badrinas_04_ok-scaled.jpg","contentUrl":"https:\/\/www.urbidermis.com\/wp-content\/uploads\/20181212_Spain_Barcelona_Belloch_BCB_Enric_Badrinas_04_ok-scaled.jpg","width":1829,"height":2560},{"@type":"BreadcrumbList","@id":"https:\/\/www.urbidermis.com\/de\/parkbaenke\/bancal\/#breadcrumb","itemListElement":[{"@type":"ListItem","position":1,"name":"Home","item":"https:\/\/www.urbidermis.com\/de\/"},{"@type":"ListItem","position":2,"name":"Produkte","item":"https:\/\/www.urbidermis.com\/de\/produkte\/"},{"@type":"ListItem","position":3,"name":"Bancal"}]},{"@type":"WebSite","@id":"https:\/\/www.urbidermis.com\/de\/#website","url":"https:\/\/www.urbidermis.com\/de\/","name":"Urbidermis","description":"Especialistas en la ciudad","publisher":{"@id":"https:\/\/www.urbidermis.com\/de\/#organization"},"potentialAction":[{"@type":"SearchAction","target":{"@type":"EntryPoint","urlTemplate":"https:\/\/www.urbidermis.com\/de\/?s={search_term_string}"},"query-input":"required name=search_term_string"}],"inLanguage":"de-DE"},{"@type":"Organization","@id":"https:\/\/www.urbidermis.com\/de\/#organization","name":"Urbidermis","url":"https:\/\/www.urbidermis.com\/de\/","logo":{"@type":"ImageObject","inLanguage":"de-DE","@id":"https:\/\/www.urbidermis.com\/de\/#\/schema\/logo\/image\/","url":"https:\/\/www.urbidermis.com\/wp-content\/uploads\/logo_urbdermis-1.png","contentUrl":"https:\/\/www.urbidermis.com\/wp-content\/uploads\/logo_urbdermis-1.png","width":601,"height":1033,"caption":"Urbidermis"},"image":{"@id":"https:\/\/www.urbidermis.com\/de\/#\/schema\/logo\/image\/"}}]}},"_links":{"self":[{"href":"https:\/\/www.urbidermis.com\/de\/wp-json\/wp\/v2\/product\/8541"}],"collection":[{"href":"https:\/\/www.urbidermis.com\/de\/wp-json\/wp\/v2\/product"}],"about":[{"href":"https:\/\/www.urbidermis.com\/de\/wp-json\/wp\/v2\/types\/product"}],"acf:post":[{"embeddable":true,"href":"https:\/\/www.urbidermis.com\/de\/wp-json\/wp\/v2\/autores\/10694"},{"embeddable":true,"href":"https:\/\/www.urbidermis.com\/de\/wp-json\/wp\/v2\/perfiles\/7551"}],"wp:featuredmedia":[{"embeddable":true,"href":"https:\/\/www.urbidermis.com\/de\/wp-json\/wp\/v2\/media\/22600"}],"wp:attachment":[{"href":"https:\/\/www.urbidermis.com\/de\/wp-json\/wp\/v2\/media?parent=8541"}],"wp:term":[{"taxonomy":"product_cat","embeddable":true,"href":"https:\/\/www.urbidermis.com\/de\/wp-json\/wp\/v2\/product_cat?post=8541"},{"taxonomy":"product_tag","embeddable":true,"href":"https:\/\/www.urbidermis.com\/de\/wp-json\/wp\/v2\/product_tag?post=8541"}],"curies":[{"name":"wp","href":"https:\/\/api.w.org\/{rel}","templated":true}]}}