


{"id":8584,"date":"2022-03-01T10:36:37","date_gmt":"2022-03-01T10:36:37","guid":{"rendered":"https:\/\/ubweb21.urbidermis.com\/product\/comunitario\/"},"modified":"2026-04-08T15:10:50","modified_gmt":"2026-04-08T13:10:50","slug":"comunitario","status":"publish","type":"product","link":"https:\/\/www.urbidermis.com\/de\/parkbaenke\/comunitario\/","title":{"rendered":"Comunitario"},"content":{"rendered":"","protected":false},"excerpt":{"rendered":"<p>Eine Bank mit gro\u00dfer Sitzfl\u00e4che, perfekt f\u00fcr vielf\u00e4ltige Nutzungsm\u00f6glichkeiten. Die Bank Comunitario besteht aus vier oder f\u00fcnf dicken Holzlamellen, mit oder ohne starke R\u00fcckenlehne f\u00fcr maximale Stabilit\u00e4t.<\/p>\n","protected":false},"featured_media":14955,"template":"","meta":{"_acf_changed":false,"inline_featured_image":false},"product_cat":[214,213],"product_tag":[],"acf":{"activador_seccion_impacto_acvs_secctions_acvs":true,"texto_enlace_amplifyapp":"Comunitario_Urban_furniture","codigos_acvs_matching_row-leds":[{"texto_pestana_item_fetch":"Bank ohne R\u00fcckenlehne 3 m","codigo_item_fetch":"COB41"},{"texto_pestana_item_fetch":"Bank mit R\u00fcckenlehne 3 m","codigo_item_fetch":"COB42"},{"texto_pestana_item_fetch":"Bank ohne R\u00fcckenlehne 4 m","codigo_item_fetch":"COB51"},{"texto_pestana_item_fetch":"Bank mit R\u00fcckenlehne 4 m","codigo_item_fetch":"COB52"}],"activator_acf_option_madera_text":true,"texto_bajo_btn_certificados":"","check_para_validar_no_secc_aplication":false,"is_protocolo_y_control_generic":false,"is_producto_residencial_para_mostrar_info_diferente":false,"is_plano_de_cotas_validator":true,"galeria_multidimension_imagenes_plano_de_cotas_proyector":[{"texto_pestana_plano_galeria":"Parkbank","imagen_plano_de_cotas":"[link_wp_dam_url ids=\"14535\"]"},{"texto_pestana_plano_galeria":"Bank an niedriger Mauer","imagen_plano_de_cotas":"[link_wp_dam_url ids=\"14534\"]"}],"premios_producto_repeater":null,"participantes":"","autores":[10064],"ano_creacion_producto":"2002","validacion_producto_descarga":true,"galeria_imagenes_repeater_libro":[{"imagen_item_gal":"[link_wp_dam_url ids=\"13165\"]","activar_video_item_gal":false,"portada_video_item_gal":null,"video_en_horizonal_item_gal":false,"video_item_gal":false},{"imagen_item_gal":"[link_wp_dam_url ids=\"18483\"]","activar_video_item_gal":false,"portada_video_item_gal":null,"video_en_horizonal_item_gal":false,"video_item_gal":false},{"imagen_item_gal":"[link_wp_dam_url ids=\"18488\"]","activar_video_item_gal":false,"portada_video_item_gal":null,"video_en_horizonal_item_gal":false,"video_item_gal":false},{"imagen_item_gal":"[link_wp_dam_url ids=\"13166\"]","activar_video_item_gal":false,"portada_video_item_gal":null,"video_en_horizonal_item_gal":false,"video_item_gal":false},{"imagen_item_gal":"[link_wp_dam_url ids=\"13167\"]","activar_video_item_gal":false,"portada_video_item_gal":null,"video_en_horizonal_item_gal":false,"video_item_gal":false},{"imagen_item_gal":"[link_wp_dam_url ids=\"13168\"]","activar_video_item_gal":false,"portada_video_item_gal":null,"video_en_horizonal_item_gal":false,"video_item_gal":false}],"secciones_producto":[{"acf_fc_layout":"seccion_navtabs_imagen_dinamica","title_group":{"title_tag":"h2","title_txt":"Treffpunkt"},"texto_intro_principal":true,"texto_introductorio":"Die Gr\u00f6\u00dfe und Einzigartigkeit der Bank Comunitario verleiht dem offenen Raum Pr\u00e4senz und zieht die Menschen an. Sie zieht an, erm\u00f6glicht die Nutzung durch Gruppen und f\u00fcgt sich elegant in die Landschaft ein. Hergestellt aus warmen, hochbest\u00e4ndigen und hochwertigen Materialien.","ventanas_detalles_producto":[{"title_group_producto_grid_single":{"title_tag":"h2","title_txt":"Materialien"},"imagen_de_fondo_dinamic_single_producto":"","texto_contenido_ventana":true,"contenido_tabs_producto":"<ul>\r\n \t<li>Struktur aus feuerverzinktem Stahl S275 JR mit lackierter Oberfl\u00e4che.<\/li>\r\n \t<li>Armlehnen, je nach Modell, aus lackiertem verzinktem Stahl.<\/li>\r\n \t<li>Sitz und R\u00fcckenlehne aus Iroko-Holzlamellen mit FSC 100%-Zertifizierung, gesch\u00fctzt mit einer Einschicht-\u00d6lbehandlung.<\/li>\r\n \t<li>Schrauben aus A2-Edelstahl.<\/li>\r\n<\/ul>","acordion":false,"preguntas_y_respuestas":null,"cuadricula_de_colores":false,"componentes_producto":null,"descargables":false,"tipo_datasheet":"simple","datasheet":null,"datasheet_multiple":null,"tipo_instrucciones":"simple","instructions":null,"instructions_multiple":null,"drawings_ce":null,"2d_cad":null,"3d_cad":null,"revit":null,"ldt_photometric_files":null,"ies_photometric_files":null,"validador_detalles_producto":false,"tipo_especificacion":"certificados"},{"title_group_producto_grid_single":{"title_tag":"h2","title_txt":"Ausf\u00fchrungen"},"imagen_de_fondo_dinamic_single_producto":"","texto_contenido_ventana":true,"contenido_tabs_producto":"Die angezeigten Farben dienen nur als Beispiel.\r\nAndere Farben auf Anfrage erh\u00e4ltlich.\r\nAusf\u00fchrungen f\u00fcr K\u00fcstenklima auf Anfrage.","acordion":false,"preguntas_y_respuestas":null,"cuadricula_de_colores":true,"componentes_producto":[{"nombre_componente":"","colores":["Iroko_fsc"]}],"descargables":false,"tipo_datasheet":"simple","datasheet":null,"datasheet_multiple":null,"tipo_instrucciones":"simple","instructions":null,"instructions_multiple":null,"drawings_ce":null,"2d_cad":null,"3d_cad":null,"revit":null,"ldt_photometric_files":null,"ies_photometric_files":null,"validador_detalles_producto":false,"tipo_especificacion":""},{"title_group_producto_grid_single":{"title_tag":"h2","title_txt":"H\u00f6henplan"},"imagen_de_fondo_dinamic_single_producto":"","texto_contenido_ventana":false,"contenido_tabs_producto":"*Die angezeigten Farben dienen nur als Beispiel (andere Farben auf Anfrage erh\u00e4ltlich).\r\n\r\n**Ausf\u00fchrungen f\u00fcr K\u00fcstenklima auf Anfrage","acordion":false,"preguntas_y_respuestas":null,"cuadricula_de_colores":false,"componentes_producto":[{"nombre_componente":"","colores":["Iroko_fsc"]}],"descargables":false,"tipo_datasheet":"simple","datasheet":null,"datasheet_multiple":null,"tipo_instrucciones":"simple","instructions":null,"instructions_multiple":null,"drawings_ce":null,"2d_cad":null,"3d_cad":null,"revit":null,"ldt_photometric_files":null,"ies_photometric_files":null,"validador_detalles_producto":false,"tipo_especificacion":""},{"title_group_producto_grid_single":{"title_tag":"h2","title_txt":"Installation"},"imagen_de_fondo_dinamic_single_producto":"","texto_contenido_ventana":true,"contenido_tabs_producto":"<ul>\r\n \t<li>Keine Installation erforderlich. Falls erforderlich, sind die Halterungsstrukturen f\u00fcr eine Befestigung am Stra\u00dfenbelag mit Durchgangsl\u00f6chern versehen.<\/li>\r\n \t<li>Das Element wird zerlegt in zwei Komponenten geliefert: Halterungsstrukturen und Sitzfl\u00e4che mit oder ohne R\u00fcckenlehne.<\/li>\r\n \t<li>Inklusive Installations- und Montageanleitungen sowie Schrauben.<\/li>\r\n<\/ul>","acordion":false,"preguntas_y_respuestas":null,"cuadricula_de_colores":false,"componentes_producto":null,"descargables":false,"tipo_datasheet":"simple","datasheet":null,"datasheet_multiple":null,"tipo_instrucciones":"simple","instructions":null,"instructions_multiple":null,"drawings_ce":null,"2d_cad":null,"3d_cad":null,"revit":null,"ldt_photometric_files":null,"ies_photometric_files":null,"validador_detalles_producto":false,"tipo_especificacion":""},{"title_group_producto_grid_single":{"title_tag":"h2","title_txt":"Wartung"},"imagen_de_fondo_dinamic_single_producto":"","texto_contenido_ventana":true,"contenido_tabs_producto":"<ul>\r\n \t<li>Ben\u00f6tigt keine Wartung, au\u00dfer f\u00fcr den Erhalt der Originalfarbe des Holzes.<\/li>\r\n<\/ul>","acordion":false,"preguntas_y_respuestas":null,"cuadricula_de_colores":false,"componentes_producto":null,"descargables":false,"tipo_datasheet":"simple","datasheet":null,"datasheet_multiple":null,"tipo_instrucciones":"simple","instructions":null,"instructions_multiple":null,"drawings_ce":null,"2d_cad":null,"3d_cad":null,"revit":null,"ldt_photometric_files":null,"ies_photometric_files":null,"validador_detalles_producto":false,"tipo_especificacion":""},{"title_group_producto_grid_single":{"title_tag":"h2","title_txt":"Zertifizierungen"},"imagen_de_fondo_dinamic_single_producto":"","texto_contenido_ventana":false,"contenido_tabs_producto":"","acordion":false,"preguntas_y_respuestas":null,"cuadricula_de_colores":false,"componentes_producto":null,"descargables":false,"tipo_datasheet":"simple","datasheet":null,"datasheet_multiple":null,"tipo_instrucciones":"simple","instructions":null,"instructions_multiple":null,"drawings_ce":null,"2d_cad":null,"3d_cad":null,"revit":null,"ldt_photometric_files":null,"ies_photometric_files":null,"validador_detalles_producto":true,"tipo_especificacion":"certificados"}]},{"acf_fc_layout":"seccion_navtabs_imagen_dinamica","title_group":{"title_tag":"h2","title_txt":"Typologie"},"texto_intro_principal":false,"texto_introductorio":"","ventanas_detalles_producto":[{"title_group_producto_grid_single":{"title_tag":"h2","title_txt":"Parkbank"},"imagen_de_fondo_dinamic_single_producto":"[link_wp_dam_url ids=\"14935\"]","texto_contenido_ventana":true,"contenido_tabs_producto":"Die Bank ist das wesentliche Element des Stadtraums. Sie erm\u00f6glicht Ihnen, sich auszuruhen, sich zu unterhalten oder die Landschaft zu bewundern, und wertet die Qualit\u00e4t des \u00f6ffentlichen Raums auf.","acordion":true,"preguntas_y_respuestas":[{"pregunta":"Gewicht","respuesta":"<p class=\"p1\">3,00\u00a0m ohne R\u00fcckenlehne: 302\r\n3,00\u00a0m mit R\u00fcckenlehne: 432\r\n4,00m ohne R\u00fcckenlehne: 443\r\n4,00m mit R\u00fcckenlehne: 543<\/p>\r\n<p class=\"p1\">*Ungef\u00e4hres Gewicht ohne Verpackung (kg)<\/p>"}],"cuadricula_de_colores":false,"componentes_producto":null,"descargables":false,"tipo_datasheet":"simple","datasheet":null,"datasheet_multiple":null,"tipo_instrucciones":"simple","instructions":null,"instructions_multiple":null,"drawings_ce":null,"2d_cad":null,"3d_cad":null,"revit":null,"ldt_photometric_files":null,"ies_photometric_files":null,"validador_detalles_producto":false,"tipo_especificacion":""},{"title_group_producto_grid_single":{"title_tag":"h2","title_txt":"Bank an niedriger Mauer"},"imagen_de_fondo_dinamic_single_producto":"[link_wp_dam_url ids=\"14935\"]","texto_contenido_ventana":true,"contenido_tabs_producto":"Die Bank an einer niedrigen Mauer erm\u00f6glicht das Anbringen einer Ruhefl\u00e4che am Begrenzungselement, mit oder ohne R\u00fcckenlehne. So k\u00f6nnen bei Projekten mit komplexen Programmen Wohnbereiche in die Landschaft integriert werden.","acordion":true,"preguntas_y_respuestas":[{"pregunta":"Gewicht","respuesta":"<div class=\"content-text-text-tipologia color-green-new\">\r\n\r\n3,00 m ohne R\u00fcckenlehne auf Mauer: 166,5\r\n3,00 m mit R\u00fcckenlehne auf der Mauer: 281,5\r\n\r\n4,00 m ohne R\u00fcckenlehne auf der niedrigen Mauer: 304,5\r\n4,00 m mit R\u00fcckenlehne auf Muret: 405\r\n\r\n<\/div>\r\n*Ungef\u00e4hres Gewicht ohne Verpackung (kg)"}],"cuadricula_de_colores":false,"componentes_producto":null,"descargables":false,"tipo_datasheet":"simple","datasheet":null,"datasheet_multiple":null,"tipo_instrucciones":"simple","instructions":null,"instructions_multiple":null,"drawings_ce":null,"2d_cad":null,"3d_cad":null,"revit":null,"ldt_photometric_files":null,"ies_photometric_files":null,"validador_detalles_producto":false,"tipo_especificacion":""}]},{"acf_fc_layout":"seccion_navtabs_imagen_dinamica","title_group":{"title_tag":"h2","title_txt":"Downloads"},"texto_intro_principal":false,"texto_introductorio":"","ventanas_detalles_producto":[{"title_group_producto_grid_single":{"title_tag":"h2","title_txt":""},"imagen_de_fondo_dinamic_single_producto":"","texto_contenido_ventana":false,"contenido_tabs_producto":"","acordion":false,"preguntas_y_respuestas":null,"cuadricula_de_colores":false,"componentes_producto":null,"descargables":true,"tipo_datasheet":"simple","datasheet":11521,"datasheet_multiple":null,"tipo_instrucciones":"multiple","instructions":22377,"instructions_multiple":[{"instructions_title":"Bank mit R\u00fcckenlehne 3 m","instructions_file":25353},{"instructions_title":"Bank mit R\u00fcckenlehne 4 m","instructions_file":25357},{"instructions_title":"Bank ohne R\u00fcckenlehne","instructions_file":25361},{"instructions_title":"Bank an niedriger MauerBank an niedriger Mauer","instructions_file":25365}],"drawings_ce":22251,"2d_cad":22247,"3d_cad":13612,"revit":13675,"ldt_photometric_files":"","ies_photometric_files":"","validador_detalles_producto":false,"tipo_especificacion":""}]},{"acf_fc_layout":"seccion_consulta_nuestros_expertos","imagen_de_fondo_single_producto":"[link_wp_dam_url ids=\"14994\" size=\"x2400\"]","imagen_de_fondo_single_producto_mobile":""},{"acf_fc_layout":"seccion_imagen_de_fondo_con_sub_menu","titulo_group_list_contet_proyectos":{"title_tag":"h3","title_txt":"Comunitario in der Stadt"},"ancla_copy2":"","proyectos_relacionados":[{"project":6876,"project_img":"[link_wp_dam_url ids=\"13169\"]"},{"project":6319,"project_img":"[link_wp_dam_url ids=\"13170\"]"},{"project":7347,"project_img":"[link_wp_dam_url ids=\"13171\"]"},{"project":6105,"project_img":"[link_wp_dam_url ids=\"13172\"]"}]}],"dist_simetrica":"","dist_asimetrica":"","dist_indirecta":"","dist_suelo":"","control":"","certificados":["ce","fsc"],"nombre_arbol_entre_comillas":"","nombre_solo_plantas_field":"","isbn_campo_texto":"","autor_book_publicacion_producto":"","idioma_campo_texto":"","enquadernacion_campo_texto":"","_numero_de_paginas_campo_texto":"","pdf_asociado_producto":"","resumen_libro":"","text_content_family_basic_information":"","text_content_family_basic_number_width":"","text_content_family_basic_number_height":"","text_content_planting_density":"","flowers_option_colours":"","flowers_option_season":"","properties_option_pruning":"","properties_option_watering":"","properties_option_sun_exposure":"","properties_option_minimum_temp":"","properties_option_soil_type":"","properties_option_fire":"","properties_option_heat":"","properties_option_moisture":"","properties_option_dryness":"","properties_option_coastal_area":"","texto_introduccion_landing_custom":"","enlace_descubre_mas_custom":"","selecciona_tipo_de_imagen_custom":"","imagen_vertical_custom":"","imagen_horizontal_custom":"","opciones_de_texto_1":true,"opciones_de_texto_2":"acabado_standar","opciones_de_texto_3":""},"yoast_head":"<!-- This site is optimized with the Yoast SEO plugin v22.8 - https:\/\/yoast.com\/wordpress\/plugins\/seo\/ -->\n<title>Comunitario - Urbidermis<\/title>\n<meta name=\"robots\" content=\"index, follow, max-snippet:-1, max-image-preview:large, max-video-preview:-1\" \/>\n<link rel=\"canonical\" href=\"https:\/\/www.urbidermis.com\/de\/parkbaenke\/comunitario\/\" \/>\n<meta property=\"og:locale\" content=\"de_DE\" \/>\n<meta property=\"og:type\" content=\"article\" \/>\n<meta property=\"og:title\" content=\"Comunitario - Urbidermis\" \/>\n<meta property=\"og:description\" content=\"Eine Bank mit gro\u00dfer Sitzfl\u00e4che, perfekt f\u00fcr vielf\u00e4ltige Nutzungsm\u00f6glichkeiten. Die Bank Comunitario besteht aus vier oder f\u00fcnf dicken Holzlamellen, mit oder ohne starke R\u00fcckenlehne f\u00fcr maximale Stabilit\u00e4t.\" \/>\n<meta property=\"og:url\" content=\"https:\/\/www.urbidermis.com\/de\/parkbaenke\/comunitario\/\" \/>\n<meta property=\"og:site_name\" content=\"Urbidermis\" \/>\n<meta property=\"article:modified_time\" content=\"2026-04-08T13:10:50+00:00\" \/>\n<meta property=\"og:image\" content=\"https:\/\/www.urbidermis.com\/wp-content\/uploads\/20141030_Spain_Barcelona_Belloch_COB_Salva_Lopez_17-1.jpg\" \/>\n\t<meta property=\"og:image:width\" content=\"850\" \/>\n\t<meta property=\"og:image:height\" content=\"1191\" \/>\n\t<meta property=\"og:image:type\" content=\"image\/jpeg\" \/>\n<meta name=\"twitter:card\" content=\"summary_large_image\" \/>\n<script type=\"application\/ld+json\" class=\"yoast-schema-graph\">{\"@context\":\"https:\/\/schema.org\",\"@graph\":[{\"@type\":\"WebPage\",\"@id\":\"https:\/\/www.urbidermis.com\/de\/parkbaenke\/comunitario\/\",\"url\":\"https:\/\/www.urbidermis.com\/de\/parkbaenke\/comunitario\/\",\"name\":\"Comunitario - Urbidermis\",\"isPartOf\":{\"@id\":\"https:\/\/www.urbidermis.com\/de\/#website\"},\"primaryImageOfPage\":{\"@id\":\"https:\/\/www.urbidermis.com\/de\/parkbaenke\/comunitario\/#primaryimage\"},\"image\":{\"@id\":\"https:\/\/www.urbidermis.com\/de\/parkbaenke\/comunitario\/#primaryimage\"},\"thumbnailUrl\":\"https:\/\/www.urbidermis.com\/wp-content\/uploads\/20141030_Spain_Barcelona_Belloch_COB_Salva_Lopez_17-1.jpg\",\"datePublished\":\"2022-03-01T10:36:37+00:00\",\"dateModified\":\"2026-04-08T13:10:50+00:00\",\"breadcrumb\":{\"@id\":\"https:\/\/www.urbidermis.com\/de\/parkbaenke\/comunitario\/#breadcrumb\"},\"inLanguage\":\"de-DE\",\"potentialAction\":[{\"@type\":\"ReadAction\",\"target\":[\"https:\/\/www.urbidermis.com\/de\/parkbaenke\/comunitario\/\"]}]},{\"@type\":\"ImageObject\",\"inLanguage\":\"de-DE\",\"@id\":\"https:\/\/www.urbidermis.com\/de\/parkbaenke\/comunitario\/#primaryimage\",\"url\":\"https:\/\/www.urbidermis.com\/wp-content\/uploads\/20141030_Spain_Barcelona_Belloch_COB_Salva_Lopez_17-1.jpg\",\"contentUrl\":\"https:\/\/www.urbidermis.com\/wp-content\/uploads\/20141030_Spain_Barcelona_Belloch_COB_Salva_Lopez_17-1.jpg\",\"width\":850,\"height\":1191},{\"@type\":\"BreadcrumbList\",\"@id\":\"https:\/\/www.urbidermis.com\/de\/parkbaenke\/comunitario\/#breadcrumb\",\"itemListElement\":[{\"@type\":\"ListItem\",\"position\":1,\"name\":\"Home\",\"item\":\"https:\/\/www.urbidermis.com\/de\/\"},{\"@type\":\"ListItem\",\"position\":2,\"name\":\"Produkte\",\"item\":\"https:\/\/www.urbidermis.com\/de\/produkte\/\"},{\"@type\":\"ListItem\",\"position\":3,\"name\":\"Comunitario\"}]},{\"@type\":\"WebSite\",\"@id\":\"https:\/\/www.urbidermis.com\/de\/#website\",\"url\":\"https:\/\/www.urbidermis.com\/de\/\",\"name\":\"Urbidermis\",\"description\":\"Especialistas en la ciudad\",\"publisher\":{\"@id\":\"https:\/\/www.urbidermis.com\/de\/#organization\"},\"potentialAction\":[{\"@type\":\"SearchAction\",\"target\":{\"@type\":\"EntryPoint\",\"urlTemplate\":\"https:\/\/www.urbidermis.com\/de\/?s={search_term_string}\"},\"query-input\":\"required name=search_term_string\"}],\"inLanguage\":\"de-DE\"},{\"@type\":\"Organization\",\"@id\":\"https:\/\/www.urbidermis.com\/de\/#organization\",\"name\":\"Urbidermis\",\"url\":\"https:\/\/www.urbidermis.com\/de\/\",\"logo\":{\"@type\":\"ImageObject\",\"inLanguage\":\"de-DE\",\"@id\":\"https:\/\/www.urbidermis.com\/de\/#\/schema\/logo\/image\/\",\"url\":\"https:\/\/www.urbidermis.com\/wp-content\/uploads\/logo_urbdermis-1.png\",\"contentUrl\":\"https:\/\/www.urbidermis.com\/wp-content\/uploads\/logo_urbdermis-1.png\",\"width\":601,\"height\":1033,\"caption\":\"Urbidermis\"},\"image\":{\"@id\":\"https:\/\/www.urbidermis.com\/de\/#\/schema\/logo\/image\/\"}}]}<\/script>\n<!-- \/ Yoast SEO plugin. -->","yoast_head_json":{"title":"Comunitario - Urbidermis","robots":{"index":"index","follow":"follow","max-snippet":"max-snippet:-1","max-image-preview":"max-image-preview:large","max-video-preview":"max-video-preview:-1"},"canonical":"https:\/\/www.urbidermis.com\/de\/parkbaenke\/comunitario\/","og_locale":"de_DE","og_type":"article","og_title":"Comunitario - Urbidermis","og_description":"Eine Bank mit gro\u00dfer Sitzfl\u00e4che, perfekt f\u00fcr vielf\u00e4ltige Nutzungsm\u00f6glichkeiten. Die Bank Comunitario besteht aus vier oder f\u00fcnf dicken Holzlamellen, mit oder ohne starke R\u00fcckenlehne f\u00fcr maximale Stabilit\u00e4t.","og_url":"https:\/\/www.urbidermis.com\/de\/parkbaenke\/comunitario\/","og_site_name":"Urbidermis","article_modified_time":"2026-04-08T13:10:50+00:00","og_image":[{"width":850,"height":1191,"url":"https:\/\/www.urbidermis.com\/wp-content\/uploads\/20141030_Spain_Barcelona_Belloch_COB_Salva_Lopez_17-1.jpg","type":"image\/jpeg"}],"twitter_card":"summary_large_image","schema":{"@context":"https:\/\/schema.org","@graph":[{"@type":"WebPage","@id":"https:\/\/www.urbidermis.com\/de\/parkbaenke\/comunitario\/","url":"https:\/\/www.urbidermis.com\/de\/parkbaenke\/comunitario\/","name":"Comunitario - Urbidermis","isPartOf":{"@id":"https:\/\/www.urbidermis.com\/de\/#website"},"primaryImageOfPage":{"@id":"https:\/\/www.urbidermis.com\/de\/parkbaenke\/comunitario\/#primaryimage"},"image":{"@id":"https:\/\/www.urbidermis.com\/de\/parkbaenke\/comunitario\/#primaryimage"},"thumbnailUrl":"https:\/\/www.urbidermis.com\/wp-content\/uploads\/20141030_Spain_Barcelona_Belloch_COB_Salva_Lopez_17-1.jpg","datePublished":"2022-03-01T10:36:37+00:00","dateModified":"2026-04-08T13:10:50+00:00","breadcrumb":{"@id":"https:\/\/www.urbidermis.com\/de\/parkbaenke\/comunitario\/#breadcrumb"},"inLanguage":"de-DE","potentialAction":[{"@type":"ReadAction","target":["https:\/\/www.urbidermis.com\/de\/parkbaenke\/comunitario\/"]}]},{"@type":"ImageObject","inLanguage":"de-DE","@id":"https:\/\/www.urbidermis.com\/de\/parkbaenke\/comunitario\/#primaryimage","url":"https:\/\/www.urbidermis.com\/wp-content\/uploads\/20141030_Spain_Barcelona_Belloch_COB_Salva_Lopez_17-1.jpg","contentUrl":"https:\/\/www.urbidermis.com\/wp-content\/uploads\/20141030_Spain_Barcelona_Belloch_COB_Salva_Lopez_17-1.jpg","width":850,"height":1191},{"@type":"BreadcrumbList","@id":"https:\/\/www.urbidermis.com\/de\/parkbaenke\/comunitario\/#breadcrumb","itemListElement":[{"@type":"ListItem","position":1,"name":"Home","item":"https:\/\/www.urbidermis.com\/de\/"},{"@type":"ListItem","position":2,"name":"Produkte","item":"https:\/\/www.urbidermis.com\/de\/produkte\/"},{"@type":"ListItem","position":3,"name":"Comunitario"}]},{"@type":"WebSite","@id":"https:\/\/www.urbidermis.com\/de\/#website","url":"https:\/\/www.urbidermis.com\/de\/","name":"Urbidermis","description":"Especialistas en la ciudad","publisher":{"@id":"https:\/\/www.urbidermis.com\/de\/#organization"},"potentialAction":[{"@type":"SearchAction","target":{"@type":"EntryPoint","urlTemplate":"https:\/\/www.urbidermis.com\/de\/?s={search_term_string}"},"query-input":"required name=search_term_string"}],"inLanguage":"de-DE"},{"@type":"Organization","@id":"https:\/\/www.urbidermis.com\/de\/#organization","name":"Urbidermis","url":"https:\/\/www.urbidermis.com\/de\/","logo":{"@type":"ImageObject","inLanguage":"de-DE","@id":"https:\/\/www.urbidermis.com\/de\/#\/schema\/logo\/image\/","url":"https:\/\/www.urbidermis.com\/wp-content\/uploads\/logo_urbdermis-1.png","contentUrl":"https:\/\/www.urbidermis.com\/wp-content\/uploads\/logo_urbdermis-1.png","width":601,"height":1033,"caption":"Urbidermis"},"image":{"@id":"https:\/\/www.urbidermis.com\/de\/#\/schema\/logo\/image\/"}}]}},"_links":{"self":[{"href":"https:\/\/www.urbidermis.com\/de\/wp-json\/wp\/v2\/product\/8584"}],"collection":[{"href":"https:\/\/www.urbidermis.com\/de\/wp-json\/wp\/v2\/product"}],"about":[{"href":"https:\/\/www.urbidermis.com\/de\/wp-json\/wp\/v2\/types\/product"}],"acf:post":[{"embeddable":true,"href":"https:\/\/www.urbidermis.com\/de\/wp-json\/wp\/v2\/autores\/10064"}],"wp:featuredmedia":[{"embeddable":true,"href":"https:\/\/www.urbidermis.com\/de\/wp-json\/wp\/v2\/media\/14955"}],"wp:attachment":[{"href":"https:\/\/www.urbidermis.com\/de\/wp-json\/wp\/v2\/media?parent=8584"}],"wp:term":[{"taxonomy":"product_cat","embeddable":true,"href":"https:\/\/www.urbidermis.com\/de\/wp-json\/wp\/v2\/product_cat?post=8584"},{"taxonomy":"product_tag","embeddable":true,"href":"https:\/\/www.urbidermis.com\/de\/wp-json\/wp\/v2\/product_tag?post=8584"}],"curies":[{"name":"wp","href":"https:\/\/api.w.org\/{rel}","templated":true}]}}