


{"id":8594,"date":"2022-03-01T10:39:48","date_gmt":"2022-03-01T10:39:48","guid":{"rendered":"https:\/\/ubweb21.urbidermis.com\/product\/inner\/"},"modified":"2026-04-09T09:48:03","modified_gmt":"2026-04-09T07:48:03","slug":"inner","status":"publish","type":"product","link":"https:\/\/www.urbidermis.com\/de\/stadtmobiliar\/inner\/","title":{"rendered":"Inner"},"content":{"rendered":"","protected":false},"excerpt":{"rendered":"<p>Die Parkbank Inner ist die Weiterentwicklung der B\u00e4nke NeoRom\u00e1ntico und Harpo, die vom selben Designer entworfen wurden. Diese Bank ist bequem wie die erste und einfach wie die zweite ist, aber st\u00e4rker. Die Ergonomie der Bank mit ihrer bequemen, aufrechteren Position, die f\u00fcr \u00e4ltere und mobilit\u00e4tseingeschr\u00e4nkte Personen konzipiert ist, erleichtert das Aufstehen.<\/p>\n","protected":false},"featured_media":8675,"template":"","meta":{"_acf_changed":false,"inline_featured_image":false},"product_cat":[214,213],"product_tag":[],"acf":{"activador_seccion_impacto_acvs_secctions_acvs":true,"texto_enlace_amplifyapp":"Inner_Urban_furniture","codigos_acvs_matching_row-leds":[{"texto_pestana_item_fetch":"Bank 0,6 m Tropenholz","codigo_item_fetch":"INB14"},{"texto_pestana_item_fetch":"Bank 0,6 m Aluminium","codigo_item_fetch":"INB11"},{"texto_pestana_item_fetch":"Bank 1,75 m Tropenholz","codigo_item_fetch":"INB24"},{"texto_pestana_item_fetch":"Bank 1,75 m Aluminium","codigo_item_fetch":"INB21"},{"texto_pestana_item_fetch":"Bank 3 m Tropenholz","codigo_item_fetch":"INB34"},{"texto_pestana_item_fetch":"Bank 3 m Aluminium","codigo_item_fetch":"INB31"}],"activator_acf_option_madera_text":true,"texto_bajo_btn_certificados":"","check_para_validar_no_secc_aplication":true,"is_protocolo_y_control_generic":false,"is_producto_residencial_para_mostrar_info_diferente":false,"is_plano_de_cotas_validator":true,"galeria_multidimension_imagenes_plano_de_cotas_proyector":[{"texto_pestana_plano_galeria":" Parkbank","imagen_plano_de_cotas":"[link_wp_dam_url ids=\"14541\"]"}],"premios_producto_repeater":null,"participantes":[7553,7539],"autores":[10508],"ano_creacion_producto":"2021","validacion_producto_descarga":true,"galeria_imagenes_repeater_libro":[{"imagen_item_gal":"[link_wp_dam_url ids=\"13218\"]","activar_video_item_gal":false,"portada_video_item_gal":null,"video_en_horizonal_item_gal":false,"video_item_gal":false},{"imagen_item_gal":"[link_wp_dam_url ids=\"13219\"]","activar_video_item_gal":false,"portada_video_item_gal":null,"video_en_horizonal_item_gal":false,"video_item_gal":false},{"imagen_item_gal":"[link_wp_dam_url ids=\"13220\"]","activar_video_item_gal":false,"portada_video_item_gal":null,"video_en_horizonal_item_gal":false,"video_item_gal":false}],"secciones_producto":[{"acf_fc_layout":"seccion_navtabs_imagen_dinamica","title_group":{"title_tag":"h2","title_txt":"Eine inklusive und widerstandsf\u00e4hige Bank"},"texto_intro_principal":true,"texto_introductorio":"Inner ist Cradle to Cradle\u00ae-zertifiziert \u2013 eine Anerkennung, die seine Sicherheit, geringe \u00d6kotoxizit\u00e4t und ein hohes Kreislaufpotenzial best\u00e4tigt. Die Beinstruktur mit sieben eingelassenen Latten sorgt f\u00fcr Stabilit\u00e4t und Robustheit und bietet ein komfortables, effizientes Design, das f\u00fcr anspruchsvolle und klimatisch herausfordernde Umgebungen geeignet ist.","ventanas_detalles_producto":[{"title_group_producto_grid_single":{"title_tag":"h2","title_txt":"Materialien"},"imagen_de_fondo_dinamic_single_producto":"","texto_contenido_ventana":true,"contenido_tabs_producto":"<ul>\r\n \t<li>Struktur aus eloxiertem Aluminiumguss EN-AC-51100 AG3.<\/li>\r\n \t<li>Sitz und R\u00fcckenlehne aus 90 x 30 mm Lamellen aus Tropenholz mit 100 % FSC-Zertifizierung, gesch\u00fctzt mit Einschicht\u00f6l oder extrudiertem Aluminium 6063-T5- mit eloxiertem Finish.<\/li>\r\n \t<li>Schrauben aus A2-Edelstahl.<\/li>\r\n<\/ul>","acordion":false,"preguntas_y_respuestas":null,"cuadricula_de_colores":false,"componentes_producto":null,"descargables":false,"tipo_datasheet":"simple","datasheet":null,"datasheet_multiple":null,"tipo_instrucciones":"simple","instructions":null,"instructions_multiple":null,"drawings_ce":null,"2d_cad":null,"3d_cad":null,"revit":null,"ldt_photometric_files":null,"ies_photometric_files":null,"validador_detalles_producto":false,"tipo_especificacion":"certificados"},{"title_group_producto_grid_single":{"title_tag":"h2","title_txt":"Ausf\u00fchrungen"},"imagen_de_fondo_dinamic_single_producto":"","texto_contenido_ventana":true,"contenido_tabs_producto":"<div class=\"content-colores d-flex mb-lg-5 mb-3 pb-lg-5 pb-3\">\r\n<div class=\"content-group-colors\">\r\n<div class=\"box-items-group-colors d-flex gap-3\">\r\n<div class=\"color-item d-flex align-items-start justify-content-center flex-column gap-lg-3 gap-2\"><\/div>\r\n<\/div>\r\n<\/div>\r\n<\/div>\r\n<div class=\"content-text content-text-colores color-green-new mt-lg-5 mt-5\">\r\n\r\nDie angezeigten Farben dienen nur als Beispiel.\r\nAndere Farben auf Anfrage erh\u00e4ltlich.\r\nAusf\u00fchrungen f\u00fcr K\u00fcstenklima auf Anfrage.\r\n\r\n<\/div>","acordion":false,"preguntas_y_respuestas":null,"cuadricula_de_colores":true,"componentes_producto":[{"nombre_componente":"Lamellen","colores":["aluminio_anodizado","madera_tropical"]},{"nombre_componente":"Struktur","colores":["aluminio_anodizado_ag3"]}],"descargables":false,"tipo_datasheet":"simple","datasheet":null,"datasheet_multiple":null,"tipo_instrucciones":"simple","instructions":null,"instructions_multiple":null,"drawings_ce":null,"2d_cad":null,"3d_cad":null,"revit":null,"ldt_photometric_files":null,"ies_photometric_files":null,"validador_detalles_producto":false,"tipo_especificacion":""},{"title_group_producto_grid_single":{"title_tag":"h2","title_txt":"H\u00f6henplan"},"imagen_de_fondo_dinamic_single_producto":"","texto_contenido_ventana":false,"contenido_tabs_producto":"<ul>\r\n \t<li>Montage mittels zweier verzinkter Bolzen M10 x 120 pro St\u00fctzstruktur, die in L\u00f6cher gesteckt werden, die in den Belag gebohrt und mit Epoxidharz, schnell trocknendem Zement oder \u00e4hnlichem gef\u00fcllt werden.<\/li>\r\n \t<li>Das Element wird zerlegt in zwei Komponenten geliefert: Struktur und Lamellen. Inklusive Installations- und Montageanleitung, Schrauben und Ankerbolzen.<\/li>\r\n<\/ul>","acordion":false,"preguntas_y_respuestas":null,"cuadricula_de_colores":false,"componentes_producto":[{"nombre_componente":"Struktur","colores":["aluminio_anodizado_ag3"]},{"nombre_componente":"Lamellen","colores":["aluminio_anodizado","european_pino_termotratado_pefc","madera_tropical"]}],"descargables":false,"tipo_datasheet":"simple","datasheet":null,"datasheet_multiple":null,"tipo_instrucciones":"simple","instructions":null,"instructions_multiple":null,"drawings_ce":null,"2d_cad":null,"3d_cad":null,"revit":null,"ldt_photometric_files":null,"ies_photometric_files":null,"validador_detalles_producto":false,"tipo_especificacion":""},{"title_group_producto_grid_single":{"title_tag":"h2","title_txt":"Installation"},"imagen_de_fondo_dinamic_single_producto":"","texto_contenido_ventana":true,"contenido_tabs_producto":"<ul>\r\n \t<li>Montage mittels zweier verzinkter Bolzen M10 x 120 pro St\u00fctzstruktur, die in L\u00f6cher gesteckt werden, die in den Belag gebohrt und mit Epoxidharz, schnell trocknendem Zement oder \u00e4hnlichem gef\u00fcllt werden.<\/li>\r\n \t<li>Das Element wird zerlegt in zwei Komponenten geliefert: Struktur und Lamellen. Inklusive Installations- und Montageanleitung, Schrauben und Ankerbolzen.<\/li>\r\n<\/ul>","acordion":false,"preguntas_y_respuestas":null,"cuadricula_de_colores":false,"componentes_producto":null,"descargables":false,"tipo_datasheet":"simple","datasheet":null,"datasheet_multiple":null,"tipo_instrucciones":"simple","instructions":null,"instructions_multiple":null,"drawings_ce":null,"2d_cad":null,"3d_cad":null,"revit":null,"ldt_photometric_files":null,"ies_photometric_files":null,"validador_detalles_producto":false,"tipo_especificacion":""},{"title_group_producto_grid_single":{"title_tag":"h2","title_txt":"Wartung"},"imagen_de_fondo_dinamic_single_producto":"","texto_contenido_ventana":true,"contenido_tabs_producto":"<ul>\r\n \t<li>Ben\u00f6tigt keine Wartung, au\u00dfer f\u00fcr den Erhalt der Originalfarbe des Holzes.<\/li>\r\n<\/ul>","acordion":false,"preguntas_y_respuestas":null,"cuadricula_de_colores":false,"componentes_producto":null,"descargables":false,"tipo_datasheet":"simple","datasheet":null,"datasheet_multiple":null,"tipo_instrucciones":"simple","instructions":null,"instructions_multiple":null,"drawings_ce":null,"2d_cad":null,"3d_cad":null,"revit":null,"ldt_photometric_files":null,"ies_photometric_files":null,"validador_detalles_producto":false,"tipo_especificacion":""},{"title_group_producto_grid_single":{"title_tag":"h2","title_txt":"Zertifizierungen"},"imagen_de_fondo_dinamic_single_producto":"","texto_contenido_ventana":false,"contenido_tabs_producto":"","acordion":false,"preguntas_y_respuestas":null,"cuadricula_de_colores":false,"componentes_producto":null,"descargables":false,"tipo_datasheet":"simple","datasheet":null,"datasheet_multiple":null,"tipo_instrucciones":"simple","instructions":null,"instructions_multiple":null,"drawings_ce":null,"2d_cad":null,"3d_cad":null,"revit":null,"ldt_photometric_files":null,"ies_photometric_files":null,"validador_detalles_producto":true,"tipo_especificacion":"certificados"},{"title_group_producto_grid_single":{"title_tag":"h2","title_txt":"Gewicht"},"imagen_de_fondo_dinamic_single_producto":"","texto_contenido_ventana":true,"contenido_tabs_producto":"Stuhl 0,60 m\r\nAluminium: 20\r\nTropenholz: 23\r\n\r\nBank 1,75 m\r\nAluminium: 34\r\nTropenholz: 43\r\n\r\nBank 3,00 m\r\nAluminium: 49\r\nTropenholz: 73\r\n\r\n*Ungef\u00e4hres Gewicht ohne Verpackung (kg)","acordion":false,"preguntas_y_respuestas":null,"cuadricula_de_colores":false,"componentes_producto":null,"descargables":false,"tipo_datasheet":"simple","datasheet":null,"datasheet_multiple":null,"tipo_instrucciones":"simple","instructions":null,"instructions_multiple":null,"drawings_ce":null,"2d_cad":null,"3d_cad":null,"revit":null,"ldt_photometric_files":null,"ies_photometric_files":null,"validador_detalles_producto":false,"tipo_especificacion":""}]},{"acf_fc_layout":"seccion_navtabs_imagen_dinamica","title_group":{"title_tag":"h2","title_txt":"Downloads"},"texto_intro_principal":false,"texto_introductorio":"","ventanas_detalles_producto":[{"title_group_producto_grid_single":{"title_tag":"h2","title_txt":""},"imagen_de_fondo_dinamic_single_producto":"","texto_contenido_ventana":false,"contenido_tabs_producto":"","acordion":false,"preguntas_y_respuestas":null,"cuadricula_de_colores":false,"componentes_producto":null,"descargables":true,"tipo_datasheet":"multiple","datasheet":null,"datasheet_multiple":[{"datasheet_title":"Inner","datasheet_file":20914},{"datasheet_title":"Holz","datasheet_file":15839}],"tipo_instrucciones":"simple","instructions":25316,"instructions_multiple":null,"drawings_ce":14495,"2d_cad":14543,"3d_cad":13639,"revit":13679,"ldt_photometric_files":"","ies_photometric_files":"","validador_detalles_producto":false,"tipo_especificacion":""}]},{"acf_fc_layout":"seccion_consulta_nuestros_expertos","imagen_de_fondo_single_producto":"[link_wp_dam_url ids=\"13217\" size=\"x2400\"]","imagen_de_fondo_single_producto_mobile":"[link_wp_dam_url ids=\"8271\"]"},{"acf_fc_layout":"seccion_imagen_de_fondo_con_sub_menu","titulo_group_list_contet_proyectos":{"title_tag":"h3","title_txt":"Inner in der Stadt"},"ancla_copy2":"","proyectos_relacionados":[{"project":5097,"project_img":"[link_wp_dam_url ids=\"13221\"]"}]}],"dist_simetrica":"","dist_asimetrica":"","dist_indirecta":"","dist_suelo":"","control":"","certificados":["ce","fsc","c2c"],"nombre_arbol_entre_comillas":"","nombre_solo_plantas_field":"","isbn_campo_texto":"","autor_book_publicacion_producto":"","idioma_campo_texto":"","enquadernacion_campo_texto":"","_numero_de_paginas_campo_texto":"","pdf_asociado_producto":"","resumen_libro":"","text_content_family_basic_information":"","text_content_family_basic_number_width":"","text_content_family_basic_number_height":"","text_content_planting_density":"","flowers_option_colours":"","flowers_option_season":"","properties_option_pruning":"","properties_option_watering":"","properties_option_sun_exposure":"","properties_option_minimum_temp":"","properties_option_soil_type":"","properties_option_fire":"","properties_option_heat":"","properties_option_moisture":"","properties_option_dryness":"","properties_option_coastal_area":"","texto_introduccion_landing_custom":"","enlace_descubre_mas_custom":"","selecciona_tipo_de_imagen_custom":"","imagen_vertical_custom":"","imagen_horizontal_custom":"","opciones_de_texto_1":true,"opciones_de_texto_2":"acabado_standar","opciones_de_texto_3":""},"yoast_head":"<!-- This site is optimized with the Yoast SEO plugin v22.8 - https:\/\/yoast.com\/wordpress\/plugins\/seo\/ -->\n<title>Inner - Urbidermis<\/title>\n<meta name=\"robots\" content=\"index, follow, max-snippet:-1, max-image-preview:large, max-video-preview:-1\" \/>\n<link rel=\"canonical\" href=\"https:\/\/www.urbidermis.com\/de\/stadtmobiliar\/inner\/\" \/>\n<meta property=\"og:locale\" content=\"de_DE\" \/>\n<meta property=\"og:type\" content=\"article\" \/>\n<meta property=\"og:title\" content=\"Inner - Urbidermis\" \/>\n<meta property=\"og:description\" content=\"Die Parkbank Inner ist die Weiterentwicklung der B\u00e4nke NeoRom\u00e1ntico und Harpo, die vom selben Designer entworfen wurden. Diese Bank ist bequem wie die erste und einfach wie die zweite ist, aber st\u00e4rker. Die Ergonomie der Bank mit ihrer bequemen, aufrechteren Position, die f\u00fcr \u00e4ltere und mobilit\u00e4tseingeschr\u00e4nkte Personen konzipiert ist, erleichtert das Aufstehen.\" \/>\n<meta property=\"og:url\" content=\"https:\/\/www.urbidermis.com\/de\/stadtmobiliar\/inner\/\" \/>\n<meta property=\"og:site_name\" content=\"Urbidermis\" \/>\n<meta property=\"article:modified_time\" content=\"2026-04-09T07:48:03+00:00\" \/>\n<meta property=\"og:image\" content=\"https:\/\/www.urbidermis.com\/wp-content\/uploads\/20211220_Spain_Barcelona_Belloch_INB_Equipo_Urbidermis_62.jpg\" \/>\n\t<meta property=\"og:image:width\" content=\"772\" \/>\n\t<meta property=\"og:image:height\" content=\"1080\" \/>\n\t<meta property=\"og:image:type\" content=\"image\/jpeg\" \/>\n<meta name=\"twitter:card\" content=\"summary_large_image\" \/>\n<script type=\"application\/ld+json\" class=\"yoast-schema-graph\">{\"@context\":\"https:\/\/schema.org\",\"@graph\":[{\"@type\":\"WebPage\",\"@id\":\"https:\/\/www.urbidermis.com\/de\/stadtmobiliar\/inner\/\",\"url\":\"https:\/\/www.urbidermis.com\/de\/stadtmobiliar\/inner\/\",\"name\":\"Inner - Urbidermis\",\"isPartOf\":{\"@id\":\"https:\/\/www.urbidermis.com\/de\/#website\"},\"primaryImageOfPage\":{\"@id\":\"https:\/\/www.urbidermis.com\/de\/stadtmobiliar\/inner\/#primaryimage\"},\"image\":{\"@id\":\"https:\/\/www.urbidermis.com\/de\/stadtmobiliar\/inner\/#primaryimage\"},\"thumbnailUrl\":\"https:\/\/www.urbidermis.com\/wp-content\/uploads\/20211220_Spain_Barcelona_Belloch_INB_Equipo_Urbidermis_62.jpg\",\"datePublished\":\"2022-03-01T10:39:48+00:00\",\"dateModified\":\"2026-04-09T07:48:03+00:00\",\"breadcrumb\":{\"@id\":\"https:\/\/www.urbidermis.com\/de\/stadtmobiliar\/inner\/#breadcrumb\"},\"inLanguage\":\"de-DE\",\"potentialAction\":[{\"@type\":\"ReadAction\",\"target\":[\"https:\/\/www.urbidermis.com\/de\/stadtmobiliar\/inner\/\"]}]},{\"@type\":\"ImageObject\",\"inLanguage\":\"de-DE\",\"@id\":\"https:\/\/www.urbidermis.com\/de\/stadtmobiliar\/inner\/#primaryimage\",\"url\":\"https:\/\/www.urbidermis.com\/wp-content\/uploads\/20211220_Spain_Barcelona_Belloch_INB_Equipo_Urbidermis_62.jpg\",\"contentUrl\":\"https:\/\/www.urbidermis.com\/wp-content\/uploads\/20211220_Spain_Barcelona_Belloch_INB_Equipo_Urbidermis_62.jpg\",\"width\":772,\"height\":1080},{\"@type\":\"BreadcrumbList\",\"@id\":\"https:\/\/www.urbidermis.com\/de\/stadtmobiliar\/inner\/#breadcrumb\",\"itemListElement\":[{\"@type\":\"ListItem\",\"position\":1,\"name\":\"Home\",\"item\":\"https:\/\/www.urbidermis.com\/de\/\"},{\"@type\":\"ListItem\",\"position\":2,\"name\":\"Produkte\",\"item\":\"https:\/\/www.urbidermis.com\/de\/produkte\/\"},{\"@type\":\"ListItem\",\"position\":3,\"name\":\"Inner\"}]},{\"@type\":\"WebSite\",\"@id\":\"https:\/\/www.urbidermis.com\/de\/#website\",\"url\":\"https:\/\/www.urbidermis.com\/de\/\",\"name\":\"Urbidermis\",\"description\":\"Especialistas en la ciudad\",\"publisher\":{\"@id\":\"https:\/\/www.urbidermis.com\/de\/#organization\"},\"potentialAction\":[{\"@type\":\"SearchAction\",\"target\":{\"@type\":\"EntryPoint\",\"urlTemplate\":\"https:\/\/www.urbidermis.com\/de\/?s={search_term_string}\"},\"query-input\":\"required name=search_term_string\"}],\"inLanguage\":\"de-DE\"},{\"@type\":\"Organization\",\"@id\":\"https:\/\/www.urbidermis.com\/de\/#organization\",\"name\":\"Urbidermis\",\"url\":\"https:\/\/www.urbidermis.com\/de\/\",\"logo\":{\"@type\":\"ImageObject\",\"inLanguage\":\"de-DE\",\"@id\":\"https:\/\/www.urbidermis.com\/de\/#\/schema\/logo\/image\/\",\"url\":\"https:\/\/www.urbidermis.com\/wp-content\/uploads\/logo_urbdermis-1.png\",\"contentUrl\":\"https:\/\/www.urbidermis.com\/wp-content\/uploads\/logo_urbdermis-1.png\",\"width\":601,\"height\":1033,\"caption\":\"Urbidermis\"},\"image\":{\"@id\":\"https:\/\/www.urbidermis.com\/de\/#\/schema\/logo\/image\/\"}}]}<\/script>\n<!-- \/ Yoast SEO plugin. -->","yoast_head_json":{"title":"Inner - Urbidermis","robots":{"index":"index","follow":"follow","max-snippet":"max-snippet:-1","max-image-preview":"max-image-preview:large","max-video-preview":"max-video-preview:-1"},"canonical":"https:\/\/www.urbidermis.com\/de\/stadtmobiliar\/inner\/","og_locale":"de_DE","og_type":"article","og_title":"Inner - Urbidermis","og_description":"Die Parkbank Inner ist die Weiterentwicklung der B\u00e4nke NeoRom\u00e1ntico und Harpo, die vom selben Designer entworfen wurden. Diese Bank ist bequem wie die erste und einfach wie die zweite ist, aber st\u00e4rker. Die Ergonomie der Bank mit ihrer bequemen, aufrechteren Position, die f\u00fcr \u00e4ltere und mobilit\u00e4tseingeschr\u00e4nkte Personen konzipiert ist, erleichtert das Aufstehen.","og_url":"https:\/\/www.urbidermis.com\/de\/stadtmobiliar\/inner\/","og_site_name":"Urbidermis","article_modified_time":"2026-04-09T07:48:03+00:00","og_image":[{"width":772,"height":1080,"url":"https:\/\/www.urbidermis.com\/wp-content\/uploads\/20211220_Spain_Barcelona_Belloch_INB_Equipo_Urbidermis_62.jpg","type":"image\/jpeg"}],"twitter_card":"summary_large_image","schema":{"@context":"https:\/\/schema.org","@graph":[{"@type":"WebPage","@id":"https:\/\/www.urbidermis.com\/de\/stadtmobiliar\/inner\/","url":"https:\/\/www.urbidermis.com\/de\/stadtmobiliar\/inner\/","name":"Inner - Urbidermis","isPartOf":{"@id":"https:\/\/www.urbidermis.com\/de\/#website"},"primaryImageOfPage":{"@id":"https:\/\/www.urbidermis.com\/de\/stadtmobiliar\/inner\/#primaryimage"},"image":{"@id":"https:\/\/www.urbidermis.com\/de\/stadtmobiliar\/inner\/#primaryimage"},"thumbnailUrl":"https:\/\/www.urbidermis.com\/wp-content\/uploads\/20211220_Spain_Barcelona_Belloch_INB_Equipo_Urbidermis_62.jpg","datePublished":"2022-03-01T10:39:48+00:00","dateModified":"2026-04-09T07:48:03+00:00","breadcrumb":{"@id":"https:\/\/www.urbidermis.com\/de\/stadtmobiliar\/inner\/#breadcrumb"},"inLanguage":"de-DE","potentialAction":[{"@type":"ReadAction","target":["https:\/\/www.urbidermis.com\/de\/stadtmobiliar\/inner\/"]}]},{"@type":"ImageObject","inLanguage":"de-DE","@id":"https:\/\/www.urbidermis.com\/de\/stadtmobiliar\/inner\/#primaryimage","url":"https:\/\/www.urbidermis.com\/wp-content\/uploads\/20211220_Spain_Barcelona_Belloch_INB_Equipo_Urbidermis_62.jpg","contentUrl":"https:\/\/www.urbidermis.com\/wp-content\/uploads\/20211220_Spain_Barcelona_Belloch_INB_Equipo_Urbidermis_62.jpg","width":772,"height":1080},{"@type":"BreadcrumbList","@id":"https:\/\/www.urbidermis.com\/de\/stadtmobiliar\/inner\/#breadcrumb","itemListElement":[{"@type":"ListItem","position":1,"name":"Home","item":"https:\/\/www.urbidermis.com\/de\/"},{"@type":"ListItem","position":2,"name":"Produkte","item":"https:\/\/www.urbidermis.com\/de\/produkte\/"},{"@type":"ListItem","position":3,"name":"Inner"}]},{"@type":"WebSite","@id":"https:\/\/www.urbidermis.com\/de\/#website","url":"https:\/\/www.urbidermis.com\/de\/","name":"Urbidermis","description":"Especialistas en la ciudad","publisher":{"@id":"https:\/\/www.urbidermis.com\/de\/#organization"},"potentialAction":[{"@type":"SearchAction","target":{"@type":"EntryPoint","urlTemplate":"https:\/\/www.urbidermis.com\/de\/?s={search_term_string}"},"query-input":"required name=search_term_string"}],"inLanguage":"de-DE"},{"@type":"Organization","@id":"https:\/\/www.urbidermis.com\/de\/#organization","name":"Urbidermis","url":"https:\/\/www.urbidermis.com\/de\/","logo":{"@type":"ImageObject","inLanguage":"de-DE","@id":"https:\/\/www.urbidermis.com\/de\/#\/schema\/logo\/image\/","url":"https:\/\/www.urbidermis.com\/wp-content\/uploads\/logo_urbdermis-1.png","contentUrl":"https:\/\/www.urbidermis.com\/wp-content\/uploads\/logo_urbdermis-1.png","width":601,"height":1033,"caption":"Urbidermis"},"image":{"@id":"https:\/\/www.urbidermis.com\/de\/#\/schema\/logo\/image\/"}}]}},"_links":{"self":[{"href":"https:\/\/www.urbidermis.com\/de\/wp-json\/wp\/v2\/product\/8594"}],"collection":[{"href":"https:\/\/www.urbidermis.com\/de\/wp-json\/wp\/v2\/product"}],"about":[{"href":"https:\/\/www.urbidermis.com\/de\/wp-json\/wp\/v2\/types\/product"}],"acf:post":[{"embeddable":true,"href":"https:\/\/www.urbidermis.com\/de\/wp-json\/wp\/v2\/autores\/10508"},{"embeddable":true,"href":"https:\/\/www.urbidermis.com\/de\/wp-json\/wp\/v2\/perfiles\/7539"},{"embeddable":true,"href":"https:\/\/www.urbidermis.com\/de\/wp-json\/wp\/v2\/perfiles\/7553"}],"wp:featuredmedia":[{"embeddable":true,"href":"https:\/\/www.urbidermis.com\/de\/wp-json\/wp\/v2\/media\/8675"}],"wp:attachment":[{"href":"https:\/\/www.urbidermis.com\/de\/wp-json\/wp\/v2\/media?parent=8594"}],"wp:term":[{"taxonomy":"product_cat","embeddable":true,"href":"https:\/\/www.urbidermis.com\/de\/wp-json\/wp\/v2\/product_cat?post=8594"},{"taxonomy":"product_tag","embeddable":true,"href":"https:\/\/www.urbidermis.com\/de\/wp-json\/wp\/v2\/product_tag?post=8594"}],"curies":[{"name":"wp","href":"https:\/\/api.w.org\/{rel}","templated":true}]}}