


{"id":8608,"date":"2022-03-01T10:38:25","date_gmt":"2022-03-01T10:38:25","guid":{"rendered":"https:\/\/ubweb21.urbidermis.com\/product\/neoromantico-liviano\/"},"modified":"2026-02-05T10:20:11","modified_gmt":"2026-02-05T08:20:11","slug":"neoromantico-liviano","status":"publish","type":"product","link":"https:\/\/www.urbidermis.com\/de\/stadtmobiliar\/neoromantico-liviano\/","title":{"rendered":"NeoRom\u00e1ntico Liviano"},"content":{"rendered":"","protected":false},"excerpt":{"rendered":"<p>Die Parkbank NeoRom\u00e1ntico Liviano stellt ein von Exzessen befreites, leichteres und bequemeres Element dar. Eine n\u00fcchterne Bank mit einem angenehmen ergonomischen Profil mit wenigen Elementen. Sie wurde entworfen, um in einem flachen Paket versendet und leicht zusammengebaut zu werden. Es gibt verschiedene Formate und Materialien, alle mit oder ohne Armlehnen.<\/p>\n","protected":false},"featured_media":8671,"template":"","meta":{"_acf_changed":false,"inline_featured_image":false},"product_cat":[214,213],"product_tag":[],"acf":{"activador_seccion_impacto_acvs_secctions_acvs":false,"codigos_acvs_matching_row-leds":null,"activator_acf_option_madera_text":true,"texto_bajo_btn_certificados":"","check_para_validar_no_secc_aplication":false,"is_protocolo_y_control_generic":false,"is_producto_residencial_para_mostrar_info_diferente":false,"is_plano_de_cotas_validator":true,"galeria_multidimension_imagenes_plano_de_cotas_proyector":[{"texto_pestana_plano_galeria":"Parkbank","imagen_plano_de_cotas":"[link_wp_dam_url ids=\"14479\"]"},{"texto_pestana_plano_galeria":"Hocker","imagen_plano_de_cotas":"[link_wp_dam_url ids=\"14478\"]"}],"premios_producto_repeater":[{"nombre_premio_sub_item":"ADI FAD SILVER DELTA","ano_premio_sub_item":"2001"}],"participantes":[7551,7539],"autores":[10508],"ano_creacion_producto":"2000","validacion_producto_descarga":true,"galeria_imagenes_repeater_libro":[{"imagen_item_gal":"[link_wp_dam_url ids=\"13307\"]","activar_video_item_gal":false,"portada_video_item_gal":null,"video_en_horizonal_item_gal":false,"video_item_gal":false},{"imagen_item_gal":"[link_wp_dam_url ids=\"13308\"]","activar_video_item_gal":false,"portada_video_item_gal":null,"video_en_horizonal_item_gal":false,"video_item_gal":false},{"imagen_item_gal":"[link_wp_dam_url ids=\"725\"]","activar_video_item_gal":false,"portada_video_item_gal":null,"video_en_horizonal_item_gal":false,"video_item_gal":false},{"imagen_item_gal":"[link_wp_dam_url ids=\"13309\"]","activar_video_item_gal":false,"portada_video_item_gal":null,"video_en_horizonal_item_gal":false,"video_item_gal":false},{"imagen_item_gal":"[link_wp_dam_url ids=\"13310\"]","activar_video_item_gal":false,"portada_video_item_gal":null,"video_en_horizonal_item_gal":false,"video_item_gal":false}],"secciones_producto":[{"acf_fc_layout":"seccion_navtabs_imagen_dinamica","title_group":{"title_tag":"h2","title_txt":"Gro\u00dfe Vielfalt an Formaten"},"texto_intro_principal":true,"texto_introductorio":"Die urbane Bank NeoRom\u00e1ntico Liviano setzt einen Meilenstein im nachhaltigen Design, als die erste ihrer Kategorie weltweit mit Cradle to Cradle\u00ae-Zertifizierung. Sie garantiert sichere Materialien, geringe \u00d6kotoxizit\u00e4t und vollst\u00e4ndige Zirkularit\u00e4t. Die 100% Aluminium-Version erm\u00f6glicht es, Bank und Hocker auf L\u00e4ngen von bis zu 6 m zu erweitern \u2013 ein Merkmal, das dem urbanen Raum Flexibilit\u00e4t und Eleganz verleiht.","ventanas_detalles_producto":[{"title_group_producto_grid_single":{"title_tag":"h2","title_txt":"Materialien"},"imagen_de_fondo_dinamic_single_producto":"","texto_contenido_ventana":true,"contenido_tabs_producto":"<ul>\r\n \t<li>Struktur aus eloxiertem Aluminiumguss EN-AC-51100 AG3.<\/li>\r\n \t<li>Sitz und R\u00fcckenlehne aus 30 mm dicken Lamellen aus w\u00e4rmebehandeltem europ\u00e4ischem Kiefernholz mit 100 % PEFC-Zertifizierung oder Tropenholz mit 100 % FSC-Zertifizierung, gesch\u00fctzt mit Einschicht\u00f6l oder aus extrudiertem Aluminium 6063-T5 mit eloxiertem Finish.<\/li>\r\n \t<li>Schrauben aus A2-Edelstahl.<\/li>\r\n<\/ul>","acordion":false,"preguntas_y_respuestas":null,"cuadricula_de_colores":false,"componentes_producto":null,"descargables":false,"tipo_datasheet":"simple","datasheet":null,"datasheet_multiple":null,"tipo_instrucciones":"simple","instructions":null,"instructions_multiple":null,"drawings_ce":null,"2d_cad":null,"3d_cad":null,"revit":null,"ldt_photometric_files":null,"ies_photometric_files":null,"validador_detalles_producto":false,"tipo_especificacion":"certificados"},{"title_group_producto_grid_single":{"title_tag":"h2","title_txt":"Ausf\u00fchrungen"},"imagen_de_fondo_dinamic_single_producto":"","texto_contenido_ventana":true,"contenido_tabs_producto":"Thermobehandelte europ\u00e4ische Kiefer mit 100 % PEFC-Zertifizierung.\r\n\r\nDie angezeigten Farben dienen nur als Beispiel.\r\nAndere Farben auf Anfrage erh\u00e4ltlich.\r\nAusf\u00fchrungen f\u00fcr K\u00fcstenklima auf Anfrage.","acordion":false,"preguntas_y_respuestas":null,"cuadricula_de_colores":true,"componentes_producto":[{"nombre_componente":"Lamellen","colores":["aluminio_anodizado","european_pino_termotratado_pefc","madera_tropical"]},{"nombre_componente":"Struktur","colores":["aluminio_anodizado_ag3"]}],"descargables":false,"tipo_datasheet":"simple","datasheet":null,"datasheet_multiple":null,"tipo_instrucciones":"simple","instructions":null,"instructions_multiple":null,"drawings_ce":null,"2d_cad":null,"3d_cad":null,"revit":null,"ldt_photometric_files":null,"ies_photometric_files":null,"validador_detalles_producto":false,"tipo_especificacion":""},{"title_group_producto_grid_single":{"title_tag":"h2","title_txt":"H\u00f6henplan"},"imagen_de_fondo_dinamic_single_producto":"","texto_contenido_ventana":false,"contenido_tabs_producto":"*Die angezeigten Farben dienen nur als Beispiel (andere Farben auf Anfrage erh\u00e4ltlich).\r\n**Ausf\u00fchrungen f\u00fcr K\u00fcstenklima auf Anfrage","acordion":false,"preguntas_y_respuestas":null,"cuadricula_de_colores":false,"componentes_producto":[{"nombre_componente":"Struktur","colores":["aluminio_anodizado_ag3"]},{"nombre_componente":"Lamellen","colores":["aluminio_anodizado","european_pino_termotratado_pefc","madera_tropical"]}],"descargables":false,"tipo_datasheet":"simple","datasheet":null,"datasheet_multiple":null,"tipo_instrucciones":"simple","instructions":null,"instructions_multiple":null,"drawings_ce":null,"2d_cad":null,"3d_cad":null,"revit":null,"ldt_photometric_files":null,"ies_photometric_files":null,"validador_detalles_producto":false,"tipo_especificacion":""},{"title_group_producto_grid_single":{"title_tag":"h2","title_txt":"Installation"},"imagen_de_fondo_dinamic_single_producto":"","texto_contenido_ventana":true,"contenido_tabs_producto":"<ul>\r\n \t<li>Montage mittels zweier verzinkter Bolzen M10 x 120 pro St\u00fctzstruktur, die in L\u00f6cher gesteckt werden, die in den Belag gebohrt und mit Epoxidharz, schnell trocknendem Zement oder \u00e4hnlichem gef\u00fcllt werden.<\/li>\r\n \t<li>Die Holzversion wird montiert und verpackt geliefert, die Aluminiumversion zerlegt in zwei Komponenten.<\/li>\r\n \t<li>Inklusive Installations- und Montageanleitungen sowie Bolzen.<\/li>\r\n<\/ul>","acordion":false,"preguntas_y_respuestas":null,"cuadricula_de_colores":false,"componentes_producto":[{"nombre_componente":"","colores":["aluminio_anodizado_ag3"]},{"nombre_componente":"","colores":["aluminio_anodizado","european_pino_termotratado_pefc","madera_tropical"]}],"descargables":false,"tipo_datasheet":"simple","datasheet":null,"datasheet_multiple":null,"tipo_instrucciones":"simple","instructions":null,"instructions_multiple":null,"drawings_ce":null,"2d_cad":null,"3d_cad":null,"revit":null,"ldt_photometric_files":null,"ies_photometric_files":null,"validador_detalles_producto":false,"tipo_especificacion":""},{"title_group_producto_grid_single":{"title_tag":"h2","title_txt":"Wartung"},"imagen_de_fondo_dinamic_single_producto":"","texto_contenido_ventana":true,"contenido_tabs_producto":"<ul>\r\n \t<li>Ben\u00f6tigt keine Wartung, au\u00dfer f\u00fcr den Erhalt der Originalfarbe des Holzes.<\/li>\r\n<\/ul>","acordion":false,"preguntas_y_respuestas":null,"cuadricula_de_colores":false,"componentes_producto":null,"descargables":false,"tipo_datasheet":"simple","datasheet":null,"datasheet_multiple":null,"tipo_instrucciones":"simple","instructions":null,"instructions_multiple":null,"drawings_ce":null,"2d_cad":null,"3d_cad":null,"revit":null,"ldt_photometric_files":null,"ies_photometric_files":null,"validador_detalles_producto":false,"tipo_especificacion":""},{"title_group_producto_grid_single":{"title_tag":"h2","title_txt":"Zertifizierungen"},"imagen_de_fondo_dinamic_single_producto":"","texto_contenido_ventana":false,"contenido_tabs_producto":"<table width=\"737\">\r\n<tbody>\r\n<tr>\r\n<td width=\"104\"><\/td>\r\n<td width=\"53\">Stuhl 0,60m<\/td>\r\n<td width=\"72\">Hocker 0,60m<\/td>\r\n<td width=\"55\">Bank 1,75m<\/td>\r\n<td width=\"73\">Hocker 1,75m<\/td>\r\n<td width=\"52\">Bank 3,00m<\/td>\r\n<td width=\"72\">Hocker 3,00m<\/td>\r\n<td width=\"58\">Bank 4,00m<\/td>\r\n<td width=\"66\">Hocker 4,00m<\/td>\r\n<td width=\"66\">Bank 6,00m<\/td>\r\n<td width=\"66\">Hocker 6,00m<\/td>\r\n<\/tr>\r\n<tr>\r\n<td width=\"104\">Aluminium<\/td>\r\n<td width=\"53\">18<\/td>\r\n<td width=\"72\">10<\/td>\r\n<td width=\"55\">33<\/td>\r\n<td width=\"73\">19<\/td>\r\n<td width=\"52\">53<\/td>\r\n<td width=\"72\">29<\/td>\r\n<td width=\"58\">74<\/td>\r\n<td width=\"66\">46<\/td>\r\n<td width=\"66\">114<\/td>\r\n<td width=\"66\">61<\/td>\r\n<\/tr>\r\n<tr>\r\n<td width=\"104\">Europ\u00e4isches Holz<\/td>\r\n<td width=\"53\">21<\/td>\r\n<td width=\"72\">12<\/td>\r\n<td width=\"55\">44<\/td>\r\n<td width=\"73\">26<\/td>\r\n<td width=\"52\">79<\/td>\r\n<td width=\"72\">44<\/td>\r\n<td width=\"58\">-<\/td>\r\n<td width=\"66\">-<\/td>\r\n<td width=\"66\">-<\/td>\r\n<td width=\"66\">-<\/td>\r\n<\/tr>\r\n<tr>\r\n<td width=\"104\">Europ\u00e4isches Holz<\/td>\r\n<td width=\"53\">19<\/td>\r\n<td width=\"72\">11<\/td>\r\n<td width=\"55\">38<\/td>\r\n<td width=\"73\">23<\/td>\r\n<td width=\"52\">68<\/td>\r\n<td width=\"72\">38<\/td>\r\n<td width=\"58\">-<\/td>\r\n<td width=\"66\">-<\/td>\r\n<td width=\"66\">-<\/td>\r\n<td width=\"66\">-<\/td>\r\n<\/tr>\r\n<\/tbody>\r\n<\/table>\r\n*Ungef\u00e4hres Gewicht ohne Verpackung (kg)","acordion":false,"preguntas_y_respuestas":null,"cuadricula_de_colores":false,"componentes_producto":null,"descargables":false,"tipo_datasheet":"simple","datasheet":null,"datasheet_multiple":null,"tipo_instrucciones":"simple","instructions":null,"instructions_multiple":null,"drawings_ce":null,"2d_cad":null,"3d_cad":null,"revit":null,"ldt_photometric_files":null,"ies_photometric_files":null,"validador_detalles_producto":true,"tipo_especificacion":"certificados"}]},{"acf_fc_layout":"seccion_navtabs_imagen_dinamica","title_group":{"title_tag":"h2","title_txt":"Typologie"},"texto_intro_principal":false,"texto_introductorio":"","ventanas_detalles_producto":[{"title_group_producto_grid_single":{"title_tag":"h2","title_txt":"Parkbank"},"imagen_de_fondo_dinamic_single_producto":"[link_wp_dam_url ids=\"13306\"]","texto_contenido_ventana":true,"contenido_tabs_producto":"Die Bank ist das wesentliche Element des Stadtraums. Sie erm\u00f6glicht Ihnen, sich auszuruhen, sich zu unterhalten oder die Landschaft zu bewundern, und wertet die Qualit\u00e4t des \u00f6ffentlichen Raums auf. Mit R\u00fcckenlehne f\u00fcr hohen Komfort, mit oder ohne Armlehnen zur Erleichterung des Einbaus, in widerstandsf\u00e4higen Materialien und Beschichtungen.","acordion":true,"preguntas_y_respuestas":[{"pregunta":"Gewicht ","respuesta":"0,60 m Stuhl\r\nAluminum: 18\r\nTropen- holz: 21\r\nEurop\u00e4isches Holz: 19\r\n\r\n1,75 m Bank\r\nAluminum: 33\r\nTropen- holz: 44\r\nEurop\u00e4isches Holz: 38\r\n\r\n3,00 m Bank\r\nAluminum: 53\r\nTropen- holz: 79\r\nEurop\u00e4isches Holz 68\r\n\r\n4,50 m Bank\r\nAluminum: 74\r\n\r\n6,00 m Bank\r\nAluminum: 114\r\n\r\n*Approximate weight without packaging (kg)"}],"cuadricula_de_colores":false,"componentes_producto":null,"descargables":false,"tipo_datasheet":"simple","datasheet":null,"datasheet_multiple":null,"tipo_instrucciones":"simple","instructions":null,"instructions_multiple":null,"drawings_ce":null,"2d_cad":null,"3d_cad":null,"revit":null,"ldt_photometric_files":null,"ies_photometric_files":null,"validador_detalles_producto":false,"tipo_especificacion":""},{"title_group_producto_grid_single":{"title_tag":"h2","title_txt":"Hocker"},"imagen_de_fondo_dinamic_single_producto":"[link_wp_dam_url ids=\"13305\"]","texto_contenido_ventana":true,"contenido_tabs_producto":"Der Hocker stellt das zweite wichtige Element des Stadtraums dar. Das Element ohne R\u00fcckenlehne ist n\u00fctzlich in Bereichen mit Arbeitsfl\u00e4chen, Tischen oder um fl\u00fcchtigere Ruhezonen zu schaffen.","acordion":true,"preguntas_y_respuestas":[{"pregunta":"Gewicht","respuesta":"0,60 m Banquette\r\nAluminum: 10\r\nTropen- holz: 12\r\nEurop\u00e4isches Holz: 11\r\n\r\n1,75 \u00a0m Banquette\r\nAluminum: 19\r\nTropen- holz: 26\r\nEurop\u00e4isches Holz: 23\r\n\r\n3,00\u00a0 m Banquette\r\nAluminum: 29\r\nTropen- holz: 44\r\nEurop\u00e4isches Holz: 38\r\n\r\n4,50\u00a0 m Banquette\r\nAluminum: 46\r\n\r\n6,00\u00a0 m Banquette\r\nAluminum: 61\r\n\r\n*Approximate weight without packaging (kg)"}],"cuadricula_de_colores":false,"componentes_producto":null,"descargables":false,"tipo_datasheet":"simple","datasheet":null,"datasheet_multiple":null,"tipo_instrucciones":"simple","instructions":null,"instructions_multiple":null,"drawings_ce":null,"2d_cad":null,"3d_cad":null,"revit":null,"ldt_photometric_files":null,"ies_photometric_files":null,"validador_detalles_producto":false,"tipo_especificacion":""}]},{"acf_fc_layout":"seccion_navtabs_imagen_dinamica","title_group":{"title_tag":"h2","title_txt":"Downloads"},"texto_intro_principal":false,"texto_introductorio":"","ventanas_detalles_producto":[{"title_group_producto_grid_single":{"title_tag":"h2","title_txt":""},"imagen_de_fondo_dinamic_single_producto":"","texto_contenido_ventana":false,"contenido_tabs_producto":"","acordion":false,"preguntas_y_respuestas":null,"cuadricula_de_colores":false,"componentes_producto":null,"descargables":true,"tipo_datasheet":"multiple","datasheet":null,"datasheet_multiple":[{"datasheet_title":"NeoRom\u00e1ntico Liviano","datasheet_file":11789},{"datasheet_title":"Holz","datasheet_file":15839}],"tipo_instrucciones":"multiple","instructions":11783,"instructions_multiple":[{"instructions_title":"Bank und Hocker aus Holz","instructions_file":25332},{"instructions_title":"Bank aus Aluminium","instructions_file":25324},{"instructions_title":"Hocker aus Aluminium","instructions_file":25328}],"drawings_ce":14491,"2d_cad":14555,"3d_cad":13635,"revit":13696,"ldt_photometric_files":"","ies_photometric_files":"","validador_detalles_producto":false,"tipo_especificacion":""}]},{"acf_fc_layout":"seccion_consulta_nuestros_expertos","imagen_de_fondo_single_producto":"[link_wp_dam_url ids=\"13311\" size=\"x2400\"]","imagen_de_fondo_single_producto_mobile":""},{"acf_fc_layout":"seccion_imagen_de_fondo_con_sub_menu","titulo_group_list_contet_proyectos":{"title_tag":"h3","title_txt":"NeoRom\u00e1ntico Liviano in der Stadt"},"ancla_copy2":{"title":"Mehr Projekte sehen","url":"https:\/\/www.urbidermis.com\/de\/projekte\/","target":""},"proyectos_relacionados":[{"project":5207,"project_img":"[link_wp_dam_url ids=\"6423\"]"},{"project":15850,"project_img":"[link_wp_dam_url ids=\"9696\"]"},{"project":7354,"project_img":"[link_wp_dam_url ids=\"6426\"]"},{"project":6279,"project_img":"[link_wp_dam_url ids=\"5664\"]"},{"project":7369,"project_img":"[link_wp_dam_url ids=\"6356\"]"},{"project":17078,"project_img":"[link_wp_dam_url ids=\"11127\"]"}]}],"dist_simetrica":"","dist_asimetrica":"","dist_indirecta":"","dist_suelo":"","control":"","certificados":["ce","fsc","pefc","c2c"],"nombre_arbol_entre_comillas":"","nombre_solo_plantas_field":"11789","isbn_campo_texto":"","autor_book_publicacion_producto":"","idioma_campo_texto":"","enquadernacion_campo_texto":"","_numero_de_paginas_campo_texto":"","pdf_asociado_producto":"","resumen_libro":"","text_content_family_basic_information":"","text_content_family_basic_number_width":"","text_content_family_basic_number_height":"","text_content_planting_density":"","flowers_option_colours":"","flowers_option_season":"","properties_option_pruning":"","properties_option_watering":"","properties_option_sun_exposure":"","properties_option_minimum_temp":"","properties_option_soil_type":"","properties_option_fire":"","properties_option_heat":"","properties_option_moisture":"","properties_option_dryness":"","properties_option_coastal_area":"","texto_introduccion_landing_custom":"","enlace_descubre_mas_custom":"","selecciona_tipo_de_imagen_custom":"","imagen_vertical_custom":"","imagen_horizontal_custom":"","opciones_de_texto_1":true,"opciones_de_texto_2":"","opciones_de_texto_3":[]},"yoast_head":"<!-- This site is optimized with the Yoast SEO plugin v22.8 - https:\/\/yoast.com\/wordpress\/plugins\/seo\/ -->\n<title>NeoRom\u00e1ntico Liviano - Urbidermis<\/title>\n<meta name=\"robots\" content=\"index, follow, max-snippet:-1, max-image-preview:large, max-video-preview:-1\" \/>\n<link rel=\"canonical\" href=\"https:\/\/www.urbidermis.com\/de\/stadtmobiliar\/neoromantico-liviano\/\" \/>\n<meta property=\"og:locale\" content=\"de_DE\" \/>\n<meta property=\"og:type\" content=\"article\" \/>\n<meta property=\"og:title\" content=\"NeoRom\u00e1ntico Liviano - Urbidermis\" \/>\n<meta property=\"og:description\" content=\"Die Parkbank NeoRom\u00e1ntico Liviano stellt ein von Exzessen befreites, leichteres und bequemeres Element dar. Eine n\u00fcchterne Bank mit einem angenehmen ergonomischen Profil mit wenigen Elementen. Sie wurde entworfen, um in einem flachen Paket versendet und leicht zusammengebaut zu werden. Es gibt verschiedene Formate und Materialien, alle mit oder ohne Armlehnen.\" \/>\n<meta property=\"og:url\" content=\"https:\/\/www.urbidermis.com\/de\/stadtmobiliar\/neoromantico-liviano\/\" \/>\n<meta property=\"og:site_name\" content=\"Urbidermis\" \/>\n<meta property=\"article:modified_time\" content=\"2026-02-05T08:20:11+00:00\" \/>\n<meta property=\"og:image\" content=\"https:\/\/www.urbidermis.com\/wp-content\/uploads\/20140130_Spain_Barcelona_Parc_Torrent_Maduixer_NRBLV_Equipo_Urbidermis_01.jpg\" \/>\n\t<meta property=\"og:image:width\" content=\"928\" \/>\n\t<meta property=\"og:image:height\" content=\"1300\" \/>\n\t<meta property=\"og:image:type\" content=\"image\/jpeg\" \/>\n<meta name=\"twitter:card\" content=\"summary_large_image\" \/>\n<script type=\"application\/ld+json\" class=\"yoast-schema-graph\">{\"@context\":\"https:\/\/schema.org\",\"@graph\":[{\"@type\":\"WebPage\",\"@id\":\"https:\/\/www.urbidermis.com\/de\/stadtmobiliar\/neoromantico-liviano\/\",\"url\":\"https:\/\/www.urbidermis.com\/de\/stadtmobiliar\/neoromantico-liviano\/\",\"name\":\"NeoRom\u00e1ntico Liviano - Urbidermis\",\"isPartOf\":{\"@id\":\"https:\/\/www.urbidermis.com\/de\/#website\"},\"primaryImageOfPage\":{\"@id\":\"https:\/\/www.urbidermis.com\/de\/stadtmobiliar\/neoromantico-liviano\/#primaryimage\"},\"image\":{\"@id\":\"https:\/\/www.urbidermis.com\/de\/stadtmobiliar\/neoromantico-liviano\/#primaryimage\"},\"thumbnailUrl\":\"https:\/\/www.urbidermis.com\/wp-content\/uploads\/20140130_Spain_Barcelona_Parc_Torrent_Maduixer_NRBLV_Equipo_Urbidermis_01.jpg\",\"datePublished\":\"2022-03-01T10:38:25+00:00\",\"dateModified\":\"2026-02-05T08:20:11+00:00\",\"breadcrumb\":{\"@id\":\"https:\/\/www.urbidermis.com\/de\/stadtmobiliar\/neoromantico-liviano\/#breadcrumb\"},\"inLanguage\":\"de-DE\",\"potentialAction\":[{\"@type\":\"ReadAction\",\"target\":[\"https:\/\/www.urbidermis.com\/de\/stadtmobiliar\/neoromantico-liviano\/\"]}]},{\"@type\":\"ImageObject\",\"inLanguage\":\"de-DE\",\"@id\":\"https:\/\/www.urbidermis.com\/de\/stadtmobiliar\/neoromantico-liviano\/#primaryimage\",\"url\":\"https:\/\/www.urbidermis.com\/wp-content\/uploads\/20140130_Spain_Barcelona_Parc_Torrent_Maduixer_NRBLV_Equipo_Urbidermis_01.jpg\",\"contentUrl\":\"https:\/\/www.urbidermis.com\/wp-content\/uploads\/20140130_Spain_Barcelona_Parc_Torrent_Maduixer_NRBLV_Equipo_Urbidermis_01.jpg\",\"width\":928,\"height\":1300},{\"@type\":\"BreadcrumbList\",\"@id\":\"https:\/\/www.urbidermis.com\/de\/stadtmobiliar\/neoromantico-liviano\/#breadcrumb\",\"itemListElement\":[{\"@type\":\"ListItem\",\"position\":1,\"name\":\"Home\",\"item\":\"https:\/\/www.urbidermis.com\/de\/\"},{\"@type\":\"ListItem\",\"position\":2,\"name\":\"Produkte\",\"item\":\"https:\/\/www.urbidermis.com\/de\/produkte\/\"},{\"@type\":\"ListItem\",\"position\":3,\"name\":\"NeoRom\u00e1ntico Liviano\"}]},{\"@type\":\"WebSite\",\"@id\":\"https:\/\/www.urbidermis.com\/de\/#website\",\"url\":\"https:\/\/www.urbidermis.com\/de\/\",\"name\":\"Urbidermis\",\"description\":\"Especialistas en la ciudad\",\"publisher\":{\"@id\":\"https:\/\/www.urbidermis.com\/de\/#organization\"},\"potentialAction\":[{\"@type\":\"SearchAction\",\"target\":{\"@type\":\"EntryPoint\",\"urlTemplate\":\"https:\/\/www.urbidermis.com\/de\/?s={search_term_string}\"},\"query-input\":\"required name=search_term_string\"}],\"inLanguage\":\"de-DE\"},{\"@type\":\"Organization\",\"@id\":\"https:\/\/www.urbidermis.com\/de\/#organization\",\"name\":\"Urbidermis\",\"url\":\"https:\/\/www.urbidermis.com\/de\/\",\"logo\":{\"@type\":\"ImageObject\",\"inLanguage\":\"de-DE\",\"@id\":\"https:\/\/www.urbidermis.com\/de\/#\/schema\/logo\/image\/\",\"url\":\"https:\/\/www.urbidermis.com\/wp-content\/uploads\/logo_urbdermis-1.png\",\"contentUrl\":\"https:\/\/www.urbidermis.com\/wp-content\/uploads\/logo_urbdermis-1.png\",\"width\":601,\"height\":1033,\"caption\":\"Urbidermis\"},\"image\":{\"@id\":\"https:\/\/www.urbidermis.com\/de\/#\/schema\/logo\/image\/\"}}]}<\/script>\n<!-- \/ Yoast SEO plugin. -->","yoast_head_json":{"title":"NeoRom\u00e1ntico Liviano - Urbidermis","robots":{"index":"index","follow":"follow","max-snippet":"max-snippet:-1","max-image-preview":"max-image-preview:large","max-video-preview":"max-video-preview:-1"},"canonical":"https:\/\/www.urbidermis.com\/de\/stadtmobiliar\/neoromantico-liviano\/","og_locale":"de_DE","og_type":"article","og_title":"NeoRom\u00e1ntico Liviano - Urbidermis","og_description":"Die Parkbank NeoRom\u00e1ntico Liviano stellt ein von Exzessen befreites, leichteres und bequemeres Element dar. Eine n\u00fcchterne Bank mit einem angenehmen ergonomischen Profil mit wenigen Elementen. Sie wurde entworfen, um in einem flachen Paket versendet und leicht zusammengebaut zu werden. Es gibt verschiedene Formate und Materialien, alle mit oder ohne Armlehnen.","og_url":"https:\/\/www.urbidermis.com\/de\/stadtmobiliar\/neoromantico-liviano\/","og_site_name":"Urbidermis","article_modified_time":"2026-02-05T08:20:11+00:00","og_image":[{"width":928,"height":1300,"url":"https:\/\/www.urbidermis.com\/wp-content\/uploads\/20140130_Spain_Barcelona_Parc_Torrent_Maduixer_NRBLV_Equipo_Urbidermis_01.jpg","type":"image\/jpeg"}],"twitter_card":"summary_large_image","schema":{"@context":"https:\/\/schema.org","@graph":[{"@type":"WebPage","@id":"https:\/\/www.urbidermis.com\/de\/stadtmobiliar\/neoromantico-liviano\/","url":"https:\/\/www.urbidermis.com\/de\/stadtmobiliar\/neoromantico-liviano\/","name":"NeoRom\u00e1ntico Liviano - Urbidermis","isPartOf":{"@id":"https:\/\/www.urbidermis.com\/de\/#website"},"primaryImageOfPage":{"@id":"https:\/\/www.urbidermis.com\/de\/stadtmobiliar\/neoromantico-liviano\/#primaryimage"},"image":{"@id":"https:\/\/www.urbidermis.com\/de\/stadtmobiliar\/neoromantico-liviano\/#primaryimage"},"thumbnailUrl":"https:\/\/www.urbidermis.com\/wp-content\/uploads\/20140130_Spain_Barcelona_Parc_Torrent_Maduixer_NRBLV_Equipo_Urbidermis_01.jpg","datePublished":"2022-03-01T10:38:25+00:00","dateModified":"2026-02-05T08:20:11+00:00","breadcrumb":{"@id":"https:\/\/www.urbidermis.com\/de\/stadtmobiliar\/neoromantico-liviano\/#breadcrumb"},"inLanguage":"de-DE","potentialAction":[{"@type":"ReadAction","target":["https:\/\/www.urbidermis.com\/de\/stadtmobiliar\/neoromantico-liviano\/"]}]},{"@type":"ImageObject","inLanguage":"de-DE","@id":"https:\/\/www.urbidermis.com\/de\/stadtmobiliar\/neoromantico-liviano\/#primaryimage","url":"https:\/\/www.urbidermis.com\/wp-content\/uploads\/20140130_Spain_Barcelona_Parc_Torrent_Maduixer_NRBLV_Equipo_Urbidermis_01.jpg","contentUrl":"https:\/\/www.urbidermis.com\/wp-content\/uploads\/20140130_Spain_Barcelona_Parc_Torrent_Maduixer_NRBLV_Equipo_Urbidermis_01.jpg","width":928,"height":1300},{"@type":"BreadcrumbList","@id":"https:\/\/www.urbidermis.com\/de\/stadtmobiliar\/neoromantico-liviano\/#breadcrumb","itemListElement":[{"@type":"ListItem","position":1,"name":"Home","item":"https:\/\/www.urbidermis.com\/de\/"},{"@type":"ListItem","position":2,"name":"Produkte","item":"https:\/\/www.urbidermis.com\/de\/produkte\/"},{"@type":"ListItem","position":3,"name":"NeoRom\u00e1ntico Liviano"}]},{"@type":"WebSite","@id":"https:\/\/www.urbidermis.com\/de\/#website","url":"https:\/\/www.urbidermis.com\/de\/","name":"Urbidermis","description":"Especialistas en la ciudad","publisher":{"@id":"https:\/\/www.urbidermis.com\/de\/#organization"},"potentialAction":[{"@type":"SearchAction","target":{"@type":"EntryPoint","urlTemplate":"https:\/\/www.urbidermis.com\/de\/?s={search_term_string}"},"query-input":"required name=search_term_string"}],"inLanguage":"de-DE"},{"@type":"Organization","@id":"https:\/\/www.urbidermis.com\/de\/#organization","name":"Urbidermis","url":"https:\/\/www.urbidermis.com\/de\/","logo":{"@type":"ImageObject","inLanguage":"de-DE","@id":"https:\/\/www.urbidermis.com\/de\/#\/schema\/logo\/image\/","url":"https:\/\/www.urbidermis.com\/wp-content\/uploads\/logo_urbdermis-1.png","contentUrl":"https:\/\/www.urbidermis.com\/wp-content\/uploads\/logo_urbdermis-1.png","width":601,"height":1033,"caption":"Urbidermis"},"image":{"@id":"https:\/\/www.urbidermis.com\/de\/#\/schema\/logo\/image\/"}}]}},"_links":{"self":[{"href":"https:\/\/www.urbidermis.com\/de\/wp-json\/wp\/v2\/product\/8608"}],"collection":[{"href":"https:\/\/www.urbidermis.com\/de\/wp-json\/wp\/v2\/product"}],"about":[{"href":"https:\/\/www.urbidermis.com\/de\/wp-json\/wp\/v2\/types\/product"}],"acf:post":[{"embeddable":true,"href":"https:\/\/www.urbidermis.com\/de\/wp-json\/wp\/v2\/autores\/10508"},{"embeddable":true,"href":"https:\/\/www.urbidermis.com\/de\/wp-json\/wp\/v2\/perfiles\/7539"},{"embeddable":true,"href":"https:\/\/www.urbidermis.com\/de\/wp-json\/wp\/v2\/perfiles\/7551"}],"wp:featuredmedia":[{"embeddable":true,"href":"https:\/\/www.urbidermis.com\/de\/wp-json\/wp\/v2\/media\/8671"}],"wp:attachment":[{"href":"https:\/\/www.urbidermis.com\/de\/wp-json\/wp\/v2\/media?parent=8608"}],"wp:term":[{"taxonomy":"product_cat","embeddable":true,"href":"https:\/\/www.urbidermis.com\/de\/wp-json\/wp\/v2\/product_cat?post=8608"},{"taxonomy":"product_tag","embeddable":true,"href":"https:\/\/www.urbidermis.com\/de\/wp-json\/wp\/v2\/product_tag?post=8608"}],"curies":[{"name":"wp","href":"https:\/\/api.w.org\/{rel}","templated":true}]}}