


{"id":8612,"date":"2022-03-22T08:08:12","date_gmt":"2022-03-22T08:08:12","guid":{"rendered":"https:\/\/ubweb21.urbidermis.com\/product\/nu\/"},"modified":"2026-04-09T12:38:36","modified_gmt":"2026-04-09T10:38:36","slug":"nu","status":"publish","type":"product","link":"https:\/\/www.urbidermis.com\/de\/stadtmobiliar\/nu\/","title":{"rendered":"Nu"},"content":{"rendered":"","protected":false},"excerpt":{"rendered":"<p>Urbanes Design vom Feinsten. Als Ruhe- oder Besprechungsbereich bietet die Nu-Stadtbank eine gro\u00dfartige Vermittlungsplattform. Eine weitl\u00e4ufige Sitzfl\u00e4che aus Holzlamellen, die auf einer robusten verzinkten Stahlkonstruktion aufliegt; mit oder ohne R\u00fcckenlehne, mit oder ohne Armlehnen.<\/p>\n","protected":false},"featured_media":8876,"template":"","meta":{"_acf_changed":false,"inline_featured_image":false},"product_cat":[214,213],"product_tag":[],"acf":{"activador_seccion_impacto_acvs_secctions_acvs":true,"texto_enlace_amplifyapp":"Nu_Urban_furniture","codigos_acvs_matching_row-leds":[{"texto_pestana_item_fetch":"Bank ohne R\u00fcckenlehne 2,46 m","codigo_item_fetch":"NUB+04"},{"texto_pestana_item_fetch":"Bank mit kurzer R\u00fcckenlehne 2,46 m","codigo_item_fetch":"NUB+14"},{"texto_pestana_item_fetch":"Bank mit langer R\u00fcckenlehne 2,46 m","codigo_item_fetch":"NUB+24"},{"texto_pestana_item_fetch":"Bank ohne R\u00fcckenlehne 3,7 m","codigo_item_fetch":"NUB+34"},{"texto_pestana_item_fetch":"Bank mit Metallr\u00fcckenlehne 3,7 m","codigo_item_fetch":"NUB+44"},{"texto_pestana_item_fetch":"Bank mit R\u00fcckenlehne 3,7 m","codigo_item_fetch":"NUB+54"}],"activator_acf_option_madera_text":true,"texto_bajo_btn_certificados":"","check_para_validar_no_secc_aplication":false,"is_protocolo_y_control_generic":false,"is_producto_residencial_para_mostrar_info_diferente":false,"is_plano_de_cotas_validator":true,"galeria_multidimension_imagenes_plano_de_cotas_proyector":[{"texto_pestana_plano_galeria":"Bank","imagen_plano_de_cotas":"[link_wp_dam_url ids=\"14546\"]"},{"texto_pestana_plano_galeria":"Bank ohne R\u00fcckenlehne","imagen_plano_de_cotas":"[link_wp_dam_url ids=\"14545\"]"},{"texto_pestana_plano_galeria":" Bank an niedriger Mauer","imagen_plano_de_cotas":"[link_wp_dam_url ids=\"14547\"]"}],"premios_producto_repeater":[{"nombre_premio_sub_item":"ADIFAD Selection","ano_premio_sub_item":"1991"}],"participantes":"","autores":[10084,23176],"ano_creacion_producto":"1991","validacion_producto_descarga":true,"galeria_imagenes_repeater_libro":[{"imagen_item_gal":"[link_wp_dam_url ids=\"13333\"]","activar_video_item_gal":false,"portada_video_item_gal":null,"video_en_horizonal_item_gal":false,"video_item_gal":false},{"imagen_item_gal":"[link_wp_dam_url ids=\"13334\"]","activar_video_item_gal":false,"portada_video_item_gal":null,"video_en_horizonal_item_gal":false,"video_item_gal":false},{"imagen_item_gal":"[link_wp_dam_url ids=\"13335\"]","activar_video_item_gal":false,"portada_video_item_gal":null,"video_en_horizonal_item_gal":false,"video_item_gal":false},{"imagen_item_gal":"[link_wp_dam_url ids=\"15176\"]","activar_video_item_gal":false,"portada_video_item_gal":null,"video_en_horizonal_item_gal":false,"video_item_gal":false},{"imagen_item_gal":"[link_wp_dam_url ids=\"13336\"]","activar_video_item_gal":false,"portada_video_item_gal":null,"video_en_horizonal_item_gal":false,"video_item_gal":false},{"imagen_item_gal":"[link_wp_dam_url ids=\"14939\"]","activar_video_item_gal":false,"portada_video_item_gal":null,"video_en_horizonal_item_gal":false,"video_item_gal":false}],"secciones_producto":[{"acf_fc_layout":"seccion_navtabs_imagen_dinamica","title_group":{"title_tag":"h2","title_txt":"Eine Bank mit klassischem Design"},"texto_intro_principal":true,"texto_introductorio":"Die Bank Nu ist ein Klassiker des neuen Urbanismus. Sie ist solide und streng erm\u00f6glicht verschiedene Kompositionen, in Reihe oder einzeln, und ordnet den st\u00e4dtischen Raum mit R\u00fccksicht auf die B\u00fcrger. Sorgf\u00e4ltig proportioniert, um einen gleichm\u00e4\u00dfigen Abstand zwischen den Pflasterst\u00fctzen aufrechtzuerhalten.","ventanas_detalles_producto":[{"title_group_producto_grid_single":{"title_tag":"h2","title_txt":"Materialien"},"imagen_de_fondo_dinamic_single_producto":"","texto_contenido_ventana":true,"contenido_tabs_producto":"<ul>\r\n \t<li>Schwei\u00dfkonstruktion aus feuerverzinktem Stahl S235 JR.<\/li>\r\n \t<li>Lamellensitz aus Tropenholz mit 100 % FSC-Zertifizierung, gesch\u00fctzt mit Einschicht\u00f6l.<\/li>\r\n \t<li>R\u00fcckenlehne aus Tropenholzlamellen mit 100 % FSC-Zertifizierung, gesch\u00fctzt mit einlagigem \u00d6l oder feuerverzinktem S235 JR Lochblech.<\/li>\r\n \t<li>Mit oder ohne Armlehnen aus feuerverzinktem Stahl S235 JR.<\/li>\r\n \t<li>Schrauben aus A2-Edelstahl.<\/li>\r\n<\/ul>","acordion":false,"preguntas_y_respuestas":null,"cuadricula_de_colores":false,"componentes_producto":null,"descargables":false,"tipo_datasheet":"simple","datasheet":null,"datasheet_multiple":null,"tipo_instrucciones":"simple","instructions":null,"instructions_multiple":null,"drawings_ce":null,"2d_cad":null,"3d_cad":null,"revit":null,"ldt_photometric_files":null,"ies_photometric_files":null,"validador_detalles_producto":false,"tipo_especificacion":"certificados"},{"title_group_producto_grid_single":{"title_tag":"h2","title_txt":"Ausf\u00fchrungen"},"imagen_de_fondo_dinamic_single_producto":"","texto_contenido_ventana":true,"contenido_tabs_producto":"Die angezeigten Farben dienen nur als Beispiel.\r\nAndere Farben auf Anfrage erh\u00e4ltlich.\r\nAusf\u00fchrungen f\u00fcr K\u00fcstenklima auf Anfrage.","acordion":false,"preguntas_y_respuestas":null,"cuadricula_de_colores":true,"componentes_producto":[{"nombre_componente":"","colores":["acero-galvanizado","madera_tropical"]}],"descargables":false,"tipo_datasheet":"simple","datasheet":null,"datasheet_multiple":null,"tipo_instrucciones":"simple","instructions":null,"instructions_multiple":null,"drawings_ce":null,"2d_cad":null,"3d_cad":null,"revit":null,"ldt_photometric_files":null,"ies_photometric_files":null,"validador_detalles_producto":false,"tipo_especificacion":""},{"title_group_producto_grid_single":{"title_tag":"h2","title_txt":"H\u00f6henplan"},"imagen_de_fondo_dinamic_single_producto":"","texto_contenido_ventana":false,"contenido_tabs_producto":"*Die angezeigten Farben dienen nur als Beispiel (andere Farben auf Anfrage erh\u00e4ltlich).\r\n**Ausf\u00fchrungen f\u00fcr K\u00fcstenklima auf Anfrage","acordion":false,"preguntas_y_respuestas":null,"cuadricula_de_colores":false,"componentes_producto":[{"nombre_componente":"","colores":["acero-galvanizado","madera_tropical"]}],"descargables":false,"tipo_datasheet":"simple","datasheet":null,"datasheet_multiple":null,"tipo_instrucciones":"simple","instructions":null,"instructions_multiple":null,"drawings_ce":null,"2d_cad":null,"3d_cad":null,"revit":null,"ldt_photometric_files":null,"ies_photometric_files":null,"validador_detalles_producto":false,"tipo_especificacion":""},{"title_group_producto_grid_single":{"title_tag":"h2","title_txt":"Installation"},"imagen_de_fondo_dinamic_single_producto":"","texto_contenido_ventana":true,"contenido_tabs_producto":"<ul>\r\n \t<li>Montage mittels zwei Befestigungsd\u00fcbeln pro Tragkonstruktion.<\/li>\r\n \t<li>Das Element wird zerlegt in zwei Komponenten geliefert: Struktur und Lamellen.<\/li>\r\n \t<li>Inklusive Installations- und Montageanleitung, Schrauben und Ankerbolzen.<\/li>\r\n<\/ul>","acordion":false,"preguntas_y_respuestas":null,"cuadricula_de_colores":false,"componentes_producto":null,"descargables":false,"tipo_datasheet":"simple","datasheet":null,"datasheet_multiple":null,"tipo_instrucciones":"simple","instructions":null,"instructions_multiple":null,"drawings_ce":null,"2d_cad":null,"3d_cad":null,"revit":null,"ldt_photometric_files":null,"ies_photometric_files":null,"validador_detalles_producto":false,"tipo_especificacion":""},{"title_group_producto_grid_single":{"title_tag":"h2","title_txt":"Wartung"},"imagen_de_fondo_dinamic_single_producto":"","texto_contenido_ventana":true,"contenido_tabs_producto":"<ul>\r\n \t<li>Ben\u00f6tigt keine Wartung, au\u00dfer f\u00fcr den Erhalt der Originalfarbe des Holzes.<\/li>\r\n<\/ul>","acordion":false,"preguntas_y_respuestas":null,"cuadricula_de_colores":false,"componentes_producto":null,"descargables":false,"tipo_datasheet":"simple","datasheet":null,"datasheet_multiple":null,"tipo_instrucciones":"simple","instructions":null,"instructions_multiple":null,"drawings_ce":null,"2d_cad":null,"3d_cad":null,"revit":null,"ldt_photometric_files":null,"ies_photometric_files":null,"validador_detalles_producto":false,"tipo_especificacion":""},{"title_group_producto_grid_single":{"title_tag":"h2","title_txt":"Zertifizierungen"},"imagen_de_fondo_dinamic_single_producto":"","texto_contenido_ventana":false,"contenido_tabs_producto":"2,46m ohne R\u00fcckenlehne: 77\r\n2,46 m mit niedriger R\u00fcckenlehne aus Holz: 92\r\n2,46 m mit hoher R\u00fcckenlehne aus Holz: 104\r\n3,70m ohne R\u00fcckenlehne: 117\r\n3,70 m mit R\u00fcckenlehne aus Metall: 148\r\n3,70 m mit R\u00fcckenlehne aus Holz: 146\r\nArmlehne ohne R\u00fcckenlehne: 3\r\nArmlehne mit R\u00fcckenlehne: 4\r\n*Ungef\u00e4hres Gewicht ohne Verpackung (kg)","acordion":false,"preguntas_y_respuestas":null,"cuadricula_de_colores":false,"componentes_producto":null,"descargables":false,"tipo_datasheet":"simple","datasheet":null,"datasheet_multiple":null,"tipo_instrucciones":"simple","instructions":null,"instructions_multiple":null,"drawings_ce":null,"2d_cad":null,"3d_cad":null,"revit":null,"ldt_photometric_files":null,"ies_photometric_files":null,"validador_detalles_producto":true,"tipo_especificacion":"certificados"}]},{"acf_fc_layout":"seccion_navtabs_imagen_dinamica","title_group":{"title_tag":"h2","title_txt":"Typologie"},"texto_intro_principal":false,"texto_introductorio":"","ventanas_detalles_producto":[{"title_group_producto_grid_single":{"title_tag":"h2","title_txt":"Parkbank"},"imagen_de_fondo_dinamic_single_producto":"[link_wp_dam_url ids=\"13339\"]","texto_contenido_ventana":true,"contenido_tabs_producto":"Die Bank ist das wesentliche Element des Stadtraums. Sie erm\u00f6glicht Ihnen, sich auszuruhen, sich zu unterhalten oder die Landschaft zu bewundern, und wertet die Qualit\u00e4t des \u00f6ffentlichen Raums auf. Mit R\u00fcckenlehne f\u00fcr hohen Komfort, mit oder ohne Armlehnen zur Erleichterung des Einbaus, in widerstandsf\u00e4higen Materialien und Beschichtungen.","acordion":true,"preguntas_y_respuestas":[{"pregunta":"Gewicht ","respuesta":"2,46 m mit niedriger R\u00fcckenlehne aus Holz: 92\r\n2,46 m mit hoher R\u00fcckenlehne aus Holz: 104\r\n3,70 m mit R\u00fcckenlehne aus Metall: 148\r\n3,70 m mit R\u00fcckenlehne aus Holz: 146\r\nArmlehne mit R\u00fcckenlehne: 4\r\n\r\n*Ungef\u00e4hres Gewicht ohne Verpackung (kg)"}],"cuadricula_de_colores":false,"componentes_producto":null,"descargables":false,"tipo_datasheet":"simple","datasheet":null,"datasheet_multiple":null,"tipo_instrucciones":"simple","instructions":null,"instructions_multiple":null,"drawings_ce":null,"2d_cad":null,"3d_cad":null,"revit":null,"ldt_photometric_files":null,"ies_photometric_files":null,"validador_detalles_producto":false,"tipo_especificacion":""},{"title_group_producto_grid_single":{"title_tag":"h2","title_txt":"Bank ohne R\u00fcckenlehne"},"imagen_de_fondo_dinamic_single_producto":"[link_wp_dam_url ids=\"13338\"]","texto_contenido_ventana":true,"contenido_tabs_producto":"Die Bank ohne R\u00fcckenlehne ist n\u00fctzlich, um fl\u00fcchtigere Ruher\u00e4ume zu schaffen. Da sie sich subtil in die Landschaft integrieren l\u00e4sst, bietet sie eine wesentliche Funktion f\u00fcr gr\u00fcne und langsame urbane R\u00e4ume.","acordion":true,"preguntas_y_respuestas":[{"pregunta":"Gewicht","respuesta":"2,46m ohne R\u00fcckenlehne: 77\r\n3,70m ohne R\u00fcckenlehne: 117\r\nArmlehne ohne R\u00fcckenlehne: 3\r\n\r\n<span data-sheets-value=\"{&quot;1&quot;:2,&quot;2&quot;:&quot;*Ungef\u00e4hres Gewicht ohne Verpackung (kg)&quot;}\" data-sheets-userformat=\"{&quot;2&quot;:513,&quot;3&quot;:{&quot;1&quot;:0},&quot;12&quot;:0}\">*Ungef\u00e4hres Gewicht ohne Verpackung (kg)<\/span>"}],"cuadricula_de_colores":false,"componentes_producto":null,"descargables":false,"tipo_datasheet":"simple","datasheet":null,"datasheet_multiple":null,"tipo_instrucciones":"simple","instructions":null,"instructions_multiple":null,"drawings_ce":null,"2d_cad":null,"3d_cad":null,"revit":null,"ldt_photometric_files":null,"ies_photometric_files":null,"validador_detalles_producto":false,"tipo_especificacion":""},{"title_group_producto_grid_single":{"title_tag":"h2","title_txt":"Bank an niedriger Mauer"},"imagen_de_fondo_dinamic_single_producto":"[link_wp_dam_url ids=\"13338\"]","texto_contenido_ventana":true,"contenido_tabs_producto":"Die Bank an einer niedrigen Mauer erm\u00f6glicht das Anbringen einer Ruhefl\u00e4che am Begrenzungselement, mit oder ohne R\u00fcckenlehne. So k\u00f6nnen bei Projekten mit komplexen Programmen Wohnbereiche in die Landschaft integriert werden.","acordion":true,"preguntas_y_respuestas":[{"pregunta":"Gewicht","respuesta":"2,46m ohne R\u00fcckenlehne bei niedriger Mauer: 56.9\r\n3,70m ohne R\u00fcckenlehne bei niedriger Mauer: 81.5\r\n\r\n*Ungef\u00e4hres Gewicht ohne Verpackung (kg)"}],"cuadricula_de_colores":false,"componentes_producto":null,"descargables":false,"tipo_datasheet":"simple","datasheet":null,"datasheet_multiple":null,"tipo_instrucciones":"simple","instructions":null,"instructions_multiple":null,"drawings_ce":null,"2d_cad":null,"3d_cad":null,"revit":null,"ldt_photometric_files":null,"ies_photometric_files":null,"validador_detalles_producto":false,"tipo_especificacion":""},{"title_group_producto_grid_single":{"title_tag":"h2","title_txt":"Reihen"},"imagen_de_fondo_dinamic_single_producto":"[link_wp_dam_url ids=\"13337\"]","texto_contenido_ventana":true,"contenido_tabs_producto":"Um diese Funktion an die r\u00e4umlichen Gegebenheiten anzupassen, sind die Reihenelemente unerl\u00e4sslich. Die Kontinuit\u00e4t der Komposition dynamisiert soziale Beziehungen und l\u00e4dt uns ein, Geschichten des B\u00fcrgerlebens zu weben.","acordion":true,"preguntas_y_respuestas":[{"pregunta":"Gewicht","respuesta":"2,46m ohne R\u00fcckenlehne: 77\r\n2,46 m mit niedriger R\u00fcckenlehne aus Holz: 92\r\n2,46 m mit hoher R\u00fcckenlehne aus Holz: 104\r\n3,70m ohne R\u00fcckenlehne: 117\r\n3,70 m mit R\u00fcckenlehne aus Metall: 148\r\n3,70 m mit R\u00fcckenlehne aus Holz: 146\r\nArmlehne ohne R\u00fcckenlehne: 3\r\nArmlehne mit R\u00fcckenlehne: 4\r\n\r\n*Ungef\u00e4hres Gewicht ohne Verpackung (kg)"}],"cuadricula_de_colores":false,"componentes_producto":null,"descargables":false,"tipo_datasheet":"simple","datasheet":null,"datasheet_multiple":null,"tipo_instrucciones":"simple","instructions":null,"instructions_multiple":null,"drawings_ce":null,"2d_cad":null,"3d_cad":null,"revit":null,"ldt_photometric_files":null,"ies_photometric_files":null,"validador_detalles_producto":false,"tipo_especificacion":""}]},{"acf_fc_layout":"seccion_navtabs_imagen_dinamica","title_group":{"title_tag":"h2","title_txt":"Downloads"},"texto_intro_principal":false,"texto_introductorio":"","ventanas_detalles_producto":[{"title_group_producto_grid_single":{"title_tag":"h2","title_txt":""},"imagen_de_fondo_dinamic_single_producto":"","texto_contenido_ventana":false,"contenido_tabs_producto":"","acordion":false,"preguntas_y_respuestas":null,"cuadricula_de_colores":false,"componentes_producto":null,"descargables":true,"tipo_datasheet":"multiple","datasheet":null,"datasheet_multiple":[{"datasheet_title":"Nu","datasheet_file":20957},{"datasheet_title":"Holz","datasheet_file":15839}],"tipo_instrucciones":"multiple","instructions":11828,"instructions_multiple":[{"instructions_title":"Bank","instructions_file":25341},{"instructions_title":" Bank an niedriger Mauer","instructions_file":25337}],"drawings_ce":14511,"2d_cad":14559,"3d_cad":13649,"revit":13701,"ldt_photometric_files":"","ies_photometric_files":"","validador_detalles_producto":false,"tipo_especificacion":""}]},{"acf_fc_layout":"seccion_consulta_nuestros_expertos","imagen_de_fondo_single_producto":"[link_wp_dam_url ids=\"13332\" size=\"x2400\"]","imagen_de_fondo_single_producto_mobile":""},{"acf_fc_layout":"seccion_imagen_de_fondo_con_sub_menu","titulo_group_list_contet_proyectos":{"title_tag":"h3","title_txt":"Nu in der Stadt"},"ancla_copy2":"","proyectos_relacionados":[{"project":5694,"project_img":"[link_wp_dam_url ids=\"13340\"]"},{"project":7564,"project_img":"[link_wp_dam_url ids=\"13341\"]"},{"project":5074,"project_img":"[link_wp_dam_url ids=\"13342\"]"},{"project":9471,"project_img":"[link_wp_dam_url ids=\"13343\"]"},{"project":10927,"project_img":"[link_wp_dam_url ids=\"13344\"]"}]}],"dist_simetrica":"","dist_asimetrica":"","dist_indirecta":"","dist_suelo":"","control":"","certificados":["ce","fsc"],"nombre_arbol_entre_comillas":"","nombre_solo_plantas_field":"","isbn_campo_texto":"","autor_book_publicacion_producto":"","idioma_campo_texto":"","enquadernacion_campo_texto":"","_numero_de_paginas_campo_texto":"","pdf_asociado_producto":"","resumen_libro":"","text_content_family_basic_information":"","text_content_family_basic_number_width":"","text_content_family_basic_number_height":"","text_content_planting_density":"","flowers_option_colours":"","flowers_option_season":"","properties_option_pruning":"","properties_option_watering":"","properties_option_sun_exposure":"","properties_option_minimum_temp":"","properties_option_soil_type":"","properties_option_fire":"","properties_option_heat":"","properties_option_moisture":"","properties_option_dryness":"","properties_option_coastal_area":"","texto_introduccion_landing_custom":"","enlace_descubre_mas_custom":"","selecciona_tipo_de_imagen_custom":"","imagen_vertical_custom":"","imagen_horizontal_custom":"","opciones_de_texto_1":true,"opciones_de_texto_2":"acabado_standar","opciones_de_texto_3":""},"yoast_head":"<!-- This site is optimized with the Yoast SEO plugin v22.8 - https:\/\/yoast.com\/wordpress\/plugins\/seo\/ -->\n<title>Nu - Urbidermis<\/title>\n<meta name=\"robots\" content=\"index, follow, max-snippet:-1, max-image-preview:large, max-video-preview:-1\" \/>\n<link rel=\"canonical\" href=\"https:\/\/www.urbidermis.com\/de\/stadtmobiliar\/nu\/\" \/>\n<meta property=\"og:locale\" content=\"de_DE\" \/>\n<meta property=\"og:type\" content=\"article\" \/>\n<meta property=\"og:title\" content=\"Nu - Urbidermis\" \/>\n<meta property=\"og:description\" content=\"Urbanes Design vom Feinsten. Als Ruhe- oder Besprechungsbereich bietet die Nu-Stadtbank eine gro\u00dfartige Vermittlungsplattform. Eine weitl\u00e4ufige Sitzfl\u00e4che aus Holzlamellen, die auf einer robusten verzinkten Stahlkonstruktion aufliegt; mit oder ohne R\u00fcckenlehne, mit oder ohne Armlehnen.\" \/>\n<meta property=\"og:url\" content=\"https:\/\/www.urbidermis.com\/de\/stadtmobiliar\/nu\/\" \/>\n<meta property=\"og:site_name\" content=\"Urbidermis\" \/>\n<meta property=\"article:modified_time\" content=\"2026-04-09T10:38:36+00:00\" \/>\n<meta property=\"og:image\" content=\"https:\/\/www.urbidermis.com\/wp-content\/uploads\/MicrosoftTeams-image-8.jpg\" \/>\n\t<meta property=\"og:image:width\" content=\"1072\" \/>\n\t<meta property=\"og:image:height\" content=\"1500\" \/>\n\t<meta property=\"og:image:type\" content=\"image\/jpeg\" \/>\n<meta name=\"twitter:card\" content=\"summary_large_image\" \/>\n<script type=\"application\/ld+json\" class=\"yoast-schema-graph\">{\"@context\":\"https:\/\/schema.org\",\"@graph\":[{\"@type\":\"WebPage\",\"@id\":\"https:\/\/www.urbidermis.com\/de\/stadtmobiliar\/nu\/\",\"url\":\"https:\/\/www.urbidermis.com\/de\/stadtmobiliar\/nu\/\",\"name\":\"Nu - Urbidermis\",\"isPartOf\":{\"@id\":\"https:\/\/www.urbidermis.com\/de\/#website\"},\"primaryImageOfPage\":{\"@id\":\"https:\/\/www.urbidermis.com\/de\/stadtmobiliar\/nu\/#primaryimage\"},\"image\":{\"@id\":\"https:\/\/www.urbidermis.com\/de\/stadtmobiliar\/nu\/#primaryimage\"},\"thumbnailUrl\":\"https:\/\/www.urbidermis.com\/wp-content\/uploads\/MicrosoftTeams-image-8.jpg\",\"datePublished\":\"2022-03-22T08:08:12+00:00\",\"dateModified\":\"2026-04-09T10:38:36+00:00\",\"breadcrumb\":{\"@id\":\"https:\/\/www.urbidermis.com\/de\/stadtmobiliar\/nu\/#breadcrumb\"},\"inLanguage\":\"de-DE\",\"potentialAction\":[{\"@type\":\"ReadAction\",\"target\":[\"https:\/\/www.urbidermis.com\/de\/stadtmobiliar\/nu\/\"]}]},{\"@type\":\"ImageObject\",\"inLanguage\":\"de-DE\",\"@id\":\"https:\/\/www.urbidermis.com\/de\/stadtmobiliar\/nu\/#primaryimage\",\"url\":\"https:\/\/www.urbidermis.com\/wp-content\/uploads\/MicrosoftTeams-image-8.jpg\",\"contentUrl\":\"https:\/\/www.urbidermis.com\/wp-content\/uploads\/MicrosoftTeams-image-8.jpg\",\"width\":1072,\"height\":1500},{\"@type\":\"BreadcrumbList\",\"@id\":\"https:\/\/www.urbidermis.com\/de\/stadtmobiliar\/nu\/#breadcrumb\",\"itemListElement\":[{\"@type\":\"ListItem\",\"position\":1,\"name\":\"Home\",\"item\":\"https:\/\/www.urbidermis.com\/de\/\"},{\"@type\":\"ListItem\",\"position\":2,\"name\":\"Produkte\",\"item\":\"https:\/\/www.urbidermis.com\/de\/produkte\/\"},{\"@type\":\"ListItem\",\"position\":3,\"name\":\"Nu\"}]},{\"@type\":\"WebSite\",\"@id\":\"https:\/\/www.urbidermis.com\/de\/#website\",\"url\":\"https:\/\/www.urbidermis.com\/de\/\",\"name\":\"Urbidermis\",\"description\":\"Especialistas en la ciudad\",\"publisher\":{\"@id\":\"https:\/\/www.urbidermis.com\/de\/#organization\"},\"potentialAction\":[{\"@type\":\"SearchAction\",\"target\":{\"@type\":\"EntryPoint\",\"urlTemplate\":\"https:\/\/www.urbidermis.com\/de\/?s={search_term_string}\"},\"query-input\":\"required name=search_term_string\"}],\"inLanguage\":\"de-DE\"},{\"@type\":\"Organization\",\"@id\":\"https:\/\/www.urbidermis.com\/de\/#organization\",\"name\":\"Urbidermis\",\"url\":\"https:\/\/www.urbidermis.com\/de\/\",\"logo\":{\"@type\":\"ImageObject\",\"inLanguage\":\"de-DE\",\"@id\":\"https:\/\/www.urbidermis.com\/de\/#\/schema\/logo\/image\/\",\"url\":\"https:\/\/www.urbidermis.com\/wp-content\/uploads\/logo_urbdermis-1.png\",\"contentUrl\":\"https:\/\/www.urbidermis.com\/wp-content\/uploads\/logo_urbdermis-1.png\",\"width\":601,\"height\":1033,\"caption\":\"Urbidermis\"},\"image\":{\"@id\":\"https:\/\/www.urbidermis.com\/de\/#\/schema\/logo\/image\/\"}}]}<\/script>\n<!-- \/ Yoast SEO plugin. -->","yoast_head_json":{"title":"Nu - Urbidermis","robots":{"index":"index","follow":"follow","max-snippet":"max-snippet:-1","max-image-preview":"max-image-preview:large","max-video-preview":"max-video-preview:-1"},"canonical":"https:\/\/www.urbidermis.com\/de\/stadtmobiliar\/nu\/","og_locale":"de_DE","og_type":"article","og_title":"Nu - Urbidermis","og_description":"Urbanes Design vom Feinsten. Als Ruhe- oder Besprechungsbereich bietet die Nu-Stadtbank eine gro\u00dfartige Vermittlungsplattform. Eine weitl\u00e4ufige Sitzfl\u00e4che aus Holzlamellen, die auf einer robusten verzinkten Stahlkonstruktion aufliegt; mit oder ohne R\u00fcckenlehne, mit oder ohne Armlehnen.","og_url":"https:\/\/www.urbidermis.com\/de\/stadtmobiliar\/nu\/","og_site_name":"Urbidermis","article_modified_time":"2026-04-09T10:38:36+00:00","og_image":[{"width":1072,"height":1500,"url":"https:\/\/www.urbidermis.com\/wp-content\/uploads\/MicrosoftTeams-image-8.jpg","type":"image\/jpeg"}],"twitter_card":"summary_large_image","schema":{"@context":"https:\/\/schema.org","@graph":[{"@type":"WebPage","@id":"https:\/\/www.urbidermis.com\/de\/stadtmobiliar\/nu\/","url":"https:\/\/www.urbidermis.com\/de\/stadtmobiliar\/nu\/","name":"Nu - Urbidermis","isPartOf":{"@id":"https:\/\/www.urbidermis.com\/de\/#website"},"primaryImageOfPage":{"@id":"https:\/\/www.urbidermis.com\/de\/stadtmobiliar\/nu\/#primaryimage"},"image":{"@id":"https:\/\/www.urbidermis.com\/de\/stadtmobiliar\/nu\/#primaryimage"},"thumbnailUrl":"https:\/\/www.urbidermis.com\/wp-content\/uploads\/MicrosoftTeams-image-8.jpg","datePublished":"2022-03-22T08:08:12+00:00","dateModified":"2026-04-09T10:38:36+00:00","breadcrumb":{"@id":"https:\/\/www.urbidermis.com\/de\/stadtmobiliar\/nu\/#breadcrumb"},"inLanguage":"de-DE","potentialAction":[{"@type":"ReadAction","target":["https:\/\/www.urbidermis.com\/de\/stadtmobiliar\/nu\/"]}]},{"@type":"ImageObject","inLanguage":"de-DE","@id":"https:\/\/www.urbidermis.com\/de\/stadtmobiliar\/nu\/#primaryimage","url":"https:\/\/www.urbidermis.com\/wp-content\/uploads\/MicrosoftTeams-image-8.jpg","contentUrl":"https:\/\/www.urbidermis.com\/wp-content\/uploads\/MicrosoftTeams-image-8.jpg","width":1072,"height":1500},{"@type":"BreadcrumbList","@id":"https:\/\/www.urbidermis.com\/de\/stadtmobiliar\/nu\/#breadcrumb","itemListElement":[{"@type":"ListItem","position":1,"name":"Home","item":"https:\/\/www.urbidermis.com\/de\/"},{"@type":"ListItem","position":2,"name":"Produkte","item":"https:\/\/www.urbidermis.com\/de\/produkte\/"},{"@type":"ListItem","position":3,"name":"Nu"}]},{"@type":"WebSite","@id":"https:\/\/www.urbidermis.com\/de\/#website","url":"https:\/\/www.urbidermis.com\/de\/","name":"Urbidermis","description":"Especialistas en la ciudad","publisher":{"@id":"https:\/\/www.urbidermis.com\/de\/#organization"},"potentialAction":[{"@type":"SearchAction","target":{"@type":"EntryPoint","urlTemplate":"https:\/\/www.urbidermis.com\/de\/?s={search_term_string}"},"query-input":"required name=search_term_string"}],"inLanguage":"de-DE"},{"@type":"Organization","@id":"https:\/\/www.urbidermis.com\/de\/#organization","name":"Urbidermis","url":"https:\/\/www.urbidermis.com\/de\/","logo":{"@type":"ImageObject","inLanguage":"de-DE","@id":"https:\/\/www.urbidermis.com\/de\/#\/schema\/logo\/image\/","url":"https:\/\/www.urbidermis.com\/wp-content\/uploads\/logo_urbdermis-1.png","contentUrl":"https:\/\/www.urbidermis.com\/wp-content\/uploads\/logo_urbdermis-1.png","width":601,"height":1033,"caption":"Urbidermis"},"image":{"@id":"https:\/\/www.urbidermis.com\/de\/#\/schema\/logo\/image\/"}}]}},"_links":{"self":[{"href":"https:\/\/www.urbidermis.com\/de\/wp-json\/wp\/v2\/product\/8612"}],"collection":[{"href":"https:\/\/www.urbidermis.com\/de\/wp-json\/wp\/v2\/product"}],"about":[{"href":"https:\/\/www.urbidermis.com\/de\/wp-json\/wp\/v2\/types\/product"}],"acf:post":[{"embeddable":true,"href":"https:\/\/www.urbidermis.com\/de\/wp-json\/wp\/v2\/autores\/23176"},{"embeddable":true,"href":"https:\/\/www.urbidermis.com\/de\/wp-json\/wp\/v2\/autores\/10084"}],"wp:featuredmedia":[{"embeddable":true,"href":"https:\/\/www.urbidermis.com\/de\/wp-json\/wp\/v2\/media\/8876"}],"wp:attachment":[{"href":"https:\/\/www.urbidermis.com\/de\/wp-json\/wp\/v2\/media?parent=8612"}],"wp:term":[{"taxonomy":"product_cat","embeddable":true,"href":"https:\/\/www.urbidermis.com\/de\/wp-json\/wp\/v2\/product_cat?post=8612"},{"taxonomy":"product_tag","embeddable":true,"href":"https:\/\/www.urbidermis.com\/de\/wp-json\/wp\/v2\/product_tag?post=8612"}],"curies":[{"name":"wp","href":"https:\/\/api.w.org\/{rel}","templated":true}]}}