


{"id":8617,"date":"2022-03-01T10:40:17","date_gmt":"2022-03-01T10:40:17","guid":{"rendered":"https:\/\/ubweb21.urbidermis.com\/product\/rai\/"},"modified":"2026-04-09T12:58:05","modified_gmt":"2026-04-09T10:58:05","slug":"rai","status":"publish","type":"product","link":"https:\/\/www.urbidermis.com\/de\/parkbaenke\/rai\/","title":{"rendered":"Rai"},"content":{"rendered":"","protected":false},"excerpt":{"rendered":"<p>Die Parkbank Rai ist ein System mit stark rationalistischer Identit\u00e4t. Rai ist gleichzeitig eine Bank, ein Tisch und ein Besprechungsbereich mit vielf\u00e4ltigen Kombinationsm\u00f6glichkeiten, die die Funktionen von Ruhe und Freizeit l\u00f6sen. Diese Bank besteht aus Elementen aus widerstandsf\u00e4higen und hochwertigen Materialien, die eine lange Nutzung ohne Wartung gew\u00e4hrleisten.<\/p>\n","protected":false},"featured_media":21328,"template":"","meta":{"_acf_changed":false,"inline_featured_image":false},"product_cat":[214,213],"product_tag":[],"acf":{"activador_seccion_impacto_acvs_secctions_acvs":true,"texto_enlace_amplifyapp":"Rai_Urban_furniture","codigos_acvs_matching_row-leds":[{"texto_pestana_item_fetch":"Bank 2 niedrige Sitzfl\u00e4chen","codigo_item_fetch":"RAS+111"},{"texto_pestana_item_fetch":"Bank 1 hohe + 1 niedrige Sitzfl\u00e4che","codigo_item_fetch":"RAS+211"},{"texto_pestana_item_fetch":"Bank 2 hohe Sitzfl\u00e4chen","codigo_item_fetch":"RAS+311"},{"texto_pestana_item_fetch":"Bank 2 hohe + 2 niedrige Sitzfl\u00e4chen","codigo_item_fetch":"RAS+411"}],"activator_acf_option_madera_text":true,"texto_bajo_btn_certificados":"","check_para_validar_no_secc_aplication":false,"is_protocolo_y_control_generic":false,"is_producto_residencial_para_mostrar_info_diferente":false,"is_plano_de_cotas_validator":true,"galeria_multidimension_imagenes_plano_de_cotas_proyector":[{"texto_pestana_plano_galeria":"Komposition","imagen_plano_de_cotas":"[link_wp_dam_url ids=\"14834\"]"},{"texto_pestana_plano_galeria":"Picknick","imagen_plano_de_cotas":"[link_wp_dam_url ids=\"14552\"]"},{"texto_pestana_plano_galeria":"Kundenspezifisch","imagen_plano_de_cotas":"[link_wp_dam_url ids=\"14551\"]"}],"premios_producto_repeater":[{"nombre_premio_sub_item":"ADI FAD SILVER","ano_premio_sub_item":"2018"}],"participantes":[7549,7551,7553],"autores":[10694],"ano_creacion_producto":"2016","validacion_producto_descarga":true,"galeria_imagenes_repeater_libro":[{"imagen_item_gal":"[link_wp_dam_url ids=\"13590\"]","activar_video_item_gal":false,"portada_video_item_gal":null,"video_en_horizonal_item_gal":false,"video_item_gal":false},{"imagen_item_gal":"[link_wp_dam_url ids=\"13370\"]","activar_video_item_gal":false,"portada_video_item_gal":null,"video_en_horizonal_item_gal":false,"video_item_gal":false},{"imagen_item_gal":"[link_wp_dam_url ids=\"13371\"]","activar_video_item_gal":false,"portada_video_item_gal":null,"video_en_horizonal_item_gal":false,"video_item_gal":false},{"imagen_item_gal":"[link_wp_dam_url ids=\"13372\"]","activar_video_item_gal":false,"portada_video_item_gal":null,"video_en_horizonal_item_gal":false,"video_item_gal":false}],"secciones_producto":[{"acf_fc_layout":"seccion_navtabs_imagen_dinamica","title_group":{"title_tag":"h2","title_txt":"Ein System von Oberfl\u00e4chen"},"texto_intro_principal":true,"texto_introductorio":"Ein System, das neue M\u00f6glichkeiten f\u00fcr die Strukturierung von R\u00e4umen bietet, indem es eine einzelne Leiste mit drei St\u00fctzen in zwei verschiedenen H\u00f6hen kombiniert. Die Kombination von Lamellen und St\u00fctzen bietet vielf\u00e4ltige L\u00f6sungen in sehr unterschiedlichen Ma\u00dfst\u00e4ben, in st\u00e4dtischen Gebieten, G\u00e4rten oder in privaten Gemeinschaftsr\u00e4umen.","ventanas_detalles_producto":[{"title_group_producto_grid_single":{"title_tag":"h2","title_txt":"Materialien"},"imagen_de_fondo_dinamic_single_producto":"","texto_contenido_ventana":true,"contenido_tabs_producto":"<ul>\r\n \t<li>Struktur aus stranggepresstem Aluminium 6063-T5 und AL-1085 mit eloxierter Oberfl\u00e4che und rostfreiem Stahl AISI304.<\/li>\r\n \t<li>Latten mit einem Querschnitt von 2,38 m und 7 x 26 cm aus 100% PEFC-zertifiziertem L\u00e4rchenholz, das mit dreifachem \u00d6l gesch\u00fctzt ist.<\/li>\r\n \t<li>Schrauben aus A2-Edelstahl.<\/li>\r\n<\/ul>","acordion":false,"preguntas_y_respuestas":null,"cuadricula_de_colores":false,"componentes_producto":null,"descargables":false,"tipo_datasheet":"simple","datasheet":null,"datasheet_multiple":null,"tipo_instrucciones":"simple","instructions":null,"instructions_multiple":null,"drawings_ce":null,"2d_cad":null,"3d_cad":null,"revit":null,"ldt_photometric_files":null,"ies_photometric_files":null,"validador_detalles_producto":false,"tipo_especificacion":"certificados"},{"title_group_producto_grid_single":{"title_tag":"h2","title_txt":"Ausf\u00fchrungen"},"imagen_de_fondo_dinamic_single_producto":"","texto_contenido_ventana":true,"contenido_tabs_producto":"Die angezeigten Farben dienen nur als Beispiel.\r\nAndere Farben auf Anfrage erh\u00e4ltlich.\r\nAusf\u00fchrungen f\u00fcr K\u00fcstenklima auf Anfrage.","acordion":false,"preguntas_y_respuestas":null,"cuadricula_de_colores":true,"componentes_producto":[{"nombre_componente":"","colores":["glulam_lamelle_colle"]}],"descargables":false,"tipo_datasheet":"simple","datasheet":null,"datasheet_multiple":null,"tipo_instrucciones":"simple","instructions":null,"instructions_multiple":null,"drawings_ce":null,"2d_cad":null,"3d_cad":null,"revit":null,"ldt_photometric_files":null,"ies_photometric_files":null,"validador_detalles_producto":false,"tipo_especificacion":""},{"title_group_producto_grid_single":{"title_tag":"h2","title_txt":"H\u00f6henplan"},"imagen_de_fondo_dinamic_single_producto":"","texto_contenido_ventana":false,"contenido_tabs_producto":"*Die angezeigten Farben dienen nur als Beispiel (andere Farben auf Anfrage erh\u00e4ltlich).\r\n**Ausf\u00fchrungen f\u00fcr K\u00fcstenklima auf Anfrage","acordion":false,"preguntas_y_respuestas":null,"cuadricula_de_colores":false,"componentes_producto":[{"nombre_componente":"","colores":["glulam_lamelle_colle"]}],"descargables":false,"tipo_datasheet":"simple","datasheet":null,"datasheet_multiple":null,"tipo_instrucciones":"simple","instructions":null,"instructions_multiple":null,"drawings_ce":null,"2d_cad":null,"3d_cad":null,"revit":null,"ldt_photometric_files":null,"ies_photometric_files":null,"validador_detalles_producto":false,"tipo_especificacion":""},{"title_group_producto_grid_single":{"title_tag":"h2","title_txt":"Installation"},"imagen_de_fondo_dinamic_single_producto":"[link_wp_dam_url ids=\"12061\"]","texto_contenido_ventana":true,"contenido_tabs_producto":"<ul>\r\n \t<li>Es wird empfohlen, die Leiste mit einem maximalen \u00dcberhang von einem Loch zu installieren (45cm).<\/li>\r\n \t<li>Installation mit zwei Bolzen mit Antioxidationsschutz pro Struktur, die in zuvor in den Boden eingelassene L\u00f6cher eingesetzt werden, die mit Epoxidharz, Schnellzement oder \u00e4hnlichem gef\u00fcllt werden, oder mit vier Edelstahlschrauben pro Struktur f\u00fcr die Befestigung an der Oberfl\u00e4che.<\/li>\r\n \t<li>Das Element wird zerlegt in zwei Komponenten geliefert: Struktur und Lamellen.<\/li>\r\n \t<li>Inklusive Installations- und Montageanleitung, Schrauben und Ankerbolzen.<\/li>\r\n<\/ul>","acordion":false,"preguntas_y_respuestas":null,"cuadricula_de_colores":false,"componentes_producto":null,"descargables":false,"tipo_datasheet":"simple","datasheet":null,"datasheet_multiple":null,"tipo_instrucciones":"simple","instructions":null,"instructions_multiple":null,"drawings_ce":null,"2d_cad":null,"3d_cad":null,"revit":null,"ldt_photometric_files":null,"ies_photometric_files":null,"validador_detalles_producto":false,"tipo_especificacion":""},{"title_group_producto_grid_single":{"title_tag":"h2","title_txt":"Wartung"},"imagen_de_fondo_dinamic_single_producto":"","texto_contenido_ventana":true,"contenido_tabs_producto":"<ul>\r\n \t<li>Um die urspr\u00fcnglichen Eigenschaften des Holzes besser zu bewahren und Trockenheit, Risse oder Feuchtigkeit zu vermeiden, empfehlen wir, den \u00d6lschutz alle 2 bis 3 Jahre zu erneuern.<\/li>\r\n<\/ul>","acordion":false,"preguntas_y_respuestas":null,"cuadricula_de_colores":false,"componentes_producto":null,"descargables":false,"tipo_datasheet":"simple","datasheet":null,"datasheet_multiple":null,"tipo_instrucciones":"simple","instructions":null,"instructions_multiple":null,"drawings_ce":null,"2d_cad":null,"3d_cad":null,"revit":null,"ldt_photometric_files":null,"ies_photometric_files":null,"validador_detalles_producto":false,"tipo_especificacion":""},{"title_group_producto_grid_single":{"title_tag":"h2","title_txt":"Zertifizierungen"},"imagen_de_fondo_dinamic_single_producto":"","texto_contenido_ventana":false,"contenido_tabs_producto":"","acordion":false,"preguntas_y_respuestas":null,"cuadricula_de_colores":false,"componentes_producto":null,"descargables":false,"tipo_datasheet":"simple","datasheet":null,"datasheet_multiple":null,"tipo_instrucciones":"simple","instructions":null,"instructions_multiple":null,"drawings_ce":null,"2d_cad":null,"3d_cad":null,"revit":null,"ldt_photometric_files":null,"ies_photometric_files":null,"validador_detalles_producto":true,"tipo_especificacion":"certificados"}]},{"acf_fc_layout":"seccion_navtabs_imagen_dinamica","title_group":{"title_tag":"h2","title_txt":"Typologie"},"texto_intro_principal":false,"texto_introductorio":"","ventanas_detalles_producto":[{"title_group_producto_grid_single":{"title_tag":"h2","title_txt":"Komposition"},"imagen_de_fondo_dinamic_single_producto":"[link_wp_dam_url ids=\"13374\"]","texto_contenido_ventana":true,"contenido_tabs_producto":"Die komplexen Kompositionen mit Ruheelementen passen sich der Morphologie der Landschaft an \u2013 in Parks, Pl\u00e4tzen oder Fu\u00dfg\u00e4ngerzonen. Ihre Ausrichtung kann linear oder mit unterschiedlichen Winkeln gestaltet werden, um verschiedene Inklusionsfunktionen zu \u00fcbernehmen.","acordion":true,"preguntas_y_respuestas":[{"pregunta":"Gewicht ","respuesta":"Leiste: 22,5\r\nNiedrige Halterung: 4\r\nHohe Halterung: 5,4\r\nDoppelte Halterung: 4,6\r\nVierfache Halterung: 6,5\r\nOberfl\u00e4chenzubeh\u00f6r: 0,65\r\n\r\n*Ungef\u00e4hres Gewicht ohne Verpackung (kg)"}],"cuadricula_de_colores":false,"componentes_producto":null,"descargables":false,"tipo_datasheet":"simple","datasheet":null,"datasheet_multiple":null,"tipo_instrucciones":"simple","instructions":null,"instructions_multiple":null,"drawings_ce":null,"2d_cad":null,"3d_cad":null,"revit":null,"ldt_photometric_files":null,"ies_photometric_files":null,"validador_detalles_producto":false,"tipo_especificacion":""},{"title_group_producto_grid_single":{"title_tag":"h2","title_txt":"Picknick"},"imagen_de_fondo_dinamic_single_producto":"[link_wp_dam_url ids=\"13373\"]","texto_contenido_ventana":true,"contenido_tabs_producto":"Die Picknickkomposition soll ein einfaches Ensemble zum Arbeiten oder Essen im Freien bieten. Das Element besteht aus einer Oberfl\u00e4che und zwei gegen\u00fcberliegenden Sitzen.","acordion":true,"preguntas_y_respuestas":[{"pregunta":"Gewicht","respuesta":"Leiste: 22,5\r\nNiedrige Halterung: 4\r\nHohe Halterung: 5,4\r\nDoppelte Halterung: 4,6\r\nVierfache Halterung: 6,5\r\nOberfl\u00e4chenzubeh\u00f6r: 0,65\r\n\r\n*Ungef\u00e4hres Gewicht ohne Verpackung (kg)"}],"cuadricula_de_colores":false,"componentes_producto":null,"descargables":false,"tipo_datasheet":"simple","datasheet":null,"datasheet_multiple":null,"tipo_instrucciones":"simple","instructions":null,"instructions_multiple":null,"drawings_ce":null,"2d_cad":null,"3d_cad":null,"revit":null,"ldt_photometric_files":null,"ies_photometric_files":null,"validador_detalles_producto":false,"tipo_especificacion":""}]},{"acf_fc_layout":"seccion_navtabs_imagen_dinamica","title_group":{"title_tag":"h2","title_txt":"Downloads"},"texto_intro_principal":false,"texto_introductorio":"","ventanas_detalles_producto":[{"title_group_producto_grid_single":{"title_tag":"h2","title_txt":""},"imagen_de_fondo_dinamic_single_producto":"","texto_contenido_ventana":false,"contenido_tabs_producto":"","acordion":false,"preguntas_y_respuestas":null,"cuadricula_de_colores":false,"componentes_producto":null,"descargables":true,"tipo_datasheet":"simple","datasheet":22396,"datasheet_multiple":null,"tipo_instrucciones":"simple","instructions":25349,"instructions_multiple":null,"drawings_ce":22287,"2d_cad":22283,"3d_cad":13643,"revit":13709,"ldt_photometric_files":"","ies_photometric_files":"","validador_detalles_producto":false,"tipo_especificacion":""}]},{"acf_fc_layout":"seccion_consulta_nuestros_expertos","imagen_de_fondo_single_producto":"[link_wp_dam_url ids=\"13368\" size=\"x2400\"]","imagen_de_fondo_single_producto_mobile":""},{"acf_fc_layout":"seccion_imagen_de_fondo_con_sub_menu","titulo_group_list_contet_proyectos":{"title_tag":"h3","title_txt":"Rai in der Stadt"},"ancla_copy2":"","proyectos_relacionados":[{"project":20807,"project_img":"[link_wp_dam_url ids=\"13377\"]"},{"project":4183,"project_img":"[link_wp_dam_url ids=\"13375\"]"},{"project":5933,"project_img":"[link_wp_dam_url ids=\"13376\"]"}]}],"dist_simetrica":"","dist_asimetrica":"","dist_indirecta":"","dist_suelo":"","control":"","certificados":["ce","pefc","ada"],"nombre_arbol_entre_comillas":"","nombre_solo_plantas_field":"","isbn_campo_texto":"","autor_book_publicacion_producto":"","idioma_campo_texto":"","enquadernacion_campo_texto":"","_numero_de_paginas_campo_texto":"","pdf_asociado_producto":"","resumen_libro":"","text_content_family_basic_information":"","text_content_family_basic_number_width":"","text_content_family_basic_number_height":"","text_content_planting_density":"","flowers_option_colours":"","flowers_option_season":"","properties_option_pruning":"","properties_option_watering":"","properties_option_sun_exposure":"","properties_option_minimum_temp":"","properties_option_soil_type":"","properties_option_fire":"","properties_option_heat":"","properties_option_moisture":"","properties_option_dryness":"","properties_option_coastal_area":"","texto_introduccion_landing_custom":"","enlace_descubre_mas_custom":"","selecciona_tipo_de_imagen_custom":"","imagen_vertical_custom":"","imagen_horizontal_custom":"","opciones_de_texto_1":true,"opciones_de_texto_2":"acabado_standar","opciones_de_texto_3":""},"yoast_head":"<!-- This site is optimized with the Yoast SEO plugin v22.8 - https:\/\/yoast.com\/wordpress\/plugins\/seo\/ -->\n<title>Rai - Urbidermis<\/title>\n<meta name=\"robots\" content=\"index, follow, max-snippet:-1, max-image-preview:large, max-video-preview:-1\" \/>\n<link rel=\"canonical\" href=\"https:\/\/www.urbidermis.com\/de\/parkbaenke\/rai\/\" \/>\n<meta property=\"og:locale\" content=\"de_DE\" \/>\n<meta property=\"og:type\" content=\"article\" \/>\n<meta property=\"og:title\" content=\"Rai - Urbidermis\" \/>\n<meta property=\"og:description\" content=\"Die Parkbank Rai ist ein System mit stark rationalistischer Identit\u00e4t. Rai ist gleichzeitig eine Bank, ein Tisch und ein Besprechungsbereich mit vielf\u00e4ltigen Kombinationsm\u00f6glichkeiten, die die Funktionen von Ruhe und Freizeit l\u00f6sen. Diese Bank besteht aus Elementen aus widerstandsf\u00e4higen und hochwertigen Materialien, die eine lange Nutzung ohne Wartung gew\u00e4hrleisten.\" \/>\n<meta property=\"og:url\" content=\"https:\/\/www.urbidermis.com\/de\/parkbaenke\/rai\/\" \/>\n<meta property=\"og:site_name\" content=\"Urbidermis\" \/>\n<meta property=\"article:modified_time\" content=\"2026-04-09T10:58:05+00:00\" \/>\n<meta property=\"og:image\" content=\"https:\/\/www.urbidermis.com\/wp-content\/uploads\/20231110_Spain_Sant_Feliu_de_Gui\u0301xols_Escola_de_Musica_RAB_Equipo_Urbidermis_04-scaled.jpg\" \/>\n\t<meta property=\"og:image:width\" content=\"1829\" \/>\n\t<meta property=\"og:image:height\" content=\"2560\" \/>\n\t<meta property=\"og:image:type\" content=\"image\/jpeg\" \/>\n<meta name=\"twitter:card\" content=\"summary_large_image\" \/>\n<script type=\"application\/ld+json\" class=\"yoast-schema-graph\">{\"@context\":\"https:\/\/schema.org\",\"@graph\":[{\"@type\":\"WebPage\",\"@id\":\"https:\/\/www.urbidermis.com\/de\/parkbaenke\/rai\/\",\"url\":\"https:\/\/www.urbidermis.com\/de\/parkbaenke\/rai\/\",\"name\":\"Rai - Urbidermis\",\"isPartOf\":{\"@id\":\"https:\/\/www.urbidermis.com\/de\/#website\"},\"primaryImageOfPage\":{\"@id\":\"https:\/\/www.urbidermis.com\/de\/parkbaenke\/rai\/#primaryimage\"},\"image\":{\"@id\":\"https:\/\/www.urbidermis.com\/de\/parkbaenke\/rai\/#primaryimage\"},\"thumbnailUrl\":\"https:\/\/www.urbidermis.com\/wp-content\/uploads\/20231110_Spain_Sant_Feliu_de_Gui\u0301xols_Escola_de_Musica_RAB_Equipo_Urbidermis_04-scaled.jpg\",\"datePublished\":\"2022-03-01T10:40:17+00:00\",\"dateModified\":\"2026-04-09T10:58:05+00:00\",\"breadcrumb\":{\"@id\":\"https:\/\/www.urbidermis.com\/de\/parkbaenke\/rai\/#breadcrumb\"},\"inLanguage\":\"de-DE\",\"potentialAction\":[{\"@type\":\"ReadAction\",\"target\":[\"https:\/\/www.urbidermis.com\/de\/parkbaenke\/rai\/\"]}]},{\"@type\":\"ImageObject\",\"inLanguage\":\"de-DE\",\"@id\":\"https:\/\/www.urbidermis.com\/de\/parkbaenke\/rai\/#primaryimage\",\"url\":\"https:\/\/www.urbidermis.com\/wp-content\/uploads\/20231110_Spain_Sant_Feliu_de_Gui\u0301xols_Escola_de_Musica_RAB_Equipo_Urbidermis_04-scaled.jpg\",\"contentUrl\":\"https:\/\/www.urbidermis.com\/wp-content\/uploads\/20231110_Spain_Sant_Feliu_de_Gui\u0301xols_Escola_de_Musica_RAB_Equipo_Urbidermis_04-scaled.jpg\",\"width\":1829,\"height\":2560},{\"@type\":\"BreadcrumbList\",\"@id\":\"https:\/\/www.urbidermis.com\/de\/parkbaenke\/rai\/#breadcrumb\",\"itemListElement\":[{\"@type\":\"ListItem\",\"position\":1,\"name\":\"Home\",\"item\":\"https:\/\/www.urbidermis.com\/de\/\"},{\"@type\":\"ListItem\",\"position\":2,\"name\":\"Produkte\",\"item\":\"https:\/\/www.urbidermis.com\/de\/produkte\/\"},{\"@type\":\"ListItem\",\"position\":3,\"name\":\"Rai\"}]},{\"@type\":\"WebSite\",\"@id\":\"https:\/\/www.urbidermis.com\/de\/#website\",\"url\":\"https:\/\/www.urbidermis.com\/de\/\",\"name\":\"Urbidermis\",\"description\":\"Especialistas en la ciudad\",\"publisher\":{\"@id\":\"https:\/\/www.urbidermis.com\/de\/#organization\"},\"potentialAction\":[{\"@type\":\"SearchAction\",\"target\":{\"@type\":\"EntryPoint\",\"urlTemplate\":\"https:\/\/www.urbidermis.com\/de\/?s={search_term_string}\"},\"query-input\":\"required name=search_term_string\"}],\"inLanguage\":\"de-DE\"},{\"@type\":\"Organization\",\"@id\":\"https:\/\/www.urbidermis.com\/de\/#organization\",\"name\":\"Urbidermis\",\"url\":\"https:\/\/www.urbidermis.com\/de\/\",\"logo\":{\"@type\":\"ImageObject\",\"inLanguage\":\"de-DE\",\"@id\":\"https:\/\/www.urbidermis.com\/de\/#\/schema\/logo\/image\/\",\"url\":\"https:\/\/www.urbidermis.com\/wp-content\/uploads\/logo_urbdermis-1.png\",\"contentUrl\":\"https:\/\/www.urbidermis.com\/wp-content\/uploads\/logo_urbdermis-1.png\",\"width\":601,\"height\":1033,\"caption\":\"Urbidermis\"},\"image\":{\"@id\":\"https:\/\/www.urbidermis.com\/de\/#\/schema\/logo\/image\/\"}}]}<\/script>\n<!-- \/ Yoast SEO plugin. -->","yoast_head_json":{"title":"Rai - Urbidermis","robots":{"index":"index","follow":"follow","max-snippet":"max-snippet:-1","max-image-preview":"max-image-preview:large","max-video-preview":"max-video-preview:-1"},"canonical":"https:\/\/www.urbidermis.com\/de\/parkbaenke\/rai\/","og_locale":"de_DE","og_type":"article","og_title":"Rai - Urbidermis","og_description":"Die Parkbank Rai ist ein System mit stark rationalistischer Identit\u00e4t. Rai ist gleichzeitig eine Bank, ein Tisch und ein Besprechungsbereich mit vielf\u00e4ltigen Kombinationsm\u00f6glichkeiten, die die Funktionen von Ruhe und Freizeit l\u00f6sen. Diese Bank besteht aus Elementen aus widerstandsf\u00e4higen und hochwertigen Materialien, die eine lange Nutzung ohne Wartung gew\u00e4hrleisten.","og_url":"https:\/\/www.urbidermis.com\/de\/parkbaenke\/rai\/","og_site_name":"Urbidermis","article_modified_time":"2026-04-09T10:58:05+00:00","og_image":[{"width":1829,"height":2560,"url":"https:\/\/www.urbidermis.com\/wp-content\/uploads\/20231110_Spain_Sant_Feliu_de_Gui\u0301xols_Escola_de_Musica_RAB_Equipo_Urbidermis_04-scaled.jpg","type":"image\/jpeg"}],"twitter_card":"summary_large_image","schema":{"@context":"https:\/\/schema.org","@graph":[{"@type":"WebPage","@id":"https:\/\/www.urbidermis.com\/de\/parkbaenke\/rai\/","url":"https:\/\/www.urbidermis.com\/de\/parkbaenke\/rai\/","name":"Rai - Urbidermis","isPartOf":{"@id":"https:\/\/www.urbidermis.com\/de\/#website"},"primaryImageOfPage":{"@id":"https:\/\/www.urbidermis.com\/de\/parkbaenke\/rai\/#primaryimage"},"image":{"@id":"https:\/\/www.urbidermis.com\/de\/parkbaenke\/rai\/#primaryimage"},"thumbnailUrl":"https:\/\/www.urbidermis.com\/wp-content\/uploads\/20231110_Spain_Sant_Feliu_de_Gui\u0301xols_Escola_de_Musica_RAB_Equipo_Urbidermis_04-scaled.jpg","datePublished":"2022-03-01T10:40:17+00:00","dateModified":"2026-04-09T10:58:05+00:00","breadcrumb":{"@id":"https:\/\/www.urbidermis.com\/de\/parkbaenke\/rai\/#breadcrumb"},"inLanguage":"de-DE","potentialAction":[{"@type":"ReadAction","target":["https:\/\/www.urbidermis.com\/de\/parkbaenke\/rai\/"]}]},{"@type":"ImageObject","inLanguage":"de-DE","@id":"https:\/\/www.urbidermis.com\/de\/parkbaenke\/rai\/#primaryimage","url":"https:\/\/www.urbidermis.com\/wp-content\/uploads\/20231110_Spain_Sant_Feliu_de_Gui\u0301xols_Escola_de_Musica_RAB_Equipo_Urbidermis_04-scaled.jpg","contentUrl":"https:\/\/www.urbidermis.com\/wp-content\/uploads\/20231110_Spain_Sant_Feliu_de_Gui\u0301xols_Escola_de_Musica_RAB_Equipo_Urbidermis_04-scaled.jpg","width":1829,"height":2560},{"@type":"BreadcrumbList","@id":"https:\/\/www.urbidermis.com\/de\/parkbaenke\/rai\/#breadcrumb","itemListElement":[{"@type":"ListItem","position":1,"name":"Home","item":"https:\/\/www.urbidermis.com\/de\/"},{"@type":"ListItem","position":2,"name":"Produkte","item":"https:\/\/www.urbidermis.com\/de\/produkte\/"},{"@type":"ListItem","position":3,"name":"Rai"}]},{"@type":"WebSite","@id":"https:\/\/www.urbidermis.com\/de\/#website","url":"https:\/\/www.urbidermis.com\/de\/","name":"Urbidermis","description":"Especialistas en la ciudad","publisher":{"@id":"https:\/\/www.urbidermis.com\/de\/#organization"},"potentialAction":[{"@type":"SearchAction","target":{"@type":"EntryPoint","urlTemplate":"https:\/\/www.urbidermis.com\/de\/?s={search_term_string}"},"query-input":"required name=search_term_string"}],"inLanguage":"de-DE"},{"@type":"Organization","@id":"https:\/\/www.urbidermis.com\/de\/#organization","name":"Urbidermis","url":"https:\/\/www.urbidermis.com\/de\/","logo":{"@type":"ImageObject","inLanguage":"de-DE","@id":"https:\/\/www.urbidermis.com\/de\/#\/schema\/logo\/image\/","url":"https:\/\/www.urbidermis.com\/wp-content\/uploads\/logo_urbdermis-1.png","contentUrl":"https:\/\/www.urbidermis.com\/wp-content\/uploads\/logo_urbdermis-1.png","width":601,"height":1033,"caption":"Urbidermis"},"image":{"@id":"https:\/\/www.urbidermis.com\/de\/#\/schema\/logo\/image\/"}}]}},"_links":{"self":[{"href":"https:\/\/www.urbidermis.com\/de\/wp-json\/wp\/v2\/product\/8617"}],"collection":[{"href":"https:\/\/www.urbidermis.com\/de\/wp-json\/wp\/v2\/product"}],"about":[{"href":"https:\/\/www.urbidermis.com\/de\/wp-json\/wp\/v2\/types\/product"}],"acf:post":[{"embeddable":true,"href":"https:\/\/www.urbidermis.com\/de\/wp-json\/wp\/v2\/autores\/10694"},{"embeddable":true,"href":"https:\/\/www.urbidermis.com\/de\/wp-json\/wp\/v2\/perfiles\/7553"},{"embeddable":true,"href":"https:\/\/www.urbidermis.com\/de\/wp-json\/wp\/v2\/perfiles\/7551"},{"embeddable":true,"href":"https:\/\/www.urbidermis.com\/de\/wp-json\/wp\/v2\/perfiles\/7549"}],"wp:featuredmedia":[{"embeddable":true,"href":"https:\/\/www.urbidermis.com\/de\/wp-json\/wp\/v2\/media\/21328"}],"wp:attachment":[{"href":"https:\/\/www.urbidermis.com\/de\/wp-json\/wp\/v2\/media?parent=8617"}],"wp:term":[{"taxonomy":"product_cat","embeddable":true,"href":"https:\/\/www.urbidermis.com\/de\/wp-json\/wp\/v2\/product_cat?post=8617"},{"taxonomy":"product_tag","embeddable":true,"href":"https:\/\/www.urbidermis.com\/de\/wp-json\/wp\/v2\/product_tag?post=8617"}],"curies":[{"name":"wp","href":"https:\/\/api.w.org\/{rel}","templated":true}]}}