


{"id":8989,"date":"2022-03-01T10:45:25","date_gmt":"2022-03-01T10:45:25","guid":{"rendered":"https:\/\/ubweb21.urbidermis.com\/product\/atlantida\/"},"modified":"2026-04-10T10:00:24","modified_gmt":"2026-04-10T08:00:24","slug":"atlantida","status":"publish","type":"product","link":"https:\/\/www.urbidermis.com\/de\/stadtmobiliar\/atlantida\/","title":{"rendered":"Atl\u00e1ntida"},"content":{"rendered":"","protected":false},"excerpt":{"rendered":"<p>Ein Monolith mit zeitlosen Formen, der mit der klassischen Vorstellung eines Zierbrunnens bricht. Der Atl\u00e1ntida, mit n\u00fcchternen und funktionalen Linien, ist von traditionellen Brunnen ohne ihre historischen Konnotationen inspiriert, von Exzessen befreit und entworfen, um den st\u00e4dtischen Raum aufzuwerten.<\/p>\n","protected":false},"featured_media":15516,"template":"","meta":{"_acf_changed":false,"inline_featured_image":false},"product_cat":[213,222],"product_tag":[],"acf":{"activador_seccion_impacto_acvs_secctions_acvs":true,"texto_enlace_amplifyapp":"Atlantida_Urban_furniture","codigos_acvs_matching_row-leds":[{"texto_pestana_item_fetch":"","codigo_item_fetch":"ATF01"}],"activator_acf_option_madera_text":false,"texto_bajo_btn_certificados":"Der Trinkbrunnen ist gem\u00e4\u00df der Norm DVGW W274 f\u00fcr Trinkwasserbrunnen entwickelt. Auch alle verbauten Komponenten entsprechen den Bewertungsrichtlinien des UBA (f\u00fcr Metalle) sowie der DVGW W270 f\u00fcr Kunststoffe.","check_para_validar_no_secc_aplication":true,"is_protocolo_y_control_generic":false,"is_producto_residencial_para_mostrar_info_diferente":false,"is_plano_de_cotas_validator":true,"galeria_multidimension_imagenes_plano_de_cotas_proyector":[{"texto_pestana_plano_galeria":"Trinkbrunnen","imagen_plano_de_cotas":"[link_wp_dam_url ids=\"14556\"]"}],"premios_producto_repeater":null,"participantes":[7551],"autores":[10236],"ano_creacion_producto":"1991","validacion_producto_descarga":true,"galeria_imagenes_repeater_libro":[{"imagen_item_gal":"[link_wp_dam_url ids=\"13439\"]","activar_video_item_gal":false,"portada_video_item_gal":null,"video_en_horizonal_item_gal":false,"video_item_gal":false},{"imagen_item_gal":"[link_wp_dam_url ids=\"13440\"]","activar_video_item_gal":false,"portada_video_item_gal":null,"video_en_horizonal_item_gal":false,"video_item_gal":false},{"imagen_item_gal":"[link_wp_dam_url ids=\"13441\"]","activar_video_item_gal":false,"portada_video_item_gal":null,"video_en_horizonal_item_gal":false,"video_item_gal":false},{"imagen_item_gal":"[link_wp_dam_url ids=\"13442\"]","activar_video_item_gal":false,"portada_video_item_gal":null,"video_en_horizonal_item_gal":false,"video_item_gal":false}],"secciones_producto":[{"acf_fc_layout":"seccion_navtabs_imagen_dinamica","title_group":{"title_tag":"h2","title_txt":"Ein Trinkbrunnen, der nicht die Show stiehlt"},"texto_intro_principal":true,"texto_introductorio":"Der Trinkbrunnen Atl\u00e1ntida kann an ein anderes Element angelehnt oder freistehend in der Mitte von Fl\u00e4chen installiert werden, wodurch Kompositionen entstehen, die landschaftliche und funktionale Einzigartigkeit bieten. Entwickelt, um den schwierigsten Situationen standzuhalten. Er enth\u00e4lt einen komfortablen zeitgesteuerten Stellantrieb sowie Regulierungs- und Wartungssysteme.","ventanas_detalles_producto":[{"title_group_producto_grid_single":{"title_tag":"h2","title_txt":"Materialien"},"imagen_de_fondo_dinamic_single_producto":"","texto_contenido_ventana":true,"contenido_tabs_producto":"<ul>\r\n \t<li>Monolith aus Gusseisen mit lackierter Oberfl\u00e4che.<\/li>\r\n \t<li>Entw\u00e4sserungsgitter aus lackiertem Sph\u00e4roguss, auf einem bodenb\u00fcndigen Rahmen aus feuerverzinktem Stahl S235 JR gelagert und in den gleichen Abmessungen wie der Wassersammelraum.<\/li>\r\n \t<li>1-Zoll-Auslauf mit Filter aus poliertem Messingguss und Presto-Druckknopf. Inklusive Druckregler und zeitgesteuerter Durchflussregelung (optional kann ein Frostschutzventil eingebaut werden).<\/li>\r\n<\/ul>","acordion":false,"preguntas_y_respuestas":null,"cuadricula_de_colores":false,"componentes_producto":null,"descargables":false,"tipo_datasheet":"simple","datasheet":null,"datasheet_multiple":null,"tipo_instrucciones":"simple","instructions":null,"instructions_multiple":null,"drawings_ce":null,"2d_cad":null,"3d_cad":null,"revit":null,"ldt_photometric_files":null,"ies_photometric_files":null,"validador_detalles_producto":false,"tipo_especificacion":"certificados"},{"title_group_producto_grid_single":{"title_tag":"h2","title_txt":"Ausf\u00fchrungen"},"imagen_de_fondo_dinamic_single_producto":"","texto_contenido_ventana":true,"contenido_tabs_producto":"Die angezeigten Farben dienen nur als Beispiel.\r\nAndere Farben auf Anfrage erh\u00e4ltlich.\r\nAusf\u00fchrungen f\u00fcr K\u00fcstenklima auf Anfrage.","acordion":false,"preguntas_y_respuestas":null,"cuadricula_de_colores":true,"componentes_producto":[{"nombre_componente":"","colores":["pintura_negro_oxiron"]}],"descargables":false,"tipo_datasheet":"simple","datasheet":null,"datasheet_multiple":null,"tipo_instrucciones":"simple","instructions":null,"instructions_multiple":null,"drawings_ce":null,"2d_cad":null,"3d_cad":null,"revit":null,"ldt_photometric_files":null,"ies_photometric_files":null,"validador_detalles_producto":false,"tipo_especificacion":""},{"title_group_producto_grid_single":{"title_tag":"h2","title_txt":"H\u00f6henplan"},"imagen_de_fondo_dinamic_single_producto":"","texto_contenido_ventana":false,"contenido_tabs_producto":"*Die angezeigten Farben dienen nur als Beispiel (andere Farben auf Anfrage erh\u00e4ltlich).\r\n**Ausf\u00fchrungen f\u00fcr K\u00fcstenklima auf Anfrage","acordion":false,"preguntas_y_respuestas":null,"cuadricula_de_colores":false,"componentes_producto":[{"nombre_componente":"","colores":["negro"]}],"descargables":false,"tipo_datasheet":"simple","datasheet":null,"datasheet_multiple":null,"tipo_instrucciones":"simple","instructions":null,"instructions_multiple":null,"drawings_ce":null,"2d_cad":null,"3d_cad":null,"revit":null,"ldt_photometric_files":null,"ies_photometric_files":null,"validador_detalles_producto":false,"tipo_especificacion":""},{"title_group_producto_grid_single":{"title_tag":"h2","title_txt":"Installation"},"imagen_de_fondo_dinamic_single_producto":"","texto_contenido_ventana":true,"contenido_tabs_producto":"<ul>\r\n \t<li>Das Element wird mit vier Bolzen 10 cm unter dem Belag befestigt.<\/li>\r\n \t<li>Bei Temperaturen von \u2264 0\u00ba C ist es ratsam, den Wasserdurchgang zu schlie\u00dfen und den Kreislauf zu entleeren, um Einfrieren und Bruch zu vermeiden.<\/li>\r\n \t<li>Das Element wird zerlegt und in zwei Teilen verpackt geliefert: Monolith mit Ausguss und Gitter mit Rahmen nach Bedarf.<\/li>\r\n \t<li>Inklusive Installations- und Montageanleitung sowie Ankerbolzen.<\/li>\r\n<\/ul>","acordion":false,"preguntas_y_respuestas":null,"cuadricula_de_colores":false,"componentes_producto":null,"descargables":false,"tipo_datasheet":"simple","datasheet":null,"datasheet_multiple":null,"tipo_instrucciones":"simple","instructions":null,"instructions_multiple":null,"drawings_ce":null,"2d_cad":null,"3d_cad":null,"revit":null,"ldt_photometric_files":null,"ies_photometric_files":null,"validador_detalles_producto":false,"tipo_especificacion":""},{"title_group_producto_grid_single":{"title_tag":"h2","title_txt":"Wartung"},"imagen_de_fondo_dinamic_single_producto":"","texto_contenido_ventana":true,"contenido_tabs_producto":"<ul>\r\n \t<li>Es ist keine Wartung erforderlich, au\u00dfer der regelm\u00e4\u00dfigen Reinigung des Innenraums und des Knopfes.<\/li>\r\n<\/ul>","acordion":false,"preguntas_y_respuestas":null,"cuadricula_de_colores":false,"componentes_producto":null,"descargables":false,"tipo_datasheet":"simple","datasheet":null,"datasheet_multiple":null,"tipo_instrucciones":"simple","instructions":null,"instructions_multiple":null,"drawings_ce":null,"2d_cad":null,"3d_cad":null,"revit":null,"ldt_photometric_files":null,"ies_photometric_files":null,"validador_detalles_producto":false,"tipo_especificacion":"certificados"},{"title_group_producto_grid_single":{"title_tag":"h2","title_txt":"Zertifizierungen"},"imagen_de_fondo_dinamic_single_producto":"","texto_contenido_ventana":false,"contenido_tabs_producto":"Trinkbrunnen: 122\r\n*Ungef\u00e4hres Gewicht ohne Verpackung (kg)","acordion":false,"preguntas_y_respuestas":null,"cuadricula_de_colores":false,"componentes_producto":null,"descargables":false,"tipo_datasheet":"simple","datasheet":null,"datasheet_multiple":null,"tipo_instrucciones":"simple","instructions":null,"instructions_multiple":null,"drawings_ce":null,"2d_cad":null,"3d_cad":null,"revit":null,"ldt_photometric_files":null,"ies_photometric_files":null,"validador_detalles_producto":true,"tipo_especificacion":"certificados"},{"title_group_producto_grid_single":{"title_tag":"h2","title_txt":"Gewicht"},"imagen_de_fondo_dinamic_single_producto":"","texto_contenido_ventana":true,"contenido_tabs_producto":"Trinkbrunnen: 122\r\n\r\n*Ungef\u00e4hres Gewicht ohne Verpackung (kg)","acordion":false,"preguntas_y_respuestas":null,"cuadricula_de_colores":false,"componentes_producto":null,"descargables":false,"tipo_datasheet":"simple","datasheet":null,"datasheet_multiple":null,"tipo_instrucciones":"simple","instructions":null,"instructions_multiple":null,"drawings_ce":null,"2d_cad":null,"3d_cad":null,"revit":null,"ldt_photometric_files":null,"ies_photometric_files":null,"validador_detalles_producto":false,"tipo_especificacion":""}]},{"acf_fc_layout":"seccion_navtabs_imagen_dinamica","title_group":{"title_tag":"h2","title_txt":"Downloads"},"texto_intro_principal":false,"texto_introductorio":"","ventanas_detalles_producto":[{"title_group_producto_grid_single":{"title_tag":"h2","title_txt":""},"imagen_de_fondo_dinamic_single_producto":"","texto_contenido_ventana":false,"contenido_tabs_producto":"","acordion":false,"preguntas_y_respuestas":null,"cuadricula_de_colores":false,"componentes_producto":null,"descargables":true,"tipo_datasheet":"simple","datasheet":22799,"datasheet_multiple":null,"tipo_instrucciones":"multiple","instructions":null,"instructions_multiple":[{"instructions_title":"Atl\u00e1ntida","instructions_file":9246},{"instructions_title":"Atl\u00e1ntida WRAS","instructions_file":9250}],"drawings_ce":14696,"2d_cad":14704,"3d_cad":12859,"revit":13734,"ldt_photometric_files":"","ies_photometric_files":"","validador_detalles_producto":false,"tipo_especificacion":""}]},{"acf_fc_layout":"seccion_consulta_nuestros_expertos","imagen_de_fondo_single_producto":"[link_wp_dam_url ids=\"13437\" size=\"x2400\"]","imagen_de_fondo_single_producto_mobile":"[link_wp_dam_url ids=\"8238\"]"},{"acf_fc_layout":"seccion_imagen_de_fondo_con_sub_menu","titulo_group_list_contet_proyectos":{"title_tag":"h3","title_txt":"Atl\u00e1ntida in der Stadt"},"ancla_copy2":"","proyectos_relacionados":[{"project":5694,"project_img":"[link_wp_dam_url ids=\"13449\"]"},{"project":6868,"project_img":"[link_wp_dam_url ids=\"13450\"]"},{"project":18942,"project_img":"[link_wp_dam_url ids=\"13451\"]"}]}],"dist_simetrica":"","dist_asimetrica":"","dist_indirecta":"","dist_suelo":"","control":"","certificados":["ce","wras"],"nombre_arbol_entre_comillas":"","nombre_solo_plantas_field":"","isbn_campo_texto":"","autor_book_publicacion_producto":"","idioma_campo_texto":"","enquadernacion_campo_texto":"","_numero_de_paginas_campo_texto":"","pdf_asociado_producto":"","resumen_libro":"","text_content_family_basic_information":"","text_content_family_basic_number_width":"","text_content_family_basic_number_height":"","text_content_planting_density":"","flowers_option_colours":"","flowers_option_season":"","properties_option_pruning":"","properties_option_watering":"","properties_option_sun_exposure":"","properties_option_minimum_temp":"","properties_option_soil_type":"","properties_option_fire":"","properties_option_heat":"","properties_option_moisture":"","properties_option_dryness":"","properties_option_coastal_area":"","texto_introduccion_landing_custom":"","enlace_descubre_mas_custom":"","selecciona_tipo_de_imagen_custom":"","imagen_vertical_custom":"","imagen_horizontal_custom":"","opciones_de_texto_1":true,"opciones_de_texto_2":"acabado_standar","opciones_de_texto_3":""},"yoast_head":"<!-- This site is optimized with the Yoast SEO plugin v22.8 - https:\/\/yoast.com\/wordpress\/plugins\/seo\/ -->\n<title>Atl\u00e1ntida - Urbidermis<\/title>\n<meta name=\"robots\" content=\"index, follow, max-snippet:-1, max-image-preview:large, max-video-preview:-1\" \/>\n<link rel=\"canonical\" href=\"https:\/\/www.urbidermis.com\/de\/stadtmobiliar\/atlantida\/\" \/>\n<meta property=\"og:locale\" content=\"de_DE\" \/>\n<meta property=\"og:type\" content=\"article\" \/>\n<meta property=\"og:title\" content=\"Atl\u00e1ntida - Urbidermis\" \/>\n<meta property=\"og:description\" content=\"Ein Monolith mit zeitlosen Formen, der mit der klassischen Vorstellung eines Zierbrunnens bricht. Der Atl\u00e1ntida, mit n\u00fcchternen und funktionalen Linien, ist von traditionellen Brunnen ohne ihre historischen Konnotationen inspiriert, von Exzessen befreit und entworfen, um den st\u00e4dtischen Raum aufzuwerten.\" \/>\n<meta property=\"og:url\" content=\"https:\/\/www.urbidermis.com\/de\/stadtmobiliar\/atlantida\/\" \/>\n<meta property=\"og:site_name\" content=\"Urbidermis\" \/>\n<meta property=\"article:modified_time\" content=\"2026-04-10T08:00:24+00:00\" \/>\n<meta property=\"og:image\" content=\"https:\/\/www.urbidermis.com\/wp-content\/uploads\/20220209_Spain_Barcelona_Mas_Sole_ATF_Equipo_Urbidermis_008.jpg\" \/>\n\t<meta property=\"og:image:width\" content=\"571\" \/>\n\t<meta property=\"og:image:height\" content=\"800\" \/>\n\t<meta property=\"og:image:type\" content=\"image\/jpeg\" \/>\n<meta name=\"twitter:card\" content=\"summary_large_image\" \/>\n<script type=\"application\/ld+json\" class=\"yoast-schema-graph\">{\"@context\":\"https:\/\/schema.org\",\"@graph\":[{\"@type\":\"WebPage\",\"@id\":\"https:\/\/www.urbidermis.com\/de\/stadtmobiliar\/atlantida\/\",\"url\":\"https:\/\/www.urbidermis.com\/de\/stadtmobiliar\/atlantida\/\",\"name\":\"Atl\u00e1ntida - Urbidermis\",\"isPartOf\":{\"@id\":\"https:\/\/www.urbidermis.com\/de\/#website\"},\"primaryImageOfPage\":{\"@id\":\"https:\/\/www.urbidermis.com\/de\/stadtmobiliar\/atlantida\/#primaryimage\"},\"image\":{\"@id\":\"https:\/\/www.urbidermis.com\/de\/stadtmobiliar\/atlantida\/#primaryimage\"},\"thumbnailUrl\":\"https:\/\/www.urbidermis.com\/wp-content\/uploads\/20220209_Spain_Barcelona_Mas_Sole_ATF_Equipo_Urbidermis_008.jpg\",\"datePublished\":\"2022-03-01T10:45:25+00:00\",\"dateModified\":\"2026-04-10T08:00:24+00:00\",\"breadcrumb\":{\"@id\":\"https:\/\/www.urbidermis.com\/de\/stadtmobiliar\/atlantida\/#breadcrumb\"},\"inLanguage\":\"de-DE\",\"potentialAction\":[{\"@type\":\"ReadAction\",\"target\":[\"https:\/\/www.urbidermis.com\/de\/stadtmobiliar\/atlantida\/\"]}]},{\"@type\":\"ImageObject\",\"inLanguage\":\"de-DE\",\"@id\":\"https:\/\/www.urbidermis.com\/de\/stadtmobiliar\/atlantida\/#primaryimage\",\"url\":\"https:\/\/www.urbidermis.com\/wp-content\/uploads\/20220209_Spain_Barcelona_Mas_Sole_ATF_Equipo_Urbidermis_008.jpg\",\"contentUrl\":\"https:\/\/www.urbidermis.com\/wp-content\/uploads\/20220209_Spain_Barcelona_Mas_Sole_ATF_Equipo_Urbidermis_008.jpg\",\"width\":571,\"height\":800},{\"@type\":\"BreadcrumbList\",\"@id\":\"https:\/\/www.urbidermis.com\/de\/stadtmobiliar\/atlantida\/#breadcrumb\",\"itemListElement\":[{\"@type\":\"ListItem\",\"position\":1,\"name\":\"Home\",\"item\":\"https:\/\/www.urbidermis.com\/de\/\"},{\"@type\":\"ListItem\",\"position\":2,\"name\":\"Produkte\",\"item\":\"https:\/\/www.urbidermis.com\/de\/produkte\/\"},{\"@type\":\"ListItem\",\"position\":3,\"name\":\"Atl\u00e1ntida\"}]},{\"@type\":\"WebSite\",\"@id\":\"https:\/\/www.urbidermis.com\/de\/#website\",\"url\":\"https:\/\/www.urbidermis.com\/de\/\",\"name\":\"Urbidermis\",\"description\":\"Especialistas en la ciudad\",\"publisher\":{\"@id\":\"https:\/\/www.urbidermis.com\/de\/#organization\"},\"potentialAction\":[{\"@type\":\"SearchAction\",\"target\":{\"@type\":\"EntryPoint\",\"urlTemplate\":\"https:\/\/www.urbidermis.com\/de\/?s={search_term_string}\"},\"query-input\":\"required name=search_term_string\"}],\"inLanguage\":\"de-DE\"},{\"@type\":\"Organization\",\"@id\":\"https:\/\/www.urbidermis.com\/de\/#organization\",\"name\":\"Urbidermis\",\"url\":\"https:\/\/www.urbidermis.com\/de\/\",\"logo\":{\"@type\":\"ImageObject\",\"inLanguage\":\"de-DE\",\"@id\":\"https:\/\/www.urbidermis.com\/de\/#\/schema\/logo\/image\/\",\"url\":\"https:\/\/www.urbidermis.com\/wp-content\/uploads\/logo_urbdermis-1.png\",\"contentUrl\":\"https:\/\/www.urbidermis.com\/wp-content\/uploads\/logo_urbdermis-1.png\",\"width\":601,\"height\":1033,\"caption\":\"Urbidermis\"},\"image\":{\"@id\":\"https:\/\/www.urbidermis.com\/de\/#\/schema\/logo\/image\/\"}}]}<\/script>\n<!-- \/ Yoast SEO plugin. -->","yoast_head_json":{"title":"Atl\u00e1ntida - Urbidermis","robots":{"index":"index","follow":"follow","max-snippet":"max-snippet:-1","max-image-preview":"max-image-preview:large","max-video-preview":"max-video-preview:-1"},"canonical":"https:\/\/www.urbidermis.com\/de\/stadtmobiliar\/atlantida\/","og_locale":"de_DE","og_type":"article","og_title":"Atl\u00e1ntida - Urbidermis","og_description":"Ein Monolith mit zeitlosen Formen, der mit der klassischen Vorstellung eines Zierbrunnens bricht. Der Atl\u00e1ntida, mit n\u00fcchternen und funktionalen Linien, ist von traditionellen Brunnen ohne ihre historischen Konnotationen inspiriert, von Exzessen befreit und entworfen, um den st\u00e4dtischen Raum aufzuwerten.","og_url":"https:\/\/www.urbidermis.com\/de\/stadtmobiliar\/atlantida\/","og_site_name":"Urbidermis","article_modified_time":"2026-04-10T08:00:24+00:00","og_image":[{"width":571,"height":800,"url":"https:\/\/www.urbidermis.com\/wp-content\/uploads\/20220209_Spain_Barcelona_Mas_Sole_ATF_Equipo_Urbidermis_008.jpg","type":"image\/jpeg"}],"twitter_card":"summary_large_image","schema":{"@context":"https:\/\/schema.org","@graph":[{"@type":"WebPage","@id":"https:\/\/www.urbidermis.com\/de\/stadtmobiliar\/atlantida\/","url":"https:\/\/www.urbidermis.com\/de\/stadtmobiliar\/atlantida\/","name":"Atl\u00e1ntida - Urbidermis","isPartOf":{"@id":"https:\/\/www.urbidermis.com\/de\/#website"},"primaryImageOfPage":{"@id":"https:\/\/www.urbidermis.com\/de\/stadtmobiliar\/atlantida\/#primaryimage"},"image":{"@id":"https:\/\/www.urbidermis.com\/de\/stadtmobiliar\/atlantida\/#primaryimage"},"thumbnailUrl":"https:\/\/www.urbidermis.com\/wp-content\/uploads\/20220209_Spain_Barcelona_Mas_Sole_ATF_Equipo_Urbidermis_008.jpg","datePublished":"2022-03-01T10:45:25+00:00","dateModified":"2026-04-10T08:00:24+00:00","breadcrumb":{"@id":"https:\/\/www.urbidermis.com\/de\/stadtmobiliar\/atlantida\/#breadcrumb"},"inLanguage":"de-DE","potentialAction":[{"@type":"ReadAction","target":["https:\/\/www.urbidermis.com\/de\/stadtmobiliar\/atlantida\/"]}]},{"@type":"ImageObject","inLanguage":"de-DE","@id":"https:\/\/www.urbidermis.com\/de\/stadtmobiliar\/atlantida\/#primaryimage","url":"https:\/\/www.urbidermis.com\/wp-content\/uploads\/20220209_Spain_Barcelona_Mas_Sole_ATF_Equipo_Urbidermis_008.jpg","contentUrl":"https:\/\/www.urbidermis.com\/wp-content\/uploads\/20220209_Spain_Barcelona_Mas_Sole_ATF_Equipo_Urbidermis_008.jpg","width":571,"height":800},{"@type":"BreadcrumbList","@id":"https:\/\/www.urbidermis.com\/de\/stadtmobiliar\/atlantida\/#breadcrumb","itemListElement":[{"@type":"ListItem","position":1,"name":"Home","item":"https:\/\/www.urbidermis.com\/de\/"},{"@type":"ListItem","position":2,"name":"Produkte","item":"https:\/\/www.urbidermis.com\/de\/produkte\/"},{"@type":"ListItem","position":3,"name":"Atl\u00e1ntida"}]},{"@type":"WebSite","@id":"https:\/\/www.urbidermis.com\/de\/#website","url":"https:\/\/www.urbidermis.com\/de\/","name":"Urbidermis","description":"Especialistas en la ciudad","publisher":{"@id":"https:\/\/www.urbidermis.com\/de\/#organization"},"potentialAction":[{"@type":"SearchAction","target":{"@type":"EntryPoint","urlTemplate":"https:\/\/www.urbidermis.com\/de\/?s={search_term_string}"},"query-input":"required name=search_term_string"}],"inLanguage":"de-DE"},{"@type":"Organization","@id":"https:\/\/www.urbidermis.com\/de\/#organization","name":"Urbidermis","url":"https:\/\/www.urbidermis.com\/de\/","logo":{"@type":"ImageObject","inLanguage":"de-DE","@id":"https:\/\/www.urbidermis.com\/de\/#\/schema\/logo\/image\/","url":"https:\/\/www.urbidermis.com\/wp-content\/uploads\/logo_urbdermis-1.png","contentUrl":"https:\/\/www.urbidermis.com\/wp-content\/uploads\/logo_urbdermis-1.png","width":601,"height":1033,"caption":"Urbidermis"},"image":{"@id":"https:\/\/www.urbidermis.com\/de\/#\/schema\/logo\/image\/"}}]}},"_links":{"self":[{"href":"https:\/\/www.urbidermis.com\/de\/wp-json\/wp\/v2\/product\/8989"}],"collection":[{"href":"https:\/\/www.urbidermis.com\/de\/wp-json\/wp\/v2\/product"}],"about":[{"href":"https:\/\/www.urbidermis.com\/de\/wp-json\/wp\/v2\/types\/product"}],"acf:post":[{"embeddable":true,"href":"https:\/\/www.urbidermis.com\/de\/wp-json\/wp\/v2\/autores\/10236"},{"embeddable":true,"href":"https:\/\/www.urbidermis.com\/de\/wp-json\/wp\/v2\/perfiles\/7551"}],"wp:featuredmedia":[{"embeddable":true,"href":"https:\/\/www.urbidermis.com\/de\/wp-json\/wp\/v2\/media\/15516"}],"wp:attachment":[{"href":"https:\/\/www.urbidermis.com\/de\/wp-json\/wp\/v2\/media?parent=8989"}],"wp:term":[{"taxonomy":"product_cat","embeddable":true,"href":"https:\/\/www.urbidermis.com\/de\/wp-json\/wp\/v2\/product_cat?post=8989"},{"taxonomy":"product_tag","embeddable":true,"href":"https:\/\/www.urbidermis.com\/de\/wp-json\/wp\/v2\/product_tag?post=8989"}],"curies":[{"name":"wp","href":"https:\/\/api.w.org\/{rel}","templated":true}]}}