


{"id":9022,"date":"2022-03-01T11:32:43","date_gmt":"2022-03-01T11:32:43","guid":{"rendered":"https:\/\/ubweb21.urbidermis.com\/product\/rambla\/"},"modified":"2026-04-10T12:50:08","modified_gmt":"2026-04-10T10:50:08","slug":"rambla","status":"publish","type":"product","link":"https:\/\/www.urbidermis.com\/de\/stadtmobiliar\/rambla\/","title":{"rendered":"Rambla"},"content":{"rendered":"","protected":false},"excerpt":{"rendered":"<p>Schlichter Abfalleimer mit elliptischem Grundriss, robust und langlebig. Einfach zu installieren und sehr geeignet f\u00fcr kleine R\u00e4ume. Er stellt eine n\u00fctzliche L\u00f6sung dar und bietet Element, die zur Sauberkeit in st\u00e4dtischen R\u00e4umen beitragen.<\/p>\n","protected":false},"featured_media":9007,"template":"","meta":{"_acf_changed":false,"inline_featured_image":false},"product_cat":[225,213],"product_tag":[],"acf":{"activador_seccion_impacto_acvs_secctions_acvs":true,"texto_enlace_amplifyapp":"Rambla_Urban_furniture","codigos_acvs_matching_row-leds":[{"texto_pestana_item_fetch":"Wandabfalleimer 21 L","codigo_item_fetch":"RAP21"},{"texto_pestana_item_fetch":"Abfalleimer 42 L","codigo_item_fetch":"RAP11"},{"texto_pestana_item_fetch":"Abfalleimer 66 L","codigo_item_fetch":"RAP31"},{"texto_pestana_item_fetch":"Abfalleimer 82 L","codigo_item_fetch":"RAP41"},{"texto_pestana_item_fetch":"Abfalleimer mit Deckel 82 L","codigo_item_fetch":"RAP45"}],"activator_acf_option_madera_text":false,"texto_bajo_btn_certificados":"","check_para_validar_no_secc_aplication":false,"is_protocolo_y_control_generic":false,"is_producto_residencial_para_mostrar_info_diferente":false,"is_plano_de_cotas_validator":true,"galeria_multidimension_imagenes_plano_de_cotas_proyector":[{"texto_pestana_plano_galeria":"Deckellos","imagen_plano_de_cotas":"[link_wp_dam_url ids=\"14570\"]"},{"texto_pestana_plano_galeria":"Mit Deckel","imagen_plano_de_cotas":"[link_wp_dam_url ids=\"14569\"]"},{"texto_pestana_plano_galeria":"Wandmontiert","imagen_plano_de_cotas":"[link_wp_dam_url ids=\"14568\"]"}],"premios_producto_repeater":null,"participantes":"","autores":[10700,10235],"ano_creacion_producto":"1993","validacion_producto_descarga":true,"galeria_imagenes_repeater_libro":[{"imagen_item_gal":"[link_wp_dam_url ids=\"13652\"]","activar_video_item_gal":false,"portada_video_item_gal":null,"video_en_horizonal_item_gal":false,"video_item_gal":false},{"imagen_item_gal":"[link_wp_dam_url ids=\"13654\"]","activar_video_item_gal":false,"portada_video_item_gal":null,"video_en_horizonal_item_gal":false,"video_item_gal":false},{"imagen_item_gal":"[link_wp_dam_url ids=\"13653\"]","activar_video_item_gal":false,"portada_video_item_gal":null,"video_en_horizonal_item_gal":false,"video_item_gal":false}],"secciones_producto":[{"acf_fc_layout":"seccion_navtabs_imagen_dinamica","title_group":{"title_tag":"h2","title_txt":"Verschiedene Formate"},"texto_intro_principal":true,"texto_introductorio":"Der Abfalleimer Rambla ist in f\u00fcnf Formaten erh\u00e4ltlich, stehend oder an der Wand montiert, mit oder ohne Deckel, mit mehr oder weniger Fassungsverm\u00f6gen. Er ist so hergestellt, dass er einer intensiven Nutzung und den Anforderungen des Wetters standh\u00e4lt. Optional l\u00e4sst sich ein Aschenbecher integrieren.","ventanas_detalles_producto":[{"title_group_producto_grid_single":{"title_tag":"h2","title_txt":"Materialien"},"imagen_de_fondo_dinamic_single_producto":"","texto_contenido_ventana":true,"contenido_tabs_producto":"<ul>\r\n \t<li>Eimer aus Stahlblech S235 JR, lackiert mit C\u00a7-Korrosionsschutz. Struktur bestehend aus zwei L-Profilen, 40 x 40 mm (42 l) oder 45 x 45 mm (66 l, 82 l), die an eine kreisf\u00f6rmige Platte aus feuerverzinktem Stahl S235 JR geschwei\u00dft sind.<\/li>\r\n \t<li>Optionaler Aschenbecher.<\/li>\r\n \t<li>Er enth\u00e4lt Ringe, um die Befestigung des Beutels zu erleichtern.<\/li>\r\n<\/ul>","acordion":false,"preguntas_y_respuestas":null,"cuadricula_de_colores":false,"componentes_producto":null,"descargables":false,"tipo_datasheet":"simple","datasheet":null,"datasheet_multiple":null,"tipo_instrucciones":"simple","instructions":null,"instructions_multiple":null,"drawings_ce":null,"2d_cad":null,"3d_cad":null,"revit":null,"ldt_photometric_files":null,"ies_photometric_files":null,"validador_detalles_producto":false,"tipo_especificacion":"certificados"},{"title_group_producto_grid_single":{"title_tag":"h2","title_txt":"Ausf\u00fchrungen"},"imagen_de_fondo_dinamic_single_producto":"","texto_contenido_ventana":true,"contenido_tabs_producto":"Die angezeigten Farben dienen nur als Beispiel.\r\nAndere Farben auf Anfrage erh\u00e4ltlich.\r\nAusf\u00fchrungen f\u00fcr K\u00fcstenklima auf Anfrage.","acordion":false,"preguntas_y_respuestas":null,"cuadricula_de_colores":true,"componentes_producto":[{"nombre_componente":"","colores":["pintura_negro_oxiron"]}],"descargables":false,"tipo_datasheet":"simple","datasheet":null,"datasheet_multiple":null,"tipo_instrucciones":"simple","instructions":null,"instructions_multiple":null,"drawings_ce":null,"2d_cad":null,"3d_cad":null,"revit":null,"ldt_photometric_files":null,"ies_photometric_files":null,"validador_detalles_producto":false,"tipo_especificacion":""},{"title_group_producto_grid_single":{"title_tag":"h2","title_txt":"H\u00f6henplan"},"imagen_de_fondo_dinamic_single_producto":"","texto_contenido_ventana":false,"contenido_tabs_producto":"*Die angezeigten Farben dienen nur als Beispiel (andere Farben auf Anfrage erh\u00e4ltlich).\r\n**Ausf\u00fchrungen f\u00fcr K\u00fcstenklima auf Anfrage","acordion":false,"preguntas_y_respuestas":null,"cuadricula_de_colores":false,"componentes_producto":[{"nombre_componente":"","colores":["negro"]}],"descargables":false,"tipo_datasheet":"simple","datasheet":null,"datasheet_multiple":null,"tipo_instrucciones":"simple","instructions":null,"instructions_multiple":null,"drawings_ce":null,"2d_cad":null,"3d_cad":null,"revit":null,"ldt_photometric_files":null,"ies_photometric_files":null,"validador_detalles_producto":false,"tipo_especificacion":""},{"title_group_producto_grid_single":{"title_tag":"h2","title_txt":"Installation"},"imagen_de_fondo_dinamic_single_producto":"","texto_contenido_ventana":true,"contenido_tabs_producto":"<ul>\r\n \t<li>Das Element wird mittels zweier gewellter St\u00e4be verankert, die in zuvor in den Belag eingelassene eingef\u00fchrt werden, die mit Epoxidharz, Schnellzement oder \u00e4hnlichem gef\u00fcllt werden.<\/li>\r\n \t<li>Das Element wird montiert und verpackt geliefert.<\/li>\r\n \t<li>Inklusive Installations- und Montageanleitungen.<\/li>\r\n<\/ul>","acordion":false,"preguntas_y_respuestas":null,"cuadricula_de_colores":false,"componentes_producto":null,"descargables":false,"tipo_datasheet":"simple","datasheet":null,"datasheet_multiple":null,"tipo_instrucciones":"simple","instructions":null,"instructions_multiple":null,"drawings_ce":null,"2d_cad":null,"3d_cad":null,"revit":null,"ldt_photometric_files":null,"ies_photometric_files":null,"validador_detalles_producto":false,"tipo_especificacion":""},{"title_group_producto_grid_single":{"title_tag":"h2","title_txt":"Wartung"},"imagen_de_fondo_dinamic_single_producto":"","texto_contenido_ventana":true,"contenido_tabs_producto":"Au\u00dfer einer regelm\u00e4\u00dfigen Reinigung ist keine Wartung erforderlich.","acordion":false,"preguntas_y_respuestas":null,"cuadricula_de_colores":false,"componentes_producto":null,"descargables":false,"tipo_datasheet":"simple","datasheet":null,"datasheet_multiple":null,"tipo_instrucciones":"simple","instructions":null,"instructions_multiple":null,"drawings_ce":null,"2d_cad":null,"3d_cad":null,"revit":null,"ldt_photometric_files":null,"ies_photometric_files":null,"validador_detalles_producto":false,"tipo_especificacion":""},{"title_group_producto_grid_single":{"title_tag":"h2","title_txt":"Zertifizierungen"},"imagen_de_fondo_dinamic_single_producto":"","texto_contenido_ventana":false,"contenido_tabs_producto":"","acordion":false,"preguntas_y_respuestas":null,"cuadricula_de_colores":false,"componentes_producto":null,"descargables":false,"tipo_datasheet":"simple","datasheet":null,"datasheet_multiple":null,"tipo_instrucciones":"simple","instructions":null,"instructions_multiple":null,"drawings_ce":null,"2d_cad":null,"3d_cad":null,"revit":null,"ldt_photometric_files":null,"ies_photometric_files":null,"validador_detalles_producto":true,"tipo_especificacion":"certificados"}]},{"acf_fc_layout":"seccion_navtabs_imagen_dinamica","title_group":{"title_tag":"h2","title_txt":"Typologie"},"texto_intro_principal":false,"texto_introductorio":"","ventanas_detalles_producto":[{"title_group_producto_grid_single":{"title_tag":"h2","title_txt":"Deckellos"},"imagen_de_fondo_dinamic_single_producto":"[link_wp_dam_url ids=\"13650\"]","texto_contenido_ventana":true,"contenido_tabs_producto":"Bei deckellosen Beh\u00e4ltern stehen Benutzerfreundlichkeit und Wartung im Vordergrund. Diese Beh\u00e4lter, die in den verkehrsreichsten Zonen aufgestellt werden, bieten einen offensichtlichen Zugang, f\u00f6rdern so ihre b\u00fcrgerliche Funktion und tragen dazu bei, die Wahrnehmung von Raumqualit\u00e4t aufrechtzuerhalten.","acordion":true,"preguntas_y_respuestas":[{"pregunta":"Gewicht ","respuesta":"Abfalleimer 42 l: 14,5\r\nAbfalleimer 66 l: 18\r\nAbfalleimer 82 l: 22\r\nAbfalleimer 21 l zur Anbringung an eine Wand: 7\r\n\r\n*Ungef\u00e4hres Gewicht ohne Verpackung (kg)"}],"cuadricula_de_colores":false,"componentes_producto":null,"descargables":false,"tipo_datasheet":"simple","datasheet":null,"datasheet_multiple":null,"tipo_instrucciones":"simple","instructions":null,"instructions_multiple":null,"drawings_ce":null,"2d_cad":null,"3d_cad":null,"revit":null,"ldt_photometric_files":null,"ies_photometric_files":null,"validador_detalles_producto":false,"tipo_especificacion":""},{"title_group_producto_grid_single":{"title_tag":"h2","title_txt":"Mit Deckel"},"imagen_de_fondo_dinamic_single_producto":"[link_wp_dam_url ids=\"13651\"]","texto_contenido_ventana":true,"contenido_tabs_producto":"Beh\u00e4lter mit Deckel sind so konzipiert, dass sie den Inhalt vor Witterungseinfl\u00fcssen sch\u00fctzen und die Art des akzeptierten Abfalls definieren. Ein Element, das notwendigerweise widerstandsf\u00e4hig gegen Gebrauch und widrige Bedingungen ist.","acordion":true,"preguntas_y_respuestas":[{"pregunta":"Gewicht ","respuesta":"Abfalleimer 82 l mit Deckel: 24\r\n\r\n*Ungef\u00e4hres Gewicht ohne Verpackung (kg)"}],"cuadricula_de_colores":false,"componentes_producto":null,"descargables":false,"tipo_datasheet":"simple","datasheet":null,"datasheet_multiple":null,"tipo_instrucciones":"simple","instructions":null,"instructions_multiple":null,"drawings_ce":null,"2d_cad":null,"3d_cad":null,"revit":null,"ldt_photometric_files":null,"ies_photometric_files":null,"validador_detalles_producto":false,"tipo_especificacion":""},{"title_group_producto_grid_single":{"title_tag":"h2","title_txt":"Wandmontiert"},"imagen_de_fondo_dinamic_single_producto":"[link_wp_dam_url ids=\"13649\"]","texto_contenido_ventana":true,"contenido_tabs_producto":"Die wandmontierten Abfallbeh\u00e4lter sind f\u00fcr die Installation in Bereichen konzipiert, in denen es notwendig ist, Hindernisse auf Gehsteigh\u00f6he, in kleinen Verkehrsfl\u00e4chen oder in Zug\u00e4ngen zu vermeiden, in denen Sie den B\u00fcrgern bei der Erhaltung der Sauberkeit helfen m\u00f6chten.","acordion":true,"preguntas_y_respuestas":[{"pregunta":"Gewicht","respuesta":"Abfalleimer 21 l zur Anbringung an eine Wand: 7\r\n\r\n*Ungef\u00e4hres Gewicht ohne Verpackung (kg)"}],"cuadricula_de_colores":false,"componentes_producto":null,"descargables":false,"tipo_datasheet":"simple","datasheet":null,"datasheet_multiple":null,"tipo_instrucciones":"simple","instructions":null,"instructions_multiple":null,"drawings_ce":null,"2d_cad":null,"3d_cad":null,"revit":null,"ldt_photometric_files":null,"ies_photometric_files":null,"validador_detalles_producto":false,"tipo_especificacion":""},{"title_group_producto_grid_single":{"title_tag":"h2","title_txt":"Mit Aschenbecher"},"imagen_de_fondo_dinamic_single_producto":"[link_wp_dam_url ids=\"6624\"]","texto_contenido_ventana":true,"contenido_tabs_producto":"Aschenbecher erg\u00e4nzen die Funktion zum Sammeln von Gegenst\u00e4nden, die nicht in \u00fcblichen Beh\u00e4ltern entsorgt werden k\u00f6nnen.","acordion":true,"preguntas_y_respuestas":[{"pregunta":"Gewicht","respuesta":"Zubeh\u00f6r Aschenbecher: 0,04\r\n\r\n*Ungef\u00e4hres Gewicht ohne Verpackung (kg)"}],"cuadricula_de_colores":false,"componentes_producto":null,"descargables":false,"tipo_datasheet":"simple","datasheet":null,"datasheet_multiple":null,"tipo_instrucciones":"simple","instructions":null,"instructions_multiple":null,"drawings_ce":null,"2d_cad":null,"3d_cad":null,"revit":null,"ldt_photometric_files":null,"ies_photometric_files":null,"validador_detalles_producto":false,"tipo_especificacion":""}]},{"acf_fc_layout":"seccion_navtabs_imagen_dinamica","title_group":{"title_tag":"h2","title_txt":"Downloads"},"texto_intro_principal":false,"texto_introductorio":"","ventanas_detalles_producto":[{"title_group_producto_grid_single":{"title_tag":"h2","title_txt":""},"imagen_de_fondo_dinamic_single_producto":"","texto_contenido_ventana":false,"contenido_tabs_producto":"","acordion":false,"preguntas_y_respuestas":null,"cuadricula_de_colores":false,"componentes_producto":null,"descargables":true,"tipo_datasheet":"simple","datasheet":13230,"datasheet_multiple":null,"tipo_instrucciones":"simple","instructions":13246,"instructions_multiple":null,"drawings_ce":14725,"2d_cad":14745,"3d_cad":13242,"revit":13802,"ldt_photometric_files":"","ies_photometric_files":"","validador_detalles_producto":false,"tipo_especificacion":""}]},{"acf_fc_layout":"seccion_consulta_nuestros_expertos","imagen_de_fondo_single_producto":"[link_wp_dam_url ids=\"13648\" size=\"x2400\"]","imagen_de_fondo_single_producto_mobile":""},{"acf_fc_layout":"seccion_imagen_de_fondo_con_sub_menu","titulo_group_list_contet_proyectos":{"title_tag":"h3","title_txt":"Rambla in der Stadt"},"ancla_copy2":"","proyectos_relacionados":[{"project":5586,"project_img":"[link_wp_dam_url ids=\"13657\"]"},{"project":6976,"project_img":"[link_wp_dam_url ids=\"13658\"]"},{"project":6237,"project_img":"[link_wp_dam_url ids=\"6629\"]"},{"project":8298,"project_img":"[link_wp_dam_url ids=\"6630\"]"},{"project":7675,"project_img":"[link_wp_dam_url ids=\"6626\"]"},{"project":4192,"project_img":"[link_wp_dam_url ids=\"6627\"]"}]}],"dist_simetrica":"","dist_asimetrica":"","dist_indirecta":"","dist_suelo":"","control":"","certificados":["ce"],"nombre_arbol_entre_comillas":"","nombre_solo_plantas_field":"","isbn_campo_texto":"","autor_book_publicacion_producto":"","idioma_campo_texto":"","enquadernacion_campo_texto":"","_numero_de_paginas_campo_texto":"","pdf_asociado_producto":"","resumen_libro":"","text_content_family_basic_information":"","text_content_family_basic_number_width":"","text_content_family_basic_number_height":"","text_content_planting_density":"","flowers_option_colours":"","flowers_option_season":"","properties_option_pruning":"","properties_option_watering":"","properties_option_sun_exposure":"","properties_option_minimum_temp":"","properties_option_soil_type":"","properties_option_fire":"","properties_option_heat":"","properties_option_moisture":"","properties_option_dryness":"","properties_option_coastal_area":"","texto_introduccion_landing_custom":"","enlace_descubre_mas_custom":"","selecciona_tipo_de_imagen_custom":"","imagen_vertical_custom":"","imagen_horizontal_custom":"","opciones_de_texto_1":true,"opciones_de_texto_2":"acabado_standar","opciones_de_texto_3":""},"yoast_head":"<!-- This site is optimized with the Yoast SEO plugin v22.8 - https:\/\/yoast.com\/wordpress\/plugins\/seo\/ -->\n<title>Rambla - Urbidermis<\/title>\n<meta name=\"robots\" content=\"index, follow, max-snippet:-1, max-image-preview:large, max-video-preview:-1\" \/>\n<link rel=\"canonical\" href=\"https:\/\/www.urbidermis.com\/de\/stadtmobiliar\/rambla\/\" \/>\n<meta property=\"og:locale\" content=\"de_DE\" \/>\n<meta property=\"og:type\" content=\"article\" \/>\n<meta property=\"og:title\" content=\"Rambla - Urbidermis\" \/>\n<meta property=\"og:description\" content=\"Schlichter Abfalleimer mit elliptischem Grundriss, robust und langlebig. Einfach zu installieren und sehr geeignet f\u00fcr kleine R\u00e4ume. Er stellt eine n\u00fctzliche L\u00f6sung dar und bietet Element, die zur Sauberkeit in st\u00e4dtischen R\u00e4umen beitragen.\" \/>\n<meta property=\"og:url\" content=\"https:\/\/www.urbidermis.com\/de\/stadtmobiliar\/rambla\/\" \/>\n<meta property=\"og:site_name\" content=\"Urbidermis\" \/>\n<meta property=\"article:modified_time\" content=\"2026-04-10T10:50:08+00:00\" \/>\n<meta property=\"og:image\" content=\"https:\/\/www.urbidermis.com\/wp-content\/uploads\/20141003_RAP_01-copia.jpg\" \/>\n\t<meta property=\"og:image:width\" content=\"771\" \/>\n\t<meta property=\"og:image:height\" content=\"1080\" \/>\n\t<meta property=\"og:image:type\" content=\"image\/jpeg\" \/>\n<meta name=\"twitter:card\" content=\"summary_large_image\" \/>\n<script type=\"application\/ld+json\" class=\"yoast-schema-graph\">{\"@context\":\"https:\/\/schema.org\",\"@graph\":[{\"@type\":\"WebPage\",\"@id\":\"https:\/\/www.urbidermis.com\/de\/stadtmobiliar\/rambla\/\",\"url\":\"https:\/\/www.urbidermis.com\/de\/stadtmobiliar\/rambla\/\",\"name\":\"Rambla - Urbidermis\",\"isPartOf\":{\"@id\":\"https:\/\/www.urbidermis.com\/de\/#website\"},\"primaryImageOfPage\":{\"@id\":\"https:\/\/www.urbidermis.com\/de\/stadtmobiliar\/rambla\/#primaryimage\"},\"image\":{\"@id\":\"https:\/\/www.urbidermis.com\/de\/stadtmobiliar\/rambla\/#primaryimage\"},\"thumbnailUrl\":\"https:\/\/www.urbidermis.com\/wp-content\/uploads\/20141003_RAP_01-copia.jpg\",\"datePublished\":\"2022-03-01T11:32:43+00:00\",\"dateModified\":\"2026-04-10T10:50:08+00:00\",\"breadcrumb\":{\"@id\":\"https:\/\/www.urbidermis.com\/de\/stadtmobiliar\/rambla\/#breadcrumb\"},\"inLanguage\":\"de-DE\",\"potentialAction\":[{\"@type\":\"ReadAction\",\"target\":[\"https:\/\/www.urbidermis.com\/de\/stadtmobiliar\/rambla\/\"]}]},{\"@type\":\"ImageObject\",\"inLanguage\":\"de-DE\",\"@id\":\"https:\/\/www.urbidermis.com\/de\/stadtmobiliar\/rambla\/#primaryimage\",\"url\":\"https:\/\/www.urbidermis.com\/wp-content\/uploads\/20141003_RAP_01-copia.jpg\",\"contentUrl\":\"https:\/\/www.urbidermis.com\/wp-content\/uploads\/20141003_RAP_01-copia.jpg\",\"width\":771,\"height\":1080},{\"@type\":\"BreadcrumbList\",\"@id\":\"https:\/\/www.urbidermis.com\/de\/stadtmobiliar\/rambla\/#breadcrumb\",\"itemListElement\":[{\"@type\":\"ListItem\",\"position\":1,\"name\":\"Home\",\"item\":\"https:\/\/www.urbidermis.com\/de\/\"},{\"@type\":\"ListItem\",\"position\":2,\"name\":\"Produkte\",\"item\":\"https:\/\/www.urbidermis.com\/de\/produkte\/\"},{\"@type\":\"ListItem\",\"position\":3,\"name\":\"Rambla\"}]},{\"@type\":\"WebSite\",\"@id\":\"https:\/\/www.urbidermis.com\/de\/#website\",\"url\":\"https:\/\/www.urbidermis.com\/de\/\",\"name\":\"Urbidermis\",\"description\":\"Especialistas en la ciudad\",\"publisher\":{\"@id\":\"https:\/\/www.urbidermis.com\/de\/#organization\"},\"potentialAction\":[{\"@type\":\"SearchAction\",\"target\":{\"@type\":\"EntryPoint\",\"urlTemplate\":\"https:\/\/www.urbidermis.com\/de\/?s={search_term_string}\"},\"query-input\":\"required name=search_term_string\"}],\"inLanguage\":\"de-DE\"},{\"@type\":\"Organization\",\"@id\":\"https:\/\/www.urbidermis.com\/de\/#organization\",\"name\":\"Urbidermis\",\"url\":\"https:\/\/www.urbidermis.com\/de\/\",\"logo\":{\"@type\":\"ImageObject\",\"inLanguage\":\"de-DE\",\"@id\":\"https:\/\/www.urbidermis.com\/de\/#\/schema\/logo\/image\/\",\"url\":\"https:\/\/www.urbidermis.com\/wp-content\/uploads\/logo_urbdermis-1.png\",\"contentUrl\":\"https:\/\/www.urbidermis.com\/wp-content\/uploads\/logo_urbdermis-1.png\",\"width\":601,\"height\":1033,\"caption\":\"Urbidermis\"},\"image\":{\"@id\":\"https:\/\/www.urbidermis.com\/de\/#\/schema\/logo\/image\/\"}}]}<\/script>\n<!-- \/ Yoast SEO plugin. -->","yoast_head_json":{"title":"Rambla - Urbidermis","robots":{"index":"index","follow":"follow","max-snippet":"max-snippet:-1","max-image-preview":"max-image-preview:large","max-video-preview":"max-video-preview:-1"},"canonical":"https:\/\/www.urbidermis.com\/de\/stadtmobiliar\/rambla\/","og_locale":"de_DE","og_type":"article","og_title":"Rambla - Urbidermis","og_description":"Schlichter Abfalleimer mit elliptischem Grundriss, robust und langlebig. Einfach zu installieren und sehr geeignet f\u00fcr kleine R\u00e4ume. Er stellt eine n\u00fctzliche L\u00f6sung dar und bietet Element, die zur Sauberkeit in st\u00e4dtischen R\u00e4umen beitragen.","og_url":"https:\/\/www.urbidermis.com\/de\/stadtmobiliar\/rambla\/","og_site_name":"Urbidermis","article_modified_time":"2026-04-10T10:50:08+00:00","og_image":[{"width":771,"height":1080,"url":"https:\/\/www.urbidermis.com\/wp-content\/uploads\/20141003_RAP_01-copia.jpg","type":"image\/jpeg"}],"twitter_card":"summary_large_image","schema":{"@context":"https:\/\/schema.org","@graph":[{"@type":"WebPage","@id":"https:\/\/www.urbidermis.com\/de\/stadtmobiliar\/rambla\/","url":"https:\/\/www.urbidermis.com\/de\/stadtmobiliar\/rambla\/","name":"Rambla - Urbidermis","isPartOf":{"@id":"https:\/\/www.urbidermis.com\/de\/#website"},"primaryImageOfPage":{"@id":"https:\/\/www.urbidermis.com\/de\/stadtmobiliar\/rambla\/#primaryimage"},"image":{"@id":"https:\/\/www.urbidermis.com\/de\/stadtmobiliar\/rambla\/#primaryimage"},"thumbnailUrl":"https:\/\/www.urbidermis.com\/wp-content\/uploads\/20141003_RAP_01-copia.jpg","datePublished":"2022-03-01T11:32:43+00:00","dateModified":"2026-04-10T10:50:08+00:00","breadcrumb":{"@id":"https:\/\/www.urbidermis.com\/de\/stadtmobiliar\/rambla\/#breadcrumb"},"inLanguage":"de-DE","potentialAction":[{"@type":"ReadAction","target":["https:\/\/www.urbidermis.com\/de\/stadtmobiliar\/rambla\/"]}]},{"@type":"ImageObject","inLanguage":"de-DE","@id":"https:\/\/www.urbidermis.com\/de\/stadtmobiliar\/rambla\/#primaryimage","url":"https:\/\/www.urbidermis.com\/wp-content\/uploads\/20141003_RAP_01-copia.jpg","contentUrl":"https:\/\/www.urbidermis.com\/wp-content\/uploads\/20141003_RAP_01-copia.jpg","width":771,"height":1080},{"@type":"BreadcrumbList","@id":"https:\/\/www.urbidermis.com\/de\/stadtmobiliar\/rambla\/#breadcrumb","itemListElement":[{"@type":"ListItem","position":1,"name":"Home","item":"https:\/\/www.urbidermis.com\/de\/"},{"@type":"ListItem","position":2,"name":"Produkte","item":"https:\/\/www.urbidermis.com\/de\/produkte\/"},{"@type":"ListItem","position":3,"name":"Rambla"}]},{"@type":"WebSite","@id":"https:\/\/www.urbidermis.com\/de\/#website","url":"https:\/\/www.urbidermis.com\/de\/","name":"Urbidermis","description":"Especialistas en la ciudad","publisher":{"@id":"https:\/\/www.urbidermis.com\/de\/#organization"},"potentialAction":[{"@type":"SearchAction","target":{"@type":"EntryPoint","urlTemplate":"https:\/\/www.urbidermis.com\/de\/?s={search_term_string}"},"query-input":"required name=search_term_string"}],"inLanguage":"de-DE"},{"@type":"Organization","@id":"https:\/\/www.urbidermis.com\/de\/#organization","name":"Urbidermis","url":"https:\/\/www.urbidermis.com\/de\/","logo":{"@type":"ImageObject","inLanguage":"de-DE","@id":"https:\/\/www.urbidermis.com\/de\/#\/schema\/logo\/image\/","url":"https:\/\/www.urbidermis.com\/wp-content\/uploads\/logo_urbdermis-1.png","contentUrl":"https:\/\/www.urbidermis.com\/wp-content\/uploads\/logo_urbdermis-1.png","width":601,"height":1033,"caption":"Urbidermis"},"image":{"@id":"https:\/\/www.urbidermis.com\/de\/#\/schema\/logo\/image\/"}}]}},"_links":{"self":[{"href":"https:\/\/www.urbidermis.com\/de\/wp-json\/wp\/v2\/product\/9022"}],"collection":[{"href":"https:\/\/www.urbidermis.com\/de\/wp-json\/wp\/v2\/product"}],"about":[{"href":"https:\/\/www.urbidermis.com\/de\/wp-json\/wp\/v2\/types\/product"}],"acf:post":[{"embeddable":true,"href":"https:\/\/www.urbidermis.com\/de\/wp-json\/wp\/v2\/autores\/10235"},{"embeddable":true,"href":"https:\/\/www.urbidermis.com\/de\/wp-json\/wp\/v2\/autores\/10700"}],"wp:featuredmedia":[{"embeddable":true,"href":"https:\/\/www.urbidermis.com\/de\/wp-json\/wp\/v2\/media\/9007"}],"wp:attachment":[{"href":"https:\/\/www.urbidermis.com\/de\/wp-json\/wp\/v2\/media?parent=9022"}],"wp:term":[{"taxonomy":"product_cat","embeddable":true,"href":"https:\/\/www.urbidermis.com\/de\/wp-json\/wp\/v2\/product_cat?post=9022"},{"taxonomy":"product_tag","embeddable":true,"href":"https:\/\/www.urbidermis.com\/de\/wp-json\/wp\/v2\/product_tag?post=9022"}],"curies":[{"name":"wp","href":"https:\/\/api.w.org\/{rel}","templated":true}]}}