


{"id":10591,"date":"2022-06-20T11:33:54","date_gmt":"2022-06-20T11:33:54","guid":{"rendered":"https:\/\/ubweb21.urbidermis.com\/sin%20categor\u00eda\/westringea-fructicosa\/"},"modified":"2024-09-09T09:07:08","modified_gmt":"2024-09-09T07:07:08","slug":"westringea-fructicosa","status":"publish","type":"product","link":"https:\/\/www.urbidermis.com\/es\/vivero-belloch-forestal\/westringea-fructicosa\/","title":{"rendered":"Westringea fructicosa"},"content":{"rendered":"","protected":false},"excerpt":{"rendered":"<p>La u\u0301nica <em>Westringea<\/em> de porte rastrero sin necesidad de poda. Planta robusta y de abundante floraci\u00f3n en primavera con masas de flores blancas de gran tama\u00f1o. La <em>Westringea<\/em> Mundi es ideal para plantaciones dif\u00edciles en l\u00edmites, vegetado de taludes o plantaciones en masa para cubrir grandes superficies.<\/p>\n","protected":false},"featured_media":10383,"template":"","meta":{"_acf_changed":false,"inline_featured_image":false},"product_cat":[203,74],"product_tag":[],"acf":{"activador_seccion_impacto_acvs_secctions_acvs":false,"texto_enlace_amplifyapp":"","codigos_acvs_matching_row-leds":null,"activator_acf_option_madera_text":false,"texto_bajo_btn_certificados":"","check_para_validar_no_secc_aplication":false,"is_protocolo_y_control_generic":false,"is_producto_residencial_para_mostrar_info_diferente":false,"is_plano_de_cotas_validator":false,"galeria_multidimension_imagenes_plano_de_cotas_proyector":null,"premios_producto_repeater":null,"participantes":"","autores":"","ano_creacion_producto":"","validacion_producto_descarga":false,"galeria_imagenes_repeater_libro":[{"imagen_item_gal":"[link_wp_dam_url ids=\"14467\"]","activar_video_item_gal":false,"portada_video_item_gal":null,"video_en_horizonal_item_gal":false,"video_item_gal":false},{"imagen_item_gal":"[link_wp_dam_url ids=\"14468\"]","activar_video_item_gal":false,"portada_video_item_gal":null,"video_en_horizonal_item_gal":false,"video_item_gal":false},{"imagen_item_gal":"[link_wp_dam_url ids=\"14469\"]","activar_video_item_gal":false,"portada_video_item_gal":null,"video_en_horizonal_item_gal":false,"video_item_gal":false}],"secciones_producto":[{"acf_fc_layout":"activar_esta_seccion_solo_plantas"},{"acf_fc_layout":"seccion_consulta_nuestros_expertos","imagen_de_fondo_single_producto":"[link_wp_dam_url ids=\"14466\"]","imagen_de_fondo_single_producto_mobile":"[link_wp_dam_url ids=\"14466\"]"},{"acf_fc_layout":"seccion_navtabs_imagen_dinamica_copia_estatica"}],"dist_simetrica":"","dist_asimetrica":"","dist_indirecta":"","dist_suelo":"","control":"","certificados":"","nombre_arbol_entre_comillas":"\"Mundi\"","nombre_solo_plantas_field":"Mundi","isbn_campo_texto":"","autor_book_publicacion_producto":"","idioma_campo_texto":"","enquadernacion_campo_texto":"","_numero_de_paginas_campo_texto":"","pdf_asociado_producto":"","resumen_libro":"","text_content_family_basic_information":"Lamiaceae","text_content_family_basic_number_width":"150","text_content_family_basic_number_height":"50","text_content_planting_density":"1-3","flowers_option_colours":["white"],"flowers_option_season":["spring"],"properties_option_pruning":["between_3_4"],"properties_option_watering":["for_first_8_13"],"properties_option_sun_exposure":["direct_sun_moderate"],"properties_option_minimum_temp":-3,"properties_option_soil_type":["sandy_to_clay_soil_that_is_well_drained"],"properties_option_fire":["0"],"properties_option_heat":["can_withstand"],"properties_option_moisture":["0"],"properties_option_dryness":["can_withstand"],"properties_option_coastal_area":["can_withstand"],"texto_introduccion_landing_custom":"","enlace_descubre_mas_custom":null,"selecciona_tipo_de_imagen_custom":[],"imagen_vertical_custom":"","imagen_horizontal_custom":"","opciones_de_texto_1":true,"opciones_de_texto_2":"","opciones_de_texto_3":[]},"yoast_head":"<!-- This site is optimized with the Yoast SEO plugin v22.8 - https:\/\/yoast.com\/wordpress\/plugins\/seo\/ -->\n<title>Westringea fructicosa - Urbidermis<\/title>\n<meta name=\"robots\" content=\"index, follow, max-snippet:-1, max-image-preview:large, max-video-preview:-1\" \/>\n<link rel=\"canonical\" href=\"https:\/\/www.urbidermis.com\/es\/vivero-belloch-forestal\/westringea-fructicosa\/\" \/>\n<meta property=\"og:locale\" content=\"es_ES\" \/>\n<meta property=\"og:type\" content=\"article\" \/>\n<meta property=\"og:title\" content=\"Westringea fructicosa - Urbidermis\" \/>\n<meta property=\"og:description\" content=\"La u\u0301nica Westringea de porte rastrero sin necesidad de poda. Planta robusta y de abundante floraci\u00f3n en primavera con masas de flores blancas de gran tama\u00f1o. La Westringea Mundi es ideal para plantaciones dif\u00edciles en l\u00edmites, vegetado de taludes o plantaciones en masa para cubrir grandes superficies.\" \/>\n<meta property=\"og:url\" content=\"https:\/\/www.urbidermis.com\/es\/vivero-belloch-forestal\/westringea-fructicosa\/\" \/>\n<meta property=\"og:site_name\" content=\"Urbidermis\" \/>\n<meta property=\"article:modified_time\" content=\"2024-09-09T07:07:08+00:00\" \/>\n<meta property=\"og:image\" content=\"https:\/\/www.urbidermis.com\/wp-content\/uploads\/20220620_SGWFM_Plantinova_02.jpg\" \/>\n\t<meta property=\"og:image:width\" content=\"929\" \/>\n\t<meta property=\"og:image:height\" content=\"1300\" \/>\n\t<meta property=\"og:image:type\" content=\"image\/jpeg\" \/>\n<meta name=\"twitter:card\" content=\"summary_large_image\" \/>\n<script type=\"application\/ld+json\" class=\"yoast-schema-graph\">{\"@context\":\"https:\/\/schema.org\",\"@graph\":[{\"@type\":\"WebPage\",\"@id\":\"https:\/\/www.urbidermis.com\/es\/vivero-belloch-forestal\/westringea-fructicosa\/\",\"url\":\"https:\/\/www.urbidermis.com\/es\/vivero-belloch-forestal\/westringea-fructicosa\/\",\"name\":\"Westringea fructicosa - Urbidermis\",\"isPartOf\":{\"@id\":\"https:\/\/www.urbidermis.com\/es\/#website\"},\"primaryImageOfPage\":{\"@id\":\"https:\/\/www.urbidermis.com\/es\/vivero-belloch-forestal\/westringea-fructicosa\/#primaryimage\"},\"image\":{\"@id\":\"https:\/\/www.urbidermis.com\/es\/vivero-belloch-forestal\/westringea-fructicosa\/#primaryimage\"},\"thumbnailUrl\":\"https:\/\/www.urbidermis.com\/wp-content\/uploads\/20220620_SGWFM_Plantinova_02.jpg\",\"datePublished\":\"2022-06-20T11:33:54+00:00\",\"dateModified\":\"2024-09-09T07:07:08+00:00\",\"breadcrumb\":{\"@id\":\"https:\/\/www.urbidermis.com\/es\/vivero-belloch-forestal\/westringea-fructicosa\/#breadcrumb\"},\"inLanguage\":\"es\",\"potentialAction\":[{\"@type\":\"ReadAction\",\"target\":[\"https:\/\/www.urbidermis.com\/es\/vivero-belloch-forestal\/westringea-fructicosa\/\"]}]},{\"@type\":\"ImageObject\",\"inLanguage\":\"es\",\"@id\":\"https:\/\/www.urbidermis.com\/es\/vivero-belloch-forestal\/westringea-fructicosa\/#primaryimage\",\"url\":\"https:\/\/www.urbidermis.com\/wp-content\/uploads\/20220620_SGWFM_Plantinova_02.jpg\",\"contentUrl\":\"https:\/\/www.urbidermis.com\/wp-content\/uploads\/20220620_SGWFM_Plantinova_02.jpg\",\"width\":929,\"height\":1300},{\"@type\":\"BreadcrumbList\",\"@id\":\"https:\/\/www.urbidermis.com\/es\/vivero-belloch-forestal\/westringea-fructicosa\/#breadcrumb\",\"itemListElement\":[{\"@type\":\"ListItem\",\"position\":1,\"name\":\"Home\",\"item\":\"https:\/\/www.urbidermis.com\/es\/\"},{\"@type\":\"ListItem\",\"position\":2,\"name\":\"Productos\",\"item\":\"https:\/\/www.urbidermis.com\/es\/productos\/\"},{\"@type\":\"ListItem\",\"position\":3,\"name\":\"Westringea fructicosa\"}]},{\"@type\":\"WebSite\",\"@id\":\"https:\/\/www.urbidermis.com\/es\/#website\",\"url\":\"https:\/\/www.urbidermis.com\/es\/\",\"name\":\"Urbidermis\",\"description\":\"Expertos en la ciudad\",\"publisher\":{\"@id\":\"https:\/\/www.urbidermis.com\/es\/#organization\"},\"potentialAction\":[{\"@type\":\"SearchAction\",\"target\":{\"@type\":\"EntryPoint\",\"urlTemplate\":\"https:\/\/www.urbidermis.com\/es\/?s={search_term_string}\"},\"query-input\":\"required name=search_term_string\"}],\"inLanguage\":\"es\"},{\"@type\":\"Organization\",\"@id\":\"https:\/\/www.urbidermis.com\/es\/#organization\",\"name\":\"Urbidermis\",\"url\":\"https:\/\/www.urbidermis.com\/es\/\",\"logo\":{\"@type\":\"ImageObject\",\"inLanguage\":\"es\",\"@id\":\"https:\/\/www.urbidermis.com\/es\/#\/schema\/logo\/image\/\",\"url\":\"https:\/\/www.urbidermis.com\/wp-content\/uploads\/logo_urbdermis-1.png\",\"contentUrl\":\"https:\/\/www.urbidermis.com\/wp-content\/uploads\/logo_urbdermis-1.png\",\"width\":601,\"height\":1033,\"caption\":\"Urbidermis\"},\"image\":{\"@id\":\"https:\/\/www.urbidermis.com\/es\/#\/schema\/logo\/image\/\"}}]}<\/script>\n<!-- \/ Yoast SEO plugin. -->","yoast_head_json":{"title":"Westringea fructicosa - Urbidermis","robots":{"index":"index","follow":"follow","max-snippet":"max-snippet:-1","max-image-preview":"max-image-preview:large","max-video-preview":"max-video-preview:-1"},"canonical":"https:\/\/www.urbidermis.com\/es\/vivero-belloch-forestal\/westringea-fructicosa\/","og_locale":"es_ES","og_type":"article","og_title":"Westringea fructicosa - Urbidermis","og_description":"La u\u0301nica Westringea de porte rastrero sin necesidad de poda. Planta robusta y de abundante floraci\u00f3n en primavera con masas de flores blancas de gran tama\u00f1o. La Westringea Mundi es ideal para plantaciones dif\u00edciles en l\u00edmites, vegetado de taludes o plantaciones en masa para cubrir grandes superficies.","og_url":"https:\/\/www.urbidermis.com\/es\/vivero-belloch-forestal\/westringea-fructicosa\/","og_site_name":"Urbidermis","article_modified_time":"2024-09-09T07:07:08+00:00","og_image":[{"width":929,"height":1300,"url":"https:\/\/www.urbidermis.com\/wp-content\/uploads\/20220620_SGWFM_Plantinova_02.jpg","type":"image\/jpeg"}],"twitter_card":"summary_large_image","schema":{"@context":"https:\/\/schema.org","@graph":[{"@type":"WebPage","@id":"https:\/\/www.urbidermis.com\/es\/vivero-belloch-forestal\/westringea-fructicosa\/","url":"https:\/\/www.urbidermis.com\/es\/vivero-belloch-forestal\/westringea-fructicosa\/","name":"Westringea fructicosa - Urbidermis","isPartOf":{"@id":"https:\/\/www.urbidermis.com\/es\/#website"},"primaryImageOfPage":{"@id":"https:\/\/www.urbidermis.com\/es\/vivero-belloch-forestal\/westringea-fructicosa\/#primaryimage"},"image":{"@id":"https:\/\/www.urbidermis.com\/es\/vivero-belloch-forestal\/westringea-fructicosa\/#primaryimage"},"thumbnailUrl":"https:\/\/www.urbidermis.com\/wp-content\/uploads\/20220620_SGWFM_Plantinova_02.jpg","datePublished":"2022-06-20T11:33:54+00:00","dateModified":"2024-09-09T07:07:08+00:00","breadcrumb":{"@id":"https:\/\/www.urbidermis.com\/es\/vivero-belloch-forestal\/westringea-fructicosa\/#breadcrumb"},"inLanguage":"es","potentialAction":[{"@type":"ReadAction","target":["https:\/\/www.urbidermis.com\/es\/vivero-belloch-forestal\/westringea-fructicosa\/"]}]},{"@type":"ImageObject","inLanguage":"es","@id":"https:\/\/www.urbidermis.com\/es\/vivero-belloch-forestal\/westringea-fructicosa\/#primaryimage","url":"https:\/\/www.urbidermis.com\/wp-content\/uploads\/20220620_SGWFM_Plantinova_02.jpg","contentUrl":"https:\/\/www.urbidermis.com\/wp-content\/uploads\/20220620_SGWFM_Plantinova_02.jpg","width":929,"height":1300},{"@type":"BreadcrumbList","@id":"https:\/\/www.urbidermis.com\/es\/vivero-belloch-forestal\/westringea-fructicosa\/#breadcrumb","itemListElement":[{"@type":"ListItem","position":1,"name":"Home","item":"https:\/\/www.urbidermis.com\/es\/"},{"@type":"ListItem","position":2,"name":"Productos","item":"https:\/\/www.urbidermis.com\/es\/productos\/"},{"@type":"ListItem","position":3,"name":"Westringea fructicosa"}]},{"@type":"WebSite","@id":"https:\/\/www.urbidermis.com\/es\/#website","url":"https:\/\/www.urbidermis.com\/es\/","name":"Urbidermis","description":"Expertos en la ciudad","publisher":{"@id":"https:\/\/www.urbidermis.com\/es\/#organization"},"potentialAction":[{"@type":"SearchAction","target":{"@type":"EntryPoint","urlTemplate":"https:\/\/www.urbidermis.com\/es\/?s={search_term_string}"},"query-input":"required name=search_term_string"}],"inLanguage":"es"},{"@type":"Organization","@id":"https:\/\/www.urbidermis.com\/es\/#organization","name":"Urbidermis","url":"https:\/\/www.urbidermis.com\/es\/","logo":{"@type":"ImageObject","inLanguage":"es","@id":"https:\/\/www.urbidermis.com\/es\/#\/schema\/logo\/image\/","url":"https:\/\/www.urbidermis.com\/wp-content\/uploads\/logo_urbdermis-1.png","contentUrl":"https:\/\/www.urbidermis.com\/wp-content\/uploads\/logo_urbdermis-1.png","width":601,"height":1033,"caption":"Urbidermis"},"image":{"@id":"https:\/\/www.urbidermis.com\/es\/#\/schema\/logo\/image\/"}}]}},"_links":{"self":[{"href":"https:\/\/www.urbidermis.com\/es\/wp-json\/wp\/v2\/product\/10591"}],"collection":[{"href":"https:\/\/www.urbidermis.com\/es\/wp-json\/wp\/v2\/product"}],"about":[{"href":"https:\/\/www.urbidermis.com\/es\/wp-json\/wp\/v2\/types\/product"}],"wp:featuredmedia":[{"embeddable":true,"href":"https:\/\/www.urbidermis.com\/es\/wp-json\/wp\/v2\/media\/10383"}],"wp:attachment":[{"href":"https:\/\/www.urbidermis.com\/es\/wp-json\/wp\/v2\/media?parent=10591"}],"wp:term":[{"taxonomy":"product_cat","embeddable":true,"href":"https:\/\/www.urbidermis.com\/es\/wp-json\/wp\/v2\/product_cat?post=10591"},{"taxonomy":"product_tag","embeddable":true,"href":"https:\/\/www.urbidermis.com\/es\/wp-json\/wp\/v2\/product_tag?post=10591"}],"curies":[{"name":"wp","href":"https:\/\/api.w.org\/{rel}","templated":true}]}}