


{"id":11036,"date":"2022-03-15T15:57:53","date_gmt":"2022-03-15T15:57:53","guid":{"rendered":"https:\/\/ubweb21.urbidermis.com\/sin%20categor\u00eda\/arquitectura-de-los-arboles\/"},"modified":"2024-07-11T11:25:31","modified_gmt":"2024-07-11T09:25:31","slug":"la-arquitectura-de-los-arboles","status":"publish","type":"product","link":"https:\/\/www.urbidermis.com\/es\/libro\/la-arquitectura-de-los-arboles\/","title":{"rendered":"La arquitectura de los \u00e1rboles"},"content":{"rendered":"","protected":false},"excerpt":{"rendered":"","protected":false},"featured_media":24349,"template":"","meta":{"_acf_changed":false,"inline_featured_image":false},"product_cat":[1406],"product_tag":[],"acf":{"activador_seccion_impacto_acvs_secctions_acvs":false,"texto_enlace_amplifyapp":"","codigos_acvs_matching_row-leds":null,"activator_acf_option_madera_text":false,"texto_bajo_btn_certificados":"","check_para_validar_no_secc_aplication":false,"is_protocolo_y_control_generic":false,"is_producto_residencial_para_mostrar_info_diferente":false,"is_plano_de_cotas_validator":false,"galeria_multidimension_imagenes_plano_de_cotas_proyector":null,"premios_producto_repeater":null,"participantes":"","autores":"","ano_creacion_producto":"2022","validacion_producto_descarga":false,"galeria_imagenes_repeater_libro":[{"imagen_item_gal":"[link_wp_dam_url ids=\"14634\"]","activar_video_item_gal":false,"portada_video_item_gal":null,"video_en_horizonal_item_gal":false,"video_item_gal":false},{"imagen_item_gal":"[link_wp_dam_url ids=\"14635\"]","activar_video_item_gal":false,"portada_video_item_gal":null,"video_en_horizonal_item_gal":false,"video_item_gal":false},{"imagen_item_gal":"[link_wp_dam_url ids=\"14633\"]","activar_video_item_gal":false,"portada_video_item_gal":null,"video_en_horizonal_item_gal":false,"video_item_gal":false},{"imagen_item_gal":"[link_wp_dam_url ids=\"14636\"]","activar_video_item_gal":false,"portada_video_item_gal":null,"video_en_horizonal_item_gal":false,"video_item_gal":false},{"imagen_item_gal":"[link_wp_dam_url ids=\"14637\"]","activar_video_item_gal":false,"portada_video_item_gal":null,"video_en_horizonal_item_gal":false,"video_item_gal":false}],"secciones_producto":null,"dist_simetrica":"","dist_asimetrica":"","dist_indirecta":"","dist_suelo":"","control":"","certificados":"","nombre_arbol_entre_comillas":"","nombre_solo_plantas_field":"","isbn_campo_texto":"978-84-941113-3-4","autor_book_publicacion_producto":"Franca Stagi, Cesare Leonardi","idioma_campo_texto":"Espa\u00f1ol","enquadernacion_campo_texto":"Carton\u00e9, 38.5 cm x 26 cm \/ 15.16\u2033 x 10.24\u2033","_numero_de_paginas_campo_texto":"424 pp","pdf_asociado_producto":"","resumen_libro":"La arquitectura de los \u00e1rboles es una obra maestra de la bot\u00e1nica. Presenta m\u00e1s de 550 ilustraciones a plumilla de 212 especies de \u00e1rboles, con y sin follaje, a escala 1:100. Adem\u00e1s, presenta el estudio de sombras y colores que aportan otra perspectiva a cada una de las especies. Este estudio hist\u00f3rico, ahora en espa\u00f1ol, es una referencia para arquitectos, dise\u00f1adores, bot\u00e1nicos y todas aquellas personas fascinadas por la naturaleza y los \u00e1rboles.\r\n\r\nA cargo de Andrea Cavani y Giulio Orsini, fundadores del Archivo Arquitect\u00f3nico Cesare Leonardi, este libro ilustra el nacimiento, desarrollo y avances en la investigaci\u00f3n sobre los \u00e1rboles de Cesare Leonardi y Franca Stagi.","text_content_family_basic_information":"","text_content_family_basic_number_width":"","text_content_family_basic_number_height":"","text_content_planting_density":"","flowers_option_colours":[],"flowers_option_season":[],"properties_option_pruning":[],"properties_option_watering":[],"properties_option_sun_exposure":[],"properties_option_minimum_temp":"","properties_option_soil_type":[],"properties_option_fire":[],"properties_option_heat":[],"properties_option_moisture":[],"properties_option_dryness":[],"properties_option_coastal_area":[],"texto_introduccion_landing_custom":"","enlace_descubre_mas_custom":null,"selecciona_tipo_de_imagen_custom":[],"imagen_vertical_custom":"","imagen_horizontal_custom":"","opciones_de_texto_1":true,"opciones_de_texto_2":"","opciones_de_texto_3":[]},"yoast_head":"<!-- This site is optimized with the Yoast SEO plugin v22.8 - https:\/\/yoast.com\/wordpress\/plugins\/seo\/ -->\n<title>La arquitectura de los \u00e1rboles - Urbidermis<\/title>\n<meta name=\"robots\" content=\"noindex, follow\" \/>\n<meta property=\"og:locale\" content=\"es_ES\" \/>\n<meta property=\"og:type\" content=\"article\" \/>\n<meta property=\"og:title\" content=\"La arquitectura de los \u00e1rboles - Urbidermis\" \/>\n<meta property=\"og:url\" content=\"https:\/\/www.urbidermis.com\/es\/libro\/la-arquitectura-de-los-arboles\/\" \/>\n<meta property=\"og:site_name\" content=\"Urbidermis\" \/>\n<meta property=\"article:modified_time\" content=\"2024-07-11T09:25:31+00:00\" \/>\n<meta property=\"og:image\" content=\"https:\/\/www.urbidermis.com\/wp-content\/uploads\/Portada_La-arquitectura-de-los-arboles.jpg\" \/>\n\t<meta property=\"og:image:width\" content=\"1800\" \/>\n\t<meta property=\"og:image:height\" content=\"2400\" \/>\n\t<meta property=\"og:image:type\" content=\"image\/jpeg\" \/>\n<meta name=\"twitter:card\" content=\"summary_large_image\" \/>\n<script type=\"application\/ld+json\" class=\"yoast-schema-graph\">{\"@context\":\"https:\/\/schema.org\",\"@graph\":[{\"@type\":\"WebPage\",\"@id\":\"https:\/\/www.urbidermis.com\/es\/libro\/la-arquitectura-de-los-arboles\/\",\"url\":\"https:\/\/www.urbidermis.com\/es\/libro\/la-arquitectura-de-los-arboles\/\",\"name\":\"La arquitectura de los \u00e1rboles - Urbidermis\",\"isPartOf\":{\"@id\":\"https:\/\/www.urbidermis.com\/es\/#website\"},\"primaryImageOfPage\":{\"@id\":\"https:\/\/www.urbidermis.com\/es\/libro\/la-arquitectura-de-los-arboles\/#primaryimage\"},\"image\":{\"@id\":\"https:\/\/www.urbidermis.com\/es\/libro\/la-arquitectura-de-los-arboles\/#primaryimage\"},\"thumbnailUrl\":\"https:\/\/www.urbidermis.com\/wp-content\/uploads\/Portada_La-arquitectura-de-los-arboles.jpg\",\"datePublished\":\"2022-03-15T15:57:53+00:00\",\"dateModified\":\"2024-07-11T09:25:31+00:00\",\"breadcrumb\":{\"@id\":\"https:\/\/www.urbidermis.com\/es\/libro\/la-arquitectura-de-los-arboles\/#breadcrumb\"},\"inLanguage\":\"es\",\"potentialAction\":[{\"@type\":\"ReadAction\",\"target\":[\"https:\/\/www.urbidermis.com\/es\/libro\/la-arquitectura-de-los-arboles\/\"]}]},{\"@type\":\"ImageObject\",\"inLanguage\":\"es\",\"@id\":\"https:\/\/www.urbidermis.com\/es\/libro\/la-arquitectura-de-los-arboles\/#primaryimage\",\"url\":\"https:\/\/www.urbidermis.com\/wp-content\/uploads\/Portada_La-arquitectura-de-los-arboles.jpg\",\"contentUrl\":\"https:\/\/www.urbidermis.com\/wp-content\/uploads\/Portada_La-arquitectura-de-los-arboles.jpg\",\"width\":1800,\"height\":2400},{\"@type\":\"BreadcrumbList\",\"@id\":\"https:\/\/www.urbidermis.com\/es\/libro\/la-arquitectura-de-los-arboles\/#breadcrumb\",\"itemListElement\":[{\"@type\":\"ListItem\",\"position\":1,\"name\":\"Home\",\"item\":\"https:\/\/www.urbidermis.com\/es\/\"},{\"@type\":\"ListItem\",\"position\":2,\"name\":\"Productos\",\"item\":\"https:\/\/www.urbidermis.com\/es\/productos\/\"},{\"@type\":\"ListItem\",\"position\":3,\"name\":\"La arquitectura de los \u00e1rboles\"}]},{\"@type\":\"WebSite\",\"@id\":\"https:\/\/www.urbidermis.com\/es\/#website\",\"url\":\"https:\/\/www.urbidermis.com\/es\/\",\"name\":\"Urbidermis\",\"description\":\"Expertos en la ciudad\",\"publisher\":{\"@id\":\"https:\/\/www.urbidermis.com\/es\/#organization\"},\"potentialAction\":[{\"@type\":\"SearchAction\",\"target\":{\"@type\":\"EntryPoint\",\"urlTemplate\":\"https:\/\/www.urbidermis.com\/es\/?s={search_term_string}\"},\"query-input\":\"required name=search_term_string\"}],\"inLanguage\":\"es\"},{\"@type\":\"Organization\",\"@id\":\"https:\/\/www.urbidermis.com\/es\/#organization\",\"name\":\"Urbidermis\",\"url\":\"https:\/\/www.urbidermis.com\/es\/\",\"logo\":{\"@type\":\"ImageObject\",\"inLanguage\":\"es\",\"@id\":\"https:\/\/www.urbidermis.com\/es\/#\/schema\/logo\/image\/\",\"url\":\"https:\/\/www.urbidermis.com\/wp-content\/uploads\/logo_urbdermis-1.png\",\"contentUrl\":\"https:\/\/www.urbidermis.com\/wp-content\/uploads\/logo_urbdermis-1.png\",\"width\":601,\"height\":1033,\"caption\":\"Urbidermis\"},\"image\":{\"@id\":\"https:\/\/www.urbidermis.com\/es\/#\/schema\/logo\/image\/\"}}]}<\/script>\n<!-- \/ Yoast SEO plugin. -->","yoast_head_json":{"title":"La arquitectura de los \u00e1rboles - Urbidermis","robots":{"index":"noindex","follow":"follow"},"og_locale":"es_ES","og_type":"article","og_title":"La arquitectura de los \u00e1rboles - Urbidermis","og_url":"https:\/\/www.urbidermis.com\/es\/libro\/la-arquitectura-de-los-arboles\/","og_site_name":"Urbidermis","article_modified_time":"2024-07-11T09:25:31+00:00","og_image":[{"width":1800,"height":2400,"url":"https:\/\/www.urbidermis.com\/wp-content\/uploads\/Portada_La-arquitectura-de-los-arboles.jpg","type":"image\/jpeg"}],"twitter_card":"summary_large_image","schema":{"@context":"https:\/\/schema.org","@graph":[{"@type":"WebPage","@id":"https:\/\/www.urbidermis.com\/es\/libro\/la-arquitectura-de-los-arboles\/","url":"https:\/\/www.urbidermis.com\/es\/libro\/la-arquitectura-de-los-arboles\/","name":"La arquitectura de los \u00e1rboles - Urbidermis","isPartOf":{"@id":"https:\/\/www.urbidermis.com\/es\/#website"},"primaryImageOfPage":{"@id":"https:\/\/www.urbidermis.com\/es\/libro\/la-arquitectura-de-los-arboles\/#primaryimage"},"image":{"@id":"https:\/\/www.urbidermis.com\/es\/libro\/la-arquitectura-de-los-arboles\/#primaryimage"},"thumbnailUrl":"https:\/\/www.urbidermis.com\/wp-content\/uploads\/Portada_La-arquitectura-de-los-arboles.jpg","datePublished":"2022-03-15T15:57:53+00:00","dateModified":"2024-07-11T09:25:31+00:00","breadcrumb":{"@id":"https:\/\/www.urbidermis.com\/es\/libro\/la-arquitectura-de-los-arboles\/#breadcrumb"},"inLanguage":"es","potentialAction":[{"@type":"ReadAction","target":["https:\/\/www.urbidermis.com\/es\/libro\/la-arquitectura-de-los-arboles\/"]}]},{"@type":"ImageObject","inLanguage":"es","@id":"https:\/\/www.urbidermis.com\/es\/libro\/la-arquitectura-de-los-arboles\/#primaryimage","url":"https:\/\/www.urbidermis.com\/wp-content\/uploads\/Portada_La-arquitectura-de-los-arboles.jpg","contentUrl":"https:\/\/www.urbidermis.com\/wp-content\/uploads\/Portada_La-arquitectura-de-los-arboles.jpg","width":1800,"height":2400},{"@type":"BreadcrumbList","@id":"https:\/\/www.urbidermis.com\/es\/libro\/la-arquitectura-de-los-arboles\/#breadcrumb","itemListElement":[{"@type":"ListItem","position":1,"name":"Home","item":"https:\/\/www.urbidermis.com\/es\/"},{"@type":"ListItem","position":2,"name":"Productos","item":"https:\/\/www.urbidermis.com\/es\/productos\/"},{"@type":"ListItem","position":3,"name":"La arquitectura de los \u00e1rboles"}]},{"@type":"WebSite","@id":"https:\/\/www.urbidermis.com\/es\/#website","url":"https:\/\/www.urbidermis.com\/es\/","name":"Urbidermis","description":"Expertos en la ciudad","publisher":{"@id":"https:\/\/www.urbidermis.com\/es\/#organization"},"potentialAction":[{"@type":"SearchAction","target":{"@type":"EntryPoint","urlTemplate":"https:\/\/www.urbidermis.com\/es\/?s={search_term_string}"},"query-input":"required name=search_term_string"}],"inLanguage":"es"},{"@type":"Organization","@id":"https:\/\/www.urbidermis.com\/es\/#organization","name":"Urbidermis","url":"https:\/\/www.urbidermis.com\/es\/","logo":{"@type":"ImageObject","inLanguage":"es","@id":"https:\/\/www.urbidermis.com\/es\/#\/schema\/logo\/image\/","url":"https:\/\/www.urbidermis.com\/wp-content\/uploads\/logo_urbdermis-1.png","contentUrl":"https:\/\/www.urbidermis.com\/wp-content\/uploads\/logo_urbdermis-1.png","width":601,"height":1033,"caption":"Urbidermis"},"image":{"@id":"https:\/\/www.urbidermis.com\/es\/#\/schema\/logo\/image\/"}}]}},"_links":{"self":[{"href":"https:\/\/www.urbidermis.com\/es\/wp-json\/wp\/v2\/product\/11036"}],"collection":[{"href":"https:\/\/www.urbidermis.com\/es\/wp-json\/wp\/v2\/product"}],"about":[{"href":"https:\/\/www.urbidermis.com\/es\/wp-json\/wp\/v2\/types\/product"}],"wp:featuredmedia":[{"embeddable":true,"href":"https:\/\/www.urbidermis.com\/es\/wp-json\/wp\/v2\/media\/24349"}],"wp:attachment":[{"href":"https:\/\/www.urbidermis.com\/es\/wp-json\/wp\/v2\/media?parent=11036"}],"wp:term":[{"taxonomy":"product_cat","embeddable":true,"href":"https:\/\/www.urbidermis.com\/es\/wp-json\/wp\/v2\/product_cat?post=11036"},{"taxonomy":"product_tag","embeddable":true,"href":"https:\/\/www.urbidermis.com\/es\/wp-json\/wp\/v2\/product_tag?post=11036"}],"curies":[{"name":"wp","href":"https:\/\/api.w.org\/{rel}","templated":true}]}}