


{"id":24377,"date":"2024-07-11T12:52:47","date_gmt":"2024-07-11T13:30:20","guid":{"rendered":"https:\/\/www.urbidermis.com\/?post_type=product&#038;p=24377"},"modified":"2024-07-11T15:30:20","modified_gmt":"2024-07-11T13:30:20","slug":"lo-esencial-el-diseno-y-otras-cosas-de-la-vida","status":"publish","type":"product","link":"https:\/\/www.urbidermis.com\/es\/libro\/lo-esencial-el-diseno-y-otras-cosas-de-la-vida\/","title":{"rendered":"Lo esencial. El dise\u00f1o y otras cosas de la vida"},"content":{"rendered":"","protected":false},"excerpt":{"rendered":"","protected":false},"featured_media":24374,"template":"","meta":{"_acf_changed":false,"inline_featured_image":false},"product_cat":[1406],"product_tag":[],"acf":{"activador_seccion_impacto_acvs_secctions_acvs":false,"texto_enlace_amplifyapp":"","codigos_acvs_matching_row-leds":null,"activator_acf_option_madera_text":false,"texto_bajo_btn_certificados":"","check_para_validar_no_secc_aplication":false,"is_protocolo_y_control_generic":false,"is_producto_residencial_para_mostrar_info_diferente":false,"is_plano_de_cotas_validator":false,"galeria_multidimension_imagenes_plano_de_cotas_proyector":null,"premios_producto_repeater":null,"participantes":"","autores":"","ano_creacion_producto":"2019","validacion_producto_descarga":true,"galeria_imagenes_repeater_libro":[{"imagen_item_gal":"[link_wp_dam_url ids=\"14654\"]","activar_video_item_gal":false,"portada_video_item_gal":null,"video_en_horizonal_item_gal":false,"video_item_gal":false},{"imagen_item_gal":"[link_wp_dam_url ids=\"14655\"]","activar_video_item_gal":false,"portada_video_item_gal":null,"video_en_horizonal_item_gal":false,"video_item_gal":false},{"imagen_item_gal":"[link_wp_dam_url ids=\"14656\"]","activar_video_item_gal":false,"portada_video_item_gal":null,"video_en_horizonal_item_gal":false,"video_item_gal":false},{"imagen_item_gal":"[link_wp_dam_url ids=\"14657\"]","activar_video_item_gal":false,"portada_video_item_gal":null,"video_en_horizonal_item_gal":false,"video_item_gal":false},{"imagen_item_gal":"[link_wp_dam_url ids=\"14658\"]","activar_video_item_gal":false,"portada_video_item_gal":null,"video_en_horizonal_item_gal":false,"video_item_gal":false}],"secciones_producto":null,"dist_simetrica":"","dist_asimetrica":"","dist_indirecta":"","dist_suelo":"","control":"","certificados":"","nombre_arbol_entre_comillas":"","nombre_solo_plantas_field":"","isbn_campo_texto":"978-84-264-0565-4","autor_book_publicacion_producto":"Miguel Mil\u00e1","idioma_campo_texto":"Espa\u00f1ol","enquadernacion_campo_texto":"Carton\u00e9, 18.2 cm x 23.7 cm \/ 7.17\u2033 x 9.33\u2033","_numero_de_paginas_campo_texto":"220","pdf_asociado_producto":"","resumen_libro":"Sus l\u00e1mparas, sus sillas de ca\u00f1a y sus ic\u00f3nicos bancos barceloneses forman ya parte de nuestro imaginario, pero su obra es mucho m\u00e1s amplia, atenta siempre a las necesidades humanas y con un profundo sentido de la funcionalidad y de la est\u00e9tica. Miguel Mil\u00e1 ha sido tambi\u00e9n un ecologista avant la lettre y un defensor de \u00ablo esencial\u00bb y de la \u00abemoci\u00f3n\u00bb como elementos decisivos en el dise\u00f1o.\r\n\r\nHa habido libros que analizan su obra, y un importante documental, pero nunca antes un \u201cMil\u00e1 por Mil\u00e1\u201d. En Lo esencial Mil\u00e1 habla de s\u00ed mismo, de su obra, sus principios y sus ideas, pero tambi\u00e9n de su familia (tan vinculada a la historia de Barcelona), de su propia vida y de la educaci\u00f3n de sus hijos.\r\n\r\nEste no es un libro para dise\u00f1adores o solo para dise\u00f1adores. Los pr\u00e1cticos consejos de este premiado artista que se define a s\u00ed mismo como \u00abinventor y bricoleur\u00bb nos ayudan a representar nuestro mundo personal, a rodearnos de objetos bellos y \u00fatiles (\u00abuna l\u00e1mpara pasa mucho m\u00e1s tiempo apagada que encendida\u00bb, nos recuerda Mil\u00e1), a distinguir las aberraciones del dise\u00f1o (como los lavabos o los platos cuadrados), a reconocer lo verdaderamente importante (\u00ablo sencillo es complejo de conseguir\u00bb), a saber vivir en armon\u00eda con los elementos y la naturaleza, pero tambi\u00e9n con los dem\u00e1s, empezando por nuestra propia familia (\u00abs\u00e9 \u00fatil y te utilizar\u00e1n\u00bb)\r\n\r\nLo esencial es el legado te\u00f3rico y vital de uno de nuestros mejores dise\u00f1adores, cuya obra confirma la definici\u00f3n de \u00abcl\u00e1sico\u00bb: aquello que no se puede hacer mejor.","text_content_family_basic_information":"","text_content_family_basic_number_width":"","text_content_family_basic_number_height":"","text_content_planting_density":"","flowers_option_colours":[],"flowers_option_season":[],"properties_option_pruning":[],"properties_option_watering":[],"properties_option_sun_exposure":[],"properties_option_minimum_temp":"","properties_option_soil_type":[],"properties_option_fire":[],"properties_option_heat":[],"properties_option_moisture":[],"properties_option_dryness":[],"properties_option_coastal_area":[],"texto_introduccion_landing_custom":"","enlace_descubre_mas_custom":null,"selecciona_tipo_de_imagen_custom":[],"imagen_vertical_custom":"","imagen_horizontal_custom":"","opciones_de_texto_1":true,"opciones_de_texto_2":"","opciones_de_texto_3":[]},"yoast_head":"<!-- This site is optimized with the Yoast SEO plugin v22.8 - https:\/\/yoast.com\/wordpress\/plugins\/seo\/ -->\n<title>Lo esencial. El dise\u00f1o y otras cosas de la vida - Urbidermis<\/title>\n<meta name=\"robots\" content=\"index, follow, max-snippet:-1, max-image-preview:large, max-video-preview:-1\" \/>\n<link rel=\"canonical\" href=\"https:\/\/www.urbidermis.com\/es\/libro\/lo-esencial-el-diseno-y-otras-cosas-de-la-vida\/\" \/>\n<meta property=\"og:locale\" content=\"es_ES\" \/>\n<meta property=\"og:type\" content=\"article\" \/>\n<meta property=\"og:title\" content=\"Lo esencial. El dise\u00f1o y otras cosas de la vida - Urbidermis\" \/>\n<meta property=\"og:url\" content=\"https:\/\/www.urbidermis.com\/es\/libro\/lo-esencial-el-diseno-y-otras-cosas-de-la-vida\/\" \/>\n<meta property=\"og:site_name\" content=\"Urbidermis\" \/>\n<meta property=\"og:image\" content=\"https:\/\/www.urbidermis.com\/wp-content\/uploads\/Portada_Miguel-Mila.-Lo-esencial-1.jpg\" \/>\n\t<meta property=\"og:image:width\" content=\"1600\" \/>\n\t<meta property=\"og:image:height\" content=\"2400\" \/>\n\t<meta property=\"og:image:type\" content=\"image\/jpeg\" \/>\n<meta name=\"twitter:card\" content=\"summary_large_image\" \/>\n<script type=\"application\/ld+json\" class=\"yoast-schema-graph\">{\"@context\":\"https:\/\/schema.org\",\"@graph\":[{\"@type\":\"WebPage\",\"@id\":\"https:\/\/www.urbidermis.com\/es\/libro\/lo-esencial-el-diseno-y-otras-cosas-de-la-vida\/\",\"url\":\"https:\/\/www.urbidermis.com\/es\/libro\/lo-esencial-el-diseno-y-otras-cosas-de-la-vida\/\",\"name\":\"Lo esencial. El dise\u00f1o y otras cosas de la vida - Urbidermis\",\"isPartOf\":{\"@id\":\"https:\/\/www.urbidermis.com\/es\/#website\"},\"primaryImageOfPage\":{\"@id\":\"https:\/\/www.urbidermis.com\/es\/libro\/lo-esencial-el-diseno-y-otras-cosas-de-la-vida\/#primaryimage\"},\"image\":{\"@id\":\"https:\/\/www.urbidermis.com\/es\/libro\/lo-esencial-el-diseno-y-otras-cosas-de-la-vida\/#primaryimage\"},\"thumbnailUrl\":\"https:\/\/www.urbidermis.com\/wp-content\/uploads\/Portada_Miguel-Mila.-Lo-esencial-1.jpg\",\"datePublished\":\"2024-07-11T13:30:20+00:00\",\"dateModified\":\"2024-07-11T13:30:20+00:00\",\"breadcrumb\":{\"@id\":\"https:\/\/www.urbidermis.com\/es\/libro\/lo-esencial-el-diseno-y-otras-cosas-de-la-vida\/#breadcrumb\"},\"inLanguage\":\"es\",\"potentialAction\":[{\"@type\":\"ReadAction\",\"target\":[\"https:\/\/www.urbidermis.com\/es\/libro\/lo-esencial-el-diseno-y-otras-cosas-de-la-vida\/\"]}]},{\"@type\":\"ImageObject\",\"inLanguage\":\"es\",\"@id\":\"https:\/\/www.urbidermis.com\/es\/libro\/lo-esencial-el-diseno-y-otras-cosas-de-la-vida\/#primaryimage\",\"url\":\"https:\/\/www.urbidermis.com\/wp-content\/uploads\/Portada_Miguel-Mila.-Lo-esencial-1.jpg\",\"contentUrl\":\"https:\/\/www.urbidermis.com\/wp-content\/uploads\/Portada_Miguel-Mila.-Lo-esencial-1.jpg\",\"width\":1600,\"height\":2400},{\"@type\":\"BreadcrumbList\",\"@id\":\"https:\/\/www.urbidermis.com\/es\/libro\/lo-esencial-el-diseno-y-otras-cosas-de-la-vida\/#breadcrumb\",\"itemListElement\":[{\"@type\":\"ListItem\",\"position\":1,\"name\":\"Home\",\"item\":\"https:\/\/www.urbidermis.com\/es\/\"},{\"@type\":\"ListItem\",\"position\":2,\"name\":\"Productos\",\"item\":\"https:\/\/www.urbidermis.com\/es\/productos\/\"},{\"@type\":\"ListItem\",\"position\":3,\"name\":\"Lo esencial. El dise\u00f1o y otras cosas de la vida\"}]},{\"@type\":\"WebSite\",\"@id\":\"https:\/\/www.urbidermis.com\/es\/#website\",\"url\":\"https:\/\/www.urbidermis.com\/es\/\",\"name\":\"Urbidermis\",\"description\":\"Expertos en la ciudad\",\"publisher\":{\"@id\":\"https:\/\/www.urbidermis.com\/es\/#organization\"},\"potentialAction\":[{\"@type\":\"SearchAction\",\"target\":{\"@type\":\"EntryPoint\",\"urlTemplate\":\"https:\/\/www.urbidermis.com\/es\/?s={search_term_string}\"},\"query-input\":\"required name=search_term_string\"}],\"inLanguage\":\"es\"},{\"@type\":\"Organization\",\"@id\":\"https:\/\/www.urbidermis.com\/es\/#organization\",\"name\":\"Urbidermis\",\"url\":\"https:\/\/www.urbidermis.com\/es\/\",\"logo\":{\"@type\":\"ImageObject\",\"inLanguage\":\"es\",\"@id\":\"https:\/\/www.urbidermis.com\/es\/#\/schema\/logo\/image\/\",\"url\":\"https:\/\/www.urbidermis.com\/wp-content\/uploads\/logo_urbdermis-1.png\",\"contentUrl\":\"https:\/\/www.urbidermis.com\/wp-content\/uploads\/logo_urbdermis-1.png\",\"width\":601,\"height\":1033,\"caption\":\"Urbidermis\"},\"image\":{\"@id\":\"https:\/\/www.urbidermis.com\/es\/#\/schema\/logo\/image\/\"}}]}<\/script>\n<!-- \/ Yoast SEO plugin. -->","yoast_head_json":{"title":"Lo esencial. El dise\u00f1o y otras cosas de la vida - Urbidermis","robots":{"index":"index","follow":"follow","max-snippet":"max-snippet:-1","max-image-preview":"max-image-preview:large","max-video-preview":"max-video-preview:-1"},"canonical":"https:\/\/www.urbidermis.com\/es\/libro\/lo-esencial-el-diseno-y-otras-cosas-de-la-vida\/","og_locale":"es_ES","og_type":"article","og_title":"Lo esencial. El dise\u00f1o y otras cosas de la vida - Urbidermis","og_url":"https:\/\/www.urbidermis.com\/es\/libro\/lo-esencial-el-diseno-y-otras-cosas-de-la-vida\/","og_site_name":"Urbidermis","og_image":[{"width":1600,"height":2400,"url":"https:\/\/www.urbidermis.com\/wp-content\/uploads\/Portada_Miguel-Mila.-Lo-esencial-1.jpg","type":"image\/jpeg"}],"twitter_card":"summary_large_image","schema":{"@context":"https:\/\/schema.org","@graph":[{"@type":"WebPage","@id":"https:\/\/www.urbidermis.com\/es\/libro\/lo-esencial-el-diseno-y-otras-cosas-de-la-vida\/","url":"https:\/\/www.urbidermis.com\/es\/libro\/lo-esencial-el-diseno-y-otras-cosas-de-la-vida\/","name":"Lo esencial. El dise\u00f1o y otras cosas de la vida - Urbidermis","isPartOf":{"@id":"https:\/\/www.urbidermis.com\/es\/#website"},"primaryImageOfPage":{"@id":"https:\/\/www.urbidermis.com\/es\/libro\/lo-esencial-el-diseno-y-otras-cosas-de-la-vida\/#primaryimage"},"image":{"@id":"https:\/\/www.urbidermis.com\/es\/libro\/lo-esencial-el-diseno-y-otras-cosas-de-la-vida\/#primaryimage"},"thumbnailUrl":"https:\/\/www.urbidermis.com\/wp-content\/uploads\/Portada_Miguel-Mila.-Lo-esencial-1.jpg","datePublished":"2024-07-11T13:30:20+00:00","dateModified":"2024-07-11T13:30:20+00:00","breadcrumb":{"@id":"https:\/\/www.urbidermis.com\/es\/libro\/lo-esencial-el-diseno-y-otras-cosas-de-la-vida\/#breadcrumb"},"inLanguage":"es","potentialAction":[{"@type":"ReadAction","target":["https:\/\/www.urbidermis.com\/es\/libro\/lo-esencial-el-diseno-y-otras-cosas-de-la-vida\/"]}]},{"@type":"ImageObject","inLanguage":"es","@id":"https:\/\/www.urbidermis.com\/es\/libro\/lo-esencial-el-diseno-y-otras-cosas-de-la-vida\/#primaryimage","url":"https:\/\/www.urbidermis.com\/wp-content\/uploads\/Portada_Miguel-Mila.-Lo-esencial-1.jpg","contentUrl":"https:\/\/www.urbidermis.com\/wp-content\/uploads\/Portada_Miguel-Mila.-Lo-esencial-1.jpg","width":1600,"height":2400},{"@type":"BreadcrumbList","@id":"https:\/\/www.urbidermis.com\/es\/libro\/lo-esencial-el-diseno-y-otras-cosas-de-la-vida\/#breadcrumb","itemListElement":[{"@type":"ListItem","position":1,"name":"Home","item":"https:\/\/www.urbidermis.com\/es\/"},{"@type":"ListItem","position":2,"name":"Productos","item":"https:\/\/www.urbidermis.com\/es\/productos\/"},{"@type":"ListItem","position":3,"name":"Lo esencial. El dise\u00f1o y otras cosas de la vida"}]},{"@type":"WebSite","@id":"https:\/\/www.urbidermis.com\/es\/#website","url":"https:\/\/www.urbidermis.com\/es\/","name":"Urbidermis","description":"Expertos en la ciudad","publisher":{"@id":"https:\/\/www.urbidermis.com\/es\/#organization"},"potentialAction":[{"@type":"SearchAction","target":{"@type":"EntryPoint","urlTemplate":"https:\/\/www.urbidermis.com\/es\/?s={search_term_string}"},"query-input":"required name=search_term_string"}],"inLanguage":"es"},{"@type":"Organization","@id":"https:\/\/www.urbidermis.com\/es\/#organization","name":"Urbidermis","url":"https:\/\/www.urbidermis.com\/es\/","logo":{"@type":"ImageObject","inLanguage":"es","@id":"https:\/\/www.urbidermis.com\/es\/#\/schema\/logo\/image\/","url":"https:\/\/www.urbidermis.com\/wp-content\/uploads\/logo_urbdermis-1.png","contentUrl":"https:\/\/www.urbidermis.com\/wp-content\/uploads\/logo_urbdermis-1.png","width":601,"height":1033,"caption":"Urbidermis"},"image":{"@id":"https:\/\/www.urbidermis.com\/es\/#\/schema\/logo\/image\/"}}]}},"_links":{"self":[{"href":"https:\/\/www.urbidermis.com\/es\/wp-json\/wp\/v2\/product\/24377"}],"collection":[{"href":"https:\/\/www.urbidermis.com\/es\/wp-json\/wp\/v2\/product"}],"about":[{"href":"https:\/\/www.urbidermis.com\/es\/wp-json\/wp\/v2\/types\/product"}],"wp:featuredmedia":[{"embeddable":true,"href":"https:\/\/www.urbidermis.com\/es\/wp-json\/wp\/v2\/media\/24374"}],"wp:attachment":[{"href":"https:\/\/www.urbidermis.com\/es\/wp-json\/wp\/v2\/media?parent=24377"}],"wp:term":[{"taxonomy":"product_cat","embeddable":true,"href":"https:\/\/www.urbidermis.com\/es\/wp-json\/wp\/v2\/product_cat?post=24377"},{"taxonomy":"product_tag","embeddable":true,"href":"https:\/\/www.urbidermis.com\/es\/wp-json\/wp\/v2\/product_tag?post=24377"}],"curies":[{"name":"wp","href":"https:\/\/api.w.org\/{rel}","templated":true}]}}