


{"id":26373,"date":"2025-02-11T17:09:05","date_gmt":"2025-02-11T15:09:34","guid":{"rendered":"https:\/\/www.urbidermis.com\/?post_type=product&#038;p=26373"},"modified":"2026-03-05T18:44:15","modified_gmt":"2026-03-05T16:44:15","slug":"miguel-mila-emocionar-con-lo-simple","status":"publish","type":"product","link":"https:\/\/www.urbidermis.com\/es\/libro\/miguel-mila-emocionar-con-lo-simple\/","title":{"rendered":"Miguel Mil\u00e1: Emocionar con lo simple"},"content":{"rendered":"","protected":false},"excerpt":{"rendered":"","protected":false},"featured_media":26372,"template":"","meta":{"_acf_changed":false,"inline_featured_image":false},"product_cat":[1406],"product_tag":[],"acf":{"activador_seccion_impacto_acvs_secctions_acvs":false,"texto_enlace_amplifyapp":"","codigos_acvs_matching_row-leds":null,"activator_acf_option_madera_text":false,"texto_bajo_btn_certificados":"","check_para_validar_no_secc_aplication":false,"is_protocolo_y_control_generic":false,"is_producto_residencial_para_mostrar_info_diferente":false,"is_plano_de_cotas_validator":false,"galeria_multidimension_imagenes_plano_de_cotas_proyector":null,"premios_producto_repeater":null,"participantes":"","autores":"","ano_creacion_producto":"","validacion_producto_descarga":true,"galeria_imagenes_repeater_libro":[{"imagen_item_gal":"[link_wp_dam_url ids=\"17845\"]","activar_video_item_gal":false,"portada_video_item_gal":null,"video_en_horizonal_item_gal":false,"video_item_gal":false},{"imagen_item_gal":"[link_wp_dam_url ids=\"17846\"]","activar_video_item_gal":false,"portada_video_item_gal":null,"video_en_horizonal_item_gal":false,"video_item_gal":false},{"imagen_item_gal":"[link_wp_dam_url ids=\"17847\"]","activar_video_item_gal":false,"portada_video_item_gal":null,"video_en_horizonal_item_gal":false,"video_item_gal":false},{"imagen_item_gal":"[link_wp_dam_url ids=\"17848\"]","activar_video_item_gal":false,"portada_video_item_gal":null,"video_en_horizonal_item_gal":false,"video_item_gal":false},{"imagen_item_gal":"[link_wp_dam_url ids=\"17849\"]","activar_video_item_gal":false,"portada_video_item_gal":null,"video_en_horizonal_item_gal":false,"video_item_gal":false}],"secciones_producto":null,"dist_simetrica":"","dist_asimetrica":"","dist_indirecta":"","dist_suelo":"","control":"","certificados":"","nombre_arbol_entre_comillas":"","nombre_solo_plantas_field":"","isbn_campo_texto":"978-84-127752-2-8","autor_book_publicacion_producto":"Anna Calvera","idioma_campo_texto":"Espa\u00f1ol \/ Ingl\u00e9s","enquadernacion_campo_texto":"Otabind, 19 x 13 cm \/ 7.41\u2033 x 5.07\u2033","_numero_de_paginas_campo_texto":"144","pdf_asociado_producto":"","resumen_libro":"A Miguel Mil\u00e1 (Barcelona, 1931) se le suele adjetivar como pionero del dise\u00f1o con mucha raz\u00f3n. Mil\u00e1, de reconocida trayectoria, es el autor de alguno de los productos m\u00e1s celebrados del dise\u00f1o barcelon\u00e9s, iconos cotidianos para muchos espa\u00f1oles, que ilustran con claridad el imaginario del buen dise\u00f1o, sea en esta o en otras latitudes.\r\n\r\nEste libro est\u00e1 destinado a revelar la dimensi\u00f3n de toda una obra mediante la publicaci\u00f3n de tres escritos, que juntos ofrecen tres formas diversas y sugestivas de acercarse al dise\u00f1ador y a su labor. Cada uno a su manera evidencia qu\u00e9 hay de com\u00fan entre Mil\u00e1, su modo de acercarse al dise\u00f1o y pensarlo y los objetos que llevan su firma. Y finalmente una selecci\u00f3n de cuarenta y dos dise\u00f1os ic\u00f3nicos ordenados cronol\u00f3gicamente.\r\n\r\nLo cl\u00e1sico indica una pervivencia del pasado en el presente, pero tambi\u00e9n un presente que se proyecta en futuro.","text_content_family_basic_information":"","text_content_family_basic_number_width":"","text_content_family_basic_number_height":"","text_content_planting_density":"","flowers_option_colours":"","flowers_option_season":"","properties_option_pruning":"","properties_option_watering":"","properties_option_sun_exposure":"","properties_option_minimum_temp":"","properties_option_soil_type":"","properties_option_fire":"","properties_option_heat":"","properties_option_moisture":"","properties_option_dryness":"","properties_option_coastal_area":"","texto_introduccion_landing_custom":"","enlace_descubre_mas_custom":"","selecciona_tipo_de_imagen_custom":"","imagen_vertical_custom":"","imagen_horizontal_custom":"","opciones_de_texto_1":true,"opciones_de_texto_2":"acabado_standar","opciones_de_texto_3":""},"yoast_head":"<!-- This site is optimized with the Yoast SEO plugin v22.8 - https:\/\/yoast.com\/wordpress\/plugins\/seo\/ -->\n<title>Miguel Mil\u00e1: Emocionar con lo simple - Urbidermis<\/title>\n<meta name=\"robots\" content=\"index, follow, max-snippet:-1, max-image-preview:large, max-video-preview:-1\" \/>\n<link rel=\"canonical\" href=\"https:\/\/www.urbidermis.com\/es\/libro\/miguel-mila-emocionar-con-lo-simple\/\" \/>\n<meta property=\"og:locale\" content=\"es_ES\" \/>\n<meta property=\"og:type\" content=\"article\" \/>\n<meta property=\"og:title\" content=\"Miguel Mil\u00e1: Emocionar con lo simple - Urbidermis\" \/>\n<meta property=\"og:url\" content=\"https:\/\/www.urbidermis.com\/es\/libro\/miguel-mila-emocionar-con-lo-simple\/\" \/>\n<meta property=\"og:site_name\" content=\"Urbidermis\" \/>\n<meta property=\"article:modified_time\" content=\"2026-03-05T16:44:15+00:00\" \/>\n<meta property=\"og:image\" content=\"https:\/\/www.urbidermis.com\/wp-content\/uploads\/Miguel-Mila-Perdigones-02-5-Carrusel-scaled.jpg\" \/>\n\t<meta property=\"og:image:width\" content=\"1920\" \/>\n\t<meta property=\"og:image:height\" content=\"2560\" \/>\n\t<meta property=\"og:image:type\" content=\"image\/jpeg\" \/>\n<meta name=\"twitter:card\" content=\"summary_large_image\" \/>\n<script type=\"application\/ld+json\" class=\"yoast-schema-graph\">{\"@context\":\"https:\/\/schema.org\",\"@graph\":[{\"@type\":\"WebPage\",\"@id\":\"https:\/\/www.urbidermis.com\/es\/libro\/miguel-mila-emocionar-con-lo-simple\/\",\"url\":\"https:\/\/www.urbidermis.com\/es\/libro\/miguel-mila-emocionar-con-lo-simple\/\",\"name\":\"Miguel Mil\u00e1: Emocionar con lo simple - Urbidermis\",\"isPartOf\":{\"@id\":\"https:\/\/www.urbidermis.com\/es\/#website\"},\"primaryImageOfPage\":{\"@id\":\"https:\/\/www.urbidermis.com\/es\/libro\/miguel-mila-emocionar-con-lo-simple\/#primaryimage\"},\"image\":{\"@id\":\"https:\/\/www.urbidermis.com\/es\/libro\/miguel-mila-emocionar-con-lo-simple\/#primaryimage\"},\"thumbnailUrl\":\"https:\/\/www.urbidermis.com\/wp-content\/uploads\/Miguel-Mila-Perdigones-02-5-Carrusel-scaled.jpg\",\"datePublished\":\"2025-02-11T15:09:34+00:00\",\"dateModified\":\"2026-03-05T16:44:15+00:00\",\"breadcrumb\":{\"@id\":\"https:\/\/www.urbidermis.com\/es\/libro\/miguel-mila-emocionar-con-lo-simple\/#breadcrumb\"},\"inLanguage\":\"es\",\"potentialAction\":[{\"@type\":\"ReadAction\",\"target\":[\"https:\/\/www.urbidermis.com\/es\/libro\/miguel-mila-emocionar-con-lo-simple\/\"]}]},{\"@type\":\"ImageObject\",\"inLanguage\":\"es\",\"@id\":\"https:\/\/www.urbidermis.com\/es\/libro\/miguel-mila-emocionar-con-lo-simple\/#primaryimage\",\"url\":\"https:\/\/www.urbidermis.com\/wp-content\/uploads\/Miguel-Mila-Perdigones-02-5-Carrusel-scaled.jpg\",\"contentUrl\":\"https:\/\/www.urbidermis.com\/wp-content\/uploads\/Miguel-Mila-Perdigones-02-5-Carrusel-scaled.jpg\",\"width\":1920,\"height\":2560},{\"@type\":\"BreadcrumbList\",\"@id\":\"https:\/\/www.urbidermis.com\/es\/libro\/miguel-mila-emocionar-con-lo-simple\/#breadcrumb\",\"itemListElement\":[{\"@type\":\"ListItem\",\"position\":1,\"name\":\"Home\",\"item\":\"https:\/\/www.urbidermis.com\/es\/\"},{\"@type\":\"ListItem\",\"position\":2,\"name\":\"Productos\",\"item\":\"https:\/\/www.urbidermis.com\/es\/productos\/\"},{\"@type\":\"ListItem\",\"position\":3,\"name\":\"Miguel Mil\u00e1: Emocionar con lo simple\"}]},{\"@type\":\"WebSite\",\"@id\":\"https:\/\/www.urbidermis.com\/es\/#website\",\"url\":\"https:\/\/www.urbidermis.com\/es\/\",\"name\":\"Urbidermis\",\"description\":\"Expertos en la ciudad\",\"publisher\":{\"@id\":\"https:\/\/www.urbidermis.com\/es\/#organization\"},\"potentialAction\":[{\"@type\":\"SearchAction\",\"target\":{\"@type\":\"EntryPoint\",\"urlTemplate\":\"https:\/\/www.urbidermis.com\/es\/?s={search_term_string}\"},\"query-input\":\"required name=search_term_string\"}],\"inLanguage\":\"es\"},{\"@type\":\"Organization\",\"@id\":\"https:\/\/www.urbidermis.com\/es\/#organization\",\"name\":\"Urbidermis\",\"url\":\"https:\/\/www.urbidermis.com\/es\/\",\"logo\":{\"@type\":\"ImageObject\",\"inLanguage\":\"es\",\"@id\":\"https:\/\/www.urbidermis.com\/es\/#\/schema\/logo\/image\/\",\"url\":\"https:\/\/www.urbidermis.com\/wp-content\/uploads\/logo_urbdermis-1.png\",\"contentUrl\":\"https:\/\/www.urbidermis.com\/wp-content\/uploads\/logo_urbdermis-1.png\",\"width\":601,\"height\":1033,\"caption\":\"Urbidermis\"},\"image\":{\"@id\":\"https:\/\/www.urbidermis.com\/es\/#\/schema\/logo\/image\/\"}}]}<\/script>\n<!-- \/ Yoast SEO plugin. -->","yoast_head_json":{"title":"Miguel Mil\u00e1: Emocionar con lo simple - Urbidermis","robots":{"index":"index","follow":"follow","max-snippet":"max-snippet:-1","max-image-preview":"max-image-preview:large","max-video-preview":"max-video-preview:-1"},"canonical":"https:\/\/www.urbidermis.com\/es\/libro\/miguel-mila-emocionar-con-lo-simple\/","og_locale":"es_ES","og_type":"article","og_title":"Miguel Mil\u00e1: Emocionar con lo simple - Urbidermis","og_url":"https:\/\/www.urbidermis.com\/es\/libro\/miguel-mila-emocionar-con-lo-simple\/","og_site_name":"Urbidermis","article_modified_time":"2026-03-05T16:44:15+00:00","og_image":[{"width":1920,"height":2560,"url":"https:\/\/www.urbidermis.com\/wp-content\/uploads\/Miguel-Mila-Perdigones-02-5-Carrusel-scaled.jpg","type":"image\/jpeg"}],"twitter_card":"summary_large_image","schema":{"@context":"https:\/\/schema.org","@graph":[{"@type":"WebPage","@id":"https:\/\/www.urbidermis.com\/es\/libro\/miguel-mila-emocionar-con-lo-simple\/","url":"https:\/\/www.urbidermis.com\/es\/libro\/miguel-mila-emocionar-con-lo-simple\/","name":"Miguel Mil\u00e1: Emocionar con lo simple - Urbidermis","isPartOf":{"@id":"https:\/\/www.urbidermis.com\/es\/#website"},"primaryImageOfPage":{"@id":"https:\/\/www.urbidermis.com\/es\/libro\/miguel-mila-emocionar-con-lo-simple\/#primaryimage"},"image":{"@id":"https:\/\/www.urbidermis.com\/es\/libro\/miguel-mila-emocionar-con-lo-simple\/#primaryimage"},"thumbnailUrl":"https:\/\/www.urbidermis.com\/wp-content\/uploads\/Miguel-Mila-Perdigones-02-5-Carrusel-scaled.jpg","datePublished":"2025-02-11T15:09:34+00:00","dateModified":"2026-03-05T16:44:15+00:00","breadcrumb":{"@id":"https:\/\/www.urbidermis.com\/es\/libro\/miguel-mila-emocionar-con-lo-simple\/#breadcrumb"},"inLanguage":"es","potentialAction":[{"@type":"ReadAction","target":["https:\/\/www.urbidermis.com\/es\/libro\/miguel-mila-emocionar-con-lo-simple\/"]}]},{"@type":"ImageObject","inLanguage":"es","@id":"https:\/\/www.urbidermis.com\/es\/libro\/miguel-mila-emocionar-con-lo-simple\/#primaryimage","url":"https:\/\/www.urbidermis.com\/wp-content\/uploads\/Miguel-Mila-Perdigones-02-5-Carrusel-scaled.jpg","contentUrl":"https:\/\/www.urbidermis.com\/wp-content\/uploads\/Miguel-Mila-Perdigones-02-5-Carrusel-scaled.jpg","width":1920,"height":2560},{"@type":"BreadcrumbList","@id":"https:\/\/www.urbidermis.com\/es\/libro\/miguel-mila-emocionar-con-lo-simple\/#breadcrumb","itemListElement":[{"@type":"ListItem","position":1,"name":"Home","item":"https:\/\/www.urbidermis.com\/es\/"},{"@type":"ListItem","position":2,"name":"Productos","item":"https:\/\/www.urbidermis.com\/es\/productos\/"},{"@type":"ListItem","position":3,"name":"Miguel Mil\u00e1: Emocionar con lo simple"}]},{"@type":"WebSite","@id":"https:\/\/www.urbidermis.com\/es\/#website","url":"https:\/\/www.urbidermis.com\/es\/","name":"Urbidermis","description":"Expertos en la ciudad","publisher":{"@id":"https:\/\/www.urbidermis.com\/es\/#organization"},"potentialAction":[{"@type":"SearchAction","target":{"@type":"EntryPoint","urlTemplate":"https:\/\/www.urbidermis.com\/es\/?s={search_term_string}"},"query-input":"required name=search_term_string"}],"inLanguage":"es"},{"@type":"Organization","@id":"https:\/\/www.urbidermis.com\/es\/#organization","name":"Urbidermis","url":"https:\/\/www.urbidermis.com\/es\/","logo":{"@type":"ImageObject","inLanguage":"es","@id":"https:\/\/www.urbidermis.com\/es\/#\/schema\/logo\/image\/","url":"https:\/\/www.urbidermis.com\/wp-content\/uploads\/logo_urbdermis-1.png","contentUrl":"https:\/\/www.urbidermis.com\/wp-content\/uploads\/logo_urbdermis-1.png","width":601,"height":1033,"caption":"Urbidermis"},"image":{"@id":"https:\/\/www.urbidermis.com\/es\/#\/schema\/logo\/image\/"}}]}},"_links":{"self":[{"href":"https:\/\/www.urbidermis.com\/es\/wp-json\/wp\/v2\/product\/26373"}],"collection":[{"href":"https:\/\/www.urbidermis.com\/es\/wp-json\/wp\/v2\/product"}],"about":[{"href":"https:\/\/www.urbidermis.com\/es\/wp-json\/wp\/v2\/types\/product"}],"wp:featuredmedia":[{"embeddable":true,"href":"https:\/\/www.urbidermis.com\/es\/wp-json\/wp\/v2\/media\/26372"}],"wp:attachment":[{"href":"https:\/\/www.urbidermis.com\/es\/wp-json\/wp\/v2\/media?parent=26373"}],"wp:term":[{"taxonomy":"product_cat","embeddable":true,"href":"https:\/\/www.urbidermis.com\/es\/wp-json\/wp\/v2\/product_cat?post=26373"},{"taxonomy":"product_tag","embeddable":true,"href":"https:\/\/www.urbidermis.com\/es\/wp-json\/wp\/v2\/product_tag?post=26373"}],"curies":[{"name":"wp","href":"https:\/\/api.w.org\/{rel}","templated":true}]}}