


{"id":26535,"date":"2025-04-08T15:42:43","date_gmt":"2025-04-08T13:43:37","guid":{"rendered":"https:\/\/www.urbidermis.com\/?post_type=product&#038;p=26535"},"modified":"2025-04-08T16:22:40","modified_gmt":"2025-04-08T14:22:40","slug":"canon-de-belloch-catalogue-of-urban-trees","status":"publish","type":"product","link":"https:\/\/www.urbidermis.com\/es\/libro\/canon-de-belloch-catalogue-of-urban-trees\/","title":{"rendered":"Canon de Belloch. Catalogue of Urban Trees"},"content":{"rendered":"","protected":false},"excerpt":{"rendered":"","protected":false},"featured_media":26534,"template":"","meta":{"_acf_changed":false,"inline_featured_image":false},"product_cat":[1406],"product_tag":[],"acf":{"activador_seccion_impacto_acvs_secctions_acvs":false,"texto_enlace_amplifyapp":"","codigos_acvs_matching_row-leds":null,"activator_acf_option_madera_text":false,"texto_bajo_btn_certificados":"","check_para_validar_no_secc_aplication":false,"is_protocolo_y_control_generic":false,"is_producto_residencial_para_mostrar_info_diferente":false,"is_plano_de_cotas_validator":false,"galeria_multidimension_imagenes_plano_de_cotas_proyector":null,"premios_producto_repeater":null,"participantes":"","autores":"","ano_creacion_producto":"","validacion_producto_descarga":true,"galeria_imagenes_repeater_libro":[{"imagen_item_gal":"[link_wp_dam_url ids=\"18044\"]","activar_video_item_gal":false,"portada_video_item_gal":null,"video_en_horizonal_item_gal":false,"video_item_gal":false},{"imagen_item_gal":"[link_wp_dam_url ids=\"18045\"]","activar_video_item_gal":false,"portada_video_item_gal":null,"video_en_horizonal_item_gal":false,"video_item_gal":false},{"imagen_item_gal":"[link_wp_dam_url ids=\"18046\"]","activar_video_item_gal":false,"portada_video_item_gal":null,"video_en_horizonal_item_gal":false,"video_item_gal":false},{"imagen_item_gal":"[link_wp_dam_url ids=\"18047\"]","activar_video_item_gal":false,"portada_video_item_gal":null,"video_en_horizonal_item_gal":false,"video_item_gal":false},{"imagen_item_gal":"[link_wp_dam_url ids=\"18048\"]","activar_video_item_gal":false,"portada_video_item_gal":null,"video_en_horizonal_item_gal":false,"video_item_gal":false},{"imagen_item_gal":"[link_wp_dam_url ids=\"18049\"]","activar_video_item_gal":false,"portada_video_item_gal":null,"video_en_horizonal_item_gal":false,"video_item_gal":false},{"imagen_item_gal":"[link_wp_dam_url ids=\"18050\"]","activar_video_item_gal":false,"portada_video_item_gal":null,"video_en_horizonal_item_gal":false,"video_item_gal":false},{"imagen_item_gal":"[link_wp_dam_url ids=\"18052\"]","activar_video_item_gal":false,"portada_video_item_gal":null,"video_en_horizonal_item_gal":false,"video_item_gal":false}],"secciones_producto":null,"dist_simetrica":"","dist_asimetrica":"","dist_indirecta":"","dist_suelo":"","control":"","certificados":"","nombre_arbol_entre_comillas":"","nombre_solo_plantas_field":"","isbn_campo_texto":"978-84-127752-4-2","autor_book_publicacion_producto":"ERF Energia & Sostenibilitat, Wattega","idioma_campo_texto":"Ingl\u00e9s","enquadernacion_campo_texto":"Otabind, 23.5 x 16 cm \/ 9.165\u2033 x 6.24\u2033","_numero_de_paginas_campo_texto":"260","pdf_asociado_producto":"","resumen_libro":"El Canon de Belloch es una gu\u00eda para la selecci\u00f3n del mejor arbolado para la ciudad seg\u00fan criterios clave, como la adaptabilidad, el f\u00e1cil mantenimiento o la funcionalidad socioambiental en los agresivos entornos urbanos. Con un enfoque pr\u00e1ctico pero cient\u00edficamente fundamentado, es una herramienta indispensable para quienes deban decidir sobre el arbolado en nuestras ciudades.\r\n\r\nLibro de referencia para gestores de espacios verdes, urbanistas, paisajistas e incluso profesionales de la producci\u00f3n viver\u00edstica, el Canon de Belloch brinda soluciones para construir ciudades m\u00e1s sostenibles y agradables, combinando ciencia, experiencia y visi\u00f3n.\r\nEsta segunda edici\u00f3n celebra el \u00e9xito de la primera ampliando y desarrollando la informaci\u00f3n sobre las especies recomendadas, no solo para su uso en alineaciones viarias sino tambi\u00e9n en parques y jardines.","text_content_family_basic_information":"","text_content_family_basic_number_width":"","text_content_family_basic_number_height":"","text_content_planting_density":"","flowers_option_colours":"","flowers_option_season":"","properties_option_pruning":"","properties_option_watering":"","properties_option_sun_exposure":"","properties_option_minimum_temp":"","properties_option_soil_type":"","properties_option_fire":"","properties_option_heat":"","properties_option_moisture":"","properties_option_dryness":"","properties_option_coastal_area":"","texto_introduccion_landing_custom":"","enlace_descubre_mas_custom":"","selecciona_tipo_de_imagen_custom":"","imagen_vertical_custom":"","imagen_horizontal_custom":"","opciones_de_texto_1":true,"opciones_de_texto_2":"","opciones_de_texto_3":[]},"yoast_head":"<!-- This site is optimized with the Yoast SEO plugin v22.8 - https:\/\/yoast.com\/wordpress\/plugins\/seo\/ -->\n<title>Canon de Belloch. Catalogue of Urban Trees - Urbidermis<\/title>\n<meta name=\"robots\" content=\"index, follow, max-snippet:-1, max-image-preview:large, max-video-preview:-1\" \/>\n<link rel=\"canonical\" href=\"https:\/\/www.urbidermis.com\/es\/libro\/canon-de-belloch-catalogue-of-urban-trees\/\" \/>\n<meta property=\"og:locale\" content=\"es_ES\" \/>\n<meta property=\"og:type\" content=\"article\" \/>\n<meta property=\"og:title\" content=\"Canon de Belloch. Catalogue of Urban Trees - Urbidermis\" \/>\n<meta property=\"og:url\" content=\"https:\/\/www.urbidermis.com\/es\/libro\/canon-de-belloch-catalogue-of-urban-trees\/\" \/>\n<meta property=\"og:site_name\" content=\"Urbidermis\" \/>\n<meta property=\"article:modified_time\" content=\"2025-04-08T14:22:40+00:00\" \/>\n<meta property=\"og:image\" content=\"https:\/\/www.urbidermis.com\/wp-content\/uploads\/Canon-de-belloch-ENG-portada-x2400.jpg\" \/>\n\t<meta property=\"og:image:width\" content=\"1786\" \/>\n\t<meta property=\"og:image:height\" content=\"2400\" \/>\n\t<meta property=\"og:image:type\" content=\"image\/jpeg\" \/>\n<meta name=\"twitter:card\" content=\"summary_large_image\" \/>\n<script type=\"application\/ld+json\" class=\"yoast-schema-graph\">{\"@context\":\"https:\/\/schema.org\",\"@graph\":[{\"@type\":\"WebPage\",\"@id\":\"https:\/\/www.urbidermis.com\/es\/libro\/canon-de-belloch-catalogue-of-urban-trees\/\",\"url\":\"https:\/\/www.urbidermis.com\/es\/libro\/canon-de-belloch-catalogue-of-urban-trees\/\",\"name\":\"Canon de Belloch. Catalogue of Urban Trees - Urbidermis\",\"isPartOf\":{\"@id\":\"https:\/\/www.urbidermis.com\/es\/#website\"},\"primaryImageOfPage\":{\"@id\":\"https:\/\/www.urbidermis.com\/es\/libro\/canon-de-belloch-catalogue-of-urban-trees\/#primaryimage\"},\"image\":{\"@id\":\"https:\/\/www.urbidermis.com\/es\/libro\/canon-de-belloch-catalogue-of-urban-trees\/#primaryimage\"},\"thumbnailUrl\":\"https:\/\/www.urbidermis.com\/wp-content\/uploads\/Canon-de-belloch-ENG-portada-x2400.jpg\",\"datePublished\":\"2025-04-08T13:43:37+00:00\",\"dateModified\":\"2025-04-08T14:22:40+00:00\",\"breadcrumb\":{\"@id\":\"https:\/\/www.urbidermis.com\/es\/libro\/canon-de-belloch-catalogue-of-urban-trees\/#breadcrumb\"},\"inLanguage\":\"es\",\"potentialAction\":[{\"@type\":\"ReadAction\",\"target\":[\"https:\/\/www.urbidermis.com\/es\/libro\/canon-de-belloch-catalogue-of-urban-trees\/\"]}]},{\"@type\":\"ImageObject\",\"inLanguage\":\"es\",\"@id\":\"https:\/\/www.urbidermis.com\/es\/libro\/canon-de-belloch-catalogue-of-urban-trees\/#primaryimage\",\"url\":\"https:\/\/www.urbidermis.com\/wp-content\/uploads\/Canon-de-belloch-ENG-portada-x2400.jpg\",\"contentUrl\":\"https:\/\/www.urbidermis.com\/wp-content\/uploads\/Canon-de-belloch-ENG-portada-x2400.jpg\",\"width\":1786,\"height\":2400},{\"@type\":\"BreadcrumbList\",\"@id\":\"https:\/\/www.urbidermis.com\/es\/libro\/canon-de-belloch-catalogue-of-urban-trees\/#breadcrumb\",\"itemListElement\":[{\"@type\":\"ListItem\",\"position\":1,\"name\":\"Home\",\"item\":\"https:\/\/www.urbidermis.com\/es\/\"},{\"@type\":\"ListItem\",\"position\":2,\"name\":\"Productos\",\"item\":\"https:\/\/www.urbidermis.com\/es\/productos\/\"},{\"@type\":\"ListItem\",\"position\":3,\"name\":\"Canon de Belloch. Catalogue of Urban Trees\"}]},{\"@type\":\"WebSite\",\"@id\":\"https:\/\/www.urbidermis.com\/es\/#website\",\"url\":\"https:\/\/www.urbidermis.com\/es\/\",\"name\":\"Urbidermis\",\"description\":\"Expertos en la ciudad\",\"publisher\":{\"@id\":\"https:\/\/www.urbidermis.com\/es\/#organization\"},\"potentialAction\":[{\"@type\":\"SearchAction\",\"target\":{\"@type\":\"EntryPoint\",\"urlTemplate\":\"https:\/\/www.urbidermis.com\/es\/?s={search_term_string}\"},\"query-input\":\"required name=search_term_string\"}],\"inLanguage\":\"es\"},{\"@type\":\"Organization\",\"@id\":\"https:\/\/www.urbidermis.com\/es\/#organization\",\"name\":\"Urbidermis\",\"url\":\"https:\/\/www.urbidermis.com\/es\/\",\"logo\":{\"@type\":\"ImageObject\",\"inLanguage\":\"es\",\"@id\":\"https:\/\/www.urbidermis.com\/es\/#\/schema\/logo\/image\/\",\"url\":\"https:\/\/www.urbidermis.com\/wp-content\/uploads\/logo_urbdermis-1.png\",\"contentUrl\":\"https:\/\/www.urbidermis.com\/wp-content\/uploads\/logo_urbdermis-1.png\",\"width\":601,\"height\":1033,\"caption\":\"Urbidermis\"},\"image\":{\"@id\":\"https:\/\/www.urbidermis.com\/es\/#\/schema\/logo\/image\/\"}}]}<\/script>\n<!-- \/ Yoast SEO plugin. -->","yoast_head_json":{"title":"Canon de Belloch. Catalogue of Urban Trees - Urbidermis","robots":{"index":"index","follow":"follow","max-snippet":"max-snippet:-1","max-image-preview":"max-image-preview:large","max-video-preview":"max-video-preview:-1"},"canonical":"https:\/\/www.urbidermis.com\/es\/libro\/canon-de-belloch-catalogue-of-urban-trees\/","og_locale":"es_ES","og_type":"article","og_title":"Canon de Belloch. Catalogue of Urban Trees - Urbidermis","og_url":"https:\/\/www.urbidermis.com\/es\/libro\/canon-de-belloch-catalogue-of-urban-trees\/","og_site_name":"Urbidermis","article_modified_time":"2025-04-08T14:22:40+00:00","og_image":[{"width":1786,"height":2400,"url":"https:\/\/www.urbidermis.com\/wp-content\/uploads\/Canon-de-belloch-ENG-portada-x2400.jpg","type":"image\/jpeg"}],"twitter_card":"summary_large_image","schema":{"@context":"https:\/\/schema.org","@graph":[{"@type":"WebPage","@id":"https:\/\/www.urbidermis.com\/es\/libro\/canon-de-belloch-catalogue-of-urban-trees\/","url":"https:\/\/www.urbidermis.com\/es\/libro\/canon-de-belloch-catalogue-of-urban-trees\/","name":"Canon de Belloch. Catalogue of Urban Trees - Urbidermis","isPartOf":{"@id":"https:\/\/www.urbidermis.com\/es\/#website"},"primaryImageOfPage":{"@id":"https:\/\/www.urbidermis.com\/es\/libro\/canon-de-belloch-catalogue-of-urban-trees\/#primaryimage"},"image":{"@id":"https:\/\/www.urbidermis.com\/es\/libro\/canon-de-belloch-catalogue-of-urban-trees\/#primaryimage"},"thumbnailUrl":"https:\/\/www.urbidermis.com\/wp-content\/uploads\/Canon-de-belloch-ENG-portada-x2400.jpg","datePublished":"2025-04-08T13:43:37+00:00","dateModified":"2025-04-08T14:22:40+00:00","breadcrumb":{"@id":"https:\/\/www.urbidermis.com\/es\/libro\/canon-de-belloch-catalogue-of-urban-trees\/#breadcrumb"},"inLanguage":"es","potentialAction":[{"@type":"ReadAction","target":["https:\/\/www.urbidermis.com\/es\/libro\/canon-de-belloch-catalogue-of-urban-trees\/"]}]},{"@type":"ImageObject","inLanguage":"es","@id":"https:\/\/www.urbidermis.com\/es\/libro\/canon-de-belloch-catalogue-of-urban-trees\/#primaryimage","url":"https:\/\/www.urbidermis.com\/wp-content\/uploads\/Canon-de-belloch-ENG-portada-x2400.jpg","contentUrl":"https:\/\/www.urbidermis.com\/wp-content\/uploads\/Canon-de-belloch-ENG-portada-x2400.jpg","width":1786,"height":2400},{"@type":"BreadcrumbList","@id":"https:\/\/www.urbidermis.com\/es\/libro\/canon-de-belloch-catalogue-of-urban-trees\/#breadcrumb","itemListElement":[{"@type":"ListItem","position":1,"name":"Home","item":"https:\/\/www.urbidermis.com\/es\/"},{"@type":"ListItem","position":2,"name":"Productos","item":"https:\/\/www.urbidermis.com\/es\/productos\/"},{"@type":"ListItem","position":3,"name":"Canon de Belloch. Catalogue of Urban Trees"}]},{"@type":"WebSite","@id":"https:\/\/www.urbidermis.com\/es\/#website","url":"https:\/\/www.urbidermis.com\/es\/","name":"Urbidermis","description":"Expertos en la ciudad","publisher":{"@id":"https:\/\/www.urbidermis.com\/es\/#organization"},"potentialAction":[{"@type":"SearchAction","target":{"@type":"EntryPoint","urlTemplate":"https:\/\/www.urbidermis.com\/es\/?s={search_term_string}"},"query-input":"required name=search_term_string"}],"inLanguage":"es"},{"@type":"Organization","@id":"https:\/\/www.urbidermis.com\/es\/#organization","name":"Urbidermis","url":"https:\/\/www.urbidermis.com\/es\/","logo":{"@type":"ImageObject","inLanguage":"es","@id":"https:\/\/www.urbidermis.com\/es\/#\/schema\/logo\/image\/","url":"https:\/\/www.urbidermis.com\/wp-content\/uploads\/logo_urbdermis-1.png","contentUrl":"https:\/\/www.urbidermis.com\/wp-content\/uploads\/logo_urbdermis-1.png","width":601,"height":1033,"caption":"Urbidermis"},"image":{"@id":"https:\/\/www.urbidermis.com\/es\/#\/schema\/logo\/image\/"}}]}},"_links":{"self":[{"href":"https:\/\/www.urbidermis.com\/es\/wp-json\/wp\/v2\/product\/26535"}],"collection":[{"href":"https:\/\/www.urbidermis.com\/es\/wp-json\/wp\/v2\/product"}],"about":[{"href":"https:\/\/www.urbidermis.com\/es\/wp-json\/wp\/v2\/types\/product"}],"wp:featuredmedia":[{"embeddable":true,"href":"https:\/\/www.urbidermis.com\/es\/wp-json\/wp\/v2\/media\/26534"}],"wp:attachment":[{"href":"https:\/\/www.urbidermis.com\/es\/wp-json\/wp\/v2\/media?parent=26535"}],"wp:term":[{"taxonomy":"product_cat","embeddable":true,"href":"https:\/\/www.urbidermis.com\/es\/wp-json\/wp\/v2\/product_cat?post=26535"},{"taxonomy":"product_tag","embeddable":true,"href":"https:\/\/www.urbidermis.com\/es\/wp-json\/wp\/v2\/product_tag?post=26535"}],"curies":[{"name":"wp","href":"https:\/\/api.w.org\/{rel}","templated":true}]}}