


{"id":26754,"date":"2025-05-15T13:07:48","date_gmt":"2025-05-15T14:33:03","guid":{"rendered":"https:\/\/www.urbidermis.com\/?post_type=product&#038;p=26754"},"modified":"2025-10-31T12:01:01","modified_gmt":"2025-10-31T10:01:01","slug":"solana","status":"publish","type":"product","link":"https:\/\/www.urbidermis.com\/es\/mobiliario-urbano\/solana\/","title":{"rendered":"Solana"},"content":{"rendered":"","protected":false},"excerpt":{"rendered":"<p>Solana es una jardinera inteligente que convierte espacios urbanos en entornos verdes, minimizando el consumo de agua y la intervenci\u00f3n del personal de mantenimiento, para una gesti\u00f3n urbana m\u00e1s sostenible.<\/p>\n","protected":false},"featured_media":26741,"template":"","meta":{"_acf_changed":false,"inline_featured_image":false},"product_cat":[196,76],"product_tag":[],"acf":{"activador_seccion_impacto_acvs_secctions_acvs":false,"texto_enlace_amplifyapp":"","codigos_acvs_matching_row-leds":null,"activator_acf_option_madera_text":false,"texto_bajo_btn_certificados":"","check_para_validar_no_secc_aplication":false,"is_protocolo_y_control_generic":false,"is_producto_residencial_para_mostrar_info_diferente":false,"is_plano_de_cotas_validator":true,"galeria_multidimension_imagenes_plano_de_cotas_proyector":[{"texto_pestana_plano_galeria":"Jardinera","imagen_plano_de_cotas":"[link_wp_dam_url ids=\"18196\"]"}],"premios_producto_repeater":null,"participantes":"","autores":[2784],"ano_creacion_producto":"2023","validacion_producto_descarga":true,"galeria_imagenes_repeater_libro":[{"imagen_item_gal":"[link_wp_dam_url ids=\"18190\"]","activar_video_item_gal":false,"portada_video_item_gal":null,"video_en_horizonal_item_gal":false,"video_item_gal":false},{"imagen_item_gal":"[link_wp_dam_url ids=\"18193\"]","activar_video_item_gal":false,"portada_video_item_gal":null,"video_en_horizonal_item_gal":false,"video_item_gal":false},{"imagen_item_gal":"","activar_video_item_gal":true,"portada_video_item_gal":"","video_en_horizonal_item_gal":false,"video_item_gal":"1127474745"},{"imagen_item_gal":"[link_wp_dam_url ids=\"18203\"]","activar_video_item_gal":false,"portada_video_item_gal":null,"video_en_horizonal_item_gal":false,"video_item_gal":false},{"imagen_item_gal":"[link_wp_dam_url ids=\"18518\"]","activar_video_item_gal":false,"portada_video_item_gal":null,"video_en_horizonal_item_gal":false,"video_item_gal":false},{"imagen_item_gal":"[link_wp_dam_url ids=\"18519\"]","activar_video_item_gal":false,"portada_video_item_gal":null,"video_en_horizonal_item_gal":false,"video_item_gal":"1090126581"}],"secciones_producto":[{"acf_fc_layout":"seccion_navtabs_imagen_dinamica","title_group":{"title_tag":"h2","title_txt":"Tecnolog\u00eda para transformar el espacio urbano"},"texto_intro_principal":true,"texto_introductorio":"Solana no es solo una jardinera: es un sistema modular capaz de escalar a cualquier dimensi\u00f3n urbana. M\u00faltiples jardineras conectadas a una infraestructura cloud. Una infraestructura verde distribuida pensada para facilitar las tareas de mantenimiento, optimizar intervenciones y mejora la planificaci\u00f3n urbana, convirtiendo calles, plazas y espacios p\u00fablicos en ecosistemas sostenibles e inteligentes.","ventanas_detalles_producto":[{"title_group_producto_grid_single":{"title_tag":"h2","title_txt":"Funcionalidades"},"imagen_de_fondo_dinamic_single_producto":"","texto_contenido_ventana":true,"contenido_tabs_producto":"La jardinera est\u00e1 dise\u00f1ada para reducir costes de mantenimiento, optimizar los recursos y permitir la supervisi\u00f3n desde cualquier dispositivo a trav\u00e9s de la app urbidata.","acordion":true,"preguntas_y_respuestas":[{"pregunta":"Configuraci\u00f3n","respuesta":"<ul>\r\n \t<li>Riego autom\u00e1tico.<\/li>\r\n \t<li>Riego de supervivencia.<\/li>\r\n \t<li>Sin riego.<\/li>\r\n<\/ul>"},{"pregunta":"Monitorizaci\u00f3n","respuesta":"<ul role=\"list\">\r\n \t<li>Temperatura y humedad del sustrato.<\/li>\r\n \t<li>Detecci\u00f3n del nivel de agua en el dep\u00f3sito.<\/li>\r\n \t<li>Detecci\u00f3n de impactos y desplazamientos.<\/li>\r\n \t<li>Detecci\u00f3n de accesos de mantenimiento.<\/li>\r\n \t<li>Anal\u00edtica de estado de bater\u00eda.<\/li>\r\n \t<li>Predicci\u00f3n meteorol\u00f3gica.<\/li>\r\n<\/ul>"},{"pregunta":"Notificaciones","respuesta":"Push, email, WhatsApp o SMS:\r\n<ul>\r\n \t<li>Riegos<\/li>\r\n \t<li>Dep\u00f3sito<\/li>\r\n \t<li>Impactos<\/li>\r\n \t<li>Accesos<\/li>\r\n \t<li>Fallos<\/li>\r\n<\/ul>"}],"cuadricula_de_colores":false,"componentes_producto":null,"descargables":false,"tipo_datasheet":"simple","datasheet":null,"datasheet_multiple":null,"tipo_instrucciones":"simple","instructions":null,"instructions_multiple":null,"drawings_ce":null,"2d_cad":null,"3d_cad":null,"revit":null,"ldt_photometric_files":null,"ies_photometric_files":null,"validador_detalles_producto":false,"tipo_especificacion":""},{"title_group_producto_grid_single":{"title_tag":"h2","title_txt":"Tecnolog\u00eda"},"imagen_de_fondo_dinamic_single_producto":"","texto_contenido_ventana":true,"contenido_tabs_producto":"Su sistema inteligente combina sensores, conectividad y algoritmos locales que act\u00faan de forma aut\u00f3noma para mantener el bienestar de las plantas en el m\u00ednimo esfuerzo humano.","acordion":true,"preguntas_y_respuestas":[{"pregunta":"Comunicaci\u00f3n","respuesta":"<ul>\r\n \t<li>WiFi, LoRa, cellular -4G LTE-, GNSS y Bluetooth.<\/li>\r\n \t<li>Actualizaci\u00f3n OTA de Firmware.<\/li>\r\n \t<li style=\"list-style-type: none;\"><\/li>\r\n<\/ul>"},{"pregunta":"Hardware","respuesta":"<ul>\r\n \t<li>Sensor de humedad y temperatura.<\/li>\r\n \t<li>Bomba 12V autocebante.<\/li>\r\n \t<li>Aceler\u00f3metro triaxial.<\/li>\r\n \t<li>Bater\u00eda 12Ah.<\/li>\r\n \t<li>Panel fotovoltaico mono-cristalino.<\/li>\r\n \t<li>\u00b7 Potencial nominal: 20Wp<\/li>\r\n \t<li>\u00b7 Voltaje m\u00e1ximo: 18V<\/li>\r\n \t<li>\u00b7 Cristal templado: 3,2 mm<\/li>\r\n \t<li>\u00b7 STC (condiciones est\u00e1ndar de medida): 1000W\/m2 de irradiancia, distribuci\u00f3n espectral AM 1,5, temperatura 25\u00b12\u00baC<\/li>\r\n \t<li>Equipo Edge Computing, con BMS y comunicaciones.<\/li>\r\n \t<li>\u00b7 Temperatura de trabajo: +5\/+40\u00baC<\/li>\r\n \t<li>\u00b7 Consumo energ\u00e9tico (aproximado): Reposo: 0,10Wh; Conectada: 1,25Wh \/ 2,30Wh; R\u00e9gimen: 14,60Wh \/ 15,60Wh<\/li>\r\n<\/ul>\r\n<ul>\r\n \t<li style=\"list-style-type: none;\">\r\n<ul>\r\n \t<li style=\"list-style-type: none;\">\r\n<ul>\r\n \t<li style=\"list-style-type: none;\"><\/li>\r\n<\/ul>\r\n<\/li>\r\n<\/ul>\r\n<\/li>\r\n<\/ul>"},{"pregunta":"Software","respuesta":"<ul>\r\n \t<li>Programaci\u00f3n del agente Edge.<\/li>\r\n \t<li>Integraci\u00f3n de API con sistemas externos.<\/li>\r\n \t<li>Accesible desde ordenador, tableta o dispositivo m\u00f3vil.<\/li>\r\n<\/ul>"}],"cuadricula_de_colores":false,"componentes_producto":[{"nombre_componente":"","colores":["hpl_marron"]}],"descargables":false,"tipo_datasheet":"simple","datasheet":null,"datasheet_multiple":null,"tipo_instrucciones":"simple","instructions":null,"instructions_multiple":null,"drawings_ce":null,"2d_cad":null,"3d_cad":null,"revit":null,"ldt_photometric_files":null,"ies_photometric_files":null,"validador_detalles_producto":false,"tipo_especificacion":""},{"title_group_producto_grid_single":{"title_tag":"h2","title_txt":"Materiales"},"imagen_de_fondo_dinamic_single_producto":"","texto_contenido_ventana":true,"contenido_tabs_producto":"<ul>\r\n \t<li>Dep\u00f3sito realizado en PE reciclado rotomoldeado.<\/li>\r\n \t<li>Paneles exteriores de listones de laminado compacto de alta presi\u00f3n (HPL).<\/li>\r\n \t<li>Tapa superior de acero inoxidable AISI304 acabado termolacado.<\/li>\r\n \t<li>Elementos de apoyo de acero galvanizado en caliente.<\/li>\r\n \t<li>Sistema de riego por manguera porosa por exudaci\u00f3n.<\/li>\r\n \t<li>Caja estanca para elementos electr\u00f3nicos de PP.<\/li>\r\n \t<li>Torniller\u00eda de acero inoxidable A2.<\/li>\r\n<\/ul>","acordion":false,"preguntas_y_respuestas":[{"pregunta":"","respuesta":""},{"pregunta":"","respuesta":""},{"pregunta":"","respuesta":""}],"cuadricula_de_colores":false,"componentes_producto":[{"nombre_componente":"","colores":["hpl_marron"]}],"descargables":false,"tipo_datasheet":"simple","datasheet":null,"datasheet_multiple":null,"tipo_instrucciones":"simple","instructions":null,"instructions_multiple":null,"drawings_ce":null,"2d_cad":null,"3d_cad":null,"revit":null,"ldt_photometric_files":null,"ies_photometric_files":null,"validador_detalles_producto":false,"tipo_especificacion":""},{"title_group_producto_grid_single":{"title_tag":"h2","title_txt":"Acabados"},"imagen_de_fondo_dinamic_single_producto":"","texto_contenido_ventana":true,"contenido_tabs_producto":"Los colores mostrados son meramente indicativos.\r\nOtros colores bajo demanda.\r\nConsultar acabados para ambientes marinos.","acordion":false,"preguntas_y_respuestas":null,"cuadricula_de_colores":true,"componentes_producto":[{"nombre_componente":"","colores":["hpl_marron"]}],"descargables":false,"tipo_datasheet":"simple","datasheet":null,"datasheet_multiple":null,"tipo_instrucciones":"simple","instructions":null,"instructions_multiple":null,"drawings_ce":null,"2d_cad":null,"3d_cad":null,"revit":null,"ldt_photometric_files":null,"ies_photometric_files":null,"validador_detalles_producto":false,"tipo_especificacion":""},{"title_group_producto_grid_single":{"title_tag":"h2","title_txt":"Dibujo de cotas"},"imagen_de_fondo_dinamic_single_producto":"","texto_contenido_ventana":false,"contenido_tabs_producto":"","acordion":false,"preguntas_y_respuestas":null,"cuadricula_de_colores":false,"componentes_producto":null,"descargables":false,"tipo_datasheet":"simple","datasheet":null,"datasheet_multiple":null,"tipo_instrucciones":"simple","instructions":null,"instructions_multiple":null,"drawings_ce":null,"2d_cad":null,"3d_cad":null,"revit":null,"ldt_photometric_files":null,"ies_photometric_files":null,"validador_detalles_producto":false,"tipo_especificacion":""},{"title_group_producto_grid_single":{"title_tag":"h2","title_txt":"Instalaci\u00f3n"},"imagen_de_fondo_dinamic_single_producto":"","texto_contenido_ventana":true,"contenido_tabs_producto":"<ul>\r\n \t<li>No necesita anclaje a pavimento.<\/li>\r\n \t<li>El elemento se suministra montado y embalado.<\/li>\r\n \t<li>Incorpora una bater\u00eda.<\/li>\r\n \t<li>Opcionalmente puede ser conectada a la red el\u00e9ctrica. Instrucciones de instalaci\u00f3n y montaje incluidas.<\/li>\r\n<\/ul>","acordion":false,"preguntas_y_respuestas":null,"cuadricula_de_colores":false,"componentes_producto":null,"descargables":false,"tipo_datasheet":"simple","datasheet":null,"datasheet_multiple":null,"tipo_instrucciones":"simple","instructions":null,"instructions_multiple":null,"drawings_ce":null,"2d_cad":null,"3d_cad":null,"revit":null,"ldt_photometric_files":null,"ies_photometric_files":null,"validador_detalles_producto":false,"tipo_especificacion":"certificados"},{"title_group_producto_grid_single":{"title_tag":"h2","title_txt":"Mantenimiento"},"imagen_de_fondo_dinamic_single_producto":"","texto_contenido_ventana":true,"contenido_tabs_producto":"<ul role=\"list\">\r\n \t<li>Dep\u00f3sito con capacidad \u00fatil para 100l.<\/li>\r\n<\/ul>\r\n&nbsp;\r\n<ul role=\"list\">\r\n \t<li>Volumen de sustrato de 0,24m3.<\/li>\r\n<\/ul>\r\n&nbsp;\r\n<ul role=\"list\">\r\n \t<li>Incluye un sistema IoT con sensores integrados conectado a una plataforma de gesti\u00f3n en la nube.<\/li>\r\n<\/ul>\r\n&nbsp;\r\n<ul role=\"list\">\r\n \t<li>La propia jardinera se autorregula seg\u00fan las necesidades h\u00eddricas de la planta, ahorrando agua.<\/li>\r\n<\/ul>\r\n&nbsp;\r\n<ul role=\"list\">\r\n \t<li>Detecta desplazamientos, impactos y actos vand\u00e1licos.<\/li>\r\n<\/ul>\r\n&nbsp;\r\n<ul role=\"list\">\r\n \t<li>No requiere mantenimiento.<\/li>\r\n<\/ul>\r\n&nbsp;\r\n<ul role=\"list\">\r\n \t<li>Despliegue de la plataforma Urbidata.<\/li>\r\n<\/ul>","acordion":false,"preguntas_y_respuestas":null,"cuadricula_de_colores":false,"componentes_producto":null,"descargables":false,"tipo_datasheet":"simple","datasheet":null,"datasheet_multiple":null,"tipo_instrucciones":"simple","instructions":null,"instructions_multiple":null,"drawings_ce":null,"2d_cad":null,"3d_cad":null,"revit":null,"ldt_photometric_files":null,"ies_photometric_files":null,"validador_detalles_producto":false,"tipo_especificacion":"certificados"},{"title_group_producto_grid_single":{"title_tag":"h2","title_txt":"Certificados"},"imagen_de_fondo_dinamic_single_producto":"","texto_contenido_ventana":false,"contenido_tabs_producto":"","acordion":false,"preguntas_y_respuestas":[{"pregunta":"Funciones IoT","respuesta":"<strong>L\u00f3gicas de riego<\/strong>\r\n<ul>\r\n \t<li>Autogestionada por sensores.<\/li>\r\n \t<li>Programada por calendario.<\/li>\r\n \t<li>Remota forzada.<\/li>\r\n<\/ul>\r\n&nbsp;\r\n\r\n<strong>Monitorizaci\u00f3n<\/strong>\r\n<ul>\r\n \t<li>Temperatura y humedad del sustrato.<\/li>\r\n \t<li>Detecci\u00f3n de impacto y movimiento.<\/li>\r\n \t<li>Detecci\u00f3n del nivel de agua en el dep\u00f3sito.<\/li>\r\n \t<li>Tamper-proof de intrusiones en el Hardware.<\/li>\r\n \t<li>Eventos meteorol\u00f3gicos.<\/li>\r\n \t<li>Estado de la bater\u00eda.<\/li>\r\n \t<li>Localizaci\u00f3n.<\/li>\r\n<\/ul>"},{"pregunta":"Software","respuesta":"Urbidata, City operative system.\r\nIntegraci\u00f3n API con servicios externos.\r\nMonitorizaci\u00f3n en tiempo real del estado de los activos.\r\n\r\n<strong>Localizaci\u00f3n<\/strong>\r\n\r\nMapa interactivo de localizaci\u00f3n y gesti\u00f3n remota de los elementos IoT.\r\n\r\n<strong>An\u00e1lisis\r\n<\/strong>Interpretaci\u00f3n e historificaci\u00f3n de datos:\r\n<ul>\r\n \t<li>Humedad sustrato.<\/li>\r\n \t<li>Temperatura sustrato.<\/li>\r\n \t<li>Riegos.<\/li>\r\n \t<li>Nivel dep\u00f3sito de agua.<\/li>\r\n \t<li>Estado bater\u00eda.<\/li>\r\n<\/ul>\r\n&nbsp;\r\n\r\n<strong>Avisos<\/strong>\r\nPantalla de gesti\u00f3n de incidencias y notificaciones: Riegos.\r\n<ul>\r\n \t<li>Dep\u00f3sito de agua bajo.<\/li>\r\n \t<li>Bater\u00eda baja.<\/li>\r\n \t<li>Impacto detectado.<\/li>\r\n \t<li>Acceso detectado.<\/li>\r\n \t<li>Fallo de comunicaci\u00f3n.<\/li>\r\n<\/ul>\r\nNotificaciones automatizadas en plataforma y\/o por correo.\r\nGesti\u00f3n perfiles Admin o User y asignaci\u00f3n de roles.\r\nResumen de estado de los activos digitalizados.\r\nVersi\u00f3n desktop, tablet y mobile."}],"cuadricula_de_colores":false,"componentes_producto":null,"descargables":false,"tipo_datasheet":"simple","datasheet":null,"datasheet_multiple":null,"tipo_instrucciones":"simple","instructions":null,"instructions_multiple":null,"drawings_ce":null,"2d_cad":null,"3d_cad":null,"revit":null,"ldt_photometric_files":null,"ies_photometric_files":null,"validador_detalles_producto":true,"tipo_especificacion":"certificados"},{"title_group_producto_grid_single":{"title_tag":"h2","title_txt":"Peso"},"imagen_de_fondo_dinamic_single_producto":"","texto_contenido_ventana":true,"contenido_tabs_producto":"Jardinera (sin agua, sin substrato):\r\n80\r\nJardinera (con agua, con substrato):\r\n450\r\n\r\n*Peso sin embalaje (kg).","acordion":false,"preguntas_y_respuestas":[{"pregunta":"Comunicaci\u00f3n","respuesta":"WiFi, GSM\/GPRS, LoRA, Bluetooth.\r\nActualizaci\u00f3n OTA de Firmware (excepto LoRa)."},{"pregunta":"Hardware","respuesta":"<ul>\r\n \t<li class=\"p2\">Sensor de humedad y temperatura de tres polos.<\/li>\r\n \t<li class=\"p2\">Bater\u00eda 12Ah y m\u00f3dulo de carga integrado.<\/li>\r\n \t<li class=\"p2\">Bomba 12V autocebante, con protecci\u00f3n t\u00e9rmica.<\/li>\r\n \t<li class=\"p2\">Aceler\u00f3metro de tres ejes.<\/li>\r\n \t<li class=\"p2\">Microcontrolador Urbidermis con alimentaci\u00f3n 12V\/5V.<\/li>\r\n \t<li class=\"p2\">Temperatura de trabajo: +5\/+40\u00baC.<\/li>\r\n \t<li class=\"p2\">Consumo energ\u00e9tico (aproximado):\r\n<ul>\r\n \t<li class=\"p2\">Reposo: 0,10Wh<\/li>\r\n \t<li class=\"p2\">Conectada: 1,25Wh \/ 2,30Wh<\/li>\r\n \t<li class=\"p2\">Riego: 14,60Wh \/ 15,60Wh<\/li>\r\n<\/ul>\r\n<\/li>\r\n<\/ul>"},{"pregunta":"Placas fotovoltaicas","respuesta":"Panel fotovoltaico de c\u00e9lulas mono-cristalinas.\r\n<ul>\r\n \t<li>Potencial nominal: 20Wp.<\/li>\r\n \t<li>Voltaje m\u00e1ximo: 18V.<\/li>\r\n \t<li>Cristal templado: 3,2 mm.<\/li>\r\n \t<li>STC (condiciones est\u00e1ndar de medida):\r\n1000W\/m2 de irradiancia, distribuci\u00f3n espectral AM 1,5, temperatura 25\u00b12\u00baC.<\/li>\r\n<\/ul>"}],"cuadricula_de_colores":false,"componentes_producto":null,"descargables":false,"tipo_datasheet":"simple","datasheet":null,"datasheet_multiple":null,"tipo_instrucciones":"simple","instructions":null,"instructions_multiple":null,"drawings_ce":null,"2d_cad":null,"3d_cad":null,"revit":null,"ldt_photometric_files":null,"ies_photometric_files":null,"validador_detalles_producto":false,"tipo_especificacion":""}]},{"acf_fc_layout":"seccion_navtabs_imagen_dinamica","title_group":{"title_tag":"h2","title_txt":"Descargables"},"texto_intro_principal":false,"texto_introductorio":"","ventanas_detalles_producto":null},{"acf_fc_layout":"seccion_consulta_nuestros_expertos","imagen_de_fondo_single_producto":"[link_wp_dam_url ids=\"18188\" size=\"x2400\"]","imagen_de_fondo_single_producto_mobile":""}],"dist_simetrica":"","dist_asimetrica":"","dist_indirecta":"","dist_suelo":"","control":"","certificados":["ce","ip66","ik08"],"nombre_arbol_entre_comillas":"","nombre_solo_plantas_field":"","isbn_campo_texto":"","autor_book_publicacion_producto":"","idioma_campo_texto":"","enquadernacion_campo_texto":"","_numero_de_paginas_campo_texto":"","pdf_asociado_producto":"","resumen_libro":"","text_content_family_basic_information":"","text_content_family_basic_number_width":"","text_content_family_basic_number_height":"","text_content_planting_density":"","flowers_option_colours":"","flowers_option_season":"","properties_option_pruning":"","properties_option_watering":"","properties_option_sun_exposure":"","properties_option_minimum_temp":"","properties_option_soil_type":"","properties_option_fire":"","properties_option_heat":"","properties_option_moisture":"","properties_option_dryness":"","properties_option_coastal_area":"","texto_introduccion_landing_custom":"","enlace_descubre_mas_custom":"","selecciona_tipo_de_imagen_custom":"","imagen_vertical_custom":"","imagen_horizontal_custom":"","opciones_de_texto_1":true,"opciones_de_texto_2":"acabado_standar","opciones_de_texto_3":""},"yoast_head":"<!-- This site is optimized with the Yoast SEO plugin v22.8 - https:\/\/yoast.com\/wordpress\/plugins\/seo\/ -->\n<title>Solana - Urbidermis<\/title>\n<meta name=\"robots\" content=\"index, follow, max-snippet:-1, max-image-preview:large, max-video-preview:-1\" \/>\n<link rel=\"canonical\" href=\"https:\/\/www.urbidermis.com\/es\/mobiliario-urbano\/solana\/\" \/>\n<meta property=\"og:locale\" content=\"es_ES\" \/>\n<meta property=\"og:type\" content=\"article\" \/>\n<meta property=\"og:title\" content=\"Solana - Urbidermis\" \/>\n<meta property=\"og:description\" content=\"Solana es una jardinera inteligente que convierte espacios urbanos en entornos verdes, minimizando el consumo de agua y la intervenci\u00f3n del personal de mantenimiento, para una gesti\u00f3n urbana m\u00e1s sostenible.\" \/>\n<meta property=\"og:url\" content=\"https:\/\/www.urbidermis.com\/es\/mobiliario-urbano\/solana\/\" \/>\n<meta property=\"og:site_name\" content=\"Urbidermis\" \/>\n<meta property=\"article:modified_time\" content=\"2025-10-31T10:01:01+00:00\" \/>\n<meta property=\"og:image\" content=\"https:\/\/www.urbidermis.com\/wp-content\/uploads\/20240117_Spain_Ullastret_SAJ_Laia_Sabate\u0301_04-scaled.jpg\" \/>\n\t<meta property=\"og:image:width\" content=\"1707\" \/>\n\t<meta property=\"og:image:height\" content=\"2560\" \/>\n\t<meta property=\"og:image:type\" content=\"image\/jpeg\" \/>\n<meta name=\"twitter:card\" content=\"summary_large_image\" \/>\n<script type=\"application\/ld+json\" class=\"yoast-schema-graph\">{\"@context\":\"https:\/\/schema.org\",\"@graph\":[{\"@type\":\"WebPage\",\"@id\":\"https:\/\/www.urbidermis.com\/es\/mobiliario-urbano\/solana\/\",\"url\":\"https:\/\/www.urbidermis.com\/es\/mobiliario-urbano\/solana\/\",\"name\":\"Solana - Urbidermis\",\"isPartOf\":{\"@id\":\"https:\/\/www.urbidermis.com\/es\/#website\"},\"primaryImageOfPage\":{\"@id\":\"https:\/\/www.urbidermis.com\/es\/mobiliario-urbano\/solana\/#primaryimage\"},\"image\":{\"@id\":\"https:\/\/www.urbidermis.com\/es\/mobiliario-urbano\/solana\/#primaryimage\"},\"thumbnailUrl\":\"https:\/\/www.urbidermis.com\/wp-content\/uploads\/20240117_Spain_Ullastret_SAJ_Laia_Sabate\u0301_04-scaled.jpg\",\"datePublished\":\"2025-05-15T14:33:03+00:00\",\"dateModified\":\"2025-10-31T10:01:01+00:00\",\"breadcrumb\":{\"@id\":\"https:\/\/www.urbidermis.com\/es\/mobiliario-urbano\/solana\/#breadcrumb\"},\"inLanguage\":\"es\",\"potentialAction\":[{\"@type\":\"ReadAction\",\"target\":[\"https:\/\/www.urbidermis.com\/es\/mobiliario-urbano\/solana\/\"]}]},{\"@type\":\"ImageObject\",\"inLanguage\":\"es\",\"@id\":\"https:\/\/www.urbidermis.com\/es\/mobiliario-urbano\/solana\/#primaryimage\",\"url\":\"https:\/\/www.urbidermis.com\/wp-content\/uploads\/20240117_Spain_Ullastret_SAJ_Laia_Sabate\u0301_04-scaled.jpg\",\"contentUrl\":\"https:\/\/www.urbidermis.com\/wp-content\/uploads\/20240117_Spain_Ullastret_SAJ_Laia_Sabate\u0301_04-scaled.jpg\",\"width\":1707,\"height\":2560},{\"@type\":\"BreadcrumbList\",\"@id\":\"https:\/\/www.urbidermis.com\/es\/mobiliario-urbano\/solana\/#breadcrumb\",\"itemListElement\":[{\"@type\":\"ListItem\",\"position\":1,\"name\":\"Home\",\"item\":\"https:\/\/www.urbidermis.com\/es\/\"},{\"@type\":\"ListItem\",\"position\":2,\"name\":\"Productos\",\"item\":\"https:\/\/www.urbidermis.com\/es\/productos\/\"},{\"@type\":\"ListItem\",\"position\":3,\"name\":\"Solana\"}]},{\"@type\":\"WebSite\",\"@id\":\"https:\/\/www.urbidermis.com\/es\/#website\",\"url\":\"https:\/\/www.urbidermis.com\/es\/\",\"name\":\"Urbidermis\",\"description\":\"Expertos en la ciudad\",\"publisher\":{\"@id\":\"https:\/\/www.urbidermis.com\/es\/#organization\"},\"potentialAction\":[{\"@type\":\"SearchAction\",\"target\":{\"@type\":\"EntryPoint\",\"urlTemplate\":\"https:\/\/www.urbidermis.com\/es\/?s={search_term_string}\"},\"query-input\":\"required name=search_term_string\"}],\"inLanguage\":\"es\"},{\"@type\":\"Organization\",\"@id\":\"https:\/\/www.urbidermis.com\/es\/#organization\",\"name\":\"Urbidermis\",\"url\":\"https:\/\/www.urbidermis.com\/es\/\",\"logo\":{\"@type\":\"ImageObject\",\"inLanguage\":\"es\",\"@id\":\"https:\/\/www.urbidermis.com\/es\/#\/schema\/logo\/image\/\",\"url\":\"https:\/\/www.urbidermis.com\/wp-content\/uploads\/logo_urbdermis-1.png\",\"contentUrl\":\"https:\/\/www.urbidermis.com\/wp-content\/uploads\/logo_urbdermis-1.png\",\"width\":601,\"height\":1033,\"caption\":\"Urbidermis\"},\"image\":{\"@id\":\"https:\/\/www.urbidermis.com\/es\/#\/schema\/logo\/image\/\"}}]}<\/script>\n<!-- \/ Yoast SEO plugin. -->","yoast_head_json":{"title":"Solana - Urbidermis","robots":{"index":"index","follow":"follow","max-snippet":"max-snippet:-1","max-image-preview":"max-image-preview:large","max-video-preview":"max-video-preview:-1"},"canonical":"https:\/\/www.urbidermis.com\/es\/mobiliario-urbano\/solana\/","og_locale":"es_ES","og_type":"article","og_title":"Solana - Urbidermis","og_description":"Solana es una jardinera inteligente que convierte espacios urbanos en entornos verdes, minimizando el consumo de agua y la intervenci\u00f3n del personal de mantenimiento, para una gesti\u00f3n urbana m\u00e1s sostenible.","og_url":"https:\/\/www.urbidermis.com\/es\/mobiliario-urbano\/solana\/","og_site_name":"Urbidermis","article_modified_time":"2025-10-31T10:01:01+00:00","og_image":[{"width":1707,"height":2560,"url":"https:\/\/www.urbidermis.com\/wp-content\/uploads\/20240117_Spain_Ullastret_SAJ_Laia_Sabate\u0301_04-scaled.jpg","type":"image\/jpeg"}],"twitter_card":"summary_large_image","schema":{"@context":"https:\/\/schema.org","@graph":[{"@type":"WebPage","@id":"https:\/\/www.urbidermis.com\/es\/mobiliario-urbano\/solana\/","url":"https:\/\/www.urbidermis.com\/es\/mobiliario-urbano\/solana\/","name":"Solana - Urbidermis","isPartOf":{"@id":"https:\/\/www.urbidermis.com\/es\/#website"},"primaryImageOfPage":{"@id":"https:\/\/www.urbidermis.com\/es\/mobiliario-urbano\/solana\/#primaryimage"},"image":{"@id":"https:\/\/www.urbidermis.com\/es\/mobiliario-urbano\/solana\/#primaryimage"},"thumbnailUrl":"https:\/\/www.urbidermis.com\/wp-content\/uploads\/20240117_Spain_Ullastret_SAJ_Laia_Sabate\u0301_04-scaled.jpg","datePublished":"2025-05-15T14:33:03+00:00","dateModified":"2025-10-31T10:01:01+00:00","breadcrumb":{"@id":"https:\/\/www.urbidermis.com\/es\/mobiliario-urbano\/solana\/#breadcrumb"},"inLanguage":"es","potentialAction":[{"@type":"ReadAction","target":["https:\/\/www.urbidermis.com\/es\/mobiliario-urbano\/solana\/"]}]},{"@type":"ImageObject","inLanguage":"es","@id":"https:\/\/www.urbidermis.com\/es\/mobiliario-urbano\/solana\/#primaryimage","url":"https:\/\/www.urbidermis.com\/wp-content\/uploads\/20240117_Spain_Ullastret_SAJ_Laia_Sabate\u0301_04-scaled.jpg","contentUrl":"https:\/\/www.urbidermis.com\/wp-content\/uploads\/20240117_Spain_Ullastret_SAJ_Laia_Sabate\u0301_04-scaled.jpg","width":1707,"height":2560},{"@type":"BreadcrumbList","@id":"https:\/\/www.urbidermis.com\/es\/mobiliario-urbano\/solana\/#breadcrumb","itemListElement":[{"@type":"ListItem","position":1,"name":"Home","item":"https:\/\/www.urbidermis.com\/es\/"},{"@type":"ListItem","position":2,"name":"Productos","item":"https:\/\/www.urbidermis.com\/es\/productos\/"},{"@type":"ListItem","position":3,"name":"Solana"}]},{"@type":"WebSite","@id":"https:\/\/www.urbidermis.com\/es\/#website","url":"https:\/\/www.urbidermis.com\/es\/","name":"Urbidermis","description":"Expertos en la ciudad","publisher":{"@id":"https:\/\/www.urbidermis.com\/es\/#organization"},"potentialAction":[{"@type":"SearchAction","target":{"@type":"EntryPoint","urlTemplate":"https:\/\/www.urbidermis.com\/es\/?s={search_term_string}"},"query-input":"required name=search_term_string"}],"inLanguage":"es"},{"@type":"Organization","@id":"https:\/\/www.urbidermis.com\/es\/#organization","name":"Urbidermis","url":"https:\/\/www.urbidermis.com\/es\/","logo":{"@type":"ImageObject","inLanguage":"es","@id":"https:\/\/www.urbidermis.com\/es\/#\/schema\/logo\/image\/","url":"https:\/\/www.urbidermis.com\/wp-content\/uploads\/logo_urbdermis-1.png","contentUrl":"https:\/\/www.urbidermis.com\/wp-content\/uploads\/logo_urbdermis-1.png","width":601,"height":1033,"caption":"Urbidermis"},"image":{"@id":"https:\/\/www.urbidermis.com\/es\/#\/schema\/logo\/image\/"}}]}},"_links":{"self":[{"href":"https:\/\/www.urbidermis.com\/es\/wp-json\/wp\/v2\/product\/26754"}],"collection":[{"href":"https:\/\/www.urbidermis.com\/es\/wp-json\/wp\/v2\/product"}],"about":[{"href":"https:\/\/www.urbidermis.com\/es\/wp-json\/wp\/v2\/types\/product"}],"acf:post":[{"embeddable":true,"href":"https:\/\/www.urbidermis.com\/es\/wp-json\/wp\/v2\/autores\/2784"}],"wp:featuredmedia":[{"embeddable":true,"href":"https:\/\/www.urbidermis.com\/es\/wp-json\/wp\/v2\/media\/26741"}],"wp:attachment":[{"href":"https:\/\/www.urbidermis.com\/es\/wp-json\/wp\/v2\/media?parent=26754"}],"wp:term":[{"taxonomy":"product_cat","embeddable":true,"href":"https:\/\/www.urbidermis.com\/es\/wp-json\/wp\/v2\/product_cat?post=26754"},{"taxonomy":"product_tag","embeddable":true,"href":"https:\/\/www.urbidermis.com\/es\/wp-json\/wp\/v2\/product_tag?post=26754"}],"curies":[{"name":"wp","href":"https:\/\/api.w.org\/{rel}","templated":true}]}}