


{"id":6611,"date":"2022-03-01T10:27:10","date_gmt":"2022-03-01T10:27:10","guid":{"rendered":"https:\/\/ubweb21.urbidermis.com\/product\/candela\/"},"modified":"2026-04-08T10:11:31","modified_gmt":"2026-04-08T08:11:31","slug":"candela","status":"publish","type":"product","link":"https:\/\/www.urbidermis.com\/es\/iluminacion-urbana\/candela\/","title":{"rendered":"Candela"},"content":{"rendered":"","protected":false},"excerpt":{"rendered":"<p>Luminaria de geometr\u00eda ovalada pensada para la iluminaci\u00f3n de grandes viales urbanos. Candela es un sistema de iluminaci\u00f3n flexible, con una o dos luminarias a la misma o distintas alturas y varias longitudes de brazo.<\/p>\n","protected":false},"featured_media":8153,"template":"","meta":{"_acf_changed":false,"inline_featured_image":false},"product_cat":[77,84],"product_tag":[],"acf":{"activador_seccion_impacto_acvs_secctions_acvs":true,"texto_enlace_amplifyapp":"Candela_Urban_lighting","codigos_acvs_matching_row-leds":[{"texto_pestana_item_fetch":"48 LED","codigo_item_fetch":"CLF48XX new"},{"texto_pestana_item_fetch":"72 LED","codigo_item_fetch":" CLF72XX new"},{"texto_pestana_item_fetch":"88 LED","codigo_item_fetch":"CLF88XX new"},{"texto_pestana_item_fetch":"96 LED","codigo_item_fetch":"CLF96XX new"}],"activator_acf_option_madera_text":false,"texto_bajo_btn_certificados":"","check_para_validar_no_secc_aplication":false,"is_protocolo_y_control_generic":true,"is_producto_residencial_para_mostrar_info_diferente":false,"is_plano_de_cotas_validator":true,"galeria_multidimension_imagenes_plano_de_cotas_proyector":[{"texto_pestana_plano_galeria":"Iluminaci\u00f3n en columna","imagen_plano_de_cotas":"[link_wp_dam_url ids=\"14835\"]"}],"premios_producto_repeater":[{"nombre_premio_sub_item":"ADI FAD SELECTION","ano_premio_sub_item":"2010"}],"participantes":[10286],"autores":[10504],"ano_creacion_producto":"2009","validacion_producto_descarga":true,"galeria_imagenes_repeater_libro":[{"imagen_item_gal":"[link_wp_dam_url ids=\"17754\"]","activar_video_item_gal":false,"portada_video_item_gal":null,"video_en_horizonal_item_gal":false,"video_item_gal":false},{"imagen_item_gal":"[link_wp_dam_url ids=\"17756\"]","activar_video_item_gal":false,"portada_video_item_gal":null,"video_en_horizonal_item_gal":false,"video_item_gal":false},{"imagen_item_gal":"[link_wp_dam_url ids=\"14958\"]","activar_video_item_gal":false,"portada_video_item_gal":null,"video_en_horizonal_item_gal":false,"video_item_gal":false},{"imagen_item_gal":"[link_wp_dam_url ids=\"12608\"]","activar_video_item_gal":false,"portada_video_item_gal":null,"video_en_horizonal_item_gal":false,"video_item_gal":false},{"imagen_item_gal":"[link_wp_dam_url ids=\"12605\"]","activar_video_item_gal":false,"portada_video_item_gal":null,"video_en_horizonal_item_gal":false,"video_item_gal":false},{"imagen_item_gal":"[link_wp_dam_url ids=\"14960\"]","activar_video_item_gal":false,"portada_video_item_gal":null,"video_en_horizonal_item_gal":false,"video_item_gal":false},{"imagen_item_gal":"[link_wp_dam_url ids=\"14959\"]","activar_video_item_gal":false,"portada_video_item_gal":null,"video_en_horizonal_item_gal":false,"video_item_gal":false}],"secciones_producto":[{"acf_fc_layout":"seccion_navtabs_imagen_dinamica","title_group":{"title_tag":"h2","title_txt":"Potencia sin contaminaci\u00f3n"},"texto_intro_principal":true,"texto_introductorio":"La luminaria urbana Candela contiene ordenadamente el conjunto \u00f3ptico y el\u00e9ctrico. Su alta eficiencia, la posibilidad de regulaci\u00f3n y una precisa distribuci\u00f3n de la luz mediante una amplia gama de \u00f3pticas, ofrece un buen confort visual y una iluminaci\u00f3n precisa en calzadas, avenidas o amplias aceras peatonales sin contaminaci\u00f3n lum\u00ednica.","ventanas_detalles_producto":[{"title_group_producto_grid_single":{"title_tag":"h2","title_txt":"Materiales"},"imagen_de_fondo_dinamic_single_producto":"","texto_contenido_ventana":true,"contenido_tabs_producto":"<ul>\r\n \t<li>Luminaria de inyecci\u00f3n de aluminio EN-AC-47100 anodizado y acabado termolacado.<\/li>\r\n \t<li>Difusor de vidrio \u00f3ptico templado.<\/li>\r\n \t<li>Torniller\u00eda de acero inoxidable A2 y prensaestopas met\u00e1lico.<\/li>\r\n<\/ul>","acordion":false,"preguntas_y_respuestas":null,"cuadricula_de_colores":false,"componentes_producto":null,"descargables":false,"tipo_datasheet":"simple","datasheet":null,"datasheet_multiple":null,"tipo_instrucciones":"simple","instructions":null,"instructions_multiple":null,"drawings_ce":null,"2d_cad":null,"3d_cad":null,"revit":null,"ldt_photometric_files":null,"ies_photometric_files":null,"validador_detalles_producto":false,"tipo_especificacion":"distribucion"},{"title_group_producto_grid_single":{"title_tag":"h2","title_txt":"Acabados"},"imagen_de_fondo_dinamic_single_producto":"","texto_contenido_ventana":true,"contenido_tabs_producto":"Los colores mostrados son meramente indicativos.\r\nOtros colores bajo demanda.\r\nConsultar acabados para ambientes marinos.","acordion":false,"preguntas_y_respuestas":null,"cuadricula_de_colores":true,"componentes_producto":[{"nombre_componente":"","colores":["gris_claro","gris_medio","gris_oscuro"]}],"descargables":false,"tipo_datasheet":"simple","datasheet":null,"datasheet_multiple":null,"tipo_instrucciones":"simple","instructions":null,"instructions_multiple":null,"drawings_ce":null,"2d_cad":null,"3d_cad":null,"revit":null,"ldt_photometric_files":null,"ies_photometric_files":null,"validador_detalles_producto":false,"tipo_especificacion":""},{"title_group_producto_grid_single":{"title_tag":"h2","title_txt":"Fuente de luz"},"imagen_de_fondo_dinamic_single_producto":"","texto_contenido_ventana":true,"contenido_tabs_producto":"<strong>Potencia del sistema (W)<\/strong>\r\nGrupo \u00f3ptico de alta eficiencia\r\n<ul>\r\n \t<li>24 LEDs 27W, 38W, 53W<\/li>\r\n \t<li>48 LEDs 51W, 73W, 102W<\/li>\r\n \t<li>72 LEDs 78W, 111W, 156W<\/li>\r\n \t<li>96 LEDs 100W, 145W, 202W<\/li>\r\n<\/ul>\r\n&nbsp;\r\n\r\n<strong>Intensidad de funcionamiento (mA)<\/strong>\r\n<ul>\r\n \t<li>350<\/li>\r\n \t<li>500<\/li>\r\n \t<li>700<\/li>\r\n<\/ul>\r\n&nbsp;\r\n\r\n<strong>Temperatura de color (K)<\/strong>\r\n<ul>\r\n \t<li>4000 IRC min80<\/li>\r\n \t<li>3000 IRC min80<\/li>\r\n \t<li>2700 IRC min80<\/li>\r\n \t<li>2200 IRC min70<\/li>\r\n \t<li>PC \u00c1mbar IRC min40<\/li>\r\n<\/ul>\r\nOtras temperaturas de color y\/o IRC disponibles bajo pedido.\r\n\r\n&nbsp;\r\n<p class=\"p1\"><strong>Vida \u00fatil<\/strong><\/p>\r\nTM21 L90 (10k) &gt; 100.000 h.","acordion":false,"preguntas_y_respuestas":null,"cuadricula_de_colores":false,"componentes_producto":null,"descargables":false,"tipo_datasheet":"simple","datasheet":null,"datasheet_multiple":null,"tipo_instrucciones":"simple","instructions":null,"instructions_multiple":null,"drawings_ce":null,"2d_cad":null,"3d_cad":null,"revit":null,"ldt_photometric_files":null,"ies_photometric_files":null,"validador_detalles_producto":false,"tipo_especificacion":"control"},{"title_group_producto_grid_single":{"title_tag":"h2","title_txt":"Dibujo de cotas"},"imagen_de_fondo_dinamic_single_producto":"","texto_contenido_ventana":false,"contenido_tabs_producto":"Luminaria de inyecci\u00f3n de aluminio EN-AC-47100 acabada termolacada con protecci\u00f3n anticorrosiva C3. Difusor de vidrio \u00f3ptico templado. Torniller\u00eda de acero inoxidable A2.","acordion":false,"preguntas_y_respuestas":null,"cuadricula_de_colores":false,"componentes_producto":null,"descargables":false,"tipo_datasheet":"simple","datasheet":null,"datasheet_multiple":null,"tipo_instrucciones":"simple","instructions":null,"instructions_multiple":null,"drawings_ce":null,"2d_cad":null,"3d_cad":null,"revit":null,"ldt_photometric_files":null,"ies_photometric_files":null,"validador_detalles_producto":false,"tipo_especificacion":"certificados"},{"title_group_producto_grid_single":{"title_tag":"h2","title_txt":"Distribuciones"},"imagen_de_fondo_dinamic_single_producto":"","texto_contenido_ventana":false,"contenido_tabs_producto":"","acordion":false,"preguntas_y_respuestas":null,"cuadricula_de_colores":false,"componentes_producto":null,"descargables":false,"tipo_datasheet":"simple","datasheet":null,"datasheet_multiple":null,"tipo_instrucciones":"simple","instructions":null,"instructions_multiple":null,"drawings_ce":null,"2d_cad":null,"3d_cad":null,"revit":null,"ldt_photometric_files":null,"ies_photometric_files":null,"validador_detalles_producto":true,"tipo_especificacion":"distribucion"},{"title_group_producto_grid_single":{"title_tag":"h2","title_txt":"Protocolos y control"},"imagen_de_fondo_dinamic_single_producto":"","texto_contenido_ventana":true,"contenido_tabs_producto":"Doble nivel por l\u00ednea de mando.\r\nFlujo en cabecera.\r\nAutom\u00e1tica programada.","acordion":false,"preguntas_y_respuestas":null,"cuadricula_de_colores":false,"componentes_producto":[{"nombre_componente":"","colores":["gris_claro","gris_medio","gris_oscuro"]}],"descargables":false,"tipo_datasheet":"simple","datasheet":null,"datasheet_multiple":null,"tipo_instrucciones":"simple","instructions":null,"instructions_multiple":null,"drawings_ce":null,"2d_cad":null,"3d_cad":null,"revit":null,"ldt_photometric_files":null,"ies_photometric_files":null,"validador_detalles_producto":true,"tipo_especificacion":"control"},{"title_group_producto_grid_single":{"title_tag":"h2","title_txt":"Mantenimiento"},"imagen_de_fondo_dinamic_single_producto":"","texto_contenido_ventana":true,"contenido_tabs_producto":"<ul>\r\n \t<li>Incluye v\u00e1lvula de compensaci\u00f3n de presi\u00f3n y protector de sobretensiones de 10kV (CE).<\/li>\r\n \t<li>Limpiar utilizando productos de limpieza con pH neutro, sin alcohol y no abrasivos.<\/li>\r\n<\/ul>","acordion":false,"preguntas_y_respuestas":null,"cuadricula_de_colores":false,"componentes_producto":null,"descargables":false,"tipo_datasheet":"simple","datasheet":null,"datasheet_multiple":null,"tipo_instrucciones":"simple","instructions":null,"instructions_multiple":null,"drawings_ce":null,"2d_cad":null,"3d_cad":null,"revit":null,"ldt_photometric_files":null,"ies_photometric_files":null,"validador_detalles_producto":false,"tipo_especificacion":""},{"title_group_producto_grid_single":{"title_tag":"h2","title_txt":"Certificados"},"imagen_de_fondo_dinamic_single_producto":"","texto_contenido_ventana":false,"contenido_tabs_producto":"","acordion":false,"preguntas_y_respuestas":null,"cuadricula_de_colores":false,"componentes_producto":null,"descargables":false,"tipo_datasheet":"simple","datasheet":null,"datasheet_multiple":null,"tipo_instrucciones":"simple","instructions":null,"instructions_multiple":null,"drawings_ce":null,"2d_cad":null,"3d_cad":null,"revit":null,"ldt_photometric_files":null,"ies_photometric_files":null,"validador_detalles_producto":true,"tipo_especificacion":"certificados"}]},{"acf_fc_layout":"seccion_navtabs_imagen_dinamica","title_group":{"title_tag":"h2","title_txt":"Aplicaciones"},"texto_intro_principal":false,"texto_introductorio":"","ventanas_detalles_producto":[{"title_group_producto_grid_single":{"title_tag":"h2","title_txt":"Iluminaci\u00f3n en columna"},"imagen_de_fondo_dinamic_single_producto":"[link_wp_dam_url ids=\"12604\"]","texto_contenido_ventana":true,"contenido_tabs_producto":"La iluminaci\u00f3n en columna es la m\u00e1s ordenada y funcional en los proyectos urbanos. Armoniza t\u00e9cnicamente los trazados con buenos \u00edndices de uniformidad y valores lum\u00ednicos adaptados. Los accesorios, individual o doble, permiten distanciar la luminaria del b\u00e1culo y de las copas del arbolado viario.","acordion":true,"preguntas_y_respuestas":[{"pregunta":"Materiales","respuesta":"Brida de inyecci\u00f3n de aluminio EN-AC-47100 anodizado y acabado termolacado. Brazo de acero galvanizado en caliente acabado termolacado. Torniller\u00eda de acero inoxidable A2.\r\n\r\nColumna de tubo cil\u00edndrico, de una o dos secciones, de acero S-275 JR Clase 1 galvanizado en caliente acabado termolacado. Pernos de acero (275) cincados.\u00a0 Torniller\u00eda de acero cincado."},{"pregunta":"Instalaci\u00f3n","respuesta":"Fijaci\u00f3n de la columna mediante un dado de hormig\u00f3n, con ranura para conexi\u00f3n el\u00e9ctrica, realizado in situ y cuatro pernos de anclaje por columna, 20cm por debajo de la cota de pavimento.\r\n\r\nPlantilla y pernos de anclaje incluidos."},{"pregunta":"Peso","respuesta":"Luminaria: 11,5\r\nBrida: 0,7\r\nBrazo corto: 1,6\r\nBrazo medio: 2,1\r\nBrazo largo: 4,0\r\n\r\nPeso aproximado sin embalaje (kg)"}],"cuadricula_de_colores":false,"componentes_producto":null,"descargables":false,"tipo_datasheet":"simple","datasheet":null,"datasheet_multiple":null,"tipo_instrucciones":"simple","instructions":null,"instructions_multiple":null,"drawings_ce":null,"2d_cad":null,"3d_cad":null,"revit":null,"ldt_photometric_files":null,"ies_photometric_files":null,"validador_detalles_producto":false,"tipo_especificacion":""}]},{"acf_fc_layout":"seccion_navtabs_imagen_dinamica","title_group":{"title_tag":"h2","title_txt":"Descargables"},"texto_intro_principal":false,"texto_introductorio":"","ventanas_detalles_producto":[{"title_group_producto_grid_single":{"title_tag":"h2","title_txt":"Luminaria"},"imagen_de_fondo_dinamic_single_producto":"","texto_contenido_ventana":false,"contenido_tabs_producto":"","acordion":false,"preguntas_y_respuestas":null,"cuadricula_de_colores":false,"componentes_producto":null,"descargables":true,"tipo_datasheet":"simple","datasheet":18008,"datasheet_multiple":null,"tipo_instrucciones":"multiple","instructions":null,"instructions_multiple":[{"instructions_title":"CE","instructions_file":17790},{"instructions_title":"UL","instructions_file":17794}],"drawings_ce":14082,"2d_cad":14213,"3d_cad":"","revit":15284,"ldt_photometric_files":"","ies_photometric_files":12610,"validador_detalles_producto":false,"tipo_especificacion":""},{"title_group_producto_grid_single":{"title_tag":"h2","title_txt":"Iluminaci\u00f3n en columna"},"imagen_de_fondo_dinamic_single_producto":"","texto_contenido_ventana":false,"contenido_tabs_producto":"","acordion":false,"preguntas_y_respuestas":null,"cuadricula_de_colores":false,"componentes_producto":null,"descargables":true,"tipo_datasheet":"simple","datasheet":13279,"datasheet_multiple":null,"tipo_instrucciones":"simple","instructions":13299,"instructions_multiple":null,"drawings_ce":"","2d_cad":"","3d_cad":13291,"revit":"","ldt_photometric_files":"","ies_photometric_files":"","validador_detalles_producto":false,"tipo_especificacion":""}]},{"acf_fc_layout":"seccion_consulta_nuestros_expertos","imagen_de_fondo_single_producto":"[link_wp_dam_url ids=\"14961\" size=\"x2400\"]","imagen_de_fondo_single_producto_mobile":"[link_wp_dam_url ids=\"12603\"]"},{"acf_fc_layout":"seccion_imagen_de_fondo_con_sub_menu","titulo_group_list_contet_proyectos":{"title_tag":"h3","title_txt":"Candela en la ciudad"},"ancla_copy2":{"title":"Ver m\u00e1s proyectos","url":"https:\/\/www.urbidermis.com\/es\/galeria-de-proyectos\/","target":""},"proyectos_relacionados":[{"project":26300,"project_img":"[link_wp_dam_url ids=\"17731\"]"},{"project":4396,"project_img":"[link_wp_dam_url ids=\"12609\"]"},{"project":5537,"project_img":"[link_wp_dam_url ids=\"12610\"]"},{"project":7581,"project_img":"[link_wp_dam_url ids=\"12612\"]"}]}],"dist_simetrica":"","dist_asimetrica":["type-ii","type-iv","type-iii","type+ii-iii"],"dist_indirecta":"","dist_suelo":"","control":["1-10v","dali"],"certificados":["ce","ul","rohs","ip66","ik08","clase-i"],"nombre_arbol_entre_comillas":"","nombre_solo_plantas_field":"","isbn_campo_texto":"","autor_book_publicacion_producto":"","idioma_campo_texto":"","enquadernacion_campo_texto":"","_numero_de_paginas_campo_texto":"","pdf_asociado_producto":"","resumen_libro":"","text_content_family_basic_information":"","text_content_family_basic_number_width":"","text_content_family_basic_number_height":"","text_content_planting_density":"","flowers_option_colours":"","flowers_option_season":"","properties_option_pruning":"","properties_option_watering":"","properties_option_sun_exposure":"","properties_option_minimum_temp":"","properties_option_soil_type":"","properties_option_fire":"","properties_option_heat":"","properties_option_moisture":"","properties_option_dryness":"","properties_option_coastal_area":"","texto_introduccion_landing_custom":"","enlace_descubre_mas_custom":"","selecciona_tipo_de_imagen_custom":"","imagen_vertical_custom":"","imagen_horizontal_custom":"","opciones_de_texto_1":true,"opciones_de_texto_2":"acabado_standar","opciones_de_texto_3":""},"yoast_head":"<!-- This site is optimized with the Yoast SEO plugin v22.8 - https:\/\/yoast.com\/wordpress\/plugins\/seo\/ -->\n<title>Candela - Urbidermis<\/title>\n<meta name=\"robots\" content=\"index, follow, max-snippet:-1, max-image-preview:large, max-video-preview:-1\" \/>\n<link rel=\"canonical\" href=\"https:\/\/www.urbidermis.com\/es\/iluminacion-urbana\/candela\/\" \/>\n<meta property=\"og:locale\" content=\"es_ES\" \/>\n<meta property=\"og:type\" content=\"article\" \/>\n<meta property=\"og:title\" content=\"Candela - Urbidermis\" \/>\n<meta property=\"og:description\" content=\"Luminaria de geometr\u00eda ovalada pensada para la iluminaci\u00f3n de grandes viales urbanos. Candela es un sistema de iluminaci\u00f3n flexible, con una o dos luminarias a la misma o distintas alturas y varias longitudes de brazo.\" \/>\n<meta property=\"og:url\" content=\"https:\/\/www.urbidermis.com\/es\/iluminacion-urbana\/candela\/\" \/>\n<meta property=\"og:site_name\" content=\"Urbidermis\" \/>\n<meta property=\"article:modified_time\" content=\"2026-04-08T08:11:31+00:00\" \/>\n<meta property=\"og:image\" content=\"https:\/\/www.urbidermis.com\/wp-content\/uploads\/20250120_Spain_Barcelona_Belloch_CDF_Equipo_Urbidermis_05-scaled.jpg\" \/>\n\t<meta property=\"og:image:width\" content=\"1372\" \/>\n\t<meta property=\"og:image:height\" content=\"1920\" \/>\n\t<meta property=\"og:image:type\" content=\"image\/jpeg\" \/>\n<meta name=\"twitter:card\" content=\"summary_large_image\" \/>\n<script type=\"application\/ld+json\" class=\"yoast-schema-graph\">{\"@context\":\"https:\/\/schema.org\",\"@graph\":[{\"@type\":\"WebPage\",\"@id\":\"https:\/\/www.urbidermis.com\/es\/iluminacion-urbana\/candela\/\",\"url\":\"https:\/\/www.urbidermis.com\/es\/iluminacion-urbana\/candela\/\",\"name\":\"Candela - Urbidermis\",\"isPartOf\":{\"@id\":\"https:\/\/www.urbidermis.com\/es\/#website\"},\"primaryImageOfPage\":{\"@id\":\"https:\/\/www.urbidermis.com\/es\/iluminacion-urbana\/candela\/#primaryimage\"},\"image\":{\"@id\":\"https:\/\/www.urbidermis.com\/es\/iluminacion-urbana\/candela\/#primaryimage\"},\"thumbnailUrl\":\"https:\/\/www.urbidermis.com\/wp-content\/uploads\/20250120_Spain_Barcelona_Belloch_CDF_Equipo_Urbidermis_05-scaled.jpg\",\"datePublished\":\"2022-03-01T10:27:10+00:00\",\"dateModified\":\"2026-04-08T08:11:31+00:00\",\"breadcrumb\":{\"@id\":\"https:\/\/www.urbidermis.com\/es\/iluminacion-urbana\/candela\/#breadcrumb\"},\"inLanguage\":\"es\",\"potentialAction\":[{\"@type\":\"ReadAction\",\"target\":[\"https:\/\/www.urbidermis.com\/es\/iluminacion-urbana\/candela\/\"]}]},{\"@type\":\"ImageObject\",\"inLanguage\":\"es\",\"@id\":\"https:\/\/www.urbidermis.com\/es\/iluminacion-urbana\/candela\/#primaryimage\",\"url\":\"https:\/\/www.urbidermis.com\/wp-content\/uploads\/20250120_Spain_Barcelona_Belloch_CDF_Equipo_Urbidermis_05-scaled.jpg\",\"contentUrl\":\"https:\/\/www.urbidermis.com\/wp-content\/uploads\/20250120_Spain_Barcelona_Belloch_CDF_Equipo_Urbidermis_05-scaled.jpg\",\"width\":1372,\"height\":1920},{\"@type\":\"BreadcrumbList\",\"@id\":\"https:\/\/www.urbidermis.com\/es\/iluminacion-urbana\/candela\/#breadcrumb\",\"itemListElement\":[{\"@type\":\"ListItem\",\"position\":1,\"name\":\"Home\",\"item\":\"https:\/\/www.urbidermis.com\/es\/\"},{\"@type\":\"ListItem\",\"position\":2,\"name\":\"Productos\",\"item\":\"https:\/\/www.urbidermis.com\/es\/productos\/\"},{\"@type\":\"ListItem\",\"position\":3,\"name\":\"Candela\"}]},{\"@type\":\"WebSite\",\"@id\":\"https:\/\/www.urbidermis.com\/es\/#website\",\"url\":\"https:\/\/www.urbidermis.com\/es\/\",\"name\":\"Urbidermis\",\"description\":\"Expertos en la ciudad\",\"publisher\":{\"@id\":\"https:\/\/www.urbidermis.com\/es\/#organization\"},\"potentialAction\":[{\"@type\":\"SearchAction\",\"target\":{\"@type\":\"EntryPoint\",\"urlTemplate\":\"https:\/\/www.urbidermis.com\/es\/?s={search_term_string}\"},\"query-input\":\"required name=search_term_string\"}],\"inLanguage\":\"es\"},{\"@type\":\"Organization\",\"@id\":\"https:\/\/www.urbidermis.com\/es\/#organization\",\"name\":\"Urbidermis\",\"url\":\"https:\/\/www.urbidermis.com\/es\/\",\"logo\":{\"@type\":\"ImageObject\",\"inLanguage\":\"es\",\"@id\":\"https:\/\/www.urbidermis.com\/es\/#\/schema\/logo\/image\/\",\"url\":\"https:\/\/www.urbidermis.com\/wp-content\/uploads\/logo_urbdermis-1.png\",\"contentUrl\":\"https:\/\/www.urbidermis.com\/wp-content\/uploads\/logo_urbdermis-1.png\",\"width\":601,\"height\":1033,\"caption\":\"Urbidermis\"},\"image\":{\"@id\":\"https:\/\/www.urbidermis.com\/es\/#\/schema\/logo\/image\/\"}}]}<\/script>\n<!-- \/ Yoast SEO plugin. -->","yoast_head_json":{"title":"Candela - Urbidermis","robots":{"index":"index","follow":"follow","max-snippet":"max-snippet:-1","max-image-preview":"max-image-preview:large","max-video-preview":"max-video-preview:-1"},"canonical":"https:\/\/www.urbidermis.com\/es\/iluminacion-urbana\/candela\/","og_locale":"es_ES","og_type":"article","og_title":"Candela - Urbidermis","og_description":"Luminaria de geometr\u00eda ovalada pensada para la iluminaci\u00f3n de grandes viales urbanos. Candela es un sistema de iluminaci\u00f3n flexible, con una o dos luminarias a la misma o distintas alturas y varias longitudes de brazo.","og_url":"https:\/\/www.urbidermis.com\/es\/iluminacion-urbana\/candela\/","og_site_name":"Urbidermis","article_modified_time":"2026-04-08T08:11:31+00:00","og_image":[{"width":1372,"height":1920,"url":"https:\/\/www.urbidermis.com\/wp-content\/uploads\/20250120_Spain_Barcelona_Belloch_CDF_Equipo_Urbidermis_05-scaled.jpg","type":"image\/jpeg"}],"twitter_card":"summary_large_image","schema":{"@context":"https:\/\/schema.org","@graph":[{"@type":"WebPage","@id":"https:\/\/www.urbidermis.com\/es\/iluminacion-urbana\/candela\/","url":"https:\/\/www.urbidermis.com\/es\/iluminacion-urbana\/candela\/","name":"Candela - Urbidermis","isPartOf":{"@id":"https:\/\/www.urbidermis.com\/es\/#website"},"primaryImageOfPage":{"@id":"https:\/\/www.urbidermis.com\/es\/iluminacion-urbana\/candela\/#primaryimage"},"image":{"@id":"https:\/\/www.urbidermis.com\/es\/iluminacion-urbana\/candela\/#primaryimage"},"thumbnailUrl":"https:\/\/www.urbidermis.com\/wp-content\/uploads\/20250120_Spain_Barcelona_Belloch_CDF_Equipo_Urbidermis_05-scaled.jpg","datePublished":"2022-03-01T10:27:10+00:00","dateModified":"2026-04-08T08:11:31+00:00","breadcrumb":{"@id":"https:\/\/www.urbidermis.com\/es\/iluminacion-urbana\/candela\/#breadcrumb"},"inLanguage":"es","potentialAction":[{"@type":"ReadAction","target":["https:\/\/www.urbidermis.com\/es\/iluminacion-urbana\/candela\/"]}]},{"@type":"ImageObject","inLanguage":"es","@id":"https:\/\/www.urbidermis.com\/es\/iluminacion-urbana\/candela\/#primaryimage","url":"https:\/\/www.urbidermis.com\/wp-content\/uploads\/20250120_Spain_Barcelona_Belloch_CDF_Equipo_Urbidermis_05-scaled.jpg","contentUrl":"https:\/\/www.urbidermis.com\/wp-content\/uploads\/20250120_Spain_Barcelona_Belloch_CDF_Equipo_Urbidermis_05-scaled.jpg","width":1372,"height":1920},{"@type":"BreadcrumbList","@id":"https:\/\/www.urbidermis.com\/es\/iluminacion-urbana\/candela\/#breadcrumb","itemListElement":[{"@type":"ListItem","position":1,"name":"Home","item":"https:\/\/www.urbidermis.com\/es\/"},{"@type":"ListItem","position":2,"name":"Productos","item":"https:\/\/www.urbidermis.com\/es\/productos\/"},{"@type":"ListItem","position":3,"name":"Candela"}]},{"@type":"WebSite","@id":"https:\/\/www.urbidermis.com\/es\/#website","url":"https:\/\/www.urbidermis.com\/es\/","name":"Urbidermis","description":"Expertos en la ciudad","publisher":{"@id":"https:\/\/www.urbidermis.com\/es\/#organization"},"potentialAction":[{"@type":"SearchAction","target":{"@type":"EntryPoint","urlTemplate":"https:\/\/www.urbidermis.com\/es\/?s={search_term_string}"},"query-input":"required name=search_term_string"}],"inLanguage":"es"},{"@type":"Organization","@id":"https:\/\/www.urbidermis.com\/es\/#organization","name":"Urbidermis","url":"https:\/\/www.urbidermis.com\/es\/","logo":{"@type":"ImageObject","inLanguage":"es","@id":"https:\/\/www.urbidermis.com\/es\/#\/schema\/logo\/image\/","url":"https:\/\/www.urbidermis.com\/wp-content\/uploads\/logo_urbdermis-1.png","contentUrl":"https:\/\/www.urbidermis.com\/wp-content\/uploads\/logo_urbdermis-1.png","width":601,"height":1033,"caption":"Urbidermis"},"image":{"@id":"https:\/\/www.urbidermis.com\/es\/#\/schema\/logo\/image\/"}}]}},"_links":{"self":[{"href":"https:\/\/www.urbidermis.com\/es\/wp-json\/wp\/v2\/product\/6611"}],"collection":[{"href":"https:\/\/www.urbidermis.com\/es\/wp-json\/wp\/v2\/product"}],"about":[{"href":"https:\/\/www.urbidermis.com\/es\/wp-json\/wp\/v2\/types\/product"}],"acf:post":[{"embeddable":true,"href":"https:\/\/www.urbidermis.com\/es\/wp-json\/wp\/v2\/autores\/10504"},{"embeddable":true,"href":"https:\/\/www.urbidermis.com\/es\/wp-json\/wp\/v2\/perfiles\/10286"}],"wp:featuredmedia":[{"embeddable":true,"href":"https:\/\/www.urbidermis.com\/es\/wp-json\/wp\/v2\/media\/8153"}],"wp:attachment":[{"href":"https:\/\/www.urbidermis.com\/es\/wp-json\/wp\/v2\/media?parent=6611"}],"wp:term":[{"taxonomy":"product_cat","embeddable":true,"href":"https:\/\/www.urbidermis.com\/es\/wp-json\/wp\/v2\/product_cat?post=6611"},{"taxonomy":"product_tag","embeddable":true,"href":"https:\/\/www.urbidermis.com\/es\/wp-json\/wp\/v2\/product_tag?post=6611"}],"curies":[{"name":"wp","href":"https:\/\/api.w.org\/{rel}","templated":true}]}}