


{"id":6624,"date":"2022-03-01T10:31:30","date_gmt":"2022-03-01T10:31:30","guid":{"rendered":"https:\/\/ubweb21.urbidermis.com\/product\/via-lactea\/"},"modified":"2026-04-08T11:42:11","modified_gmt":"2026-04-08T09:42:11","slug":"via-lactea","status":"publish","type":"product","link":"https:\/\/www.urbidermis.com\/es\/iluminacion-urbana\/via-lactea\/","title":{"rendered":"V\u00eda L\u00e1ctea"},"content":{"rendered":"","protected":false},"excerpt":{"rendered":"<p>Farola de columna b\u00edfida ideada para dibujar l\u00edneas de luz en el cielo. Si se coloca secuencialmente permite construir l\u00edneas continuas con muy pocos soportes, eliminando uno de cada dos por la solidaridad del conjunto, lo que en espacios peatonales conviene.<\/p>\n","protected":false},"featured_media":9850,"template":"","meta":{"_acf_changed":false,"inline_featured_image":false},"product_cat":[81,77],"product_tag":[],"acf":{"activador_seccion_impacto_acvs_secctions_acvs":true,"texto_enlace_amplifyapp":"Via_Lactea_Urban_lighting","codigos_acvs_matching_row-leds":[{"texto_pestana_item_fetch":"Farola simple","codigo_item_fetch":"VLF+01"},{"texto_pestana_item_fetch":"Farola doble","codigo_item_fetch":"VLF+02"}],"activator_acf_option_madera_text":false,"texto_bajo_btn_certificados":"","check_para_validar_no_secc_aplication":true,"is_protocolo_y_control_generic":true,"is_producto_residencial_para_mostrar_info_diferente":false,"is_plano_de_cotas_validator":true,"galeria_multidimension_imagenes_plano_de_cotas_proyector":[{"texto_pestana_plano_galeria":"Farola","imagen_plano_de_cotas":"[link_wp_dam_url ids=\"14493\"]"}],"premios_producto_repeater":[{"nombre_premio_sub_item":"ADI FAD SELECTION","ano_premio_sub_item":"1991"}],"participantes":"","autores":[10241],"ano_creacion_producto":"1990","validacion_producto_descarga":true,"galeria_imagenes_repeater_libro":[{"imagen_item_gal":"[link_wp_dam_url ids=\"12945\"]","activar_video_item_gal":false,"portada_video_item_gal":null,"video_en_horizonal_item_gal":false,"video_item_gal":false},{"imagen_item_gal":"[link_wp_dam_url ids=\"14987\"]","activar_video_item_gal":false,"portada_video_item_gal":null,"video_en_horizonal_item_gal":false,"video_item_gal":false},{"imagen_item_gal":"[link_wp_dam_url ids=\"14986\"]","activar_video_item_gal":false,"portada_video_item_gal":null,"video_en_horizonal_item_gal":false,"video_item_gal":false},{"imagen_item_gal":"[link_wp_dam_url ids=\"14988\"]","activar_video_item_gal":false,"portada_video_item_gal":null,"video_en_horizonal_item_gal":false,"video_item_gal":false},{"imagen_item_gal":"[link_wp_dam_url ids=\"12946\"]","activar_video_item_gal":false,"portada_video_item_gal":null,"video_en_horizonal_item_gal":false,"video_item_gal":false},{"imagen_item_gal":"[link_wp_dam_url ids=\"12943\"]","activar_video_item_gal":false,"portada_video_item_gal":null,"video_en_horizonal_item_gal":false,"video_item_gal":false},{"imagen_item_gal":"[link_wp_dam_url ids=\"12944\"]","activar_video_item_gal":false,"portada_video_item_gal":null,"video_en_horizonal_item_gal":false,"video_item_gal":false}],"secciones_producto":[{"acf_fc_layout":"seccion_navtabs_imagen_dinamica","title_group":{"title_tag":"h2","title_txt":"Una l\u00ednea de luz"},"texto_intro_principal":true,"texto_introductorio":"Elemento de l\u00edneas muy geom\u00e9tricas, su singular morfolog\u00eda en T posibilita ra\u00edles luminosos de longitud variable y estimula la construcci\u00f3n de generosas p\u00e9rgolas urbanas. El fuste b\u00edfido genera un \u00e1ngulo de 90\u00ba al unirse con el cuerpo lum\u00ednico.","ventanas_detalles_producto":[{"title_group_producto_grid_single":{"title_tag":"h2","title_txt":"Materiales"},"imagen_de_fondo_dinamic_single_producto":"","texto_contenido_ventana":true,"contenido_tabs_producto":"<ul>\r\n \t<li>Columna realizada con perfiles de acero estructural galvanizado en caliente acabada termolacada con protecci\u00f3n anticorrosiva C3, de base rectangular de 150 x 100mm y b\u00e1culo b\u00edfido de 100 x 50mm.<\/li>\r\n \t<li>Pantalla individual, con una luminaria, o pantalla doble para alineaciones, con dos luminarias, de secci\u00f3n rectangular del mismo material y acabado.<\/li>\r\n \t<li>Luminaria de extrusi\u00f3n de aluminio y difusor de policarbonato.<\/li>\r\n<\/ul>","acordion":false,"preguntas_y_respuestas":null,"cuadricula_de_colores":false,"componentes_producto":null,"descargables":false,"tipo_datasheet":"simple","datasheet":null,"datasheet_multiple":null,"tipo_instrucciones":"simple","instructions":null,"instructions_multiple":null,"drawings_ce":null,"2d_cad":null,"3d_cad":null,"revit":null,"ldt_photometric_files":null,"ies_photometric_files":null,"validador_detalles_producto":false,"tipo_especificacion":"distribucion"},{"title_group_producto_grid_single":{"title_tag":"h2","title_txt":"Acabados"},"imagen_de_fondo_dinamic_single_producto":"","texto_contenido_ventana":true,"contenido_tabs_producto":"Los colores mostrados son meramente indicativos.\r\nOtros colores bajo demanda.\r\nConsultar acabados para ambientes marinos.","acordion":false,"preguntas_y_respuestas":null,"cuadricula_de_colores":true,"componentes_producto":[{"nombre_componente":"","colores":["gris_claro"]}],"descargables":false,"tipo_datasheet":"simple","datasheet":null,"datasheet_multiple":null,"tipo_instrucciones":"simple","instructions":null,"instructions_multiple":null,"drawings_ce":null,"2d_cad":null,"3d_cad":null,"revit":null,"ldt_photometric_files":null,"ies_photometric_files":null,"validador_detalles_producto":false,"tipo_especificacion":""},{"title_group_producto_grid_single":{"title_tag":"h2","title_txt":"Fuente de luz"},"imagen_de_fondo_dinamic_single_producto":"","texto_contenido_ventana":true,"contenido_tabs_producto":"<p class=\"p1\"><strong>Potencia del sistema (W)<\/strong><\/p>\r\n<p class=\"p2\">Unidad \u00f3ptica de alta eficacia<\/p>\r\n\r\n<ul>\r\n \t<li class=\"p3\">1x 1,2m Lineal LED 32W<\/li>\r\n \t<li class=\"p3\">2x 1,2m Lineal LED 32W<\/li>\r\n<\/ul>\r\n&nbsp;\r\n<p class=\"p1\"><strong>Corriente de funcionamiento (mA)<\/strong><\/p>\r\n\r\n<ul>\r\n \t<li>350<\/li>\r\n<\/ul>\r\n&nbsp;\r\n<p class=\"p1\"><strong>Temperatura de color (K)<\/strong><\/p>\r\n\r\n<ul>\r\n \t<li class=\"p3\">3000 IRC min80<\/li>\r\n<\/ul>\r\n&nbsp;\r\n\r\n<strong>Vida \u00fatil<\/strong>\r\n<p class=\"p1\">TM21 L70 (10k) &gt; 60.000 h.<\/p>","acordion":false,"preguntas_y_respuestas":null,"cuadricula_de_colores":false,"componentes_producto":null,"descargables":false,"tipo_datasheet":"simple","datasheet":null,"datasheet_multiple":null,"tipo_instrucciones":"simple","instructions":null,"instructions_multiple":null,"drawings_ce":null,"2d_cad":null,"3d_cad":null,"revit":null,"ldt_photometric_files":null,"ies_photometric_files":null,"validador_detalles_producto":false,"tipo_especificacion":"control"},{"title_group_producto_grid_single":{"title_tag":"h2","title_txt":"Dibujo de cotas"},"imagen_de_fondo_dinamic_single_producto":"","texto_contenido_ventana":false,"contenido_tabs_producto":"SV 0,24m<sup>2<\/sup>","acordion":false,"preguntas_y_respuestas":null,"cuadricula_de_colores":false,"componentes_producto":null,"descargables":false,"tipo_datasheet":"simple","datasheet":null,"datasheet_multiple":null,"tipo_instrucciones":"simple","instructions":null,"instructions_multiple":null,"drawings_ce":null,"2d_cad":null,"3d_cad":null,"revit":null,"ldt_photometric_files":null,"ies_photometric_files":null,"validador_detalles_producto":false,"tipo_especificacion":"certificados"},{"title_group_producto_grid_single":{"title_tag":"h2","title_txt":"Distribuciones"},"imagen_de_fondo_dinamic_single_producto":"","texto_contenido_ventana":false,"contenido_tabs_producto":"","acordion":false,"preguntas_y_respuestas":null,"cuadricula_de_colores":false,"componentes_producto":null,"descargables":false,"tipo_datasheet":"simple","datasheet":null,"datasheet_multiple":null,"tipo_instrucciones":"simple","instructions":null,"instructions_multiple":null,"drawings_ce":null,"2d_cad":null,"3d_cad":null,"revit":null,"ldt_photometric_files":null,"ies_photometric_files":null,"validador_detalles_producto":true,"tipo_especificacion":"distribucion"},{"title_group_producto_grid_single":{"title_tag":"h2","title_txt":"Protocolos y control"},"imagen_de_fondo_dinamic_single_producto":"","texto_contenido_ventana":false,"contenido_tabs_producto":"","acordion":false,"preguntas_y_respuestas":null,"cuadricula_de_colores":false,"componentes_producto":[{"nombre_componente":"","colores":["gris_claro"]}],"descargables":false,"tipo_datasheet":"simple","datasheet":null,"datasheet_multiple":null,"tipo_instrucciones":"simple","instructions":null,"instructions_multiple":null,"drawings_ce":null,"2d_cad":null,"3d_cad":null,"revit":null,"ldt_photometric_files":null,"ies_photometric_files":null,"validador_detalles_producto":true,"tipo_especificacion":"control"},{"title_group_producto_grid_single":{"title_tag":"h2","title_txt":"Instalaci\u00f3n"},"imagen_de_fondo_dinamic_single_producto":"","texto_contenido_ventana":true,"contenido_tabs_producto":"<ul>\r\n \t<li>Fijaci\u00f3n de la columna mediante un dado de hormig\u00f3n, con ranura para conexi\u00f3n el\u00e9ctrica, realizado in situ y cuatro pernos de anclaje por columna, 20cm por debajo de la cota de pavimento.<\/li>\r\n \t<li>Farola de doble luminaria exclusiva para crear alineaciones, con fijaci\u00f3n por el lateral de la luminaria.<\/li>\r\n \t<li>El elemento se suministra desmontado en tres componentes: luminaria, pantalla y columna.<\/li>\r\n \t<li>Instrucciones de instalaci\u00f3n y montaje, torniller\u00eda, plantilla, embellecedor y pernos de anclaje incluidos.<\/li>\r\n<\/ul>","acordion":false,"preguntas_y_respuestas":null,"cuadricula_de_colores":false,"componentes_producto":null,"descargables":false,"tipo_datasheet":"simple","datasheet":null,"datasheet_multiple":null,"tipo_instrucciones":"simple","instructions":null,"instructions_multiple":null,"drawings_ce":null,"2d_cad":null,"3d_cad":null,"revit":null,"ldt_photometric_files":null,"ies_photometric_files":null,"validador_detalles_producto":false,"tipo_especificacion":""},{"title_group_producto_grid_single":{"title_tag":"h2","title_txt":"Mantenimiento"},"imagen_de_fondo_dinamic_single_producto":"","texto_contenido_ventana":true,"contenido_tabs_producto":"<ul>\r\n \t<li>Incluye v\u00e1lvula de compensaci\u00f3n de presi\u00f3n y protector de sobretensiones de 10kV (CE).<\/li>\r\n \t<li>Limpiar utilizando productos de limpieza con pH neutro, sin alcohol y no abrasivos.<\/li>\r\n<\/ul>","acordion":false,"preguntas_y_respuestas":null,"cuadricula_de_colores":false,"componentes_producto":null,"descargables":false,"tipo_datasheet":"simple","datasheet":null,"datasheet_multiple":null,"tipo_instrucciones":"simple","instructions":null,"instructions_multiple":null,"drawings_ce":null,"2d_cad":null,"3d_cad":null,"revit":null,"ldt_photometric_files":null,"ies_photometric_files":null,"validador_detalles_producto":false,"tipo_especificacion":""},{"title_group_producto_grid_single":{"title_tag":"h2","title_txt":"Certificados"},"imagen_de_fondo_dinamic_single_producto":"","texto_contenido_ventana":true,"contenido_tabs_producto":"Farola simple: 102\r\nFarola doble: 124\r\n\r\n*Peso aproximado sin embalaje (kg)","acordion":false,"preguntas_y_respuestas":null,"cuadricula_de_colores":false,"componentes_producto":null,"descargables":false,"tipo_datasheet":"simple","datasheet":null,"datasheet_multiple":null,"tipo_instrucciones":"simple","instructions":null,"instructions_multiple":null,"drawings_ce":null,"2d_cad":null,"3d_cad":null,"revit":null,"ldt_photometric_files":null,"ies_photometric_files":null,"validador_detalles_producto":true,"tipo_especificacion":"certificados"},{"title_group_producto_grid_single":{"title_tag":"h2","title_txt":"Peso"},"imagen_de_fondo_dinamic_single_producto":"","texto_contenido_ventana":true,"contenido_tabs_producto":"Farola simple: 102\r\nFarola doble: 124\r\n\r\n*Peso aproximado sin embalaje (kg)","acordion":false,"preguntas_y_respuestas":null,"cuadricula_de_colores":false,"componentes_producto":null,"descargables":false,"tipo_datasheet":"simple","datasheet":null,"datasheet_multiple":null,"tipo_instrucciones":"simple","instructions":null,"instructions_multiple":null,"drawings_ce":null,"2d_cad":null,"3d_cad":null,"revit":null,"ldt_photometric_files":null,"ies_photometric_files":null,"validador_detalles_producto":false,"tipo_especificacion":""}]},{"acf_fc_layout":"seccion_navtabs_imagen_dinamica","title_group":{"title_tag":"h2","title_txt":"Descargables"},"texto_intro_principal":false,"texto_introductorio":"","ventanas_detalles_producto":[{"title_group_producto_grid_single":{"title_tag":"h2","title_txt":""},"imagen_de_fondo_dinamic_single_producto":"","texto_contenido_ventana":false,"contenido_tabs_producto":"","acordion":false,"preguntas_y_respuestas":null,"cuadricula_de_colores":false,"componentes_producto":null,"descargables":true,"tipo_datasheet":"simple","datasheet":25032,"datasheet_multiple":null,"tipo_instrucciones":"simple","instructions":25028,"instructions_multiple":null,"drawings_ce":14150,"2d_cad":14277,"3d_cad":11598,"revit":15571,"ldt_photometric_files":"","ies_photometric_files":11608,"validador_detalles_producto":false,"tipo_especificacion":""}]},{"acf_fc_layout":"seccion_consulta_nuestros_expertos","imagen_de_fondo_single_producto":"[link_wp_dam_url ids=\"14985\" size=\"x2400\"]","imagen_de_fondo_single_producto_mobile":""},{"acf_fc_layout":"seccion_imagen_de_fondo_con_sub_menu","titulo_group_list_contet_proyectos":{"title_tag":"h3","title_txt":"V\u00eda L\u00e1ctea en la ciudad"},"ancla_copy2":"","proyectos_relacionados":[{"project":7072,"project_img":"[link_wp_dam_url ids=\"12950\"]"},{"project":9587,"project_img":"[link_wp_dam_url ids=\"12948\"]"},{"project":9455,"project_img":"[link_wp_dam_url ids=\"12951\"]"},{"project":5481,"project_img":"[link_wp_dam_url ids=\"12947\"]"},{"project":4320,"project_img":"[link_wp_dam_url ids=\"12949\"]"}]}],"dist_simetrica":"","dist_asimetrica":["type-i"],"dist_indirecta":"","dist_suelo":"","control":["1-10v","dali"],"certificados":["ce","rohs","ip66","ik09","clase-i"],"nombre_arbol_entre_comillas":"","nombre_solo_plantas_field":"","isbn_campo_texto":"","autor_book_publicacion_producto":"","idioma_campo_texto":"","enquadernacion_campo_texto":"","_numero_de_paginas_campo_texto":"","pdf_asociado_producto":"","resumen_libro":"","text_content_family_basic_information":"","text_content_family_basic_number_width":"","text_content_family_basic_number_height":"","text_content_planting_density":"","flowers_option_colours":"","flowers_option_season":"","properties_option_pruning":"","properties_option_watering":"","properties_option_sun_exposure":"","properties_option_minimum_temp":"","properties_option_soil_type":"","properties_option_fire":"","properties_option_heat":"","properties_option_moisture":"","properties_option_dryness":"","properties_option_coastal_area":"","texto_introduccion_landing_custom":"","enlace_descubre_mas_custom":"","selecciona_tipo_de_imagen_custom":"","imagen_vertical_custom":"","imagen_horizontal_custom":"","opciones_de_texto_1":true,"opciones_de_texto_2":"acabado_standar","opciones_de_texto_3":""},"yoast_head":"<!-- This site is optimized with the Yoast SEO plugin v22.8 - https:\/\/yoast.com\/wordpress\/plugins\/seo\/ -->\n<title>V\u00eda L\u00e1ctea - Urbidermis<\/title>\n<meta name=\"robots\" content=\"index, follow, max-snippet:-1, max-image-preview:large, max-video-preview:-1\" \/>\n<link rel=\"canonical\" href=\"https:\/\/www.urbidermis.com\/es\/iluminacion-urbana\/via-lactea\/\" \/>\n<meta property=\"og:locale\" content=\"es_ES\" \/>\n<meta property=\"og:type\" content=\"article\" \/>\n<meta property=\"og:title\" content=\"V\u00eda L\u00e1ctea - Urbidermis\" \/>\n<meta property=\"og:description\" content=\"Farola de columna b\u00edfida ideada para dibujar l\u00edneas de luz en el cielo. Si se coloca secuencialmente permite construir l\u00edneas continuas con muy pocos soportes, eliminando uno de cada dos por la solidaridad del conjunto, lo que en espacios peatonales conviene.\" \/>\n<meta property=\"og:url\" content=\"https:\/\/www.urbidermis.com\/es\/iluminacion-urbana\/via-lactea\/\" \/>\n<meta property=\"og:site_name\" content=\"Urbidermis\" \/>\n<meta property=\"article:modified_time\" content=\"2026-04-08T09:42:11+00:00\" \/>\n<meta property=\"og:image\" content=\"https:\/\/www.urbidermis.com\/wp-content\/uploads\/MicrosoftTeams-image-14.jpg\" \/>\n\t<meta property=\"og:image:width\" content=\"1000\" \/>\n\t<meta property=\"og:image:height\" content=\"1400\" \/>\n\t<meta property=\"og:image:type\" content=\"image\/jpeg\" \/>\n<meta name=\"twitter:card\" content=\"summary_large_image\" \/>\n<script type=\"application\/ld+json\" class=\"yoast-schema-graph\">{\"@context\":\"https:\/\/schema.org\",\"@graph\":[{\"@type\":\"WebPage\",\"@id\":\"https:\/\/www.urbidermis.com\/es\/iluminacion-urbana\/via-lactea\/\",\"url\":\"https:\/\/www.urbidermis.com\/es\/iluminacion-urbana\/via-lactea\/\",\"name\":\"V\u00eda L\u00e1ctea - Urbidermis\",\"isPartOf\":{\"@id\":\"https:\/\/www.urbidermis.com\/es\/#website\"},\"primaryImageOfPage\":{\"@id\":\"https:\/\/www.urbidermis.com\/es\/iluminacion-urbana\/via-lactea\/#primaryimage\"},\"image\":{\"@id\":\"https:\/\/www.urbidermis.com\/es\/iluminacion-urbana\/via-lactea\/#primaryimage\"},\"thumbnailUrl\":\"https:\/\/www.urbidermis.com\/wp-content\/uploads\/MicrosoftTeams-image-14.jpg\",\"datePublished\":\"2022-03-01T10:31:30+00:00\",\"dateModified\":\"2026-04-08T09:42:11+00:00\",\"breadcrumb\":{\"@id\":\"https:\/\/www.urbidermis.com\/es\/iluminacion-urbana\/via-lactea\/#breadcrumb\"},\"inLanguage\":\"es\",\"potentialAction\":[{\"@type\":\"ReadAction\",\"target\":[\"https:\/\/www.urbidermis.com\/es\/iluminacion-urbana\/via-lactea\/\"]}]},{\"@type\":\"ImageObject\",\"inLanguage\":\"es\",\"@id\":\"https:\/\/www.urbidermis.com\/es\/iluminacion-urbana\/via-lactea\/#primaryimage\",\"url\":\"https:\/\/www.urbidermis.com\/wp-content\/uploads\/MicrosoftTeams-image-14.jpg\",\"contentUrl\":\"https:\/\/www.urbidermis.com\/wp-content\/uploads\/MicrosoftTeams-image-14.jpg\",\"width\":1000,\"height\":1400},{\"@type\":\"BreadcrumbList\",\"@id\":\"https:\/\/www.urbidermis.com\/es\/iluminacion-urbana\/via-lactea\/#breadcrumb\",\"itemListElement\":[{\"@type\":\"ListItem\",\"position\":1,\"name\":\"Home\",\"item\":\"https:\/\/www.urbidermis.com\/es\/\"},{\"@type\":\"ListItem\",\"position\":2,\"name\":\"Productos\",\"item\":\"https:\/\/www.urbidermis.com\/es\/productos\/\"},{\"@type\":\"ListItem\",\"position\":3,\"name\":\"V\u00eda L\u00e1ctea\"}]},{\"@type\":\"WebSite\",\"@id\":\"https:\/\/www.urbidermis.com\/es\/#website\",\"url\":\"https:\/\/www.urbidermis.com\/es\/\",\"name\":\"Urbidermis\",\"description\":\"Expertos en la ciudad\",\"publisher\":{\"@id\":\"https:\/\/www.urbidermis.com\/es\/#organization\"},\"potentialAction\":[{\"@type\":\"SearchAction\",\"target\":{\"@type\":\"EntryPoint\",\"urlTemplate\":\"https:\/\/www.urbidermis.com\/es\/?s={search_term_string}\"},\"query-input\":\"required name=search_term_string\"}],\"inLanguage\":\"es\"},{\"@type\":\"Organization\",\"@id\":\"https:\/\/www.urbidermis.com\/es\/#organization\",\"name\":\"Urbidermis\",\"url\":\"https:\/\/www.urbidermis.com\/es\/\",\"logo\":{\"@type\":\"ImageObject\",\"inLanguage\":\"es\",\"@id\":\"https:\/\/www.urbidermis.com\/es\/#\/schema\/logo\/image\/\",\"url\":\"https:\/\/www.urbidermis.com\/wp-content\/uploads\/logo_urbdermis-1.png\",\"contentUrl\":\"https:\/\/www.urbidermis.com\/wp-content\/uploads\/logo_urbdermis-1.png\",\"width\":601,\"height\":1033,\"caption\":\"Urbidermis\"},\"image\":{\"@id\":\"https:\/\/www.urbidermis.com\/es\/#\/schema\/logo\/image\/\"}}]}<\/script>\n<!-- \/ Yoast SEO plugin. -->","yoast_head_json":{"title":"V\u00eda L\u00e1ctea - Urbidermis","robots":{"index":"index","follow":"follow","max-snippet":"max-snippet:-1","max-image-preview":"max-image-preview:large","max-video-preview":"max-video-preview:-1"},"canonical":"https:\/\/www.urbidermis.com\/es\/iluminacion-urbana\/via-lactea\/","og_locale":"es_ES","og_type":"article","og_title":"V\u00eda L\u00e1ctea - Urbidermis","og_description":"Farola de columna b\u00edfida ideada para dibujar l\u00edneas de luz en el cielo. Si se coloca secuencialmente permite construir l\u00edneas continuas con muy pocos soportes, eliminando uno de cada dos por la solidaridad del conjunto, lo que en espacios peatonales conviene.","og_url":"https:\/\/www.urbidermis.com\/es\/iluminacion-urbana\/via-lactea\/","og_site_name":"Urbidermis","article_modified_time":"2026-04-08T09:42:11+00:00","og_image":[{"width":1000,"height":1400,"url":"https:\/\/www.urbidermis.com\/wp-content\/uploads\/MicrosoftTeams-image-14.jpg","type":"image\/jpeg"}],"twitter_card":"summary_large_image","schema":{"@context":"https:\/\/schema.org","@graph":[{"@type":"WebPage","@id":"https:\/\/www.urbidermis.com\/es\/iluminacion-urbana\/via-lactea\/","url":"https:\/\/www.urbidermis.com\/es\/iluminacion-urbana\/via-lactea\/","name":"V\u00eda L\u00e1ctea - Urbidermis","isPartOf":{"@id":"https:\/\/www.urbidermis.com\/es\/#website"},"primaryImageOfPage":{"@id":"https:\/\/www.urbidermis.com\/es\/iluminacion-urbana\/via-lactea\/#primaryimage"},"image":{"@id":"https:\/\/www.urbidermis.com\/es\/iluminacion-urbana\/via-lactea\/#primaryimage"},"thumbnailUrl":"https:\/\/www.urbidermis.com\/wp-content\/uploads\/MicrosoftTeams-image-14.jpg","datePublished":"2022-03-01T10:31:30+00:00","dateModified":"2026-04-08T09:42:11+00:00","breadcrumb":{"@id":"https:\/\/www.urbidermis.com\/es\/iluminacion-urbana\/via-lactea\/#breadcrumb"},"inLanguage":"es","potentialAction":[{"@type":"ReadAction","target":["https:\/\/www.urbidermis.com\/es\/iluminacion-urbana\/via-lactea\/"]}]},{"@type":"ImageObject","inLanguage":"es","@id":"https:\/\/www.urbidermis.com\/es\/iluminacion-urbana\/via-lactea\/#primaryimage","url":"https:\/\/www.urbidermis.com\/wp-content\/uploads\/MicrosoftTeams-image-14.jpg","contentUrl":"https:\/\/www.urbidermis.com\/wp-content\/uploads\/MicrosoftTeams-image-14.jpg","width":1000,"height":1400},{"@type":"BreadcrumbList","@id":"https:\/\/www.urbidermis.com\/es\/iluminacion-urbana\/via-lactea\/#breadcrumb","itemListElement":[{"@type":"ListItem","position":1,"name":"Home","item":"https:\/\/www.urbidermis.com\/es\/"},{"@type":"ListItem","position":2,"name":"Productos","item":"https:\/\/www.urbidermis.com\/es\/productos\/"},{"@type":"ListItem","position":3,"name":"V\u00eda L\u00e1ctea"}]},{"@type":"WebSite","@id":"https:\/\/www.urbidermis.com\/es\/#website","url":"https:\/\/www.urbidermis.com\/es\/","name":"Urbidermis","description":"Expertos en la ciudad","publisher":{"@id":"https:\/\/www.urbidermis.com\/es\/#organization"},"potentialAction":[{"@type":"SearchAction","target":{"@type":"EntryPoint","urlTemplate":"https:\/\/www.urbidermis.com\/es\/?s={search_term_string}"},"query-input":"required name=search_term_string"}],"inLanguage":"es"},{"@type":"Organization","@id":"https:\/\/www.urbidermis.com\/es\/#organization","name":"Urbidermis","url":"https:\/\/www.urbidermis.com\/es\/","logo":{"@type":"ImageObject","inLanguage":"es","@id":"https:\/\/www.urbidermis.com\/es\/#\/schema\/logo\/image\/","url":"https:\/\/www.urbidermis.com\/wp-content\/uploads\/logo_urbdermis-1.png","contentUrl":"https:\/\/www.urbidermis.com\/wp-content\/uploads\/logo_urbdermis-1.png","width":601,"height":1033,"caption":"Urbidermis"},"image":{"@id":"https:\/\/www.urbidermis.com\/es\/#\/schema\/logo\/image\/"}}]}},"_links":{"self":[{"href":"https:\/\/www.urbidermis.com\/es\/wp-json\/wp\/v2\/product\/6624"}],"collection":[{"href":"https:\/\/www.urbidermis.com\/es\/wp-json\/wp\/v2\/product"}],"about":[{"href":"https:\/\/www.urbidermis.com\/es\/wp-json\/wp\/v2\/types\/product"}],"acf:post":[{"embeddable":true,"href":"https:\/\/www.urbidermis.com\/es\/wp-json\/wp\/v2\/autores\/10241"}],"wp:featuredmedia":[{"embeddable":true,"href":"https:\/\/www.urbidermis.com\/es\/wp-json\/wp\/v2\/media\/9850"}],"wp:attachment":[{"href":"https:\/\/www.urbidermis.com\/es\/wp-json\/wp\/v2\/media?parent=6624"}],"wp:term":[{"taxonomy":"product_cat","embeddable":true,"href":"https:\/\/www.urbidermis.com\/es\/wp-json\/wp\/v2\/product_cat?post=6624"},{"taxonomy":"product_tag","embeddable":true,"href":"https:\/\/www.urbidermis.com\/es\/wp-json\/wp\/v2\/product_tag?post=6624"}],"curies":[{"name":"wp","href":"https:\/\/api.w.org\/{rel}","templated":true}]}}