


{"id":6628,"date":"2022-03-01T10:25:44","date_gmt":"2022-03-01T10:25:44","guid":{"rendered":"https:\/\/ubweb21.urbidermis.com\/product\/108\/"},"modified":"2026-04-08T10:50:58","modified_gmt":"2026-04-08T08:50:58","slug":"108","status":"publish","type":"product","link":"https:\/\/www.urbidermis.com\/es\/farolas-urbanas\/108\/","title":{"rendered":"108"},"content":{"rendered":"","protected":false},"excerpt":{"rendered":"<p>Farola funcional para la iluminaci\u00f3n urbana nacida de un \u00e1ngulo, sin vocaci\u00f3n de protagonismo. La farola 108 est\u00e1 compuesta por un fuste, de secci\u00f3n rectangular continua, que forma un conjunto con un brazo inclinado 15\u00b0 en el que se aloja el grupo \u00f3ptico.<\/p>\n","protected":false},"featured_media":8221,"template":"","meta":{"_acf_changed":false,"inline_featured_image":false},"product_cat":[81,77],"product_tag":[],"acf":{"activador_seccion_impacto_acvs_secctions_acvs":true,"texto_enlace_amplifyapp":"108_Urban_lighting","codigos_acvs_matching_row-leds":[{"texto_pestana_item_fetch":"6 LED","codigo_item_fetch":"C8FL06"},{"texto_pestana_item_fetch":"12 LED","codigo_item_fetch":"C8FL12"},{"texto_pestana_item_fetch":"18 LED","codigo_item_fetch":"C8FL18"}],"activator_acf_option_madera_text":false,"texto_bajo_btn_certificados":"","check_para_validar_no_secc_aplication":true,"is_protocolo_y_control_generic":true,"is_producto_residencial_para_mostrar_info_diferente":false,"is_plano_de_cotas_validator":true,"galeria_multidimension_imagenes_plano_de_cotas_proyector":[{"texto_pestana_plano_galeria":"Farola","imagen_plano_de_cotas":"[link_wp_dam_url ids=\"14488\"]"}],"premios_producto_repeater":null,"participantes":"","autores":[10241],"ano_creacion_producto":"2007","validacion_producto_descarga":true,"galeria_imagenes_repeater_libro":[{"imagen_item_gal":"[link_wp_dam_url ids=\"12825\"]","activar_video_item_gal":false,"portada_video_item_gal":null,"video_en_horizonal_item_gal":false,"video_item_gal":false},{"imagen_item_gal":"[link_wp_dam_url ids=\"12826\"]","activar_video_item_gal":false,"portada_video_item_gal":null,"video_en_horizonal_item_gal":false,"video_item_gal":false},{"imagen_item_gal":"[link_wp_dam_url ids=\"12827\"]","activar_video_item_gal":false,"portada_video_item_gal":null,"video_en_horizonal_item_gal":false,"video_item_gal":false},{"imagen_item_gal":"[link_wp_dam_url ids=\"12828\"]","activar_video_item_gal":false,"portada_video_item_gal":null,"video_en_horizonal_item_gal":false,"video_item_gal":false}],"secciones_producto":[{"acf_fc_layout":"seccion_navtabs_imagen_dinamica","title_group":{"title_tag":"h2","title_txt":"Sobria apariencia"},"texto_intro_principal":true,"texto_introductorio":"Mediante una amplia gama de distribuciones lum\u00ednicas viales, la farola urbana 108 presenta una gran flexibilidad de adaptaci\u00f3n con elevada eficiencia energ\u00e9tica. Un elemento de iluminaci\u00f3n vial de sobria apariencia y claro cometido.","ventanas_detalles_producto":[{"title_group_producto_grid_single":{"title_tag":"h2","title_txt":"Materiales"},"imagen_de_fondo_dinamic_single_producto":"","texto_contenido_ventana":true,"contenido_tabs_producto":"<ul>\r\n \t<li>Fuste y brazo de tubo de secci\u00f3n continua de 200 x 100mm y tres alturas de 4,70m, 6,20m y 7,70m de acero S-275 JR Clase 1 galvanizado en caliente acabado pintado.<\/li>\r\n \t<li>Difusor de vidrio \u00f3ptico templado.<\/li>\r\n<\/ul>","acordion":false,"preguntas_y_respuestas":null,"cuadricula_de_colores":false,"componentes_producto":null,"descargables":false,"tipo_datasheet":"simple","datasheet":null,"datasheet_multiple":null,"tipo_instrucciones":"simple","instructions":null,"instructions_multiple":null,"drawings_ce":null,"2d_cad":null,"3d_cad":null,"revit":null,"ldt_photometric_files":null,"ies_photometric_files":null,"validador_detalles_producto":false,"tipo_especificacion":"distribucion"},{"title_group_producto_grid_single":{"title_tag":"h2","title_txt":"Acabados"},"imagen_de_fondo_dinamic_single_producto":"","texto_contenido_ventana":true,"contenido_tabs_producto":"Los colores mostrados son meramente indicativos.\r\nOtros colores bajo demanda.\r\nConsultar acabados para ambientes marinos.","acordion":false,"preguntas_y_respuestas":null,"cuadricula_de_colores":true,"componentes_producto":[{"nombre_componente":"","colores":["gris_claro","gris_medio","gris_oscuro"]}],"descargables":false,"tipo_datasheet":"simple","datasheet":null,"datasheet_multiple":null,"tipo_instrucciones":"simple","instructions":null,"instructions_multiple":null,"drawings_ce":null,"2d_cad":null,"3d_cad":null,"revit":null,"ldt_photometric_files":null,"ies_photometric_files":null,"validador_detalles_producto":false,"tipo_especificacion":"control"},{"title_group_producto_grid_single":{"title_tag":"h2","title_txt":"Fuente de luz"},"imagen_de_fondo_dinamic_single_producto":"","texto_contenido_ventana":true,"contenido_tabs_producto":"<p class=\"p1\"><strong>Potencia del sistema (W)<\/strong><\/p>\r\n<p class=\"p2\">Grupo \u00f3ptico de alta eficiencia<\/p>\r\n\r\n<ul>\r\n \t<li class=\"p3\">6 LEDs 25W, 36W<\/li>\r\n \t<li class=\"p3\">12 LEDs 51W, 72W<\/li>\r\n \t<li class=\"p3\">18 LEDs 76W, 108W<\/li>\r\n<\/ul>\r\n&nbsp;\r\n<p class=\"p1\"><strong>Intensidad de funcionamiento (mA)<\/strong><\/p>\r\n\r\n<ul>\r\n \t<li class=\"p3\">350<\/li>\r\n \t<li class=\"p3\">500<\/li>\r\n<\/ul>\r\n&nbsp;\r\n\r\n<strong>Temperatura de color (K)<\/strong>\r\n<ul>\r\n \t<li class=\"p3\">4000 IRC min70<\/li>\r\n \t<li class=\"p3\">3000 IRC min70<\/li>\r\n \t<li class=\"p3\">2700 IRC min70<\/li>\r\n<\/ul>\r\n<p class=\"p4\">Otras temperaturas de color y\/o IRC disponibles bajo pedido.<\/p>\r\n&nbsp;\r\n<p class=\"p1\"><strong>Vida \u00fatil<\/strong><\/p>\r\n<p class=\"p2\">TM21 L70 (10k) &gt; 60.000 h.<\/p>","acordion":false,"preguntas_y_respuestas":null,"cuadricula_de_colores":false,"componentes_producto":null,"descargables":false,"tipo_datasheet":"simple","datasheet":null,"datasheet_multiple":null,"tipo_instrucciones":"simple","instructions":null,"instructions_multiple":null,"drawings_ce":null,"2d_cad":null,"3d_cad":null,"revit":null,"ldt_photometric_files":null,"ies_photometric_files":null,"validador_detalles_producto":false,"tipo_especificacion":"distribucion"},{"title_group_producto_grid_single":{"title_tag":"h2","title_txt":"Dibujo de cotas"},"imagen_de_fondo_dinamic_single_producto":"","texto_contenido_ventana":false,"contenido_tabs_producto":"","acordion":false,"preguntas_y_respuestas":null,"cuadricula_de_colores":false,"componentes_producto":null,"descargables":false,"tipo_datasheet":"simple","datasheet":null,"datasheet_multiple":null,"tipo_instrucciones":"simple","instructions":null,"instructions_multiple":null,"drawings_ce":null,"2d_cad":null,"3d_cad":null,"revit":null,"ldt_photometric_files":null,"ies_photometric_files":null,"validador_detalles_producto":false,"tipo_especificacion":"certificados"},{"title_group_producto_grid_single":{"title_tag":"h2","title_txt":"Distribuciones"},"imagen_de_fondo_dinamic_single_producto":"","texto_contenido_ventana":false,"contenido_tabs_producto":"Doble nivel por l\u00ednea de mando.\r\n\r\nFlujo en cabecera.\r\n\r\nAutom\u00e1tica programada.\r\n\r\n&nbsp;","acordion":false,"preguntas_y_respuestas":null,"cuadricula_de_colores":false,"componentes_producto":null,"descargables":false,"tipo_datasheet":"simple","datasheet":null,"datasheet_multiple":null,"tipo_instrucciones":"simple","instructions":null,"instructions_multiple":null,"drawings_ce":null,"2d_cad":null,"3d_cad":null,"revit":null,"ldt_photometric_files":null,"ies_photometric_files":null,"validador_detalles_producto":true,"tipo_especificacion":"distribucion"},{"title_group_producto_grid_single":{"title_tag":"h2","title_txt":"Protocolos y control"},"imagen_de_fondo_dinamic_single_producto":"","texto_contenido_ventana":true,"contenido_tabs_producto":"","acordion":false,"preguntas_y_respuestas":null,"cuadricula_de_colores":false,"componentes_producto":[{"nombre_componente":"","colores":["gris_claro","gris_medio","gris_oscuro"]}],"descargables":false,"tipo_datasheet":"simple","datasheet":null,"datasheet_multiple":null,"tipo_instrucciones":"simple","instructions":null,"instructions_multiple":null,"drawings_ce":null,"2d_cad":null,"3d_cad":null,"revit":null,"ldt_photometric_files":null,"ies_photometric_files":null,"validador_detalles_producto":true,"tipo_especificacion":"control"},{"title_group_producto_grid_single":{"title_tag":"h2","title_txt":"Instalaci\u00f3n"},"imagen_de_fondo_dinamic_single_producto":"","texto_contenido_ventana":true,"contenido_tabs_producto":"<ul>\r\n \t<li>Fijaci\u00f3n del fuste mediante un dado de hormig\u00f3n, con ranura para conexi\u00f3n el\u00e9ctrica, realizado in situ y cuatro pernos de anclaje, 20cm por debajo de la cota de pavimento.<\/li>\r\n \t<li>El elemento se suministra desmontado en dos componentes: fuste con brazo y grupo \u00f3ptico.<\/li>\r\n \t<li>Instrucciones de instalaci\u00f3n y montaje, torniller\u00eda, plantilla y pernos de anclaje incluidos.<\/li>\r\n<\/ul>","acordion":false,"preguntas_y_respuestas":null,"cuadricula_de_colores":false,"componentes_producto":null,"descargables":false,"tipo_datasheet":"simple","datasheet":null,"datasheet_multiple":null,"tipo_instrucciones":"simple","instructions":null,"instructions_multiple":null,"drawings_ce":null,"2d_cad":null,"3d_cad":null,"revit":null,"ldt_photometric_files":null,"ies_photometric_files":null,"validador_detalles_producto":false,"tipo_especificacion":""},{"title_group_producto_grid_single":{"title_tag":"h2","title_txt":"Mantenimiento"},"imagen_de_fondo_dinamic_single_producto":"","texto_contenido_ventana":true,"contenido_tabs_producto":"<ul>\r\n \t<li>Incluye v\u00e1lvula de compensaci\u00f3n de presi\u00f3n y protector de sobretensiones de 10kV (CE).<\/li>\r\n \t<li>Limpiar utilizando productos de limpieza con pH neutro, sin alcohol y no abrasivos.<\/li>\r\n<\/ul>","acordion":false,"preguntas_y_respuestas":null,"cuadricula_de_colores":false,"componentes_producto":null,"descargables":false,"tipo_datasheet":"simple","datasheet":null,"datasheet_multiple":null,"tipo_instrucciones":"simple","instructions":null,"instructions_multiple":null,"drawings_ce":null,"2d_cad":null,"3d_cad":null,"revit":null,"ldt_photometric_files":null,"ies_photometric_files":null,"validador_detalles_producto":false,"tipo_especificacion":"certificados"},{"title_group_producto_grid_single":{"title_tag":"h2","title_txt":"Certificados"},"imagen_de_fondo_dinamic_single_producto":"","texto_contenido_ventana":false,"contenido_tabs_producto":"Incluye v\u00e1lvula de compensaci\u00f3n de presi\u00f3n y protector de sobretensiones de 10kV (CE).\r\n\r\nLimpiar utilizando productos de limpieza con pH neutro, sin alcohol y no abrasivos.","acordion":false,"preguntas_y_respuestas":null,"cuadricula_de_colores":false,"componentes_producto":null,"descargables":false,"tipo_datasheet":"simple","datasheet":null,"datasheet_multiple":null,"tipo_instrucciones":"simple","instructions":null,"instructions_multiple":null,"drawings_ce":null,"2d_cad":null,"3d_cad":null,"revit":null,"ldt_photometric_files":null,"ies_photometric_files":null,"validador_detalles_producto":true,"tipo_especificacion":"certificados"},{"title_group_producto_grid_single":{"title_tag":"h2","title_txt":"Peso"},"imagen_de_fondo_dinamic_single_producto":"","texto_contenido_ventana":true,"contenido_tabs_producto":"Farola 4,70 m: 127,5\r\nFarola 6,20 m: 170\r\nFarola 7,70 m: 230\r\n\r\n*Peso aproximado sin embalaje (kg)","acordion":false,"preguntas_y_respuestas":null,"cuadricula_de_colores":false,"componentes_producto":null,"descargables":false,"tipo_datasheet":"simple","datasheet":null,"datasheet_multiple":null,"tipo_instrucciones":"simple","instructions":null,"instructions_multiple":null,"drawings_ce":null,"2d_cad":null,"3d_cad":null,"revit":null,"ldt_photometric_files":null,"ies_photometric_files":null,"validador_detalles_producto":false,"tipo_especificacion":""}]},{"acf_fc_layout":"seccion_navtabs_imagen_dinamica","title_group":{"title_tag":"h2","title_txt":"Descargables"},"texto_intro_principal":false,"texto_introductorio":"","ventanas_detalles_producto":[{"title_group_producto_grid_single":{"title_tag":"h2","title_txt":""},"imagen_de_fondo_dinamic_single_producto":"","texto_contenido_ventana":false,"contenido_tabs_producto":"","acordion":false,"preguntas_y_respuestas":null,"cuadricula_de_colores":false,"componentes_producto":null,"descargables":true,"tipo_datasheet":"simple","datasheet":24919,"datasheet_multiple":null,"tipo_instrucciones":"simple","instructions":18814,"instructions_multiple":null,"drawings_ce":18806,"2d_cad":18810,"3d_cad":11241,"revit":13309,"ldt_photometric_files":17156,"ies_photometric_files":11249,"validador_detalles_producto":false,"tipo_especificacion":""}]},{"acf_fc_layout":"seccion_consulta_nuestros_expertos","imagen_de_fondo_single_producto":"[link_wp_dam_url ids=\"12829\" size=\"x2400\"]","imagen_de_fondo_single_producto_mobile":""},{"acf_fc_layout":"seccion_imagen_de_fondo_con_sub_menu","titulo_group_list_contet_proyectos":{"title_tag":"h3","title_txt":"108 en la ciudad"},"ancla_copy2":"","proyectos_relacionados":[{"project":6574,"project_img":"[link_wp_dam_url ids=\"12830\"]"},{"project":5593,"project_img":"[link_wp_dam_url ids=\"12831\"]"},{"project":7752,"project_img":"[link_wp_dam_url ids=\"12832\"]"},{"project":22388,"project_img":"[link_wp_dam_url ids=\"12833\"]"}]}],"dist_simetrica":"","dist_asimetrica":["type-iii-a","type-iii-b","type-iii-c","type-iii-d"],"dist_indirecta":"","dist_suelo":"","control":["1-10v","dali"],"certificados":["ce","rohs","ip66","ik08","clase-i"],"nombre_arbol_entre_comillas":"","nombre_solo_plantas_field":"","isbn_campo_texto":"","autor_book_publicacion_producto":"","idioma_campo_texto":"","enquadernacion_campo_texto":"","_numero_de_paginas_campo_texto":"","pdf_asociado_producto":"","resumen_libro":"","text_content_family_basic_information":"","text_content_family_basic_number_width":"","text_content_family_basic_number_height":"","text_content_planting_density":"","flowers_option_colours":"","flowers_option_season":"","properties_option_pruning":"","properties_option_watering":"","properties_option_sun_exposure":"","properties_option_minimum_temp":"","properties_option_soil_type":"","properties_option_fire":"","properties_option_heat":"","properties_option_moisture":"","properties_option_dryness":"","properties_option_coastal_area":"","texto_introduccion_landing_custom":"","enlace_descubre_mas_custom":"","selecciona_tipo_de_imagen_custom":"","imagen_vertical_custom":"","imagen_horizontal_custom":"","opciones_de_texto_1":true,"opciones_de_texto_2":"acabado_standar","opciones_de_texto_3":""},"yoast_head":"<!-- This site is optimized with the Yoast SEO plugin v22.8 - https:\/\/yoast.com\/wordpress\/plugins\/seo\/ -->\n<title>108 - Urbidermis<\/title>\n<meta name=\"robots\" content=\"index, follow, max-snippet:-1, max-image-preview:large, max-video-preview:-1\" \/>\n<link rel=\"canonical\" href=\"https:\/\/www.urbidermis.com\/es\/farolas-urbanas\/108\/\" \/>\n<meta property=\"og:locale\" content=\"es_ES\" \/>\n<meta property=\"og:type\" content=\"article\" \/>\n<meta property=\"og:title\" content=\"108 - Urbidermis\" \/>\n<meta property=\"og:description\" content=\"Farola funcional para la iluminaci\u00f3n urbana nacida de un \u00e1ngulo, sin vocaci\u00f3n de protagonismo. La farola 108 est\u00e1 compuesta por un fuste, de secci\u00f3n rectangular continua, que forma un conjunto con un brazo inclinado 15\u00b0 en el que se aloja el grupo \u00f3ptico.\" \/>\n<meta property=\"og:url\" content=\"https:\/\/www.urbidermis.com\/es\/farolas-urbanas\/108\/\" \/>\n<meta property=\"og:site_name\" content=\"Urbidermis\" \/>\n<meta property=\"article:modified_time\" content=\"2026-04-08T08:50:58+00:00\" \/>\n<meta property=\"og:image\" content=\"https:\/\/www.urbidermis.com\/wp-content\/uploads\/20190326_Spain_Barcelona_Belloch_C8F_Equipo_Urbidermis_02.jpg\" \/>\n\t<meta property=\"og:image:width\" content=\"1371\" \/>\n\t<meta property=\"og:image:height\" content=\"1920\" \/>\n\t<meta property=\"og:image:type\" content=\"image\/jpeg\" \/>\n<meta name=\"twitter:card\" content=\"summary_large_image\" \/>\n<script type=\"application\/ld+json\" class=\"yoast-schema-graph\">{\"@context\":\"https:\/\/schema.org\",\"@graph\":[{\"@type\":\"WebPage\",\"@id\":\"https:\/\/www.urbidermis.com\/es\/farolas-urbanas\/108\/\",\"url\":\"https:\/\/www.urbidermis.com\/es\/farolas-urbanas\/108\/\",\"name\":\"108 - Urbidermis\",\"isPartOf\":{\"@id\":\"https:\/\/www.urbidermis.com\/es\/#website\"},\"primaryImageOfPage\":{\"@id\":\"https:\/\/www.urbidermis.com\/es\/farolas-urbanas\/108\/#primaryimage\"},\"image\":{\"@id\":\"https:\/\/www.urbidermis.com\/es\/farolas-urbanas\/108\/#primaryimage\"},\"thumbnailUrl\":\"https:\/\/www.urbidermis.com\/wp-content\/uploads\/20190326_Spain_Barcelona_Belloch_C8F_Equipo_Urbidermis_02.jpg\",\"datePublished\":\"2022-03-01T10:25:44+00:00\",\"dateModified\":\"2026-04-08T08:50:58+00:00\",\"breadcrumb\":{\"@id\":\"https:\/\/www.urbidermis.com\/es\/farolas-urbanas\/108\/#breadcrumb\"},\"inLanguage\":\"es\",\"potentialAction\":[{\"@type\":\"ReadAction\",\"target\":[\"https:\/\/www.urbidermis.com\/es\/farolas-urbanas\/108\/\"]}]},{\"@type\":\"ImageObject\",\"inLanguage\":\"es\",\"@id\":\"https:\/\/www.urbidermis.com\/es\/farolas-urbanas\/108\/#primaryimage\",\"url\":\"https:\/\/www.urbidermis.com\/wp-content\/uploads\/20190326_Spain_Barcelona_Belloch_C8F_Equipo_Urbidermis_02.jpg\",\"contentUrl\":\"https:\/\/www.urbidermis.com\/wp-content\/uploads\/20190326_Spain_Barcelona_Belloch_C8F_Equipo_Urbidermis_02.jpg\",\"width\":1371,\"height\":1920},{\"@type\":\"BreadcrumbList\",\"@id\":\"https:\/\/www.urbidermis.com\/es\/farolas-urbanas\/108\/#breadcrumb\",\"itemListElement\":[{\"@type\":\"ListItem\",\"position\":1,\"name\":\"Home\",\"item\":\"https:\/\/www.urbidermis.com\/es\/\"},{\"@type\":\"ListItem\",\"position\":2,\"name\":\"Productos\",\"item\":\"https:\/\/www.urbidermis.com\/es\/productos\/\"},{\"@type\":\"ListItem\",\"position\":3,\"name\":\"108\"}]},{\"@type\":\"WebSite\",\"@id\":\"https:\/\/www.urbidermis.com\/es\/#website\",\"url\":\"https:\/\/www.urbidermis.com\/es\/\",\"name\":\"Urbidermis\",\"description\":\"Expertos en la ciudad\",\"publisher\":{\"@id\":\"https:\/\/www.urbidermis.com\/es\/#organization\"},\"potentialAction\":[{\"@type\":\"SearchAction\",\"target\":{\"@type\":\"EntryPoint\",\"urlTemplate\":\"https:\/\/www.urbidermis.com\/es\/?s={search_term_string}\"},\"query-input\":\"required name=search_term_string\"}],\"inLanguage\":\"es\"},{\"@type\":\"Organization\",\"@id\":\"https:\/\/www.urbidermis.com\/es\/#organization\",\"name\":\"Urbidermis\",\"url\":\"https:\/\/www.urbidermis.com\/es\/\",\"logo\":{\"@type\":\"ImageObject\",\"inLanguage\":\"es\",\"@id\":\"https:\/\/www.urbidermis.com\/es\/#\/schema\/logo\/image\/\",\"url\":\"https:\/\/www.urbidermis.com\/wp-content\/uploads\/logo_urbdermis-1.png\",\"contentUrl\":\"https:\/\/www.urbidermis.com\/wp-content\/uploads\/logo_urbdermis-1.png\",\"width\":601,\"height\":1033,\"caption\":\"Urbidermis\"},\"image\":{\"@id\":\"https:\/\/www.urbidermis.com\/es\/#\/schema\/logo\/image\/\"}}]}<\/script>\n<!-- \/ Yoast SEO plugin. -->","yoast_head_json":{"title":"108 - Urbidermis","robots":{"index":"index","follow":"follow","max-snippet":"max-snippet:-1","max-image-preview":"max-image-preview:large","max-video-preview":"max-video-preview:-1"},"canonical":"https:\/\/www.urbidermis.com\/es\/farolas-urbanas\/108\/","og_locale":"es_ES","og_type":"article","og_title":"108 - Urbidermis","og_description":"Farola funcional para la iluminaci\u00f3n urbana nacida de un \u00e1ngulo, sin vocaci\u00f3n de protagonismo. La farola 108 est\u00e1 compuesta por un fuste, de secci\u00f3n rectangular continua, que forma un conjunto con un brazo inclinado 15\u00b0 en el que se aloja el grupo \u00f3ptico.","og_url":"https:\/\/www.urbidermis.com\/es\/farolas-urbanas\/108\/","og_site_name":"Urbidermis","article_modified_time":"2026-04-08T08:50:58+00:00","og_image":[{"width":1371,"height":1920,"url":"https:\/\/www.urbidermis.com\/wp-content\/uploads\/20190326_Spain_Barcelona_Belloch_C8F_Equipo_Urbidermis_02.jpg","type":"image\/jpeg"}],"twitter_card":"summary_large_image","schema":{"@context":"https:\/\/schema.org","@graph":[{"@type":"WebPage","@id":"https:\/\/www.urbidermis.com\/es\/farolas-urbanas\/108\/","url":"https:\/\/www.urbidermis.com\/es\/farolas-urbanas\/108\/","name":"108 - Urbidermis","isPartOf":{"@id":"https:\/\/www.urbidermis.com\/es\/#website"},"primaryImageOfPage":{"@id":"https:\/\/www.urbidermis.com\/es\/farolas-urbanas\/108\/#primaryimage"},"image":{"@id":"https:\/\/www.urbidermis.com\/es\/farolas-urbanas\/108\/#primaryimage"},"thumbnailUrl":"https:\/\/www.urbidermis.com\/wp-content\/uploads\/20190326_Spain_Barcelona_Belloch_C8F_Equipo_Urbidermis_02.jpg","datePublished":"2022-03-01T10:25:44+00:00","dateModified":"2026-04-08T08:50:58+00:00","breadcrumb":{"@id":"https:\/\/www.urbidermis.com\/es\/farolas-urbanas\/108\/#breadcrumb"},"inLanguage":"es","potentialAction":[{"@type":"ReadAction","target":["https:\/\/www.urbidermis.com\/es\/farolas-urbanas\/108\/"]}]},{"@type":"ImageObject","inLanguage":"es","@id":"https:\/\/www.urbidermis.com\/es\/farolas-urbanas\/108\/#primaryimage","url":"https:\/\/www.urbidermis.com\/wp-content\/uploads\/20190326_Spain_Barcelona_Belloch_C8F_Equipo_Urbidermis_02.jpg","contentUrl":"https:\/\/www.urbidermis.com\/wp-content\/uploads\/20190326_Spain_Barcelona_Belloch_C8F_Equipo_Urbidermis_02.jpg","width":1371,"height":1920},{"@type":"BreadcrumbList","@id":"https:\/\/www.urbidermis.com\/es\/farolas-urbanas\/108\/#breadcrumb","itemListElement":[{"@type":"ListItem","position":1,"name":"Home","item":"https:\/\/www.urbidermis.com\/es\/"},{"@type":"ListItem","position":2,"name":"Productos","item":"https:\/\/www.urbidermis.com\/es\/productos\/"},{"@type":"ListItem","position":3,"name":"108"}]},{"@type":"WebSite","@id":"https:\/\/www.urbidermis.com\/es\/#website","url":"https:\/\/www.urbidermis.com\/es\/","name":"Urbidermis","description":"Expertos en la ciudad","publisher":{"@id":"https:\/\/www.urbidermis.com\/es\/#organization"},"potentialAction":[{"@type":"SearchAction","target":{"@type":"EntryPoint","urlTemplate":"https:\/\/www.urbidermis.com\/es\/?s={search_term_string}"},"query-input":"required name=search_term_string"}],"inLanguage":"es"},{"@type":"Organization","@id":"https:\/\/www.urbidermis.com\/es\/#organization","name":"Urbidermis","url":"https:\/\/www.urbidermis.com\/es\/","logo":{"@type":"ImageObject","inLanguage":"es","@id":"https:\/\/www.urbidermis.com\/es\/#\/schema\/logo\/image\/","url":"https:\/\/www.urbidermis.com\/wp-content\/uploads\/logo_urbdermis-1.png","contentUrl":"https:\/\/www.urbidermis.com\/wp-content\/uploads\/logo_urbdermis-1.png","width":601,"height":1033,"caption":"Urbidermis"},"image":{"@id":"https:\/\/www.urbidermis.com\/es\/#\/schema\/logo\/image\/"}}]}},"_links":{"self":[{"href":"https:\/\/www.urbidermis.com\/es\/wp-json\/wp\/v2\/product\/6628"}],"collection":[{"href":"https:\/\/www.urbidermis.com\/es\/wp-json\/wp\/v2\/product"}],"about":[{"href":"https:\/\/www.urbidermis.com\/es\/wp-json\/wp\/v2\/types\/product"}],"acf:post":[{"embeddable":true,"href":"https:\/\/www.urbidermis.com\/es\/wp-json\/wp\/v2\/autores\/10241"}],"wp:featuredmedia":[{"embeddable":true,"href":"https:\/\/www.urbidermis.com\/es\/wp-json\/wp\/v2\/media\/8221"}],"wp:attachment":[{"href":"https:\/\/www.urbidermis.com\/es\/wp-json\/wp\/v2\/media?parent=6628"}],"wp:term":[{"taxonomy":"product_cat","embeddable":true,"href":"https:\/\/www.urbidermis.com\/es\/wp-json\/wp\/v2\/product_cat?post=6628"},{"taxonomy":"product_tag","embeddable":true,"href":"https:\/\/www.urbidermis.com\/es\/wp-json\/wp\/v2\/product_tag?post=6628"}],"curies":[{"name":"wp","href":"https:\/\/api.w.org\/{rel}","templated":true}]}}