


{"id":7023,"date":"2022-03-01T10:36:05","date_gmt":"2022-03-01T10:36:05","guid":{"rendered":"https:\/\/ubweb21.urbidermis.com\/product\/bancal\/"},"modified":"2026-04-08T14:42:01","modified_gmt":"2026-04-08T12:42:01","slug":"bancal","status":"publish","type":"product","link":"https:\/\/www.urbidermis.com\/es\/bancos-urbanos\/bancal\/","title":{"rendered":"Bancal"},"content":{"rendered":"","protected":false},"excerpt":{"rendered":"<p>El banco Bancal forma extensas alineaciones de asientos en las que predomina la humildad por encima de cualquier manifiesto ret\u00f3rico. Compuesto por elementos con m\u00ednima expresi\u00f3n formal y elevada funci\u00f3n comunal, una plancha de acero doblada conforma la estructura, siendo asiento y respaldo compuestos por listones de madera maciza.<\/p>\n","protected":false},"featured_media":22601,"template":"","meta":{"_acf_changed":false,"inline_featured_image":false},"product_cat":[97,76],"product_tag":[],"acf":{"activador_seccion_impacto_acvs_secctions_acvs":true,"texto_enlace_amplifyapp":"Bancal_Urban_furniture","codigos_acvs_matching_row-leds":[{"texto_pestana_item_fetch":"Banqueta 2,24 m","codigo_item_fetch":"BCB + 104"},{"texto_pestana_item_fetch":"Banco 2,24 m","codigo_item_fetch":"BCB + 114"},{"texto_pestana_item_fetch":"Banco 4,47 m","codigo_item_fetch":"BCB + 204"},{"texto_pestana_item_fetch":"Banco 6,50 m","codigo_item_fetch":"BCB + 304"}],"activator_acf_option_madera_text":true,"texto_bajo_btn_certificados":"","check_para_validar_no_secc_aplication":false,"is_protocolo_y_control_generic":false,"is_producto_residencial_para_mostrar_info_diferente":false,"is_plano_de_cotas_validator":true,"galeria_multidimension_imagenes_plano_de_cotas_proyector":[{"texto_pestana_plano_galeria":"Banco","imagen_plano_de_cotas":"[link_wp_dam_url ids=\"14530\"]"},{"texto_pestana_plano_galeria":"Banqueta","imagen_plano_de_cotas":"[link_wp_dam_url ids=\"14528\"]"},{"texto_pestana_plano_galeria":" Banco sobre murete","imagen_plano_de_cotas":"[link_wp_dam_url ids=\"14529\"]"},{"texto_pestana_plano_galeria":"Alineaci\u00f3n","imagen_plano_de_cotas":"[link_wp_dam_url ids=\"14527\"]"}],"premios_producto_repeater":null,"participantes":[10286],"autores":[10695],"ano_creacion_producto":"2000","validacion_producto_descarga":true,"galeria_imagenes_repeater_libro":[{"imagen_item_gal":"[link_wp_dam_url ids=\"13100\"]","activar_video_item_gal":false,"portada_video_item_gal":null,"video_en_horizonal_item_gal":false,"video_item_gal":false},{"imagen_item_gal":"[link_wp_dam_url ids=\"13104\"]","activar_video_item_gal":false,"portada_video_item_gal":null,"video_en_horizonal_item_gal":false,"video_item_gal":false},{"imagen_item_gal":"[link_wp_dam_url ids=\"18370\"]","activar_video_item_gal":false,"portada_video_item_gal":null,"video_en_horizonal_item_gal":false,"video_item_gal":false},{"imagen_item_gal":"[link_wp_dam_url ids=\"13101\"]","activar_video_item_gal":false,"portada_video_item_gal":null,"video_en_horizonal_item_gal":false,"video_item_gal":false},{"imagen_item_gal":"[link_wp_dam_url ids=\"13102\"]","activar_video_item_gal":false,"portada_video_item_gal":null,"video_en_horizonal_item_gal":false,"video_item_gal":false},{"imagen_item_gal":"[link_wp_dam_url ids=\"13103\"]","activar_video_item_gal":false,"portada_video_item_gal":null,"video_en_horizonal_item_gal":false,"video_item_gal":false}],"secciones_producto":[{"acf_fc_layout":"seccion_navtabs_imagen_dinamica","title_group":{"title_tag":"h2","title_txt":"Modular y robusto"},"texto_intro_principal":true,"texto_introductorio":"Banco urbano sencillo y eficiente, dise\u00f1ado para escenarios de interrelaci\u00f3n y para soportar usos extremos. La posibilidad de alternar o alinear respaldos permite crear escenas cotidianas que refuercen el bienestar social, mientras que los materiales nobles resisten las exigencias del espacio urbano.","ventanas_detalles_producto":[{"title_group_producto_grid_single":{"title_tag":"h2","title_txt":"Materiales"},"imagen_de_fondo_dinamic_single_producto":"","texto_contenido_ventana":true,"contenido_tabs_producto":"<ul>\r\n \t<li>Estructura realizada con plancha de 6mm de acero S235 JR galvanizada en caliente acabada termolacada con protecci\u00f3n anticorrosiva C3.<\/li>\r\n \t<li>Asiento y respaldo de listones de madera tropical con Certificaci\u00f3n FSC 100% de 50\/65 x 160mm protegidos con aceite monocapa.<\/li>\r\n \t<li>Apoyabrazos opcional de acero inoxidable AISI304.<\/li>\r\n \t<li>Torniller\u00eda de acero inoxidable A2.<\/li>\r\n<\/ul>","acordion":false,"preguntas_y_respuestas":null,"cuadricula_de_colores":false,"componentes_producto":null,"descargables":false,"tipo_datasheet":"simple","datasheet":null,"datasheet_multiple":null,"tipo_instrucciones":"simple","instructions":null,"instructions_multiple":null,"drawings_ce":null,"2d_cad":null,"3d_cad":null,"revit":null,"ldt_photometric_files":null,"ies_photometric_files":null,"validador_detalles_producto":false,"tipo_especificacion":"certificados"},{"title_group_producto_grid_single":{"title_tag":"h2","title_txt":"Acabados"},"imagen_de_fondo_dinamic_single_producto":"","texto_contenido_ventana":true,"contenido_tabs_producto":"Los colores mostrados son meramente indicativos.\r\nOtros colores bajo demanda.\r\nConsultar acabados para ambientes marinos.","acordion":false,"preguntas_y_respuestas":null,"cuadricula_de_colores":true,"componentes_producto":[{"nombre_componente":"","colores":["madera_tropical"]}],"descargables":false,"tipo_datasheet":"simple","datasheet":null,"datasheet_multiple":null,"tipo_instrucciones":"simple","instructions":null,"instructions_multiple":null,"drawings_ce":null,"2d_cad":null,"3d_cad":null,"revit":null,"ldt_photometric_files":null,"ies_photometric_files":null,"validador_detalles_producto":false,"tipo_especificacion":""},{"title_group_producto_grid_single":{"title_tag":"h2","title_txt":"Dibujo de cotas"},"imagen_de_fondo_dinamic_single_producto":"","texto_contenido_ventana":false,"contenido_tabs_producto":"<ul>\r\n \t<li>Instalaci\u00f3n mediante dos pernos cincados M10x120 por estructura de apoyo introducidos en orificios previamente realizados en el pavimento, rellenados con resina epoxi, cemento r\u00e1pido o similar.<\/li>\r\n \t<li>El elemento se suministra embalado.<\/li>\r\n \t<li>Instrucciones de instalaci\u00f3n y montaje, torniller\u00eda y pernos incluidos.<\/li>\r\n<\/ul>","acordion":false,"preguntas_y_respuestas":null,"cuadricula_de_colores":false,"componentes_producto":[{"nombre_componente":"","colores":["madera_tropical"]}],"descargables":false,"tipo_datasheet":"simple","datasheet":null,"datasheet_multiple":null,"tipo_instrucciones":"simple","instructions":null,"instructions_multiple":null,"drawings_ce":null,"2d_cad":null,"3d_cad":null,"revit":null,"ldt_photometric_files":null,"ies_photometric_files":null,"validador_detalles_producto":false,"tipo_especificacion":""},{"title_group_producto_grid_single":{"title_tag":"h2","title_txt":"Instalaci\u00f3n"},"imagen_de_fondo_dinamic_single_producto":"","texto_contenido_ventana":true,"contenido_tabs_producto":"<ul>\r\n \t<li>Instalaci\u00f3n mediante dos pernos cincados M10x120 por estructura de apoyo introducidos en orificios previamente realizados en el pavimento, rellenados con resina epoxi, cemento r\u00e1pido o similar.<\/li>\r\n \t<li>El elemento se suministra embalado.<\/li>\r\n \t<li>Instrucciones de instalaci\u00f3n y montaje, torniller\u00eda y pernos incluidos.<\/li>\r\n<\/ul>","acordion":false,"preguntas_y_respuestas":null,"cuadricula_de_colores":false,"componentes_producto":null,"descargables":false,"tipo_datasheet":"simple","datasheet":null,"datasheet_multiple":null,"tipo_instrucciones":"simple","instructions":null,"instructions_multiple":null,"drawings_ce":null,"2d_cad":null,"3d_cad":null,"revit":null,"ldt_photometric_files":null,"ies_photometric_files":null,"validador_detalles_producto":false,"tipo_especificacion":""},{"title_group_producto_grid_single":{"title_tag":"h2","title_txt":"Mantenimiento"},"imagen_de_fondo_dinamic_single_producto":"","texto_contenido_ventana":true,"contenido_tabs_producto":"<ul>\r\n \t<li>No requiere mantenimiento, salvo para conservar el color original de la madera.<\/li>\r\n<\/ul>","acordion":false,"preguntas_y_respuestas":null,"cuadricula_de_colores":false,"componentes_producto":null,"descargables":false,"tipo_datasheet":"simple","datasheet":null,"datasheet_multiple":null,"tipo_instrucciones":"simple","instructions":null,"instructions_multiple":null,"drawings_ce":null,"2d_cad":null,"3d_cad":null,"revit":null,"ldt_photometric_files":null,"ies_photometric_files":null,"validador_detalles_producto":false,"tipo_especificacion":""},{"title_group_producto_grid_single":{"title_tag":"h2","title_txt":"Certificados"},"imagen_de_fondo_dinamic_single_producto":"","texto_contenido_ventana":false,"contenido_tabs_producto":"","acordion":false,"preguntas_y_respuestas":null,"cuadricula_de_colores":false,"componentes_producto":null,"descargables":false,"tipo_datasheet":"simple","datasheet":null,"datasheet_multiple":null,"tipo_instrucciones":"simple","instructions":null,"instructions_multiple":null,"drawings_ce":null,"2d_cad":null,"3d_cad":null,"revit":null,"ldt_photometric_files":null,"ies_photometric_files":null,"validador_detalles_producto":true,"tipo_especificacion":"certificados"}]},{"acf_fc_layout":"seccion_navtabs_imagen_dinamica","title_group":{"title_tag":"h2","title_txt":"Tipolog\u00eda"},"texto_intro_principal":false,"texto_introductorio":"","ventanas_detalles_producto":[{"title_group_producto_grid_single":{"title_tag":"h2","title_txt":"Banco"},"imagen_de_fondo_dinamic_single_producto":"[link_wp_dam_url ids=\"13105\"]","texto_contenido_ventana":true,"contenido_tabs_producto":"El banco es el elemento por excelencia del espacio urbano. Permite descansar, conversar o admirar el paisaje y connota la calidad del espacio p\u00fablico. Con respaldo para ofrecer gran comodidad, con o sin apoyabrazos para facilitar la incorporaci\u00f3n, de materiales y acabados resistentes al uso.","acordion":true,"preguntas_y_respuestas":[{"pregunta":"Peso","respuesta":"Un tramo con respaldo: 110\r\nApoyabrazo: 4\r\n\r\n*Peso aproximado sin embalaje (kg)"}],"cuadricula_de_colores":false,"componentes_producto":null,"descargables":false,"tipo_datasheet":"simple","datasheet":null,"datasheet_multiple":null,"tipo_instrucciones":"simple","instructions":null,"instructions_multiple":null,"drawings_ce":null,"2d_cad":null,"3d_cad":null,"revit":null,"ldt_photometric_files":null,"ies_photometric_files":null,"validador_detalles_producto":false,"tipo_especificacion":""},{"title_group_producto_grid_single":{"title_tag":"h2","title_txt":"Banqueta"},"imagen_de_fondo_dinamic_single_producto":"[link_wp_dam_url ids=\"18367\"]","texto_contenido_ventana":true,"contenido_tabs_producto":"La banqueta representa el segundo elemento de importancia cardinal del espacio urbano. Elemento sin respaldo, es \u00fatil para ser utilizado en zonas con superficies de trabajo, mesas o para conformar espacios de reposo m\u00e1s fugaces.","acordion":true,"preguntas_y_respuestas":[{"pregunta":"Peso","respuesta":"Un tramo sin respaldo: 80\r\nApoyabrazo: 4\r\n\r\n*Peso aproximado sin embalaje (kg)"}],"cuadricula_de_colores":false,"componentes_producto":null,"descargables":false,"tipo_datasheet":"simple","datasheet":null,"datasheet_multiple":null,"tipo_instrucciones":"simple","instructions":null,"instructions_multiple":null,"drawings_ce":null,"2d_cad":null,"3d_cad":null,"revit":null,"ldt_photometric_files":null,"ies_photometric_files":null,"validador_detalles_producto":false,"tipo_especificacion":""},{"title_group_producto_grid_single":{"title_tag":"h2","title_txt":" Banco sobre murete"},"imagen_de_fondo_dinamic_single_producto":"[link_wp_dam_url ids=\"14659\"]","texto_contenido_ventana":true,"contenido_tabs_producto":"El banco sobre murete permite adosar sobre el elemento delimitador una superficie de descanso, con o sin respaldo, para poder integrar paisaj\u00edsticamente zonas de estancia en proyectos con programas complejos.","acordion":true,"preguntas_y_respuestas":[{"pregunta":"Peso","respuesta":"Un tramo sin respaldo sobre murete: 68\r\nUn tramo con respaldo sobre murete: 99\r\nDos tramos con un espaldo sobre murete: 115\r\n\r\n*Peso aproximado sin embalaje (kg)"}],"cuadricula_de_colores":false,"componentes_producto":null,"descargables":false,"tipo_datasheet":"simple","datasheet":null,"datasheet_multiple":null,"tipo_instrucciones":"simple","instructions":null,"instructions_multiple":null,"drawings_ce":null,"2d_cad":null,"3d_cad":null,"revit":null,"ldt_photometric_files":null,"ies_photometric_files":null,"validador_detalles_producto":false,"tipo_especificacion":""},{"title_group_producto_grid_single":{"title_tag":"h2","title_txt":"Alineaci\u00f3n"},"imagen_de_fondo_dinamic_single_producto":"[link_wp_dam_url ids=\"13106\"]","texto_contenido_ventana":true,"contenido_tabs_producto":"Los elementos de descanso de alineaci\u00f3n son esenciales para acompasar esta funci\u00f3n a la conformaci\u00f3n del espacio. La continuidad de la composici\u00f3n dinamiza las relaciones sociales e invita a tejer relatos de vida ciudadana.","acordion":true,"preguntas_y_respuestas":[{"pregunta":"Peso","respuesta":"Un tramo sin respaldo: 80\r\nUn tramo con respaldo: 110\r\n2 tramos con 1 respaldor: 184\r\n3 tramos con 2 respaldos invertidos: 284\r\n3 tramos con 3 respaldos: 299\r\nApoyabrazo: 4\r\n\r\n*Peso aproximado sin embalaje (kg)"}],"cuadricula_de_colores":false,"componentes_producto":null,"descargables":false,"tipo_datasheet":"simple","datasheet":null,"datasheet_multiple":null,"tipo_instrucciones":"simple","instructions":null,"instructions_multiple":null,"drawings_ce":null,"2d_cad":null,"3d_cad":null,"revit":null,"ldt_photometric_files":null,"ies_photometric_files":null,"validador_detalles_producto":false,"tipo_especificacion":""}]},{"acf_fc_layout":"seccion_navtabs_imagen_dinamica","title_group":{"title_tag":"h2","title_txt":"Descargables"},"texto_intro_principal":false,"texto_introductorio":"","ventanas_detalles_producto":[{"title_group_producto_grid_single":{"title_tag":"h2","title_txt":""},"imagen_de_fondo_dinamic_single_producto":"[link_wp_dam_url ids=\"11155\"]","texto_contenido_ventana":false,"contenido_tabs_producto":"","acordion":false,"preguntas_y_respuestas":null,"cuadricula_de_colores":false,"componentes_producto":null,"descargables":true,"tipo_datasheet":"multiple","datasheet":11357,"datasheet_multiple":[{"datasheet_title":"Bancal","datasheet_file":21692},{"datasheet_title":"Madera","datasheet_file":15836}],"tipo_instrucciones":"multiple","instructions":11342,"instructions_multiple":[{"instructions_title":"Banco","instructions_file":25276},{"instructions_title":"Banco sobre murete","instructions_file":24901}],"drawings_ce":14466,"2d_cad":14528,"3d_cad":13609,"revit":13659,"ldt_photometric_files":"","ies_photometric_files":"","validador_detalles_producto":false,"tipo_especificacion":""}]},{"acf_fc_layout":"seccion_consulta_nuestros_expertos","imagen_de_fondo_single_producto":"[link_wp_dam_url ids=\"13099\" size=\"x2400\"]","imagen_de_fondo_single_producto_mobile":""},{"acf_fc_layout":"seccion_imagen_de_fondo_con_sub_menu","titulo_group_list_contet_proyectos":{"title_tag":"h3","title_txt":"Bancal en la ciudad"},"ancla_copy2":"","proyectos_relacionados":[{"project":27937,"project_img":"[link_wp_dam_url ids=\"18366\"]"},{"project":4285,"project_img":"[link_wp_dam_url ids=\"13108\"]"},{"project":8555,"project_img":"[link_wp_dam_url ids=\"13109\"]"},{"project":17086,"project_img":"[link_wp_dam_url ids=\"13110\"]"},{"project":14428,"project_img":"[link_wp_dam_url ids=\"13111\"]"},{"project":15659,"project_img":"[link_wp_dam_url ids=\"13112\"]"}]}],"dist_simetrica":"","dist_asimetrica":"","dist_indirecta":"","dist_suelo":"","control":"","certificados":["ce","fsc"],"nombre_arbol_entre_comillas":"","nombre_solo_plantas_field":"","isbn_campo_texto":"","autor_book_publicacion_producto":"","idioma_campo_texto":"","enquadernacion_campo_texto":"","_numero_de_paginas_campo_texto":"","pdf_asociado_producto":"","resumen_libro":"","text_content_family_basic_information":"","text_content_family_basic_number_width":"","text_content_family_basic_number_height":"","text_content_planting_density":"","flowers_option_colours":"","flowers_option_season":"","properties_option_pruning":"","properties_option_watering":"","properties_option_sun_exposure":"","properties_option_minimum_temp":"","properties_option_soil_type":"","properties_option_fire":"","properties_option_heat":"","properties_option_moisture":"","properties_option_dryness":"","properties_option_coastal_area":"","texto_introduccion_landing_custom":"","enlace_descubre_mas_custom":"","selecciona_tipo_de_imagen_custom":"","imagen_vertical_custom":"","imagen_horizontal_custom":"","opciones_de_texto_1":true,"opciones_de_texto_2":"acabado_standar","opciones_de_texto_3":""},"yoast_head":"<!-- This site is optimized with the Yoast SEO plugin v22.8 - https:\/\/yoast.com\/wordpress\/plugins\/seo\/ -->\n<title>Bancal - Urbidermis<\/title>\n<meta name=\"robots\" content=\"index, follow, max-snippet:-1, max-image-preview:large, max-video-preview:-1\" \/>\n<link rel=\"canonical\" href=\"https:\/\/www.urbidermis.com\/es\/bancos-urbanos\/bancal\/\" \/>\n<meta property=\"og:locale\" content=\"es_ES\" \/>\n<meta property=\"og:type\" content=\"article\" \/>\n<meta property=\"og:title\" content=\"Bancal - Urbidermis\" \/>\n<meta property=\"og:description\" content=\"El banco Bancal forma extensas alineaciones de asientos en las que predomina la humildad por encima de cualquier manifiesto ret\u00f3rico. Compuesto por elementos con m\u00ednima expresi\u00f3n formal y elevada funci\u00f3n comunal, una plancha de acero doblada conforma la estructura, siendo asiento y respaldo compuestos por listones de madera maciza.\" \/>\n<meta property=\"og:url\" content=\"https:\/\/www.urbidermis.com\/es\/bancos-urbanos\/bancal\/\" \/>\n<meta property=\"og:site_name\" content=\"Urbidermis\" \/>\n<meta property=\"article:modified_time\" content=\"2026-04-08T12:42:01+00:00\" \/>\n<meta property=\"og:image\" content=\"https:\/\/www.urbidermis.com\/wp-content\/uploads\/20181212_Spain_Barcelona_Belloch_BCB_Enric_Badrinas_04_ok-scaled.jpg\" \/>\n\t<meta property=\"og:image:width\" content=\"1829\" \/>\n\t<meta property=\"og:image:height\" content=\"2560\" \/>\n\t<meta property=\"og:image:type\" content=\"image\/jpeg\" \/>\n<meta name=\"twitter:card\" content=\"summary_large_image\" \/>\n<script type=\"application\/ld+json\" class=\"yoast-schema-graph\">{\"@context\":\"https:\/\/schema.org\",\"@graph\":[{\"@type\":\"WebPage\",\"@id\":\"https:\/\/www.urbidermis.com\/es\/bancos-urbanos\/bancal\/\",\"url\":\"https:\/\/www.urbidermis.com\/es\/bancos-urbanos\/bancal\/\",\"name\":\"Bancal - Urbidermis\",\"isPartOf\":{\"@id\":\"https:\/\/www.urbidermis.com\/es\/#website\"},\"primaryImageOfPage\":{\"@id\":\"https:\/\/www.urbidermis.com\/es\/bancos-urbanos\/bancal\/#primaryimage\"},\"image\":{\"@id\":\"https:\/\/www.urbidermis.com\/es\/bancos-urbanos\/bancal\/#primaryimage\"},\"thumbnailUrl\":\"https:\/\/www.urbidermis.com\/wp-content\/uploads\/20181212_Spain_Barcelona_Belloch_BCB_Enric_Badrinas_04_ok-scaled.jpg\",\"datePublished\":\"2022-03-01T10:36:05+00:00\",\"dateModified\":\"2026-04-08T12:42:01+00:00\",\"breadcrumb\":{\"@id\":\"https:\/\/www.urbidermis.com\/es\/bancos-urbanos\/bancal\/#breadcrumb\"},\"inLanguage\":\"es\",\"potentialAction\":[{\"@type\":\"ReadAction\",\"target\":[\"https:\/\/www.urbidermis.com\/es\/bancos-urbanos\/bancal\/\"]}]},{\"@type\":\"ImageObject\",\"inLanguage\":\"es\",\"@id\":\"https:\/\/www.urbidermis.com\/es\/bancos-urbanos\/bancal\/#primaryimage\",\"url\":\"https:\/\/www.urbidermis.com\/wp-content\/uploads\/20181212_Spain_Barcelona_Belloch_BCB_Enric_Badrinas_04_ok-scaled.jpg\",\"contentUrl\":\"https:\/\/www.urbidermis.com\/wp-content\/uploads\/20181212_Spain_Barcelona_Belloch_BCB_Enric_Badrinas_04_ok-scaled.jpg\",\"width\":1829,\"height\":2560},{\"@type\":\"BreadcrumbList\",\"@id\":\"https:\/\/www.urbidermis.com\/es\/bancos-urbanos\/bancal\/#breadcrumb\",\"itemListElement\":[{\"@type\":\"ListItem\",\"position\":1,\"name\":\"Home\",\"item\":\"https:\/\/www.urbidermis.com\/es\/\"},{\"@type\":\"ListItem\",\"position\":2,\"name\":\"Productos\",\"item\":\"https:\/\/www.urbidermis.com\/es\/productos\/\"},{\"@type\":\"ListItem\",\"position\":3,\"name\":\"Bancal\"}]},{\"@type\":\"WebSite\",\"@id\":\"https:\/\/www.urbidermis.com\/es\/#website\",\"url\":\"https:\/\/www.urbidermis.com\/es\/\",\"name\":\"Urbidermis\",\"description\":\"Expertos en la ciudad\",\"publisher\":{\"@id\":\"https:\/\/www.urbidermis.com\/es\/#organization\"},\"potentialAction\":[{\"@type\":\"SearchAction\",\"target\":{\"@type\":\"EntryPoint\",\"urlTemplate\":\"https:\/\/www.urbidermis.com\/es\/?s={search_term_string}\"},\"query-input\":\"required name=search_term_string\"}],\"inLanguage\":\"es\"},{\"@type\":\"Organization\",\"@id\":\"https:\/\/www.urbidermis.com\/es\/#organization\",\"name\":\"Urbidermis\",\"url\":\"https:\/\/www.urbidermis.com\/es\/\",\"logo\":{\"@type\":\"ImageObject\",\"inLanguage\":\"es\",\"@id\":\"https:\/\/www.urbidermis.com\/es\/#\/schema\/logo\/image\/\",\"url\":\"https:\/\/www.urbidermis.com\/wp-content\/uploads\/logo_urbdermis-1.png\",\"contentUrl\":\"https:\/\/www.urbidermis.com\/wp-content\/uploads\/logo_urbdermis-1.png\",\"width\":601,\"height\":1033,\"caption\":\"Urbidermis\"},\"image\":{\"@id\":\"https:\/\/www.urbidermis.com\/es\/#\/schema\/logo\/image\/\"}}]}<\/script>\n<!-- \/ Yoast SEO plugin. -->","yoast_head_json":{"title":"Bancal - Urbidermis","robots":{"index":"index","follow":"follow","max-snippet":"max-snippet:-1","max-image-preview":"max-image-preview:large","max-video-preview":"max-video-preview:-1"},"canonical":"https:\/\/www.urbidermis.com\/es\/bancos-urbanos\/bancal\/","og_locale":"es_ES","og_type":"article","og_title":"Bancal - Urbidermis","og_description":"El banco Bancal forma extensas alineaciones de asientos en las que predomina la humildad por encima de cualquier manifiesto ret\u00f3rico. Compuesto por elementos con m\u00ednima expresi\u00f3n formal y elevada funci\u00f3n comunal, una plancha de acero doblada conforma la estructura, siendo asiento y respaldo compuestos por listones de madera maciza.","og_url":"https:\/\/www.urbidermis.com\/es\/bancos-urbanos\/bancal\/","og_site_name":"Urbidermis","article_modified_time":"2026-04-08T12:42:01+00:00","og_image":[{"width":1829,"height":2560,"url":"https:\/\/www.urbidermis.com\/wp-content\/uploads\/20181212_Spain_Barcelona_Belloch_BCB_Enric_Badrinas_04_ok-scaled.jpg","type":"image\/jpeg"}],"twitter_card":"summary_large_image","schema":{"@context":"https:\/\/schema.org","@graph":[{"@type":"WebPage","@id":"https:\/\/www.urbidermis.com\/es\/bancos-urbanos\/bancal\/","url":"https:\/\/www.urbidermis.com\/es\/bancos-urbanos\/bancal\/","name":"Bancal - Urbidermis","isPartOf":{"@id":"https:\/\/www.urbidermis.com\/es\/#website"},"primaryImageOfPage":{"@id":"https:\/\/www.urbidermis.com\/es\/bancos-urbanos\/bancal\/#primaryimage"},"image":{"@id":"https:\/\/www.urbidermis.com\/es\/bancos-urbanos\/bancal\/#primaryimage"},"thumbnailUrl":"https:\/\/www.urbidermis.com\/wp-content\/uploads\/20181212_Spain_Barcelona_Belloch_BCB_Enric_Badrinas_04_ok-scaled.jpg","datePublished":"2022-03-01T10:36:05+00:00","dateModified":"2026-04-08T12:42:01+00:00","breadcrumb":{"@id":"https:\/\/www.urbidermis.com\/es\/bancos-urbanos\/bancal\/#breadcrumb"},"inLanguage":"es","potentialAction":[{"@type":"ReadAction","target":["https:\/\/www.urbidermis.com\/es\/bancos-urbanos\/bancal\/"]}]},{"@type":"ImageObject","inLanguage":"es","@id":"https:\/\/www.urbidermis.com\/es\/bancos-urbanos\/bancal\/#primaryimage","url":"https:\/\/www.urbidermis.com\/wp-content\/uploads\/20181212_Spain_Barcelona_Belloch_BCB_Enric_Badrinas_04_ok-scaled.jpg","contentUrl":"https:\/\/www.urbidermis.com\/wp-content\/uploads\/20181212_Spain_Barcelona_Belloch_BCB_Enric_Badrinas_04_ok-scaled.jpg","width":1829,"height":2560},{"@type":"BreadcrumbList","@id":"https:\/\/www.urbidermis.com\/es\/bancos-urbanos\/bancal\/#breadcrumb","itemListElement":[{"@type":"ListItem","position":1,"name":"Home","item":"https:\/\/www.urbidermis.com\/es\/"},{"@type":"ListItem","position":2,"name":"Productos","item":"https:\/\/www.urbidermis.com\/es\/productos\/"},{"@type":"ListItem","position":3,"name":"Bancal"}]},{"@type":"WebSite","@id":"https:\/\/www.urbidermis.com\/es\/#website","url":"https:\/\/www.urbidermis.com\/es\/","name":"Urbidermis","description":"Expertos en la ciudad","publisher":{"@id":"https:\/\/www.urbidermis.com\/es\/#organization"},"potentialAction":[{"@type":"SearchAction","target":{"@type":"EntryPoint","urlTemplate":"https:\/\/www.urbidermis.com\/es\/?s={search_term_string}"},"query-input":"required name=search_term_string"}],"inLanguage":"es"},{"@type":"Organization","@id":"https:\/\/www.urbidermis.com\/es\/#organization","name":"Urbidermis","url":"https:\/\/www.urbidermis.com\/es\/","logo":{"@type":"ImageObject","inLanguage":"es","@id":"https:\/\/www.urbidermis.com\/es\/#\/schema\/logo\/image\/","url":"https:\/\/www.urbidermis.com\/wp-content\/uploads\/logo_urbdermis-1.png","contentUrl":"https:\/\/www.urbidermis.com\/wp-content\/uploads\/logo_urbdermis-1.png","width":601,"height":1033,"caption":"Urbidermis"},"image":{"@id":"https:\/\/www.urbidermis.com\/es\/#\/schema\/logo\/image\/"}}]}},"_links":{"self":[{"href":"https:\/\/www.urbidermis.com\/es\/wp-json\/wp\/v2\/product\/7023"}],"collection":[{"href":"https:\/\/www.urbidermis.com\/es\/wp-json\/wp\/v2\/product"}],"about":[{"href":"https:\/\/www.urbidermis.com\/es\/wp-json\/wp\/v2\/types\/product"}],"acf:post":[{"embeddable":true,"href":"https:\/\/www.urbidermis.com\/es\/wp-json\/wp\/v2\/autores\/10695"},{"embeddable":true,"href":"https:\/\/www.urbidermis.com\/es\/wp-json\/wp\/v2\/perfiles\/10286"}],"wp:featuredmedia":[{"embeddable":true,"href":"https:\/\/www.urbidermis.com\/es\/wp-json\/wp\/v2\/media\/22601"}],"wp:attachment":[{"href":"https:\/\/www.urbidermis.com\/es\/wp-json\/wp\/v2\/media?parent=7023"}],"wp:term":[{"taxonomy":"product_cat","embeddable":true,"href":"https:\/\/www.urbidermis.com\/es\/wp-json\/wp\/v2\/product_cat?post=7023"},{"taxonomy":"product_tag","embeddable":true,"href":"https:\/\/www.urbidermis.com\/es\/wp-json\/wp\/v2\/product_tag?post=7023"}],"curies":[{"name":"wp","href":"https:\/\/api.w.org\/{rel}","templated":true}]}}