


{"id":7049,"date":"2022-03-01T10:36:23","date_gmt":"2022-03-01T10:36:23","guid":{"rendered":"https:\/\/ubweb21.urbidermis.com\/product\/bilateral\/"},"modified":"2026-04-08T15:04:53","modified_gmt":"2026-04-08T13:04:53","slug":"bilateral","status":"publish","type":"product","link":"https:\/\/www.urbidermis.com\/es\/bancos-urbanos\/bilateral\/","title":{"rendered":"Bilateral"},"content":{"rendered":"","protected":false},"excerpt":{"rendered":"<p>Banco urbano de alineaci\u00f3n, con c\u00f3modo perfil ergon\u00f3mico y suaves ondulaciones invitadoras al descanso, de gran variabilidad compositiva. Permite crear extensas alineaciones, apoyando las superficies contiguas al mismo soporte. Realizado en materiales nobles y expresi\u00f3n formal que realcen el valor del espacio exterior.<\/p>\n","protected":false},"featured_media":28018,"template":"","meta":{"_acf_changed":false,"inline_featured_image":false},"product_cat":[97,76],"product_tag":[],"acf":{"activador_seccion_impacto_acvs_secctions_acvs":true,"texto_enlace_amplifyapp":"Bilateral_Urban_furniture","codigos_acvs_matching_row-leds":[{"texto_pestana_item_fetch":"Banqueta 1,6 m","codigo_item_fetch":"BLB+104"},{"texto_pestana_item_fetch":"Banco 0,6 m","codigo_item_fetch":"BLB+004"},{"texto_pestana_item_fetch":"Banqueta 3 m","codigo_item_fetch":"BLB+204"},{"texto_pestana_item_fetch":"Banco 4,6 m","codigo_item_fetch":"BLB+314"}],"activator_acf_option_madera_text":true,"texto_bajo_btn_certificados":"","check_para_validar_no_secc_aplication":false,"is_protocolo_y_control_generic":false,"is_producto_residencial_para_mostrar_info_diferente":false,"is_plano_de_cotas_validator":true,"galeria_multidimension_imagenes_plano_de_cotas_proyector":[{"texto_pestana_plano_galeria":"Banco","imagen_plano_de_cotas":"[link_wp_dam_url ids=\"14533\"]"},{"texto_pestana_plano_galeria":"Banqueta","imagen_plano_de_cotas":"[link_wp_dam_url ids=\"14532\"]"},{"texto_pestana_plano_galeria":"Alineaci\u00f3n","imagen_plano_de_cotas":"[link_wp_dam_url ids=\"14531\"]"}],"premios_producto_repeater":null,"participantes":"","autores":[10695],"ano_creacion_producto":"2005","validacion_producto_descarga":true,"galeria_imagenes_repeater_libro":[{"imagen_item_gal":"[link_wp_dam_url ids=\"13133\"]","activar_video_item_gal":false,"portada_video_item_gal":null,"video_en_horizonal_item_gal":false,"video_item_gal":false},{"imagen_item_gal":"[link_wp_dam_url ids=\"13134\"]","activar_video_item_gal":false,"portada_video_item_gal":null,"video_en_horizonal_item_gal":false,"video_item_gal":false},{"imagen_item_gal":"[link_wp_dam_url ids=\"18451\"]","activar_video_item_gal":false,"portada_video_item_gal":null,"video_en_horizonal_item_gal":false,"video_item_gal":false},{"imagen_item_gal":"[link_wp_dam_url ids=\"13135\"]","activar_video_item_gal":false,"portada_video_item_gal":null,"video_en_horizonal_item_gal":false,"video_item_gal":false},{"imagen_item_gal":"[link_wp_dam_url ids=\"13136\"]","activar_video_item_gal":false,"portada_video_item_gal":null,"video_en_horizonal_item_gal":false,"video_item_gal":false}],"secciones_producto":[{"acf_fc_layout":"seccion_navtabs_imagen_dinamica","title_group":{"title_tag":"h2","title_txt":"Modularidad con elegancia"},"texto_intro_principal":true,"texto_introductorio":"El banco Bilateral crece en alineaci\u00f3n, articul\u00e1ndose con m\u00faltiples combinaciones con o sin respaldo, o con apoyabrazos en los extremos. Un sistema flexible que aporta elegancia a la funci\u00f3n de descanso.","ventanas_detalles_producto":[{"title_group_producto_grid_single":{"title_tag":"h2","title_txt":"Materiales"},"imagen_de_fondo_dinamic_single_producto":"","texto_contenido_ventana":true,"contenido_tabs_producto":"<ul>\r\n \t<li>Estructura realizada con pletina de 8mm de acero S235 JR galvanizada en caliente acabada termolacada con protecci\u00f3n anticorrosiva C3.<\/li>\r\n \t<li>Asiento y respaldo de listones de madera tropical con Certificaci\u00f3n FSC 100%, de 30\/40 x 120mm en los extremos y 40 x 60mm en el interior, protegidos con aceite monocapa.<\/li>\r\n \t<li>Torniller\u00eda de acero inoxidable A2.<\/li>\r\n<\/ul>","acordion":false,"preguntas_y_respuestas":null,"cuadricula_de_colores":false,"componentes_producto":null,"descargables":false,"tipo_datasheet":"simple","datasheet":null,"datasheet_multiple":null,"tipo_instrucciones":"simple","instructions":null,"instructions_multiple":null,"drawings_ce":null,"2d_cad":null,"3d_cad":null,"revit":null,"ldt_photometric_files":null,"ies_photometric_files":null,"validador_detalles_producto":false,"tipo_especificacion":"certificados"},{"title_group_producto_grid_single":{"title_tag":"h2","title_txt":"Acabados"},"imagen_de_fondo_dinamic_single_producto":"","texto_contenido_ventana":true,"contenido_tabs_producto":"Los colores mostrados son meramente indicativos.\r\nOtros colores bajo demanda.\r\nConsultar acabados para ambientes marinos.","acordion":false,"preguntas_y_respuestas":null,"cuadricula_de_colores":true,"componentes_producto":[{"nombre_componente":"","colores":["madera_tropical"]}],"descargables":false,"tipo_datasheet":"simple","datasheet":null,"datasheet_multiple":null,"tipo_instrucciones":"simple","instructions":null,"instructions_multiple":null,"drawings_ce":null,"2d_cad":null,"3d_cad":null,"revit":null,"ldt_photometric_files":null,"ies_photometric_files":null,"validador_detalles_producto":false,"tipo_especificacion":""},{"title_group_producto_grid_single":{"title_tag":"h2","title_txt":"Dibujo de cotas"},"imagen_de_fondo_dinamic_single_producto":"","texto_contenido_ventana":false,"contenido_tabs_producto":"*Los colores mostrados son meramente indicativos. (Otros colores bajo demanda)\r\n\r\n**Consultar acabados para ambientes marinos","acordion":false,"preguntas_y_respuestas":null,"cuadricula_de_colores":false,"componentes_producto":[{"nombre_componente":"","colores":["madera_tropical"]}],"descargables":false,"tipo_datasheet":"simple","datasheet":null,"datasheet_multiple":null,"tipo_instrucciones":"simple","instructions":null,"instructions_multiple":null,"drawings_ce":null,"2d_cad":null,"3d_cad":null,"revit":null,"ldt_photometric_files":null,"ies_photometric_files":null,"validador_detalles_producto":false,"tipo_especificacion":""},{"title_group_producto_grid_single":{"title_tag":"h2","title_txt":"Instalaci\u00f3n"},"imagen_de_fondo_dinamic_single_producto":"","texto_contenido_ventana":true,"contenido_tabs_producto":"<ul>\r\n \t<li>Instalaci\u00f3n mediante dos tacos de fijaci\u00f3n por estructura de apoyo.<\/li>\r\n \t<li>El elemento se suministra desmontado en dos componentes: estructuras de soporte y el asiento con o sin respaldo.<\/li>\r\n \t<li>Instrucciones de instalaci\u00f3n y montaje, torniller\u00eda y tacos de fijaci\u00f3n incluidos.<\/li>\r\n<\/ul>","acordion":false,"preguntas_y_respuestas":null,"cuadricula_de_colores":false,"componentes_producto":null,"descargables":false,"tipo_datasheet":"simple","datasheet":null,"datasheet_multiple":null,"tipo_instrucciones":"simple","instructions":null,"instructions_multiple":null,"drawings_ce":null,"2d_cad":null,"3d_cad":null,"revit":null,"ldt_photometric_files":null,"ies_photometric_files":null,"validador_detalles_producto":false,"tipo_especificacion":""},{"title_group_producto_grid_single":{"title_tag":"h2","title_txt":"Mantenimiento"},"imagen_de_fondo_dinamic_single_producto":"","texto_contenido_ventana":true,"contenido_tabs_producto":"<ul>\r\n \t<li>No requiere mantenimiento, salvo para conservar el color original de la madera.<\/li>\r\n<\/ul>","acordion":false,"preguntas_y_respuestas":null,"cuadricula_de_colores":false,"componentes_producto":null,"descargables":false,"tipo_datasheet":"simple","datasheet":null,"datasheet_multiple":null,"tipo_instrucciones":"simple","instructions":null,"instructions_multiple":null,"drawings_ce":null,"2d_cad":null,"3d_cad":null,"revit":null,"ldt_photometric_files":null,"ies_photometric_files":null,"validador_detalles_producto":false,"tipo_especificacion":""},{"title_group_producto_grid_single":{"title_tag":"h2","title_txt":"Certificados"},"imagen_de_fondo_dinamic_single_producto":"","texto_contenido_ventana":false,"contenido_tabs_producto":"","acordion":false,"preguntas_y_respuestas":null,"cuadricula_de_colores":false,"componentes_producto":null,"descargables":false,"tipo_datasheet":"simple","datasheet":null,"datasheet_multiple":null,"tipo_instrucciones":"simple","instructions":null,"instructions_multiple":null,"drawings_ce":null,"2d_cad":null,"3d_cad":null,"revit":null,"ldt_photometric_files":null,"ies_photometric_files":null,"validador_detalles_producto":true,"tipo_especificacion":"certificados"}]},{"acf_fc_layout":"seccion_navtabs_imagen_dinamica","title_group":{"title_tag":"h2","title_txt":"Tipolog\u00eda"},"texto_intro_principal":false,"texto_introductorio":"","ventanas_detalles_producto":[{"title_group_producto_grid_single":{"title_tag":"h2","title_txt":"Banco"},"imagen_de_fondo_dinamic_single_producto":"[link_wp_dam_url ids=\"18450\"]","texto_contenido_ventana":true,"contenido_tabs_producto":"El banco es el elemento por excelencia del espacio urbano. Permite descansar, conversar o admirar el paisaje y connota la calidad del espacio p\u00fablico. Con respaldo para ofrecer gran comodidad, con o sin apoyabrazos para facilitar la incorporaci\u00f3n, de materiales y acabados resistentes al uso.","acordion":true,"preguntas_y_respuestas":[{"pregunta":"Peso","respuesta":"Un tramo con respaldo: 61\r\n\r\n<span data-sheets-value=\"{&quot;1&quot;:2,&quot;2&quot;:&quot;*Peso aproximado sin embalaje (kg)&quot;}\" data-sheets-userformat=\"{&quot;2&quot;:513,&quot;3&quot;:{&quot;1&quot;:0},&quot;12&quot;:0}\">*Peso aproximado sin embalaje (kg)<\/span>"}],"cuadricula_de_colores":false,"componentes_producto":null,"descargables":false,"tipo_datasheet":"simple","datasheet":null,"datasheet_multiple":null,"tipo_instrucciones":"simple","instructions":null,"instructions_multiple":null,"drawings_ce":null,"2d_cad":null,"3d_cad":null,"revit":null,"ldt_photometric_files":null,"ies_photometric_files":null,"validador_detalles_producto":false,"tipo_especificacion":""},{"title_group_producto_grid_single":{"title_tag":"h2","title_txt":"Banqueta"},"imagen_de_fondo_dinamic_single_producto":"[link_wp_dam_url ids=\"18447\"]","texto_contenido_ventana":true,"contenido_tabs_producto":"La banqueta representa el segundo elemento de importancia cardinal del espacio urbano. Elemento sin respaldo, es \u00fatil para ser utilizado en zonas con superficies de trabajo, mesas o para conformar espacios de reposo m\u00e1s fugaces.","acordion":true,"preguntas_y_respuestas":[{"pregunta":"Peso","respuesta":"Un tramo sin respaldo: 49\r\n\r\n<span data-sheets-value=\"{&quot;1&quot;:2,&quot;2&quot;:&quot;*Peso aproximado sin embalaje (kg)&quot;}\" data-sheets-userformat=\"{&quot;2&quot;:513,&quot;3&quot;:{&quot;1&quot;:0},&quot;12&quot;:0}\">*Peso aproximado sin embalaje (kg)<\/span>"}],"cuadricula_de_colores":false,"componentes_producto":null,"descargables":false,"tipo_datasheet":"simple","datasheet":null,"datasheet_multiple":null,"tipo_instrucciones":"simple","instructions":null,"instructions_multiple":null,"drawings_ce":null,"2d_cad":null,"3d_cad":null,"revit":null,"ldt_photometric_files":null,"ies_photometric_files":null,"validador_detalles_producto":false,"tipo_especificacion":""},{"title_group_producto_grid_single":{"title_tag":"h2","title_txt":"Alineaci\u00f3n"},"imagen_de_fondo_dinamic_single_producto":"[link_wp_dam_url ids=\"13139\"]","texto_contenido_ventana":true,"contenido_tabs_producto":"Las elementos de descanso de alineaci\u00f3n son esenciales para acompasar esta funci\u00f3n a la conformaci\u00f3n del espacio. La continuidad de la composici\u00f3n dinamiza las relaciones sociales e invita a tejer relatos de vida ciudadana.","acordion":true,"preguntas_y_respuestas":[{"pregunta":"Peso","respuesta":"Un tramo sin respaldo: 49\r\nUn tramo con respaldo: 61\r\n\r\n<span data-sheets-value=\"{&quot;1&quot;:2,&quot;2&quot;:&quot;*Peso aproximado sin embalaje (kg)&quot;}\" data-sheets-userformat=\"{&quot;2&quot;:513,&quot;3&quot;:{&quot;1&quot;:0},&quot;12&quot;:0}\">*Peso aproximado sin embalaje (kg)<\/span>"}],"cuadricula_de_colores":false,"componentes_producto":null,"descargables":false,"tipo_datasheet":"simple","datasheet":null,"datasheet_multiple":null,"tipo_instrucciones":"simple","instructions":null,"instructions_multiple":null,"drawings_ce":null,"2d_cad":null,"3d_cad":null,"revit":null,"ldt_photometric_files":null,"ies_photometric_files":null,"validador_detalles_producto":false,"tipo_especificacion":""}]},{"acf_fc_layout":"seccion_navtabs_imagen_dinamica","title_group":{"title_tag":"h2","title_txt":"Descargables"},"texto_intro_principal":false,"texto_introductorio":"","ventanas_detalles_producto":[{"title_group_producto_grid_single":{"title_tag":"h2","title_txt":""},"imagen_de_fondo_dinamic_single_producto":"[link_wp_dam_url ids=\"7153\"]","texto_contenido_ventana":false,"contenido_tabs_producto":"","acordion":false,"preguntas_y_respuestas":null,"cuadricula_de_colores":false,"componentes_producto":null,"descargables":true,"tipo_datasheet":"multiple","datasheet":null,"datasheet_multiple":[{"datasheet_title":"Bilateral","datasheet_file":11458},{"datasheet_title":"Madera","datasheet_file":15836}],"tipo_instrucciones":"multiple","instructions":11443,"instructions_multiple":[{"instructions_title":"Banco","instructions_file":25288},{"instructions_title":"Banqueta","instructions_file":25280},{"instructions_title":"Alineaci\u00f3n","instructions_file":25284}],"drawings_ce":14470,"2d_cad":14532,"3d_cad":13622,"revit":13668,"ldt_photometric_files":"","ies_photometric_files":"","validador_detalles_producto":false,"tipo_especificacion":""}]},{"acf_fc_layout":"seccion_consulta_nuestros_expertos","imagen_de_fondo_single_producto":"[link_wp_dam_url ids=\"18453\" size=\"x2400\"]","imagen_de_fondo_single_producto_mobile":""},{"acf_fc_layout":"seccion_imagen_de_fondo_con_sub_menu","titulo_group_list_contet_proyectos":{"title_tag":"h3","title_txt":"Bilateral en la ciudad"},"ancla_copy2":"","proyectos_relacionados":[{"project":28013,"project_img":"[link_wp_dam_url ids=\"18446\"]"},{"project":5421,"project_img":"[link_wp_dam_url ids=\"13143\"]"},{"project":9451,"project_img":"[link_wp_dam_url ids=\"13145\"]"},{"project":5374,"project_img":"[link_wp_dam_url ids=\"13142\"]"},{"project":8107,"project_img":"[link_wp_dam_url ids=\"13141\"]"},{"project":5789,"project_img":"[link_wp_dam_url ids=\"13140\"]"},{"project":21662,"project_img":"[link_wp_dam_url ids=\"13144\"]"}]}],"dist_simetrica":"","dist_asimetrica":"","dist_indirecta":"","dist_suelo":"","control":"","certificados":["ce","fsc"],"nombre_arbol_entre_comillas":"","nombre_solo_plantas_field":"","isbn_campo_texto":"","autor_book_publicacion_producto":"","idioma_campo_texto":"","enquadernacion_campo_texto":"","_numero_de_paginas_campo_texto":"","pdf_asociado_producto":"","resumen_libro":"","text_content_family_basic_information":"","text_content_family_basic_number_width":"","text_content_family_basic_number_height":"","text_content_planting_density":"","flowers_option_colours":"","flowers_option_season":"","properties_option_pruning":"","properties_option_watering":"","properties_option_sun_exposure":"","properties_option_minimum_temp":"","properties_option_soil_type":"","properties_option_fire":"","properties_option_heat":"","properties_option_moisture":"","properties_option_dryness":"","properties_option_coastal_area":"","texto_introduccion_landing_custom":"","enlace_descubre_mas_custom":"","selecciona_tipo_de_imagen_custom":"","imagen_vertical_custom":"","imagen_horizontal_custom":"","opciones_de_texto_1":true,"opciones_de_texto_2":"acabado_standar","opciones_de_texto_3":""},"yoast_head":"<!-- This site is optimized with the Yoast SEO plugin v22.8 - https:\/\/yoast.com\/wordpress\/plugins\/seo\/ -->\n<title>Bilateral - Urbidermis<\/title>\n<meta name=\"robots\" content=\"index, follow, max-snippet:-1, max-image-preview:large, max-video-preview:-1\" \/>\n<link rel=\"canonical\" href=\"https:\/\/www.urbidermis.com\/es\/bancos-urbanos\/bilateral\/\" \/>\n<meta property=\"og:locale\" content=\"es_ES\" \/>\n<meta property=\"og:type\" content=\"article\" \/>\n<meta property=\"og:title\" content=\"Bilateral - Urbidermis\" \/>\n<meta property=\"og:description\" content=\"Banco urbano de alineaci\u00f3n, con c\u00f3modo perfil ergon\u00f3mico y suaves ondulaciones invitadoras al descanso, de gran variabilidad compositiva. Permite crear extensas alineaciones, apoyando las superficies contiguas al mismo soporte. Realizado en materiales nobles y expresi\u00f3n formal que realcen el valor del espacio exterior.\" \/>\n<meta property=\"og:url\" content=\"https:\/\/www.urbidermis.com\/es\/bancos-urbanos\/bilateral\/\" \/>\n<meta property=\"og:site_name\" content=\"Urbidermis\" \/>\n<meta property=\"article:modified_time\" content=\"2026-04-08T13:04:53+00:00\" \/>\n<meta property=\"og:image\" content=\"https:\/\/www.urbidermis.com\/wp-content\/uploads\/20250827_Spain_Alp_Avinguda_Mancomunitat_BLB_La_Juani_01_02-683x1024.png\" \/>\n\t<meta property=\"og:image:width\" content=\"683\" \/>\n\t<meta property=\"og:image:height\" content=\"1024\" \/>\n\t<meta property=\"og:image:type\" content=\"image\/png\" \/>\n<meta name=\"twitter:card\" content=\"summary_large_image\" \/>\n<script type=\"application\/ld+json\" class=\"yoast-schema-graph\">{\"@context\":\"https:\/\/schema.org\",\"@graph\":[{\"@type\":\"WebPage\",\"@id\":\"https:\/\/www.urbidermis.com\/es\/bancos-urbanos\/bilateral\/\",\"url\":\"https:\/\/www.urbidermis.com\/es\/bancos-urbanos\/bilateral\/\",\"name\":\"Bilateral - Urbidermis\",\"isPartOf\":{\"@id\":\"https:\/\/www.urbidermis.com\/es\/#website\"},\"primaryImageOfPage\":{\"@id\":\"https:\/\/www.urbidermis.com\/es\/bancos-urbanos\/bilateral\/#primaryimage\"},\"image\":{\"@id\":\"https:\/\/www.urbidermis.com\/es\/bancos-urbanos\/bilateral\/#primaryimage\"},\"thumbnailUrl\":\"https:\/\/www.urbidermis.com\/wp-content\/uploads\/20250827_Spain_Alp_Avinguda_Mancomunitat_BLB_La_Juani_01_02.png\",\"datePublished\":\"2022-03-01T10:36:23+00:00\",\"dateModified\":\"2026-04-08T13:04:53+00:00\",\"breadcrumb\":{\"@id\":\"https:\/\/www.urbidermis.com\/es\/bancos-urbanos\/bilateral\/#breadcrumb\"},\"inLanguage\":\"es\",\"potentialAction\":[{\"@type\":\"ReadAction\",\"target\":[\"https:\/\/www.urbidermis.com\/es\/bancos-urbanos\/bilateral\/\"]}]},{\"@type\":\"ImageObject\",\"inLanguage\":\"es\",\"@id\":\"https:\/\/www.urbidermis.com\/es\/bancos-urbanos\/bilateral\/#primaryimage\",\"url\":\"https:\/\/www.urbidermis.com\/wp-content\/uploads\/20250827_Spain_Alp_Avinguda_Mancomunitat_BLB_La_Juani_01_02.png\",\"contentUrl\":\"https:\/\/www.urbidermis.com\/wp-content\/uploads\/20250827_Spain_Alp_Avinguda_Mancomunitat_BLB_La_Juani_01_02.png\",\"width\":1024,\"height\":1536},{\"@type\":\"BreadcrumbList\",\"@id\":\"https:\/\/www.urbidermis.com\/es\/bancos-urbanos\/bilateral\/#breadcrumb\",\"itemListElement\":[{\"@type\":\"ListItem\",\"position\":1,\"name\":\"Home\",\"item\":\"https:\/\/www.urbidermis.com\/es\/\"},{\"@type\":\"ListItem\",\"position\":2,\"name\":\"Productos\",\"item\":\"https:\/\/www.urbidermis.com\/es\/productos\/\"},{\"@type\":\"ListItem\",\"position\":3,\"name\":\"Bilateral\"}]},{\"@type\":\"WebSite\",\"@id\":\"https:\/\/www.urbidermis.com\/es\/#website\",\"url\":\"https:\/\/www.urbidermis.com\/es\/\",\"name\":\"Urbidermis\",\"description\":\"Expertos en la ciudad\",\"publisher\":{\"@id\":\"https:\/\/www.urbidermis.com\/es\/#organization\"},\"potentialAction\":[{\"@type\":\"SearchAction\",\"target\":{\"@type\":\"EntryPoint\",\"urlTemplate\":\"https:\/\/www.urbidermis.com\/es\/?s={search_term_string}\"},\"query-input\":\"required name=search_term_string\"}],\"inLanguage\":\"es\"},{\"@type\":\"Organization\",\"@id\":\"https:\/\/www.urbidermis.com\/es\/#organization\",\"name\":\"Urbidermis\",\"url\":\"https:\/\/www.urbidermis.com\/es\/\",\"logo\":{\"@type\":\"ImageObject\",\"inLanguage\":\"es\",\"@id\":\"https:\/\/www.urbidermis.com\/es\/#\/schema\/logo\/image\/\",\"url\":\"https:\/\/www.urbidermis.com\/wp-content\/uploads\/logo_urbdermis-1.png\",\"contentUrl\":\"https:\/\/www.urbidermis.com\/wp-content\/uploads\/logo_urbdermis-1.png\",\"width\":601,\"height\":1033,\"caption\":\"Urbidermis\"},\"image\":{\"@id\":\"https:\/\/www.urbidermis.com\/es\/#\/schema\/logo\/image\/\"}}]}<\/script>\n<!-- \/ Yoast SEO plugin. -->","yoast_head_json":{"title":"Bilateral - Urbidermis","robots":{"index":"index","follow":"follow","max-snippet":"max-snippet:-1","max-image-preview":"max-image-preview:large","max-video-preview":"max-video-preview:-1"},"canonical":"https:\/\/www.urbidermis.com\/es\/bancos-urbanos\/bilateral\/","og_locale":"es_ES","og_type":"article","og_title":"Bilateral - Urbidermis","og_description":"Banco urbano de alineaci\u00f3n, con c\u00f3modo perfil ergon\u00f3mico y suaves ondulaciones invitadoras al descanso, de gran variabilidad compositiva. Permite crear extensas alineaciones, apoyando las superficies contiguas al mismo soporte. Realizado en materiales nobles y expresi\u00f3n formal que realcen el valor del espacio exterior.","og_url":"https:\/\/www.urbidermis.com\/es\/bancos-urbanos\/bilateral\/","og_site_name":"Urbidermis","article_modified_time":"2026-04-08T13:04:53+00:00","og_image":[{"width":683,"height":1024,"url":"https:\/\/www.urbidermis.com\/wp-content\/uploads\/20250827_Spain_Alp_Avinguda_Mancomunitat_BLB_La_Juani_01_02-683x1024.png","type":"image\/png"}],"twitter_card":"summary_large_image","schema":{"@context":"https:\/\/schema.org","@graph":[{"@type":"WebPage","@id":"https:\/\/www.urbidermis.com\/es\/bancos-urbanos\/bilateral\/","url":"https:\/\/www.urbidermis.com\/es\/bancos-urbanos\/bilateral\/","name":"Bilateral - Urbidermis","isPartOf":{"@id":"https:\/\/www.urbidermis.com\/es\/#website"},"primaryImageOfPage":{"@id":"https:\/\/www.urbidermis.com\/es\/bancos-urbanos\/bilateral\/#primaryimage"},"image":{"@id":"https:\/\/www.urbidermis.com\/es\/bancos-urbanos\/bilateral\/#primaryimage"},"thumbnailUrl":"https:\/\/www.urbidermis.com\/wp-content\/uploads\/20250827_Spain_Alp_Avinguda_Mancomunitat_BLB_La_Juani_01_02.png","datePublished":"2022-03-01T10:36:23+00:00","dateModified":"2026-04-08T13:04:53+00:00","breadcrumb":{"@id":"https:\/\/www.urbidermis.com\/es\/bancos-urbanos\/bilateral\/#breadcrumb"},"inLanguage":"es","potentialAction":[{"@type":"ReadAction","target":["https:\/\/www.urbidermis.com\/es\/bancos-urbanos\/bilateral\/"]}]},{"@type":"ImageObject","inLanguage":"es","@id":"https:\/\/www.urbidermis.com\/es\/bancos-urbanos\/bilateral\/#primaryimage","url":"https:\/\/www.urbidermis.com\/wp-content\/uploads\/20250827_Spain_Alp_Avinguda_Mancomunitat_BLB_La_Juani_01_02.png","contentUrl":"https:\/\/www.urbidermis.com\/wp-content\/uploads\/20250827_Spain_Alp_Avinguda_Mancomunitat_BLB_La_Juani_01_02.png","width":1024,"height":1536},{"@type":"BreadcrumbList","@id":"https:\/\/www.urbidermis.com\/es\/bancos-urbanos\/bilateral\/#breadcrumb","itemListElement":[{"@type":"ListItem","position":1,"name":"Home","item":"https:\/\/www.urbidermis.com\/es\/"},{"@type":"ListItem","position":2,"name":"Productos","item":"https:\/\/www.urbidermis.com\/es\/productos\/"},{"@type":"ListItem","position":3,"name":"Bilateral"}]},{"@type":"WebSite","@id":"https:\/\/www.urbidermis.com\/es\/#website","url":"https:\/\/www.urbidermis.com\/es\/","name":"Urbidermis","description":"Expertos en la ciudad","publisher":{"@id":"https:\/\/www.urbidermis.com\/es\/#organization"},"potentialAction":[{"@type":"SearchAction","target":{"@type":"EntryPoint","urlTemplate":"https:\/\/www.urbidermis.com\/es\/?s={search_term_string}"},"query-input":"required name=search_term_string"}],"inLanguage":"es"},{"@type":"Organization","@id":"https:\/\/www.urbidermis.com\/es\/#organization","name":"Urbidermis","url":"https:\/\/www.urbidermis.com\/es\/","logo":{"@type":"ImageObject","inLanguage":"es","@id":"https:\/\/www.urbidermis.com\/es\/#\/schema\/logo\/image\/","url":"https:\/\/www.urbidermis.com\/wp-content\/uploads\/logo_urbdermis-1.png","contentUrl":"https:\/\/www.urbidermis.com\/wp-content\/uploads\/logo_urbdermis-1.png","width":601,"height":1033,"caption":"Urbidermis"},"image":{"@id":"https:\/\/www.urbidermis.com\/es\/#\/schema\/logo\/image\/"}}]}},"_links":{"self":[{"href":"https:\/\/www.urbidermis.com\/es\/wp-json\/wp\/v2\/product\/7049"}],"collection":[{"href":"https:\/\/www.urbidermis.com\/es\/wp-json\/wp\/v2\/product"}],"about":[{"href":"https:\/\/www.urbidermis.com\/es\/wp-json\/wp\/v2\/types\/product"}],"acf:post":[{"embeddable":true,"href":"https:\/\/www.urbidermis.com\/es\/wp-json\/wp\/v2\/autores\/10695"}],"wp:featuredmedia":[{"embeddable":true,"href":"https:\/\/www.urbidermis.com\/es\/wp-json\/wp\/v2\/media\/28018"}],"wp:attachment":[{"href":"https:\/\/www.urbidermis.com\/es\/wp-json\/wp\/v2\/media?parent=7049"}],"wp:term":[{"taxonomy":"product_cat","embeddable":true,"href":"https:\/\/www.urbidermis.com\/es\/wp-json\/wp\/v2\/product_cat?post=7049"},{"taxonomy":"product_tag","embeddable":true,"href":"https:\/\/www.urbidermis.com\/es\/wp-json\/wp\/v2\/product_tag?post=7049"}],"curies":[{"name":"wp","href":"https:\/\/api.w.org\/{rel}","templated":true}]}}