


{"id":8623,"date":"2022-03-01T10:40:34","date_gmt":"2022-03-01T10:40:34","guid":{"rendered":"https:\/\/ubweb21.urbidermis.com\/product\/trapecio\/"},"modified":"2026-04-09T14:11:34","modified_gmt":"2026-04-09T12:11:34","slug":"trapecio","status":"publish","type":"product","link":"https:\/\/www.urbidermis.com\/es\/mobiliario-urbano\/trapecio\/","title":{"rendered":"Trapecio"},"content":{"rendered":"","protected":false},"excerpt":{"rendered":"<p>Dos grandes piezas trapezoidales de madera o de hormig\u00f3n resuelven este elemento de descanso de grandes dimensiones. <span class=\"searchHighlight\">Trapecio<\/span> destaca por la belleza y generosidad de su geometr\u00eda, contundente y muy atractiva. All\u00ed donde se coloca transforma el espacio ofreciendo nuevas posibilidades para el ocio urbano.<\/p>\n","protected":false},"featured_media":8643,"template":"","meta":{"_acf_changed":false,"inline_featured_image":false},"product_cat":[97,76],"product_tag":[],"acf":{"activador_seccion_impacto_acvs_secctions_acvs":true,"texto_enlace_amplifyapp":"Trapecio_Urban_furniture","codigos_acvs_matching_row-leds":[{"texto_pestana_item_fetch":"Banco madera","codigo_item_fetch":"TRB12"},{"texto_pestana_item_fetch":"Banco UHPC","codigo_item_fetch":"TRB21"}],"activator_acf_option_madera_text":true,"texto_bajo_btn_certificados":"","check_para_validar_no_secc_aplication":true,"is_protocolo_y_control_generic":false,"is_producto_residencial_para_mostrar_info_diferente":false,"is_plano_de_cotas_validator":true,"galeria_multidimension_imagenes_plano_de_cotas_proyector":[{"texto_pestana_plano_galeria":"Banco","imagen_plano_de_cotas":"[link_wp_dam_url ids=\"14553\"]"},{"texto_pestana_plano_galeria":"","imagen_plano_de_cotas":"[link_wp_dam_url ids=\"18778\"]"}],"premios_producto_repeater":null,"participantes":"","autores":[10746,10113],"ano_creacion_producto":"2003","validacion_producto_descarga":true,"galeria_imagenes_repeater_libro":[{"imagen_item_gal":"[link_wp_dam_url ids=\"13401\"]","activar_video_item_gal":false,"portada_video_item_gal":null,"video_en_horizonal_item_gal":false,"video_item_gal":false},{"imagen_item_gal":"[link_wp_dam_url ids=\"13404\"]","activar_video_item_gal":false,"portada_video_item_gal":null,"video_en_horizonal_item_gal":false,"video_item_gal":false},{"imagen_item_gal":"[link_wp_dam_url ids=\"14995\"]","activar_video_item_gal":false,"portada_video_item_gal":null,"video_en_horizonal_item_gal":false,"video_item_gal":false},{"imagen_item_gal":"[link_wp_dam_url ids=\"13403\"]","activar_video_item_gal":false,"portada_video_item_gal":null,"video_en_horizonal_item_gal":false,"video_item_gal":false},{"imagen_item_gal":"[link_wp_dam_url ids=\"13402\"]","activar_video_item_gal":false,"portada_video_item_gal":null,"video_en_horizonal_item_gal":false,"video_item_gal":false}],"secciones_producto":[{"acf_fc_layout":"seccion_navtabs_imagen_dinamica","title_group":{"title_tag":"h2","title_txt":"Un punto de encuentro"},"texto_intro_principal":true,"texto_introductorio":"Im\u00e1n para la actividad social, Trapecio es un banco de gran formato que permite sentarse informalmente tanto en el asiento como en el respaldo, hasta grandes grupos. Un banco pensado para ser usado tanto en parques y avenidas como en proyectos corporativos y educativos.","ventanas_detalles_producto":[{"title_group_producto_grid_single":{"title_tag":"h2","title_txt":"Materiales"},"imagen_de_fondo_dinamic_single_producto":"","texto_contenido_ventana":true,"contenido_tabs_producto":"<ul>\r\n \t<li>Estructura realizada en acero S275 JR galvanizado en caliente acabado pintado con protecci\u00f3n anticorrosiva C3.<\/li>\r\n \t<li>Asiento y respaldo compuestos por vigas de 4,50 m y secci\u00f3n aproximada de 20 x 40 cm de madera lamel\u00e9 coll\u00e9 certificada 100% PEFC, protegida con aceite tricapa, o de hormig\u00f3n arquitect\u00f3nico armado coloreado en masa, con acabado decapado, \u00e1rido visto e hidrofugado.<\/li>\r\n \t<li>Torniller\u00eda de acero inoxidable A2.<\/li>\r\n<\/ul>","acordion":false,"preguntas_y_respuestas":null,"cuadricula_de_colores":false,"componentes_producto":null,"descargables":false,"tipo_datasheet":"simple","datasheet":null,"datasheet_multiple":null,"tipo_instrucciones":"simple","instructions":null,"instructions_multiple":null,"drawings_ce":null,"2d_cad":null,"3d_cad":null,"revit":null,"ldt_photometric_files":null,"ies_photometric_files":null,"validador_detalles_producto":false,"tipo_especificacion":"certificados"},{"title_group_producto_grid_single":{"title_tag":"h2","title_txt":"Acabados"},"imagen_de_fondo_dinamic_single_producto":"","texto_contenido_ventana":true,"contenido_tabs_producto":"Los colores mostrados son meramente indicativos.\r\nOtros colores bajo demanda.\r\nConsultar acabados para ambientes marinos.","acordion":false,"preguntas_y_respuestas":null,"cuadricula_de_colores":true,"componentes_producto":[{"nombre_componente":"","colores":["glulam_lamelle_colle","uphc_gris","uphc_tierra"]}],"descargables":false,"tipo_datasheet":"simple","datasheet":null,"datasheet_multiple":null,"tipo_instrucciones":"simple","instructions":null,"instructions_multiple":null,"drawings_ce":null,"2d_cad":null,"3d_cad":null,"revit":null,"ldt_photometric_files":null,"ies_photometric_files":null,"validador_detalles_producto":false,"tipo_especificacion":""},{"title_group_producto_grid_single":{"title_tag":"h2","title_txt":"Dibujo de cotas"},"imagen_de_fondo_dinamic_single_producto":"","texto_contenido_ventana":false,"contenido_tabs_producto":"*Los colores mostrados son meramente indicativos. (Otros colores bajo demanda)\r\n**Consultar acabados para ambientes marinos","acordion":false,"preguntas_y_respuestas":null,"cuadricula_de_colores":false,"componentes_producto":[{"nombre_componente":"","colores":["glulam_lamelle_colle","uphc_gris","uphc_tierra"]}],"descargables":false,"tipo_datasheet":"simple","datasheet":null,"datasheet_multiple":null,"tipo_instrucciones":"simple","instructions":null,"instructions_multiple":null,"drawings_ce":null,"2d_cad":null,"3d_cad":null,"revit":null,"ldt_photometric_files":null,"ies_photometric_files":null,"validador_detalles_producto":false,"tipo_especificacion":""},{"title_group_producto_grid_single":{"title_tag":"h2","title_txt":"Instalaci\u00f3n"},"imagen_de_fondo_dinamic_single_producto":"","texto_contenido_ventana":true,"contenido_tabs_producto":"<ul>\r\n \t<li>Instalaci\u00f3n mediante cuatro tacos de fijaci\u00f3n por estructura de apoyo introducidos en orificios previamente realizados a dados de hormig\u00f3n. Empotramiento de 10cm por debajo de la cota de pavimento.<\/li>\r\n \t<li>El elemento se suministra desmontado en dos componentes: estructura y vigas.<\/li>\r\n \t<li>Instrucciones de instalaci\u00f3n y montaje, torniller\u00eda y tacos de fijaci\u00f3n incluidos.<\/li>\r\n<\/ul>","acordion":false,"preguntas_y_respuestas":null,"cuadricula_de_colores":false,"componentes_producto":null,"descargables":false,"tipo_datasheet":"simple","datasheet":null,"datasheet_multiple":null,"tipo_instrucciones":"simple","instructions":null,"instructions_multiple":null,"drawings_ce":null,"2d_cad":null,"3d_cad":null,"revit":null,"ldt_photometric_files":null,"ies_photometric_files":null,"validador_detalles_producto":false,"tipo_especificacion":""},{"title_group_producto_grid_single":{"title_tag":"h2","title_txt":"Mantenimiento"},"imagen_de_fondo_dinamic_single_producto":"[link_wp_dam_url ids=\"6488\"]","texto_contenido_ventana":true,"contenido_tabs_producto":"<ul>\r\n \t<li class=\"p1\">Para mantener las propiedades de la madera y su correcto envejecimiento, es necesario realizar un mantenimiento una vez al a\u00f1o.<\/li>\r\n<\/ul>","acordion":false,"preguntas_y_respuestas":null,"cuadricula_de_colores":false,"componentes_producto":null,"descargables":false,"tipo_datasheet":"simple","datasheet":null,"datasheet_multiple":null,"tipo_instrucciones":"simple","instructions":null,"instructions_multiple":null,"drawings_ce":null,"2d_cad":null,"3d_cad":null,"revit":null,"ldt_photometric_files":null,"ies_photometric_files":null,"validador_detalles_producto":false,"tipo_especificacion":""},{"title_group_producto_grid_single":{"title_tag":"h2","title_txt":"Certificados"},"imagen_de_fondo_dinamic_single_producto":"","texto_contenido_ventana":false,"contenido_tabs_producto":"","acordion":false,"preguntas_y_respuestas":null,"cuadricula_de_colores":false,"componentes_producto":null,"descargables":false,"tipo_datasheet":"simple","datasheet":null,"datasheet_multiple":null,"tipo_instrucciones":"simple","instructions":null,"instructions_multiple":null,"drawings_ce":null,"2d_cad":null,"3d_cad":null,"revit":null,"ldt_photometric_files":null,"ies_photometric_files":null,"validador_detalles_producto":true,"tipo_especificacion":"certificados"},{"title_group_producto_grid_single":{"title_tag":"h2","title_txt":"Peso"},"imagen_de_fondo_dinamic_single_producto":"","texto_contenido_ventana":true,"contenido_tabs_producto":"Banco madera: 380\r\nBanco hormig\u00f3n arquitect\u00f3nico: 1062\r\n\r\n*Peso aproximado sin embalaje (kg)","acordion":false,"preguntas_y_respuestas":null,"cuadricula_de_colores":false,"componentes_producto":null,"descargables":false,"tipo_datasheet":"simple","datasheet":null,"datasheet_multiple":null,"tipo_instrucciones":"simple","instructions":null,"instructions_multiple":null,"drawings_ce":null,"2d_cad":null,"3d_cad":null,"revit":null,"ldt_photometric_files":null,"ies_photometric_files":null,"validador_detalles_producto":false,"tipo_especificacion":""}]},{"acf_fc_layout":"seccion_navtabs_imagen_dinamica","title_group":{"title_tag":"h2","title_txt":"Descargables"},"texto_intro_principal":false,"texto_introductorio":"","ventanas_detalles_producto":[{"title_group_producto_grid_single":{"title_tag":"h2","title_txt":""},"imagen_de_fondo_dinamic_single_producto":"","texto_contenido_ventana":false,"contenido_tabs_producto":"","acordion":false,"preguntas_y_respuestas":null,"cuadricula_de_colores":false,"componentes_producto":null,"descargables":true,"tipo_datasheet":"simple","datasheet":11908,"datasheet_multiple":null,"tipo_instrucciones":"multiple","instructions":11893,"instructions_multiple":[{"instructions_title":"Banco de madera","instructions_file":25456},{"instructions_title":"Banco de hormig\u00f3n","instructions_file":25452}],"drawings_ce":21302,"2d_cad":21298,"3d_cad":11892,"revit":13714,"ldt_photometric_files":"","ies_photometric_files":"","validador_detalles_producto":false,"tipo_especificacion":""}]},{"acf_fc_layout":"seccion_consulta_nuestros_expertos","imagen_de_fondo_single_producto":"[link_wp_dam_url ids=\"13400\" size=\"x2400\"]","imagen_de_fondo_single_producto_mobile":"[link_wp_dam_url ids=\"8285\"]"},{"acf_fc_layout":"seccion_imagen_de_fondo_con_sub_menu","titulo_group_list_contet_proyectos":{"title_tag":"h3","title_txt":"Trapecio en la ciudad"},"ancla_copy2":"","proyectos_relacionados":[{"project":14792,"project_img":"[link_wp_dam_url ids=\"13406\"]"},{"project":15669,"project_img":"[link_wp_dam_url ids=\"13410\"]"},{"project":7367,"project_img":"[link_wp_dam_url ids=\"13407\"]"},{"project":6768,"project_img":"[link_wp_dam_url ids=\"13408\"]"},{"project":16102,"project_img":"[link_wp_dam_url ids=\"13409\"]"},{"project":6877,"project_img":"[link_wp_dam_url ids=\"13405\"]"}]}],"dist_simetrica":"","dist_asimetrica":"","dist_indirecta":"","dist_suelo":"","control":"","certificados":["ce","pefc"],"nombre_arbol_entre_comillas":"","nombre_solo_plantas_field":"","isbn_campo_texto":"","autor_book_publicacion_producto":"","idioma_campo_texto":"","enquadernacion_campo_texto":"","_numero_de_paginas_campo_texto":"","pdf_asociado_producto":"","resumen_libro":"","text_content_family_basic_information":"","text_content_family_basic_number_width":"","text_content_family_basic_number_height":"","text_content_planting_density":"","flowers_option_colours":"","flowers_option_season":"","properties_option_pruning":"","properties_option_watering":"","properties_option_sun_exposure":"","properties_option_minimum_temp":"","properties_option_soil_type":"","properties_option_fire":"","properties_option_heat":"","properties_option_moisture":"","properties_option_dryness":"","properties_option_coastal_area":"","texto_introduccion_landing_custom":"","enlace_descubre_mas_custom":"","selecciona_tipo_de_imagen_custom":"","imagen_vertical_custom":"","imagen_horizontal_custom":"","opciones_de_texto_1":true,"opciones_de_texto_2":"acabado_standar","opciones_de_texto_3":""},"yoast_head":"<!-- This site is optimized with the Yoast SEO plugin v22.8 - https:\/\/yoast.com\/wordpress\/plugins\/seo\/ -->\n<title>Trapecio - Urbidermis<\/title>\n<meta name=\"robots\" content=\"index, follow, max-snippet:-1, max-image-preview:large, max-video-preview:-1\" \/>\n<link rel=\"canonical\" href=\"https:\/\/www.urbidermis.com\/es\/mobiliario-urbano\/trapecio\/\" \/>\n<meta property=\"og:locale\" content=\"es_ES\" \/>\n<meta property=\"og:type\" content=\"article\" \/>\n<meta property=\"og:title\" content=\"Trapecio - Urbidermis\" \/>\n<meta property=\"og:description\" content=\"Dos grandes piezas trapezoidales de madera o de hormig\u00f3n resuelven este elemento de descanso de grandes dimensiones. Trapecio destaca por la belleza y generosidad de su geometr\u00eda, contundente y muy atractiva. All\u00ed donde se coloca transforma el espacio ofreciendo nuevas posibilidades para el ocio urbano.\" \/>\n<meta property=\"og:url\" content=\"https:\/\/www.urbidermis.com\/es\/mobiliario-urbano\/trapecio\/\" \/>\n<meta property=\"og:site_name\" content=\"Urbidermis\" \/>\n<meta property=\"article:modified_time\" content=\"2026-04-09T12:11:34+00:00\" \/>\n<meta property=\"og:image\" content=\"https:\/\/www.urbidermis.com\/wp-content\/uploads\/20141030_Spain_Barcelona_Belloch_TRB_Salva_Lopez_28.jpg\" \/>\n\t<meta property=\"og:image:width\" content=\"810\" \/>\n\t<meta property=\"og:image:height\" content=\"1134\" \/>\n\t<meta property=\"og:image:type\" content=\"image\/jpeg\" \/>\n<meta name=\"twitter:card\" content=\"summary_large_image\" \/>\n<script type=\"application\/ld+json\" class=\"yoast-schema-graph\">{\"@context\":\"https:\/\/schema.org\",\"@graph\":[{\"@type\":\"WebPage\",\"@id\":\"https:\/\/www.urbidermis.com\/es\/mobiliario-urbano\/trapecio\/\",\"url\":\"https:\/\/www.urbidermis.com\/es\/mobiliario-urbano\/trapecio\/\",\"name\":\"Trapecio - Urbidermis\",\"isPartOf\":{\"@id\":\"https:\/\/www.urbidermis.com\/es\/#website\"},\"primaryImageOfPage\":{\"@id\":\"https:\/\/www.urbidermis.com\/es\/mobiliario-urbano\/trapecio\/#primaryimage\"},\"image\":{\"@id\":\"https:\/\/www.urbidermis.com\/es\/mobiliario-urbano\/trapecio\/#primaryimage\"},\"thumbnailUrl\":\"https:\/\/www.urbidermis.com\/wp-content\/uploads\/20141030_Spain_Barcelona_Belloch_TRB_Salva_Lopez_28.jpg\",\"datePublished\":\"2022-03-01T10:40:34+00:00\",\"dateModified\":\"2026-04-09T12:11:34+00:00\",\"breadcrumb\":{\"@id\":\"https:\/\/www.urbidermis.com\/es\/mobiliario-urbano\/trapecio\/#breadcrumb\"},\"inLanguage\":\"es\",\"potentialAction\":[{\"@type\":\"ReadAction\",\"target\":[\"https:\/\/www.urbidermis.com\/es\/mobiliario-urbano\/trapecio\/\"]}]},{\"@type\":\"ImageObject\",\"inLanguage\":\"es\",\"@id\":\"https:\/\/www.urbidermis.com\/es\/mobiliario-urbano\/trapecio\/#primaryimage\",\"url\":\"https:\/\/www.urbidermis.com\/wp-content\/uploads\/20141030_Spain_Barcelona_Belloch_TRB_Salva_Lopez_28.jpg\",\"contentUrl\":\"https:\/\/www.urbidermis.com\/wp-content\/uploads\/20141030_Spain_Barcelona_Belloch_TRB_Salva_Lopez_28.jpg\",\"width\":810,\"height\":1134},{\"@type\":\"BreadcrumbList\",\"@id\":\"https:\/\/www.urbidermis.com\/es\/mobiliario-urbano\/trapecio\/#breadcrumb\",\"itemListElement\":[{\"@type\":\"ListItem\",\"position\":1,\"name\":\"Home\",\"item\":\"https:\/\/www.urbidermis.com\/es\/\"},{\"@type\":\"ListItem\",\"position\":2,\"name\":\"Productos\",\"item\":\"https:\/\/www.urbidermis.com\/es\/productos\/\"},{\"@type\":\"ListItem\",\"position\":3,\"name\":\"Trapecio\"}]},{\"@type\":\"WebSite\",\"@id\":\"https:\/\/www.urbidermis.com\/es\/#website\",\"url\":\"https:\/\/www.urbidermis.com\/es\/\",\"name\":\"Urbidermis\",\"description\":\"Expertos en la ciudad\",\"publisher\":{\"@id\":\"https:\/\/www.urbidermis.com\/es\/#organization\"},\"potentialAction\":[{\"@type\":\"SearchAction\",\"target\":{\"@type\":\"EntryPoint\",\"urlTemplate\":\"https:\/\/www.urbidermis.com\/es\/?s={search_term_string}\"},\"query-input\":\"required name=search_term_string\"}],\"inLanguage\":\"es\"},{\"@type\":\"Organization\",\"@id\":\"https:\/\/www.urbidermis.com\/es\/#organization\",\"name\":\"Urbidermis\",\"url\":\"https:\/\/www.urbidermis.com\/es\/\",\"logo\":{\"@type\":\"ImageObject\",\"inLanguage\":\"es\",\"@id\":\"https:\/\/www.urbidermis.com\/es\/#\/schema\/logo\/image\/\",\"url\":\"https:\/\/www.urbidermis.com\/wp-content\/uploads\/logo_urbdermis-1.png\",\"contentUrl\":\"https:\/\/www.urbidermis.com\/wp-content\/uploads\/logo_urbdermis-1.png\",\"width\":601,\"height\":1033,\"caption\":\"Urbidermis\"},\"image\":{\"@id\":\"https:\/\/www.urbidermis.com\/es\/#\/schema\/logo\/image\/\"}}]}<\/script>\n<!-- \/ Yoast SEO plugin. -->","yoast_head_json":{"title":"Trapecio - Urbidermis","robots":{"index":"index","follow":"follow","max-snippet":"max-snippet:-1","max-image-preview":"max-image-preview:large","max-video-preview":"max-video-preview:-1"},"canonical":"https:\/\/www.urbidermis.com\/es\/mobiliario-urbano\/trapecio\/","og_locale":"es_ES","og_type":"article","og_title":"Trapecio - Urbidermis","og_description":"Dos grandes piezas trapezoidales de madera o de hormig\u00f3n resuelven este elemento de descanso de grandes dimensiones. Trapecio destaca por la belleza y generosidad de su geometr\u00eda, contundente y muy atractiva. All\u00ed donde se coloca transforma el espacio ofreciendo nuevas posibilidades para el ocio urbano.","og_url":"https:\/\/www.urbidermis.com\/es\/mobiliario-urbano\/trapecio\/","og_site_name":"Urbidermis","article_modified_time":"2026-04-09T12:11:34+00:00","og_image":[{"width":810,"height":1134,"url":"https:\/\/www.urbidermis.com\/wp-content\/uploads\/20141030_Spain_Barcelona_Belloch_TRB_Salva_Lopez_28.jpg","type":"image\/jpeg"}],"twitter_card":"summary_large_image","schema":{"@context":"https:\/\/schema.org","@graph":[{"@type":"WebPage","@id":"https:\/\/www.urbidermis.com\/es\/mobiliario-urbano\/trapecio\/","url":"https:\/\/www.urbidermis.com\/es\/mobiliario-urbano\/trapecio\/","name":"Trapecio - Urbidermis","isPartOf":{"@id":"https:\/\/www.urbidermis.com\/es\/#website"},"primaryImageOfPage":{"@id":"https:\/\/www.urbidermis.com\/es\/mobiliario-urbano\/trapecio\/#primaryimage"},"image":{"@id":"https:\/\/www.urbidermis.com\/es\/mobiliario-urbano\/trapecio\/#primaryimage"},"thumbnailUrl":"https:\/\/www.urbidermis.com\/wp-content\/uploads\/20141030_Spain_Barcelona_Belloch_TRB_Salva_Lopez_28.jpg","datePublished":"2022-03-01T10:40:34+00:00","dateModified":"2026-04-09T12:11:34+00:00","breadcrumb":{"@id":"https:\/\/www.urbidermis.com\/es\/mobiliario-urbano\/trapecio\/#breadcrumb"},"inLanguage":"es","potentialAction":[{"@type":"ReadAction","target":["https:\/\/www.urbidermis.com\/es\/mobiliario-urbano\/trapecio\/"]}]},{"@type":"ImageObject","inLanguage":"es","@id":"https:\/\/www.urbidermis.com\/es\/mobiliario-urbano\/trapecio\/#primaryimage","url":"https:\/\/www.urbidermis.com\/wp-content\/uploads\/20141030_Spain_Barcelona_Belloch_TRB_Salva_Lopez_28.jpg","contentUrl":"https:\/\/www.urbidermis.com\/wp-content\/uploads\/20141030_Spain_Barcelona_Belloch_TRB_Salva_Lopez_28.jpg","width":810,"height":1134},{"@type":"BreadcrumbList","@id":"https:\/\/www.urbidermis.com\/es\/mobiliario-urbano\/trapecio\/#breadcrumb","itemListElement":[{"@type":"ListItem","position":1,"name":"Home","item":"https:\/\/www.urbidermis.com\/es\/"},{"@type":"ListItem","position":2,"name":"Productos","item":"https:\/\/www.urbidermis.com\/es\/productos\/"},{"@type":"ListItem","position":3,"name":"Trapecio"}]},{"@type":"WebSite","@id":"https:\/\/www.urbidermis.com\/es\/#website","url":"https:\/\/www.urbidermis.com\/es\/","name":"Urbidermis","description":"Expertos en la ciudad","publisher":{"@id":"https:\/\/www.urbidermis.com\/es\/#organization"},"potentialAction":[{"@type":"SearchAction","target":{"@type":"EntryPoint","urlTemplate":"https:\/\/www.urbidermis.com\/es\/?s={search_term_string}"},"query-input":"required name=search_term_string"}],"inLanguage":"es"},{"@type":"Organization","@id":"https:\/\/www.urbidermis.com\/es\/#organization","name":"Urbidermis","url":"https:\/\/www.urbidermis.com\/es\/","logo":{"@type":"ImageObject","inLanguage":"es","@id":"https:\/\/www.urbidermis.com\/es\/#\/schema\/logo\/image\/","url":"https:\/\/www.urbidermis.com\/wp-content\/uploads\/logo_urbdermis-1.png","contentUrl":"https:\/\/www.urbidermis.com\/wp-content\/uploads\/logo_urbdermis-1.png","width":601,"height":1033,"caption":"Urbidermis"},"image":{"@id":"https:\/\/www.urbidermis.com\/es\/#\/schema\/logo\/image\/"}}]}},"_links":{"self":[{"href":"https:\/\/www.urbidermis.com\/es\/wp-json\/wp\/v2\/product\/8623"}],"collection":[{"href":"https:\/\/www.urbidermis.com\/es\/wp-json\/wp\/v2\/product"}],"about":[{"href":"https:\/\/www.urbidermis.com\/es\/wp-json\/wp\/v2\/types\/product"}],"acf:post":[{"embeddable":true,"href":"https:\/\/www.urbidermis.com\/es\/wp-json\/wp\/v2\/autores\/10113"},{"embeddable":true,"href":"https:\/\/www.urbidermis.com\/es\/wp-json\/wp\/v2\/autores\/10746"}],"wp:featuredmedia":[{"embeddable":true,"href":"https:\/\/www.urbidermis.com\/es\/wp-json\/wp\/v2\/media\/8643"}],"wp:attachment":[{"href":"https:\/\/www.urbidermis.com\/es\/wp-json\/wp\/v2\/media?parent=8623"}],"wp:term":[{"taxonomy":"product_cat","embeddable":true,"href":"https:\/\/www.urbidermis.com\/es\/wp-json\/wp\/v2\/product_cat?post=8623"},{"taxonomy":"product_tag","embeddable":true,"href":"https:\/\/www.urbidermis.com\/es\/wp-json\/wp\/v2\/product_tag?post=8623"}],"curies":[{"name":"wp","href":"https:\/\/api.w.org\/{rel}","templated":true}]}}