


{"id":8924,"date":"2022-03-01T10:43:05","date_gmt":"2022-03-01T10:43:05","guid":{"rendered":"https:\/\/ubweb21.urbidermis.com\/product\/key\/"},"modified":"2026-04-10T10:42:39","modified_gmt":"2026-04-10T08:42:39","slug":"key","status":"publish","type":"product","link":"https:\/\/www.urbidermis.com\/es\/mobiliario-urbano\/key\/","title":{"rendered":"Key"},"content":{"rendered":"","protected":false},"excerpt":{"rendered":"<p>Aparcamiento de bicicletas de l\u00edneas amables y coloridas. Pensado para humanizar la ciudad, el aparcabicicletas Key actualiza un elemento urbano cada vez m\u00e1s necesario. Un elemento esencial para el urbanismo de escala humana que apoya la movilidad sostenible en las ciudades.<\/p>\n","protected":false},"featured_media":8919,"template":"","meta":{"_acf_changed":false,"inline_featured_image":false},"product_cat":[90,76],"product_tag":[],"acf":{"activador_seccion_impacto_acvs_secctions_acvs":true,"texto_enlace_amplifyapp":"Key_Urban_furniture","codigos_acvs_matching_row-leds":[{"texto_pestana_item_fetch":"Aparcabicis \u00d8 57 cm","codigo_item_fetch":"KYA11"}],"activator_acf_option_madera_text":false,"texto_bajo_btn_certificados":"","check_para_validar_no_secc_aplication":true,"is_protocolo_y_control_generic":false,"is_producto_residencial_para_mostrar_info_diferente":false,"is_plano_de_cotas_validator":true,"galeria_multidimension_imagenes_plano_de_cotas_proyector":[{"texto_pestana_plano_galeria":"Aparcabicicletas","imagen_plano_de_cotas":"[link_wp_dam_url ids=\"14508\"]"}],"premios_producto_repeater":[{"nombre_premio_sub_item":"Red Dot Best of the Best","ano_premio_sub_item":"2008"},{"nombre_premio_sub_item":"Idea Bronze","ano_premio_sub_item":"2007"},{"nombre_premio_sub_item":"BCN Ciutat Award","ano_premio_sub_item":"2008"}],"participantes":"","autores":[10114],"ano_creacion_producto":"2007","validacion_producto_descarga":true,"galeria_imagenes_repeater_libro":[{"imagen_item_gal":"[link_wp_dam_url ids=\"13004\"]","activar_video_item_gal":false,"portada_video_item_gal":null,"video_en_horizonal_item_gal":false,"video_item_gal":false},{"imagen_item_gal":"[link_wp_dam_url ids=\"13005\"]","activar_video_item_gal":false,"portada_video_item_gal":null,"video_en_horizonal_item_gal":false,"video_item_gal":false},{"imagen_item_gal":"[link_wp_dam_url ids=\"198\"]","activar_video_item_gal":false,"portada_video_item_gal":null,"video_en_horizonal_item_gal":false,"video_item_gal":false},{"imagen_item_gal":"[link_wp_dam_url ids=\"13006\"]","activar_video_item_gal":false,"portada_video_item_gal":null,"video_en_horizonal_item_gal":false,"video_item_gal":false},{"imagen_item_gal":"[link_wp_dam_url ids=\"6526\"]","activar_video_item_gal":false,"portada_video_item_gal":null,"video_en_horizonal_item_gal":false,"video_item_gal":false},{"imagen_item_gal":"[link_wp_dam_url ids=\"2649\"]","activar_video_item_gal":false,"portada_video_item_gal":null,"video_en_horizonal_item_gal":false,"video_item_gal":false}],"secciones_producto":[{"acf_fc_layout":"seccion_navtabs_imagen_dinamica","title_group":{"title_tag":"h2","title_txt":"Ordenar la movilidad"},"texto_intro_principal":true,"texto_introductorio":"Tanto en solitario, como en alineaci\u00f3n o en conjuntos ordenados, aporta cierta plasticidad escult\u00f3rica al espacio. El aparcabicicletas Key presenta un cuerpo blando y agradable al tacto que evita da\u00f1ar los veh\u00edculos de transporte personal a ello asegurados. El color, realizado en masa, se puede ajustar a los requerimientos del proyecto.\r\n \r\n","ventanas_detalles_producto":[{"title_group_producto_grid_single":{"title_tag":"h2","title_txt":"Materiales"},"imagen_de_fondo_dinamic_single_producto":"","texto_contenido_ventana":true,"contenido_tabs_producto":"Modelo de \u00d8 57\r\n<ul>\r\n \t<li>Cuerpo realizado en espuma integral de poliuretano expandido de alta densidad coloreado en masa y estructura interior de acero inoxidable AISI304.<\/li>\r\n \t<li>Base de fundici\u00f3n de aluminio EN-AC-44100 acabado termolacado con protecci\u00f3n anticorrosiva C3.<\/li>\r\n<\/ul>\r\n&nbsp;\r\n\r\nModelo de \u00d8 65\r\n<ul>\r\n \t<li>Cuerpo realizado en polietileno rotomoldeado coloreado en masa y estructura interior de acero inoxidable AISI304.<\/li>\r\n \t<li>\r\n<p class=\"p1\">Base de extrusi\u00f3n de aluminio 6063-T5.<\/p>\r\n<\/li>\r\n<\/ul>","acordion":false,"preguntas_y_respuestas":null,"cuadricula_de_colores":false,"componentes_producto":null,"descargables":false,"tipo_datasheet":"simple","datasheet":null,"datasheet_multiple":null,"tipo_instrucciones":"simple","instructions":null,"instructions_multiple":null,"drawings_ce":null,"2d_cad":null,"3d_cad":null,"revit":null,"ldt_photometric_files":null,"ies_photometric_files":null,"validador_detalles_producto":false,"tipo_especificacion":"certificados"},{"title_group_producto_grid_single":{"title_tag":"h2","title_txt":"Acabados"},"imagen_de_fondo_dinamic_single_producto":"","texto_contenido_ventana":true,"contenido_tabs_producto":"Los colores mostrados son meramente indicativos.\r\nOtros colores bajo demanda.\r\nConsultar acabados para ambientes marinos.","acordion":false,"preguntas_y_respuestas":null,"cuadricula_de_colores":true,"componentes_producto":[{"nombre_componente":"","colores":["amarillo_sol_plastico","negro_antracita","rojo_plastico"]}],"descargables":false,"tipo_datasheet":"simple","datasheet":null,"datasheet_multiple":null,"tipo_instrucciones":"simple","instructions":null,"instructions_multiple":null,"drawings_ce":null,"2d_cad":null,"3d_cad":null,"revit":null,"ldt_photometric_files":null,"ies_photometric_files":null,"validador_detalles_producto":false,"tipo_especificacion":""},{"title_group_producto_grid_single":{"title_tag":"h2","title_txt":"Dibujo de cotas"},"imagen_de_fondo_dinamic_single_producto":"","texto_contenido_ventana":false,"contenido_tabs_producto":"<ul>\r\n \t<li>Distancia libre m\u00ednima aconsejada entre elementos de 60cm.<\/li>\r\n \t<li>El elemento se ancla al pavimento mediante dos pernos parte de la estructura.<\/li>\r\n \t<li>El elemento se suministra montado y embalado.<\/li>\r\n \t<li>Instrucciones de instalaci\u00f3n y montaje incluidas.<\/li>\r\n<\/ul>","acordion":false,"preguntas_y_respuestas":null,"cuadricula_de_colores":false,"componentes_producto":[{"nombre_componente":"","colores":["amarillo_sol_plastico","negro_antracita","rojo_plastico"]}],"descargables":false,"tipo_datasheet":"simple","datasheet":null,"datasheet_multiple":null,"tipo_instrucciones":"simple","instructions":null,"instructions_multiple":null,"drawings_ce":null,"2d_cad":null,"3d_cad":null,"revit":null,"ldt_photometric_files":null,"ies_photometric_files":null,"validador_detalles_producto":false,"tipo_especificacion":""},{"title_group_producto_grid_single":{"title_tag":"h2","title_txt":"Instalaci\u00f3n"},"imagen_de_fondo_dinamic_single_producto":"","texto_contenido_ventana":true,"contenido_tabs_producto":"<ul>\r\n \t<li>Aconsejamos una distancia m\u00ednima entre elementos de 60cm, para poder asegurar dos veh\u00edculos de transporte personal por lado.<\/li>\r\n \t<li>Se ancla al pavimento mediante dos pernos parte de la estructura, en agujeros de 15cm de altura, distanciados 6cm y rellenados con resina epoxi, portland r\u00e1pido o similar.<\/li>\r\n \t<li>El elemento se suministra montado y embalado.<\/li>\r\n \t<li>Instrucciones de instalaci\u00f3n y montaje incluidas.<\/li>\r\n<\/ul>","acordion":false,"preguntas_y_respuestas":null,"cuadricula_de_colores":false,"componentes_producto":null,"descargables":false,"tipo_datasheet":"simple","datasheet":null,"datasheet_multiple":null,"tipo_instrucciones":"simple","instructions":null,"instructions_multiple":null,"drawings_ce":null,"2d_cad":null,"3d_cad":null,"revit":null,"ldt_photometric_files":null,"ies_photometric_files":null,"validador_detalles_producto":false,"tipo_especificacion":""},{"title_group_producto_grid_single":{"title_tag":"h2","title_txt":"Mantenimiento"},"imagen_de_fondo_dinamic_single_producto":"","texto_contenido_ventana":true,"contenido_tabs_producto":"<ul>\r\n \t<li>No requiere mantenimiento.<\/li>\r\n<\/ul>","acordion":false,"preguntas_y_respuestas":null,"cuadricula_de_colores":false,"componentes_producto":null,"descargables":false,"tipo_datasheet":"simple","datasheet":null,"datasheet_multiple":null,"tipo_instrucciones":"simple","instructions":null,"instructions_multiple":null,"drawings_ce":null,"2d_cad":null,"3d_cad":null,"revit":null,"ldt_photometric_files":null,"ies_photometric_files":null,"validador_detalles_producto":false,"tipo_especificacion":""},{"title_group_producto_grid_single":{"title_tag":"h2","title_txt":"Certificados"},"imagen_de_fondo_dinamic_single_producto":"","texto_contenido_ventana":false,"contenido_tabs_producto":"","acordion":false,"preguntas_y_respuestas":null,"cuadricula_de_colores":false,"componentes_producto":null,"descargables":false,"tipo_datasheet":"simple","datasheet":null,"datasheet_multiple":null,"tipo_instrucciones":"simple","instructions":null,"instructions_multiple":null,"drawings_ce":null,"2d_cad":null,"3d_cad":null,"revit":null,"ldt_photometric_files":null,"ies_photometric_files":null,"validador_detalles_producto":true,"tipo_especificacion":"certificados"},{"title_group_producto_grid_single":{"title_tag":"h2","title_txt":"Peso"},"imagen_de_fondo_dinamic_single_producto":"","texto_contenido_ventana":true,"contenido_tabs_producto":"Aparcabicicletas \u00d8 57: 9\r\nAparcabicicletas \u00d8 65: 5\r\n\r\n*Peso aproximado sin embalaje (kg)","acordion":false,"preguntas_y_respuestas":null,"cuadricula_de_colores":false,"componentes_producto":null,"descargables":false,"tipo_datasheet":"simple","datasheet":null,"datasheet_multiple":null,"tipo_instrucciones":"simple","instructions":null,"instructions_multiple":null,"drawings_ce":null,"2d_cad":null,"3d_cad":null,"revit":null,"ldt_photometric_files":null,"ies_photometric_files":null,"validador_detalles_producto":false,"tipo_especificacion":""}]},{"acf_fc_layout":"seccion_navtabs_imagen_dinamica","title_group":{"title_tag":"h2","title_txt":"Descargables"},"texto_intro_principal":false,"texto_introductorio":"","ventanas_detalles_producto":[{"title_group_producto_grid_single":{"title_tag":"h2","title_txt":""},"imagen_de_fondo_dinamic_single_producto":"","texto_contenido_ventana":false,"contenido_tabs_producto":"","acordion":false,"preguntas_y_respuestas":null,"cuadricula_de_colores":false,"componentes_producto":null,"descargables":true,"tipo_datasheet":"simple","datasheet":20948,"datasheet_multiple":null,"tipo_instrucciones":"multiple","instructions":12097,"instructions_multiple":[{"instructions_title":"Key \u00d8 57","instructions_file":25572},{"instructions_title":"Key \u00d8 65","instructions_file":25576}],"drawings_ce":22257,"2d_cad":22253,"3d_cad":12093,"revit":13752,"ldt_photometric_files":"","ies_photometric_files":"","validador_detalles_producto":false,"tipo_especificacion":""}]},{"acf_fc_layout":"seccion_consulta_nuestros_expertos","imagen_de_fondo_single_producto":"[link_wp_dam_url ids=\"14996\" size=\"x2400\"]","imagen_de_fondo_single_producto_mobile":""},{"acf_fc_layout":"seccion_imagen_de_fondo_con_sub_menu","titulo_group_list_contet_proyectos":{"title_tag":"h3","title_txt":"Key en la ciudad"},"ancla_copy2":"","proyectos_relacionados":[{"project":15320,"project_img":"[link_wp_dam_url ids=\"14766\"]"},{"project":4160,"project_img":"[link_wp_dam_url ids=\"13009\"]"},{"project":7915,"project_img":"[link_wp_dam_url ids=\"13007\"]"},{"project":7886,"project_img":"[link_wp_dam_url ids=\"13008\"]"},{"project":5525,"project_img":"[link_wp_dam_url ids=\"5670\"]"},{"project":7470,"project_img":"[link_wp_dam_url ids=\"6519\"]"}]}],"dist_simetrica":"","dist_asimetrica":"","dist_indirecta":"","dist_suelo":"","control":"","certificados":["ce"],"nombre_arbol_entre_comillas":"","nombre_solo_plantas_field":"","isbn_campo_texto":"","autor_book_publicacion_producto":"","idioma_campo_texto":"","enquadernacion_campo_texto":"","_numero_de_paginas_campo_texto":"","pdf_asociado_producto":"","resumen_libro":"","text_content_family_basic_information":"","text_content_family_basic_number_width":"","text_content_family_basic_number_height":"","text_content_planting_density":"","flowers_option_colours":"","flowers_option_season":"","properties_option_pruning":"","properties_option_watering":"","properties_option_sun_exposure":"","properties_option_minimum_temp":"","properties_option_soil_type":"","properties_option_fire":"","properties_option_heat":"","properties_option_moisture":"","properties_option_dryness":"","properties_option_coastal_area":"","texto_introduccion_landing_custom":"","enlace_descubre_mas_custom":"","selecciona_tipo_de_imagen_custom":"","imagen_vertical_custom":"","imagen_horizontal_custom":"","opciones_de_texto_1":true,"opciones_de_texto_2":"acabado_standar","opciones_de_texto_3":""},"yoast_head":"<!-- This site is optimized with the Yoast SEO plugin v22.8 - https:\/\/yoast.com\/wordpress\/plugins\/seo\/ -->\n<title>Key - Urbidermis<\/title>\n<meta name=\"robots\" content=\"index, follow, max-snippet:-1, max-image-preview:large, max-video-preview:-1\" \/>\n<link rel=\"canonical\" href=\"https:\/\/www.urbidermis.com\/es\/mobiliario-urbano\/key\/\" \/>\n<meta property=\"og:locale\" content=\"es_ES\" \/>\n<meta property=\"og:type\" content=\"article\" \/>\n<meta property=\"og:title\" content=\"Key - Urbidermis\" \/>\n<meta property=\"og:description\" content=\"Aparcamiento de bicicletas de l\u00edneas amables y coloridas. Pensado para humanizar la ciudad, el aparcabicicletas Key actualiza un elemento urbano cada vez m\u00e1s necesario. Un elemento esencial para el urbanismo de escala humana que apoya la movilidad sostenible en las ciudades.\" \/>\n<meta property=\"og:url\" content=\"https:\/\/www.urbidermis.com\/es\/mobiliario-urbano\/key\/\" \/>\n<meta property=\"og:site_name\" content=\"Urbidermis\" \/>\n<meta property=\"article:modified_time\" content=\"2026-04-10T08:42:39+00:00\" \/>\n<meta property=\"og:image\" content=\"https:\/\/www.urbidermis.com\/wp-content\/uploads\/20110325_Spain_Barcelona_Paseo_Sant_Joan_KYA_Equipo_Urbidermis_01.jpg\" \/>\n\t<meta property=\"og:image:width\" content=\"1286\" \/>\n\t<meta property=\"og:image:height\" content=\"1800\" \/>\n\t<meta property=\"og:image:type\" content=\"image\/jpeg\" \/>\n<meta name=\"twitter:card\" content=\"summary_large_image\" \/>\n<script type=\"application\/ld+json\" class=\"yoast-schema-graph\">{\"@context\":\"https:\/\/schema.org\",\"@graph\":[{\"@type\":\"WebPage\",\"@id\":\"https:\/\/www.urbidermis.com\/es\/mobiliario-urbano\/key\/\",\"url\":\"https:\/\/www.urbidermis.com\/es\/mobiliario-urbano\/key\/\",\"name\":\"Key - Urbidermis\",\"isPartOf\":{\"@id\":\"https:\/\/www.urbidermis.com\/es\/#website\"},\"primaryImageOfPage\":{\"@id\":\"https:\/\/www.urbidermis.com\/es\/mobiliario-urbano\/key\/#primaryimage\"},\"image\":{\"@id\":\"https:\/\/www.urbidermis.com\/es\/mobiliario-urbano\/key\/#primaryimage\"},\"thumbnailUrl\":\"https:\/\/www.urbidermis.com\/wp-content\/uploads\/20110325_Spain_Barcelona_Paseo_Sant_Joan_KYA_Equipo_Urbidermis_01.jpg\",\"datePublished\":\"2022-03-01T10:43:05+00:00\",\"dateModified\":\"2026-04-10T08:42:39+00:00\",\"breadcrumb\":{\"@id\":\"https:\/\/www.urbidermis.com\/es\/mobiliario-urbano\/key\/#breadcrumb\"},\"inLanguage\":\"es\",\"potentialAction\":[{\"@type\":\"ReadAction\",\"target\":[\"https:\/\/www.urbidermis.com\/es\/mobiliario-urbano\/key\/\"]}]},{\"@type\":\"ImageObject\",\"inLanguage\":\"es\",\"@id\":\"https:\/\/www.urbidermis.com\/es\/mobiliario-urbano\/key\/#primaryimage\",\"url\":\"https:\/\/www.urbidermis.com\/wp-content\/uploads\/20110325_Spain_Barcelona_Paseo_Sant_Joan_KYA_Equipo_Urbidermis_01.jpg\",\"contentUrl\":\"https:\/\/www.urbidermis.com\/wp-content\/uploads\/20110325_Spain_Barcelona_Paseo_Sant_Joan_KYA_Equipo_Urbidermis_01.jpg\",\"width\":1286,\"height\":1800},{\"@type\":\"BreadcrumbList\",\"@id\":\"https:\/\/www.urbidermis.com\/es\/mobiliario-urbano\/key\/#breadcrumb\",\"itemListElement\":[{\"@type\":\"ListItem\",\"position\":1,\"name\":\"Home\",\"item\":\"https:\/\/www.urbidermis.com\/es\/\"},{\"@type\":\"ListItem\",\"position\":2,\"name\":\"Productos\",\"item\":\"https:\/\/www.urbidermis.com\/es\/productos\/\"},{\"@type\":\"ListItem\",\"position\":3,\"name\":\"Key\"}]},{\"@type\":\"WebSite\",\"@id\":\"https:\/\/www.urbidermis.com\/es\/#website\",\"url\":\"https:\/\/www.urbidermis.com\/es\/\",\"name\":\"Urbidermis\",\"description\":\"Expertos en la ciudad\",\"publisher\":{\"@id\":\"https:\/\/www.urbidermis.com\/es\/#organization\"},\"potentialAction\":[{\"@type\":\"SearchAction\",\"target\":{\"@type\":\"EntryPoint\",\"urlTemplate\":\"https:\/\/www.urbidermis.com\/es\/?s={search_term_string}\"},\"query-input\":\"required name=search_term_string\"}],\"inLanguage\":\"es\"},{\"@type\":\"Organization\",\"@id\":\"https:\/\/www.urbidermis.com\/es\/#organization\",\"name\":\"Urbidermis\",\"url\":\"https:\/\/www.urbidermis.com\/es\/\",\"logo\":{\"@type\":\"ImageObject\",\"inLanguage\":\"es\",\"@id\":\"https:\/\/www.urbidermis.com\/es\/#\/schema\/logo\/image\/\",\"url\":\"https:\/\/www.urbidermis.com\/wp-content\/uploads\/logo_urbdermis-1.png\",\"contentUrl\":\"https:\/\/www.urbidermis.com\/wp-content\/uploads\/logo_urbdermis-1.png\",\"width\":601,\"height\":1033,\"caption\":\"Urbidermis\"},\"image\":{\"@id\":\"https:\/\/www.urbidermis.com\/es\/#\/schema\/logo\/image\/\"}}]}<\/script>\n<!-- \/ Yoast SEO plugin. -->","yoast_head_json":{"title":"Key - Urbidermis","robots":{"index":"index","follow":"follow","max-snippet":"max-snippet:-1","max-image-preview":"max-image-preview:large","max-video-preview":"max-video-preview:-1"},"canonical":"https:\/\/www.urbidermis.com\/es\/mobiliario-urbano\/key\/","og_locale":"es_ES","og_type":"article","og_title":"Key - Urbidermis","og_description":"Aparcamiento de bicicletas de l\u00edneas amables y coloridas. Pensado para humanizar la ciudad, el aparcabicicletas Key actualiza un elemento urbano cada vez m\u00e1s necesario. Un elemento esencial para el urbanismo de escala humana que apoya la movilidad sostenible en las ciudades.","og_url":"https:\/\/www.urbidermis.com\/es\/mobiliario-urbano\/key\/","og_site_name":"Urbidermis","article_modified_time":"2026-04-10T08:42:39+00:00","og_image":[{"width":1286,"height":1800,"url":"https:\/\/www.urbidermis.com\/wp-content\/uploads\/20110325_Spain_Barcelona_Paseo_Sant_Joan_KYA_Equipo_Urbidermis_01.jpg","type":"image\/jpeg"}],"twitter_card":"summary_large_image","schema":{"@context":"https:\/\/schema.org","@graph":[{"@type":"WebPage","@id":"https:\/\/www.urbidermis.com\/es\/mobiliario-urbano\/key\/","url":"https:\/\/www.urbidermis.com\/es\/mobiliario-urbano\/key\/","name":"Key - Urbidermis","isPartOf":{"@id":"https:\/\/www.urbidermis.com\/es\/#website"},"primaryImageOfPage":{"@id":"https:\/\/www.urbidermis.com\/es\/mobiliario-urbano\/key\/#primaryimage"},"image":{"@id":"https:\/\/www.urbidermis.com\/es\/mobiliario-urbano\/key\/#primaryimage"},"thumbnailUrl":"https:\/\/www.urbidermis.com\/wp-content\/uploads\/20110325_Spain_Barcelona_Paseo_Sant_Joan_KYA_Equipo_Urbidermis_01.jpg","datePublished":"2022-03-01T10:43:05+00:00","dateModified":"2026-04-10T08:42:39+00:00","breadcrumb":{"@id":"https:\/\/www.urbidermis.com\/es\/mobiliario-urbano\/key\/#breadcrumb"},"inLanguage":"es","potentialAction":[{"@type":"ReadAction","target":["https:\/\/www.urbidermis.com\/es\/mobiliario-urbano\/key\/"]}]},{"@type":"ImageObject","inLanguage":"es","@id":"https:\/\/www.urbidermis.com\/es\/mobiliario-urbano\/key\/#primaryimage","url":"https:\/\/www.urbidermis.com\/wp-content\/uploads\/20110325_Spain_Barcelona_Paseo_Sant_Joan_KYA_Equipo_Urbidermis_01.jpg","contentUrl":"https:\/\/www.urbidermis.com\/wp-content\/uploads\/20110325_Spain_Barcelona_Paseo_Sant_Joan_KYA_Equipo_Urbidermis_01.jpg","width":1286,"height":1800},{"@type":"BreadcrumbList","@id":"https:\/\/www.urbidermis.com\/es\/mobiliario-urbano\/key\/#breadcrumb","itemListElement":[{"@type":"ListItem","position":1,"name":"Home","item":"https:\/\/www.urbidermis.com\/es\/"},{"@type":"ListItem","position":2,"name":"Productos","item":"https:\/\/www.urbidermis.com\/es\/productos\/"},{"@type":"ListItem","position":3,"name":"Key"}]},{"@type":"WebSite","@id":"https:\/\/www.urbidermis.com\/es\/#website","url":"https:\/\/www.urbidermis.com\/es\/","name":"Urbidermis","description":"Expertos en la ciudad","publisher":{"@id":"https:\/\/www.urbidermis.com\/es\/#organization"},"potentialAction":[{"@type":"SearchAction","target":{"@type":"EntryPoint","urlTemplate":"https:\/\/www.urbidermis.com\/es\/?s={search_term_string}"},"query-input":"required name=search_term_string"}],"inLanguage":"es"},{"@type":"Organization","@id":"https:\/\/www.urbidermis.com\/es\/#organization","name":"Urbidermis","url":"https:\/\/www.urbidermis.com\/es\/","logo":{"@type":"ImageObject","inLanguage":"es","@id":"https:\/\/www.urbidermis.com\/es\/#\/schema\/logo\/image\/","url":"https:\/\/www.urbidermis.com\/wp-content\/uploads\/logo_urbdermis-1.png","contentUrl":"https:\/\/www.urbidermis.com\/wp-content\/uploads\/logo_urbdermis-1.png","width":601,"height":1033,"caption":"Urbidermis"},"image":{"@id":"https:\/\/www.urbidermis.com\/es\/#\/schema\/logo\/image\/"}}]}},"_links":{"self":[{"href":"https:\/\/www.urbidermis.com\/es\/wp-json\/wp\/v2\/product\/8924"}],"collection":[{"href":"https:\/\/www.urbidermis.com\/es\/wp-json\/wp\/v2\/product"}],"about":[{"href":"https:\/\/www.urbidermis.com\/es\/wp-json\/wp\/v2\/types\/product"}],"acf:post":[{"embeddable":true,"href":"https:\/\/www.urbidermis.com\/es\/wp-json\/wp\/v2\/autores\/10114"}],"wp:featuredmedia":[{"embeddable":true,"href":"https:\/\/www.urbidermis.com\/es\/wp-json\/wp\/v2\/media\/8919"}],"wp:attachment":[{"href":"https:\/\/www.urbidermis.com\/es\/wp-json\/wp\/v2\/media?parent=8924"}],"wp:term":[{"taxonomy":"product_cat","embeddable":true,"href":"https:\/\/www.urbidermis.com\/es\/wp-json\/wp\/v2\/product_cat?post=8924"},{"taxonomy":"product_tag","embeddable":true,"href":"https:\/\/www.urbidermis.com\/es\/wp-json\/wp\/v2\/product_tag?post=8924"}],"curies":[{"name":"wp","href":"https:\/\/api.w.org\/{rel}","templated":true}]}}