


{"id":9993,"date":"2022-04-11T09:05:40","date_gmt":"2022-04-11T09:05:40","guid":{"rendered":"https:\/\/ubweb21.urbidermis.com\/sin%20categor\u00eda\/paulownia-tomentosa\/"},"modified":"2024-09-09T09:56:14","modified_gmt":"2024-09-09T07:56:14","slug":"paulownia-tomentosa","status":"publish","type":"product","link":"https:\/\/www.urbidermis.com\/es\/vivero-belloch-forestal\/paulownia-tomentosa\/","title":{"rendered":"Paulownia tomentosa"},"content":{"rendered":"","protected":false},"excerpt":{"rendered":"<p>Especie de crecimiento r\u00e1pido, resistente al fr\u00edo, al fuego y a la contaminaci\u00f3n urbana. Espectacular floraci\u00f3n primaveral. De singular inter\u00e9s para la regulaci\u00f3n microclim\u00e1tica y la captaci\u00f3n de contaminantes atmosf\u00e9ricos. Se ha descrito que esta especie puede ser invasora.<\/p>\n","protected":false},"featured_media":9517,"template":"","meta":{"_acf_changed":false,"inline_featured_image":false},"product_cat":[202,74],"product_tag":[],"acf":{"activador_seccion_impacto_acvs_secctions_acvs":false,"texto_enlace_amplifyapp":"","codigos_acvs_matching_row-leds":null,"activator_acf_option_madera_text":false,"texto_bajo_btn_certificados":"","check_para_validar_no_secc_aplication":false,"is_protocolo_y_control_generic":false,"is_producto_residencial_para_mostrar_info_diferente":false,"is_plano_de_cotas_validator":false,"galeria_multidimension_imagenes_plano_de_cotas_proyector":null,"premios_producto_repeater":null,"participantes":"","autores":"","ano_creacion_producto":"","validacion_producto_descarga":false,"galeria_imagenes_repeater_libro":[{"imagen_item_gal":"[link_wp_dam_url ids=\"14222\"]","activar_video_item_gal":false,"portada_video_item_gal":null,"video_en_horizonal_item_gal":false,"video_item_gal":false},{"imagen_item_gal":"[link_wp_dam_url ids=\"14224\"]","activar_video_item_gal":false,"portada_video_item_gal":null,"video_en_horizonal_item_gal":false,"video_item_gal":false},{"imagen_item_gal":"[link_wp_dam_url ids=\"14223\"]","activar_video_item_gal":false,"portada_video_item_gal":null,"video_en_horizonal_item_gal":false,"video_item_gal":false},{"imagen_item_gal":"[link_wp_dam_url ids=\"14221\"]","activar_video_item_gal":false,"portada_video_item_gal":null,"video_en_horizonal_item_gal":false,"video_item_gal":false},{"imagen_item_gal":"[link_wp_dam_url ids=\"14861\"]","activar_video_item_gal":false,"portada_video_item_gal":null,"video_en_horizonal_item_gal":false,"video_item_gal":false}],"secciones_producto":[{"acf_fc_layout":"seccion_especifi_tecnicas_arboles","imagen_asociada_especificaciones_tecnicas":"","galeria_elementos_medio":[{"clave_elemento_seleccion":"medio_zona_climatica","texto_elemento_seleccion":"Todas"},{"clave_elemento_seleccion":"medio_calor","texto_elemento_seleccion":"Tolerante"},{"clave_elemento_seleccion":"medio_heladas","texto_elemento_seleccion":"Resistente"},{"clave_elemento_seleccion":"medio_sequia","texto_elemento_seleccion":"Tolerante"},{"clave_elemento_seleccion":"medio_cal","texto_elemento_seleccion":"Tolerante"},{"clave_elemento_seleccion":"medio_proximidad_de_mar","texto_elemento_seleccion":"Tolerante"},{"clave_elemento_seleccion":"medio_expocision_solar","texto_elemento_seleccion":"Sol"}],"galeria_elementos_funcion":[{"clave_elemento_seleccion":"funcion_aplicacion","texto_elemento_seleccion":"Plaza"},{"clave_elemento_seleccion":"funcion_hoja","texto_elemento_seleccion":"Tipo: Caduca\r\nForma: Simple\r\nColor: Verde"},{"clave_elemento_seleccion":"funcion_flor","texto_elemento_seleccion":"\u00c9poca: Primavera\r\nColor: Violeta"},{"clave_elemento_seleccion":"funcion_fruto","texto_elemento_seleccion":"\u00c9poca: Verano\r\nColor: Marr\u00f3n"}],"galeria_elementos_forma":[{"clave_elemento_seleccion":"forma_altura","texto_elemento_seleccion":"Alta"},{"clave_elemento_seleccion":"forma_copa","texto_elemento_seleccion":"Ancha"},{"clave_elemento_seleccion":"forma_porte","texto_elemento_seleccion":"Grande"},{"clave_elemento_seleccion":"forma_fruto","texto_elemento_seleccion":"Esf\u00e9rica"}]},{"acf_fc_layout":"seccion_dos_imagenes_centradas","image_izq_center_planta":"[link_wp_dam_url ids=\"14862\"]","image_der_center_planta":"[link_wp_dam_url ids=\"14863\"]"},{"acf_fc_layout":"seccion_consulta_nuestros_expertos","imagen_de_fondo_single_producto":"[link_wp_dam_url ids=\"14220\"]","imagen_de_fondo_single_producto_mobile":"[link_wp_dam_url ids=\"14220\"]"},{"acf_fc_layout":"seccion_navtabs_imagen_dinamica_copia_estatica"}],"dist_simetrica":"","dist_asimetrica":"","dist_indirecta":"","dist_suelo":"","control":"","certificados":"","nombre_arbol_entre_comillas":"","nombre_solo_plantas_field":"Paulonia imperial","isbn_campo_texto":"","autor_book_publicacion_producto":"","idioma_campo_texto":"","enquadernacion_campo_texto":"","_numero_de_paginas_campo_texto":"","pdf_asociado_producto":"","resumen_libro":"","text_content_family_basic_information":"","text_content_family_basic_number_width":"","text_content_family_basic_number_height":"","text_content_planting_density":"","flowers_option_colours":"","flowers_option_season":"","properties_option_pruning":"","properties_option_watering":"","properties_option_sun_exposure":"","properties_option_minimum_temp":"","properties_option_soil_type":"","properties_option_fire":"","properties_option_heat":"","properties_option_moisture":"","properties_option_dryness":"","properties_option_coastal_area":"","texto_introduccion_landing_custom":"","enlace_descubre_mas_custom":null,"selecciona_tipo_de_imagen_custom":[],"imagen_vertical_custom":"","imagen_horizontal_custom":"","opciones_de_texto_1":true,"opciones_de_texto_2":"","opciones_de_texto_3":[]},"yoast_head":"<!-- This site is optimized with the Yoast SEO plugin v22.8 - https:\/\/yoast.com\/wordpress\/plugins\/seo\/ -->\n<title>Paulownia tomentosa - Urbidermis<\/title>\n<meta name=\"robots\" content=\"index, follow, max-snippet:-1, max-image-preview:large, max-video-preview:-1\" \/>\n<link rel=\"canonical\" href=\"https:\/\/www.urbidermis.com\/es\/vivero-belloch-forestal\/paulownia-tomentosa\/\" \/>\n<meta property=\"og:locale\" content=\"es_ES\" \/>\n<meta property=\"og:type\" content=\"article\" \/>\n<meta property=\"og:title\" content=\"Paulownia tomentosa - Urbidermis\" \/>\n<meta property=\"og:description\" content=\"Especie de crecimiento r\u00e1pido, resistente al fr\u00edo, al fuego y a la contaminaci\u00f3n urbana. Espectacular floraci\u00f3n primaveral. De singular inter\u00e9s para la regulaci\u00f3n microclim\u00e1tica y la captaci\u00f3n de contaminantes atmosf\u00e9ricos. Se ha descrito que esta especie puede ser invasora.\" \/>\n<meta property=\"og:url\" content=\"https:\/\/www.urbidermis.com\/es\/vivero-belloch-forestal\/paulownia-tomentosa\/\" \/>\n<meta property=\"og:site_name\" content=\"Urbidermis\" \/>\n<meta property=\"article:modified_time\" content=\"2024-09-09T07:56:14+00:00\" \/>\n<meta property=\"og:image\" content=\"https:\/\/www.urbidermis.com\/wp-content\/uploads\/20090818_Spain_Barcelona_Belloch_PAT_Equipo_Urbidermis_01.jpg\" \/>\n\t<meta property=\"og:image:width\" content=\"1143\" \/>\n\t<meta property=\"og:image:height\" content=\"1600\" \/>\n\t<meta property=\"og:image:type\" content=\"image\/jpeg\" \/>\n<meta name=\"twitter:card\" content=\"summary_large_image\" \/>\n<script type=\"application\/ld+json\" class=\"yoast-schema-graph\">{\"@context\":\"https:\/\/schema.org\",\"@graph\":[{\"@type\":\"WebPage\",\"@id\":\"https:\/\/www.urbidermis.com\/es\/vivero-belloch-forestal\/paulownia-tomentosa\/\",\"url\":\"https:\/\/www.urbidermis.com\/es\/vivero-belloch-forestal\/paulownia-tomentosa\/\",\"name\":\"Paulownia tomentosa - Urbidermis\",\"isPartOf\":{\"@id\":\"https:\/\/www.urbidermis.com\/es\/#website\"},\"primaryImageOfPage\":{\"@id\":\"https:\/\/www.urbidermis.com\/es\/vivero-belloch-forestal\/paulownia-tomentosa\/#primaryimage\"},\"image\":{\"@id\":\"https:\/\/www.urbidermis.com\/es\/vivero-belloch-forestal\/paulownia-tomentosa\/#primaryimage\"},\"thumbnailUrl\":\"https:\/\/www.urbidermis.com\/wp-content\/uploads\/20090818_Spain_Barcelona_Belloch_PAT_Equipo_Urbidermis_01.jpg\",\"datePublished\":\"2022-04-11T09:05:40+00:00\",\"dateModified\":\"2024-09-09T07:56:14+00:00\",\"breadcrumb\":{\"@id\":\"https:\/\/www.urbidermis.com\/es\/vivero-belloch-forestal\/paulownia-tomentosa\/#breadcrumb\"},\"inLanguage\":\"es\",\"potentialAction\":[{\"@type\":\"ReadAction\",\"target\":[\"https:\/\/www.urbidermis.com\/es\/vivero-belloch-forestal\/paulownia-tomentosa\/\"]}]},{\"@type\":\"ImageObject\",\"inLanguage\":\"es\",\"@id\":\"https:\/\/www.urbidermis.com\/es\/vivero-belloch-forestal\/paulownia-tomentosa\/#primaryimage\",\"url\":\"https:\/\/www.urbidermis.com\/wp-content\/uploads\/20090818_Spain_Barcelona_Belloch_PAT_Equipo_Urbidermis_01.jpg\",\"contentUrl\":\"https:\/\/www.urbidermis.com\/wp-content\/uploads\/20090818_Spain_Barcelona_Belloch_PAT_Equipo_Urbidermis_01.jpg\",\"width\":1143,\"height\":1600},{\"@type\":\"BreadcrumbList\",\"@id\":\"https:\/\/www.urbidermis.com\/es\/vivero-belloch-forestal\/paulownia-tomentosa\/#breadcrumb\",\"itemListElement\":[{\"@type\":\"ListItem\",\"position\":1,\"name\":\"Home\",\"item\":\"https:\/\/www.urbidermis.com\/es\/\"},{\"@type\":\"ListItem\",\"position\":2,\"name\":\"Productos\",\"item\":\"https:\/\/www.urbidermis.com\/es\/productos\/\"},{\"@type\":\"ListItem\",\"position\":3,\"name\":\"Paulownia tomentosa\"}]},{\"@type\":\"WebSite\",\"@id\":\"https:\/\/www.urbidermis.com\/es\/#website\",\"url\":\"https:\/\/www.urbidermis.com\/es\/\",\"name\":\"Urbidermis\",\"description\":\"Expertos en la ciudad\",\"publisher\":{\"@id\":\"https:\/\/www.urbidermis.com\/es\/#organization\"},\"potentialAction\":[{\"@type\":\"SearchAction\",\"target\":{\"@type\":\"EntryPoint\",\"urlTemplate\":\"https:\/\/www.urbidermis.com\/es\/?s={search_term_string}\"},\"query-input\":\"required name=search_term_string\"}],\"inLanguage\":\"es\"},{\"@type\":\"Organization\",\"@id\":\"https:\/\/www.urbidermis.com\/es\/#organization\",\"name\":\"Urbidermis\",\"url\":\"https:\/\/www.urbidermis.com\/es\/\",\"logo\":{\"@type\":\"ImageObject\",\"inLanguage\":\"es\",\"@id\":\"https:\/\/www.urbidermis.com\/es\/#\/schema\/logo\/image\/\",\"url\":\"https:\/\/www.urbidermis.com\/wp-content\/uploads\/logo_urbdermis-1.png\",\"contentUrl\":\"https:\/\/www.urbidermis.com\/wp-content\/uploads\/logo_urbdermis-1.png\",\"width\":601,\"height\":1033,\"caption\":\"Urbidermis\"},\"image\":{\"@id\":\"https:\/\/www.urbidermis.com\/es\/#\/schema\/logo\/image\/\"}}]}<\/script>\n<!-- \/ Yoast SEO plugin. -->","yoast_head_json":{"title":"Paulownia tomentosa - Urbidermis","robots":{"index":"index","follow":"follow","max-snippet":"max-snippet:-1","max-image-preview":"max-image-preview:large","max-video-preview":"max-video-preview:-1"},"canonical":"https:\/\/www.urbidermis.com\/es\/vivero-belloch-forestal\/paulownia-tomentosa\/","og_locale":"es_ES","og_type":"article","og_title":"Paulownia tomentosa - Urbidermis","og_description":"Especie de crecimiento r\u00e1pido, resistente al fr\u00edo, al fuego y a la contaminaci\u00f3n urbana. Espectacular floraci\u00f3n primaveral. De singular inter\u00e9s para la regulaci\u00f3n microclim\u00e1tica y la captaci\u00f3n de contaminantes atmosf\u00e9ricos. Se ha descrito que esta especie puede ser invasora.","og_url":"https:\/\/www.urbidermis.com\/es\/vivero-belloch-forestal\/paulownia-tomentosa\/","og_site_name":"Urbidermis","article_modified_time":"2024-09-09T07:56:14+00:00","og_image":[{"width":1143,"height":1600,"url":"https:\/\/www.urbidermis.com\/wp-content\/uploads\/20090818_Spain_Barcelona_Belloch_PAT_Equipo_Urbidermis_01.jpg","type":"image\/jpeg"}],"twitter_card":"summary_large_image","schema":{"@context":"https:\/\/schema.org","@graph":[{"@type":"WebPage","@id":"https:\/\/www.urbidermis.com\/es\/vivero-belloch-forestal\/paulownia-tomentosa\/","url":"https:\/\/www.urbidermis.com\/es\/vivero-belloch-forestal\/paulownia-tomentosa\/","name":"Paulownia tomentosa - Urbidermis","isPartOf":{"@id":"https:\/\/www.urbidermis.com\/es\/#website"},"primaryImageOfPage":{"@id":"https:\/\/www.urbidermis.com\/es\/vivero-belloch-forestal\/paulownia-tomentosa\/#primaryimage"},"image":{"@id":"https:\/\/www.urbidermis.com\/es\/vivero-belloch-forestal\/paulownia-tomentosa\/#primaryimage"},"thumbnailUrl":"https:\/\/www.urbidermis.com\/wp-content\/uploads\/20090818_Spain_Barcelona_Belloch_PAT_Equipo_Urbidermis_01.jpg","datePublished":"2022-04-11T09:05:40+00:00","dateModified":"2024-09-09T07:56:14+00:00","breadcrumb":{"@id":"https:\/\/www.urbidermis.com\/es\/vivero-belloch-forestal\/paulownia-tomentosa\/#breadcrumb"},"inLanguage":"es","potentialAction":[{"@type":"ReadAction","target":["https:\/\/www.urbidermis.com\/es\/vivero-belloch-forestal\/paulownia-tomentosa\/"]}]},{"@type":"ImageObject","inLanguage":"es","@id":"https:\/\/www.urbidermis.com\/es\/vivero-belloch-forestal\/paulownia-tomentosa\/#primaryimage","url":"https:\/\/www.urbidermis.com\/wp-content\/uploads\/20090818_Spain_Barcelona_Belloch_PAT_Equipo_Urbidermis_01.jpg","contentUrl":"https:\/\/www.urbidermis.com\/wp-content\/uploads\/20090818_Spain_Barcelona_Belloch_PAT_Equipo_Urbidermis_01.jpg","width":1143,"height":1600},{"@type":"BreadcrumbList","@id":"https:\/\/www.urbidermis.com\/es\/vivero-belloch-forestal\/paulownia-tomentosa\/#breadcrumb","itemListElement":[{"@type":"ListItem","position":1,"name":"Home","item":"https:\/\/www.urbidermis.com\/es\/"},{"@type":"ListItem","position":2,"name":"Productos","item":"https:\/\/www.urbidermis.com\/es\/productos\/"},{"@type":"ListItem","position":3,"name":"Paulownia tomentosa"}]},{"@type":"WebSite","@id":"https:\/\/www.urbidermis.com\/es\/#website","url":"https:\/\/www.urbidermis.com\/es\/","name":"Urbidermis","description":"Expertos en la ciudad","publisher":{"@id":"https:\/\/www.urbidermis.com\/es\/#organization"},"potentialAction":[{"@type":"SearchAction","target":{"@type":"EntryPoint","urlTemplate":"https:\/\/www.urbidermis.com\/es\/?s={search_term_string}"},"query-input":"required name=search_term_string"}],"inLanguage":"es"},{"@type":"Organization","@id":"https:\/\/www.urbidermis.com\/es\/#organization","name":"Urbidermis","url":"https:\/\/www.urbidermis.com\/es\/","logo":{"@type":"ImageObject","inLanguage":"es","@id":"https:\/\/www.urbidermis.com\/es\/#\/schema\/logo\/image\/","url":"https:\/\/www.urbidermis.com\/wp-content\/uploads\/logo_urbdermis-1.png","contentUrl":"https:\/\/www.urbidermis.com\/wp-content\/uploads\/logo_urbdermis-1.png","width":601,"height":1033,"caption":"Urbidermis"},"image":{"@id":"https:\/\/www.urbidermis.com\/es\/#\/schema\/logo\/image\/"}}]}},"_links":{"self":[{"href":"https:\/\/www.urbidermis.com\/es\/wp-json\/wp\/v2\/product\/9993"}],"collection":[{"href":"https:\/\/www.urbidermis.com\/es\/wp-json\/wp\/v2\/product"}],"about":[{"href":"https:\/\/www.urbidermis.com\/es\/wp-json\/wp\/v2\/types\/product"}],"wp:featuredmedia":[{"embeddable":true,"href":"https:\/\/www.urbidermis.com\/es\/wp-json\/wp\/v2\/media\/9517"}],"wp:attachment":[{"href":"https:\/\/www.urbidermis.com\/es\/wp-json\/wp\/v2\/media?parent=9993"}],"wp:term":[{"taxonomy":"product_cat","embeddable":true,"href":"https:\/\/www.urbidermis.com\/es\/wp-json\/wp\/v2\/product_cat?post=9993"},{"taxonomy":"product_tag","embeddable":true,"href":"https:\/\/www.urbidermis.com\/es\/wp-json\/wp\/v2\/product_tag?post=9993"}],"curies":[{"name":"wp","href":"https:\/\/api.w.org\/{rel}","templated":true}]}}