


{"id":8075,"date":"2022-05-12T14:08:43","date_gmt":"2022-05-12T14:08:43","guid":{"rendered":"https:\/\/ubweb21.urbidermis.com\/designers-2\/"},"modified":"2023-05-29T17:26:57","modified_gmt":"2023-05-29T15:26:57","slug":"designers","status":"publish","type":"page","link":"https:\/\/www.urbidermis.com\/fr\/designers\/","title":{"rendered":"Designers"},"content":{"rendered":"","protected":false},"excerpt":{"rendered":"","protected":false},"author":2,"featured_media":0,"parent":0,"menu_order":0,"comment_status":"closed","ping_status":"closed","template":"template-autores.php","meta":{"_acf_changed":false,"inline_featured_image":false,"footnotes":""},"acf":[],"yoast_head":"<!-- This site is optimized with the Yoast SEO plugin v22.8 - https:\/\/yoast.com\/wordpress\/plugins\/seo\/ -->\n<title>Designers - Urbidermis<\/title>\n<meta name=\"description\" content=\"Nous ne travaillons que sur des conceptions originales pouvant \u00eatre prot\u00e9g\u00e9es et nous d\u00e9fendons toujours nos droits et ceux de nos designers. Nous enregistrons et prot\u00e9geons nos produits dans le monde entier.\" \/>\n<meta name=\"robots\" content=\"index, follow, max-snippet:-1, max-image-preview:large, max-video-preview:-1\" \/>\n<link rel=\"canonical\" href=\"https:\/\/www.urbidermis.com\/fr\/designers\/\" \/>\n<meta property=\"og:locale\" content=\"fr_FR\" \/>\n<meta property=\"og:type\" content=\"article\" \/>\n<meta property=\"og:title\" content=\"Designers - Urbidermis\" \/>\n<meta property=\"og:description\" content=\"Nous ne travaillons que sur des conceptions originales pouvant \u00eatre prot\u00e9g\u00e9es et nous d\u00e9fendons toujours nos droits et ceux de nos designers. Nous enregistrons et prot\u00e9geons nos produits dans le monde entier.\" \/>\n<meta property=\"og:url\" content=\"https:\/\/www.urbidermis.com\/fr\/designers\/\" \/>\n<meta property=\"og:site_name\" content=\"Urbidermis\" \/>\n<meta property=\"article:modified_time\" content=\"2023-05-29T15:26:57+00:00\" \/>\n<meta name=\"twitter:card\" content=\"summary_large_image\" \/>\n<script type=\"application\/ld+json\" class=\"yoast-schema-graph\">{\"@context\":\"https:\/\/schema.org\",\"@graph\":[{\"@type\":\"WebPage\",\"@id\":\"https:\/\/www.urbidermis.com\/fr\/designers\/\",\"url\":\"https:\/\/www.urbidermis.com\/fr\/designers\/\",\"name\":\"Designers - Urbidermis\",\"isPartOf\":{\"@id\":\"https:\/\/www.urbidermis.com\/fr\/#website\"},\"datePublished\":\"2022-05-12T14:08:43+00:00\",\"dateModified\":\"2023-05-29T15:26:57+00:00\",\"description\":\"Nous ne travaillons que sur des conceptions originales pouvant \u00eatre prot\u00e9g\u00e9es et nous d\u00e9fendons toujours nos droits et ceux de nos designers. Nous enregistrons et prot\u00e9geons nos produits dans le monde entier.\",\"breadcrumb\":{\"@id\":\"https:\/\/www.urbidermis.com\/fr\/designers\/#breadcrumb\"},\"inLanguage\":\"fr-FR\",\"potentialAction\":[{\"@type\":\"ReadAction\",\"target\":[\"https:\/\/www.urbidermis.com\/fr\/designers\/\"]}]},{\"@type\":\"BreadcrumbList\",\"@id\":\"https:\/\/www.urbidermis.com\/fr\/designers\/#breadcrumb\",\"itemListElement\":[{\"@type\":\"ListItem\",\"position\":1,\"name\":\"Home\",\"item\":\"https:\/\/www.urbidermis.com\/fr\/\"},{\"@type\":\"ListItem\",\"position\":2,\"name\":\"Designers\"}]},{\"@type\":\"WebSite\",\"@id\":\"https:\/\/www.urbidermis.com\/fr\/#website\",\"url\":\"https:\/\/www.urbidermis.com\/fr\/\",\"name\":\"Urbidermis\",\"description\":\"Especialistas en la ciudad\",\"publisher\":{\"@id\":\"https:\/\/www.urbidermis.com\/fr\/#organization\"},\"potentialAction\":[{\"@type\":\"SearchAction\",\"target\":{\"@type\":\"EntryPoint\",\"urlTemplate\":\"https:\/\/www.urbidermis.com\/fr\/?s={search_term_string}\"},\"query-input\":\"required name=search_term_string\"}],\"inLanguage\":\"fr-FR\"},{\"@type\":\"Organization\",\"@id\":\"https:\/\/www.urbidermis.com\/fr\/#organization\",\"name\":\"Urbidermis\",\"url\":\"https:\/\/www.urbidermis.com\/fr\/\",\"logo\":{\"@type\":\"ImageObject\",\"inLanguage\":\"fr-FR\",\"@id\":\"https:\/\/www.urbidermis.com\/fr\/#\/schema\/logo\/image\/\",\"url\":\"https:\/\/www.urbidermis.com\/wp-content\/uploads\/logo_urbdermis-1.png\",\"contentUrl\":\"https:\/\/www.urbidermis.com\/wp-content\/uploads\/logo_urbdermis-1.png\",\"width\":601,\"height\":1033,\"caption\":\"Urbidermis\"},\"image\":{\"@id\":\"https:\/\/www.urbidermis.com\/fr\/#\/schema\/logo\/image\/\"}}]}<\/script>\n<!-- \/ Yoast SEO plugin. -->","yoast_head_json":{"title":"Designers - Urbidermis","description":"Nous ne travaillons que sur des conceptions originales pouvant \u00eatre prot\u00e9g\u00e9es et nous d\u00e9fendons toujours nos droits et ceux de nos designers. Nous enregistrons et prot\u00e9geons nos produits dans le monde entier.","robots":{"index":"index","follow":"follow","max-snippet":"max-snippet:-1","max-image-preview":"max-image-preview:large","max-video-preview":"max-video-preview:-1"},"canonical":"https:\/\/www.urbidermis.com\/fr\/designers\/","og_locale":"fr_FR","og_type":"article","og_title":"Designers - Urbidermis","og_description":"Nous ne travaillons que sur des conceptions originales pouvant \u00eatre prot\u00e9g\u00e9es et nous d\u00e9fendons toujours nos droits et ceux de nos designers. Nous enregistrons et prot\u00e9geons nos produits dans le monde entier.","og_url":"https:\/\/www.urbidermis.com\/fr\/designers\/","og_site_name":"Urbidermis","article_modified_time":"2023-05-29T15:26:57+00:00","twitter_card":"summary_large_image","schema":{"@context":"https:\/\/schema.org","@graph":[{"@type":"WebPage","@id":"https:\/\/www.urbidermis.com\/fr\/designers\/","url":"https:\/\/www.urbidermis.com\/fr\/designers\/","name":"Designers - Urbidermis","isPartOf":{"@id":"https:\/\/www.urbidermis.com\/fr\/#website"},"datePublished":"2022-05-12T14:08:43+00:00","dateModified":"2023-05-29T15:26:57+00:00","description":"Nous ne travaillons que sur des conceptions originales pouvant \u00eatre prot\u00e9g\u00e9es et nous d\u00e9fendons toujours nos droits et ceux de nos designers. Nous enregistrons et prot\u00e9geons nos produits dans le monde entier.","breadcrumb":{"@id":"https:\/\/www.urbidermis.com\/fr\/designers\/#breadcrumb"},"inLanguage":"fr-FR","potentialAction":[{"@type":"ReadAction","target":["https:\/\/www.urbidermis.com\/fr\/designers\/"]}]},{"@type":"BreadcrumbList","@id":"https:\/\/www.urbidermis.com\/fr\/designers\/#breadcrumb","itemListElement":[{"@type":"ListItem","position":1,"name":"Home","item":"https:\/\/www.urbidermis.com\/fr\/"},{"@type":"ListItem","position":2,"name":"Designers"}]},{"@type":"WebSite","@id":"https:\/\/www.urbidermis.com\/fr\/#website","url":"https:\/\/www.urbidermis.com\/fr\/","name":"Urbidermis","description":"Especialistas en la ciudad","publisher":{"@id":"https:\/\/www.urbidermis.com\/fr\/#organization"},"potentialAction":[{"@type":"SearchAction","target":{"@type":"EntryPoint","urlTemplate":"https:\/\/www.urbidermis.com\/fr\/?s={search_term_string}"},"query-input":"required name=search_term_string"}],"inLanguage":"fr-FR"},{"@type":"Organization","@id":"https:\/\/www.urbidermis.com\/fr\/#organization","name":"Urbidermis","url":"https:\/\/www.urbidermis.com\/fr\/","logo":{"@type":"ImageObject","inLanguage":"fr-FR","@id":"https:\/\/www.urbidermis.com\/fr\/#\/schema\/logo\/image\/","url":"https:\/\/www.urbidermis.com\/wp-content\/uploads\/logo_urbdermis-1.png","contentUrl":"https:\/\/www.urbidermis.com\/wp-content\/uploads\/logo_urbdermis-1.png","width":601,"height":1033,"caption":"Urbidermis"},"image":{"@id":"https:\/\/www.urbidermis.com\/fr\/#\/schema\/logo\/image\/"}}]}},"_links":{"self":[{"href":"https:\/\/www.urbidermis.com\/fr\/wp-json\/wp\/v2\/pages\/8075"}],"collection":[{"href":"https:\/\/www.urbidermis.com\/fr\/wp-json\/wp\/v2\/pages"}],"about":[{"href":"https:\/\/www.urbidermis.com\/fr\/wp-json\/wp\/v2\/types\/page"}],"author":[{"embeddable":true,"href":"https:\/\/www.urbidermis.com\/fr\/wp-json\/wp\/v2\/users\/2"}],"replies":[{"embeddable":true,"href":"https:\/\/www.urbidermis.com\/fr\/wp-json\/wp\/v2\/comments?post=8075"}],"version-history":[{"count":3,"href":"https:\/\/www.urbidermis.com\/fr\/wp-json\/wp\/v2\/pages\/8075\/revisions"}],"predecessor-version":[{"id":18115,"href":"https:\/\/www.urbidermis.com\/fr\/wp-json\/wp\/v2\/pages\/8075\/revisions\/18115"}],"wp:attachment":[{"href":"https:\/\/www.urbidermis.com\/fr\/wp-json\/wp\/v2\/media?parent=8075"}],"curies":[{"name":"wp","href":"https:\/\/api.w.org\/{rel}","templated":true}]}}