


{"id":10342,"date":"2022-06-20T11:12:01","date_gmt":"2022-06-20T11:12:01","guid":{"rendered":"https:\/\/ubweb21.urbidermis.com\/non%20class\u00e9\/dianella-caerulea-little-rev\/"},"modified":"2024-09-09T09:01:28","modified_gmt":"2024-09-09T07:01:28","slug":"dianella-caerulea-little-rev","status":"publish","type":"product","link":"https:\/\/www.urbidermis.com\/fr\/pepiniere-de-belloch-forestal\/dianella-caerulea-little-rev\/","title":{"rendered":"Dianella caerulea"},"content":{"rendered":"","protected":false},"excerpt":{"rendered":"<p>Avec ses contrastes gris-bleu sculpturaux, la Dianella caerulea Little Rev pousse \u00e0 la verticale sous forme de petits buissons. Son architecture et son feuillage d\u2019un grand contraste de couleurs ainsi que sa floraison printani\u00e8re sugg\u00e8rent des plantations group\u00e9es pour contraster avec le paysage.<\/p>\n","protected":false},"featured_media":10389,"template":"","meta":{"_acf_changed":false,"inline_featured_image":false},"product_cat":[259,256],"product_tag":[],"acf":{"activador_seccion_impacto_acvs_secctions_acvs":false,"texto_enlace_amplifyapp":"","codigos_acvs_matching_row-leds":null,"activator_acf_option_madera_text":false,"texto_bajo_btn_certificados":"","check_para_validar_no_secc_aplication":false,"is_protocolo_y_control_generic":false,"is_producto_residencial_para_mostrar_info_diferente":false,"is_plano_de_cotas_validator":false,"galeria_multidimension_imagenes_plano_de_cotas_proyector":null,"premios_producto_repeater":null,"participantes":"","autores":"","ano_creacion_producto":"","validacion_producto_descarga":false,"galeria_imagenes_repeater_libro":[{"imagen_item_gal":"[link_wp_dam_url ids=\"14414\"]","activar_video_item_gal":false,"portada_video_item_gal":null,"video_en_horizonal_item_gal":false,"video_item_gal":false},{"imagen_item_gal":"[link_wp_dam_url ids=\"14415\"]","activar_video_item_gal":false,"portada_video_item_gal":null,"video_en_horizonal_item_gal":false,"video_item_gal":false},{"imagen_item_gal":"[link_wp_dam_url ids=\"14416\"]","activar_video_item_gal":false,"portada_video_item_gal":null,"video_en_horizonal_item_gal":false,"video_item_gal":false}],"secciones_producto":[{"acf_fc_layout":"activar_esta_seccion_solo_plantas"},{"acf_fc_layout":"seccion_consulta_nuestros_expertos","imagen_de_fondo_single_producto":"[link_wp_dam_url ids=\"14413\"]","imagen_de_fondo_single_producto_mobile":"[link_wp_dam_url ids=\"14413\"]"},{"acf_fc_layout":"seccion_navtabs_imagen_dinamica_copia_estatica"}],"dist_simetrica":"","dist_asimetrica":"","dist_indirecta":"","dist_suelo":"","control":"","certificados":"","nombre_arbol_entre_comillas":"\"Little Rev\"","nombre_solo_plantas_field":"Little Rev","isbn_campo_texto":"","autor_book_publicacion_producto":"","idioma_campo_texto":"","enquadernacion_campo_texto":"","_numero_de_paginas_campo_texto":"","pdf_asociado_producto":"","resumen_libro":"","text_content_family_basic_information":"Xanthorrhoeaceae","text_content_family_basic_number_width":"30\/40","text_content_family_basic_number_height":"30\/40","text_content_planting_density":"6-10","flowers_option_colours":["lila"],"flowers_option_season":["spring"],"properties_option_pruning":["between_3_4"],"properties_option_watering":["for_first_8_13"],"properties_option_sun_exposure":["direct_sun_moderate"],"properties_option_minimum_temp":-6,"properties_option_soil_type":["soil_with_moderate_to_heavy_drainage"],"properties_option_fire":["retardant"],"properties_option_heat":["can_withstand"],"properties_option_moisture":["cannot_withstand"],"properties_option_dryness":["can_withstand"],"properties_option_coastal_area":["can_withstand"],"texto_introduccion_landing_custom":"","enlace_descubre_mas_custom":null,"selecciona_tipo_de_imagen_custom":[],"imagen_vertical_custom":"","imagen_horizontal_custom":"","opciones_de_texto_1":true,"opciones_de_texto_2":"","opciones_de_texto_3":[]},"yoast_head":"<!-- This site is optimized with the Yoast SEO plugin v22.8 - https:\/\/yoast.com\/wordpress\/plugins\/seo\/ -->\n<title>Dianella caerulea - Urbidermis<\/title>\n<meta name=\"robots\" content=\"index, follow, max-snippet:-1, max-image-preview:large, max-video-preview:-1\" \/>\n<link rel=\"canonical\" href=\"https:\/\/www.urbidermis.com\/fr\/pepiniere-de-belloch-forestal\/dianella-caerulea-little-rev\/\" \/>\n<meta property=\"og:locale\" content=\"fr_FR\" \/>\n<meta property=\"og:type\" content=\"article\" \/>\n<meta property=\"og:title\" content=\"Dianella caerulea - Urbidermis\" \/>\n<meta property=\"og:description\" content=\"Avec ses contrastes gris-bleu sculpturaux, la Dianella caerulea Little Rev pousse \u00e0 la verticale sous forme de petits buissons. Son architecture et son feuillage d\u2019un grand contraste de couleurs ainsi que sa floraison printani\u00e8re sugg\u00e8rent des plantations group\u00e9es pour contraster avec le paysage.\" \/>\n<meta property=\"og:url\" content=\"https:\/\/www.urbidermis.com\/fr\/pepiniere-de-belloch-forestal\/dianella-caerulea-little-rev\/\" \/>\n<meta property=\"og:site_name\" content=\"Urbidermis\" \/>\n<meta property=\"article:modified_time\" content=\"2024-09-09T07:01:28+00:00\" \/>\n<meta property=\"og:image\" content=\"https:\/\/www.urbidermis.com\/wp-content\/uploads\/20220620_SGDLR_Plantinova_11.jpg\" \/>\n\t<meta property=\"og:image:width\" content=\"929\" \/>\n\t<meta property=\"og:image:height\" content=\"1300\" \/>\n\t<meta property=\"og:image:type\" content=\"image\/jpeg\" \/>\n<meta name=\"twitter:card\" content=\"summary_large_image\" \/>\n<script type=\"application\/ld+json\" class=\"yoast-schema-graph\">{\"@context\":\"https:\/\/schema.org\",\"@graph\":[{\"@type\":\"WebPage\",\"@id\":\"https:\/\/www.urbidermis.com\/fr\/pepiniere-de-belloch-forestal\/dianella-caerulea-little-rev\/\",\"url\":\"https:\/\/www.urbidermis.com\/fr\/pepiniere-de-belloch-forestal\/dianella-caerulea-little-rev\/\",\"name\":\"Dianella caerulea - Urbidermis\",\"isPartOf\":{\"@id\":\"https:\/\/www.urbidermis.com\/fr\/#website\"},\"primaryImageOfPage\":{\"@id\":\"https:\/\/www.urbidermis.com\/fr\/pepiniere-de-belloch-forestal\/dianella-caerulea-little-rev\/#primaryimage\"},\"image\":{\"@id\":\"https:\/\/www.urbidermis.com\/fr\/pepiniere-de-belloch-forestal\/dianella-caerulea-little-rev\/#primaryimage\"},\"thumbnailUrl\":\"https:\/\/www.urbidermis.com\/wp-content\/uploads\/20220620_SGDLR_Plantinova_11.jpg\",\"datePublished\":\"2022-06-20T11:12:01+00:00\",\"dateModified\":\"2024-09-09T07:01:28+00:00\",\"breadcrumb\":{\"@id\":\"https:\/\/www.urbidermis.com\/fr\/pepiniere-de-belloch-forestal\/dianella-caerulea-little-rev\/#breadcrumb\"},\"inLanguage\":\"fr-FR\",\"potentialAction\":[{\"@type\":\"ReadAction\",\"target\":[\"https:\/\/www.urbidermis.com\/fr\/pepiniere-de-belloch-forestal\/dianella-caerulea-little-rev\/\"]}]},{\"@type\":\"ImageObject\",\"inLanguage\":\"fr-FR\",\"@id\":\"https:\/\/www.urbidermis.com\/fr\/pepiniere-de-belloch-forestal\/dianella-caerulea-little-rev\/#primaryimage\",\"url\":\"https:\/\/www.urbidermis.com\/wp-content\/uploads\/20220620_SGDLR_Plantinova_11.jpg\",\"contentUrl\":\"https:\/\/www.urbidermis.com\/wp-content\/uploads\/20220620_SGDLR_Plantinova_11.jpg\",\"width\":929,\"height\":1300},{\"@type\":\"BreadcrumbList\",\"@id\":\"https:\/\/www.urbidermis.com\/fr\/pepiniere-de-belloch-forestal\/dianella-caerulea-little-rev\/#breadcrumb\",\"itemListElement\":[{\"@type\":\"ListItem\",\"position\":1,\"name\":\"Home\",\"item\":\"https:\/\/www.urbidermis.com\/fr\/\"},{\"@type\":\"ListItem\",\"position\":2,\"name\":\"Produits\",\"item\":\"https:\/\/www.urbidermis.com\/fr\/produits\/\"},{\"@type\":\"ListItem\",\"position\":3,\"name\":\"Dianella caerulea\"}]},{\"@type\":\"WebSite\",\"@id\":\"https:\/\/www.urbidermis.com\/fr\/#website\",\"url\":\"https:\/\/www.urbidermis.com\/fr\/\",\"name\":\"Urbidermis\",\"description\":\"Especialistas en la ciudad\",\"publisher\":{\"@id\":\"https:\/\/www.urbidermis.com\/fr\/#organization\"},\"potentialAction\":[{\"@type\":\"SearchAction\",\"target\":{\"@type\":\"EntryPoint\",\"urlTemplate\":\"https:\/\/www.urbidermis.com\/fr\/?s={search_term_string}\"},\"query-input\":\"required name=search_term_string\"}],\"inLanguage\":\"fr-FR\"},{\"@type\":\"Organization\",\"@id\":\"https:\/\/www.urbidermis.com\/fr\/#organization\",\"name\":\"Urbidermis\",\"url\":\"https:\/\/www.urbidermis.com\/fr\/\",\"logo\":{\"@type\":\"ImageObject\",\"inLanguage\":\"fr-FR\",\"@id\":\"https:\/\/www.urbidermis.com\/fr\/#\/schema\/logo\/image\/\",\"url\":\"https:\/\/www.urbidermis.com\/wp-content\/uploads\/logo_urbdermis-1.png\",\"contentUrl\":\"https:\/\/www.urbidermis.com\/wp-content\/uploads\/logo_urbdermis-1.png\",\"width\":601,\"height\":1033,\"caption\":\"Urbidermis\"},\"image\":{\"@id\":\"https:\/\/www.urbidermis.com\/fr\/#\/schema\/logo\/image\/\"}}]}<\/script>\n<!-- \/ Yoast SEO plugin. -->","yoast_head_json":{"title":"Dianella caerulea - Urbidermis","robots":{"index":"index","follow":"follow","max-snippet":"max-snippet:-1","max-image-preview":"max-image-preview:large","max-video-preview":"max-video-preview:-1"},"canonical":"https:\/\/www.urbidermis.com\/fr\/pepiniere-de-belloch-forestal\/dianella-caerulea-little-rev\/","og_locale":"fr_FR","og_type":"article","og_title":"Dianella caerulea - Urbidermis","og_description":"Avec ses contrastes gris-bleu sculpturaux, la Dianella caerulea Little Rev pousse \u00e0 la verticale sous forme de petits buissons. Son architecture et son feuillage d\u2019un grand contraste de couleurs ainsi que sa floraison printani\u00e8re sugg\u00e8rent des plantations group\u00e9es pour contraster avec le paysage.","og_url":"https:\/\/www.urbidermis.com\/fr\/pepiniere-de-belloch-forestal\/dianella-caerulea-little-rev\/","og_site_name":"Urbidermis","article_modified_time":"2024-09-09T07:01:28+00:00","og_image":[{"width":929,"height":1300,"url":"https:\/\/www.urbidermis.com\/wp-content\/uploads\/20220620_SGDLR_Plantinova_11.jpg","type":"image\/jpeg"}],"twitter_card":"summary_large_image","schema":{"@context":"https:\/\/schema.org","@graph":[{"@type":"WebPage","@id":"https:\/\/www.urbidermis.com\/fr\/pepiniere-de-belloch-forestal\/dianella-caerulea-little-rev\/","url":"https:\/\/www.urbidermis.com\/fr\/pepiniere-de-belloch-forestal\/dianella-caerulea-little-rev\/","name":"Dianella caerulea - Urbidermis","isPartOf":{"@id":"https:\/\/www.urbidermis.com\/fr\/#website"},"primaryImageOfPage":{"@id":"https:\/\/www.urbidermis.com\/fr\/pepiniere-de-belloch-forestal\/dianella-caerulea-little-rev\/#primaryimage"},"image":{"@id":"https:\/\/www.urbidermis.com\/fr\/pepiniere-de-belloch-forestal\/dianella-caerulea-little-rev\/#primaryimage"},"thumbnailUrl":"https:\/\/www.urbidermis.com\/wp-content\/uploads\/20220620_SGDLR_Plantinova_11.jpg","datePublished":"2022-06-20T11:12:01+00:00","dateModified":"2024-09-09T07:01:28+00:00","breadcrumb":{"@id":"https:\/\/www.urbidermis.com\/fr\/pepiniere-de-belloch-forestal\/dianella-caerulea-little-rev\/#breadcrumb"},"inLanguage":"fr-FR","potentialAction":[{"@type":"ReadAction","target":["https:\/\/www.urbidermis.com\/fr\/pepiniere-de-belloch-forestal\/dianella-caerulea-little-rev\/"]}]},{"@type":"ImageObject","inLanguage":"fr-FR","@id":"https:\/\/www.urbidermis.com\/fr\/pepiniere-de-belloch-forestal\/dianella-caerulea-little-rev\/#primaryimage","url":"https:\/\/www.urbidermis.com\/wp-content\/uploads\/20220620_SGDLR_Plantinova_11.jpg","contentUrl":"https:\/\/www.urbidermis.com\/wp-content\/uploads\/20220620_SGDLR_Plantinova_11.jpg","width":929,"height":1300},{"@type":"BreadcrumbList","@id":"https:\/\/www.urbidermis.com\/fr\/pepiniere-de-belloch-forestal\/dianella-caerulea-little-rev\/#breadcrumb","itemListElement":[{"@type":"ListItem","position":1,"name":"Home","item":"https:\/\/www.urbidermis.com\/fr\/"},{"@type":"ListItem","position":2,"name":"Produits","item":"https:\/\/www.urbidermis.com\/fr\/produits\/"},{"@type":"ListItem","position":3,"name":"Dianella caerulea"}]},{"@type":"WebSite","@id":"https:\/\/www.urbidermis.com\/fr\/#website","url":"https:\/\/www.urbidermis.com\/fr\/","name":"Urbidermis","description":"Especialistas en la ciudad","publisher":{"@id":"https:\/\/www.urbidermis.com\/fr\/#organization"},"potentialAction":[{"@type":"SearchAction","target":{"@type":"EntryPoint","urlTemplate":"https:\/\/www.urbidermis.com\/fr\/?s={search_term_string}"},"query-input":"required name=search_term_string"}],"inLanguage":"fr-FR"},{"@type":"Organization","@id":"https:\/\/www.urbidermis.com\/fr\/#organization","name":"Urbidermis","url":"https:\/\/www.urbidermis.com\/fr\/","logo":{"@type":"ImageObject","inLanguage":"fr-FR","@id":"https:\/\/www.urbidermis.com\/fr\/#\/schema\/logo\/image\/","url":"https:\/\/www.urbidermis.com\/wp-content\/uploads\/logo_urbdermis-1.png","contentUrl":"https:\/\/www.urbidermis.com\/wp-content\/uploads\/logo_urbdermis-1.png","width":601,"height":1033,"caption":"Urbidermis"},"image":{"@id":"https:\/\/www.urbidermis.com\/fr\/#\/schema\/logo\/image\/"}}]}},"_links":{"self":[{"href":"https:\/\/www.urbidermis.com\/fr\/wp-json\/wp\/v2\/product\/10342"}],"collection":[{"href":"https:\/\/www.urbidermis.com\/fr\/wp-json\/wp\/v2\/product"}],"about":[{"href":"https:\/\/www.urbidermis.com\/fr\/wp-json\/wp\/v2\/types\/product"}],"wp:featuredmedia":[{"embeddable":true,"href":"https:\/\/www.urbidermis.com\/fr\/wp-json\/wp\/v2\/media\/10389"}],"wp:attachment":[{"href":"https:\/\/www.urbidermis.com\/fr\/wp-json\/wp\/v2\/media?parent=10342"}],"wp:term":[{"taxonomy":"product_cat","embeddable":true,"href":"https:\/\/www.urbidermis.com\/fr\/wp-json\/wp\/v2\/product_cat?post=10342"},{"taxonomy":"product_tag","embeddable":true,"href":"https:\/\/www.urbidermis.com\/fr\/wp-json\/wp\/v2\/product_tag?post=10342"}],"curies":[{"name":"wp","href":"https:\/\/api.w.org\/{rel}","templated":true}]}}