


{"id":24378,"date":"2024-07-11T12:52:47","date_gmt":"2024-07-11T13:34:30","guid":{"rendered":"https:\/\/www.urbidermis.com\/?post_type=product&#038;p=24378"},"modified":"2024-07-11T15:34:31","modified_gmt":"2024-07-11T13:34:31","slug":"lo-esencial-el-diseno-y-otras-cosas-de-la-vida","status":"publish","type":"product","link":"https:\/\/www.urbidermis.com\/fr\/livre\/lo-esencial-el-diseno-y-otras-cosas-de-la-vida\/","title":{"rendered":"Lo esencial. El dise\u00f1o y otras cosas de la vida"},"content":{"rendered":"","protected":false},"excerpt":{"rendered":"","protected":false},"featured_media":24372,"template":"","meta":{"_acf_changed":false,"inline_featured_image":false},"product_cat":[1407],"product_tag":[],"acf":{"activador_seccion_impacto_acvs_secctions_acvs":false,"texto_enlace_amplifyapp":"","codigos_acvs_matching_row-leds":null,"activator_acf_option_madera_text":false,"texto_bajo_btn_certificados":"","check_para_validar_no_secc_aplication":false,"is_protocolo_y_control_generic":false,"is_producto_residencial_para_mostrar_info_diferente":false,"is_plano_de_cotas_validator":false,"galeria_multidimension_imagenes_plano_de_cotas_proyector":null,"premios_producto_repeater":null,"participantes":"","autores":"","ano_creacion_producto":"2019","validacion_producto_descarga":true,"galeria_imagenes_repeater_libro":[{"imagen_item_gal":"[link_wp_dam_url ids=\"14654\"]","activar_video_item_gal":false,"portada_video_item_gal":null,"video_en_horizonal_item_gal":false,"video_item_gal":false},{"imagen_item_gal":"[link_wp_dam_url ids=\"14655\"]","activar_video_item_gal":false,"portada_video_item_gal":null,"video_en_horizonal_item_gal":false,"video_item_gal":false},{"imagen_item_gal":"[link_wp_dam_url ids=\"14656\"]","activar_video_item_gal":false,"portada_video_item_gal":null,"video_en_horizonal_item_gal":false,"video_item_gal":false},{"imagen_item_gal":"[link_wp_dam_url ids=\"14657\"]","activar_video_item_gal":false,"portada_video_item_gal":null,"video_en_horizonal_item_gal":false,"video_item_gal":false},{"imagen_item_gal":"[link_wp_dam_url ids=\"14658\"]","activar_video_item_gal":false,"portada_video_item_gal":null,"video_en_horizonal_item_gal":false,"video_item_gal":false}],"secciones_producto":null,"dist_simetrica":"","dist_asimetrica":"","dist_indirecta":"","dist_suelo":"","control":"","certificados":"","nombre_arbol_entre_comillas":"","nombre_solo_plantas_field":"","isbn_campo_texto":"978-84-264-0565-4","autor_book_publicacion_producto":"Miguel Mil\u00e1","idioma_campo_texto":"Espagnol","enquadernacion_campo_texto":"Cartonn\u00e9, 18.2 cm x 23.7 cm \/ 7.17\u2033 x 9.33\u2033","_numero_de_paginas_campo_texto":"220","pdf_asociado_producto":"","resumen_libro":"Ses lampes, ses chaises en osier et ses bancs barcelonais embl\u00e9matiques font d\u00e9j\u00e0 partie de notre imaginaire, mais son \u0153uvre est bien plus vaste, toujours attentive aux besoins humains et poss\u00e9dant un sens profond de la fonctionnalit\u00e9 et de l'esth\u00e9tique. Miguel Mil\u00e1 a \u00e9galement \u00e9t\u00e9 un \u00e9cologiste avant l'heure et un d\u00e9fenseur de \u00ab l'essentiel \u00bb et de \u00ab l'\u00e9motion \u00bb consid\u00e9r\u00e9s comme des \u00e9l\u00e9ments d\u00e9cisifs dans le design.\r\n\r\nIl y a eu des livres analysant son \u0153uvre, et un documentaire important, mais jamais auparavant un \u00ab Mil\u00e1 par Mil\u00e1 \u00bb. Dans Lo esencial y otras cosas de la vida (Le design et d\u2019autres choses de la vie), Mil\u00e1 parle de lui-m\u00eame, de son \u0153uvre, de ses principes et de ses id\u00e9es, mais aussi de sa famille (si li\u00e9e \u00e0 l'histoire de Barcelone), de sa propre vie et de l'\u00e9ducation de ses enfants.\r\n\r\nCe n'est pas un livre pour les designers ou que pour eux. Les conseils pratiques de cet artiste laur\u00e9at qui se d\u00e9finit lui-m\u00eame comme \u00ab un inventeur et un bricoleur \u00bb nous aident \u00e0 repr\u00e9senter notre monde personnel, \u00e0 nous entourer d'objets beaux et utiles (\u00ab une lampe passe beaucoup plus de temps \u00e9teinte qu'allum\u00e9e \u00bb, nous rappelle Mil\u00e1), \u00e0 distinguer les aberrations du design (comme les lavabos ou les assiettes carr\u00e9es), \u00e0 reconna\u00eetre ce qui est vraiment important (\u00ab le simple est compliqu\u00e9 \u00e0 obtenir \u00bb), \u00e0 vivre en harmonie avec les \u00e9l\u00e9ments et la nature, mais aussi avec les autres, \u00e0 commencer par notre propre famille (\u00ab sois utile et on t'utilisera \u00bb).\r\n\r\n<em>Lo esencial<\/em> est l'h\u00e9ritage th\u00e9orique et vital de l'un de nos meilleurs designers, dont l'\u0153uvre confirme la d\u00e9finition de \u00ab classique \u00bb : ce qui ne peut pas \u00eatre mieux fait.","text_content_family_basic_information":"","text_content_family_basic_number_width":"","text_content_family_basic_number_height":"","text_content_planting_density":"","flowers_option_colours":[],"flowers_option_season":[],"properties_option_pruning":[],"properties_option_watering":[],"properties_option_sun_exposure":[],"properties_option_minimum_temp":"","properties_option_soil_type":[],"properties_option_fire":[],"properties_option_heat":[],"properties_option_moisture":[],"properties_option_dryness":[],"properties_option_coastal_area":[],"texto_introduccion_landing_custom":"","enlace_descubre_mas_custom":null,"selecciona_tipo_de_imagen_custom":[],"imagen_vertical_custom":"","imagen_horizontal_custom":"","opciones_de_texto_1":true,"opciones_de_texto_2":"","opciones_de_texto_3":[]},"yoast_head":"<!-- This site is optimized with the Yoast SEO plugin v22.8 - https:\/\/yoast.com\/wordpress\/plugins\/seo\/ -->\n<title>Lo esencial. El dise\u00f1o y otras cosas de la vida - Urbidermis<\/title>\n<meta name=\"robots\" content=\"index, follow, max-snippet:-1, max-image-preview:large, max-video-preview:-1\" \/>\n<link rel=\"canonical\" href=\"https:\/\/www.urbidermis.com\/fr\/livre\/lo-esencial-el-diseno-y-otras-cosas-de-la-vida\/\" \/>\n<meta property=\"og:locale\" content=\"fr_FR\" \/>\n<meta property=\"og:type\" content=\"article\" \/>\n<meta property=\"og:title\" content=\"Lo esencial. El dise\u00f1o y otras cosas de la vida - Urbidermis\" \/>\n<meta property=\"og:url\" content=\"https:\/\/www.urbidermis.com\/fr\/livre\/lo-esencial-el-diseno-y-otras-cosas-de-la-vida\/\" \/>\n<meta property=\"og:site_name\" content=\"Urbidermis\" \/>\n<meta property=\"article:modified_time\" content=\"2024-07-11T13:34:31+00:00\" \/>\n<meta property=\"og:image\" content=\"https:\/\/www.urbidermis.com\/wp-content\/uploads\/Portada_Miguel-Mila.-Lo-esencial-1.jpg\" \/>\n\t<meta property=\"og:image:width\" content=\"1600\" \/>\n\t<meta property=\"og:image:height\" content=\"2400\" \/>\n\t<meta property=\"og:image:type\" content=\"image\/jpeg\" \/>\n<meta name=\"twitter:card\" content=\"summary_large_image\" \/>\n<script type=\"application\/ld+json\" class=\"yoast-schema-graph\">{\"@context\":\"https:\/\/schema.org\",\"@graph\":[{\"@type\":\"WebPage\",\"@id\":\"https:\/\/www.urbidermis.com\/fr\/livre\/lo-esencial-el-diseno-y-otras-cosas-de-la-vida\/\",\"url\":\"https:\/\/www.urbidermis.com\/fr\/livre\/lo-esencial-el-diseno-y-otras-cosas-de-la-vida\/\",\"name\":\"Lo esencial. El dise\u00f1o y otras cosas de la vida - Urbidermis\",\"isPartOf\":{\"@id\":\"https:\/\/www.urbidermis.com\/fr\/#website\"},\"primaryImageOfPage\":{\"@id\":\"https:\/\/www.urbidermis.com\/fr\/livre\/lo-esencial-el-diseno-y-otras-cosas-de-la-vida\/#primaryimage\"},\"image\":{\"@id\":\"https:\/\/www.urbidermis.com\/fr\/livre\/lo-esencial-el-diseno-y-otras-cosas-de-la-vida\/#primaryimage\"},\"thumbnailUrl\":\"https:\/\/www.urbidermis.com\/wp-content\/uploads\/Portada_Miguel-Mila.-Lo-esencial-1.jpg\",\"datePublished\":\"2024-07-11T13:34:30+00:00\",\"dateModified\":\"2024-07-11T13:34:31+00:00\",\"breadcrumb\":{\"@id\":\"https:\/\/www.urbidermis.com\/fr\/livre\/lo-esencial-el-diseno-y-otras-cosas-de-la-vida\/#breadcrumb\"},\"inLanguage\":\"fr-FR\",\"potentialAction\":[{\"@type\":\"ReadAction\",\"target\":[\"https:\/\/www.urbidermis.com\/fr\/livre\/lo-esencial-el-diseno-y-otras-cosas-de-la-vida\/\"]}]},{\"@type\":\"ImageObject\",\"inLanguage\":\"fr-FR\",\"@id\":\"https:\/\/www.urbidermis.com\/fr\/livre\/lo-esencial-el-diseno-y-otras-cosas-de-la-vida\/#primaryimage\",\"url\":\"https:\/\/www.urbidermis.com\/wp-content\/uploads\/Portada_Miguel-Mila.-Lo-esencial-1.jpg\",\"contentUrl\":\"https:\/\/www.urbidermis.com\/wp-content\/uploads\/Portada_Miguel-Mila.-Lo-esencial-1.jpg\",\"width\":1600,\"height\":2400},{\"@type\":\"BreadcrumbList\",\"@id\":\"https:\/\/www.urbidermis.com\/fr\/livre\/lo-esencial-el-diseno-y-otras-cosas-de-la-vida\/#breadcrumb\",\"itemListElement\":[{\"@type\":\"ListItem\",\"position\":1,\"name\":\"Home\",\"item\":\"https:\/\/www.urbidermis.com\/fr\/\"},{\"@type\":\"ListItem\",\"position\":2,\"name\":\"Produits\",\"item\":\"https:\/\/www.urbidermis.com\/fr\/produits\/\"},{\"@type\":\"ListItem\",\"position\":3,\"name\":\"Lo esencial. El dise\u00f1o y otras cosas de la vida\"}]},{\"@type\":\"WebSite\",\"@id\":\"https:\/\/www.urbidermis.com\/fr\/#website\",\"url\":\"https:\/\/www.urbidermis.com\/fr\/\",\"name\":\"Urbidermis\",\"description\":\"Especialistas en la ciudad\",\"publisher\":{\"@id\":\"https:\/\/www.urbidermis.com\/fr\/#organization\"},\"potentialAction\":[{\"@type\":\"SearchAction\",\"target\":{\"@type\":\"EntryPoint\",\"urlTemplate\":\"https:\/\/www.urbidermis.com\/fr\/?s={search_term_string}\"},\"query-input\":\"required name=search_term_string\"}],\"inLanguage\":\"fr-FR\"},{\"@type\":\"Organization\",\"@id\":\"https:\/\/www.urbidermis.com\/fr\/#organization\",\"name\":\"Urbidermis\",\"url\":\"https:\/\/www.urbidermis.com\/fr\/\",\"logo\":{\"@type\":\"ImageObject\",\"inLanguage\":\"fr-FR\",\"@id\":\"https:\/\/www.urbidermis.com\/fr\/#\/schema\/logo\/image\/\",\"url\":\"https:\/\/www.urbidermis.com\/wp-content\/uploads\/logo_urbdermis-1.png\",\"contentUrl\":\"https:\/\/www.urbidermis.com\/wp-content\/uploads\/logo_urbdermis-1.png\",\"width\":601,\"height\":1033,\"caption\":\"Urbidermis\"},\"image\":{\"@id\":\"https:\/\/www.urbidermis.com\/fr\/#\/schema\/logo\/image\/\"}}]}<\/script>\n<!-- \/ Yoast SEO plugin. -->","yoast_head_json":{"title":"Lo esencial. El dise\u00f1o y otras cosas de la vida - Urbidermis","robots":{"index":"index","follow":"follow","max-snippet":"max-snippet:-1","max-image-preview":"max-image-preview:large","max-video-preview":"max-video-preview:-1"},"canonical":"https:\/\/www.urbidermis.com\/fr\/livre\/lo-esencial-el-diseno-y-otras-cosas-de-la-vida\/","og_locale":"fr_FR","og_type":"article","og_title":"Lo esencial. El dise\u00f1o y otras cosas de la vida - Urbidermis","og_url":"https:\/\/www.urbidermis.com\/fr\/livre\/lo-esencial-el-diseno-y-otras-cosas-de-la-vida\/","og_site_name":"Urbidermis","article_modified_time":"2024-07-11T13:34:31+00:00","og_image":[{"width":1600,"height":2400,"url":"https:\/\/www.urbidermis.com\/wp-content\/uploads\/Portada_Miguel-Mila.-Lo-esencial-1.jpg","type":"image\/jpeg"}],"twitter_card":"summary_large_image","schema":{"@context":"https:\/\/schema.org","@graph":[{"@type":"WebPage","@id":"https:\/\/www.urbidermis.com\/fr\/livre\/lo-esencial-el-diseno-y-otras-cosas-de-la-vida\/","url":"https:\/\/www.urbidermis.com\/fr\/livre\/lo-esencial-el-diseno-y-otras-cosas-de-la-vida\/","name":"Lo esencial. El dise\u00f1o y otras cosas de la vida - Urbidermis","isPartOf":{"@id":"https:\/\/www.urbidermis.com\/fr\/#website"},"primaryImageOfPage":{"@id":"https:\/\/www.urbidermis.com\/fr\/livre\/lo-esencial-el-diseno-y-otras-cosas-de-la-vida\/#primaryimage"},"image":{"@id":"https:\/\/www.urbidermis.com\/fr\/livre\/lo-esencial-el-diseno-y-otras-cosas-de-la-vida\/#primaryimage"},"thumbnailUrl":"https:\/\/www.urbidermis.com\/wp-content\/uploads\/Portada_Miguel-Mila.-Lo-esencial-1.jpg","datePublished":"2024-07-11T13:34:30+00:00","dateModified":"2024-07-11T13:34:31+00:00","breadcrumb":{"@id":"https:\/\/www.urbidermis.com\/fr\/livre\/lo-esencial-el-diseno-y-otras-cosas-de-la-vida\/#breadcrumb"},"inLanguage":"fr-FR","potentialAction":[{"@type":"ReadAction","target":["https:\/\/www.urbidermis.com\/fr\/livre\/lo-esencial-el-diseno-y-otras-cosas-de-la-vida\/"]}]},{"@type":"ImageObject","inLanguage":"fr-FR","@id":"https:\/\/www.urbidermis.com\/fr\/livre\/lo-esencial-el-diseno-y-otras-cosas-de-la-vida\/#primaryimage","url":"https:\/\/www.urbidermis.com\/wp-content\/uploads\/Portada_Miguel-Mila.-Lo-esencial-1.jpg","contentUrl":"https:\/\/www.urbidermis.com\/wp-content\/uploads\/Portada_Miguel-Mila.-Lo-esencial-1.jpg","width":1600,"height":2400},{"@type":"BreadcrumbList","@id":"https:\/\/www.urbidermis.com\/fr\/livre\/lo-esencial-el-diseno-y-otras-cosas-de-la-vida\/#breadcrumb","itemListElement":[{"@type":"ListItem","position":1,"name":"Home","item":"https:\/\/www.urbidermis.com\/fr\/"},{"@type":"ListItem","position":2,"name":"Produits","item":"https:\/\/www.urbidermis.com\/fr\/produits\/"},{"@type":"ListItem","position":3,"name":"Lo esencial. El dise\u00f1o y otras cosas de la vida"}]},{"@type":"WebSite","@id":"https:\/\/www.urbidermis.com\/fr\/#website","url":"https:\/\/www.urbidermis.com\/fr\/","name":"Urbidermis","description":"Especialistas en la ciudad","publisher":{"@id":"https:\/\/www.urbidermis.com\/fr\/#organization"},"potentialAction":[{"@type":"SearchAction","target":{"@type":"EntryPoint","urlTemplate":"https:\/\/www.urbidermis.com\/fr\/?s={search_term_string}"},"query-input":"required name=search_term_string"}],"inLanguage":"fr-FR"},{"@type":"Organization","@id":"https:\/\/www.urbidermis.com\/fr\/#organization","name":"Urbidermis","url":"https:\/\/www.urbidermis.com\/fr\/","logo":{"@type":"ImageObject","inLanguage":"fr-FR","@id":"https:\/\/www.urbidermis.com\/fr\/#\/schema\/logo\/image\/","url":"https:\/\/www.urbidermis.com\/wp-content\/uploads\/logo_urbdermis-1.png","contentUrl":"https:\/\/www.urbidermis.com\/wp-content\/uploads\/logo_urbdermis-1.png","width":601,"height":1033,"caption":"Urbidermis"},"image":{"@id":"https:\/\/www.urbidermis.com\/fr\/#\/schema\/logo\/image\/"}}]}},"_links":{"self":[{"href":"https:\/\/www.urbidermis.com\/fr\/wp-json\/wp\/v2\/product\/24378"}],"collection":[{"href":"https:\/\/www.urbidermis.com\/fr\/wp-json\/wp\/v2\/product"}],"about":[{"href":"https:\/\/www.urbidermis.com\/fr\/wp-json\/wp\/v2\/types\/product"}],"wp:featuredmedia":[{"embeddable":true,"href":"https:\/\/www.urbidermis.com\/fr\/wp-json\/wp\/v2\/media\/24372"}],"wp:attachment":[{"href":"https:\/\/www.urbidermis.com\/fr\/wp-json\/wp\/v2\/media?parent=24378"}],"wp:term":[{"taxonomy":"product_cat","embeddable":true,"href":"https:\/\/www.urbidermis.com\/fr\/wp-json\/wp\/v2\/product_cat?post=24378"},{"taxonomy":"product_tag","embeddable":true,"href":"https:\/\/www.urbidermis.com\/fr\/wp-json\/wp\/v2\/product_tag?post=24378"}],"curies":[{"name":"wp","href":"https:\/\/api.w.org\/{rel}","templated":true}]}}