


{"id":26755,"date":"2025-05-15T13:07:48","date_gmt":"2025-05-15T15:00:00","guid":{"rendered":"https:\/\/www.urbidermis.com\/?post_type=product&#038;p=26755"},"modified":"2025-10-31T12:02:21","modified_gmt":"2025-10-31T10:02:21","slug":"solana","status":"publish","type":"product","link":"https:\/\/www.urbidermis.com\/fr\/mobilier-urbain\/solana\/","title":{"rendered":"Solana"},"content":{"rendered":"","protected":false},"excerpt":{"rendered":"<p>Solana est une jardini\u00e8re intelligente qui transforme les espaces urbains en environnements verts, tout en r\u00e9duisant la consommation d\u2019eau et les interventions de maintenance, pour une gestion urbaine plus durable.<\/p>\n","protected":false},"featured_media":26739,"template":"","meta":{"_acf_changed":false,"inline_featured_image":false},"product_cat":[263,242],"product_tag":[],"acf":{"activador_seccion_impacto_acvs_secctions_acvs":false,"codigos_acvs_matching_row-leds":null,"activator_acf_option_madera_text":false,"texto_bajo_btn_certificados":"","check_para_validar_no_secc_aplication":false,"is_protocolo_y_control_generic":false,"is_producto_residencial_para_mostrar_info_diferente":false,"is_plano_de_cotas_validator":true,"galeria_multidimension_imagenes_plano_de_cotas_proyector":[{"texto_pestana_plano_galeria":"Jardini\u00e8re","imagen_plano_de_cotas":"[link_wp_dam_url ids=\"18196\"]"}],"premios_producto_repeater":null,"participantes":"","autores":[2783],"ano_creacion_producto":"2023","validacion_producto_descarga":true,"galeria_imagenes_repeater_libro":[{"imagen_item_gal":"[link_wp_dam_url ids=\"18190\"]","activar_video_item_gal":false,"portada_video_item_gal":null,"video_en_horizonal_item_gal":false,"video_item_gal":false},{"imagen_item_gal":"[link_wp_dam_url ids=\"18193\"]","activar_video_item_gal":false,"portada_video_item_gal":null,"video_en_horizonal_item_gal":false,"video_item_gal":false},{"imagen_item_gal":"","activar_video_item_gal":true,"portada_video_item_gal":"","video_en_horizonal_item_gal":false,"video_item_gal":"1127474745"},{"imagen_item_gal":"[link_wp_dam_url ids=\"18203\"]","activar_video_item_gal":false,"portada_video_item_gal":null,"video_en_horizonal_item_gal":false,"video_item_gal":false},{"imagen_item_gal":"[link_wp_dam_url ids=\"18518\"]","activar_video_item_gal":false,"portada_video_item_gal":null,"video_en_horizonal_item_gal":false,"video_item_gal":false},{"imagen_item_gal":"[link_wp_dam_url ids=\"18519\"]","activar_video_item_gal":false,"portada_video_item_gal":null,"video_en_horizonal_item_gal":false,"video_item_gal":"1090126581"}],"secciones_producto":[{"acf_fc_layout":"seccion_navtabs_imagen_dinamica","title_group":{"title_tag":"h2","title_txt":"Une technologie pour transformer la gestion de l\u2019espace urbain"},"texto_intro_principal":true,"texto_introductorio":"Solana est bien plus qu\u2019une simple jardini\u00e8re : c\u2019est un syst\u00e8me modulaire capable de s\u2019adapter \u00e0 toutes les \u00e9chelles urbaines. Plusieurs jardini\u00e8res interconnect\u00e9es forment une infrastructure verte distribu\u00e9e, con\u00e7ue pour faciliter la maintenance, optimiser les interventions et am\u00e9liorer la planification urbaine, transformant rues, places et espaces publics en \u00e9cosyst\u00e8mes intelligents et durables.","ventanas_detalles_producto":[{"title_group_producto_grid_single":{"title_tag":"h2","title_txt":"Fonctionnalit\u00e9s"},"imagen_de_fondo_dinamic_single_producto":"","texto_contenido_ventana":true,"contenido_tabs_producto":"La jardini\u00e8re est con\u00e7ue pour r\u00e9duire les co\u00fbts de maintenance, optimiser les ressources et permettre la supervision depuis n\u2019importe quel appareil gr\u00e2ce \u00e0 l\u2019application Urbidata.","acordion":true,"preguntas_y_respuestas":[{"pregunta":"Configuration","respuesta":"<ul>\r\n \t<li>Arrosage automatique.<\/li>\r\n \t<li>Arrosage de survie.<\/li>\r\n \t<li>Sans arrosage.<\/li>\r\n<\/ul>"},{"pregunta":"Surveillance","respuesta":"<ul>\r\n \t<li>Temp\u00e9rature et humidit\u00e9 du substrat.<\/li>\r\n \t<li>D\u00e9tection du niveau d\u2019eau dans le r\u00e9servoir.<\/li>\r\n \t<li>D\u00e9tection des chocs et des d\u00e9placements.<\/li>\r\n \t<li>D\u00e9tection des acc\u00e8s de maintenance.<\/li>\r\n \t<li>Analyse de l\u2019\u00e9tat de la batterie.<\/li>\r\n \t<li>Pr\u00e9vision m\u00e9t\u00e9orologique.<\/li>\r\n<\/ul>"},{"pregunta":"Notifications","respuesta":"Push, e-mail, WhatsApp ou SMS :\r\n<ul>\r\n \t<li>Arrosages<\/li>\r\n \t<li>R\u00e9servoir<\/li>\r\n \t<li>Chocs<\/li>\r\n \t<li>Acc\u00e8s<\/li>\r\n \t<li>Pannes<\/li>\r\n<\/ul>"}],"cuadricula_de_colores":false,"componentes_producto":null,"descargables":false,"tipo_datasheet":"simple","datasheet":null,"datasheet_multiple":null,"tipo_instrucciones":"simple","instructions":null,"instructions_multiple":null,"drawings_ce":null,"2d_cad":null,"3d_cad":null,"revit":null,"ldt_photometric_files":null,"ies_photometric_files":null,"validador_detalles_producto":false,"tipo_especificacion":""},{"title_group_producto_grid_single":{"title_tag":"h2","title_txt":"Technologie"},"imagen_de_fondo_dinamic_single_producto":"","texto_contenido_ventana":true,"contenido_tabs_producto":"Son syst\u00e8me intelligent combine capteurs, connectivit\u00e9 et algorithmes locaux agissant de mani\u00e8re autonome pour maintenir le bien-\u00eatre des plantes avec un minimum d\u2019effort humain.","acordion":true,"preguntas_y_respuestas":[{"pregunta":"Communication","respuesta":"<ul>\r\n \t<li class=\"p1\">WiFi, GSM\/GPRS, LoRA, Bluetooth.<\/li>\r\n \t<li class=\"p1\">Actualisation OTA du firmware (sauf LoRa).<\/li>\r\n<\/ul>"},{"pregunta":"Hardware","respuesta":"<ul>\r\n \t<li>Capteur d\u2019humidit\u00e9 et de temp\u00e9rature.<\/li>\r\n \t<li>Pompe auto-amor\u00e7ante 12 V.<\/li>\r\n \t<li>Acc\u00e9l\u00e9rom\u00e8tre triaxial.<\/li>\r\n \t<li>Batterie 12 Ah.<\/li>\r\n \t<li>Panneau photovolta\u00efque monocristallin.<\/li>\r\n \t<li>\u00b7 Puissance nominale : 20 Wp<\/li>\r\n \t<li>\u00b7 Tension maximale : 18 V<\/li>\r\n \t<li>\u00b7 Verre tremp\u00e9 : 3,2 mm<\/li>\r\n \t<li>\u00b7 STC (conditions d\u2019essai standard) : irradiance 1000 W\/m\u00b2, distribution spectrale AM 1,5, temp\u00e9rature 25 \u00b1 2 \u00b0C<\/li>\r\n \t<li>\u00c9quipement Edge Computing avec BMS et communications.<\/li>\r\n \t<li>\u00b7 Temp\u00e9rature de fonctionnement : +5 \/ +40 \u00b0C<\/li>\r\n \t<li>\u00b7 Consommation \u00e9nerg\u00e9tique (approximative) : Veille : 0,10 Wh ;<\/li>\r\n \t<li>Connect\u00e9 : 1,25 Wh \/ 2,30 Wh ; En fonctionnement : 14,60 Wh \/ 15,60 Wh<\/li>\r\n<\/ul>"},{"pregunta":"Software","respuesta":"<ul>\r\n \t<li class=\"p1\">Programmation de l\u2019agent Edge.<\/li>\r\n \t<li class=\"p1\">Int\u00e9gration d\u2019API avec des syst\u00e8mes externes.<\/li>\r\n \t<li class=\"p1\">Accessible depuis un ordinateur, une tablette ou un appareil mobile.<\/li>\r\n<\/ul>"}],"cuadricula_de_colores":false,"componentes_producto":[{"nombre_componente":"","colores":["hpl_marron"]}],"descargables":false,"tipo_datasheet":"simple","datasheet":null,"datasheet_multiple":null,"tipo_instrucciones":"simple","instructions":null,"instructions_multiple":null,"drawings_ce":null,"2d_cad":null,"3d_cad":null,"revit":null,"ldt_photometric_files":null,"ies_photometric_files":null,"validador_detalles_producto":false,"tipo_especificacion":""},{"title_group_producto_grid_single":{"title_tag":"h2","title_txt":"Mat\u00e9riaux"},"imagen_de_fondo_dinamic_single_producto":"","texto_contenido_ventana":true,"contenido_tabs_producto":"<ul>\r\n \t<li>R\u00e9servoir fabriqu\u00e9 en PE recycl\u00e9 rotomoul\u00e9.<\/li>\r\n \t<li>Panneaux ext\u00e9rieurs en lattes de stratifi\u00e9 compact \u00e0 haute pression (HPE).<\/li>\r\n \t<li>Couvercle sup\u00e9rieur en acier inoxydable AISI 304 thermolaqu\u00e9.<\/li>\r\n \t<li>\u00c9l\u00e9ments de soutien en acier galvanis\u00e9 \u00e0 chaud.<\/li>\r\n \t<li>Syst\u00e8me d\u2019arrosage par tuyau poreux par exsudation.<\/li>\r\n \t<li>Bo\u00eetier \u00e9tanche pour les \u00e9l\u00e9ments \u00e9lectroniques en PP.<\/li>\r\n \t<li>Visserie en acier inoxydable A2.<\/li>\r\n<\/ul>","acordion":false,"preguntas_y_respuestas":[{"pregunta":"","respuesta":""},{"pregunta":"","respuesta":""},{"pregunta":"","respuesta":""}],"cuadricula_de_colores":false,"componentes_producto":[{"nombre_componente":"","colores":["hpl_marron"]}],"descargables":false,"tipo_datasheet":"simple","datasheet":null,"datasheet_multiple":null,"tipo_instrucciones":"simple","instructions":null,"instructions_multiple":null,"drawings_ce":null,"2d_cad":null,"3d_cad":null,"revit":null,"ldt_photometric_files":null,"ies_photometric_files":null,"validador_detalles_producto":false,"tipo_especificacion":""},{"title_group_producto_grid_single":{"title_tag":"h2","title_txt":"Finitions"},"imagen_de_fondo_dinamic_single_producto":"","texto_contenido_ventana":true,"contenido_tabs_producto":"Les couleurs pr\u00e9sent\u00e9es sont purement indicatives.\r\nAutres couleurs sur demande.\r\nConsulter les finitions pour les environnements marins.","acordion":false,"preguntas_y_respuestas":null,"cuadricula_de_colores":true,"componentes_producto":[{"nombre_componente":"","colores":["hpl_marron"]}],"descargables":false,"tipo_datasheet":"simple","datasheet":null,"datasheet_multiple":null,"tipo_instrucciones":"simple","instructions":null,"instructions_multiple":null,"drawings_ce":null,"2d_cad":null,"3d_cad":null,"revit":null,"ldt_photometric_files":null,"ies_photometric_files":null,"validador_detalles_producto":false,"tipo_especificacion":""},{"title_group_producto_grid_single":{"title_tag":"h2","title_txt":"Plan cot\u00e9"},"imagen_de_fondo_dinamic_single_producto":"","texto_contenido_ventana":false,"contenido_tabs_producto":"","acordion":false,"preguntas_y_respuestas":null,"cuadricula_de_colores":false,"componentes_producto":null,"descargables":false,"tipo_datasheet":"simple","datasheet":null,"datasheet_multiple":null,"tipo_instrucciones":"simple","instructions":null,"instructions_multiple":null,"drawings_ce":null,"2d_cad":null,"3d_cad":null,"revit":null,"ldt_photometric_files":null,"ies_photometric_files":null,"validador_detalles_producto":false,"tipo_especificacion":""},{"title_group_producto_grid_single":{"title_tag":"h2","title_txt":"Installation"},"imagen_de_fondo_dinamic_single_producto":"","texto_contenido_ventana":true,"contenido_tabs_producto":"<ul>\r\n \t<li>Ne n\u00e9cessite pas d\u2019ancrage au sol.<\/li>\r\n \t<li>Le produit est livr\u00e9 mont\u00e9 et emball\u00e9.<\/li>\r\n \t<li>Contient une batterie.<\/li>\r\n \t<li>En option, la jardini\u00e8re peut \u00eatre connect\u00e9e au r\u00e9seau \u00e9lectrique.<\/li>\r\n \t<li>Instructions d\u2019installation et de montage incluses.<\/li>\r\n<\/ul>","acordion":false,"preguntas_y_respuestas":null,"cuadricula_de_colores":false,"componentes_producto":null,"descargables":false,"tipo_datasheet":"simple","datasheet":null,"datasheet_multiple":null,"tipo_instrucciones":"simple","instructions":null,"instructions_multiple":null,"drawings_ce":null,"2d_cad":null,"3d_cad":null,"revit":null,"ldt_photometric_files":null,"ies_photometric_files":null,"validador_detalles_producto":false,"tipo_especificacion":"certificados"},{"title_group_producto_grid_single":{"title_tag":"h2","title_txt":"Maintenance"},"imagen_de_fondo_dinamic_single_producto":"","texto_contenido_ventana":true,"contenido_tabs_producto":"<ul>\r\n \t<li data-start=\"33\" data-end=\"76\">\r\n<p data-start=\"35\" data-end=\"76\">R\u00e9servoir d\u2019une capacit\u00e9 utile de 100 L.<\/p>\r\n<\/li>\r\n \t<li data-start=\"77\" data-end=\"110\">\r\n<p data-start=\"79\" data-end=\"110\">Volume de substrat de 0,24 m\u00b3.<\/p>\r\n<\/li>\r\n \t<li data-start=\"111\" data-end=\"200\">\r\n<p data-start=\"113\" data-end=\"200\">Syst\u00e8me IoT int\u00e9gr\u00e9 avec capteurs connect\u00e9s \u00e0 une plateforme de gestion dans le cloud.<\/p>\r\n<\/li>\r\n \t<li data-start=\"201\" data-end=\"304\">\r\n<p data-start=\"203\" data-end=\"304\">La jardini\u00e8re s\u2019autor\u00e9gule selon les besoins hydriques de la plante, permettant des \u00e9conomies d\u2019eau.<\/p>\r\n<\/li>\r\n \t<li data-start=\"305\" data-end=\"375\">\r\n<p data-start=\"307\" data-end=\"375\">D\u00e9tection des d\u00e9placements, des impacts et des actes de vandalisme.<\/p>\r\n<\/li>\r\n \t<li data-start=\"376\" data-end=\"408\">\r\n<p data-start=\"378\" data-end=\"408\">Ne n\u00e9cessite aucun entretien.<\/p>\r\n<\/li>\r\n \t<li data-start=\"409\" data-end=\"448\" data-is-last-node=\"\">\r\n<p data-start=\"411\" data-end=\"448\" data-is-last-node=\"\">D\u00e9ploiement de la plateforme Urbidata.<\/p>\r\n<\/li>\r\n<\/ul>","acordion":false,"preguntas_y_respuestas":null,"cuadricula_de_colores":false,"componentes_producto":null,"descargables":false,"tipo_datasheet":"simple","datasheet":null,"datasheet_multiple":null,"tipo_instrucciones":"simple","instructions":null,"instructions_multiple":null,"drawings_ce":null,"2d_cad":null,"3d_cad":null,"revit":null,"ldt_photometric_files":null,"ies_photometric_files":null,"validador_detalles_producto":false,"tipo_especificacion":"certificados"},{"title_group_producto_grid_single":{"title_tag":"h2","title_txt":"Certificats"},"imagen_de_fondo_dinamic_single_producto":"","texto_contenido_ventana":false,"contenido_tabs_producto":"","acordion":false,"preguntas_y_respuestas":[{"pregunta":"Fonction IoT","respuesta":"<strong>Logiques d\u2019arrosage<\/strong>\r\n<ul>\r\n \t<li>Autogestion par capteurs.<\/li>\r\n \t<li>Programm\u00e9e selon le calendrier.<\/li>\r\n \t<li>Commande \u00e0 distance forc\u00e9e.<\/li>\r\n<\/ul>\r\n<strong>Surveillance<\/strong>\r\n<ul>\r\n \t<li>Temp\u00e9rature et humidit\u00e9 du substrat.<\/li>\r\n \t<li>D\u00e9tection des impacts et mouvements.<\/li>\r\n \t<li>D\u00e9tection du niveau d\u2019eau dans le r\u00e9servoir.<\/li>\r\n \t<li>Mat\u00e9riel inviolable.<\/li>\r\n \t<li>\u00c9v\u00e9nements climatiques.<\/li>\r\n \t<li>\u00c9tat de la batterie.<\/li>\r\n \t<li>Localisation.<\/li>\r\n<\/ul>"},{"pregunta":"Logiciel","respuesta":"Urbidata, City operative system.\r\nInt\u00e9gration API avec services externes.\r\nSurveillance en temps r\u00e9el de l\u2019\u00e9tat des actifs.\r\n\r\n<strong>Localisation<\/strong>\r\n\r\nCarte interactive de localisation et gestion \u00e0 distance des \u00e9l\u00e9ments IoT.\r\n\r\n<strong>Analyse<\/strong>\r\n\r\nInterpr\u00e9tation et historique des donn\u00e9es :\r\n<ul>\r\n \t<li>Humidit\u00e9 du substrat.<\/li>\r\n \t<li>Temp\u00e9rature du substrat.<\/li>\r\n \t<li>Arrosages.<\/li>\r\n \t<li>Niveau du r\u00e9servoir d\u2019eau.<\/li>\r\n \t<li>\u00c9tat de la batterie.<\/li>\r\n<\/ul>\r\n<strong>Notifications<\/strong>\r\n\r\n\u00c9cran de gestion des incidences et notifications : Arrosages.\r\n<ul>\r\n \t<li>R\u00e9servoir d\u2019eau bas.<\/li>\r\n \t<li>Batterie faible.<\/li>\r\n \t<li>Impact d\u00e9tect\u00e9.<\/li>\r\n \t<li>Acc\u00e8s d\u00e9tect\u00e9.<\/li>\r\n \t<li>\u00c9chec de communication.<\/li>\r\n<\/ul>\r\nNotifications automatis\u00e9es sur la plateforme et\/ou par courrier.\r\nGestion des profils Admin et User et affectation des r\u00f4les.\r\nR\u00e9sum\u00e9 de l\u2019\u00e9tat des actifs num\u00e9ris\u00e9s.\r\nVersion ordinateur, tablette et t\u00e9l\u00e9phone portable."}],"cuadricula_de_colores":false,"componentes_producto":null,"descargables":false,"tipo_datasheet":"simple","datasheet":null,"datasheet_multiple":null,"tipo_instrucciones":"simple","instructions":null,"instructions_multiple":null,"drawings_ce":null,"2d_cad":null,"3d_cad":null,"revit":null,"ldt_photometric_files":null,"ies_photometric_files":null,"validador_detalles_producto":true,"tipo_especificacion":"certificados"},{"title_group_producto_grid_single":{"title_tag":"h2","title_txt":"Poids"},"imagen_de_fondo_dinamic_single_producto":"","texto_contenido_ventana":true,"contenido_tabs_producto":"Jardini\u00e8re (sans eau ni substrat) :\r\n80\r\n\r\nJardini\u00e8re (avec eau et substrat) :\r\n450\r\n\r\n*Poids sans emballage (kg).","acordion":false,"preguntas_y_respuestas":[{"pregunta":"","respuesta":""},{"pregunta":"","respuesta":""},{"pregunta":"","respuesta":""}],"cuadricula_de_colores":false,"componentes_producto":null,"descargables":false,"tipo_datasheet":"simple","datasheet":null,"datasheet_multiple":null,"tipo_instrucciones":"simple","instructions":null,"instructions_multiple":null,"drawings_ce":null,"2d_cad":null,"3d_cad":null,"revit":null,"ldt_photometric_files":null,"ies_photometric_files":null,"validador_detalles_producto":false,"tipo_especificacion":""}]},{"acf_fc_layout":"seccion_navtabs_imagen_dinamica","title_group":{"title_tag":"h2","title_txt":"T\u00e9l\u00e9chargeables"},"texto_intro_principal":false,"texto_introductorio":"","ventanas_detalles_producto":null},{"acf_fc_layout":"seccion_consulta_nuestros_expertos","imagen_de_fondo_single_producto":"[link_wp_dam_url ids=\"18188\" size=\"x2400\"]","imagen_de_fondo_single_producto_mobile":""}],"dist_simetrica":"","dist_asimetrica":"","dist_indirecta":"","dist_suelo":"","control":"","certificados":["ce","ip66","ik08"],"nombre_arbol_entre_comillas":"","nombre_solo_plantas_field":"","isbn_campo_texto":"","autor_book_publicacion_producto":"","idioma_campo_texto":"","enquadernacion_campo_texto":"","_numero_de_paginas_campo_texto":"","pdf_asociado_producto":"","resumen_libro":"","text_content_family_basic_information":"","text_content_family_basic_number_width":"","text_content_family_basic_number_height":"","text_content_planting_density":"","flowers_option_colours":"","flowers_option_season":"","properties_option_pruning":"","properties_option_watering":"","properties_option_sun_exposure":"","properties_option_minimum_temp":"","properties_option_soil_type":"","properties_option_fire":"","properties_option_heat":"","properties_option_moisture":"","properties_option_dryness":"","properties_option_coastal_area":"","texto_introduccion_landing_custom":"","enlace_descubre_mas_custom":"","selecciona_tipo_de_imagen_custom":"","imagen_vertical_custom":"","imagen_horizontal_custom":"","opciones_de_texto_1":true,"opciones_de_texto_2":"acabado_standar","opciones_de_texto_3":""},"yoast_head":"<!-- This site is optimized with the Yoast SEO plugin v22.8 - https:\/\/yoast.com\/wordpress\/plugins\/seo\/ -->\n<title>Solana - Urbidermis<\/title>\n<meta name=\"robots\" content=\"index, follow, max-snippet:-1, max-image-preview:large, max-video-preview:-1\" \/>\n<link rel=\"canonical\" href=\"https:\/\/www.urbidermis.com\/fr\/mobilier-urbain\/solana\/\" \/>\n<meta property=\"og:locale\" content=\"fr_FR\" \/>\n<meta property=\"og:type\" content=\"article\" \/>\n<meta property=\"og:title\" content=\"Solana - Urbidermis\" \/>\n<meta property=\"og:description\" content=\"Solana est une jardini\u00e8re intelligente qui transforme les espaces urbains en environnements verts, tout en r\u00e9duisant la consommation d\u2019eau et les interventions de maintenance, pour une gestion urbaine plus durable.\" \/>\n<meta property=\"og:url\" content=\"https:\/\/www.urbidermis.com\/fr\/mobilier-urbain\/solana\/\" \/>\n<meta property=\"og:site_name\" content=\"Urbidermis\" \/>\n<meta property=\"article:modified_time\" content=\"2025-10-31T10:02:21+00:00\" \/>\n<meta property=\"og:image\" content=\"https:\/\/www.urbidermis.com\/wp-content\/uploads\/20240117_Spain_Ullastret_SAJ_Laia_Sabate\u0301_04-scaled.jpg\" \/>\n\t<meta property=\"og:image:width\" content=\"1707\" \/>\n\t<meta property=\"og:image:height\" content=\"2560\" \/>\n\t<meta property=\"og:image:type\" content=\"image\/jpeg\" \/>\n<meta name=\"twitter:card\" content=\"summary_large_image\" \/>\n<script type=\"application\/ld+json\" class=\"yoast-schema-graph\">{\"@context\":\"https:\/\/schema.org\",\"@graph\":[{\"@type\":\"WebPage\",\"@id\":\"https:\/\/www.urbidermis.com\/fr\/mobilier-urbain\/solana\/\",\"url\":\"https:\/\/www.urbidermis.com\/fr\/mobilier-urbain\/solana\/\",\"name\":\"Solana - Urbidermis\",\"isPartOf\":{\"@id\":\"https:\/\/www.urbidermis.com\/fr\/#website\"},\"primaryImageOfPage\":{\"@id\":\"https:\/\/www.urbidermis.com\/fr\/mobilier-urbain\/solana\/#primaryimage\"},\"image\":{\"@id\":\"https:\/\/www.urbidermis.com\/fr\/mobilier-urbain\/solana\/#primaryimage\"},\"thumbnailUrl\":\"https:\/\/www.urbidermis.com\/wp-content\/uploads\/20240117_Spain_Ullastret_SAJ_Laia_Sabate\u0301_04-scaled.jpg\",\"datePublished\":\"2025-05-15T15:00:00+00:00\",\"dateModified\":\"2025-10-31T10:02:21+00:00\",\"breadcrumb\":{\"@id\":\"https:\/\/www.urbidermis.com\/fr\/mobilier-urbain\/solana\/#breadcrumb\"},\"inLanguage\":\"fr-FR\",\"potentialAction\":[{\"@type\":\"ReadAction\",\"target\":[\"https:\/\/www.urbidermis.com\/fr\/mobilier-urbain\/solana\/\"]}]},{\"@type\":\"ImageObject\",\"inLanguage\":\"fr-FR\",\"@id\":\"https:\/\/www.urbidermis.com\/fr\/mobilier-urbain\/solana\/#primaryimage\",\"url\":\"https:\/\/www.urbidermis.com\/wp-content\/uploads\/20240117_Spain_Ullastret_SAJ_Laia_Sabate\u0301_04-scaled.jpg\",\"contentUrl\":\"https:\/\/www.urbidermis.com\/wp-content\/uploads\/20240117_Spain_Ullastret_SAJ_Laia_Sabate\u0301_04-scaled.jpg\",\"width\":1707,\"height\":2560},{\"@type\":\"BreadcrumbList\",\"@id\":\"https:\/\/www.urbidermis.com\/fr\/mobilier-urbain\/solana\/#breadcrumb\",\"itemListElement\":[{\"@type\":\"ListItem\",\"position\":1,\"name\":\"Home\",\"item\":\"https:\/\/www.urbidermis.com\/fr\/\"},{\"@type\":\"ListItem\",\"position\":2,\"name\":\"Produits\",\"item\":\"https:\/\/www.urbidermis.com\/fr\/produits\/\"},{\"@type\":\"ListItem\",\"position\":3,\"name\":\"Solana\"}]},{\"@type\":\"WebSite\",\"@id\":\"https:\/\/www.urbidermis.com\/fr\/#website\",\"url\":\"https:\/\/www.urbidermis.com\/fr\/\",\"name\":\"Urbidermis\",\"description\":\"Especialistas en la ciudad\",\"publisher\":{\"@id\":\"https:\/\/www.urbidermis.com\/fr\/#organization\"},\"potentialAction\":[{\"@type\":\"SearchAction\",\"target\":{\"@type\":\"EntryPoint\",\"urlTemplate\":\"https:\/\/www.urbidermis.com\/fr\/?s={search_term_string}\"},\"query-input\":\"required name=search_term_string\"}],\"inLanguage\":\"fr-FR\"},{\"@type\":\"Organization\",\"@id\":\"https:\/\/www.urbidermis.com\/fr\/#organization\",\"name\":\"Urbidermis\",\"url\":\"https:\/\/www.urbidermis.com\/fr\/\",\"logo\":{\"@type\":\"ImageObject\",\"inLanguage\":\"fr-FR\",\"@id\":\"https:\/\/www.urbidermis.com\/fr\/#\/schema\/logo\/image\/\",\"url\":\"https:\/\/www.urbidermis.com\/wp-content\/uploads\/logo_urbdermis-1.png\",\"contentUrl\":\"https:\/\/www.urbidermis.com\/wp-content\/uploads\/logo_urbdermis-1.png\",\"width\":601,\"height\":1033,\"caption\":\"Urbidermis\"},\"image\":{\"@id\":\"https:\/\/www.urbidermis.com\/fr\/#\/schema\/logo\/image\/\"}}]}<\/script>\n<!-- \/ Yoast SEO plugin. -->","yoast_head_json":{"title":"Solana - Urbidermis","robots":{"index":"index","follow":"follow","max-snippet":"max-snippet:-1","max-image-preview":"max-image-preview:large","max-video-preview":"max-video-preview:-1"},"canonical":"https:\/\/www.urbidermis.com\/fr\/mobilier-urbain\/solana\/","og_locale":"fr_FR","og_type":"article","og_title":"Solana - Urbidermis","og_description":"Solana est une jardini\u00e8re intelligente qui transforme les espaces urbains en environnements verts, tout en r\u00e9duisant la consommation d\u2019eau et les interventions de maintenance, pour une gestion urbaine plus durable.","og_url":"https:\/\/www.urbidermis.com\/fr\/mobilier-urbain\/solana\/","og_site_name":"Urbidermis","article_modified_time":"2025-10-31T10:02:21+00:00","og_image":[{"width":1707,"height":2560,"url":"https:\/\/www.urbidermis.com\/wp-content\/uploads\/20240117_Spain_Ullastret_SAJ_Laia_Sabate\u0301_04-scaled.jpg","type":"image\/jpeg"}],"twitter_card":"summary_large_image","schema":{"@context":"https:\/\/schema.org","@graph":[{"@type":"WebPage","@id":"https:\/\/www.urbidermis.com\/fr\/mobilier-urbain\/solana\/","url":"https:\/\/www.urbidermis.com\/fr\/mobilier-urbain\/solana\/","name":"Solana - Urbidermis","isPartOf":{"@id":"https:\/\/www.urbidermis.com\/fr\/#website"},"primaryImageOfPage":{"@id":"https:\/\/www.urbidermis.com\/fr\/mobilier-urbain\/solana\/#primaryimage"},"image":{"@id":"https:\/\/www.urbidermis.com\/fr\/mobilier-urbain\/solana\/#primaryimage"},"thumbnailUrl":"https:\/\/www.urbidermis.com\/wp-content\/uploads\/20240117_Spain_Ullastret_SAJ_Laia_Sabate\u0301_04-scaled.jpg","datePublished":"2025-05-15T15:00:00+00:00","dateModified":"2025-10-31T10:02:21+00:00","breadcrumb":{"@id":"https:\/\/www.urbidermis.com\/fr\/mobilier-urbain\/solana\/#breadcrumb"},"inLanguage":"fr-FR","potentialAction":[{"@type":"ReadAction","target":["https:\/\/www.urbidermis.com\/fr\/mobilier-urbain\/solana\/"]}]},{"@type":"ImageObject","inLanguage":"fr-FR","@id":"https:\/\/www.urbidermis.com\/fr\/mobilier-urbain\/solana\/#primaryimage","url":"https:\/\/www.urbidermis.com\/wp-content\/uploads\/20240117_Spain_Ullastret_SAJ_Laia_Sabate\u0301_04-scaled.jpg","contentUrl":"https:\/\/www.urbidermis.com\/wp-content\/uploads\/20240117_Spain_Ullastret_SAJ_Laia_Sabate\u0301_04-scaled.jpg","width":1707,"height":2560},{"@type":"BreadcrumbList","@id":"https:\/\/www.urbidermis.com\/fr\/mobilier-urbain\/solana\/#breadcrumb","itemListElement":[{"@type":"ListItem","position":1,"name":"Home","item":"https:\/\/www.urbidermis.com\/fr\/"},{"@type":"ListItem","position":2,"name":"Produits","item":"https:\/\/www.urbidermis.com\/fr\/produits\/"},{"@type":"ListItem","position":3,"name":"Solana"}]},{"@type":"WebSite","@id":"https:\/\/www.urbidermis.com\/fr\/#website","url":"https:\/\/www.urbidermis.com\/fr\/","name":"Urbidermis","description":"Especialistas en la ciudad","publisher":{"@id":"https:\/\/www.urbidermis.com\/fr\/#organization"},"potentialAction":[{"@type":"SearchAction","target":{"@type":"EntryPoint","urlTemplate":"https:\/\/www.urbidermis.com\/fr\/?s={search_term_string}"},"query-input":"required name=search_term_string"}],"inLanguage":"fr-FR"},{"@type":"Organization","@id":"https:\/\/www.urbidermis.com\/fr\/#organization","name":"Urbidermis","url":"https:\/\/www.urbidermis.com\/fr\/","logo":{"@type":"ImageObject","inLanguage":"fr-FR","@id":"https:\/\/www.urbidermis.com\/fr\/#\/schema\/logo\/image\/","url":"https:\/\/www.urbidermis.com\/wp-content\/uploads\/logo_urbdermis-1.png","contentUrl":"https:\/\/www.urbidermis.com\/wp-content\/uploads\/logo_urbdermis-1.png","width":601,"height":1033,"caption":"Urbidermis"},"image":{"@id":"https:\/\/www.urbidermis.com\/fr\/#\/schema\/logo\/image\/"}}]}},"_links":{"self":[{"href":"https:\/\/www.urbidermis.com\/fr\/wp-json\/wp\/v2\/product\/26755"}],"collection":[{"href":"https:\/\/www.urbidermis.com\/fr\/wp-json\/wp\/v2\/product"}],"about":[{"href":"https:\/\/www.urbidermis.com\/fr\/wp-json\/wp\/v2\/types\/product"}],"acf:post":[{"embeddable":true,"href":"https:\/\/www.urbidermis.com\/fr\/wp-json\/wp\/v2\/autores\/2783"}],"wp:featuredmedia":[{"embeddable":true,"href":"https:\/\/www.urbidermis.com\/fr\/wp-json\/wp\/v2\/media\/26739"}],"wp:attachment":[{"href":"https:\/\/www.urbidermis.com\/fr\/wp-json\/wp\/v2\/media?parent=26755"}],"wp:term":[{"taxonomy":"product_cat","embeddable":true,"href":"https:\/\/www.urbidermis.com\/fr\/wp-json\/wp\/v2\/product_cat?post=26755"},{"taxonomy":"product_tag","embeddable":true,"href":"https:\/\/www.urbidermis.com\/fr\/wp-json\/wp\/v2\/product_tag?post=26755"}],"curies":[{"name":"wp","href":"https:\/\/api.w.org\/{rel}","templated":true}]}}