


{"id":26906,"date":"2025-05-30T10:30:30","date_gmt":"2025-05-30T08:30:30","guid":{"rendered":"https:\/\/www.urbidermis.com\/non%20class\u00e9\/eden\/"},"modified":"2025-09-04T10:35:26","modified_gmt":"2025-09-04T08:35:26","slug":"eden","status":"publish","type":"product","link":"https:\/\/www.urbidermis.com\/fr\/mobilier-urbain\/eden\/","title":{"rendered":"Eden"},"content":{"rendered":"","protected":false},"excerpt":{"rendered":"<p>Les jardins d&rsquo;\u00c9den \u00e9taient d\u00e9crits comme un lieu parfait, rempli de beaut\u00e9, de paix et d&rsquo;abondance. Ils symbolisaient l&rsquo;\u00e9tat originel d&rsquo;innocence et d&rsquo;harmonie. Ce m\u00eame objectif peut d\u00e9sormais \u00eatre apport\u00e9 \u00e0 l&rsquo;espace public gr\u00e2ce \u00e0 notre syst\u00e8me de jardini\u00e8res et de parterres qui int\u00e8gre facilement la v\u00e9g\u00e9tation dans la vie quotidienne.<\/p>\n","protected":false},"featured_media":26887,"template":"","meta":{"_acf_changed":false,"inline_featured_image":false},"product_cat":[263,242],"product_tag":[],"acf":{"activador_seccion_impacto_acvs_secctions_acvs":false,"texto_enlace_amplifyapp":"","codigos_acvs_matching_row-leds":null,"activator_acf_option_madera_text":false,"texto_bajo_btn_certificados":"","check_para_validar_no_secc_aplication":false,"is_protocolo_y_control_generic":false,"is_producto_residencial_para_mostrar_info_diferente":false,"is_plano_de_cotas_validator":true,"galeria_multidimension_imagenes_plano_de_cotas_proyector":[{"texto_pestana_plano_galeria":"Jardini\u00e8re lin\u00e9aire","imagen_plano_de_cotas":"[link_wp_dam_url ids=\"18309\"]"},{"texto_pestana_plano_galeria":"Parterre","imagen_plano_de_cotas":"[link_wp_dam_url ids=\"18310\"]"}],"premios_producto_repeater":null,"participantes":"","autores":[2783],"ano_creacion_producto":"2023","validacion_producto_descarga":true,"galeria_imagenes_repeater_libro":[{"imagen_item_gal":"[link_wp_dam_url ids=\"18270\"]","activar_video_item_gal":false,"portada_video_item_gal":null,"video_en_horizonal_item_gal":false,"video_item_gal":false},{"imagen_item_gal":"[link_wp_dam_url ids=\"18287\"]","activar_video_item_gal":false,"portada_video_item_gal":null,"video_en_horizonal_item_gal":false,"video_item_gal":false},{"imagen_item_gal":"[link_wp_dam_url ids=\"18278\"]","activar_video_item_gal":false,"portada_video_item_gal":null,"video_en_horizonal_item_gal":false,"video_item_gal":false},{"imagen_item_gal":"[link_wp_dam_url ids=\"18297\"]","activar_video_item_gal":false,"portada_video_item_gal":null,"video_en_horizonal_item_gal":false,"video_item_gal":false},{"imagen_item_gal":"[link_wp_dam_url ids=\"18296\"]","activar_video_item_gal":false,"portada_video_item_gal":null,"video_en_horizonal_item_gal":false,"video_item_gal":false},{"imagen_item_gal":"[link_wp_dam_url ids=\"18281\"]","activar_video_item_gal":false,"portada_video_item_gal":null,"video_en_horizonal_item_gal":false,"video_item_gal":false},{"imagen_item_gal":"[link_wp_dam_url ids=\"18255\"]","activar_video_item_gal":false,"portada_video_item_gal":null,"video_en_horizonal_item_gal":false,"video_item_gal":false}],"secciones_producto":[{"acf_fc_layout":"seccion_navtabs_imagen_dinamica","title_group":{"title_tag":"h2","title_txt":"Innocence et harmonie pour l'espace urbain"},"texto_intro_principal":true,"texto_introductorio":"R\u00e9sistant et durable, le syst\u00e8me Eden combine de l'aluminium thermolaqu\u00e9 et des bacs int\u00e9rieurs qui facilitent le jardinage. Configurable pour diff\u00e9rentes tailles et fonctions, il peut inclure un banc dans la jardini\u00e8re lin\u00e9aire, et un banc et une rambarde int\u00e9gr\u00e9s dans le parterre. Une offre polyvalente qui promeut le bien-\u00eatre des citoyens.","ventanas_detalles_producto":[{"title_group_producto_grid_single":{"title_tag":"h2","title_txt":"Mat\u00e9riaux"},"imagen_de_fondo_dinamic_single_producto":"","texto_contenido_ventana":true,"contenido_tabs_producto":"<strong>Jardini\u00e8re lin\u00e9aire:<\/strong>\r\n<ul>\r\n \t<li>Panneaux lat\u00e9raux en aluminium extrud\u00e9 6063-T5 et couvercles d\u2019extr\u00e9mit\u00e9 en aluminium anodis\u00e9 et thermolaqu\u00e9.<\/li>\r\n \t<li>Pi\u00e8ce inf\u00e9rieure de fixation en acier S235JR grillag\u00e9 galvanis\u00e9 \u00e0 chaud.<\/li>\r\n \t<li>Bacs en polypropyl\u00e8ne PP.<\/li>\r\n \t<li>Visserie en acier inoxydable A2.<\/li>\r\n<\/ul>\r\n&nbsp;\r\n\r\n<strong>Parterre:<\/strong>\r\n<ul>\r\n \t<li>Structure en aluminium extrud\u00e9 6063-T5 anodis\u00e9 et thermolaqu\u00e9.<\/li>\r\n \t<li>Panneaux lat\u00e9raux en aluminium extrud\u00e9 6063-T5 anodis\u00e9 et thermolaqu\u00e9.<\/li>\r\n \t<li>Variante avec banc \u00e0 lattes en bois tropical, avec certification FSC 100%.<\/li>\r\n \t<li>Bacs en polypropyl\u00e8ne PP.<\/li>\r\n \t<li>Visserie en acier inoxydable A2.<\/li>\r\n<\/ul>","acordion":false,"preguntas_y_respuestas":null,"cuadricula_de_colores":false,"componentes_producto":null,"descargables":false,"tipo_datasheet":"simple","datasheet":null,"datasheet_multiple":null,"tipo_instrucciones":"simple","instructions":null,"instructions_multiple":null,"drawings_ce":null,"2d_cad":null,"3d_cad":null,"revit":null,"ldt_photometric_files":null,"ies_photometric_files":null,"validador_detalles_producto":false,"tipo_especificacion":""},{"title_group_producto_grid_single":{"title_tag":"h2","title_txt":"Finitions"},"imagen_de_fondo_dinamic_single_producto":"","texto_contenido_ventana":true,"contenido_tabs_producto":"Les couleurs pr\u00e9sent\u00e9es sont purement indicatives.\r\nAutres couleurs sur demande.\r\nConsulter les finitions pour les environnements marins.","acordion":false,"preguntas_y_respuestas":null,"cuadricula_de_colores":true,"componentes_producto":[{"nombre_componente":"","colores":["verde_ingles"]}],"descargables":false,"tipo_datasheet":"simple","datasheet":null,"datasheet_multiple":null,"tipo_instrucciones":"simple","instructions":null,"instructions_multiple":null,"drawings_ce":null,"2d_cad":null,"3d_cad":null,"revit":null,"ldt_photometric_files":null,"ies_photometric_files":null,"validador_detalles_producto":false,"tipo_especificacion":""},{"title_group_producto_grid_single":{"title_tag":"h2","title_txt":"Plan cot\u00e9"},"imagen_de_fondo_dinamic_single_producto":"","texto_contenido_ventana":false,"contenido_tabs_producto":"","acordion":false,"preguntas_y_respuestas":null,"cuadricula_de_colores":false,"componentes_producto":null,"descargables":false,"tipo_datasheet":"simple","datasheet":null,"datasheet_multiple":null,"tipo_instrucciones":"simple","instructions":null,"instructions_multiple":null,"drawings_ce":null,"2d_cad":null,"3d_cad":null,"revit":null,"ldt_photometric_files":null,"ies_photometric_files":null,"validador_detalles_producto":false,"tipo_especificacion":""},{"title_group_producto_grid_single":{"title_tag":"h2","title_txt":"Installation"},"imagen_de_fondo_dinamic_single_producto":"","texto_contenido_ventana":true,"contenido_tabs_producto":"<ul>\r\n \t<li>La jardini\u00e8re lin\u00e9aire ne n\u00e9cessite pas d\u2019ancrage au sol, tandis que le parterre doit \u00eatre ancr\u00e9<\/li>\r\n \t<li>Le produit est livr\u00e9 d\u00e9mont\u00e9 et emball\u00e9.<\/li>\r\n \t<li>Instructions d\u2019installation et de montage incluses.<\/li>\r\n \t<li>Volume de substrat par bac : 0,06 m3.<\/li>\r\n<\/ul>","acordion":false,"preguntas_y_respuestas":null,"cuadricula_de_colores":false,"componentes_producto":null,"descargables":false,"tipo_datasheet":"simple","datasheet":null,"datasheet_multiple":null,"tipo_instrucciones":"simple","instructions":null,"instructions_multiple":null,"drawings_ce":null,"2d_cad":null,"3d_cad":null,"revit":null,"ldt_photometric_files":null,"ies_photometric_files":null,"validador_detalles_producto":false,"tipo_especificacion":""},{"title_group_producto_grid_single":{"title_tag":"h2","title_txt":"Maintenance"},"imagen_de_fondo_dinamic_single_producto":"","texto_contenido_ventana":true,"contenido_tabs_producto":"<ul>\r\n \t<li>Elle ne demande pas d\u2019entretien.<\/li>\r\n \t<li>Nettoyer avec des produits de nettoyage non abrasifs, sans alcool et au pH neutre.<\/li>\r\n<\/ul>","acordion":false,"preguntas_y_respuestas":null,"cuadricula_de_colores":false,"componentes_producto":null,"descargables":false,"tipo_datasheet":"simple","datasheet":null,"datasheet_multiple":null,"tipo_instrucciones":"simple","instructions":null,"instructions_multiple":null,"drawings_ce":null,"2d_cad":null,"3d_cad":null,"revit":null,"ldt_photometric_files":null,"ies_photometric_files":null,"validador_detalles_producto":false,"tipo_especificacion":""},{"title_group_producto_grid_single":{"title_tag":"h2","title_txt":"Certificats"},"imagen_de_fondo_dinamic_single_producto":"","texto_contenido_ventana":false,"contenido_tabs_producto":"","acordion":false,"preguntas_y_respuestas":null,"cuadricula_de_colores":false,"componentes_producto":null,"descargables":false,"tipo_datasheet":"simple","datasheet":null,"datasheet_multiple":null,"tipo_instrucciones":"simple","instructions":null,"instructions_multiple":null,"drawings_ce":null,"2d_cad":null,"3d_cad":null,"revit":null,"ldt_photometric_files":null,"ies_photometric_files":null,"validador_detalles_producto":true,"tipo_especificacion":"certificados"}]},{"acf_fc_layout":"seccion_navtabs_imagen_dinamica","title_group":{"title_tag":"h2","title_txt":"Typologie"},"texto_intro_principal":false,"texto_introductorio":"","ventanas_detalles_producto":[{"title_group_producto_grid_single":{"title_tag":"h2","title_txt":"Jardini\u00e8re lin\u00e9aire"},"imagen_de_fondo_dinamic_single_producto":"[link_wp_dam_url ids=\"18254\"]","texto_contenido_ventana":true,"contenido_tabs_producto":"La jardini\u00e8re lin\u00e9aire abrite des esp\u00e8ces arbustives l\u00e0 o\u00f9 il n'est pas possible de planter en pleine terre. Son design sans ancrage permet une disposition extensive sur les pav\u00e9s urbains, facilitant la cr\u00e9ation de compositions vertes continues et adaptables.","acordion":true,"preguntas_y_respuestas":[{"pregunta":"Poids","respuesta":"Jardini\u00e8re lin\u00e9aire avec 3 conteneurs (1.2 m): 31\r\n\r\nJardini\u00e8re lin\u00e9aire avec 4 conteneurs (1.6 m): 40\r\n\r\nJardini\u00e8re lin\u00e9aire avec 5 conteneurs (2.0 m): 48\r\n\r\n*Poids approximatif sans emballage, arbre, plante ni substrat (kg)"}],"cuadricula_de_colores":false,"componentes_producto":null,"descargables":false,"tipo_datasheet":"simple","datasheet":null,"datasheet_multiple":null,"tipo_instrucciones":"simple","instructions":null,"instructions_multiple":null,"drawings_ce":null,"2d_cad":null,"3d_cad":null,"revit":null,"ldt_photometric_files":null,"ies_photometric_files":null,"validador_detalles_producto":false,"tipo_especificacion":""},{"title_group_producto_grid_single":{"title_tag":"h2","title_txt":"Parterre"},"imagen_de_fondo_dinamic_single_producto":"[link_wp_dam_url ids=\"18300\"]","texto_contenido_ventana":true,"contenido_tabs_producto":"Le parterre est un ensemble modulaire sur\u00e9lev\u00e9 pour accueillir de la v\u00e9g\u00e9tation arbustive ou herbac\u00e9e, con\u00e7u pour organiser, d\u00e9limiter et enrichir l'espace public. Sa configuration permet d'int\u00e9grer des \u00e9l\u00e9ments compl\u00e9mentaires tels que des bancs ou des rambardes, \u00e9largissant son utilit\u00e9 au-del\u00e0 du jardinage.","acordion":true,"preguntas_y_respuestas":[{"pregunta":"Poids","respuesta":"Parterre \u00e0 module unique : 60\r\n\r\nParterre \u00e0 module unique avec garde-corps en acier inoxydable : 64\r\n\r\nParterre \u00e0 module unique avec banc en bois FSC 100\u00a0% : 75\r\n\r\nParterre \u00e0 3 modules : 146\r\n\r\nParterre \u00e0 4 modules : 173\r\n\r\n*Poids approximatif sans emballage, arbre, plante ni substrat (kg)"}],"cuadricula_de_colores":false,"componentes_producto":null,"descargables":false,"tipo_datasheet":"simple","datasheet":null,"datasheet_multiple":null,"tipo_instrucciones":"simple","instructions":null,"instructions_multiple":null,"drawings_ce":null,"2d_cad":null,"3d_cad":null,"revit":null,"ldt_photometric_files":null,"ies_photometric_files":null,"validador_detalles_producto":false,"tipo_especificacion":""}]},{"acf_fc_layout":"seccion_navtabs_imagen_dinamica","title_group":{"title_tag":"h2","title_txt":"T\u00e9l\u00e9chargeables"},"texto_intro_principal":false,"texto_introductorio":"","ventanas_detalles_producto":null},{"acf_fc_layout":"seccion_consulta_nuestros_expertos","imagen_de_fondo_single_producto":"[link_wp_dam_url ids=\"18279\" size=\"x2400\"]","imagen_de_fondo_single_producto_mobile":""}],"dist_simetrica":"","dist_asimetrica":"","dist_indirecta":"","dist_suelo":"","control":"","certificados":["ce"],"nombre_arbol_entre_comillas":"","nombre_solo_plantas_field":"","isbn_campo_texto":"","autor_book_publicacion_producto":"","idioma_campo_texto":"","enquadernacion_campo_texto":"","_numero_de_paginas_campo_texto":"","pdf_asociado_producto":"","resumen_libro":"","text_content_family_basic_information":"","text_content_family_basic_number_width":"","text_content_family_basic_number_height":"","text_content_planting_density":"","flowers_option_colours":"","flowers_option_season":"","properties_option_pruning":"","properties_option_watering":"","properties_option_sun_exposure":"","properties_option_minimum_temp":"","properties_option_soil_type":"","properties_option_fire":"","properties_option_heat":"","properties_option_moisture":"","properties_option_dryness":"","properties_option_coastal_area":"","texto_introduccion_landing_custom":"D\u00e9couvrez comment Eden transforme la nature en ville","enlace_descubre_mas_custom":{"title":"En savoir plus","url":"https:\/\/www.urbidermis.com\/fr\/nature-in-the-city\/","target":""},"selecciona_tipo_de_imagen_custom":["horizontal"],"imagen_vertical_custom":"","imagen_horizontal_custom":"[link_wp_dam ids=\"18454\" template=\"single-image\"]","opciones_de_texto_1":true,"opciones_de_texto_2":"","opciones_de_texto_3":[]},"yoast_head":"<!-- This site is optimized with the Yoast SEO plugin v22.8 - https:\/\/yoast.com\/wordpress\/plugins\/seo\/ -->\n<title>Eden - Urbidermis<\/title>\n<meta name=\"robots\" content=\"index, follow, max-snippet:-1, max-image-preview:large, max-video-preview:-1\" \/>\n<link rel=\"canonical\" href=\"https:\/\/www.urbidermis.com\/fr\/mobilier-urbain\/eden\/\" \/>\n<meta property=\"og:locale\" content=\"fr_FR\" \/>\n<meta property=\"og:type\" content=\"article\" \/>\n<meta property=\"og:title\" content=\"Eden - Urbidermis\" \/>\n<meta property=\"og:description\" content=\"Les jardins d&#039;\u00c9den \u00e9taient d\u00e9crits comme un lieu parfait, rempli de beaut\u00e9, de paix et d&#039;abondance. Ils symbolisaient l&#039;\u00e9tat originel d&#039;innocence et d&#039;harmonie. Ce m\u00eame objectif peut d\u00e9sormais \u00eatre apport\u00e9 \u00e0 l&#039;espace public gr\u00e2ce \u00e0 notre syst\u00e8me de jardini\u00e8res et de parterres qui int\u00e8gre facilement la v\u00e9g\u00e9tation dans la vie quotidienne.\" \/>\n<meta property=\"og:url\" content=\"https:\/\/www.urbidermis.com\/fr\/mobilier-urbain\/eden\/\" \/>\n<meta property=\"og:site_name\" content=\"Urbidermis\" \/>\n<meta property=\"article:modified_time\" content=\"2025-09-04T08:35:26+00:00\" \/>\n<meta property=\"og:image\" content=\"https:\/\/www.urbidermis.com\/wp-content\/uploads\/20231114_Spain_Barcelona_Belloch_EJL_Laia_Sabate\u0301_09-scaled.jpg\" \/>\n\t<meta property=\"og:image:width\" content=\"1707\" \/>\n\t<meta property=\"og:image:height\" content=\"2560\" \/>\n\t<meta property=\"og:image:type\" content=\"image\/jpeg\" \/>\n<meta name=\"twitter:card\" content=\"summary_large_image\" \/>\n<script type=\"application\/ld+json\" class=\"yoast-schema-graph\">{\"@context\":\"https:\/\/schema.org\",\"@graph\":[{\"@type\":\"WebPage\",\"@id\":\"https:\/\/www.urbidermis.com\/fr\/mobilier-urbain\/eden\/\",\"url\":\"https:\/\/www.urbidermis.com\/fr\/mobilier-urbain\/eden\/\",\"name\":\"Eden - Urbidermis\",\"isPartOf\":{\"@id\":\"https:\/\/www.urbidermis.com\/fr\/#website\"},\"primaryImageOfPage\":{\"@id\":\"https:\/\/www.urbidermis.com\/fr\/mobilier-urbain\/eden\/#primaryimage\"},\"image\":{\"@id\":\"https:\/\/www.urbidermis.com\/fr\/mobilier-urbain\/eden\/#primaryimage\"},\"thumbnailUrl\":\"https:\/\/www.urbidermis.com\/wp-content\/uploads\/20231114_Spain_Barcelona_Belloch_EJL_Laia_Sabate\u0301_09-scaled.jpg\",\"datePublished\":\"2025-05-30T08:30:30+00:00\",\"dateModified\":\"2025-09-04T08:35:26+00:00\",\"breadcrumb\":{\"@id\":\"https:\/\/www.urbidermis.com\/fr\/mobilier-urbain\/eden\/#breadcrumb\"},\"inLanguage\":\"fr-FR\",\"potentialAction\":[{\"@type\":\"ReadAction\",\"target\":[\"https:\/\/www.urbidermis.com\/fr\/mobilier-urbain\/eden\/\"]}]},{\"@type\":\"ImageObject\",\"inLanguage\":\"fr-FR\",\"@id\":\"https:\/\/www.urbidermis.com\/fr\/mobilier-urbain\/eden\/#primaryimage\",\"url\":\"https:\/\/www.urbidermis.com\/wp-content\/uploads\/20231114_Spain_Barcelona_Belloch_EJL_Laia_Sabate\u0301_09-scaled.jpg\",\"contentUrl\":\"https:\/\/www.urbidermis.com\/wp-content\/uploads\/20231114_Spain_Barcelona_Belloch_EJL_Laia_Sabate\u0301_09-scaled.jpg\",\"width\":1707,\"height\":2560},{\"@type\":\"BreadcrumbList\",\"@id\":\"https:\/\/www.urbidermis.com\/fr\/mobilier-urbain\/eden\/#breadcrumb\",\"itemListElement\":[{\"@type\":\"ListItem\",\"position\":1,\"name\":\"Home\",\"item\":\"https:\/\/www.urbidermis.com\/fr\/\"},{\"@type\":\"ListItem\",\"position\":2,\"name\":\"Produits\",\"item\":\"https:\/\/www.urbidermis.com\/fr\/produits\/\"},{\"@type\":\"ListItem\",\"position\":3,\"name\":\"Eden\"}]},{\"@type\":\"WebSite\",\"@id\":\"https:\/\/www.urbidermis.com\/fr\/#website\",\"url\":\"https:\/\/www.urbidermis.com\/fr\/\",\"name\":\"Urbidermis\",\"description\":\"Especialistas en la ciudad\",\"publisher\":{\"@id\":\"https:\/\/www.urbidermis.com\/fr\/#organization\"},\"potentialAction\":[{\"@type\":\"SearchAction\",\"target\":{\"@type\":\"EntryPoint\",\"urlTemplate\":\"https:\/\/www.urbidermis.com\/fr\/?s={search_term_string}\"},\"query-input\":\"required name=search_term_string\"}],\"inLanguage\":\"fr-FR\"},{\"@type\":\"Organization\",\"@id\":\"https:\/\/www.urbidermis.com\/fr\/#organization\",\"name\":\"Urbidermis\",\"url\":\"https:\/\/www.urbidermis.com\/fr\/\",\"logo\":{\"@type\":\"ImageObject\",\"inLanguage\":\"fr-FR\",\"@id\":\"https:\/\/www.urbidermis.com\/fr\/#\/schema\/logo\/image\/\",\"url\":\"https:\/\/www.urbidermis.com\/wp-content\/uploads\/logo_urbdermis-1.png\",\"contentUrl\":\"https:\/\/www.urbidermis.com\/wp-content\/uploads\/logo_urbdermis-1.png\",\"width\":601,\"height\":1033,\"caption\":\"Urbidermis\"},\"image\":{\"@id\":\"https:\/\/www.urbidermis.com\/fr\/#\/schema\/logo\/image\/\"}}]}<\/script>\n<!-- \/ Yoast SEO plugin. -->","yoast_head_json":{"title":"Eden - Urbidermis","robots":{"index":"index","follow":"follow","max-snippet":"max-snippet:-1","max-image-preview":"max-image-preview:large","max-video-preview":"max-video-preview:-1"},"canonical":"https:\/\/www.urbidermis.com\/fr\/mobilier-urbain\/eden\/","og_locale":"fr_FR","og_type":"article","og_title":"Eden - Urbidermis","og_description":"Les jardins d'\u00c9den \u00e9taient d\u00e9crits comme un lieu parfait, rempli de beaut\u00e9, de paix et d'abondance. Ils symbolisaient l'\u00e9tat originel d'innocence et d'harmonie. Ce m\u00eame objectif peut d\u00e9sormais \u00eatre apport\u00e9 \u00e0 l'espace public gr\u00e2ce \u00e0 notre syst\u00e8me de jardini\u00e8res et de parterres qui int\u00e8gre facilement la v\u00e9g\u00e9tation dans la vie quotidienne.","og_url":"https:\/\/www.urbidermis.com\/fr\/mobilier-urbain\/eden\/","og_site_name":"Urbidermis","article_modified_time":"2025-09-04T08:35:26+00:00","og_image":[{"width":1707,"height":2560,"url":"https:\/\/www.urbidermis.com\/wp-content\/uploads\/20231114_Spain_Barcelona_Belloch_EJL_Laia_Sabate\u0301_09-scaled.jpg","type":"image\/jpeg"}],"twitter_card":"summary_large_image","schema":{"@context":"https:\/\/schema.org","@graph":[{"@type":"WebPage","@id":"https:\/\/www.urbidermis.com\/fr\/mobilier-urbain\/eden\/","url":"https:\/\/www.urbidermis.com\/fr\/mobilier-urbain\/eden\/","name":"Eden - Urbidermis","isPartOf":{"@id":"https:\/\/www.urbidermis.com\/fr\/#website"},"primaryImageOfPage":{"@id":"https:\/\/www.urbidermis.com\/fr\/mobilier-urbain\/eden\/#primaryimage"},"image":{"@id":"https:\/\/www.urbidermis.com\/fr\/mobilier-urbain\/eden\/#primaryimage"},"thumbnailUrl":"https:\/\/www.urbidermis.com\/wp-content\/uploads\/20231114_Spain_Barcelona_Belloch_EJL_Laia_Sabate\u0301_09-scaled.jpg","datePublished":"2025-05-30T08:30:30+00:00","dateModified":"2025-09-04T08:35:26+00:00","breadcrumb":{"@id":"https:\/\/www.urbidermis.com\/fr\/mobilier-urbain\/eden\/#breadcrumb"},"inLanguage":"fr-FR","potentialAction":[{"@type":"ReadAction","target":["https:\/\/www.urbidermis.com\/fr\/mobilier-urbain\/eden\/"]}]},{"@type":"ImageObject","inLanguage":"fr-FR","@id":"https:\/\/www.urbidermis.com\/fr\/mobilier-urbain\/eden\/#primaryimage","url":"https:\/\/www.urbidermis.com\/wp-content\/uploads\/20231114_Spain_Barcelona_Belloch_EJL_Laia_Sabate\u0301_09-scaled.jpg","contentUrl":"https:\/\/www.urbidermis.com\/wp-content\/uploads\/20231114_Spain_Barcelona_Belloch_EJL_Laia_Sabate\u0301_09-scaled.jpg","width":1707,"height":2560},{"@type":"BreadcrumbList","@id":"https:\/\/www.urbidermis.com\/fr\/mobilier-urbain\/eden\/#breadcrumb","itemListElement":[{"@type":"ListItem","position":1,"name":"Home","item":"https:\/\/www.urbidermis.com\/fr\/"},{"@type":"ListItem","position":2,"name":"Produits","item":"https:\/\/www.urbidermis.com\/fr\/produits\/"},{"@type":"ListItem","position":3,"name":"Eden"}]},{"@type":"WebSite","@id":"https:\/\/www.urbidermis.com\/fr\/#website","url":"https:\/\/www.urbidermis.com\/fr\/","name":"Urbidermis","description":"Especialistas en la ciudad","publisher":{"@id":"https:\/\/www.urbidermis.com\/fr\/#organization"},"potentialAction":[{"@type":"SearchAction","target":{"@type":"EntryPoint","urlTemplate":"https:\/\/www.urbidermis.com\/fr\/?s={search_term_string}"},"query-input":"required name=search_term_string"}],"inLanguage":"fr-FR"},{"@type":"Organization","@id":"https:\/\/www.urbidermis.com\/fr\/#organization","name":"Urbidermis","url":"https:\/\/www.urbidermis.com\/fr\/","logo":{"@type":"ImageObject","inLanguage":"fr-FR","@id":"https:\/\/www.urbidermis.com\/fr\/#\/schema\/logo\/image\/","url":"https:\/\/www.urbidermis.com\/wp-content\/uploads\/logo_urbdermis-1.png","contentUrl":"https:\/\/www.urbidermis.com\/wp-content\/uploads\/logo_urbdermis-1.png","width":601,"height":1033,"caption":"Urbidermis"},"image":{"@id":"https:\/\/www.urbidermis.com\/fr\/#\/schema\/logo\/image\/"}}]}},"_links":{"self":[{"href":"https:\/\/www.urbidermis.com\/fr\/wp-json\/wp\/v2\/product\/26906"}],"collection":[{"href":"https:\/\/www.urbidermis.com\/fr\/wp-json\/wp\/v2\/product"}],"about":[{"href":"https:\/\/www.urbidermis.com\/fr\/wp-json\/wp\/v2\/types\/product"}],"acf:post":[{"embeddable":true,"href":"https:\/\/www.urbidermis.com\/fr\/wp-json\/wp\/v2\/autores\/2783"}],"wp:featuredmedia":[{"embeddable":true,"href":"https:\/\/www.urbidermis.com\/fr\/wp-json\/wp\/v2\/media\/26887"}],"wp:attachment":[{"href":"https:\/\/www.urbidermis.com\/fr\/wp-json\/wp\/v2\/media?parent=26906"}],"wp:term":[{"taxonomy":"product_cat","embeddable":true,"href":"https:\/\/www.urbidermis.com\/fr\/wp-json\/wp\/v2\/product_cat?post=26906"},{"taxonomy":"product_tag","embeddable":true,"href":"https:\/\/www.urbidermis.com\/fr\/wp-json\/wp\/v2\/product_tag?post=26906"}],"curies":[{"name":"wp","href":"https:\/\/api.w.org\/{rel}","templated":true}]}}