


{"id":8382,"date":"2022-03-01T10:27:10","date_gmt":"2022-03-01T10:27:10","guid":{"rendered":"https:\/\/ubweb21.urbidermis.com\/product\/candela\/"},"modified":"2025-06-23T10:52:30","modified_gmt":"2025-06-23T08:52:30","slug":"candela","status":"publish","type":"product","link":"https:\/\/www.urbidermis.com\/fr\/eclairage-urbain\/candela\/","title":{"rendered":"Candela"},"content":{"rendered":"","protected":false},"excerpt":{"rendered":"<p>Luminaire \u00e0 g\u00e9om\u00e9trie ovale con\u00e7u pour l&rsquo;\u00e9clairage de grandes voies urbaines. Candela est un syst\u00e8me d&rsquo;\u00e9clairage flexible, avec un ou deux luminaires \u00e0 la m\u00eame hauteur ou \u00e0 des hauteurs diff\u00e9rentes et diff\u00e9rentes longueurs de bras.<\/p>\n","protected":false},"featured_media":8151,"template":"","meta":{"_acf_changed":false,"inline_featured_image":false},"product_cat":[121,120],"product_tag":[],"acf":{"activador_seccion_impacto_acvs_secctions_acvs":false,"codigos_acvs_matching_row-leds":null,"activator_acf_option_madera_text":false,"texto_bajo_btn_certificados":"","check_para_validar_no_secc_aplication":false,"is_protocolo_y_control_generic":true,"is_producto_residencial_para_mostrar_info_diferente":false,"is_plano_de_cotas_validator":true,"galeria_multidimension_imagenes_plano_de_cotas_proyector":[{"texto_pestana_plano_galeria":"\u00c9clairage sur colonne","imagen_plano_de_cotas":"[link_wp_dam_url ids=\"14835\"]"}],"premios_producto_repeater":[{"nombre_premio_sub_item":"ADI FAD SELECTION","ano_premio_sub_item":"2010"}],"participantes":[7550],"autores":[10502],"ano_creacion_producto":"2009","validacion_producto_descarga":true,"galeria_imagenes_repeater_libro":[{"imagen_item_gal":"[link_wp_dam_url ids=\"17754\"]","activar_video_item_gal":false,"portada_video_item_gal":null,"video_en_horizonal_item_gal":false,"video_item_gal":false},{"imagen_item_gal":"[link_wp_dam_url ids=\"17756\"]","activar_video_item_gal":false,"portada_video_item_gal":null,"video_en_horizonal_item_gal":false,"video_item_gal":false},{"imagen_item_gal":"[link_wp_dam_url ids=\"14958\"]","activar_video_item_gal":false,"portada_video_item_gal":null,"video_en_horizonal_item_gal":false,"video_item_gal":false},{"imagen_item_gal":"[link_wp_dam_url ids=\"12608\"]","activar_video_item_gal":false,"portada_video_item_gal":null,"video_en_horizonal_item_gal":false,"video_item_gal":false},{"imagen_item_gal":"[link_wp_dam_url ids=\"12605\"]","activar_video_item_gal":false,"portada_video_item_gal":null,"video_en_horizonal_item_gal":false,"video_item_gal":false},{"imagen_item_gal":"[link_wp_dam_url ids=\"14960\"]","activar_video_item_gal":false,"portada_video_item_gal":null,"video_en_horizonal_item_gal":false,"video_item_gal":false},{"imagen_item_gal":"[link_wp_dam_url ids=\"14959\"]","activar_video_item_gal":false,"portada_video_item_gal":null,"video_en_horizonal_item_gal":false,"video_item_gal":false}],"secciones_producto":[{"acf_fc_layout":"seccion_navtabs_imagen_dinamica","title_group":{"title_tag":"h2","title_txt":"Intensit\u00e9 sans pollution"},"texto_intro_principal":true,"texto_introductorio":"Le luminaire urbain Candela loge commod\u00e9ment l'ensemble optique et \u00e9lectrique. Son rendement \u00e9lev\u00e9, la possibilit\u00e9 de r\u00e9gulation et une r\u00e9partition pr\u00e9cise de la lumi\u00e8re \u00e0 travers une large gamme d'optiques, offre un bon confort visuel et un \u00e9clairage pr\u00e9cis sur les routes, avenues ou larges trottoirs pi\u00e9tons sans pollution lumineuse.","ventanas_detalles_producto":[{"title_group_producto_grid_single":{"title_tag":"h2","title_txt":"Mat\u00e9riaux"},"imagen_de_fondo_dinamic_single_producto":"","texto_contenido_ventana":true,"contenido_tabs_producto":"<ul>\r\n \t<li>Luminaire en aluminium inject\u00e9 EN-AC-47100 anodis\u00e9 et thermolaqu\u00e9.<\/li>\r\n \t<li>Diffuseur en verre optique tremp\u00e9.<\/li>\r\n \t<li>Visserie en acier inoxydable A2 et presse\u00e9toupes m\u00e9talliques.<\/li>\r\n<\/ul>","acordion":false,"preguntas_y_respuestas":null,"cuadricula_de_colores":false,"componentes_producto":null,"descargables":false,"tipo_datasheet":"simple","datasheet":null,"datasheet_multiple":null,"tipo_instrucciones":"simple","instructions":null,"instructions_multiple":null,"drawings_ce":null,"2d_cad":null,"3d_cad":null,"revit":null,"ldt_photometric_files":null,"ies_photometric_files":null,"validador_detalles_producto":false,"tipo_especificacion":"distribucion"},{"title_group_producto_grid_single":{"title_tag":"h2","title_txt":"Finitions"},"imagen_de_fondo_dinamic_single_producto":"","texto_contenido_ventana":true,"contenido_tabs_producto":"Les couleurs pr\u00e9sent\u00e9es sont purement indicatives.\r\nAutres couleurs sur demande.\r\nConsulter les finitions pour les environnements marins.","acordion":false,"preguntas_y_respuestas":null,"cuadricula_de_colores":true,"componentes_producto":[{"nombre_componente":"","colores":["gris_claro","gris_medio","gris_oscuro"]}],"descargables":false,"tipo_datasheet":"simple","datasheet":null,"datasheet_multiple":null,"tipo_instrucciones":"simple","instructions":null,"instructions_multiple":null,"drawings_ce":null,"2d_cad":null,"3d_cad":null,"revit":null,"ldt_photometric_files":null,"ies_photometric_files":null,"validador_detalles_producto":false,"tipo_especificacion":""},{"title_group_producto_grid_single":{"title_tag":"h2","title_txt":"Source lumineuse"},"imagen_de_fondo_dinamic_single_producto":"","texto_contenido_ventana":true,"contenido_tabs_producto":"<p class=\"p1\"><strong>Puissance du syst\u00e8me (W)<\/strong><\/p>\r\n<p class=\"p2\">Groupe optique \u00e0 haute efficacit\u00e9<\/p>\r\n\r\n<ul>\r\n \t<li>24 LEDs 27W, 38W, 53W<\/li>\r\n \t<li>48 LEDs 51W, 73W, 102W<\/li>\r\n \t<li>72 LEDs 78W, 111W, 156W<\/li>\r\n \t<li>96 LEDs 100W, 145W, 202W<\/li>\r\n<\/ul>\r\n&nbsp;\r\n\r\n<strong>Intensit\u00e9 de fonctionnement (mA)<\/strong>\r\n<ul>\r\n \t<li>350<\/li>\r\n \t<li>500<\/li>\r\n \t<li>700<\/li>\r\n<\/ul>\r\n&nbsp;\r\n<p class=\"p1\"><strong>Temp\u00e9rature de couleur (K)<\/strong><\/p>\r\n\r\n<ul>\r\n \t<li>4000 IRC min 80<\/li>\r\n \t<li>3000 IRC min 80<\/li>\r\n \t<li>2700 IRC min 80<\/li>\r\n \t<li>2200 IRC min 70<\/li>\r\n \t<li>PC Ambre IRC min 40<\/li>\r\n<\/ul>\r\nAutres temp\u00e9ratures de couleur et\/ou IRC disponibles sur demande.\r\n\r\n&nbsp;\r\n\r\n<strong>Dur\u00e9e de vie<\/strong>\r\n\r\nTM21 L90 (10k) &gt; 100.000 h.","acordion":false,"preguntas_y_respuestas":null,"cuadricula_de_colores":false,"componentes_producto":null,"descargables":false,"tipo_datasheet":"simple","datasheet":null,"datasheet_multiple":null,"tipo_instrucciones":"simple","instructions":null,"instructions_multiple":null,"drawings_ce":null,"2d_cad":null,"3d_cad":null,"revit":null,"ldt_photometric_files":null,"ies_photometric_files":null,"validador_detalles_producto":false,"tipo_especificacion":"control"},{"title_group_producto_grid_single":{"title_tag":"h2","title_txt":"Plan cot\u00e9"},"imagen_de_fondo_dinamic_single_producto":"","texto_contenido_ventana":false,"contenido_tabs_producto":"Luminaire en aluminium inject\u00e9 EN-AC-47100 avec finition thermolaqu\u00e9e avec protection anticorrosion C3. Diffuseur en verre optique tremp\u00e9. Visserie en acier inoxydable A2.","acordion":false,"preguntas_y_respuestas":null,"cuadricula_de_colores":false,"componentes_producto":null,"descargables":false,"tipo_datasheet":"simple","datasheet":null,"datasheet_multiple":null,"tipo_instrucciones":"simple","instructions":null,"instructions_multiple":null,"drawings_ce":null,"2d_cad":null,"3d_cad":null,"revit":null,"ldt_photometric_files":null,"ies_photometric_files":null,"validador_detalles_producto":false,"tipo_especificacion":"certificados"},{"title_group_producto_grid_single":{"title_tag":"h2","title_txt":"Distributions"},"imagen_de_fondo_dinamic_single_producto":"","texto_contenido_ventana":false,"contenido_tabs_producto":"","acordion":false,"preguntas_y_respuestas":null,"cuadricula_de_colores":false,"componentes_producto":null,"descargables":false,"tipo_datasheet":"simple","datasheet":null,"datasheet_multiple":null,"tipo_instrucciones":"simple","instructions":null,"instructions_multiple":null,"drawings_ce":null,"2d_cad":null,"3d_cad":null,"revit":null,"ldt_photometric_files":null,"ies_photometric_files":null,"validador_detalles_producto":true,"tipo_especificacion":"distribucion"},{"title_group_producto_grid_single":{"title_tag":"h2","title_txt":"Protocoles et contr\u00f4le"},"imagen_de_fondo_dinamic_single_producto":"","texto_contenido_ventana":true,"contenido_tabs_producto":"Double niveau par ligne de commande.\r\nFlux Header.\r\nProgrammation automatique.","acordion":false,"preguntas_y_respuestas":null,"cuadricula_de_colores":false,"componentes_producto":[{"nombre_componente":"","colores":["gris_claro","gris_medio","gris_oscuro"]}],"descargables":false,"tipo_datasheet":"simple","datasheet":null,"datasheet_multiple":null,"tipo_instrucciones":"simple","instructions":null,"instructions_multiple":null,"drawings_ce":null,"2d_cad":null,"3d_cad":null,"revit":null,"ldt_photometric_files":null,"ies_photometric_files":null,"validador_detalles_producto":true,"tipo_especificacion":"control"},{"title_group_producto_grid_single":{"title_tag":"h2","title_txt":"Maintenance"},"imagen_de_fondo_dinamic_single_producto":"","texto_contenido_ventana":true,"contenido_tabs_producto":"<ul>\r\n \t<li>Comprend une soupape de compensation de pression et un parasurtenseur de 10 kV (CE).<\/li>\r\n \t<li>Nettoyer avec des produits de nettoyage au pH neutre, sans alcool et non abrasifs.<\/li>\r\n<\/ul>","acordion":false,"preguntas_y_respuestas":null,"cuadricula_de_colores":false,"componentes_producto":null,"descargables":false,"tipo_datasheet":"simple","datasheet":null,"datasheet_multiple":null,"tipo_instrucciones":"simple","instructions":null,"instructions_multiple":null,"drawings_ce":null,"2d_cad":null,"3d_cad":null,"revit":null,"ldt_photometric_files":null,"ies_photometric_files":null,"validador_detalles_producto":false,"tipo_especificacion":""},{"title_group_producto_grid_single":{"title_tag":"h2","title_txt":"Certificats"},"imagen_de_fondo_dinamic_single_producto":"","texto_contenido_ventana":false,"contenido_tabs_producto":"","acordion":false,"preguntas_y_respuestas":null,"cuadricula_de_colores":false,"componentes_producto":null,"descargables":false,"tipo_datasheet":"simple","datasheet":null,"datasheet_multiple":null,"tipo_instrucciones":"simple","instructions":null,"instructions_multiple":null,"drawings_ce":null,"2d_cad":null,"3d_cad":null,"revit":null,"ldt_photometric_files":null,"ies_photometric_files":null,"validador_detalles_producto":true,"tipo_especificacion":"certificados"}]},{"acf_fc_layout":"seccion_navtabs_imagen_dinamica","title_group":{"title_tag":"h2","title_txt":"Applications"},"texto_intro_principal":false,"texto_introductorio":"","ventanas_detalles_producto":[{"title_group_producto_grid_single":{"title_tag":"h2","title_txt":"\u00c9clairage sur colonne"},"imagen_de_fondo_dinamic_single_producto":"[link_wp_dam_url ids=\"12604\"]","texto_contenido_ventana":true,"contenido_tabs_producto":"L'\u00e9clairage sur colonne est le plus ordonn\u00e9 et le plus fonctionnel dans les projets urbains. Il harmonise techniquement les trac\u00e9s avec de bons indices d'uniformit\u00e9 et des valeurs luminiques adapt\u00e9es. Les accessoires, simple ou double, permettent d'\u00e9loigner le luminaire de la colonne et de la cime des arbres de la rue.","acordion":true,"preguntas_y_respuestas":[{"pregunta":"Mat\u00e9riaux","respuesta":"Bride en aluminium inject\u00e9 EN-AC-47100 anodis\u00e9 et thermolaqu\u00e9. Bras en acier galvanis\u00e9 \u00e0 chaud thermolaqu\u00e9.Visserie en acier inoxydable A2.\r\n\r\nColonne en tube cylindrique, d\u2019une section ou deux, en acier S-275 JR classe 1 galvanis\u00e9 \u00e0 chaud, finition thermolaqu\u00e9e. Boulons en acier (275) zingu\u00e9s. Visserie en acier zingu\u00e9."},{"pregunta":"Installation","respuesta":"Fixation de la colonne au moyen d\u2019un bloc de b\u00e9ton, avec une rainure pour le raccordement \u00e9lectrique, r\u00e9alis\u00e9 sur place et quatre boulons d\u2019ancrage par colonne, \u00e0 20 cm sous le niveau du rev\u00eatement.\r\n\r\nGabarit et boulons d\u2019ancrage inclus."},{"pregunta":"Poids","respuesta":"Luminaire\u00a0: 11,5\r\nBride : 0,7\r\nBras court : 1,6\r\nBras moyen : 2,1\r\nBras long : 4,0\r\n\r\n*Poids approximatif sans emballage (kg)"}],"cuadricula_de_colores":false,"componentes_producto":null,"descargables":false,"tipo_datasheet":"simple","datasheet":null,"datasheet_multiple":null,"tipo_instrucciones":"simple","instructions":null,"instructions_multiple":null,"drawings_ce":null,"2d_cad":null,"3d_cad":null,"revit":null,"ldt_photometric_files":null,"ies_photometric_files":null,"validador_detalles_producto":false,"tipo_especificacion":""}]},{"acf_fc_layout":"seccion_navtabs_imagen_dinamica","title_group":{"title_tag":"h2","title_txt":"T\u00e9l\u00e9chargeables"},"texto_intro_principal":false,"texto_introductorio":"","ventanas_detalles_producto":[{"title_group_producto_grid_single":{"title_tag":"h2","title_txt":"Luminaire"},"imagen_de_fondo_dinamic_single_producto":"","texto_contenido_ventana":false,"contenido_tabs_producto":"","acordion":false,"preguntas_y_respuestas":null,"cuadricula_de_colores":false,"componentes_producto":null,"descargables":true,"tipo_datasheet":"simple","datasheet":18004,"datasheet_multiple":null,"tipo_instrucciones":"multiple","instructions":null,"instructions_multiple":[{"instructions_title":"CE","instructions_file":17788},{"instructions_title":"UL","instructions_file":17792}],"drawings_ce":14080,"2d_cad":14211,"3d_cad":"","revit":15282,"ldt_photometric_files":"","ies_photometric_files":12608,"validador_detalles_producto":false,"tipo_especificacion":""},{"title_group_producto_grid_single":{"title_tag":"h2","title_txt":"\u00c9clairage sur colonne "},"imagen_de_fondo_dinamic_single_producto":"","texto_contenido_ventana":false,"contenido_tabs_producto":"","acordion":false,"preguntas_y_respuestas":null,"cuadricula_de_colores":false,"componentes_producto":null,"descargables":true,"tipo_datasheet":"simple","datasheet":13281,"datasheet_multiple":null,"tipo_instrucciones":"simple","instructions":13297,"instructions_multiple":null,"drawings_ce":"","2d_cad":"","3d_cad":13289,"revit":"","ldt_photometric_files":"","ies_photometric_files":"","validador_detalles_producto":false,"tipo_especificacion":""}]},{"acf_fc_layout":"seccion_consulta_nuestros_expertos","imagen_de_fondo_single_producto":"[link_wp_dam_url ids=\"14961\" size=\"x2400\"]","imagen_de_fondo_single_producto_mobile":"[link_wp_dam_url ids=\"12603\"]"},{"acf_fc_layout":"seccion_imagen_de_fondo_con_sub_menu","titulo_group_list_contet_proyectos":{"title_tag":"h3","title_txt":"Candela dans la ville"},"ancla_copy2":{"title":"Voir plus de projets","url":"https:\/\/www.urbidermis.com\/fr\/projets\/","target":""},"proyectos_relacionados":[{"project":26301,"project_img":"[link_wp_dam_url ids=\"17731\"]"},{"project":4394,"project_img":"[link_wp_dam_url ids=\"12609\"]"},{"project":5535,"project_img":"[link_wp_dam_url ids=\"12610\"]"},{"project":7579,"project_img":"[link_wp_dam_url ids=\"12612\"]"}]}],"dist_simetrica":"","dist_asimetrica":["type-ii","type-iv","type-iii","type+ii-iii"],"dist_indirecta":"","dist_suelo":"","control":["1-10v","dali"],"certificados":["ce","ul","rohs","ip66","ik08","clase-i"],"nombre_arbol_entre_comillas":"","nombre_solo_plantas_field":"","isbn_campo_texto":"","autor_book_publicacion_producto":"","idioma_campo_texto":"","enquadernacion_campo_texto":"","_numero_de_paginas_campo_texto":"","pdf_asociado_producto":"","resumen_libro":"","text_content_family_basic_information":"","text_content_family_basic_number_width":"","text_content_family_basic_number_height":"","text_content_planting_density":"","flowers_option_colours":"","flowers_option_season":"","properties_option_pruning":"","properties_option_watering":"","properties_option_sun_exposure":"","properties_option_minimum_temp":"","properties_option_soil_type":"","properties_option_fire":"","properties_option_heat":"","properties_option_moisture":"","properties_option_dryness":"","properties_option_coastal_area":"","texto_introduccion_landing_custom":"","enlace_descubre_mas_custom":"","selecciona_tipo_de_imagen_custom":"","imagen_vertical_custom":"","imagen_horizontal_custom":"","opciones_de_texto_1":true,"opciones_de_texto_2":"","opciones_de_texto_3":[]},"yoast_head":"<!-- This site is optimized with the Yoast SEO plugin v22.8 - https:\/\/yoast.com\/wordpress\/plugins\/seo\/ -->\n<title>Candela - Urbidermis<\/title>\n<meta name=\"robots\" content=\"index, follow, max-snippet:-1, max-image-preview:large, max-video-preview:-1\" \/>\n<link rel=\"canonical\" href=\"https:\/\/www.urbidermis.com\/fr\/eclairage-urbain\/candela\/\" \/>\n<meta property=\"og:locale\" content=\"fr_FR\" \/>\n<meta property=\"og:type\" content=\"article\" \/>\n<meta property=\"og:title\" content=\"Candela - Urbidermis\" \/>\n<meta property=\"og:description\" content=\"Luminaire \u00e0 g\u00e9om\u00e9trie ovale con\u00e7u pour l&#039;\u00e9clairage de grandes voies urbaines. Candela est un syst\u00e8me d&#039;\u00e9clairage flexible, avec un ou deux luminaires \u00e0 la m\u00eame hauteur ou \u00e0 des hauteurs diff\u00e9rentes et diff\u00e9rentes longueurs de bras.\" \/>\n<meta property=\"og:url\" content=\"https:\/\/www.urbidermis.com\/fr\/eclairage-urbain\/candela\/\" \/>\n<meta property=\"og:site_name\" content=\"Urbidermis\" \/>\n<meta property=\"article:modified_time\" content=\"2025-06-23T08:52:30+00:00\" \/>\n<meta property=\"og:image\" content=\"https:\/\/www.urbidermis.com\/wp-content\/uploads\/20250120_Spain_Barcelona_Belloch_CDF_Equipo_Urbidermis_05-scaled.jpg\" \/>\n\t<meta property=\"og:image:width\" content=\"1372\" \/>\n\t<meta property=\"og:image:height\" content=\"1920\" \/>\n\t<meta property=\"og:image:type\" content=\"image\/jpeg\" \/>\n<meta name=\"twitter:card\" content=\"summary_large_image\" \/>\n<script type=\"application\/ld+json\" class=\"yoast-schema-graph\">{\"@context\":\"https:\/\/schema.org\",\"@graph\":[{\"@type\":\"WebPage\",\"@id\":\"https:\/\/www.urbidermis.com\/fr\/eclairage-urbain\/candela\/\",\"url\":\"https:\/\/www.urbidermis.com\/fr\/eclairage-urbain\/candela\/\",\"name\":\"Candela - Urbidermis\",\"isPartOf\":{\"@id\":\"https:\/\/www.urbidermis.com\/fr\/#website\"},\"primaryImageOfPage\":{\"@id\":\"https:\/\/www.urbidermis.com\/fr\/eclairage-urbain\/candela\/#primaryimage\"},\"image\":{\"@id\":\"https:\/\/www.urbidermis.com\/fr\/eclairage-urbain\/candela\/#primaryimage\"},\"thumbnailUrl\":\"https:\/\/www.urbidermis.com\/wp-content\/uploads\/20250120_Spain_Barcelona_Belloch_CDF_Equipo_Urbidermis_05-scaled.jpg\",\"datePublished\":\"2022-03-01T10:27:10+00:00\",\"dateModified\":\"2025-06-23T08:52:30+00:00\",\"breadcrumb\":{\"@id\":\"https:\/\/www.urbidermis.com\/fr\/eclairage-urbain\/candela\/#breadcrumb\"},\"inLanguage\":\"fr-FR\",\"potentialAction\":[{\"@type\":\"ReadAction\",\"target\":[\"https:\/\/www.urbidermis.com\/fr\/eclairage-urbain\/candela\/\"]}]},{\"@type\":\"ImageObject\",\"inLanguage\":\"fr-FR\",\"@id\":\"https:\/\/www.urbidermis.com\/fr\/eclairage-urbain\/candela\/#primaryimage\",\"url\":\"https:\/\/www.urbidermis.com\/wp-content\/uploads\/20250120_Spain_Barcelona_Belloch_CDF_Equipo_Urbidermis_05-scaled.jpg\",\"contentUrl\":\"https:\/\/www.urbidermis.com\/wp-content\/uploads\/20250120_Spain_Barcelona_Belloch_CDF_Equipo_Urbidermis_05-scaled.jpg\",\"width\":1372,\"height\":1920},{\"@type\":\"BreadcrumbList\",\"@id\":\"https:\/\/www.urbidermis.com\/fr\/eclairage-urbain\/candela\/#breadcrumb\",\"itemListElement\":[{\"@type\":\"ListItem\",\"position\":1,\"name\":\"Home\",\"item\":\"https:\/\/www.urbidermis.com\/fr\/\"},{\"@type\":\"ListItem\",\"position\":2,\"name\":\"Produits\",\"item\":\"https:\/\/www.urbidermis.com\/fr\/produits\/\"},{\"@type\":\"ListItem\",\"position\":3,\"name\":\"Candela\"}]},{\"@type\":\"WebSite\",\"@id\":\"https:\/\/www.urbidermis.com\/fr\/#website\",\"url\":\"https:\/\/www.urbidermis.com\/fr\/\",\"name\":\"Urbidermis\",\"description\":\"Especialistas en la ciudad\",\"publisher\":{\"@id\":\"https:\/\/www.urbidermis.com\/fr\/#organization\"},\"potentialAction\":[{\"@type\":\"SearchAction\",\"target\":{\"@type\":\"EntryPoint\",\"urlTemplate\":\"https:\/\/www.urbidermis.com\/fr\/?s={search_term_string}\"},\"query-input\":\"required name=search_term_string\"}],\"inLanguage\":\"fr-FR\"},{\"@type\":\"Organization\",\"@id\":\"https:\/\/www.urbidermis.com\/fr\/#organization\",\"name\":\"Urbidermis\",\"url\":\"https:\/\/www.urbidermis.com\/fr\/\",\"logo\":{\"@type\":\"ImageObject\",\"inLanguage\":\"fr-FR\",\"@id\":\"https:\/\/www.urbidermis.com\/fr\/#\/schema\/logo\/image\/\",\"url\":\"https:\/\/www.urbidermis.com\/wp-content\/uploads\/logo_urbdermis-1.png\",\"contentUrl\":\"https:\/\/www.urbidermis.com\/wp-content\/uploads\/logo_urbdermis-1.png\",\"width\":601,\"height\":1033,\"caption\":\"Urbidermis\"},\"image\":{\"@id\":\"https:\/\/www.urbidermis.com\/fr\/#\/schema\/logo\/image\/\"}}]}<\/script>\n<!-- \/ Yoast SEO plugin. -->","yoast_head_json":{"title":"Candela - Urbidermis","robots":{"index":"index","follow":"follow","max-snippet":"max-snippet:-1","max-image-preview":"max-image-preview:large","max-video-preview":"max-video-preview:-1"},"canonical":"https:\/\/www.urbidermis.com\/fr\/eclairage-urbain\/candela\/","og_locale":"fr_FR","og_type":"article","og_title":"Candela - Urbidermis","og_description":"Luminaire \u00e0 g\u00e9om\u00e9trie ovale con\u00e7u pour l'\u00e9clairage de grandes voies urbaines. Candela est un syst\u00e8me d'\u00e9clairage flexible, avec un ou deux luminaires \u00e0 la m\u00eame hauteur ou \u00e0 des hauteurs diff\u00e9rentes et diff\u00e9rentes longueurs de bras.","og_url":"https:\/\/www.urbidermis.com\/fr\/eclairage-urbain\/candela\/","og_site_name":"Urbidermis","article_modified_time":"2025-06-23T08:52:30+00:00","og_image":[{"width":1372,"height":1920,"url":"https:\/\/www.urbidermis.com\/wp-content\/uploads\/20250120_Spain_Barcelona_Belloch_CDF_Equipo_Urbidermis_05-scaled.jpg","type":"image\/jpeg"}],"twitter_card":"summary_large_image","schema":{"@context":"https:\/\/schema.org","@graph":[{"@type":"WebPage","@id":"https:\/\/www.urbidermis.com\/fr\/eclairage-urbain\/candela\/","url":"https:\/\/www.urbidermis.com\/fr\/eclairage-urbain\/candela\/","name":"Candela - Urbidermis","isPartOf":{"@id":"https:\/\/www.urbidermis.com\/fr\/#website"},"primaryImageOfPage":{"@id":"https:\/\/www.urbidermis.com\/fr\/eclairage-urbain\/candela\/#primaryimage"},"image":{"@id":"https:\/\/www.urbidermis.com\/fr\/eclairage-urbain\/candela\/#primaryimage"},"thumbnailUrl":"https:\/\/www.urbidermis.com\/wp-content\/uploads\/20250120_Spain_Barcelona_Belloch_CDF_Equipo_Urbidermis_05-scaled.jpg","datePublished":"2022-03-01T10:27:10+00:00","dateModified":"2025-06-23T08:52:30+00:00","breadcrumb":{"@id":"https:\/\/www.urbidermis.com\/fr\/eclairage-urbain\/candela\/#breadcrumb"},"inLanguage":"fr-FR","potentialAction":[{"@type":"ReadAction","target":["https:\/\/www.urbidermis.com\/fr\/eclairage-urbain\/candela\/"]}]},{"@type":"ImageObject","inLanguage":"fr-FR","@id":"https:\/\/www.urbidermis.com\/fr\/eclairage-urbain\/candela\/#primaryimage","url":"https:\/\/www.urbidermis.com\/wp-content\/uploads\/20250120_Spain_Barcelona_Belloch_CDF_Equipo_Urbidermis_05-scaled.jpg","contentUrl":"https:\/\/www.urbidermis.com\/wp-content\/uploads\/20250120_Spain_Barcelona_Belloch_CDF_Equipo_Urbidermis_05-scaled.jpg","width":1372,"height":1920},{"@type":"BreadcrumbList","@id":"https:\/\/www.urbidermis.com\/fr\/eclairage-urbain\/candela\/#breadcrumb","itemListElement":[{"@type":"ListItem","position":1,"name":"Home","item":"https:\/\/www.urbidermis.com\/fr\/"},{"@type":"ListItem","position":2,"name":"Produits","item":"https:\/\/www.urbidermis.com\/fr\/produits\/"},{"@type":"ListItem","position":3,"name":"Candela"}]},{"@type":"WebSite","@id":"https:\/\/www.urbidermis.com\/fr\/#website","url":"https:\/\/www.urbidermis.com\/fr\/","name":"Urbidermis","description":"Especialistas en la ciudad","publisher":{"@id":"https:\/\/www.urbidermis.com\/fr\/#organization"},"potentialAction":[{"@type":"SearchAction","target":{"@type":"EntryPoint","urlTemplate":"https:\/\/www.urbidermis.com\/fr\/?s={search_term_string}"},"query-input":"required name=search_term_string"}],"inLanguage":"fr-FR"},{"@type":"Organization","@id":"https:\/\/www.urbidermis.com\/fr\/#organization","name":"Urbidermis","url":"https:\/\/www.urbidermis.com\/fr\/","logo":{"@type":"ImageObject","inLanguage":"fr-FR","@id":"https:\/\/www.urbidermis.com\/fr\/#\/schema\/logo\/image\/","url":"https:\/\/www.urbidermis.com\/wp-content\/uploads\/logo_urbdermis-1.png","contentUrl":"https:\/\/www.urbidermis.com\/wp-content\/uploads\/logo_urbdermis-1.png","width":601,"height":1033,"caption":"Urbidermis"},"image":{"@id":"https:\/\/www.urbidermis.com\/fr\/#\/schema\/logo\/image\/"}}]}},"_links":{"self":[{"href":"https:\/\/www.urbidermis.com\/fr\/wp-json\/wp\/v2\/product\/8382"}],"collection":[{"href":"https:\/\/www.urbidermis.com\/fr\/wp-json\/wp\/v2\/product"}],"about":[{"href":"https:\/\/www.urbidermis.com\/fr\/wp-json\/wp\/v2\/types\/product"}],"acf:post":[{"embeddable":true,"href":"https:\/\/www.urbidermis.com\/fr\/wp-json\/wp\/v2\/autores\/10502"},{"embeddable":true,"href":"https:\/\/www.urbidermis.com\/fr\/wp-json\/wp\/v2\/perfiles\/7550"}],"wp:featuredmedia":[{"embeddable":true,"href":"https:\/\/www.urbidermis.com\/fr\/wp-json\/wp\/v2\/media\/8151"}],"wp:attachment":[{"href":"https:\/\/www.urbidermis.com\/fr\/wp-json\/wp\/v2\/media?parent=8382"}],"wp:term":[{"taxonomy":"product_cat","embeddable":true,"href":"https:\/\/www.urbidermis.com\/fr\/wp-json\/wp\/v2\/product_cat?post=8382"},{"taxonomy":"product_tag","embeddable":true,"href":"https:\/\/www.urbidermis.com\/fr\/wp-json\/wp\/v2\/product_tag?post=8382"}],"curies":[{"name":"wp","href":"https:\/\/api.w.org\/{rel}","templated":true}]}}