


{"id":8543,"date":"2022-03-01T10:36:05","date_gmt":"2022-03-01T10:36:05","guid":{"rendered":"https:\/\/ubweb21.urbidermis.com\/product\/bancal\/"},"modified":"2026-04-08T14:39:59","modified_gmt":"2026-04-08T12:39:59","slug":"bancal","status":"publish","type":"product","link":"https:\/\/www.urbidermis.com\/fr\/bancs-urbains\/bancal\/","title":{"rendered":"Bancal"},"content":{"rendered":"","protected":false},"excerpt":{"rendered":"<p>Le banc Bancal forme de vastes alignements de si\u00e8ges o\u00f9 l&rsquo;humilit\u00e9 prime sur tout manifeste rh\u00e9torique. Compos\u00e9 d&rsquo;\u00e9l\u00e9ments \u00e0 l&rsquo;expression formelle minimale et \u00e0 haute fonction communautaire, une plaque d&rsquo;acier pli\u00e9e forme la structure, avec l&rsquo;assise et le dossier en lattes de bois massif.<\/p>\n","protected":false},"featured_media":22599,"template":"","meta":{"_acf_changed":false,"inline_featured_image":false},"product_cat":[243,242],"product_tag":[],"acf":{"activador_seccion_impacto_acvs_secctions_acvs":true,"texto_enlace_amplifyapp":"Bancal_Urban_furniture","codigos_acvs_matching_row-leds":[{"texto_pestana_item_fetch":"Banquette 2,24 m","codigo_item_fetch":"BCB + 104"},{"texto_pestana_item_fetch":"Banc 2,24 m","codigo_item_fetch":"BCB + 114"},{"texto_pestana_item_fetch":"Banc 4,47 m","codigo_item_fetch":"BCB + 204"},{"texto_pestana_item_fetch":"Banc 6,50 m","codigo_item_fetch":"BCB + 304"}],"activator_acf_option_madera_text":true,"texto_bajo_btn_certificados":"","check_para_validar_no_secc_aplication":false,"is_protocolo_y_control_generic":false,"is_producto_residencial_para_mostrar_info_diferente":false,"is_plano_de_cotas_validator":true,"galeria_multidimension_imagenes_plano_de_cotas_proyector":[{"texto_pestana_plano_galeria":"Banc","imagen_plano_de_cotas":"[link_wp_dam_url ids=\"14530\"]"},{"texto_pestana_plano_galeria":"Banquette","imagen_plano_de_cotas":"[link_wp_dam_url ids=\"14528\"]"},{"texto_pestana_plano_galeria":" Banc sur muret","imagen_plano_de_cotas":"[link_wp_dam_url ids=\"14529\"]"},{"texto_pestana_plano_galeria":"Alignement","imagen_plano_de_cotas":"[link_wp_dam_url ids=\"14527\"]"}],"premios_producto_repeater":null,"participantes":[7550],"autores":[10693],"ano_creacion_producto":"2000","validacion_producto_descarga":true,"galeria_imagenes_repeater_libro":[{"imagen_item_gal":"[link_wp_dam_url ids=\"13100\"]","activar_video_item_gal":false,"portada_video_item_gal":null,"video_en_horizonal_item_gal":false,"video_item_gal":false},{"imagen_item_gal":"[link_wp_dam_url ids=\"13104\"]","activar_video_item_gal":false,"portada_video_item_gal":null,"video_en_horizonal_item_gal":false,"video_item_gal":false},{"imagen_item_gal":"[link_wp_dam_url ids=\"18370\"]","activar_video_item_gal":false,"portada_video_item_gal":null,"video_en_horizonal_item_gal":false,"video_item_gal":false},{"imagen_item_gal":"[link_wp_dam_url ids=\"13101\"]","activar_video_item_gal":false,"portada_video_item_gal":null,"video_en_horizonal_item_gal":false,"video_item_gal":false},{"imagen_item_gal":"[link_wp_dam_url ids=\"13102\"]","activar_video_item_gal":false,"portada_video_item_gal":null,"video_en_horizonal_item_gal":false,"video_item_gal":false},{"imagen_item_gal":"[link_wp_dam_url ids=\"13103\"]","activar_video_item_gal":false,"portada_video_item_gal":null,"video_en_horizonal_item_gal":false,"video_item_gal":false}],"secciones_producto":[{"acf_fc_layout":"seccion_navtabs_imagen_dinamica","title_group":{"title_tag":"h2","title_txt":"Modulaire et robuste"},"texto_intro_principal":true,"texto_introductorio":"Banc urbain simple et efficace, con\u00e7u pour des sc\u00e9narios d'interrelation et pour r\u00e9sister \u00e0 des utilisations extr\u00eames. La possibilit\u00e9 d'alterner ou d'aligner les dossiers permet de cr\u00e9er des sc\u00e8nes du quotidien qui renforcent le bien-\u00eatre social, tandis que les mat\u00e9riaux nobles r\u00e9sistent aux exigences de l'espace urbain.","ventanas_detalles_producto":[{"title_group_producto_grid_single":{"title_tag":"h2","title_txt":"Mat\u00e9riaux"},"imagen_de_fondo_dinamic_single_producto":"","texto_contenido_ventana":true,"contenido_tabs_producto":"<ul>\r\n \t<li>Structure en t\u00f4le d'acier S235 JR galvanis\u00e9 \u00e0 chaud de 6 mm, finition thermolaqu\u00e9e avec protection anticorrosion C3.<\/li>\r\n \t<li>Assise et dossier en lattes de bois tropical avec Certification 100% FSC de 50\/65 x 160 mm prot\u00e9g\u00e9 avec de l'huile monocouche.<\/li>\r\n \t<li>Accoudoirs en acier inoxydable AISI304 en option.<\/li>\r\n \t<li>Visserie en acier inoxydable A2.<\/li>\r\n<\/ul>","acordion":false,"preguntas_y_respuestas":null,"cuadricula_de_colores":false,"componentes_producto":null,"descargables":false,"tipo_datasheet":"simple","datasheet":null,"datasheet_multiple":null,"tipo_instrucciones":"simple","instructions":null,"instructions_multiple":null,"drawings_ce":null,"2d_cad":null,"3d_cad":null,"revit":null,"ldt_photometric_files":null,"ies_photometric_files":null,"validador_detalles_producto":false,"tipo_especificacion":"certificados"},{"title_group_producto_grid_single":{"title_tag":"h2","title_txt":"Finitions"},"imagen_de_fondo_dinamic_single_producto":"","texto_contenido_ventana":true,"contenido_tabs_producto":"Les couleurs pr\u00e9sent\u00e9es sont purement indicatives.\r\nAutres couleurs sur demande.\r\nConsulter les finitions pour les environnements marins.","acordion":false,"preguntas_y_respuestas":null,"cuadricula_de_colores":true,"componentes_producto":[{"nombre_componente":"","colores":["madera_tropical"]}],"descargables":false,"tipo_datasheet":"simple","datasheet":null,"datasheet_multiple":null,"tipo_instrucciones":"simple","instructions":null,"instructions_multiple":null,"drawings_ce":null,"2d_cad":null,"3d_cad":null,"revit":null,"ldt_photometric_files":null,"ies_photometric_files":null,"validador_detalles_producto":false,"tipo_especificacion":""},{"title_group_producto_grid_single":{"title_tag":"h2","title_txt":"Plan cot\u00e9"},"imagen_de_fondo_dinamic_single_producto":"","texto_contenido_ventana":false,"contenido_tabs_producto":"Installation au moyen de deux boulons galvanis\u00e9s M10x120 par structure de support ins\u00e9r\u00e9s dans des trous pr\u00e9alablement pratiqu\u00e9s dans la chauss\u00e9e, remplis de r\u00e9sine \u00e9poxy, de ciment rapide ou similaire. L'\u00e9l\u00e9ment est livr\u00e9 emball\u00e9. Instructions d'installation et de montage, quincaillerie et boulons inclus.","acordion":false,"preguntas_y_respuestas":null,"cuadricula_de_colores":false,"componentes_producto":[{"nombre_componente":"","colores":["madera_tropical"]}],"descargables":false,"tipo_datasheet":"simple","datasheet":null,"datasheet_multiple":null,"tipo_instrucciones":"simple","instructions":null,"instructions_multiple":null,"drawings_ce":null,"2d_cad":null,"3d_cad":null,"revit":null,"ldt_photometric_files":null,"ies_photometric_files":null,"validador_detalles_producto":false,"tipo_especificacion":""},{"title_group_producto_grid_single":{"title_tag":"h2","title_txt":"Installation"},"imagen_de_fondo_dinamic_single_producto":"","texto_contenido_ventana":true,"contenido_tabs_producto":"<ul>\r\n \t<li>Installation au moyen de deux boulons galvanis\u00e9s M10x120 par structure de support ins\u00e9r\u00e9s dans des trous pr\u00e9alablement pratiqu\u00e9s dans la chauss\u00e9e, remplis de r\u00e9sine \u00e9poxy, de ciment rapide ou similaire.<\/li>\r\n \t<li>L'\u00e9l\u00e9ment est livr\u00e9 emball\u00e9.<\/li>\r\n \t<li>Instructions d'installation et de montage, quincaillerie et boulons inclus.<\/li>\r\n<\/ul>","acordion":false,"preguntas_y_respuestas":null,"cuadricula_de_colores":false,"componentes_producto":null,"descargables":false,"tipo_datasheet":"simple","datasheet":null,"datasheet_multiple":null,"tipo_instrucciones":"simple","instructions":null,"instructions_multiple":null,"drawings_ce":null,"2d_cad":null,"3d_cad":null,"revit":null,"ldt_photometric_files":null,"ies_photometric_files":null,"validador_detalles_producto":false,"tipo_especificacion":""},{"title_group_producto_grid_single":{"title_tag":"h2","title_txt":"Maintenance"},"imagen_de_fondo_dinamic_single_producto":"","texto_contenido_ventana":true,"contenido_tabs_producto":"<ul>\r\n \t<li>Ne n\u00e9cessite aucun entretien, si ce n\u2019est pour conserver la couleur d'origine du bois.<\/li>\r\n<\/ul>","acordion":false,"preguntas_y_respuestas":null,"cuadricula_de_colores":false,"componentes_producto":null,"descargables":false,"tipo_datasheet":"simple","datasheet":null,"datasheet_multiple":null,"tipo_instrucciones":"simple","instructions":null,"instructions_multiple":null,"drawings_ce":null,"2d_cad":null,"3d_cad":null,"revit":null,"ldt_photometric_files":null,"ies_photometric_files":null,"validador_detalles_producto":false,"tipo_especificacion":""},{"title_group_producto_grid_single":{"title_tag":"h2","title_txt":"Certificats"},"imagen_de_fondo_dinamic_single_producto":"","texto_contenido_ventana":false,"contenido_tabs_producto":"","acordion":false,"preguntas_y_respuestas":null,"cuadricula_de_colores":false,"componentes_producto":null,"descargables":false,"tipo_datasheet":"simple","datasheet":null,"datasheet_multiple":null,"tipo_instrucciones":"simple","instructions":null,"instructions_multiple":null,"drawings_ce":null,"2d_cad":null,"3d_cad":null,"revit":null,"ldt_photometric_files":null,"ies_photometric_files":null,"validador_detalles_producto":true,"tipo_especificacion":"certificados"}]},{"acf_fc_layout":"seccion_navtabs_imagen_dinamica","title_group":{"title_tag":"h2","title_txt":"Typologie"},"texto_intro_principal":false,"texto_introductorio":"","ventanas_detalles_producto":[{"title_group_producto_grid_single":{"title_tag":"h2","title_txt":"Banc"},"imagen_de_fondo_dinamic_single_producto":"[link_wp_dam_url ids=\"13105\"]","texto_contenido_ventana":true,"contenido_tabs_producto":"Le banc est l'\u00e9l\u00e9ment par excellence de l'espace urbain. Il permet de se reposer, de discuter ou d'admirer le paysage et connote la qualit\u00e9 de l'espace public. Avec un dossier pour offrir un grand confort, avec ou sans accoudoirs pour faciliter l'incorporation, dans des mat\u00e9riaux et des finitions r\u00e9sistants \u00e0 l'usage.","acordion":true,"preguntas_y_respuestas":[{"pregunta":"Poids","respuesta":"Une section avec dossier : 110\r\nAccoudoir : 4\r\n\r\n*Poids approximatif sans emballage (kg)"}],"cuadricula_de_colores":false,"componentes_producto":null,"descargables":false,"tipo_datasheet":"simple","datasheet":null,"datasheet_multiple":null,"tipo_instrucciones":"simple","instructions":null,"instructions_multiple":null,"drawings_ce":null,"2d_cad":null,"3d_cad":null,"revit":null,"ldt_photometric_files":null,"ies_photometric_files":null,"validador_detalles_producto":false,"tipo_especificacion":""},{"title_group_producto_grid_single":{"title_tag":"h2","title_txt":"Banquette"},"imagen_de_fondo_dinamic_single_producto":"[link_wp_dam_url ids=\"18367\"]","texto_contenido_ventana":true,"contenido_tabs_producto":"La banquette repr\u00e9sente le deuxi\u00e8me \u00e9l\u00e9ment d'importance cardinale de l'espace urbain. \u00c9l\u00e9ment sans dossier, il est utile pour \u00eatre utilis\u00e9 dans des zones avec des plans de travail, des tables ou pour cr\u00e9er des espaces de repos plus \u00e9ph\u00e9m\u00e8res.","acordion":true,"preguntas_y_respuestas":[{"pregunta":"Poids","respuesta":"Une section sans dossier : 80\r\nAccoudoir : 4\r\n\r\n*Poids approximatif sans emballage (kg)"}],"cuadricula_de_colores":false,"componentes_producto":null,"descargables":false,"tipo_datasheet":"simple","datasheet":null,"datasheet_multiple":null,"tipo_instrucciones":"simple","instructions":null,"instructions_multiple":null,"drawings_ce":null,"2d_cad":null,"3d_cad":null,"revit":null,"ldt_photometric_files":null,"ies_photometric_files":null,"validador_detalles_producto":false,"tipo_especificacion":""},{"title_group_producto_grid_single":{"title_tag":"h2","title_txt":" Banc sur muret"},"imagen_de_fondo_dinamic_single_producto":"[link_wp_dam_url ids=\"14659\"]","texto_contenido_ventana":true,"contenido_tabs_producto":"Le banc sur muret permet de fixer une surface de repos \u00e0 l\u2019\u00e9l\u00e9ment d\u00e9limitant, avec ou sans dossier, afin de pouvoir int\u00e9grer des espaces de vie dans le paysage, dans des projets aux programmes complexes.","acordion":true,"preguntas_y_respuestas":[{"pregunta":"Poids","respuesta":"Un segment sans dossier sur un muret bas : 68\r\nUn segment avec dossier sur un muret bas : 99\r\nDeux segments avec un dossier sur un muret bas : 115\r\n\r\n*Poids approximatif sans emballage (kg)\r\n\r\n&nbsp;\r\n\r\n&nbsp;"}],"cuadricula_de_colores":false,"componentes_producto":null,"descargables":false,"tipo_datasheet":"simple","datasheet":null,"datasheet_multiple":null,"tipo_instrucciones":"simple","instructions":null,"instructions_multiple":null,"drawings_ce":null,"2d_cad":null,"3d_cad":null,"revit":null,"ldt_photometric_files":null,"ies_photometric_files":null,"validador_detalles_producto":false,"tipo_especificacion":""},{"title_group_producto_grid_single":{"title_tag":"h2","title_txt":"Alignement"},"imagen_de_fondo_dinamic_single_producto":"[link_wp_dam_url ids=\"13106\"]","texto_contenido_ventana":true,"contenido_tabs_producto":"Les \u00e9l\u00e9ments de repos d'alignement sont essentiels pour adapter cette fonction \u00e0 la conformation de l'espace. La continuit\u00e9 de la composition dynamise les relations sociales et nous invite \u00e0 tisser des \u00e9pisodes de vie citoyenne.","acordion":true,"preguntas_y_respuestas":[{"pregunta":"Poids","respuesta":"Une section sans dossier : 80\r\nUne section avec dossier : 110\r\n2 sections avec 1 dossier : 184\r\n3 sections avec 2 dossiers invers\u00e9s : 284\r\n3 sections avec 3 dossiers : 299\r\nAccoudoir : 4\r\n\r\n*Poids approximatif sans emballage (kg)"}],"cuadricula_de_colores":false,"componentes_producto":null,"descargables":false,"tipo_datasheet":"simple","datasheet":null,"datasheet_multiple":null,"tipo_instrucciones":"simple","instructions":null,"instructions_multiple":null,"drawings_ce":null,"2d_cad":null,"3d_cad":null,"revit":null,"ldt_photometric_files":null,"ies_photometric_files":null,"validador_detalles_producto":false,"tipo_especificacion":""}]},{"acf_fc_layout":"seccion_navtabs_imagen_dinamica","title_group":{"title_tag":"h2","title_txt":"T\u00e9l\u00e9chargeables"},"texto_intro_principal":false,"texto_introductorio":"","ventanas_detalles_producto":[{"title_group_producto_grid_single":{"title_tag":"h2","title_txt":""},"imagen_de_fondo_dinamic_single_producto":"[link_wp_dam_url ids=\"11155\"]","texto_contenido_ventana":false,"contenido_tabs_producto":"","acordion":false,"preguntas_y_respuestas":null,"cuadricula_de_colores":false,"componentes_producto":null,"descargables":true,"tipo_datasheet":"multiple","datasheet":11359,"datasheet_multiple":[{"datasheet_title":"Bancal","datasheet_file":21686},{"datasheet_title":"Bois","datasheet_file":15830}],"tipo_instrucciones":"multiple","instructions":11342,"instructions_multiple":[{"instructions_title":"Banc","instructions_file":25274},{"instructions_title":"Banc sur muret","instructions_file":24899}],"drawings_ce":14464,"2d_cad":14526,"3d_cad":13607,"revit":13657,"ldt_photometric_files":"","ies_photometric_files":"","validador_detalles_producto":false,"tipo_especificacion":""}]},{"acf_fc_layout":"seccion_consulta_nuestros_expertos","imagen_de_fondo_single_producto":"[link_wp_dam_url ids=\"13099\" size=\"x2400\"]","imagen_de_fondo_single_producto_mobile":""},{"acf_fc_layout":"seccion_imagen_de_fondo_con_sub_menu","titulo_group_list_contet_proyectos":{"title_tag":"h3","title_txt":"Bancal dans la ville"},"ancla_copy2":"","proyectos_relacionados":[{"project":27935,"project_img":"[link_wp_dam_url ids=\"18366\"]"},{"project":4283,"project_img":"[link_wp_dam_url ids=\"13108\"]"},{"project":8553,"project_img":"[link_wp_dam_url ids=\"13109\"]"},{"project":17084,"project_img":"[link_wp_dam_url ids=\"13110\"]"},{"project":14426,"project_img":"[link_wp_dam_url ids=\"13111\"]"},{"project":15657,"project_img":"[link_wp_dam_url ids=\"13112\"]"}]}],"dist_simetrica":"","dist_asimetrica":"","dist_indirecta":"","dist_suelo":"","control":"","certificados":["ce","fsc"],"nombre_arbol_entre_comillas":"","nombre_solo_plantas_field":"","isbn_campo_texto":"","autor_book_publicacion_producto":"","idioma_campo_texto":"","enquadernacion_campo_texto":"","_numero_de_paginas_campo_texto":"","pdf_asociado_producto":"","resumen_libro":"","text_content_family_basic_information":"","text_content_family_basic_number_width":"","text_content_family_basic_number_height":"","text_content_planting_density":"","flowers_option_colours":"","flowers_option_season":"","properties_option_pruning":"","properties_option_watering":"","properties_option_sun_exposure":"","properties_option_minimum_temp":"","properties_option_soil_type":"","properties_option_fire":"","properties_option_heat":"","properties_option_moisture":"","properties_option_dryness":"","properties_option_coastal_area":"","texto_introduccion_landing_custom":"","enlace_descubre_mas_custom":"","selecciona_tipo_de_imagen_custom":"","imagen_vertical_custom":"","imagen_horizontal_custom":"","opciones_de_texto_1":true,"opciones_de_texto_2":"acabado_standar","opciones_de_texto_3":""},"yoast_head":"<!-- This site is optimized with the Yoast SEO plugin v22.8 - https:\/\/yoast.com\/wordpress\/plugins\/seo\/ -->\n<title>Bancal - Urbidermis<\/title>\n<meta name=\"robots\" content=\"index, follow, max-snippet:-1, max-image-preview:large, max-video-preview:-1\" \/>\n<link rel=\"canonical\" href=\"https:\/\/www.urbidermis.com\/fr\/bancs-urbains\/bancal\/\" \/>\n<meta property=\"og:locale\" content=\"fr_FR\" \/>\n<meta property=\"og:type\" content=\"article\" \/>\n<meta property=\"og:title\" content=\"Bancal - Urbidermis\" \/>\n<meta property=\"og:description\" content=\"Le banc Bancal forme de vastes alignements de si\u00e8ges o\u00f9 l&#039;humilit\u00e9 prime sur tout manifeste rh\u00e9torique. Compos\u00e9 d&#039;\u00e9l\u00e9ments \u00e0 l&#039;expression formelle minimale et \u00e0 haute fonction communautaire, une plaque d&#039;acier pli\u00e9e forme la structure, avec l&#039;assise et le dossier en lattes de bois massif.\" \/>\n<meta property=\"og:url\" content=\"https:\/\/www.urbidermis.com\/fr\/bancs-urbains\/bancal\/\" \/>\n<meta property=\"og:site_name\" content=\"Urbidermis\" \/>\n<meta property=\"article:modified_time\" content=\"2026-04-08T12:39:59+00:00\" \/>\n<meta property=\"og:image\" content=\"https:\/\/www.urbidermis.com\/wp-content\/uploads\/20181212_Spain_Barcelona_Belloch_BCB_Enric_Badrinas_04_ok-scaled.jpg\" \/>\n\t<meta property=\"og:image:width\" content=\"1829\" \/>\n\t<meta property=\"og:image:height\" content=\"2560\" \/>\n\t<meta property=\"og:image:type\" content=\"image\/jpeg\" \/>\n<meta name=\"twitter:card\" content=\"summary_large_image\" \/>\n<script type=\"application\/ld+json\" class=\"yoast-schema-graph\">{\"@context\":\"https:\/\/schema.org\",\"@graph\":[{\"@type\":\"WebPage\",\"@id\":\"https:\/\/www.urbidermis.com\/fr\/bancs-urbains\/bancal\/\",\"url\":\"https:\/\/www.urbidermis.com\/fr\/bancs-urbains\/bancal\/\",\"name\":\"Bancal - Urbidermis\",\"isPartOf\":{\"@id\":\"https:\/\/www.urbidermis.com\/fr\/#website\"},\"primaryImageOfPage\":{\"@id\":\"https:\/\/www.urbidermis.com\/fr\/bancs-urbains\/bancal\/#primaryimage\"},\"image\":{\"@id\":\"https:\/\/www.urbidermis.com\/fr\/bancs-urbains\/bancal\/#primaryimage\"},\"thumbnailUrl\":\"https:\/\/www.urbidermis.com\/wp-content\/uploads\/20181212_Spain_Barcelona_Belloch_BCB_Enric_Badrinas_04_ok-scaled.jpg\",\"datePublished\":\"2022-03-01T10:36:05+00:00\",\"dateModified\":\"2026-04-08T12:39:59+00:00\",\"breadcrumb\":{\"@id\":\"https:\/\/www.urbidermis.com\/fr\/bancs-urbains\/bancal\/#breadcrumb\"},\"inLanguage\":\"fr-FR\",\"potentialAction\":[{\"@type\":\"ReadAction\",\"target\":[\"https:\/\/www.urbidermis.com\/fr\/bancs-urbains\/bancal\/\"]}]},{\"@type\":\"ImageObject\",\"inLanguage\":\"fr-FR\",\"@id\":\"https:\/\/www.urbidermis.com\/fr\/bancs-urbains\/bancal\/#primaryimage\",\"url\":\"https:\/\/www.urbidermis.com\/wp-content\/uploads\/20181212_Spain_Barcelona_Belloch_BCB_Enric_Badrinas_04_ok-scaled.jpg\",\"contentUrl\":\"https:\/\/www.urbidermis.com\/wp-content\/uploads\/20181212_Spain_Barcelona_Belloch_BCB_Enric_Badrinas_04_ok-scaled.jpg\",\"width\":1829,\"height\":2560},{\"@type\":\"BreadcrumbList\",\"@id\":\"https:\/\/www.urbidermis.com\/fr\/bancs-urbains\/bancal\/#breadcrumb\",\"itemListElement\":[{\"@type\":\"ListItem\",\"position\":1,\"name\":\"Home\",\"item\":\"https:\/\/www.urbidermis.com\/fr\/\"},{\"@type\":\"ListItem\",\"position\":2,\"name\":\"Produits\",\"item\":\"https:\/\/www.urbidermis.com\/fr\/produits\/\"},{\"@type\":\"ListItem\",\"position\":3,\"name\":\"Bancal\"}]},{\"@type\":\"WebSite\",\"@id\":\"https:\/\/www.urbidermis.com\/fr\/#website\",\"url\":\"https:\/\/www.urbidermis.com\/fr\/\",\"name\":\"Urbidermis\",\"description\":\"Especialistas en la ciudad\",\"publisher\":{\"@id\":\"https:\/\/www.urbidermis.com\/fr\/#organization\"},\"potentialAction\":[{\"@type\":\"SearchAction\",\"target\":{\"@type\":\"EntryPoint\",\"urlTemplate\":\"https:\/\/www.urbidermis.com\/fr\/?s={search_term_string}\"},\"query-input\":\"required name=search_term_string\"}],\"inLanguage\":\"fr-FR\"},{\"@type\":\"Organization\",\"@id\":\"https:\/\/www.urbidermis.com\/fr\/#organization\",\"name\":\"Urbidermis\",\"url\":\"https:\/\/www.urbidermis.com\/fr\/\",\"logo\":{\"@type\":\"ImageObject\",\"inLanguage\":\"fr-FR\",\"@id\":\"https:\/\/www.urbidermis.com\/fr\/#\/schema\/logo\/image\/\",\"url\":\"https:\/\/www.urbidermis.com\/wp-content\/uploads\/logo_urbdermis-1.png\",\"contentUrl\":\"https:\/\/www.urbidermis.com\/wp-content\/uploads\/logo_urbdermis-1.png\",\"width\":601,\"height\":1033,\"caption\":\"Urbidermis\"},\"image\":{\"@id\":\"https:\/\/www.urbidermis.com\/fr\/#\/schema\/logo\/image\/\"}}]}<\/script>\n<!-- \/ Yoast SEO plugin. -->","yoast_head_json":{"title":"Bancal - Urbidermis","robots":{"index":"index","follow":"follow","max-snippet":"max-snippet:-1","max-image-preview":"max-image-preview:large","max-video-preview":"max-video-preview:-1"},"canonical":"https:\/\/www.urbidermis.com\/fr\/bancs-urbains\/bancal\/","og_locale":"fr_FR","og_type":"article","og_title":"Bancal - Urbidermis","og_description":"Le banc Bancal forme de vastes alignements de si\u00e8ges o\u00f9 l'humilit\u00e9 prime sur tout manifeste rh\u00e9torique. Compos\u00e9 d'\u00e9l\u00e9ments \u00e0 l'expression formelle minimale et \u00e0 haute fonction communautaire, une plaque d'acier pli\u00e9e forme la structure, avec l'assise et le dossier en lattes de bois massif.","og_url":"https:\/\/www.urbidermis.com\/fr\/bancs-urbains\/bancal\/","og_site_name":"Urbidermis","article_modified_time":"2026-04-08T12:39:59+00:00","og_image":[{"width":1829,"height":2560,"url":"https:\/\/www.urbidermis.com\/wp-content\/uploads\/20181212_Spain_Barcelona_Belloch_BCB_Enric_Badrinas_04_ok-scaled.jpg","type":"image\/jpeg"}],"twitter_card":"summary_large_image","schema":{"@context":"https:\/\/schema.org","@graph":[{"@type":"WebPage","@id":"https:\/\/www.urbidermis.com\/fr\/bancs-urbains\/bancal\/","url":"https:\/\/www.urbidermis.com\/fr\/bancs-urbains\/bancal\/","name":"Bancal - Urbidermis","isPartOf":{"@id":"https:\/\/www.urbidermis.com\/fr\/#website"},"primaryImageOfPage":{"@id":"https:\/\/www.urbidermis.com\/fr\/bancs-urbains\/bancal\/#primaryimage"},"image":{"@id":"https:\/\/www.urbidermis.com\/fr\/bancs-urbains\/bancal\/#primaryimage"},"thumbnailUrl":"https:\/\/www.urbidermis.com\/wp-content\/uploads\/20181212_Spain_Barcelona_Belloch_BCB_Enric_Badrinas_04_ok-scaled.jpg","datePublished":"2022-03-01T10:36:05+00:00","dateModified":"2026-04-08T12:39:59+00:00","breadcrumb":{"@id":"https:\/\/www.urbidermis.com\/fr\/bancs-urbains\/bancal\/#breadcrumb"},"inLanguage":"fr-FR","potentialAction":[{"@type":"ReadAction","target":["https:\/\/www.urbidermis.com\/fr\/bancs-urbains\/bancal\/"]}]},{"@type":"ImageObject","inLanguage":"fr-FR","@id":"https:\/\/www.urbidermis.com\/fr\/bancs-urbains\/bancal\/#primaryimage","url":"https:\/\/www.urbidermis.com\/wp-content\/uploads\/20181212_Spain_Barcelona_Belloch_BCB_Enric_Badrinas_04_ok-scaled.jpg","contentUrl":"https:\/\/www.urbidermis.com\/wp-content\/uploads\/20181212_Spain_Barcelona_Belloch_BCB_Enric_Badrinas_04_ok-scaled.jpg","width":1829,"height":2560},{"@type":"BreadcrumbList","@id":"https:\/\/www.urbidermis.com\/fr\/bancs-urbains\/bancal\/#breadcrumb","itemListElement":[{"@type":"ListItem","position":1,"name":"Home","item":"https:\/\/www.urbidermis.com\/fr\/"},{"@type":"ListItem","position":2,"name":"Produits","item":"https:\/\/www.urbidermis.com\/fr\/produits\/"},{"@type":"ListItem","position":3,"name":"Bancal"}]},{"@type":"WebSite","@id":"https:\/\/www.urbidermis.com\/fr\/#website","url":"https:\/\/www.urbidermis.com\/fr\/","name":"Urbidermis","description":"Especialistas en la ciudad","publisher":{"@id":"https:\/\/www.urbidermis.com\/fr\/#organization"},"potentialAction":[{"@type":"SearchAction","target":{"@type":"EntryPoint","urlTemplate":"https:\/\/www.urbidermis.com\/fr\/?s={search_term_string}"},"query-input":"required name=search_term_string"}],"inLanguage":"fr-FR"},{"@type":"Organization","@id":"https:\/\/www.urbidermis.com\/fr\/#organization","name":"Urbidermis","url":"https:\/\/www.urbidermis.com\/fr\/","logo":{"@type":"ImageObject","inLanguage":"fr-FR","@id":"https:\/\/www.urbidermis.com\/fr\/#\/schema\/logo\/image\/","url":"https:\/\/www.urbidermis.com\/wp-content\/uploads\/logo_urbdermis-1.png","contentUrl":"https:\/\/www.urbidermis.com\/wp-content\/uploads\/logo_urbdermis-1.png","width":601,"height":1033,"caption":"Urbidermis"},"image":{"@id":"https:\/\/www.urbidermis.com\/fr\/#\/schema\/logo\/image\/"}}]}},"_links":{"self":[{"href":"https:\/\/www.urbidermis.com\/fr\/wp-json\/wp\/v2\/product\/8543"}],"collection":[{"href":"https:\/\/www.urbidermis.com\/fr\/wp-json\/wp\/v2\/product"}],"about":[{"href":"https:\/\/www.urbidermis.com\/fr\/wp-json\/wp\/v2\/types\/product"}],"acf:post":[{"embeddable":true,"href":"https:\/\/www.urbidermis.com\/fr\/wp-json\/wp\/v2\/autores\/10693"},{"embeddable":true,"href":"https:\/\/www.urbidermis.com\/fr\/wp-json\/wp\/v2\/perfiles\/7550"}],"wp:featuredmedia":[{"embeddable":true,"href":"https:\/\/www.urbidermis.com\/fr\/wp-json\/wp\/v2\/media\/22599"}],"wp:attachment":[{"href":"https:\/\/www.urbidermis.com\/fr\/wp-json\/wp\/v2\/media?parent=8543"}],"wp:term":[{"taxonomy":"product_cat","embeddable":true,"href":"https:\/\/www.urbidermis.com\/fr\/wp-json\/wp\/v2\/product_cat?post=8543"},{"taxonomy":"product_tag","embeddable":true,"href":"https:\/\/www.urbidermis.com\/fr\/wp-json\/wp\/v2\/product_tag?post=8543"}],"curies":[{"name":"wp","href":"https:\/\/api.w.org\/{rel}","templated":true}]}}