


{"id":8582,"date":"2022-03-01T10:36:23","date_gmt":"2022-03-01T10:36:23","guid":{"rendered":"https:\/\/ubweb21.urbidermis.com\/product\/bilateral\/"},"modified":"2026-04-08T15:03:31","modified_gmt":"2026-04-08T13:03:31","slug":"bilateral","status":"publish","type":"product","link":"https:\/\/www.urbidermis.com\/fr\/bancs-urbains\/bilateral\/","title":{"rendered":"Bilateral"},"content":{"rendered":"","protected":false},"excerpt":{"rendered":"<p>Banc d&rsquo;alignement urbain avec un profil ergonomique confortable et de douces ondulations qui invite au repos et admet une grande variabilit\u00e9 de composition. Il permet de cr\u00e9er des alignements extensifs en appuyant les surfaces contigu\u00ebs au m\u00eame support. Fait de mat\u00e9riaux nobles et d&rsquo;expression formelle qui valorisent l&rsquo;espace ext\u00e9rieur.<\/p>\n","protected":false},"featured_media":28016,"template":"","meta":{"_acf_changed":false,"inline_featured_image":false},"product_cat":[243,242],"product_tag":[],"acf":{"activador_seccion_impacto_acvs_secctions_acvs":true,"texto_enlace_amplifyapp":"Bilateral_Urban_furniture","codigos_acvs_matching_row-leds":[{"texto_pestana_item_fetch":"Banquette 1,6 m","codigo_item_fetch":"BLB+104"},{"texto_pestana_item_fetch":"Banc 0,6 m","codigo_item_fetch":"BLB+004"},{"texto_pestana_item_fetch":"Banquette 3 m","codigo_item_fetch":"BLB+204"},{"texto_pestana_item_fetch":"Banc 4,6 m","codigo_item_fetch":"BLB+314"}],"activator_acf_option_madera_text":true,"texto_bajo_btn_certificados":"","check_para_validar_no_secc_aplication":false,"is_protocolo_y_control_generic":false,"is_producto_residencial_para_mostrar_info_diferente":false,"is_plano_de_cotas_validator":true,"galeria_multidimension_imagenes_plano_de_cotas_proyector":[{"texto_pestana_plano_galeria":"Banc","imagen_plano_de_cotas":"[link_wp_dam_url ids=\"14533\"]"},{"texto_pestana_plano_galeria":"Banquette","imagen_plano_de_cotas":"[link_wp_dam_url ids=\"14532\"]"},{"texto_pestana_plano_galeria":"Alignement","imagen_plano_de_cotas":"[link_wp_dam_url ids=\"14531\"]"}],"premios_producto_repeater":null,"participantes":"","autores":[10693],"ano_creacion_producto":"2005","validacion_producto_descarga":true,"galeria_imagenes_repeater_libro":[{"imagen_item_gal":"[link_wp_dam_url ids=\"13133\"]","activar_video_item_gal":false,"portada_video_item_gal":null,"video_en_horizonal_item_gal":false,"video_item_gal":false},{"imagen_item_gal":"[link_wp_dam_url ids=\"13134\"]","activar_video_item_gal":false,"portada_video_item_gal":null,"video_en_horizonal_item_gal":false,"video_item_gal":false},{"imagen_item_gal":"[link_wp_dam_url ids=\"18451\"]","activar_video_item_gal":false,"portada_video_item_gal":null,"video_en_horizonal_item_gal":false,"video_item_gal":false},{"imagen_item_gal":"[link_wp_dam_url ids=\"13135\"]","activar_video_item_gal":false,"portada_video_item_gal":null,"video_en_horizonal_item_gal":false,"video_item_gal":false},{"imagen_item_gal":"[link_wp_dam_url ids=\"13136\"]","activar_video_item_gal":false,"portada_video_item_gal":null,"video_en_horizonal_item_gal":false,"video_item_gal":false}],"secciones_producto":[{"acf_fc_layout":"seccion_navtabs_imagen_dinamica","title_group":{"title_tag":"h2","title_txt":"Modularit\u00e9 avec \u00e9l\u00e9gance"},"texto_intro_principal":true,"texto_introductorio":"Le banc Bilateral se d\u00e9ploie en alignement, s'articulant avec de multiples combinaisons avec ou sans dossier, ou avec accoudoirs aux extr\u00e9mit\u00e9s. Un syst\u00e8me flexible qui apporte de l'\u00e9l\u00e9gance \u00e0 la fonction de repos.","ventanas_detalles_producto":[{"title_group_producto_grid_single":{"title_tag":"h2","title_txt":"Mat\u00e9riaux"},"imagen_de_fondo_dinamic_single_producto":"","texto_contenido_ventana":true,"contenido_tabs_producto":"<ul>\r\n \t<li>Appuis en t\u00f4le d'acier S235 JR galvanis\u00e9 \u00e0 chaud de 8 mm et accoudoirs en acier S235 JR, finitions thermolaqu\u00e9es avec protection anticorrosion C3.<\/li>\r\n \t<li>Assise et dossier en lattes de bois tropical certifi\u00e9 100% FSC, 30\/40 x 120 mm aux extr\u00e9mit\u00e9s et 40 x 60 mm \u00e0 l'int\u00e9rieur, prot\u00e9g\u00e9 par une huile monocouche.<\/li>\r\n \t<li>Visserie en acier inoxydable A2.<\/li>\r\n<\/ul>","acordion":false,"preguntas_y_respuestas":null,"cuadricula_de_colores":false,"componentes_producto":null,"descargables":false,"tipo_datasheet":"simple","datasheet":null,"datasheet_multiple":null,"tipo_instrucciones":"simple","instructions":null,"instructions_multiple":null,"drawings_ce":null,"2d_cad":null,"3d_cad":null,"revit":null,"ldt_photometric_files":null,"ies_photometric_files":null,"validador_detalles_producto":false,"tipo_especificacion":"certificados"},{"title_group_producto_grid_single":{"title_tag":"h2","title_txt":"Finitions"},"imagen_de_fondo_dinamic_single_producto":"","texto_contenido_ventana":true,"contenido_tabs_producto":"Les couleurs pr\u00e9sent\u00e9es sont purement indicatives.\r\nAutres couleurs sur demande.\r\nConsulter les finitions pour les environnements marins.","acordion":false,"preguntas_y_respuestas":null,"cuadricula_de_colores":true,"componentes_producto":[{"nombre_componente":"","colores":["madera_tropical"]}],"descargables":false,"tipo_datasheet":"simple","datasheet":null,"datasheet_multiple":null,"tipo_instrucciones":"simple","instructions":null,"instructions_multiple":null,"drawings_ce":null,"2d_cad":null,"3d_cad":null,"revit":null,"ldt_photometric_files":null,"ies_photometric_files":null,"validador_detalles_producto":false,"tipo_especificacion":""},{"title_group_producto_grid_single":{"title_tag":"h2","title_txt":"Plan cot\u00e9"},"imagen_de_fondo_dinamic_single_producto":"","texto_contenido_ventana":false,"contenido_tabs_producto":"*Les couleurs pr\u00e9sent\u00e9es sont purement indicatives. (Autres couleurs sur demande)\r\n\r\n**Consulter les finitions pour les environnements marins","acordion":false,"preguntas_y_respuestas":null,"cuadricula_de_colores":false,"componentes_producto":[{"nombre_componente":"","colores":["madera_tropical"]}],"descargables":false,"tipo_datasheet":"simple","datasheet":null,"datasheet_multiple":null,"tipo_instrucciones":"simple","instructions":null,"instructions_multiple":null,"drawings_ce":null,"2d_cad":null,"3d_cad":null,"revit":null,"ldt_photometric_files":null,"ies_photometric_files":null,"validador_detalles_producto":false,"tipo_especificacion":""},{"title_group_producto_grid_single":{"title_tag":"h2","title_txt":"Installation"},"imagen_de_fondo_dinamic_single_producto":"","texto_contenido_ventana":true,"contenido_tabs_producto":"<ul>\r\n \t<li>Installation au moyen de deux chevilles de fixation par structure d\u2019appui.<\/li>\r\n \t<li>L'\u00e9l\u00e9ment est fourni d\u00e9mont\u00e9 en deux composants : les structures de support et le si\u00e8ge avec ou sans dossier.<\/li>\r\n \t<li>Instructions d'installation et de montage, visserie et chevilles de fixation incluses.<\/li>\r\n<\/ul>","acordion":false,"preguntas_y_respuestas":null,"cuadricula_de_colores":false,"componentes_producto":null,"descargables":false,"tipo_datasheet":"simple","datasheet":null,"datasheet_multiple":null,"tipo_instrucciones":"simple","instructions":null,"instructions_multiple":null,"drawings_ce":null,"2d_cad":null,"3d_cad":null,"revit":null,"ldt_photometric_files":null,"ies_photometric_files":null,"validador_detalles_producto":false,"tipo_especificacion":""},{"title_group_producto_grid_single":{"title_tag":"h2","title_txt":"Maintenance"},"imagen_de_fondo_dinamic_single_producto":"","texto_contenido_ventana":true,"contenido_tabs_producto":"<ul>\r\n \t<li>Ne n\u00e9cessite aucun entretien, si ce n\u2019est pour conserver la couleur d'origine du bois.<\/li>\r\n<\/ul>","acordion":false,"preguntas_y_respuestas":null,"cuadricula_de_colores":false,"componentes_producto":null,"descargables":false,"tipo_datasheet":"simple","datasheet":null,"datasheet_multiple":null,"tipo_instrucciones":"simple","instructions":null,"instructions_multiple":null,"drawings_ce":null,"2d_cad":null,"3d_cad":null,"revit":null,"ldt_photometric_files":null,"ies_photometric_files":null,"validador_detalles_producto":false,"tipo_especificacion":""},{"title_group_producto_grid_single":{"title_tag":"h2","title_txt":"Certificats"},"imagen_de_fondo_dinamic_single_producto":"","texto_contenido_ventana":false,"contenido_tabs_producto":"","acordion":false,"preguntas_y_respuestas":null,"cuadricula_de_colores":false,"componentes_producto":null,"descargables":false,"tipo_datasheet":"simple","datasheet":null,"datasheet_multiple":null,"tipo_instrucciones":"simple","instructions":null,"instructions_multiple":null,"drawings_ce":null,"2d_cad":null,"3d_cad":null,"revit":null,"ldt_photometric_files":null,"ies_photometric_files":null,"validador_detalles_producto":true,"tipo_especificacion":"certificados"}]},{"acf_fc_layout":"seccion_navtabs_imagen_dinamica","title_group":{"title_tag":"h2","title_txt":"Typologie"},"texto_intro_principal":false,"texto_introductorio":"","ventanas_detalles_producto":[{"title_group_producto_grid_single":{"title_tag":"h2","title_txt":"Banc"},"imagen_de_fondo_dinamic_single_producto":"[link_wp_dam_url ids=\"18450\"]","texto_contenido_ventana":true,"contenido_tabs_producto":"Le banc est l'\u00e9l\u00e9ment par excellence de l'espace urbain. Il permet de se reposer, de discuter ou d'admirer le paysage et connote la qualit\u00e9 de l'espace public. Avec un dossier pour offrir un grand confort, avec ou sans accoudoirs pour faciliter l'incorporation, dans des mat\u00e9riaux et des finitions r\u00e9sistants \u00e0 l'usage.","acordion":true,"preguntas_y_respuestas":[{"pregunta":"Poids","respuesta":"Une section avec dossier : 61\r\n\r\n<span data-sheets-value=\"{&quot;1&quot;:2,&quot;2&quot;:&quot;*Poids approximatif sans emballage (kg)&quot;}\" data-sheets-userformat=\"{&quot;2&quot;:513,&quot;3&quot;:{&quot;1&quot;:0},&quot;12&quot;:0}\">*Poids approximatif sans emballage (kg)<\/span>"}],"cuadricula_de_colores":false,"componentes_producto":null,"descargables":false,"tipo_datasheet":"simple","datasheet":null,"datasheet_multiple":null,"tipo_instrucciones":"simple","instructions":null,"instructions_multiple":null,"drawings_ce":null,"2d_cad":null,"3d_cad":null,"revit":null,"ldt_photometric_files":null,"ies_photometric_files":null,"validador_detalles_producto":false,"tipo_especificacion":""},{"title_group_producto_grid_single":{"title_tag":"h2","title_txt":"Banquette"},"imagen_de_fondo_dinamic_single_producto":"[link_wp_dam_url ids=\"18447\"]","texto_contenido_ventana":true,"contenido_tabs_producto":"La banquette repr\u00e9sente le deuxi\u00e8me \u00e9l\u00e9ment d'importance cardinale de l'espace urbain. \u00c9l\u00e9ment sans dossier, il est utile pour \u00eatre utilis\u00e9 dans des zones avec des plans de travail, des tables ou pour cr\u00e9er des espaces de repos plus \u00e9ph\u00e9m\u00e8res.","acordion":true,"preguntas_y_respuestas":[{"pregunta":"Poids","respuesta":"Une section sans dossier : 49\r\n\r\n<span data-sheets-value=\"{&quot;1&quot;:2,&quot;2&quot;:&quot;*Poids approximatif sans emballage (kg)&quot;}\" data-sheets-userformat=\"{&quot;2&quot;:513,&quot;3&quot;:{&quot;1&quot;:0},&quot;12&quot;:0}\">*Poids approximatif sans emballage (kg)<\/span>"}],"cuadricula_de_colores":false,"componentes_producto":null,"descargables":false,"tipo_datasheet":"simple","datasheet":null,"datasheet_multiple":null,"tipo_instrucciones":"simple","instructions":null,"instructions_multiple":null,"drawings_ce":null,"2d_cad":null,"3d_cad":null,"revit":null,"ldt_photometric_files":null,"ies_photometric_files":null,"validador_detalles_producto":false,"tipo_especificacion":""},{"title_group_producto_grid_single":{"title_tag":"h2","title_txt":"Alignement"},"imagen_de_fondo_dinamic_single_producto":"[link_wp_dam_url ids=\"13139\"]","texto_contenido_ventana":true,"contenido_tabs_producto":"Les \u00e9l\u00e9ments de repos d'alignement sont essentiels pour adapter cette fonction \u00e0 la conformation de l'espace. La continuit\u00e9 de la composition dynamise les relations sociales et nous invite \u00e0 tisser des \u00e9pisodes de vie citoyenne.","acordion":true,"preguntas_y_respuestas":[{"pregunta":"Poids","respuesta":"Une section sans dossier : 49\r\nUne section avec dossier : 61\r\n\r\n<span data-sheets-value=\"{&quot;1&quot;:2,&quot;2&quot;:&quot;*Poids approximatif sans emballage (kg)&quot;}\" data-sheets-userformat=\"{&quot;2&quot;:513,&quot;3&quot;:{&quot;1&quot;:0},&quot;12&quot;:0}\">*Poids approximatif sans emballage (kg)<\/span>"}],"cuadricula_de_colores":false,"componentes_producto":null,"descargables":false,"tipo_datasheet":"simple","datasheet":null,"datasheet_multiple":null,"tipo_instrucciones":"simple","instructions":null,"instructions_multiple":null,"drawings_ce":null,"2d_cad":null,"3d_cad":null,"revit":null,"ldt_photometric_files":null,"ies_photometric_files":null,"validador_detalles_producto":false,"tipo_especificacion":""}]},{"acf_fc_layout":"seccion_navtabs_imagen_dinamica","title_group":{"title_tag":"h2","title_txt":"T\u00e9l\u00e9chargeables"},"texto_intro_principal":false,"texto_introductorio":"","ventanas_detalles_producto":[{"title_group_producto_grid_single":{"title_tag":"h2","title_txt":""},"imagen_de_fondo_dinamic_single_producto":"[link_wp_dam_url ids=\"7153\"]","texto_contenido_ventana":false,"contenido_tabs_producto":"","acordion":false,"preguntas_y_respuestas":null,"cuadricula_de_colores":false,"componentes_producto":null,"descargables":true,"tipo_datasheet":"multiple","datasheet":null,"datasheet_multiple":[{"datasheet_title":"Bilateral","datasheet_file":11460},{"datasheet_title":"Bois","datasheet_file":15830}],"tipo_instrucciones":"multiple","instructions":11443,"instructions_multiple":[{"instructions_title":"Banc","instructions_file":25286},{"instructions_title":"Banquette","instructions_file":25278},{"instructions_title":"Alignement","instructions_file":25282}],"drawings_ce":14468,"2d_cad":14530,"3d_cad":13620,"revit":13666,"ldt_photometric_files":"","ies_photometric_files":"","validador_detalles_producto":false,"tipo_especificacion":""}]},{"acf_fc_layout":"seccion_consulta_nuestros_expertos","imagen_de_fondo_single_producto":"[link_wp_dam_url ids=\"18453\" size=\"x2400\"]","imagen_de_fondo_single_producto_mobile":""},{"acf_fc_layout":"seccion_imagen_de_fondo_con_sub_menu","titulo_group_list_contet_proyectos":{"title_tag":"h3","title_txt":"Bilateral dans la ville"},"ancla_copy2":"","proyectos_relacionados":[{"project":28011,"project_img":"[link_wp_dam_url ids=\"18446\"]"},{"project":5419,"project_img":"[link_wp_dam_url ids=\"13143\"]"},{"project":9449,"project_img":"[link_wp_dam_url ids=\"13145\"]"},{"project":5372,"project_img":"[link_wp_dam_url ids=\"13142\"]"},{"project":8105,"project_img":"[link_wp_dam_url ids=\"13141\"]"},{"project":5783,"project_img":"[link_wp_dam_url ids=\"13140\"]"},{"project":21663,"project_img":"[link_wp_dam_url ids=\"13144\"]"}]}],"dist_simetrica":"","dist_asimetrica":"","dist_indirecta":"","dist_suelo":"","control":"","certificados":["ce","fsc"],"nombre_arbol_entre_comillas":"","nombre_solo_plantas_field":"","isbn_campo_texto":"","autor_book_publicacion_producto":"","idioma_campo_texto":"","enquadernacion_campo_texto":"","_numero_de_paginas_campo_texto":"","pdf_asociado_producto":"","resumen_libro":"","text_content_family_basic_information":"","text_content_family_basic_number_width":"","text_content_family_basic_number_height":"","text_content_planting_density":"","flowers_option_colours":"","flowers_option_season":"","properties_option_pruning":"","properties_option_watering":"","properties_option_sun_exposure":"","properties_option_minimum_temp":"","properties_option_soil_type":"","properties_option_fire":"","properties_option_heat":"","properties_option_moisture":"","properties_option_dryness":"","properties_option_coastal_area":"","texto_introduccion_landing_custom":"","enlace_descubre_mas_custom":"","selecciona_tipo_de_imagen_custom":"","imagen_vertical_custom":"","imagen_horizontal_custom":"","opciones_de_texto_1":true,"opciones_de_texto_2":"acabado_standar","opciones_de_texto_3":""},"yoast_head":"<!-- This site is optimized with the Yoast SEO plugin v22.8 - https:\/\/yoast.com\/wordpress\/plugins\/seo\/ -->\n<title>Bilateral - Urbidermis<\/title>\n<meta name=\"robots\" content=\"index, follow, max-snippet:-1, max-image-preview:large, max-video-preview:-1\" \/>\n<link rel=\"canonical\" href=\"https:\/\/www.urbidermis.com\/fr\/bancs-urbains\/bilateral\/\" \/>\n<meta property=\"og:locale\" content=\"fr_FR\" \/>\n<meta property=\"og:type\" content=\"article\" \/>\n<meta property=\"og:title\" content=\"Bilateral - Urbidermis\" \/>\n<meta property=\"og:description\" content=\"Banc d&#039;alignement urbain avec un profil ergonomique confortable et de douces ondulations qui invite au repos et admet une grande variabilit\u00e9 de composition. Il permet de cr\u00e9er des alignements extensifs en appuyant les surfaces contigu\u00ebs au m\u00eame support. Fait de mat\u00e9riaux nobles et d&#039;expression formelle qui valorisent l&#039;espace ext\u00e9rieur.\" \/>\n<meta property=\"og:url\" content=\"https:\/\/www.urbidermis.com\/fr\/bancs-urbains\/bilateral\/\" \/>\n<meta property=\"og:site_name\" content=\"Urbidermis\" \/>\n<meta property=\"article:modified_time\" content=\"2026-04-08T13:03:31+00:00\" \/>\n<meta property=\"og:image\" content=\"https:\/\/www.urbidermis.com\/wp-content\/uploads\/20250827_Spain_Alp_Avinguda_Mancomunitat_BLB_La_Juani_01_02-683x1024.png\" \/>\n\t<meta property=\"og:image:width\" content=\"683\" \/>\n\t<meta property=\"og:image:height\" content=\"1024\" \/>\n\t<meta property=\"og:image:type\" content=\"image\/png\" \/>\n<meta name=\"twitter:card\" content=\"summary_large_image\" \/>\n<script type=\"application\/ld+json\" class=\"yoast-schema-graph\">{\"@context\":\"https:\/\/schema.org\",\"@graph\":[{\"@type\":\"WebPage\",\"@id\":\"https:\/\/www.urbidermis.com\/fr\/bancs-urbains\/bilateral\/\",\"url\":\"https:\/\/www.urbidermis.com\/fr\/bancs-urbains\/bilateral\/\",\"name\":\"Bilateral - Urbidermis\",\"isPartOf\":{\"@id\":\"https:\/\/www.urbidermis.com\/fr\/#website\"},\"primaryImageOfPage\":{\"@id\":\"https:\/\/www.urbidermis.com\/fr\/bancs-urbains\/bilateral\/#primaryimage\"},\"image\":{\"@id\":\"https:\/\/www.urbidermis.com\/fr\/bancs-urbains\/bilateral\/#primaryimage\"},\"thumbnailUrl\":\"https:\/\/www.urbidermis.com\/wp-content\/uploads\/20250827_Spain_Alp_Avinguda_Mancomunitat_BLB_La_Juani_01_02.png\",\"datePublished\":\"2022-03-01T10:36:23+00:00\",\"dateModified\":\"2026-04-08T13:03:31+00:00\",\"breadcrumb\":{\"@id\":\"https:\/\/www.urbidermis.com\/fr\/bancs-urbains\/bilateral\/#breadcrumb\"},\"inLanguage\":\"fr-FR\",\"potentialAction\":[{\"@type\":\"ReadAction\",\"target\":[\"https:\/\/www.urbidermis.com\/fr\/bancs-urbains\/bilateral\/\"]}]},{\"@type\":\"ImageObject\",\"inLanguage\":\"fr-FR\",\"@id\":\"https:\/\/www.urbidermis.com\/fr\/bancs-urbains\/bilateral\/#primaryimage\",\"url\":\"https:\/\/www.urbidermis.com\/wp-content\/uploads\/20250827_Spain_Alp_Avinguda_Mancomunitat_BLB_La_Juani_01_02.png\",\"contentUrl\":\"https:\/\/www.urbidermis.com\/wp-content\/uploads\/20250827_Spain_Alp_Avinguda_Mancomunitat_BLB_La_Juani_01_02.png\",\"width\":1024,\"height\":1536},{\"@type\":\"BreadcrumbList\",\"@id\":\"https:\/\/www.urbidermis.com\/fr\/bancs-urbains\/bilateral\/#breadcrumb\",\"itemListElement\":[{\"@type\":\"ListItem\",\"position\":1,\"name\":\"Home\",\"item\":\"https:\/\/www.urbidermis.com\/fr\/\"},{\"@type\":\"ListItem\",\"position\":2,\"name\":\"Produits\",\"item\":\"https:\/\/www.urbidermis.com\/fr\/produits\/\"},{\"@type\":\"ListItem\",\"position\":3,\"name\":\"Bilateral\"}]},{\"@type\":\"WebSite\",\"@id\":\"https:\/\/www.urbidermis.com\/fr\/#website\",\"url\":\"https:\/\/www.urbidermis.com\/fr\/\",\"name\":\"Urbidermis\",\"description\":\"Especialistas en la ciudad\",\"publisher\":{\"@id\":\"https:\/\/www.urbidermis.com\/fr\/#organization\"},\"potentialAction\":[{\"@type\":\"SearchAction\",\"target\":{\"@type\":\"EntryPoint\",\"urlTemplate\":\"https:\/\/www.urbidermis.com\/fr\/?s={search_term_string}\"},\"query-input\":\"required name=search_term_string\"}],\"inLanguage\":\"fr-FR\"},{\"@type\":\"Organization\",\"@id\":\"https:\/\/www.urbidermis.com\/fr\/#organization\",\"name\":\"Urbidermis\",\"url\":\"https:\/\/www.urbidermis.com\/fr\/\",\"logo\":{\"@type\":\"ImageObject\",\"inLanguage\":\"fr-FR\",\"@id\":\"https:\/\/www.urbidermis.com\/fr\/#\/schema\/logo\/image\/\",\"url\":\"https:\/\/www.urbidermis.com\/wp-content\/uploads\/logo_urbdermis-1.png\",\"contentUrl\":\"https:\/\/www.urbidermis.com\/wp-content\/uploads\/logo_urbdermis-1.png\",\"width\":601,\"height\":1033,\"caption\":\"Urbidermis\"},\"image\":{\"@id\":\"https:\/\/www.urbidermis.com\/fr\/#\/schema\/logo\/image\/\"}}]}<\/script>\n<!-- \/ Yoast SEO plugin. -->","yoast_head_json":{"title":"Bilateral - Urbidermis","robots":{"index":"index","follow":"follow","max-snippet":"max-snippet:-1","max-image-preview":"max-image-preview:large","max-video-preview":"max-video-preview:-1"},"canonical":"https:\/\/www.urbidermis.com\/fr\/bancs-urbains\/bilateral\/","og_locale":"fr_FR","og_type":"article","og_title":"Bilateral - Urbidermis","og_description":"Banc d'alignement urbain avec un profil ergonomique confortable et de douces ondulations qui invite au repos et admet une grande variabilit\u00e9 de composition. Il permet de cr\u00e9er des alignements extensifs en appuyant les surfaces contigu\u00ebs au m\u00eame support. Fait de mat\u00e9riaux nobles et d'expression formelle qui valorisent l'espace ext\u00e9rieur.","og_url":"https:\/\/www.urbidermis.com\/fr\/bancs-urbains\/bilateral\/","og_site_name":"Urbidermis","article_modified_time":"2026-04-08T13:03:31+00:00","og_image":[{"width":683,"height":1024,"url":"https:\/\/www.urbidermis.com\/wp-content\/uploads\/20250827_Spain_Alp_Avinguda_Mancomunitat_BLB_La_Juani_01_02-683x1024.png","type":"image\/png"}],"twitter_card":"summary_large_image","schema":{"@context":"https:\/\/schema.org","@graph":[{"@type":"WebPage","@id":"https:\/\/www.urbidermis.com\/fr\/bancs-urbains\/bilateral\/","url":"https:\/\/www.urbidermis.com\/fr\/bancs-urbains\/bilateral\/","name":"Bilateral - Urbidermis","isPartOf":{"@id":"https:\/\/www.urbidermis.com\/fr\/#website"},"primaryImageOfPage":{"@id":"https:\/\/www.urbidermis.com\/fr\/bancs-urbains\/bilateral\/#primaryimage"},"image":{"@id":"https:\/\/www.urbidermis.com\/fr\/bancs-urbains\/bilateral\/#primaryimage"},"thumbnailUrl":"https:\/\/www.urbidermis.com\/wp-content\/uploads\/20250827_Spain_Alp_Avinguda_Mancomunitat_BLB_La_Juani_01_02.png","datePublished":"2022-03-01T10:36:23+00:00","dateModified":"2026-04-08T13:03:31+00:00","breadcrumb":{"@id":"https:\/\/www.urbidermis.com\/fr\/bancs-urbains\/bilateral\/#breadcrumb"},"inLanguage":"fr-FR","potentialAction":[{"@type":"ReadAction","target":["https:\/\/www.urbidermis.com\/fr\/bancs-urbains\/bilateral\/"]}]},{"@type":"ImageObject","inLanguage":"fr-FR","@id":"https:\/\/www.urbidermis.com\/fr\/bancs-urbains\/bilateral\/#primaryimage","url":"https:\/\/www.urbidermis.com\/wp-content\/uploads\/20250827_Spain_Alp_Avinguda_Mancomunitat_BLB_La_Juani_01_02.png","contentUrl":"https:\/\/www.urbidermis.com\/wp-content\/uploads\/20250827_Spain_Alp_Avinguda_Mancomunitat_BLB_La_Juani_01_02.png","width":1024,"height":1536},{"@type":"BreadcrumbList","@id":"https:\/\/www.urbidermis.com\/fr\/bancs-urbains\/bilateral\/#breadcrumb","itemListElement":[{"@type":"ListItem","position":1,"name":"Home","item":"https:\/\/www.urbidermis.com\/fr\/"},{"@type":"ListItem","position":2,"name":"Produits","item":"https:\/\/www.urbidermis.com\/fr\/produits\/"},{"@type":"ListItem","position":3,"name":"Bilateral"}]},{"@type":"WebSite","@id":"https:\/\/www.urbidermis.com\/fr\/#website","url":"https:\/\/www.urbidermis.com\/fr\/","name":"Urbidermis","description":"Especialistas en la ciudad","publisher":{"@id":"https:\/\/www.urbidermis.com\/fr\/#organization"},"potentialAction":[{"@type":"SearchAction","target":{"@type":"EntryPoint","urlTemplate":"https:\/\/www.urbidermis.com\/fr\/?s={search_term_string}"},"query-input":"required name=search_term_string"}],"inLanguage":"fr-FR"},{"@type":"Organization","@id":"https:\/\/www.urbidermis.com\/fr\/#organization","name":"Urbidermis","url":"https:\/\/www.urbidermis.com\/fr\/","logo":{"@type":"ImageObject","inLanguage":"fr-FR","@id":"https:\/\/www.urbidermis.com\/fr\/#\/schema\/logo\/image\/","url":"https:\/\/www.urbidermis.com\/wp-content\/uploads\/logo_urbdermis-1.png","contentUrl":"https:\/\/www.urbidermis.com\/wp-content\/uploads\/logo_urbdermis-1.png","width":601,"height":1033,"caption":"Urbidermis"},"image":{"@id":"https:\/\/www.urbidermis.com\/fr\/#\/schema\/logo\/image\/"}}]}},"_links":{"self":[{"href":"https:\/\/www.urbidermis.com\/fr\/wp-json\/wp\/v2\/product\/8582"}],"collection":[{"href":"https:\/\/www.urbidermis.com\/fr\/wp-json\/wp\/v2\/product"}],"about":[{"href":"https:\/\/www.urbidermis.com\/fr\/wp-json\/wp\/v2\/types\/product"}],"acf:post":[{"embeddable":true,"href":"https:\/\/www.urbidermis.com\/fr\/wp-json\/wp\/v2\/autores\/10693"}],"wp:featuredmedia":[{"embeddable":true,"href":"https:\/\/www.urbidermis.com\/fr\/wp-json\/wp\/v2\/media\/28016"}],"wp:attachment":[{"href":"https:\/\/www.urbidermis.com\/fr\/wp-json\/wp\/v2\/media?parent=8582"}],"wp:term":[{"taxonomy":"product_cat","embeddable":true,"href":"https:\/\/www.urbidermis.com\/fr\/wp-json\/wp\/v2\/product_cat?post=8582"},{"taxonomy":"product_tag","embeddable":true,"href":"https:\/\/www.urbidermis.com\/fr\/wp-json\/wp\/v2\/product_tag?post=8582"}],"curies":[{"name":"wp","href":"https:\/\/api.w.org\/{rel}","templated":true}]}}