


{"id":8585,"date":"2022-03-01T10:36:37","date_gmt":"2022-03-01T10:36:37","guid":{"rendered":"https:\/\/ubweb21.urbidermis.com\/product\/comunitario\/"},"modified":"2026-04-08T15:09:47","modified_gmt":"2026-04-08T13:09:47","slug":"comunitario","status":"publish","type":"product","link":"https:\/\/www.urbidermis.com\/fr\/bancs-urbains\/comunitario\/","title":{"rendered":"Comunitario"},"content":{"rendered":"","protected":false},"excerpt":{"rendered":"<p>Un banc qui offre un grand espace de vie, ouvert \u00e0 de multiples possibilit\u00e9s d&rsquo;utilisation. Le banc Comunitario est compos\u00e9 de quatre ou cinq lattes de bois \u00e9paisses, pouvant ou non inclure un dossier solide pour garantir une solidit\u00e9 maximale.<\/p>\n","protected":false},"featured_media":14954,"template":"","meta":{"_acf_changed":false,"inline_featured_image":false},"product_cat":[243,242],"product_tag":[],"acf":{"activador_seccion_impacto_acvs_secctions_acvs":true,"texto_enlace_amplifyapp":"Comunitario_Urban_furniture","codigos_acvs_matching_row-leds":[{"texto_pestana_item_fetch":"Banc sans dossier 3 m","codigo_item_fetch":"COB41"},{"texto_pestana_item_fetch":"Banc avec dossier 3 m","codigo_item_fetch":"COB42"},{"texto_pestana_item_fetch":"Banc sans dossier 4 m","codigo_item_fetch":"COB51"},{"texto_pestana_item_fetch":"Banc avec dossier 4 m","codigo_item_fetch":"COB52"}],"activator_acf_option_madera_text":true,"texto_bajo_btn_certificados":"","check_para_validar_no_secc_aplication":false,"is_protocolo_y_control_generic":false,"is_producto_residencial_para_mostrar_info_diferente":false,"is_plano_de_cotas_validator":true,"galeria_multidimension_imagenes_plano_de_cotas_proyector":[{"texto_pestana_plano_galeria":"Banc","imagen_plano_de_cotas":"[link_wp_dam_url ids=\"14535\"]"},{"texto_pestana_plano_galeria":" Banc sur muret","imagen_plano_de_cotas":"[link_wp_dam_url ids=\"14534\"]"}],"premios_producto_repeater":null,"participantes":"","autores":[10069],"ano_creacion_producto":"2002","validacion_producto_descarga":true,"galeria_imagenes_repeater_libro":[{"imagen_item_gal":"[link_wp_dam_url ids=\"13165\"]","activar_video_item_gal":false,"portada_video_item_gal":null,"video_en_horizonal_item_gal":false,"video_item_gal":false},{"imagen_item_gal":"[link_wp_dam_url ids=\"18483\"]","activar_video_item_gal":false,"portada_video_item_gal":null,"video_en_horizonal_item_gal":false,"video_item_gal":false},{"imagen_item_gal":"[link_wp_dam_url ids=\"18488\"]","activar_video_item_gal":false,"portada_video_item_gal":null,"video_en_horizonal_item_gal":false,"video_item_gal":false},{"imagen_item_gal":"[link_wp_dam_url ids=\"13166\"]","activar_video_item_gal":false,"portada_video_item_gal":null,"video_en_horizonal_item_gal":false,"video_item_gal":false},{"imagen_item_gal":"[link_wp_dam_url ids=\"13167\"]","activar_video_item_gal":false,"portada_video_item_gal":null,"video_en_horizonal_item_gal":false,"video_item_gal":false},{"imagen_item_gal":"[link_wp_dam_url ids=\"13168\"]","activar_video_item_gal":false,"portada_video_item_gal":null,"video_en_horizonal_item_gal":false,"video_item_gal":false}],"secciones_producto":[{"acf_fc_layout":"seccion_navtabs_imagen_dinamica","title_group":{"title_tag":"h2","title_txt":"Point de rencontre"},"texto_intro_principal":true,"texto_introductorio":"L'ampleur et la singularit\u00e9 du banc Comunitario caract\u00e9risent le lieu avec une pr\u00e9sence de revendication sociale. Il attire et facilite les sc\u00e8nes de groupe, se fondant avec \u00e9l\u00e9gance dans le paysage. Fabriqu\u00e9 avec des mat\u00e9riaux chaleureux, tr\u00e8s r\u00e9sistants et de grande qualit\u00e9.","ventanas_detalles_producto":[{"title_group_producto_grid_single":{"title_tag":"h2","title_txt":"Mat\u00e9riaux"},"imagen_de_fondo_dinamic_single_producto":"","texto_contenido_ventana":true,"contenido_tabs_producto":"<ul>\r\n \t<li>Structure en acier S275 JR galvanis\u00e9 \u00e0 chaud avec finition peinte.<\/li>\r\n \t<li>Accoudoirs, selon le mod\u00e8le, en acier galvanis\u00e9 peint.<\/li>\r\n \t<li>Assise et dossier en lattes de bois d\u2019Iroko certifi\u00e9es FSC 100 %, prot\u00e9g\u00e9es par une huile monocouche.<\/li>\r\n \t<li>Visserie en acier inoxydable A2.<\/li>\r\n<\/ul>","acordion":false,"preguntas_y_respuestas":null,"cuadricula_de_colores":false,"componentes_producto":null,"descargables":false,"tipo_datasheet":"simple","datasheet":null,"datasheet_multiple":null,"tipo_instrucciones":"simple","instructions":null,"instructions_multiple":null,"drawings_ce":null,"2d_cad":null,"3d_cad":null,"revit":null,"ldt_photometric_files":null,"ies_photometric_files":null,"validador_detalles_producto":false,"tipo_especificacion":"certificados"},{"title_group_producto_grid_single":{"title_tag":"h2","title_txt":"Finitions"},"imagen_de_fondo_dinamic_single_producto":"","texto_contenido_ventana":true,"contenido_tabs_producto":"Les couleurs pr\u00e9sent\u00e9es sont purement indicatives.\r\nAutres couleurs sur demande.\r\nConsulter les finitions pour les environnements marins.","acordion":false,"preguntas_y_respuestas":null,"cuadricula_de_colores":true,"componentes_producto":[{"nombre_componente":"","colores":["Iroko_fsc"]}],"descargables":false,"tipo_datasheet":"simple","datasheet":null,"datasheet_multiple":null,"tipo_instrucciones":"simple","instructions":null,"instructions_multiple":null,"drawings_ce":null,"2d_cad":null,"3d_cad":null,"revit":null,"ldt_photometric_files":null,"ies_photometric_files":null,"validador_detalles_producto":false,"tipo_especificacion":""},{"title_group_producto_grid_single":{"title_tag":"h2","title_txt":"Plan cot\u00e9"},"imagen_de_fondo_dinamic_single_producto":"","texto_contenido_ventana":false,"contenido_tabs_producto":"Structure r\u00e9alis\u00e9e avec des profil\u00e9s en acier S275 JR galvanis\u00e9 \u00e0 chaud, finition peinte avec protection anticorrosion C3. Assise et dossier en lattes de bois d'Iroko avec Certification FSC 100% prot\u00e9g\u00e9 avec de l'huile monocouche. Visserie en acier inoxydable A2.","acordion":false,"preguntas_y_respuestas":null,"cuadricula_de_colores":false,"componentes_producto":[{"nombre_componente":"","colores":["Iroko_fsc"]}],"descargables":false,"tipo_datasheet":"simple","datasheet":null,"datasheet_multiple":null,"tipo_instrucciones":"simple","instructions":null,"instructions_multiple":null,"drawings_ce":null,"2d_cad":null,"3d_cad":null,"revit":null,"ldt_photometric_files":null,"ies_photometric_files":null,"validador_detalles_producto":false,"tipo_especificacion":""},{"title_group_producto_grid_single":{"title_tag":"h2","title_txt":"Installation"},"imagen_de_fondo_dinamic_single_producto":"","texto_contenido_ventana":true,"contenido_tabs_producto":"<ul>\r\n \t<li>Aucune installation n\u00e9cessaire. Si besoin, il pr\u00e9sente des trous traversants dans les structures d\u2019appui pour sa fixation \u00e0 la chauss\u00e9e.<\/li>\r\n \t<li>L'\u00e9l\u00e9ment est fourni d\u00e9mont\u00e9 en deux composants : les structures de support et le si\u00e8ge avec ou sans dossier.<\/li>\r\n \t<li>Instructions d'installation et de montage, visserie incluses.<\/li>\r\n<\/ul>","acordion":false,"preguntas_y_respuestas":null,"cuadricula_de_colores":false,"componentes_producto":null,"descargables":false,"tipo_datasheet":"simple","datasheet":null,"datasheet_multiple":null,"tipo_instrucciones":"simple","instructions":null,"instructions_multiple":null,"drawings_ce":null,"2d_cad":null,"3d_cad":null,"revit":null,"ldt_photometric_files":null,"ies_photometric_files":null,"validador_detalles_producto":false,"tipo_especificacion":""},{"title_group_producto_grid_single":{"title_tag":"h2","title_txt":"Maintenance"},"imagen_de_fondo_dinamic_single_producto":"","texto_contenido_ventana":true,"contenido_tabs_producto":"<ul>\r\n \t<li>Ne n\u00e9cessite aucun entretien, si ce n\u2019est pour conserver la couleur d'origine du bois.<\/li>\r\n<\/ul>","acordion":false,"preguntas_y_respuestas":null,"cuadricula_de_colores":false,"componentes_producto":null,"descargables":false,"tipo_datasheet":"simple","datasheet":null,"datasheet_multiple":null,"tipo_instrucciones":"simple","instructions":null,"instructions_multiple":null,"drawings_ce":null,"2d_cad":null,"3d_cad":null,"revit":null,"ldt_photometric_files":null,"ies_photometric_files":null,"validador_detalles_producto":false,"tipo_especificacion":""},{"title_group_producto_grid_single":{"title_tag":"h2","title_txt":"Certificats"},"imagen_de_fondo_dinamic_single_producto":"","texto_contenido_ventana":false,"contenido_tabs_producto":"","acordion":false,"preguntas_y_respuestas":null,"cuadricula_de_colores":false,"componentes_producto":null,"descargables":false,"tipo_datasheet":"simple","datasheet":null,"datasheet_multiple":null,"tipo_instrucciones":"simple","instructions":null,"instructions_multiple":null,"drawings_ce":null,"2d_cad":null,"3d_cad":null,"revit":null,"ldt_photometric_files":null,"ies_photometric_files":null,"validador_detalles_producto":true,"tipo_especificacion":"certificados"}]},{"acf_fc_layout":"seccion_navtabs_imagen_dinamica","title_group":{"title_tag":"h2","title_txt":"Typologie"},"texto_intro_principal":false,"texto_introductorio":"","ventanas_detalles_producto":[{"title_group_producto_grid_single":{"title_tag":"h2","title_txt":"Banc"},"imagen_de_fondo_dinamic_single_producto":"[link_wp_dam_url ids=\"14935\"]","texto_contenido_ventana":true,"contenido_tabs_producto":"Le banc est l\u2019\u00e9l\u00e9ment par excellence de l\u2019espace urbain. Il permet de se reposer, de discuter ou d\u2019admirer le paysage et connote la qualit\u00e9 de l\u2019espace public.","acordion":true,"preguntas_y_respuestas":[{"pregunta":"Poids","respuesta":"<div class=\"content-text-text-tipologia color-green-new\">\r\n<p class=\"p1\">3,00 m sans dossier : 302\r\n3,00 m avec dossier : 432<\/p>\r\n<p class=\"p1\">4,00 m sans dossier : 443\r\n4,00 m avec dossier : 543<\/p>\r\n<p class=\"p1\">*Poids approximatif sans emballage (kg)<\/p>\r\n\r\n<\/div>"}],"cuadricula_de_colores":false,"componentes_producto":null,"descargables":false,"tipo_datasheet":"simple","datasheet":null,"datasheet_multiple":null,"tipo_instrucciones":"simple","instructions":null,"instructions_multiple":null,"drawings_ce":null,"2d_cad":null,"3d_cad":null,"revit":null,"ldt_photometric_files":null,"ies_photometric_files":null,"validador_detalles_producto":false,"tipo_especificacion":""},{"title_group_producto_grid_single":{"title_tag":"h2","title_txt":"Banc sur muret"},"imagen_de_fondo_dinamic_single_producto":"[link_wp_dam_url ids=\"14935\"]","texto_contenido_ventana":true,"contenido_tabs_producto":"Le banc sur muret permet de fixer une surface de repos \u00e0 l\u2019\u00e9l\u00e9ment d\u00e9limitant, avec ou sans dossier, afin de pouvoir int\u00e9grer des espaces de vie dans le paysage, dans des projets aux programmes complexes.","acordion":true,"preguntas_y_respuestas":[{"pregunta":"Poids","respuesta":"3,00 m sans dossier sur muret : 166,5\r\n3,00 m avec dossier sur muret : 281,5\r\n\r\n4,00 m sans dossier sur le muret : 304,5\r\n4,00 m avec dossier sur muret : 405\r\n\r\n*Poids approximatif sans emballage (kg)"}],"cuadricula_de_colores":false,"componentes_producto":null,"descargables":false,"tipo_datasheet":"simple","datasheet":null,"datasheet_multiple":null,"tipo_instrucciones":"simple","instructions":null,"instructions_multiple":null,"drawings_ce":null,"2d_cad":null,"3d_cad":null,"revit":null,"ldt_photometric_files":null,"ies_photometric_files":null,"validador_detalles_producto":false,"tipo_especificacion":""}]},{"acf_fc_layout":"seccion_navtabs_imagen_dinamica","title_group":{"title_tag":"h2","title_txt":"T\u00e9l\u00e9chargeables"},"texto_intro_principal":false,"texto_introductorio":"","ventanas_detalles_producto":[{"title_group_producto_grid_single":{"title_tag":"h2","title_txt":""},"imagen_de_fondo_dinamic_single_producto":"","texto_contenido_ventana":false,"contenido_tabs_producto":"","acordion":false,"preguntas_y_respuestas":null,"cuadricula_de_colores":false,"componentes_producto":null,"descargables":true,"tipo_datasheet":"simple","datasheet":11528,"datasheet_multiple":null,"tipo_instrucciones":"multiple","instructions":22377,"instructions_multiple":[{"instructions_title":"Banc avec dossier 3 m","instructions_file":25352},{"instructions_title":"Banc avec dossier 4 m","instructions_file":25356},{"instructions_title":"Banc sans dossier","instructions_file":25360},{"instructions_title":"Banc sur muret","instructions_file":25364}],"drawings_ce":22250,"2d_cad":22246,"3d_cad":13611,"revit":13674,"ldt_photometric_files":"","ies_photometric_files":"","validador_detalles_producto":false,"tipo_especificacion":""}]},{"acf_fc_layout":"seccion_consulta_nuestros_expertos","imagen_de_fondo_single_producto":"[link_wp_dam_url ids=\"14994\" size=\"x2400\"]","imagen_de_fondo_single_producto_mobile":""},{"acf_fc_layout":"seccion_imagen_de_fondo_con_sub_menu","titulo_group_list_contet_proyectos":{"title_tag":"h3","title_txt":"Comunitario dans la ville"},"ancla_copy2":"","proyectos_relacionados":[{"project":6875,"project_img":"[link_wp_dam_url ids=\"13169\"]"},{"project":6314,"project_img":"[link_wp_dam_url ids=\"13170\"]"},{"project":7346,"project_img":"[link_wp_dam_url ids=\"13171\"]"},{"project":6104,"project_img":"[link_wp_dam_url ids=\"13172\"]"}]}],"dist_simetrica":"","dist_asimetrica":"","dist_indirecta":"","dist_suelo":"","control":"","certificados":["ce","fsc"],"nombre_arbol_entre_comillas":"","nombre_solo_plantas_field":"","isbn_campo_texto":"","autor_book_publicacion_producto":"","idioma_campo_texto":"","enquadernacion_campo_texto":"","_numero_de_paginas_campo_texto":"","pdf_asociado_producto":"","resumen_libro":"","text_content_family_basic_information":"","text_content_family_basic_number_width":"","text_content_family_basic_number_height":"","text_content_planting_density":"","flowers_option_colours":"","flowers_option_season":"","properties_option_pruning":"","properties_option_watering":"","properties_option_sun_exposure":"","properties_option_minimum_temp":"","properties_option_soil_type":"","properties_option_fire":"","properties_option_heat":"","properties_option_moisture":"","properties_option_dryness":"","properties_option_coastal_area":"","texto_introduccion_landing_custom":"","enlace_descubre_mas_custom":"","selecciona_tipo_de_imagen_custom":"","imagen_vertical_custom":"","imagen_horizontal_custom":"","opciones_de_texto_1":true,"opciones_de_texto_2":"acabado_standar","opciones_de_texto_3":""},"yoast_head":"<!-- This site is optimized with the Yoast SEO plugin v22.8 - https:\/\/yoast.com\/wordpress\/plugins\/seo\/ -->\n<title>Comunitario - Urbidermis<\/title>\n<meta name=\"robots\" content=\"index, follow, max-snippet:-1, max-image-preview:large, max-video-preview:-1\" \/>\n<link rel=\"canonical\" href=\"https:\/\/www.urbidermis.com\/fr\/bancs-urbains\/comunitario\/\" \/>\n<meta property=\"og:locale\" content=\"fr_FR\" \/>\n<meta property=\"og:type\" content=\"article\" \/>\n<meta property=\"og:title\" content=\"Comunitario - Urbidermis\" \/>\n<meta property=\"og:description\" content=\"Un banc qui offre un grand espace de vie, ouvert \u00e0 de multiples possibilit\u00e9s d&#039;utilisation. Le banc Comunitario est compos\u00e9 de quatre ou cinq lattes de bois \u00e9paisses, pouvant ou non inclure un dossier solide pour garantir une solidit\u00e9 maximale.\" \/>\n<meta property=\"og:url\" content=\"https:\/\/www.urbidermis.com\/fr\/bancs-urbains\/comunitario\/\" \/>\n<meta property=\"og:site_name\" content=\"Urbidermis\" \/>\n<meta property=\"article:modified_time\" content=\"2026-04-08T13:09:47+00:00\" \/>\n<meta property=\"og:image\" content=\"https:\/\/www.urbidermis.com\/wp-content\/uploads\/20141030_Spain_Barcelona_Belloch_COB_Salva_Lopez_17-1.jpg\" \/>\n\t<meta property=\"og:image:width\" content=\"850\" \/>\n\t<meta property=\"og:image:height\" content=\"1191\" \/>\n\t<meta property=\"og:image:type\" content=\"image\/jpeg\" \/>\n<meta name=\"twitter:card\" content=\"summary_large_image\" \/>\n<script type=\"application\/ld+json\" class=\"yoast-schema-graph\">{\"@context\":\"https:\/\/schema.org\",\"@graph\":[{\"@type\":\"WebPage\",\"@id\":\"https:\/\/www.urbidermis.com\/fr\/bancs-urbains\/comunitario\/\",\"url\":\"https:\/\/www.urbidermis.com\/fr\/bancs-urbains\/comunitario\/\",\"name\":\"Comunitario - Urbidermis\",\"isPartOf\":{\"@id\":\"https:\/\/www.urbidermis.com\/fr\/#website\"},\"primaryImageOfPage\":{\"@id\":\"https:\/\/www.urbidermis.com\/fr\/bancs-urbains\/comunitario\/#primaryimage\"},\"image\":{\"@id\":\"https:\/\/www.urbidermis.com\/fr\/bancs-urbains\/comunitario\/#primaryimage\"},\"thumbnailUrl\":\"https:\/\/www.urbidermis.com\/wp-content\/uploads\/20141030_Spain_Barcelona_Belloch_COB_Salva_Lopez_17-1.jpg\",\"datePublished\":\"2022-03-01T10:36:37+00:00\",\"dateModified\":\"2026-04-08T13:09:47+00:00\",\"breadcrumb\":{\"@id\":\"https:\/\/www.urbidermis.com\/fr\/bancs-urbains\/comunitario\/#breadcrumb\"},\"inLanguage\":\"fr-FR\",\"potentialAction\":[{\"@type\":\"ReadAction\",\"target\":[\"https:\/\/www.urbidermis.com\/fr\/bancs-urbains\/comunitario\/\"]}]},{\"@type\":\"ImageObject\",\"inLanguage\":\"fr-FR\",\"@id\":\"https:\/\/www.urbidermis.com\/fr\/bancs-urbains\/comunitario\/#primaryimage\",\"url\":\"https:\/\/www.urbidermis.com\/wp-content\/uploads\/20141030_Spain_Barcelona_Belloch_COB_Salva_Lopez_17-1.jpg\",\"contentUrl\":\"https:\/\/www.urbidermis.com\/wp-content\/uploads\/20141030_Spain_Barcelona_Belloch_COB_Salva_Lopez_17-1.jpg\",\"width\":850,\"height\":1191},{\"@type\":\"BreadcrumbList\",\"@id\":\"https:\/\/www.urbidermis.com\/fr\/bancs-urbains\/comunitario\/#breadcrumb\",\"itemListElement\":[{\"@type\":\"ListItem\",\"position\":1,\"name\":\"Home\",\"item\":\"https:\/\/www.urbidermis.com\/fr\/\"},{\"@type\":\"ListItem\",\"position\":2,\"name\":\"Produits\",\"item\":\"https:\/\/www.urbidermis.com\/fr\/produits\/\"},{\"@type\":\"ListItem\",\"position\":3,\"name\":\"Comunitario\"}]},{\"@type\":\"WebSite\",\"@id\":\"https:\/\/www.urbidermis.com\/fr\/#website\",\"url\":\"https:\/\/www.urbidermis.com\/fr\/\",\"name\":\"Urbidermis\",\"description\":\"Especialistas en la ciudad\",\"publisher\":{\"@id\":\"https:\/\/www.urbidermis.com\/fr\/#organization\"},\"potentialAction\":[{\"@type\":\"SearchAction\",\"target\":{\"@type\":\"EntryPoint\",\"urlTemplate\":\"https:\/\/www.urbidermis.com\/fr\/?s={search_term_string}\"},\"query-input\":\"required name=search_term_string\"}],\"inLanguage\":\"fr-FR\"},{\"@type\":\"Organization\",\"@id\":\"https:\/\/www.urbidermis.com\/fr\/#organization\",\"name\":\"Urbidermis\",\"url\":\"https:\/\/www.urbidermis.com\/fr\/\",\"logo\":{\"@type\":\"ImageObject\",\"inLanguage\":\"fr-FR\",\"@id\":\"https:\/\/www.urbidermis.com\/fr\/#\/schema\/logo\/image\/\",\"url\":\"https:\/\/www.urbidermis.com\/wp-content\/uploads\/logo_urbdermis-1.png\",\"contentUrl\":\"https:\/\/www.urbidermis.com\/wp-content\/uploads\/logo_urbdermis-1.png\",\"width\":601,\"height\":1033,\"caption\":\"Urbidermis\"},\"image\":{\"@id\":\"https:\/\/www.urbidermis.com\/fr\/#\/schema\/logo\/image\/\"}}]}<\/script>\n<!-- \/ Yoast SEO plugin. -->","yoast_head_json":{"title":"Comunitario - Urbidermis","robots":{"index":"index","follow":"follow","max-snippet":"max-snippet:-1","max-image-preview":"max-image-preview:large","max-video-preview":"max-video-preview:-1"},"canonical":"https:\/\/www.urbidermis.com\/fr\/bancs-urbains\/comunitario\/","og_locale":"fr_FR","og_type":"article","og_title":"Comunitario - Urbidermis","og_description":"Un banc qui offre un grand espace de vie, ouvert \u00e0 de multiples possibilit\u00e9s d'utilisation. Le banc Comunitario est compos\u00e9 de quatre ou cinq lattes de bois \u00e9paisses, pouvant ou non inclure un dossier solide pour garantir une solidit\u00e9 maximale.","og_url":"https:\/\/www.urbidermis.com\/fr\/bancs-urbains\/comunitario\/","og_site_name":"Urbidermis","article_modified_time":"2026-04-08T13:09:47+00:00","og_image":[{"width":850,"height":1191,"url":"https:\/\/www.urbidermis.com\/wp-content\/uploads\/20141030_Spain_Barcelona_Belloch_COB_Salva_Lopez_17-1.jpg","type":"image\/jpeg"}],"twitter_card":"summary_large_image","schema":{"@context":"https:\/\/schema.org","@graph":[{"@type":"WebPage","@id":"https:\/\/www.urbidermis.com\/fr\/bancs-urbains\/comunitario\/","url":"https:\/\/www.urbidermis.com\/fr\/bancs-urbains\/comunitario\/","name":"Comunitario - Urbidermis","isPartOf":{"@id":"https:\/\/www.urbidermis.com\/fr\/#website"},"primaryImageOfPage":{"@id":"https:\/\/www.urbidermis.com\/fr\/bancs-urbains\/comunitario\/#primaryimage"},"image":{"@id":"https:\/\/www.urbidermis.com\/fr\/bancs-urbains\/comunitario\/#primaryimage"},"thumbnailUrl":"https:\/\/www.urbidermis.com\/wp-content\/uploads\/20141030_Spain_Barcelona_Belloch_COB_Salva_Lopez_17-1.jpg","datePublished":"2022-03-01T10:36:37+00:00","dateModified":"2026-04-08T13:09:47+00:00","breadcrumb":{"@id":"https:\/\/www.urbidermis.com\/fr\/bancs-urbains\/comunitario\/#breadcrumb"},"inLanguage":"fr-FR","potentialAction":[{"@type":"ReadAction","target":["https:\/\/www.urbidermis.com\/fr\/bancs-urbains\/comunitario\/"]}]},{"@type":"ImageObject","inLanguage":"fr-FR","@id":"https:\/\/www.urbidermis.com\/fr\/bancs-urbains\/comunitario\/#primaryimage","url":"https:\/\/www.urbidermis.com\/wp-content\/uploads\/20141030_Spain_Barcelona_Belloch_COB_Salva_Lopez_17-1.jpg","contentUrl":"https:\/\/www.urbidermis.com\/wp-content\/uploads\/20141030_Spain_Barcelona_Belloch_COB_Salva_Lopez_17-1.jpg","width":850,"height":1191},{"@type":"BreadcrumbList","@id":"https:\/\/www.urbidermis.com\/fr\/bancs-urbains\/comunitario\/#breadcrumb","itemListElement":[{"@type":"ListItem","position":1,"name":"Home","item":"https:\/\/www.urbidermis.com\/fr\/"},{"@type":"ListItem","position":2,"name":"Produits","item":"https:\/\/www.urbidermis.com\/fr\/produits\/"},{"@type":"ListItem","position":3,"name":"Comunitario"}]},{"@type":"WebSite","@id":"https:\/\/www.urbidermis.com\/fr\/#website","url":"https:\/\/www.urbidermis.com\/fr\/","name":"Urbidermis","description":"Especialistas en la ciudad","publisher":{"@id":"https:\/\/www.urbidermis.com\/fr\/#organization"},"potentialAction":[{"@type":"SearchAction","target":{"@type":"EntryPoint","urlTemplate":"https:\/\/www.urbidermis.com\/fr\/?s={search_term_string}"},"query-input":"required name=search_term_string"}],"inLanguage":"fr-FR"},{"@type":"Organization","@id":"https:\/\/www.urbidermis.com\/fr\/#organization","name":"Urbidermis","url":"https:\/\/www.urbidermis.com\/fr\/","logo":{"@type":"ImageObject","inLanguage":"fr-FR","@id":"https:\/\/www.urbidermis.com\/fr\/#\/schema\/logo\/image\/","url":"https:\/\/www.urbidermis.com\/wp-content\/uploads\/logo_urbdermis-1.png","contentUrl":"https:\/\/www.urbidermis.com\/wp-content\/uploads\/logo_urbdermis-1.png","width":601,"height":1033,"caption":"Urbidermis"},"image":{"@id":"https:\/\/www.urbidermis.com\/fr\/#\/schema\/logo\/image\/"}}]}},"_links":{"self":[{"href":"https:\/\/www.urbidermis.com\/fr\/wp-json\/wp\/v2\/product\/8585"}],"collection":[{"href":"https:\/\/www.urbidermis.com\/fr\/wp-json\/wp\/v2\/product"}],"about":[{"href":"https:\/\/www.urbidermis.com\/fr\/wp-json\/wp\/v2\/types\/product"}],"acf:post":[{"embeddable":true,"href":"https:\/\/www.urbidermis.com\/fr\/wp-json\/wp\/v2\/autores\/10069"}],"wp:featuredmedia":[{"embeddable":true,"href":"https:\/\/www.urbidermis.com\/fr\/wp-json\/wp\/v2\/media\/14954"}],"wp:attachment":[{"href":"https:\/\/www.urbidermis.com\/fr\/wp-json\/wp\/v2\/media?parent=8585"}],"wp:term":[{"taxonomy":"product_cat","embeddable":true,"href":"https:\/\/www.urbidermis.com\/fr\/wp-json\/wp\/v2\/product_cat?post=8585"},{"taxonomy":"product_tag","embeddable":true,"href":"https:\/\/www.urbidermis.com\/fr\/wp-json\/wp\/v2\/product_tag?post=8585"}],"curies":[{"name":"wp","href":"https:\/\/api.w.org\/{rel}","templated":true}]}}