


{"id":8599,"date":"2022-03-01T10:37:43","date_gmt":"2022-03-01T10:37:43","guid":{"rendered":"https:\/\/ubweb21.urbidermis.com\/product\/moon\/"},"modified":"2026-04-09T10:02:24","modified_gmt":"2026-04-09T08:02:24","slug":"moon","status":"publish","type":"product","link":"https:\/\/www.urbidermis.com\/fr\/mobilier-urbain\/moon\/","title":{"rendered":"Moon"},"content":{"rendered":"","protected":false},"excerpt":{"rendered":"<p>Banc urbain aux formes architecturales et aux lignes droites, l&rsquo;incarnation d&rsquo;une fonction \u00e9pur\u00e9e. Le banc Moon est con\u00e7u pour cr\u00e9er de vastes plates-formes d&rsquo;alignement qui s&rsquo;int\u00e8grent facilement au reste des \u00e9l\u00e9ments du paysage et accompagnent la qui\u00e9tude des zones de promenade.<\/p>\n","protected":false},"featured_media":8645,"template":"","meta":{"_acf_changed":false,"inline_featured_image":false},"product_cat":[243,242],"product_tag":[],"acf":{"activador_seccion_impacto_acvs_secctions_acvs":true,"texto_enlace_amplifyapp":"Moon_Urban_furniture","codigos_acvs_matching_row-leds":[{"texto_pestana_item_fetch":"Banc sans dossier 1,8 m","codigo_item_fetch":"MOB+04"},{"texto_pestana_item_fetch":"Banc avec dossier 1,8 m","codigo_item_fetch":"MOB+14"},{"texto_pestana_item_fetch":"Banc sans dossier mural 3 m","codigo_item_fetch":"MOBS+24"},{"texto_pestana_item_fetch":"Banc avec dossier mural 3 m","codigo_item_fetch":"MOBS+34"}],"activator_acf_option_madera_text":true,"texto_bajo_btn_certificados":"","check_para_validar_no_secc_aplication":false,"is_protocolo_y_control_generic":false,"is_producto_residencial_para_mostrar_info_diferente":false,"is_plano_de_cotas_validator":true,"galeria_multidimension_imagenes_plano_de_cotas_proyector":[{"texto_pestana_plano_galeria":"Banc","imagen_plano_de_cotas":"[link_wp_dam_url ids=\"14543\"]"},{"texto_pestana_plano_galeria":"Banc sur muret","imagen_plano_de_cotas":"[link_wp_dam_url ids=\"14542\"]"}],"premios_producto_repeater":null,"participantes":"","autores":[10302],"ano_creacion_producto":"1994","validacion_producto_descarga":true,"galeria_imagenes_repeater_libro":[{"imagen_item_gal":"[link_wp_dam_url ids=\"13244\"]","activar_video_item_gal":false,"portada_video_item_gal":null,"video_en_horizonal_item_gal":false,"video_item_gal":false},{"imagen_item_gal":"[link_wp_dam_url ids=\"13245\"]","activar_video_item_gal":false,"portada_video_item_gal":null,"video_en_horizonal_item_gal":false,"video_item_gal":false},{"imagen_item_gal":"[link_wp_dam_url ids=\"13246\"]","activar_video_item_gal":false,"portada_video_item_gal":null,"video_en_horizonal_item_gal":false,"video_item_gal":false},{"imagen_item_gal":"[link_wp_dam_url ids=\"13247\"]","activar_video_item_gal":false,"portada_video_item_gal":null,"video_en_horizonal_item_gal":false,"video_item_gal":false},{"imagen_item_gal":"[link_wp_dam_url ids=\"13248\"]","activar_video_item_gal":false,"portada_video_item_gal":null,"video_en_horizonal_item_gal":false,"video_item_gal":false}],"secciones_producto":[{"acf_fc_layout":"seccion_navtabs_imagen_dinamica","title_group":{"title_tag":"h2","title_txt":"Repos int\u00e9gr\u00e9 au paysage"},"texto_intro_principal":true,"texto_introductorio":"Avec des lignes essentielles et une s\u00e9lection rigoureuse de mat\u00e9riaux r\u00e9sistants aux intemp\u00e9ries, le banc Moon s'int\u00e8gre aussi bien au sol qu'en muret. Il est associ\u00e9 \u00e0 l'am\u00e9nagement du paysage, offrant des surfaces de repos avec ou sans dossier qui favorisent les espaces de rencontre.","ventanas_detalles_producto":[{"title_group_producto_grid_single":{"title_tag":"h2","title_txt":"Mat\u00e9riaux"},"imagen_de_fondo_dinamic_single_producto":"","texto_contenido_ventana":true,"contenido_tabs_producto":"<ul>\r\n \t<li>Structure en fonte et profil\u00e9s en acier S235 JR galvanis\u00e9 \u00e0 chaud avec finitions peintes.<\/li>\r\n \t<li>Assise et dossier en lattes de 45 x 45 mm et 45 x 200 mm aux extr\u00e9mit\u00e9s en bois tropical avec Certification FSC 100% prot\u00e9g\u00e9 avec de l'huile monocouche.<\/li>\r\n \t<li>Visserie en acier inoxydable A2.<\/li>\r\n<\/ul>","acordion":false,"preguntas_y_respuestas":null,"cuadricula_de_colores":false,"componentes_producto":null,"descargables":false,"tipo_datasheet":"simple","datasheet":null,"datasheet_multiple":null,"tipo_instrucciones":"simple","instructions":null,"instructions_multiple":null,"drawings_ce":null,"2d_cad":null,"3d_cad":null,"revit":null,"ldt_photometric_files":null,"ies_photometric_files":null,"validador_detalles_producto":false,"tipo_especificacion":"certificados"},{"title_group_producto_grid_single":{"title_tag":"h2","title_txt":"Finitions"},"imagen_de_fondo_dinamic_single_producto":"","texto_contenido_ventana":true,"contenido_tabs_producto":"Les couleurs pr\u00e9sent\u00e9es sont purement indicatives.\r\nAutres couleurs sur demande.\r\nConsulter les finitions pour les environnements marins.","acordion":false,"preguntas_y_respuestas":null,"cuadricula_de_colores":true,"componentes_producto":[{"nombre_componente":"","colores":["madera_tropical"]}],"descargables":false,"tipo_datasheet":"simple","datasheet":null,"datasheet_multiple":null,"tipo_instrucciones":"simple","instructions":null,"instructions_multiple":null,"drawings_ce":null,"2d_cad":null,"3d_cad":null,"revit":null,"ldt_photometric_files":null,"ies_photometric_files":null,"validador_detalles_producto":false,"tipo_especificacion":""},{"title_group_producto_grid_single":{"title_tag":"h2","title_txt":"Plan cot\u00e9"},"imagen_de_fondo_dinamic_single_producto":"","texto_contenido_ventana":false,"contenido_tabs_producto":"*Les couleurs pr\u00e9sent\u00e9es sont purement indicatives. (Autres couleurs sur demande)\r\n**Consulter les finitions pour les environnements marins","acordion":false,"preguntas_y_respuestas":null,"cuadricula_de_colores":false,"componentes_producto":[{"nombre_componente":"","colores":["madera_tropical"]}],"descargables":false,"tipo_datasheet":"simple","datasheet":null,"datasheet_multiple":null,"tipo_instrucciones":"simple","instructions":null,"instructions_multiple":null,"drawings_ce":null,"2d_cad":null,"3d_cad":null,"revit":null,"ldt_photometric_files":null,"ies_photometric_files":null,"validador_detalles_producto":false,"tipo_especificacion":""},{"title_group_producto_grid_single":{"title_tag":"h2","title_txt":"Installation"},"imagen_de_fondo_dinamic_single_producto":"","texto_contenido_ventana":true,"contenido_tabs_producto":"<ul>\r\n \t<li>Installation au moyen de deux boulons galvanis\u00e9s M10x120 par structure d\u2019appui ins\u00e9r\u00e9s dans des trous pr\u00e9alablement pratiqu\u00e9s dans la chauss\u00e9e, remplis de r\u00e9sine \u00e9poxy, de ciment rapide ou similaire.<\/li>\r\n \t<li>L'\u00e9l\u00e9ment est fourni d\u00e9mont\u00e9 en deux composants : structure et lattes.<\/li>\r\n \t<li>Instructions d'installation et de montage, visserie et boulons inclus.<\/li>\r\n<\/ul>","acordion":false,"preguntas_y_respuestas":null,"cuadricula_de_colores":false,"componentes_producto":null,"descargables":false,"tipo_datasheet":"simple","datasheet":null,"datasheet_multiple":null,"tipo_instrucciones":"simple","instructions":null,"instructions_multiple":null,"drawings_ce":null,"2d_cad":null,"3d_cad":null,"revit":null,"ldt_photometric_files":null,"ies_photometric_files":null,"validador_detalles_producto":false,"tipo_especificacion":""},{"title_group_producto_grid_single":{"title_tag":"h2","title_txt":"Maintenance"},"imagen_de_fondo_dinamic_single_producto":"","texto_contenido_ventana":true,"contenido_tabs_producto":"<ul>\r\n \t<li>Ne n\u00e9cessite aucun entretien, si ce n\u2019est pour conserver la couleur d'origine du bois.<\/li>\r\n<\/ul>","acordion":false,"preguntas_y_respuestas":null,"cuadricula_de_colores":false,"componentes_producto":null,"descargables":false,"tipo_datasheet":"simple","datasheet":null,"datasheet_multiple":null,"tipo_instrucciones":"simple","instructions":null,"instructions_multiple":null,"drawings_ce":null,"2d_cad":null,"3d_cad":null,"revit":null,"ldt_photometric_files":null,"ies_photometric_files":null,"validador_detalles_producto":false,"tipo_especificacion":""},{"title_group_producto_grid_single":{"title_tag":"h2","title_txt":"Certificats"},"imagen_de_fondo_dinamic_single_producto":"","texto_contenido_ventana":false,"contenido_tabs_producto":"","acordion":false,"preguntas_y_respuestas":null,"cuadricula_de_colores":false,"componentes_producto":null,"descargables":false,"tipo_datasheet":"simple","datasheet":null,"datasheet_multiple":null,"tipo_instrucciones":"simple","instructions":null,"instructions_multiple":null,"drawings_ce":null,"2d_cad":null,"3d_cad":null,"revit":null,"ldt_photometric_files":null,"ies_photometric_files":null,"validador_detalles_producto":true,"tipo_especificacion":"certificados"}]},{"acf_fc_layout":"seccion_navtabs_imagen_dinamica","title_group":{"title_tag":"h2","title_txt":"Typologie"},"texto_intro_principal":false,"texto_introductorio":"","ventanas_detalles_producto":[{"title_group_producto_grid_single":{"title_tag":"h2","title_txt":"Banc"},"imagen_de_fondo_dinamic_single_producto":"[link_wp_dam_url ids=\"13243\"]","texto_contenido_ventana":true,"contenido_tabs_producto":"Le banc est l'\u00e9l\u00e9ment par excellence de l'espace urbain. Il permet de se reposer, de discuter ou d'admirer le paysage et connote la qualit\u00e9 de l'espace public. Avec un dossier pour offrir un grand confort, avec ou sans accoudoirs pour faciliter l'incorporation, dans des mat\u00e9riaux et des finitions r\u00e9sistants \u00e0 l'usage.","acordion":true,"preguntas_y_respuestas":[{"pregunta":"Poids","respuesta":"1,80 m sans dossier : 114\r\n3,00 m sans dossier : 131\r\nAccoudoir pour banc sans dossier : 3,8\r\n\r\n1,80 m avec dossier : 132\r\n3,00 m avec dossier : 167\r\nAccoudoir pour banc avec dossier : 2,7\r\n\r\n*Poids approximatif sans emballage (kg)"}],"cuadricula_de_colores":false,"componentes_producto":null,"descargables":false,"tipo_datasheet":"simple","datasheet":null,"datasheet_multiple":null,"tipo_instrucciones":"simple","instructions":null,"instructions_multiple":null,"drawings_ce":null,"2d_cad":null,"3d_cad":null,"revit":null,"ldt_photometric_files":null,"ies_photometric_files":null,"validador_detalles_producto":false,"tipo_especificacion":""},{"title_group_producto_grid_single":{"title_tag":"h2","title_txt":"Banc sur muret"},"imagen_de_fondo_dinamic_single_producto":"[link_wp_dam_url ids=\"13241\"]","texto_contenido_ventana":true,"contenido_tabs_producto":"Le banc sur muret permet de fixer une surface de repos \u00e0 l'\u00e9l\u00e9ment d\u00e9limitant, avec ou sans dossier, afin de pouvoir int\u00e9grer des espaces de vie dans le paysage, dans des projets aux programmes complexes.","acordion":true,"preguntas_y_respuestas":[{"pregunta":"Poids","respuesta":"1,80 m sans dossier sur muret : 58\r\n3,00 m sans dossier sur muret : 95\r\nAccoudoir pour banc sans dossier : 3,8\r\n\r\n1,80 m avec dossier sur muret : 88,5\r\n3,00 m avec dossier sur muret : 145\r\nAccoudoir pour banc avec dossier : 2,7\r\n\r\n*Poids approximatif sans emballage (kg)"}],"cuadricula_de_colores":false,"componentes_producto":null,"descargables":false,"tipo_datasheet":"simple","datasheet":null,"datasheet_multiple":null,"tipo_instrucciones":"simple","instructions":null,"instructions_multiple":null,"drawings_ce":null,"2d_cad":null,"3d_cad":null,"revit":null,"ldt_photometric_files":null,"ies_photometric_files":null,"validador_detalles_producto":false,"tipo_especificacion":""},{"title_group_producto_grid_single":{"title_tag":"h2","title_txt":"Alignement"},"imagen_de_fondo_dinamic_single_producto":"[link_wp_dam_url ids=\"13242\"]","texto_contenido_ventana":true,"contenido_tabs_producto":"Les \u00e9l\u00e9ments de repos d'alignement sont essentiels pour adapter cette fonction \u00e0 la conformation de l'espace. La continuit\u00e9 de la composition dynamise les relations sociales et nous invite \u00e0 tisser des \u00e9pisodes de vie citoyenne.","acordion":true,"preguntas_y_respuestas":[{"pregunta":"Poids","respuesta":"1,80 m sans dossier : 114\r\n3,00 m sans dossier : 131\r\n\r\n1,80 m avec dossier : 132\r\n3,00 m avec dossier : 167\r\n\r\n1,80 m sans dossier sur muret : 58\r\n3,00 m sans dossier sur muret : 95\r\n\r\n1,80 m avec dossier sur muret : 88,5\r\n3,00 m avec dossier sur muret : 145\r\n\r\nAccoudoir pour banc sans dossier : 3,8\r\nAccoudoir pour banc avec dossier : 2,7\r\n\r\n*Poids approximatif sans emballage (kg)"}],"cuadricula_de_colores":false,"componentes_producto":null,"descargables":false,"tipo_datasheet":"simple","datasheet":null,"datasheet_multiple":null,"tipo_instrucciones":"simple","instructions":null,"instructions_multiple":null,"drawings_ce":null,"2d_cad":null,"3d_cad":null,"revit":null,"ldt_photometric_files":null,"ies_photometric_files":null,"validador_detalles_producto":false,"tipo_especificacion":""}]},{"acf_fc_layout":"seccion_navtabs_imagen_dinamica","title_group":{"title_tag":"h2","title_txt":"T\u00e9l\u00e9chargeables"},"texto_intro_principal":false,"texto_introductorio":"","ventanas_detalles_producto":[{"title_group_producto_grid_single":{"title_tag":"h2","title_txt":""},"imagen_de_fondo_dinamic_single_producto":"","texto_contenido_ventana":false,"contenido_tabs_producto":"","acordion":false,"preguntas_y_respuestas":null,"cuadricula_de_colores":false,"componentes_producto":null,"descargables":true,"tipo_datasheet":"multiple","datasheet":null,"datasheet_multiple":[{"datasheet_title":"Moon","datasheet_file":18777},{"datasheet_title":"Bois","datasheet_file":15830}],"tipo_instrucciones":"multiple","instructions":11707,"instructions_multiple":[{"instructions_title":"Banc","instructions_file":25394},{"instructions_title":"Banc sur muret","instructions_file":25390}],"drawings_ce":20905,"2d_cad":20901,"3d_cad":13616,"revit":13683,"ldt_photometric_files":"","ies_photometric_files":"","validador_detalles_producto":false,"tipo_especificacion":""}]},{"acf_fc_layout":"seccion_consulta_nuestros_expertos","imagen_de_fondo_single_producto":"[link_wp_dam_url ids=\"13249\" size=\"x2400\"]","imagen_de_fondo_single_producto_mobile":""},{"acf_fc_layout":"seccion_imagen_de_fondo_con_sub_menu","titulo_group_list_contet_proyectos":{"title_tag":"h3","title_txt":"Moon dans la ville"},"ancla_copy2":"","proyectos_relacionados":[{"project":25447,"project_img":"[link_wp_dam_url ids=\"15175\"]"},{"project":6322,"project_img":"[link_wp_dam_url ids=\"13252\"]"},{"project":22386,"project_img":"[link_wp_dam_url ids=\"13254\"]"},{"project":7455,"project_img":"[link_wp_dam_url ids=\"13250\"]"},{"project":8016,"project_img":"[link_wp_dam_url ids=\"13251\"]"}]}],"dist_simetrica":"","dist_asimetrica":"","dist_indirecta":"","dist_suelo":"","control":"","certificados":["ce","fsc"],"nombre_arbol_entre_comillas":"","nombre_solo_plantas_field":"","isbn_campo_texto":"","autor_book_publicacion_producto":"","idioma_campo_texto":"","enquadernacion_campo_texto":"","_numero_de_paginas_campo_texto":"","pdf_asociado_producto":"","resumen_libro":"","text_content_family_basic_information":"","text_content_family_basic_number_width":"","text_content_family_basic_number_height":"","text_content_planting_density":"","flowers_option_colours":"","flowers_option_season":"","properties_option_pruning":"","properties_option_watering":"","properties_option_sun_exposure":"","properties_option_minimum_temp":"","properties_option_soil_type":"","properties_option_fire":"","properties_option_heat":"","properties_option_moisture":"","properties_option_dryness":"","properties_option_coastal_area":"","texto_introduccion_landing_custom":"","enlace_descubre_mas_custom":"","selecciona_tipo_de_imagen_custom":"","imagen_vertical_custom":"","imagen_horizontal_custom":"","opciones_de_texto_1":true,"opciones_de_texto_2":"acabado_standar","opciones_de_texto_3":""},"yoast_head":"<!-- This site is optimized with the Yoast SEO plugin v22.8 - https:\/\/yoast.com\/wordpress\/plugins\/seo\/ -->\n<title>Moon - Urbidermis<\/title>\n<meta name=\"robots\" content=\"index, follow, max-snippet:-1, max-image-preview:large, max-video-preview:-1\" \/>\n<link rel=\"canonical\" href=\"https:\/\/www.urbidermis.com\/fr\/mobilier-urbain\/moon\/\" \/>\n<meta property=\"og:locale\" content=\"fr_FR\" \/>\n<meta property=\"og:type\" content=\"article\" \/>\n<meta property=\"og:title\" content=\"Moon - Urbidermis\" \/>\n<meta property=\"og:description\" content=\"Banc urbain aux formes architecturales et aux lignes droites, l&#039;incarnation d&#039;une fonction \u00e9pur\u00e9e. Le banc Moon est con\u00e7u pour cr\u00e9er de vastes plates-formes d&#039;alignement qui s&#039;int\u00e8grent facilement au reste des \u00e9l\u00e9ments du paysage et accompagnent la qui\u00e9tude des zones de promenade.\" \/>\n<meta property=\"og:url\" content=\"https:\/\/www.urbidermis.com\/fr\/mobilier-urbain\/moon\/\" \/>\n<meta property=\"og:site_name\" content=\"Urbidermis\" \/>\n<meta property=\"article:modified_time\" content=\"2026-04-09T08:02:24+00:00\" \/>\n<meta property=\"og:image\" content=\"https:\/\/www.urbidermis.com\/wp-content\/uploads\/20081127_Spain_Barcelona_Belloch_MOB_Equipo_Urbidermis_00.jpg\" \/>\n\t<meta property=\"og:image:width\" content=\"1371\" \/>\n\t<meta property=\"og:image:height\" content=\"1920\" \/>\n\t<meta property=\"og:image:type\" content=\"image\/jpeg\" \/>\n<meta name=\"twitter:card\" content=\"summary_large_image\" \/>\n<script type=\"application\/ld+json\" class=\"yoast-schema-graph\">{\"@context\":\"https:\/\/schema.org\",\"@graph\":[{\"@type\":\"WebPage\",\"@id\":\"https:\/\/www.urbidermis.com\/fr\/mobilier-urbain\/moon\/\",\"url\":\"https:\/\/www.urbidermis.com\/fr\/mobilier-urbain\/moon\/\",\"name\":\"Moon - Urbidermis\",\"isPartOf\":{\"@id\":\"https:\/\/www.urbidermis.com\/fr\/#website\"},\"primaryImageOfPage\":{\"@id\":\"https:\/\/www.urbidermis.com\/fr\/mobilier-urbain\/moon\/#primaryimage\"},\"image\":{\"@id\":\"https:\/\/www.urbidermis.com\/fr\/mobilier-urbain\/moon\/#primaryimage\"},\"thumbnailUrl\":\"https:\/\/www.urbidermis.com\/wp-content\/uploads\/20081127_Spain_Barcelona_Belloch_MOB_Equipo_Urbidermis_00.jpg\",\"datePublished\":\"2022-03-01T10:37:43+00:00\",\"dateModified\":\"2026-04-09T08:02:24+00:00\",\"breadcrumb\":{\"@id\":\"https:\/\/www.urbidermis.com\/fr\/mobilier-urbain\/moon\/#breadcrumb\"},\"inLanguage\":\"fr-FR\",\"potentialAction\":[{\"@type\":\"ReadAction\",\"target\":[\"https:\/\/www.urbidermis.com\/fr\/mobilier-urbain\/moon\/\"]}]},{\"@type\":\"ImageObject\",\"inLanguage\":\"fr-FR\",\"@id\":\"https:\/\/www.urbidermis.com\/fr\/mobilier-urbain\/moon\/#primaryimage\",\"url\":\"https:\/\/www.urbidermis.com\/wp-content\/uploads\/20081127_Spain_Barcelona_Belloch_MOB_Equipo_Urbidermis_00.jpg\",\"contentUrl\":\"https:\/\/www.urbidermis.com\/wp-content\/uploads\/20081127_Spain_Barcelona_Belloch_MOB_Equipo_Urbidermis_00.jpg\",\"width\":1371,\"height\":1920},{\"@type\":\"BreadcrumbList\",\"@id\":\"https:\/\/www.urbidermis.com\/fr\/mobilier-urbain\/moon\/#breadcrumb\",\"itemListElement\":[{\"@type\":\"ListItem\",\"position\":1,\"name\":\"Home\",\"item\":\"https:\/\/www.urbidermis.com\/fr\/\"},{\"@type\":\"ListItem\",\"position\":2,\"name\":\"Produits\",\"item\":\"https:\/\/www.urbidermis.com\/fr\/produits\/\"},{\"@type\":\"ListItem\",\"position\":3,\"name\":\"Moon\"}]},{\"@type\":\"WebSite\",\"@id\":\"https:\/\/www.urbidermis.com\/fr\/#website\",\"url\":\"https:\/\/www.urbidermis.com\/fr\/\",\"name\":\"Urbidermis\",\"description\":\"Especialistas en la ciudad\",\"publisher\":{\"@id\":\"https:\/\/www.urbidermis.com\/fr\/#organization\"},\"potentialAction\":[{\"@type\":\"SearchAction\",\"target\":{\"@type\":\"EntryPoint\",\"urlTemplate\":\"https:\/\/www.urbidermis.com\/fr\/?s={search_term_string}\"},\"query-input\":\"required name=search_term_string\"}],\"inLanguage\":\"fr-FR\"},{\"@type\":\"Organization\",\"@id\":\"https:\/\/www.urbidermis.com\/fr\/#organization\",\"name\":\"Urbidermis\",\"url\":\"https:\/\/www.urbidermis.com\/fr\/\",\"logo\":{\"@type\":\"ImageObject\",\"inLanguage\":\"fr-FR\",\"@id\":\"https:\/\/www.urbidermis.com\/fr\/#\/schema\/logo\/image\/\",\"url\":\"https:\/\/www.urbidermis.com\/wp-content\/uploads\/logo_urbdermis-1.png\",\"contentUrl\":\"https:\/\/www.urbidermis.com\/wp-content\/uploads\/logo_urbdermis-1.png\",\"width\":601,\"height\":1033,\"caption\":\"Urbidermis\"},\"image\":{\"@id\":\"https:\/\/www.urbidermis.com\/fr\/#\/schema\/logo\/image\/\"}}]}<\/script>\n<!-- \/ Yoast SEO plugin. -->","yoast_head_json":{"title":"Moon - Urbidermis","robots":{"index":"index","follow":"follow","max-snippet":"max-snippet:-1","max-image-preview":"max-image-preview:large","max-video-preview":"max-video-preview:-1"},"canonical":"https:\/\/www.urbidermis.com\/fr\/mobilier-urbain\/moon\/","og_locale":"fr_FR","og_type":"article","og_title":"Moon - Urbidermis","og_description":"Banc urbain aux formes architecturales et aux lignes droites, l'incarnation d'une fonction \u00e9pur\u00e9e. Le banc Moon est con\u00e7u pour cr\u00e9er de vastes plates-formes d'alignement qui s'int\u00e8grent facilement au reste des \u00e9l\u00e9ments du paysage et accompagnent la qui\u00e9tude des zones de promenade.","og_url":"https:\/\/www.urbidermis.com\/fr\/mobilier-urbain\/moon\/","og_site_name":"Urbidermis","article_modified_time":"2026-04-09T08:02:24+00:00","og_image":[{"width":1371,"height":1920,"url":"https:\/\/www.urbidermis.com\/wp-content\/uploads\/20081127_Spain_Barcelona_Belloch_MOB_Equipo_Urbidermis_00.jpg","type":"image\/jpeg"}],"twitter_card":"summary_large_image","schema":{"@context":"https:\/\/schema.org","@graph":[{"@type":"WebPage","@id":"https:\/\/www.urbidermis.com\/fr\/mobilier-urbain\/moon\/","url":"https:\/\/www.urbidermis.com\/fr\/mobilier-urbain\/moon\/","name":"Moon - Urbidermis","isPartOf":{"@id":"https:\/\/www.urbidermis.com\/fr\/#website"},"primaryImageOfPage":{"@id":"https:\/\/www.urbidermis.com\/fr\/mobilier-urbain\/moon\/#primaryimage"},"image":{"@id":"https:\/\/www.urbidermis.com\/fr\/mobilier-urbain\/moon\/#primaryimage"},"thumbnailUrl":"https:\/\/www.urbidermis.com\/wp-content\/uploads\/20081127_Spain_Barcelona_Belloch_MOB_Equipo_Urbidermis_00.jpg","datePublished":"2022-03-01T10:37:43+00:00","dateModified":"2026-04-09T08:02:24+00:00","breadcrumb":{"@id":"https:\/\/www.urbidermis.com\/fr\/mobilier-urbain\/moon\/#breadcrumb"},"inLanguage":"fr-FR","potentialAction":[{"@type":"ReadAction","target":["https:\/\/www.urbidermis.com\/fr\/mobilier-urbain\/moon\/"]}]},{"@type":"ImageObject","inLanguage":"fr-FR","@id":"https:\/\/www.urbidermis.com\/fr\/mobilier-urbain\/moon\/#primaryimage","url":"https:\/\/www.urbidermis.com\/wp-content\/uploads\/20081127_Spain_Barcelona_Belloch_MOB_Equipo_Urbidermis_00.jpg","contentUrl":"https:\/\/www.urbidermis.com\/wp-content\/uploads\/20081127_Spain_Barcelona_Belloch_MOB_Equipo_Urbidermis_00.jpg","width":1371,"height":1920},{"@type":"BreadcrumbList","@id":"https:\/\/www.urbidermis.com\/fr\/mobilier-urbain\/moon\/#breadcrumb","itemListElement":[{"@type":"ListItem","position":1,"name":"Home","item":"https:\/\/www.urbidermis.com\/fr\/"},{"@type":"ListItem","position":2,"name":"Produits","item":"https:\/\/www.urbidermis.com\/fr\/produits\/"},{"@type":"ListItem","position":3,"name":"Moon"}]},{"@type":"WebSite","@id":"https:\/\/www.urbidermis.com\/fr\/#website","url":"https:\/\/www.urbidermis.com\/fr\/","name":"Urbidermis","description":"Especialistas en la ciudad","publisher":{"@id":"https:\/\/www.urbidermis.com\/fr\/#organization"},"potentialAction":[{"@type":"SearchAction","target":{"@type":"EntryPoint","urlTemplate":"https:\/\/www.urbidermis.com\/fr\/?s={search_term_string}"},"query-input":"required name=search_term_string"}],"inLanguage":"fr-FR"},{"@type":"Organization","@id":"https:\/\/www.urbidermis.com\/fr\/#organization","name":"Urbidermis","url":"https:\/\/www.urbidermis.com\/fr\/","logo":{"@type":"ImageObject","inLanguage":"fr-FR","@id":"https:\/\/www.urbidermis.com\/fr\/#\/schema\/logo\/image\/","url":"https:\/\/www.urbidermis.com\/wp-content\/uploads\/logo_urbdermis-1.png","contentUrl":"https:\/\/www.urbidermis.com\/wp-content\/uploads\/logo_urbdermis-1.png","width":601,"height":1033,"caption":"Urbidermis"},"image":{"@id":"https:\/\/www.urbidermis.com\/fr\/#\/schema\/logo\/image\/"}}]}},"_links":{"self":[{"href":"https:\/\/www.urbidermis.com\/fr\/wp-json\/wp\/v2\/product\/8599"}],"collection":[{"href":"https:\/\/www.urbidermis.com\/fr\/wp-json\/wp\/v2\/product"}],"about":[{"href":"https:\/\/www.urbidermis.com\/fr\/wp-json\/wp\/v2\/types\/product"}],"acf:post":[{"embeddable":true,"href":"https:\/\/www.urbidermis.com\/fr\/wp-json\/wp\/v2\/autores\/10302"}],"wp:featuredmedia":[{"embeddable":true,"href":"https:\/\/www.urbidermis.com\/fr\/wp-json\/wp\/v2\/media\/8645"}],"wp:attachment":[{"href":"https:\/\/www.urbidermis.com\/fr\/wp-json\/wp\/v2\/media?parent=8599"}],"wp:term":[{"taxonomy":"product_cat","embeddable":true,"href":"https:\/\/www.urbidermis.com\/fr\/wp-json\/wp\/v2\/product_cat?post=8599"},{"taxonomy":"product_tag","embeddable":true,"href":"https:\/\/www.urbidermis.com\/fr\/wp-json\/wp\/v2\/product_tag?post=8599"}],"curies":[{"name":"wp","href":"https:\/\/api.w.org\/{rel}","templated":true}]}}