


{"id":8616,"date":"2022-03-01T10:40:17","date_gmt":"2022-03-01T10:40:17","guid":{"rendered":"https:\/\/ubweb21.urbidermis.com\/product\/rai\/"},"modified":"2026-04-09T12:54:27","modified_gmt":"2026-04-09T10:54:27","slug":"rai","status":"publish","type":"product","link":"https:\/\/www.urbidermis.com\/fr\/bancs-urbains\/rai\/","title":{"rendered":"Rai"},"content":{"rendered":"","protected":false},"excerpt":{"rendered":"<p>Le banc urbain Rai est un syst\u00e8me \u00e0 forte identit\u00e9 rationaliste. Rai est \u00e0 la fois un banc, une table et un espace de rencontre avec de multiples combinaisons qui r\u00e9solvent les fonctions de repos et de loisirs. Un banc compos\u00e9 d&rsquo;\u00e9l\u00e9ments en mat\u00e9riaux r\u00e9sistants et de haute qualit\u00e9, qui garantissent une utilisation prolong\u00e9e sans entretien.<\/p>\n","protected":false},"featured_media":21327,"template":"","meta":{"_acf_changed":false,"inline_featured_image":false},"product_cat":[243,242],"product_tag":[],"acf":{"activador_seccion_impacto_acvs_secctions_acvs":true,"texto_enlace_amplifyapp":"Rai_Urban_furniture","codigos_acvs_matching_row-leds":[{"texto_pestana_item_fetch":"Banc 2 surfaces basses","codigo_item_fetch":"RAS+111"},{"texto_pestana_item_fetch":"Banc 1 surface haute + 1 surface basse","codigo_item_fetch":"RAS+211"},{"texto_pestana_item_fetch":"Banc 2 surfaces hautes","codigo_item_fetch":"RAS+311"},{"texto_pestana_item_fetch":"Banc 2 surfaces hautes + 2 surfaces basses","codigo_item_fetch":"RAS+411"}],"activator_acf_option_madera_text":true,"texto_bajo_btn_certificados":"","check_para_validar_no_secc_aplication":false,"is_protocolo_y_control_generic":false,"is_producto_residencial_para_mostrar_info_diferente":false,"is_plano_de_cotas_validator":true,"galeria_multidimension_imagenes_plano_de_cotas_proyector":[{"texto_pestana_plano_galeria":"Composition","imagen_plano_de_cotas":"[link_wp_dam_url ids=\"14834\"]"},{"texto_pestana_plano_galeria":"Pique-nique","imagen_plano_de_cotas":"[link_wp_dam_url ids=\"14552\"]"},{"texto_pestana_plano_galeria":"Customized","imagen_plano_de_cotas":"[link_wp_dam_url ids=\"14551\"]"}],"premios_producto_repeater":[{"nombre_premio_sub_item":"ADI FAD SILVER","ano_premio_sub_item":"2018"}],"participantes":[7548,7550,7552],"autores":[10693],"ano_creacion_producto":"2016","validacion_producto_descarga":true,"galeria_imagenes_repeater_libro":[{"imagen_item_gal":"[link_wp_dam_url ids=\"13590\"]","activar_video_item_gal":false,"portada_video_item_gal":null,"video_en_horizonal_item_gal":false,"video_item_gal":false},{"imagen_item_gal":"[link_wp_dam_url ids=\"13370\"]","activar_video_item_gal":false,"portada_video_item_gal":null,"video_en_horizonal_item_gal":false,"video_item_gal":false},{"imagen_item_gal":"[link_wp_dam_url ids=\"13371\"]","activar_video_item_gal":false,"portada_video_item_gal":null,"video_en_horizonal_item_gal":false,"video_item_gal":false},{"imagen_item_gal":"[link_wp_dam_url ids=\"13372\"]","activar_video_item_gal":false,"portada_video_item_gal":null,"video_en_horizonal_item_gal":false,"video_item_gal":false}],"secciones_producto":[{"acf_fc_layout":"seccion_navtabs_imagen_dinamica","title_group":{"title_tag":"h2","title_txt":"Un syst\u00e8me de surfaces"},"texto_intro_principal":true,"texto_introductorio":"Un syst\u00e8me qui offre de nouvelles possibilit\u00e9s pour structurer les espaces en combinant une seule lame avec trois supports \u00e0 deux hauteurs diff\u00e9rentes. L'association des lames et des supports offre de multiples solutions \u00e0 des \u00e9chelles tr\u00e8s diverses, en milieu urbain, dans les jardins ou dans les espaces collectifs priv\u00e9s.","ventanas_detalles_producto":[{"title_group_producto_grid_single":{"title_tag":"h2","title_txt":"Mat\u00e9riaux"},"imagen_de_fondo_dinamic_single_producto":"","texto_contenido_ventana":true,"contenido_tabs_producto":"<ul>\r\n \t<li>Structure en aluminium extrud\u00e9 6063-T5 et AL-1085 avec finition anodis\u00e9e et acier inoxydable AISI304.<\/li>\r\n \t<li>Lames de 2,38 m et 7 x 26 cm de section en m\u00e9l\u00e8ze lamell\u00e9 coll\u00e9 100% PEFC prot\u00e9g\u00e9 par une huile \u00e0 trois couches.<\/li>\r\n \t<li>Vis en acier inoxydable A2.<\/li>\r\n<\/ul>","acordion":false,"preguntas_y_respuestas":null,"cuadricula_de_colores":false,"componentes_producto":null,"descargables":false,"tipo_datasheet":"simple","datasheet":null,"datasheet_multiple":null,"tipo_instrucciones":"simple","instructions":null,"instructions_multiple":null,"drawings_ce":null,"2d_cad":null,"3d_cad":null,"revit":null,"ldt_photometric_files":null,"ies_photometric_files":null,"validador_detalles_producto":false,"tipo_especificacion":"certificados"},{"title_group_producto_grid_single":{"title_tag":"h2","title_txt":"Finitions"},"imagen_de_fondo_dinamic_single_producto":"","texto_contenido_ventana":true,"contenido_tabs_producto":"Les couleurs pr\u00e9sent\u00e9es sont purement indicatives.\r\nAutres couleurs sur demande.\r\nConsulter les finitions pour les environnements marins.","acordion":false,"preguntas_y_respuestas":null,"cuadricula_de_colores":true,"componentes_producto":[{"nombre_componente":"","colores":["glulam_lamelle_colle"]}],"descargables":false,"tipo_datasheet":"simple","datasheet":null,"datasheet_multiple":null,"tipo_instrucciones":"simple","instructions":null,"instructions_multiple":null,"drawings_ce":null,"2d_cad":null,"3d_cad":null,"revit":null,"ldt_photometric_files":null,"ies_photometric_files":null,"validador_detalles_producto":false,"tipo_especificacion":""},{"title_group_producto_grid_single":{"title_tag":"h2","title_txt":"Plan cot\u00e9"},"imagen_de_fondo_dinamic_single_producto":"","texto_contenido_ventana":false,"contenido_tabs_producto":"*Les couleurs pr\u00e9sent\u00e9es sont purement indicatives. (Autres couleurs sur demande)\r\n\r\n**Consulter les finitions pour les environnements marins","acordion":false,"preguntas_y_respuestas":null,"cuadricula_de_colores":false,"componentes_producto":[{"nombre_componente":"","colores":["glulam_lamelle_colle"]}],"descargables":false,"tipo_datasheet":"simple","datasheet":null,"datasheet_multiple":null,"tipo_instrucciones":"simple","instructions":null,"instructions_multiple":null,"drawings_ce":null,"2d_cad":null,"3d_cad":null,"revit":null,"ldt_photometric_files":null,"ies_photometric_files":null,"validador_detalles_producto":false,"tipo_especificacion":""},{"title_group_producto_grid_single":{"title_tag":"h2","title_txt":"Installation"},"imagen_de_fondo_dinamic_single_producto":"[link_wp_dam_url ids=\"12061\"]","texto_contenido_ventana":true,"contenido_tabs_producto":"<ul>\r\n \t<li>Il est recommand\u00e9 d'installer la latte avec un porte-\u00e0-faux maximum d'un trou (45cm).<\/li>\r\n \t<li>Installation au moyen de deux boulons avec protection antirouille par structure ins\u00e9r\u00e9s dans des trous pr\u00e9alablement pratiqu\u00e9s dans la chauss\u00e9e remplis de r\u00e9sine \u00e9poxy, de ciment rapide ou similaire, ou au moyen de quatre vis en acier inoxydable par structure pour la fixation \u00e0 la surface.<\/li>\r\n \t<li>L'\u00e9l\u00e9ment est fourni d\u00e9mont\u00e9 en deux composants : structure et lattes.<\/li>\r\n \t<li>Instructions d'installation et de montage, visserie et boulons inclus.<\/li>\r\n<\/ul>","acordion":false,"preguntas_y_respuestas":null,"cuadricula_de_colores":false,"componentes_producto":null,"descargables":false,"tipo_datasheet":"simple","datasheet":null,"datasheet_multiple":null,"tipo_instrucciones":"simple","instructions":null,"instructions_multiple":null,"drawings_ce":null,"2d_cad":null,"3d_cad":null,"revit":null,"ldt_photometric_files":null,"ies_photometric_files":null,"validador_detalles_producto":false,"tipo_especificacion":""},{"title_group_producto_grid_single":{"title_tag":"h2","title_txt":"Maintenance"},"imagen_de_fondo_dinamic_single_producto":"","texto_contenido_ventana":true,"contenido_tabs_producto":"<ul>\r\n \t<li>Pour mieux pr\u00e9server les propri\u00e9t\u00e9s originales du bois et \u00e9viter la s\u00e9cheresse, les fissures ou l'humidit\u00e9, nous recommandons de renouveler la protection avec de l'huile tous les 2 ou 3 ans.<\/li>\r\n<\/ul>","acordion":false,"preguntas_y_respuestas":null,"cuadricula_de_colores":false,"componentes_producto":null,"descargables":false,"tipo_datasheet":"simple","datasheet":null,"datasheet_multiple":null,"tipo_instrucciones":"simple","instructions":null,"instructions_multiple":null,"drawings_ce":null,"2d_cad":null,"3d_cad":null,"revit":null,"ldt_photometric_files":null,"ies_photometric_files":null,"validador_detalles_producto":false,"tipo_especificacion":""},{"title_group_producto_grid_single":{"title_tag":"h2","title_txt":"Certificats"},"imagen_de_fondo_dinamic_single_producto":"","texto_contenido_ventana":false,"contenido_tabs_producto":"","acordion":false,"preguntas_y_respuestas":null,"cuadricula_de_colores":false,"componentes_producto":null,"descargables":false,"tipo_datasheet":"simple","datasheet":null,"datasheet_multiple":null,"tipo_instrucciones":"simple","instructions":null,"instructions_multiple":null,"drawings_ce":null,"2d_cad":null,"3d_cad":null,"revit":null,"ldt_photometric_files":null,"ies_photometric_files":null,"validador_detalles_producto":true,"tipo_especificacion":"certificados"}]},{"acf_fc_layout":"seccion_navtabs_imagen_dinamica","title_group":{"title_tag":"h2","title_txt":"Typologie"},"texto_intro_principal":false,"texto_introductorio":"","ventanas_detalles_producto":[{"title_group_producto_grid_single":{"title_tag":"h2","title_txt":"Composition"},"imagen_de_fondo_dinamic_single_producto":"[link_wp_dam_url ids=\"13374\"]","texto_contenido_ventana":true,"contenido_tabs_producto":"Les compositions complexes avec des \u00e9l\u00e9ments de repos s'adaptent \u00e0 la morphologie du paysage, dans les parcs, les places ou les zones pi\u00e9tonnes. Son alignement peut \u00eatre lin\u00e9aire ou avec des angles diff\u00e9rents pour entreprendre diverses fonctions d'inclusivit\u00e9.","acordion":true,"preguntas_y_respuestas":[{"pregunta":"Poids","respuesta":"<p class=\"p1\">Latte: 22,5\r\nStructure basse : 4\r\nStructure haute : 5,4\r\nStructure double hauteur : 4,6\r\nStructure quadruple : 10,3\r\nAccessoire de surface : 0,65<\/p>\r\n*Poids approximatif sans emballage (kg)"}],"cuadricula_de_colores":false,"componentes_producto":null,"descargables":false,"tipo_datasheet":"simple","datasheet":null,"datasheet_multiple":null,"tipo_instrucciones":"simple","instructions":null,"instructions_multiple":null,"drawings_ce":null,"2d_cad":null,"3d_cad":null,"revit":null,"ldt_photometric_files":null,"ies_photometric_files":null,"validador_detalles_producto":false,"tipo_especificacion":""},{"title_group_producto_grid_single":{"title_tag":"h2","title_txt":"Pique-nique"},"imagen_de_fondo_dinamic_single_producto":"[link_wp_dam_url ids=\"13373\"]","texto_contenido_ventana":true,"contenido_tabs_producto":"La composition pique-nique est con\u00e7ue pour offrir un ensemble simple pour travailler ou manger \u00e0 l'ext\u00e9rieur. L'\u00e9l\u00e9ment se compose d'une surface et de deux si\u00e8ges se faisant face.","acordion":true,"preguntas_y_respuestas":[{"pregunta":"Poids","respuesta":"<p class=\"p1\">Latte: 22,5\r\nStructure basse : 4\r\nStructure haute : 5,4\r\nStructure double hauteur : 4,6\r\nStructure quadruple : 10,3\r\nAccessoire de surface : 0,65<\/p>\r\n*Poids approximatif sans emballage (kg)"}],"cuadricula_de_colores":false,"componentes_producto":null,"descargables":false,"tipo_datasheet":"simple","datasheet":null,"datasheet_multiple":null,"tipo_instrucciones":"simple","instructions":null,"instructions_multiple":null,"drawings_ce":null,"2d_cad":null,"3d_cad":null,"revit":null,"ldt_photometric_files":null,"ies_photometric_files":null,"validador_detalles_producto":false,"tipo_especificacion":""}]},{"acf_fc_layout":"seccion_navtabs_imagen_dinamica","title_group":{"title_tag":"h2","title_txt":"T\u00e9l\u00e9chargeables"},"texto_intro_principal":false,"texto_introductorio":"","ventanas_detalles_producto":[{"title_group_producto_grid_single":{"title_tag":"h2","title_txt":""},"imagen_de_fondo_dinamic_single_producto":"","texto_contenido_ventana":false,"contenido_tabs_producto":"","acordion":false,"preguntas_y_respuestas":null,"cuadricula_de_colores":false,"componentes_producto":null,"descargables":true,"tipo_datasheet":"simple","datasheet":22411,"datasheet_multiple":null,"tipo_instrucciones":"simple","instructions":25348,"instructions_multiple":null,"drawings_ce":22286,"2d_cad":22282,"3d_cad":13642,"revit":13708,"ldt_photometric_files":"","ies_photometric_files":"","validador_detalles_producto":false,"tipo_especificacion":""}]},{"acf_fc_layout":"seccion_consulta_nuestros_expertos","imagen_de_fondo_single_producto":"[link_wp_dam_url ids=\"13368\" size=\"x2400\"]","imagen_de_fondo_single_producto_mobile":""},{"acf_fc_layout":"seccion_imagen_de_fondo_con_sub_menu","titulo_group_list_contet_proyectos":{"title_tag":"h3","title_txt":"Rai dans la ville"},"ancla_copy2":"","proyectos_relacionados":[{"project":20806,"project_img":"[link_wp_dam_url ids=\"13377\"]"},{"project":4182,"project_img":"[link_wp_dam_url ids=\"13375\"]"},{"project":5932,"project_img":"[link_wp_dam_url ids=\"13376\"]"}]}],"dist_simetrica":"","dist_asimetrica":"","dist_indirecta":"","dist_suelo":"","control":"","certificados":["ce","pefc","ada"],"nombre_arbol_entre_comillas":"","nombre_solo_plantas_field":"","isbn_campo_texto":"","autor_book_publicacion_producto":"","idioma_campo_texto":"","enquadernacion_campo_texto":"","_numero_de_paginas_campo_texto":"","pdf_asociado_producto":"","resumen_libro":"","text_content_family_basic_information":"","text_content_family_basic_number_width":"","text_content_family_basic_number_height":"","text_content_planting_density":"","flowers_option_colours":"","flowers_option_season":"","properties_option_pruning":"","properties_option_watering":"","properties_option_sun_exposure":"","properties_option_minimum_temp":"","properties_option_soil_type":"","properties_option_fire":"","properties_option_heat":"","properties_option_moisture":"","properties_option_dryness":"","properties_option_coastal_area":"","texto_introduccion_landing_custom":"","enlace_descubre_mas_custom":"","selecciona_tipo_de_imagen_custom":"","imagen_vertical_custom":"","imagen_horizontal_custom":"","opciones_de_texto_1":true,"opciones_de_texto_2":"acabado_standar","opciones_de_texto_3":""},"yoast_head":"<!-- This site is optimized with the Yoast SEO plugin v22.8 - https:\/\/yoast.com\/wordpress\/plugins\/seo\/ -->\n<title>Rai - Urbidermis<\/title>\n<meta name=\"robots\" content=\"index, follow, max-snippet:-1, max-image-preview:large, max-video-preview:-1\" \/>\n<link rel=\"canonical\" href=\"https:\/\/www.urbidermis.com\/fr\/bancs-urbains\/rai\/\" \/>\n<meta property=\"og:locale\" content=\"fr_FR\" \/>\n<meta property=\"og:type\" content=\"article\" \/>\n<meta property=\"og:title\" content=\"Rai - Urbidermis\" \/>\n<meta property=\"og:description\" content=\"Le banc urbain Rai est un syst\u00e8me \u00e0 forte identit\u00e9 rationaliste. Rai est \u00e0 la fois un banc, une table et un espace de rencontre avec de multiples combinaisons qui r\u00e9solvent les fonctions de repos et de loisirs. Un banc compos\u00e9 d&#039;\u00e9l\u00e9ments en mat\u00e9riaux r\u00e9sistants et de haute qualit\u00e9, qui garantissent une utilisation prolong\u00e9e sans entretien.\" \/>\n<meta property=\"og:url\" content=\"https:\/\/www.urbidermis.com\/fr\/bancs-urbains\/rai\/\" \/>\n<meta property=\"og:site_name\" content=\"Urbidermis\" \/>\n<meta property=\"article:modified_time\" content=\"2026-04-09T10:54:27+00:00\" \/>\n<meta property=\"og:image\" content=\"https:\/\/www.urbidermis.com\/wp-content\/uploads\/20231110_Spain_Sant_Feliu_de_Gui\u0301xols_Escola_de_Musica_RAB_Equipo_Urbidermis_04-scaled.jpg\" \/>\n\t<meta property=\"og:image:width\" content=\"1829\" \/>\n\t<meta property=\"og:image:height\" content=\"2560\" \/>\n\t<meta property=\"og:image:type\" content=\"image\/jpeg\" \/>\n<meta name=\"twitter:card\" content=\"summary_large_image\" \/>\n<script type=\"application\/ld+json\" class=\"yoast-schema-graph\">{\"@context\":\"https:\/\/schema.org\",\"@graph\":[{\"@type\":\"WebPage\",\"@id\":\"https:\/\/www.urbidermis.com\/fr\/bancs-urbains\/rai\/\",\"url\":\"https:\/\/www.urbidermis.com\/fr\/bancs-urbains\/rai\/\",\"name\":\"Rai - Urbidermis\",\"isPartOf\":{\"@id\":\"https:\/\/www.urbidermis.com\/fr\/#website\"},\"primaryImageOfPage\":{\"@id\":\"https:\/\/www.urbidermis.com\/fr\/bancs-urbains\/rai\/#primaryimage\"},\"image\":{\"@id\":\"https:\/\/www.urbidermis.com\/fr\/bancs-urbains\/rai\/#primaryimage\"},\"thumbnailUrl\":\"https:\/\/www.urbidermis.com\/wp-content\/uploads\/20231110_Spain_Sant_Feliu_de_Gui\u0301xols_Escola_de_Musica_RAB_Equipo_Urbidermis_04-scaled.jpg\",\"datePublished\":\"2022-03-01T10:40:17+00:00\",\"dateModified\":\"2026-04-09T10:54:27+00:00\",\"breadcrumb\":{\"@id\":\"https:\/\/www.urbidermis.com\/fr\/bancs-urbains\/rai\/#breadcrumb\"},\"inLanguage\":\"fr-FR\",\"potentialAction\":[{\"@type\":\"ReadAction\",\"target\":[\"https:\/\/www.urbidermis.com\/fr\/bancs-urbains\/rai\/\"]}]},{\"@type\":\"ImageObject\",\"inLanguage\":\"fr-FR\",\"@id\":\"https:\/\/www.urbidermis.com\/fr\/bancs-urbains\/rai\/#primaryimage\",\"url\":\"https:\/\/www.urbidermis.com\/wp-content\/uploads\/20231110_Spain_Sant_Feliu_de_Gui\u0301xols_Escola_de_Musica_RAB_Equipo_Urbidermis_04-scaled.jpg\",\"contentUrl\":\"https:\/\/www.urbidermis.com\/wp-content\/uploads\/20231110_Spain_Sant_Feliu_de_Gui\u0301xols_Escola_de_Musica_RAB_Equipo_Urbidermis_04-scaled.jpg\",\"width\":1829,\"height\":2560},{\"@type\":\"BreadcrumbList\",\"@id\":\"https:\/\/www.urbidermis.com\/fr\/bancs-urbains\/rai\/#breadcrumb\",\"itemListElement\":[{\"@type\":\"ListItem\",\"position\":1,\"name\":\"Home\",\"item\":\"https:\/\/www.urbidermis.com\/fr\/\"},{\"@type\":\"ListItem\",\"position\":2,\"name\":\"Produits\",\"item\":\"https:\/\/www.urbidermis.com\/fr\/produits\/\"},{\"@type\":\"ListItem\",\"position\":3,\"name\":\"Rai\"}]},{\"@type\":\"WebSite\",\"@id\":\"https:\/\/www.urbidermis.com\/fr\/#website\",\"url\":\"https:\/\/www.urbidermis.com\/fr\/\",\"name\":\"Urbidermis\",\"description\":\"Especialistas en la ciudad\",\"publisher\":{\"@id\":\"https:\/\/www.urbidermis.com\/fr\/#organization\"},\"potentialAction\":[{\"@type\":\"SearchAction\",\"target\":{\"@type\":\"EntryPoint\",\"urlTemplate\":\"https:\/\/www.urbidermis.com\/fr\/?s={search_term_string}\"},\"query-input\":\"required name=search_term_string\"}],\"inLanguage\":\"fr-FR\"},{\"@type\":\"Organization\",\"@id\":\"https:\/\/www.urbidermis.com\/fr\/#organization\",\"name\":\"Urbidermis\",\"url\":\"https:\/\/www.urbidermis.com\/fr\/\",\"logo\":{\"@type\":\"ImageObject\",\"inLanguage\":\"fr-FR\",\"@id\":\"https:\/\/www.urbidermis.com\/fr\/#\/schema\/logo\/image\/\",\"url\":\"https:\/\/www.urbidermis.com\/wp-content\/uploads\/logo_urbdermis-1.png\",\"contentUrl\":\"https:\/\/www.urbidermis.com\/wp-content\/uploads\/logo_urbdermis-1.png\",\"width\":601,\"height\":1033,\"caption\":\"Urbidermis\"},\"image\":{\"@id\":\"https:\/\/www.urbidermis.com\/fr\/#\/schema\/logo\/image\/\"}}]}<\/script>\n<!-- \/ Yoast SEO plugin. -->","yoast_head_json":{"title":"Rai - Urbidermis","robots":{"index":"index","follow":"follow","max-snippet":"max-snippet:-1","max-image-preview":"max-image-preview:large","max-video-preview":"max-video-preview:-1"},"canonical":"https:\/\/www.urbidermis.com\/fr\/bancs-urbains\/rai\/","og_locale":"fr_FR","og_type":"article","og_title":"Rai - Urbidermis","og_description":"Le banc urbain Rai est un syst\u00e8me \u00e0 forte identit\u00e9 rationaliste. Rai est \u00e0 la fois un banc, une table et un espace de rencontre avec de multiples combinaisons qui r\u00e9solvent les fonctions de repos et de loisirs. Un banc compos\u00e9 d'\u00e9l\u00e9ments en mat\u00e9riaux r\u00e9sistants et de haute qualit\u00e9, qui garantissent une utilisation prolong\u00e9e sans entretien.","og_url":"https:\/\/www.urbidermis.com\/fr\/bancs-urbains\/rai\/","og_site_name":"Urbidermis","article_modified_time":"2026-04-09T10:54:27+00:00","og_image":[{"width":1829,"height":2560,"url":"https:\/\/www.urbidermis.com\/wp-content\/uploads\/20231110_Spain_Sant_Feliu_de_Gui\u0301xols_Escola_de_Musica_RAB_Equipo_Urbidermis_04-scaled.jpg","type":"image\/jpeg"}],"twitter_card":"summary_large_image","schema":{"@context":"https:\/\/schema.org","@graph":[{"@type":"WebPage","@id":"https:\/\/www.urbidermis.com\/fr\/bancs-urbains\/rai\/","url":"https:\/\/www.urbidermis.com\/fr\/bancs-urbains\/rai\/","name":"Rai - Urbidermis","isPartOf":{"@id":"https:\/\/www.urbidermis.com\/fr\/#website"},"primaryImageOfPage":{"@id":"https:\/\/www.urbidermis.com\/fr\/bancs-urbains\/rai\/#primaryimage"},"image":{"@id":"https:\/\/www.urbidermis.com\/fr\/bancs-urbains\/rai\/#primaryimage"},"thumbnailUrl":"https:\/\/www.urbidermis.com\/wp-content\/uploads\/20231110_Spain_Sant_Feliu_de_Gui\u0301xols_Escola_de_Musica_RAB_Equipo_Urbidermis_04-scaled.jpg","datePublished":"2022-03-01T10:40:17+00:00","dateModified":"2026-04-09T10:54:27+00:00","breadcrumb":{"@id":"https:\/\/www.urbidermis.com\/fr\/bancs-urbains\/rai\/#breadcrumb"},"inLanguage":"fr-FR","potentialAction":[{"@type":"ReadAction","target":["https:\/\/www.urbidermis.com\/fr\/bancs-urbains\/rai\/"]}]},{"@type":"ImageObject","inLanguage":"fr-FR","@id":"https:\/\/www.urbidermis.com\/fr\/bancs-urbains\/rai\/#primaryimage","url":"https:\/\/www.urbidermis.com\/wp-content\/uploads\/20231110_Spain_Sant_Feliu_de_Gui\u0301xols_Escola_de_Musica_RAB_Equipo_Urbidermis_04-scaled.jpg","contentUrl":"https:\/\/www.urbidermis.com\/wp-content\/uploads\/20231110_Spain_Sant_Feliu_de_Gui\u0301xols_Escola_de_Musica_RAB_Equipo_Urbidermis_04-scaled.jpg","width":1829,"height":2560},{"@type":"BreadcrumbList","@id":"https:\/\/www.urbidermis.com\/fr\/bancs-urbains\/rai\/#breadcrumb","itemListElement":[{"@type":"ListItem","position":1,"name":"Home","item":"https:\/\/www.urbidermis.com\/fr\/"},{"@type":"ListItem","position":2,"name":"Produits","item":"https:\/\/www.urbidermis.com\/fr\/produits\/"},{"@type":"ListItem","position":3,"name":"Rai"}]},{"@type":"WebSite","@id":"https:\/\/www.urbidermis.com\/fr\/#website","url":"https:\/\/www.urbidermis.com\/fr\/","name":"Urbidermis","description":"Especialistas en la ciudad","publisher":{"@id":"https:\/\/www.urbidermis.com\/fr\/#organization"},"potentialAction":[{"@type":"SearchAction","target":{"@type":"EntryPoint","urlTemplate":"https:\/\/www.urbidermis.com\/fr\/?s={search_term_string}"},"query-input":"required name=search_term_string"}],"inLanguage":"fr-FR"},{"@type":"Organization","@id":"https:\/\/www.urbidermis.com\/fr\/#organization","name":"Urbidermis","url":"https:\/\/www.urbidermis.com\/fr\/","logo":{"@type":"ImageObject","inLanguage":"fr-FR","@id":"https:\/\/www.urbidermis.com\/fr\/#\/schema\/logo\/image\/","url":"https:\/\/www.urbidermis.com\/wp-content\/uploads\/logo_urbdermis-1.png","contentUrl":"https:\/\/www.urbidermis.com\/wp-content\/uploads\/logo_urbdermis-1.png","width":601,"height":1033,"caption":"Urbidermis"},"image":{"@id":"https:\/\/www.urbidermis.com\/fr\/#\/schema\/logo\/image\/"}}]}},"_links":{"self":[{"href":"https:\/\/www.urbidermis.com\/fr\/wp-json\/wp\/v2\/product\/8616"}],"collection":[{"href":"https:\/\/www.urbidermis.com\/fr\/wp-json\/wp\/v2\/product"}],"about":[{"href":"https:\/\/www.urbidermis.com\/fr\/wp-json\/wp\/v2\/types\/product"}],"acf:post":[{"embeddable":true,"href":"https:\/\/www.urbidermis.com\/fr\/wp-json\/wp\/v2\/autores\/10693"},{"embeddable":true,"href":"https:\/\/www.urbidermis.com\/fr\/wp-json\/wp\/v2\/perfiles\/7552"},{"embeddable":true,"href":"https:\/\/www.urbidermis.com\/fr\/wp-json\/wp\/v2\/perfiles\/7550"},{"embeddable":true,"href":"https:\/\/www.urbidermis.com\/fr\/wp-json\/wp\/v2\/perfiles\/7548"}],"wp:featuredmedia":[{"embeddable":true,"href":"https:\/\/www.urbidermis.com\/fr\/wp-json\/wp\/v2\/media\/21327"}],"wp:attachment":[{"href":"https:\/\/www.urbidermis.com\/fr\/wp-json\/wp\/v2\/media?parent=8616"}],"wp:term":[{"taxonomy":"product_cat","embeddable":true,"href":"https:\/\/www.urbidermis.com\/fr\/wp-json\/wp\/v2\/product_cat?post=8616"},{"taxonomy":"product_tag","embeddable":true,"href":"https:\/\/www.urbidermis.com\/fr\/wp-json\/wp\/v2\/product_tag?post=8616"}],"curies":[{"name":"wp","href":"https:\/\/api.w.org\/{rel}","templated":true}]}}