


{"id":8938,"date":"2022-03-01T10:43:21","date_gmt":"2022-03-01T10:43:21","guid":{"rendered":"https:\/\/ubweb21.urbidermis.com\/product\/montana\/"},"modified":"2026-04-10T10:46:33","modified_gmt":"2026-04-10T08:46:33","slug":"montana","status":"publish","type":"product","link":"https:\/\/www.urbidermis.com\/fr\/mobilier-urbain\/montana\/","title":{"rendered":"Montana"},"content":{"rendered":"","protected":false},"excerpt":{"rendered":"<p>Le parc \u00e0 v\u00e9los Montana est un \u00e9l\u00e9ment rationnel pour organiser la mobilit\u00e9 personnelle. Compos\u00e9 de modules et de joints, il g\u00e9n\u00e8re des alignements adapt\u00e9s \u00e0 l&rsquo;environnement et aux besoins de la situation. Ses lignes soign\u00e9es suivent la fonction de prise et de s\u00e9curisation du v\u00e9hicule.<\/p>\n","protected":false},"featured_media":8910,"template":"","meta":{"_acf_changed":false,"inline_featured_image":false},"product_cat":[242,248],"product_tag":[],"acf":{"activador_seccion_impacto_acvs_secctions_acvs":true,"texto_enlace_amplifyapp":"Montana_Urban_furniture","codigos_acvs_matching_row-leds":[{"texto_pestana_item_fetch":"Support \u00e0 v\u00e9los 2,8 m","codigo_item_fetch":"MNA+111"},{"texto_pestana_item_fetch":"Support \u00e0 v\u00e9los 5 m","codigo_item_fetch":"MNA+211"}],"activator_acf_option_madera_text":false,"texto_bajo_btn_certificados":"","check_para_validar_no_secc_aplication":false,"is_protocolo_y_control_generic":false,"is_producto_residencial_para_mostrar_info_diferente":false,"is_plano_de_cotas_validator":true,"galeria_multidimension_imagenes_plano_de_cotas_proyector":[{"texto_pestana_plano_galeria":"Individuel","imagen_plano_de_cotas":"[link_wp_dam_url ids=\"14514\"]"},{"texto_pestana_plano_galeria":"Alignement","imagen_plano_de_cotas":"[link_wp_dam_url ids=\"14515\"]"}],"premios_producto_repeater":null,"participantes":"","autores":[10696,10753],"ano_creacion_producto":"2005","validacion_producto_descarga":true,"galeria_imagenes_repeater_libro":[{"imagen_item_gal":"[link_wp_dam_url ids=\"13015\"]","activar_video_item_gal":false,"portada_video_item_gal":null,"video_en_horizonal_item_gal":false,"video_item_gal":false},{"imagen_item_gal":"[link_wp_dam_url ids=\"13694\"]","activar_video_item_gal":false,"portada_video_item_gal":null,"video_en_horizonal_item_gal":false,"video_item_gal":false},{"imagen_item_gal":"[link_wp_dam_url ids=\"13010\"]","activar_video_item_gal":false,"portada_video_item_gal":null,"video_en_horizonal_item_gal":false,"video_item_gal":false}],"secciones_producto":[{"acf_fc_layout":"seccion_navtabs_imagen_dinamica","title_group":{"title_tag":"h2","title_txt":"Pens\u00e9 pour ordonner"},"texto_intro_principal":true,"texto_introductorio":"Le parc \u00e0 v\u00e9los Montana s\u00e9curise le cadre du v\u00e9hicule de mobilit\u00e9 personnelle, tout en maintenant l'ordre visuel. Fabriqu\u00e9 \u00e0 partir de mat\u00e9riaux r\u00e9sistants et \u00e9l\u00e9gants, il se distingue par ses qualit\u00e9s de composition et sa r\u00e9sistance \u00e0 l'usage et aux intemp\u00e9ries.","ventanas_detalles_producto":[{"title_group_producto_grid_single":{"title_tag":"h2","title_txt":"Mat\u00e9riaux"},"imagen_de_fondo_dinamic_single_producto":"","texto_contenido_ventana":true,"contenido_tabs_producto":"<ul>\r\n \t<li>Support r\u00e9alis\u00e9 avec un tube courb\u00e9 de \u00d833 mm en acier inoxydable AISI 304, finition polie miroir.<\/li>\r\n \t<li>Bride de connexion entre les modules en polyamide PA noir et acier inoxydable AISI 304 finition polie satin\u00e9e.<\/li>\r\n \t<li>Visserie en acier inoxydable A2.<\/li>\r\n<\/ul>","acordion":false,"preguntas_y_respuestas":null,"cuadricula_de_colores":false,"componentes_producto":null,"descargables":false,"tipo_datasheet":"simple","datasheet":null,"datasheet_multiple":null,"tipo_instrucciones":"simple","instructions":null,"instructions_multiple":null,"drawings_ce":null,"2d_cad":null,"3d_cad":null,"revit":null,"ldt_photometric_files":null,"ies_photometric_files":null,"validador_detalles_producto":false,"tipo_especificacion":"certificados"},{"title_group_producto_grid_single":{"title_tag":"h2","title_txt":"Finitions"},"imagen_de_fondo_dinamic_single_producto":"","texto_contenido_ventana":true,"contenido_tabs_producto":"Les couleurs pr\u00e9sent\u00e9es sont purement indicatives.\r\nAutres couleurs sur demande.\r\nConsulter les finitions pour les environnements marins.","acordion":false,"preguntas_y_respuestas":null,"cuadricula_de_colores":true,"componentes_producto":[{"nombre_componente":"","colores":["acero_inox_pulido_espejo"]}],"descargables":false,"tipo_datasheet":"simple","datasheet":null,"datasheet_multiple":null,"tipo_instrucciones":"simple","instructions":null,"instructions_multiple":null,"drawings_ce":null,"2d_cad":null,"3d_cad":null,"revit":null,"ldt_photometric_files":null,"ies_photometric_files":null,"validador_detalles_producto":false,"tipo_especificacion":""},{"title_group_producto_grid_single":{"title_tag":"h2","title_txt":"Plan cot\u00e9"},"imagen_de_fondo_dinamic_single_producto":"","texto_contenido_ventana":false,"contenido_tabs_producto":"*Les couleurs pr\u00e9sent\u00e9es sont purement indicatives. (Autres couleurs sur demande)\r\n**Consulter les finitions pour les environnements marins\r\n","acordion":false,"preguntas_y_respuestas":null,"cuadricula_de_colores":false,"componentes_producto":[{"nombre_componente":"","colores":["acero_inox_pulido_espejo"]}],"descargables":false,"tipo_datasheet":"simple","datasheet":null,"datasheet_multiple":null,"tipo_instrucciones":"simple","instructions":null,"instructions_multiple":null,"drawings_ce":null,"2d_cad":null,"3d_cad":null,"revit":null,"ldt_photometric_files":null,"ies_photometric_files":null,"validador_detalles_producto":false,"tipo_especificacion":""},{"title_group_producto_grid_single":{"title_tag":"h2","title_txt":"Installation"},"imagen_de_fondo_dinamic_single_producto":"","texto_contenido_ventana":true,"contenido_tabs_producto":"<ul>\r\n \t<li>Les supports sont fix\u00e9s avec de chevilles \u00e0 expansion.<\/li>\r\n \t<li>L'\u00e9l\u00e9ment est fourni d\u00e9mont\u00e9 et emball\u00e9 en deux parties : support et union.<\/li>\r\n \t<li>Instructions d'installation et de montage, visserie et chevilles incluses.<\/li>\r\n<\/ul>","acordion":false,"preguntas_y_respuestas":null,"cuadricula_de_colores":false,"componentes_producto":null,"descargables":false,"tipo_datasheet":"simple","datasheet":null,"datasheet_multiple":null,"tipo_instrucciones":"simple","instructions":null,"instructions_multiple":null,"drawings_ce":null,"2d_cad":null,"3d_cad":null,"revit":null,"ldt_photometric_files":null,"ies_photometric_files":null,"validador_detalles_producto":false,"tipo_especificacion":""},{"title_group_producto_grid_single":{"title_tag":"h2","title_txt":"Maintenance"},"imagen_de_fondo_dinamic_single_producto":"","texto_contenido_ventana":true,"contenido_tabs_producto":"<ul>\r\n \t<li>Ne n\u00e9cessite pas d'entretien.<\/li>\r\n<\/ul>","acordion":false,"preguntas_y_respuestas":null,"cuadricula_de_colores":false,"componentes_producto":null,"descargables":false,"tipo_datasheet":"simple","datasheet":null,"datasheet_multiple":null,"tipo_instrucciones":"simple","instructions":null,"instructions_multiple":null,"drawings_ce":null,"2d_cad":null,"3d_cad":null,"revit":null,"ldt_photometric_files":null,"ies_photometric_files":null,"validador_detalles_producto":false,"tipo_especificacion":""},{"title_group_producto_grid_single":{"title_tag":"h2","title_txt":"Certificats"},"imagen_de_fondo_dinamic_single_producto":"","texto_contenido_ventana":false,"contenido_tabs_producto":"","acordion":false,"preguntas_y_respuestas":null,"cuadricula_de_colores":false,"componentes_producto":null,"descargables":false,"tipo_datasheet":"simple","datasheet":null,"datasheet_multiple":null,"tipo_instrucciones":"simple","instructions":null,"instructions_multiple":null,"drawings_ce":null,"2d_cad":null,"3d_cad":null,"revit":null,"ldt_photometric_files":null,"ies_photometric_files":null,"validador_detalles_producto":true,"tipo_especificacion":"certificados"}]},{"acf_fc_layout":"seccion_navtabs_imagen_dinamica","title_group":{"title_tag":"h2","title_txt":"Typologie"},"texto_intro_principal":false,"texto_introductorio":"","ventanas_detalles_producto":[{"title_group_producto_grid_single":{"title_tag":"h2","title_txt":"Individuel"},"imagen_de_fondo_dinamic_single_producto":"[link_wp_dam_url ids=\"13695\"]","texto_contenido_ventana":true,"contenido_tabs_producto":"Les \u00e9l\u00e9ments individuels peuvent \u00eatre correctement int\u00e9gr\u00e9s dans le paysage, dans les zones de circulation ou les points d'acc\u00e8s. Ils peuvent \u00eatre dispos\u00e9s dispers\u00e9s ou group\u00e9s, s'adaptant aux exigences de la situation et favorisant la fonction de l'espace.","acordion":true,"preguntas_y_respuestas":[{"pregunta":"Poids ","respuesta":"Module : 16\r\n\r\n*Poids approximatif sans emballage (kg)"}],"cuadricula_de_colores":false,"componentes_producto":null,"descargables":false,"tipo_datasheet":"simple","datasheet":null,"datasheet_multiple":null,"tipo_instrucciones":"simple","instructions":null,"instructions_multiple":null,"drawings_ce":null,"2d_cad":null,"3d_cad":null,"revit":null,"ldt_photometric_files":null,"ies_photometric_files":null,"validador_detalles_producto":false,"tipo_especificacion":""},{"title_group_producto_grid_single":{"title_tag":"h2","title_txt":"Alignement"},"imagen_de_fondo_dinamic_single_producto":"[link_wp_dam_url ids=\"13695\"]","texto_contenido_ventana":true,"contenido_tabs_producto":"Les \u00e9l\u00e9ments d'alignement conf\u00e8rent modularit\u00e9 et r\u00e9p\u00e9tition pour r\u00e9soudre le bruit visuel dans les tissus urbains. La croissance ordonn\u00e9e zone rationnellement la fonctionnalit\u00e9 de chaque espace, apporte clart\u00e9 et simplicit\u00e9 perceptive.","acordion":true,"preguntas_y_respuestas":[{"pregunta":"Poids","respuesta":"Module : 16\r\n\r\n*Poids approximatif sans emballage (kg)"}],"cuadricula_de_colores":false,"componentes_producto":null,"descargables":false,"tipo_datasheet":"simple","datasheet":null,"datasheet_multiple":null,"tipo_instrucciones":"simple","instructions":null,"instructions_multiple":null,"drawings_ce":null,"2d_cad":null,"3d_cad":null,"revit":null,"ldt_photometric_files":null,"ies_photometric_files":null,"validador_detalles_producto":false,"tipo_especificacion":""}]},{"acf_fc_layout":"seccion_navtabs_imagen_dinamica","title_group":{"title_tag":"h2","title_txt":"T\u00e9l\u00e9chargeables"},"texto_intro_principal":false,"texto_introductorio":"","ventanas_detalles_producto":[{"title_group_producto_grid_single":{"title_tag":"h2","title_txt":""},"imagen_de_fondo_dinamic_single_producto":"","texto_contenido_ventana":false,"contenido_tabs_producto":"","acordion":false,"preguntas_y_respuestas":null,"cuadricula_de_colores":false,"componentes_producto":null,"descargables":true,"tipo_datasheet":"simple","datasheet":12180,"datasheet_multiple":null,"tipo_instrucciones":"simple","instructions":12164,"instructions_multiple":null,"drawings_ce":14640,"2d_cad":14664,"3d_cad":13653,"revit":13754,"ldt_photometric_files":"","ies_photometric_files":"","validador_detalles_producto":false,"tipo_especificacion":""}]},{"acf_fc_layout":"seccion_consulta_nuestros_expertos","imagen_de_fondo_single_producto":"[link_wp_dam_url ids=\"13014\" size=\"x2400\"]","imagen_de_fondo_single_producto_mobile":""},{"acf_fc_layout":"seccion_imagen_de_fondo_con_sub_menu","titulo_group_list_contet_proyectos":{"title_tag":"h3","title_txt":"Montana dans la ville"},"ancla_copy2":"","proyectos_relacionados":[{"project":5495,"project_img":"[link_wp_dam_url ids=\"14512\"]"},{"project":16987,"project_img":"[link_wp_dam_url ids=\"14513,14513\"]"}]}],"dist_simetrica":"","dist_asimetrica":"","dist_indirecta":"","dist_suelo":"","control":"","certificados":["ce"],"nombre_arbol_entre_comillas":"","nombre_solo_plantas_field":"","isbn_campo_texto":"","autor_book_publicacion_producto":"","idioma_campo_texto":"","enquadernacion_campo_texto":"","_numero_de_paginas_campo_texto":"","pdf_asociado_producto":"","resumen_libro":"","text_content_family_basic_information":"","text_content_family_basic_number_width":"","text_content_family_basic_number_height":"","text_content_planting_density":"","flowers_option_colours":"","flowers_option_season":"","properties_option_pruning":"","properties_option_watering":"","properties_option_sun_exposure":"","properties_option_minimum_temp":"","properties_option_soil_type":"","properties_option_fire":"","properties_option_heat":"","properties_option_moisture":"","properties_option_dryness":"","properties_option_coastal_area":"","texto_introduccion_landing_custom":"","enlace_descubre_mas_custom":"","selecciona_tipo_de_imagen_custom":"","imagen_vertical_custom":"","imagen_horizontal_custom":"","opciones_de_texto_1":true,"opciones_de_texto_2":"acabado_standar","opciones_de_texto_3":""},"yoast_head":"<!-- This site is optimized with the Yoast SEO plugin v22.8 - https:\/\/yoast.com\/wordpress\/plugins\/seo\/ -->\n<title>Montana - Urbidermis<\/title>\n<meta name=\"robots\" content=\"index, follow, max-snippet:-1, max-image-preview:large, max-video-preview:-1\" \/>\n<link rel=\"canonical\" href=\"https:\/\/www.urbidermis.com\/fr\/mobilier-urbain\/montana\/\" \/>\n<meta property=\"og:locale\" content=\"fr_FR\" \/>\n<meta property=\"og:type\" content=\"article\" \/>\n<meta property=\"og:title\" content=\"Montana - Urbidermis\" \/>\n<meta property=\"og:description\" content=\"Le parc \u00e0 v\u00e9los Montana est un \u00e9l\u00e9ment rationnel pour organiser la mobilit\u00e9 personnelle. Compos\u00e9 de modules et de joints, il g\u00e9n\u00e8re des alignements adapt\u00e9s \u00e0 l&#039;environnement et aux besoins de la situation. Ses lignes soign\u00e9es suivent la fonction de prise et de s\u00e9curisation du v\u00e9hicule.\" \/>\n<meta property=\"og:url\" content=\"https:\/\/www.urbidermis.com\/fr\/mobilier-urbain\/montana\/\" \/>\n<meta property=\"og:site_name\" content=\"Urbidermis\" \/>\n<meta property=\"article:modified_time\" content=\"2026-04-10T08:46:33+00:00\" \/>\n<meta property=\"og:image\" content=\"https:\/\/www.urbidermis.com\/wp-content\/uploads\/20211213_Spain_Barcelona_Urbanizacion_Hort_De_La_Vila_MAB_Equipo_Urbidermis_07.jpg\" \/>\n\t<meta property=\"og:image:width\" content=\"1214\" \/>\n\t<meta property=\"og:image:height\" content=\"1700\" \/>\n\t<meta property=\"og:image:type\" content=\"image\/jpeg\" \/>\n<meta name=\"twitter:card\" content=\"summary_large_image\" \/>\n<script type=\"application\/ld+json\" class=\"yoast-schema-graph\">{\"@context\":\"https:\/\/schema.org\",\"@graph\":[{\"@type\":\"WebPage\",\"@id\":\"https:\/\/www.urbidermis.com\/fr\/mobilier-urbain\/montana\/\",\"url\":\"https:\/\/www.urbidermis.com\/fr\/mobilier-urbain\/montana\/\",\"name\":\"Montana - Urbidermis\",\"isPartOf\":{\"@id\":\"https:\/\/www.urbidermis.com\/fr\/#website\"},\"primaryImageOfPage\":{\"@id\":\"https:\/\/www.urbidermis.com\/fr\/mobilier-urbain\/montana\/#primaryimage\"},\"image\":{\"@id\":\"https:\/\/www.urbidermis.com\/fr\/mobilier-urbain\/montana\/#primaryimage\"},\"thumbnailUrl\":\"https:\/\/www.urbidermis.com\/wp-content\/uploads\/20211213_Spain_Barcelona_Urbanizacion_Hort_De_La_Vila_MAB_Equipo_Urbidermis_07.jpg\",\"datePublished\":\"2022-03-01T10:43:21+00:00\",\"dateModified\":\"2026-04-10T08:46:33+00:00\",\"breadcrumb\":{\"@id\":\"https:\/\/www.urbidermis.com\/fr\/mobilier-urbain\/montana\/#breadcrumb\"},\"inLanguage\":\"fr-FR\",\"potentialAction\":[{\"@type\":\"ReadAction\",\"target\":[\"https:\/\/www.urbidermis.com\/fr\/mobilier-urbain\/montana\/\"]}]},{\"@type\":\"ImageObject\",\"inLanguage\":\"fr-FR\",\"@id\":\"https:\/\/www.urbidermis.com\/fr\/mobilier-urbain\/montana\/#primaryimage\",\"url\":\"https:\/\/www.urbidermis.com\/wp-content\/uploads\/20211213_Spain_Barcelona_Urbanizacion_Hort_De_La_Vila_MAB_Equipo_Urbidermis_07.jpg\",\"contentUrl\":\"https:\/\/www.urbidermis.com\/wp-content\/uploads\/20211213_Spain_Barcelona_Urbanizacion_Hort_De_La_Vila_MAB_Equipo_Urbidermis_07.jpg\",\"width\":1214,\"height\":1700},{\"@type\":\"BreadcrumbList\",\"@id\":\"https:\/\/www.urbidermis.com\/fr\/mobilier-urbain\/montana\/#breadcrumb\",\"itemListElement\":[{\"@type\":\"ListItem\",\"position\":1,\"name\":\"Home\",\"item\":\"https:\/\/www.urbidermis.com\/fr\/\"},{\"@type\":\"ListItem\",\"position\":2,\"name\":\"Produits\",\"item\":\"https:\/\/www.urbidermis.com\/fr\/produits\/\"},{\"@type\":\"ListItem\",\"position\":3,\"name\":\"Montana\"}]},{\"@type\":\"WebSite\",\"@id\":\"https:\/\/www.urbidermis.com\/fr\/#website\",\"url\":\"https:\/\/www.urbidermis.com\/fr\/\",\"name\":\"Urbidermis\",\"description\":\"Especialistas en la ciudad\",\"publisher\":{\"@id\":\"https:\/\/www.urbidermis.com\/fr\/#organization\"},\"potentialAction\":[{\"@type\":\"SearchAction\",\"target\":{\"@type\":\"EntryPoint\",\"urlTemplate\":\"https:\/\/www.urbidermis.com\/fr\/?s={search_term_string}\"},\"query-input\":\"required name=search_term_string\"}],\"inLanguage\":\"fr-FR\"},{\"@type\":\"Organization\",\"@id\":\"https:\/\/www.urbidermis.com\/fr\/#organization\",\"name\":\"Urbidermis\",\"url\":\"https:\/\/www.urbidermis.com\/fr\/\",\"logo\":{\"@type\":\"ImageObject\",\"inLanguage\":\"fr-FR\",\"@id\":\"https:\/\/www.urbidermis.com\/fr\/#\/schema\/logo\/image\/\",\"url\":\"https:\/\/www.urbidermis.com\/wp-content\/uploads\/logo_urbdermis-1.png\",\"contentUrl\":\"https:\/\/www.urbidermis.com\/wp-content\/uploads\/logo_urbdermis-1.png\",\"width\":601,\"height\":1033,\"caption\":\"Urbidermis\"},\"image\":{\"@id\":\"https:\/\/www.urbidermis.com\/fr\/#\/schema\/logo\/image\/\"}}]}<\/script>\n<!-- \/ Yoast SEO plugin. -->","yoast_head_json":{"title":"Montana - Urbidermis","robots":{"index":"index","follow":"follow","max-snippet":"max-snippet:-1","max-image-preview":"max-image-preview:large","max-video-preview":"max-video-preview:-1"},"canonical":"https:\/\/www.urbidermis.com\/fr\/mobilier-urbain\/montana\/","og_locale":"fr_FR","og_type":"article","og_title":"Montana - Urbidermis","og_description":"Le parc \u00e0 v\u00e9los Montana est un \u00e9l\u00e9ment rationnel pour organiser la mobilit\u00e9 personnelle. Compos\u00e9 de modules et de joints, il g\u00e9n\u00e8re des alignements adapt\u00e9s \u00e0 l'environnement et aux besoins de la situation. Ses lignes soign\u00e9es suivent la fonction de prise et de s\u00e9curisation du v\u00e9hicule.","og_url":"https:\/\/www.urbidermis.com\/fr\/mobilier-urbain\/montana\/","og_site_name":"Urbidermis","article_modified_time":"2026-04-10T08:46:33+00:00","og_image":[{"width":1214,"height":1700,"url":"https:\/\/www.urbidermis.com\/wp-content\/uploads\/20211213_Spain_Barcelona_Urbanizacion_Hort_De_La_Vila_MAB_Equipo_Urbidermis_07.jpg","type":"image\/jpeg"}],"twitter_card":"summary_large_image","schema":{"@context":"https:\/\/schema.org","@graph":[{"@type":"WebPage","@id":"https:\/\/www.urbidermis.com\/fr\/mobilier-urbain\/montana\/","url":"https:\/\/www.urbidermis.com\/fr\/mobilier-urbain\/montana\/","name":"Montana - Urbidermis","isPartOf":{"@id":"https:\/\/www.urbidermis.com\/fr\/#website"},"primaryImageOfPage":{"@id":"https:\/\/www.urbidermis.com\/fr\/mobilier-urbain\/montana\/#primaryimage"},"image":{"@id":"https:\/\/www.urbidermis.com\/fr\/mobilier-urbain\/montana\/#primaryimage"},"thumbnailUrl":"https:\/\/www.urbidermis.com\/wp-content\/uploads\/20211213_Spain_Barcelona_Urbanizacion_Hort_De_La_Vila_MAB_Equipo_Urbidermis_07.jpg","datePublished":"2022-03-01T10:43:21+00:00","dateModified":"2026-04-10T08:46:33+00:00","breadcrumb":{"@id":"https:\/\/www.urbidermis.com\/fr\/mobilier-urbain\/montana\/#breadcrumb"},"inLanguage":"fr-FR","potentialAction":[{"@type":"ReadAction","target":["https:\/\/www.urbidermis.com\/fr\/mobilier-urbain\/montana\/"]}]},{"@type":"ImageObject","inLanguage":"fr-FR","@id":"https:\/\/www.urbidermis.com\/fr\/mobilier-urbain\/montana\/#primaryimage","url":"https:\/\/www.urbidermis.com\/wp-content\/uploads\/20211213_Spain_Barcelona_Urbanizacion_Hort_De_La_Vila_MAB_Equipo_Urbidermis_07.jpg","contentUrl":"https:\/\/www.urbidermis.com\/wp-content\/uploads\/20211213_Spain_Barcelona_Urbanizacion_Hort_De_La_Vila_MAB_Equipo_Urbidermis_07.jpg","width":1214,"height":1700},{"@type":"BreadcrumbList","@id":"https:\/\/www.urbidermis.com\/fr\/mobilier-urbain\/montana\/#breadcrumb","itemListElement":[{"@type":"ListItem","position":1,"name":"Home","item":"https:\/\/www.urbidermis.com\/fr\/"},{"@type":"ListItem","position":2,"name":"Produits","item":"https:\/\/www.urbidermis.com\/fr\/produits\/"},{"@type":"ListItem","position":3,"name":"Montana"}]},{"@type":"WebSite","@id":"https:\/\/www.urbidermis.com\/fr\/#website","url":"https:\/\/www.urbidermis.com\/fr\/","name":"Urbidermis","description":"Especialistas en la ciudad","publisher":{"@id":"https:\/\/www.urbidermis.com\/fr\/#organization"},"potentialAction":[{"@type":"SearchAction","target":{"@type":"EntryPoint","urlTemplate":"https:\/\/www.urbidermis.com\/fr\/?s={search_term_string}"},"query-input":"required name=search_term_string"}],"inLanguage":"fr-FR"},{"@type":"Organization","@id":"https:\/\/www.urbidermis.com\/fr\/#organization","name":"Urbidermis","url":"https:\/\/www.urbidermis.com\/fr\/","logo":{"@type":"ImageObject","inLanguage":"fr-FR","@id":"https:\/\/www.urbidermis.com\/fr\/#\/schema\/logo\/image\/","url":"https:\/\/www.urbidermis.com\/wp-content\/uploads\/logo_urbdermis-1.png","contentUrl":"https:\/\/www.urbidermis.com\/wp-content\/uploads\/logo_urbdermis-1.png","width":601,"height":1033,"caption":"Urbidermis"},"image":{"@id":"https:\/\/www.urbidermis.com\/fr\/#\/schema\/logo\/image\/"}}]}},"_links":{"self":[{"href":"https:\/\/www.urbidermis.com\/fr\/wp-json\/wp\/v2\/product\/8938"}],"collection":[{"href":"https:\/\/www.urbidermis.com\/fr\/wp-json\/wp\/v2\/product"}],"about":[{"href":"https:\/\/www.urbidermis.com\/fr\/wp-json\/wp\/v2\/types\/product"}],"acf:post":[{"embeddable":true,"href":"https:\/\/www.urbidermis.com\/fr\/wp-json\/wp\/v2\/autores\/10753"},{"embeddable":true,"href":"https:\/\/www.urbidermis.com\/fr\/wp-json\/wp\/v2\/autores\/10696"}],"wp:featuredmedia":[{"embeddable":true,"href":"https:\/\/www.urbidermis.com\/fr\/wp-json\/wp\/v2\/media\/8910"}],"wp:attachment":[{"href":"https:\/\/www.urbidermis.com\/fr\/wp-json\/wp\/v2\/media?parent=8938"}],"wp:term":[{"taxonomy":"product_cat","embeddable":true,"href":"https:\/\/www.urbidermis.com\/fr\/wp-json\/wp\/v2\/product_cat?post=8938"},{"taxonomy":"product_tag","embeddable":true,"href":"https:\/\/www.urbidermis.com\/fr\/wp-json\/wp\/v2\/product_tag?post=8938"}],"curies":[{"name":"wp","href":"https:\/\/api.w.org\/{rel}","templated":true}]}}