


{"id":8991,"date":"2022-03-01T10:45:42","date_gmt":"2022-03-01T10:45:42","guid":{"rendered":"https:\/\/ubweb21.urbidermis.com\/product\/caudal\/"},"modified":"2026-04-10T10:18:29","modified_gmt":"2026-04-10T08:18:29","slug":"caudal","status":"publish","type":"product","link":"https:\/\/www.urbidermis.com\/fr\/mobilier-urbain\/caudal\/","title":{"rendered":"Caudal"},"content":{"rendered":"","protected":false},"excerpt":{"rendered":"<p>Avec des formes g\u00e9om\u00e9triques simples, la fontaine Caudal a \u00e9t\u00e9 d\u00e9velopp\u00e9e pour \u00eatre inclusive en collaboration avec des groupes de personnes \u00e0 mobilit\u00e9 r\u00e9duite et con\u00e7ue pour lever les barri\u00e8res architecturales dans les villes. En sur\u00e9levant le r\u00e9ceptacle \u00e0 environ 90 cm les \u00e9claboussures sont minimis\u00e9es et l&rsquo;utilisation est facilit\u00e9e pour les personnes en fauteuil roulant.<\/p>\n","protected":false},"featured_media":8986,"template":"","meta":{"_acf_changed":false,"inline_featured_image":false},"product_cat":[251,242],"product_tag":[],"acf":{"activador_seccion_impacto_acvs_secctions_acvs":true,"texto_enlace_amplifyapp":"Caudal_Urban_furniture","codigos_acvs_matching_row-leds":[{"texto_pestana_item_fetch":"","codigo_item_fetch":"CAF01"}],"activator_acf_option_madera_text":false,"texto_bajo_btn_certificados":"","check_para_validar_no_secc_aplication":false,"is_protocolo_y_control_generic":false,"is_producto_residencial_para_mostrar_info_diferente":false,"is_plano_de_cotas_validator":true,"galeria_multidimension_imagenes_plano_de_cotas_proyector":[{"texto_pestana_plano_galeria":"Fontaine","imagen_plano_de_cotas":"[link_wp_dam_url ids=\"14557\"]"},{"texto_pestana_plano_galeria":"Fontaine pour animaux","imagen_plano_de_cotas":"[link_wp_dam_url ids=\"14558\"]"}],"premios_producto_repeater":null,"participantes":[7550],"autores":[10513],"ano_creacion_producto":"2005","validacion_producto_descarga":true,"galeria_imagenes_repeater_libro":[{"imagen_item_gal":"[link_wp_dam_url ids=\"18490\"]","activar_video_item_gal":false,"portada_video_item_gal":null,"video_en_horizonal_item_gal":false,"video_item_gal":false},{"imagen_item_gal":"[link_wp_dam_url ids=\"13457\"]","activar_video_item_gal":false,"portada_video_item_gal":null,"video_en_horizonal_item_gal":false,"video_item_gal":false},{"imagen_item_gal":"[link_wp_dam_url ids=\"14744\"]","activar_video_item_gal":false,"portada_video_item_gal":null,"video_en_horizonal_item_gal":false,"video_item_gal":false},{"imagen_item_gal":"[link_wp_dam_url ids=\"14940\"]","activar_video_item_gal":false,"portada_video_item_gal":null,"video_en_horizonal_item_gal":false,"video_item_gal":false},{"imagen_item_gal":"[link_wp_dam_url ids=\"11747\"]","activar_video_item_gal":false,"portada_video_item_gal":null,"video_en_horizonal_item_gal":false,"video_item_gal":false},{"imagen_item_gal":"[link_wp_dam_url ids=\"13456\"]","activar_video_item_gal":false,"portada_video_item_gal":null,"video_en_horizonal_item_gal":false,"video_item_gal":false}],"secciones_producto":[{"acf_fc_layout":"seccion_navtabs_imagen_dinamica","title_group":{"title_tag":"h2","title_txt":"Une fontaine avec des capteurs"},"texto_intro_principal":true,"texto_introductorio":"Con\u00e7ue en sa totalit\u00e9 pour r\u00e9sister \u00e0 l'oxydation, la fontaine Caudal se d\u00e9cline \u00e9galement en version sans contact, constitu\u00e9e d'un actionneur de proximit\u00e9 qui offre la possibilit\u00e9 d'activer la fontaine sans contact physique.","ventanas_detalles_producto":[{"title_group_producto_grid_single":{"title_tag":"h2","title_txt":"Mat\u00e9riaux"},"imagen_de_fondo_dinamic_single_producto":"","texto_contenido_ventana":true,"contenido_tabs_producto":"<ul>\r\n \t<li>Corps en t\u00f4le d'acier inoxydable AISI 316 finition thermolaqu\u00e9e avec protection anticorrosive C3.<\/li>\r\n \t<li>Grille d'\u00e9vacuation d'eau anti-\u00e9claboussures et bac interne en acier inoxydable AISI 316 finition \u00e9lectropolie.<\/li>\r\n \t<li>Bec en laiton finition chrome mat et bouton-poussoir mod\u00e8le Presto.<\/li>\r\n \t<li>R\u00e9gulateur de pression et contr\u00f4le de d\u00e9bit temporis\u00e9 inclus (peut incorporer une vanne antigel).<\/li>\r\n<\/ul>","acordion":false,"preguntas_y_respuestas":null,"cuadricula_de_colores":false,"componentes_producto":null,"descargables":false,"tipo_datasheet":"simple","datasheet":null,"datasheet_multiple":null,"tipo_instrucciones":"simple","instructions":null,"instructions_multiple":null,"drawings_ce":null,"2d_cad":null,"3d_cad":null,"revit":null,"ldt_photometric_files":null,"ies_photometric_files":null,"validador_detalles_producto":false,"tipo_especificacion":"certificados"},{"title_group_producto_grid_single":{"title_tag":"h2","title_txt":"Finitions"},"imagen_de_fondo_dinamic_single_producto":"","texto_contenido_ventana":true,"contenido_tabs_producto":"Les couleurs pr\u00e9sent\u00e9es sont purement indicatives.\r\nAutres couleurs sur demande.\r\nConsulter les finitions pour les environnements marins.","acordion":false,"preguntas_y_respuestas":null,"cuadricula_de_colores":true,"componentes_producto":[{"nombre_componente":"","colores":["acero-corten","acero_inox_electropulido"]}],"descargables":false,"tipo_datasheet":"simple","datasheet":null,"datasheet_multiple":null,"tipo_instrucciones":"simple","instructions":null,"instructions_multiple":null,"drawings_ce":null,"2d_cad":null,"3d_cad":null,"revit":null,"ldt_photometric_files":null,"ies_photometric_files":null,"validador_detalles_producto":false,"tipo_especificacion":""},{"title_group_producto_grid_single":{"title_tag":"h2","title_txt":"Plan cot\u00e9"},"imagen_de_fondo_dinamic_single_producto":"","texto_contenido_ventana":false,"contenido_tabs_producto":"*Les couleurs pr\u00e9sent\u00e9es sont purement indicatives. (Autres couleurs sur demande)\r\n**Consulter les finitions pour les environnements marins","acordion":false,"preguntas_y_respuestas":null,"cuadricula_de_colores":false,"componentes_producto":[{"nombre_componente":"","colores":["acero-corten","acero_inox_electropulido"]}],"descargables":false,"tipo_datasheet":"simple","datasheet":null,"datasheet_multiple":null,"tipo_instrucciones":"simple","instructions":null,"instructions_multiple":null,"drawings_ce":null,"2d_cad":null,"3d_cad":null,"revit":null,"ldt_photometric_files":null,"ies_photometric_files":null,"validador_detalles_producto":false,"tipo_especificacion":""},{"title_group_producto_grid_single":{"title_tag":"h2","title_txt":"Installation"},"imagen_de_fondo_dinamic_single_producto":"","texto_contenido_ventana":true,"contenido_tabs_producto":"<ul>\r\n \t<li>L'\u00e9l\u00e9ment est fix\u00e9 au moyen de quatre chevilles m\u00e9caniques \u00e0 10 cm sous le trottoir.<\/li>\r\n \t<li>Pour des temp\u00e9ratures \u2264 0\u00ba C, il est conseill\u00e9 de fermer l'arriv\u00e9e d'eau et de vider le circuit pour \u00e9viter le gel et la casse.<\/li>\r\n \t<li>L'\u00e9l\u00e9ment est fourni mont\u00e9 et emball\u00e9. Instructions d'installation et de montage, visserie et chevilles incluses.<\/li>\r\n<\/ul>","acordion":false,"preguntas_y_respuestas":null,"cuadricula_de_colores":false,"componentes_producto":null,"descargables":false,"tipo_datasheet":"simple","datasheet":null,"datasheet_multiple":null,"tipo_instrucciones":"simple","instructions":null,"instructions_multiple":null,"drawings_ce":null,"2d_cad":null,"3d_cad":null,"revit":null,"ldt_photometric_files":null,"ies_photometric_files":null,"validador_detalles_producto":false,"tipo_especificacion":""},{"title_group_producto_grid_single":{"title_tag":"h2","title_txt":"Maintenance"},"imagen_de_fondo_dinamic_single_producto":"[link_wp_dam_url ids=\"6575\"]","texto_contenido_ventana":true,"contenido_tabs_producto":"<ul>\r\n \t<li>Ne n\u00e9cessite aucun entretien, si ce n'est un nettoyage r\u00e9gulier de l'int\u00e9rieur et du bouton-poussoir.<\/li>\r\n<\/ul>","acordion":false,"preguntas_y_respuestas":null,"cuadricula_de_colores":false,"componentes_producto":null,"descargables":false,"tipo_datasheet":"simple","datasheet":null,"datasheet_multiple":null,"tipo_instrucciones":"simple","instructions":null,"instructions_multiple":null,"drawings_ce":null,"2d_cad":null,"3d_cad":null,"revit":null,"ldt_photometric_files":null,"ies_photometric_files":null,"validador_detalles_producto":false,"tipo_especificacion":""},{"title_group_producto_grid_single":{"title_tag":"h2","title_txt":"Certificats"},"imagen_de_fondo_dinamic_single_producto":"","texto_contenido_ventana":false,"contenido_tabs_producto":"","acordion":false,"preguntas_y_respuestas":null,"cuadricula_de_colores":false,"componentes_producto":null,"descargables":false,"tipo_datasheet":"simple","datasheet":null,"datasheet_multiple":null,"tipo_instrucciones":"simple","instructions":null,"instructions_multiple":null,"drawings_ce":null,"2d_cad":null,"3d_cad":null,"revit":null,"ldt_photometric_files":null,"ies_photometric_files":null,"validador_detalles_producto":true,"tipo_especificacion":"certificados"}]},{"acf_fc_layout":"seccion_navtabs_imagen_dinamica","title_group":{"title_tag":"h2","title_txt":"Typologie"},"texto_intro_principal":false,"texto_introductorio":"","ventanas_detalles_producto":[{"title_group_producto_grid_single":{"title_tag":"h2","title_txt":"Manuelle"},"imagen_de_fondo_dinamic_single_producto":"[link_wp_dam_url ids=\"13455\"]","texto_contenido_ventana":true,"contenido_tabs_producto":"Le mod\u00e8le avec bouton-poussoir manuel est intuitif et fiable, afin d\u2019offrir de l\u2019eau potable dans les espaces publics.\r\nLa position du bec et de la grille sont con\u00e7ues pour faciliter l\u2019utilisation aux personnes \u00e0 mobilit\u00e9 r\u00e9duite.\r\nIl dispose d\u2019une commande temporis\u00e9e du flux et de la pression, et peut \u00e9galement comporter une vanne antigel pour les climats plus difficiles.","acordion":true,"preguntas_y_respuestas":[{"pregunta":"Poids","respuesta":"Provenance : 75\r\n*Poids approximatif sans emballage (kg)"}],"cuadricula_de_colores":false,"componentes_producto":null,"descargables":false,"tipo_datasheet":"simple","datasheet":null,"datasheet_multiple":null,"tipo_instrucciones":"simple","instructions":null,"instructions_multiple":null,"drawings_ce":null,"2d_cad":null,"3d_cad":null,"revit":null,"ldt_photometric_files":null,"ies_photometric_files":null,"validador_detalles_producto":false,"tipo_especificacion":""},{"title_group_producto_grid_single":{"title_tag":"h2","title_txt":"Sans contact"},"imagen_de_fondo_dinamic_single_producto":"[link_wp_dam_url ids=\"13455\"]","texto_contenido_ventana":true,"contenido_tabs_producto":"Le mod\u00e8le avec capteur de proximit\u00e9 est pens\u00e9 pour pouvoir boire de l\u2019eau potable sans avoir \u00e0 toucher l\u2019\u00e9l\u00e9ment.\r\nLe capteur agit comme un bouton-poussoir et permet de r\u00e9guler le flux et la pression.","acordion":true,"preguntas_y_respuestas":[{"pregunta":"Poids","respuesta":"Provenance : 75\r\n*Poids approximatif sans emballage (kg)"}],"cuadricula_de_colores":false,"componentes_producto":null,"descargables":false,"tipo_datasheet":"simple","datasheet":null,"datasheet_multiple":null,"tipo_instrucciones":"simple","instructions":null,"instructions_multiple":null,"drawings_ce":null,"2d_cad":null,"3d_cad":null,"revit":null,"ldt_photometric_files":null,"ies_photometric_files":null,"validador_detalles_producto":false,"tipo_especificacion":""},{"title_group_producto_grid_single":{"title_tag":"h2","title_txt":"Pour animaux"},"imagen_de_fondo_dinamic_single_producto":"[link_wp_dam_url ids=\"13455\"]","texto_contenido_ventana":true,"contenido_tabs_producto":"Le mod\u00e8le avec coupelle int\u00e9gr\u00e9e en acier inoxydable permet \u00e9galement que les animaux aient acc\u00e8s \u00e0 de l\u2019eau dans les espaces publics.","acordion":true,"preguntas_y_respuestas":[{"pregunta":"Poids","respuesta":"Provenance : 75\r\n*Poids approximatif sans emballage (kg)"}],"cuadricula_de_colores":false,"componentes_producto":null,"descargables":false,"tipo_datasheet":"simple","datasheet":null,"datasheet_multiple":null,"tipo_instrucciones":"simple","instructions":null,"instructions_multiple":null,"drawings_ce":null,"2d_cad":null,"3d_cad":null,"revit":null,"ldt_photometric_files":null,"ies_photometric_files":null,"validador_detalles_producto":false,"tipo_especificacion":""}]},{"acf_fc_layout":"seccion_navtabs_imagen_dinamica","title_group":{"title_tag":"h2","title_txt":"T\u00e9l\u00e9chargeables"},"texto_intro_principal":false,"texto_introductorio":"","ventanas_detalles_producto":[{"title_group_producto_grid_single":{"title_tag":"h2","title_txt":""},"imagen_de_fondo_dinamic_single_producto":"[link_wp_dam_url ids=\"6570\"]","texto_contenido_ventana":false,"contenido_tabs_producto":"","acordion":false,"preguntas_y_respuestas":null,"cuadricula_de_colores":false,"componentes_producto":null,"descargables":true,"tipo_datasheet":"simple","datasheet":22299,"datasheet_multiple":null,"tipo_instrucciones":"multiple","instructions":12871,"instructions_multiple":[{"instructions_title":"Caudal","instructions_file":25611},{"instructions_title":"Caudal sans contact","instructions_file":25615},{"instructions_title":"Caudal pour animaux","instructions_file":25619}],"drawings_ce":14699,"2d_cad":14707,"3d_cad":12883,"revit":13741,"ldt_photometric_files":"","ies_photometric_files":"","validador_detalles_producto":false,"tipo_especificacion":""}]},{"acf_fc_layout":"seccion_consulta_nuestros_expertos","imagen_de_fondo_single_producto":"[link_wp_dam_url ids=\"13454\" size=\"x2400\"]","imagen_de_fondo_single_producto_mobile":"[link_wp_dam_url ids=\"8264\"]"},{"acf_fc_layout":"seccion_imagen_de_fondo_con_sub_menu","titulo_group_list_contet_proyectos":{"title_tag":"h3","title_txt":"Caudal dans la ville"},"ancla_copy2":"","proyectos_relacionados":[{"project":18891,"project_img":"[link_wp_dam_url ids=\"11745\"]"},{"project":19720,"project_img":"[link_wp_dam_url ids=\"14744\"]"},{"project":5219,"project_img":"[link_wp_dam_url ids=\"13460\"]"}]}],"dist_simetrica":"","dist_asimetrica":"","dist_indirecta":"","dist_suelo":"","control":"","certificados":["ce","ada"],"nombre_arbol_entre_comillas":"","nombre_solo_plantas_field":"","isbn_campo_texto":"","autor_book_publicacion_producto":"","idioma_campo_texto":"","enquadernacion_campo_texto":"","_numero_de_paginas_campo_texto":"","pdf_asociado_producto":"","resumen_libro":"","text_content_family_basic_information":"","text_content_family_basic_number_width":"","text_content_family_basic_number_height":"","text_content_planting_density":"","flowers_option_colours":"","flowers_option_season":"","properties_option_pruning":"","properties_option_watering":"","properties_option_sun_exposure":"","properties_option_minimum_temp":"","properties_option_soil_type":"","properties_option_fire":"","properties_option_heat":"","properties_option_moisture":"","properties_option_dryness":"","properties_option_coastal_area":"","texto_introduccion_landing_custom":"","enlace_descubre_mas_custom":"","selecciona_tipo_de_imagen_custom":"","imagen_vertical_custom":"","imagen_horizontal_custom":"","opciones_de_texto_1":true,"opciones_de_texto_2":"acabado_standar","opciones_de_texto_3":""},"yoast_head":"<!-- This site is optimized with the Yoast SEO plugin v22.8 - https:\/\/yoast.com\/wordpress\/plugins\/seo\/ -->\n<title>Caudal - Urbidermis<\/title>\n<meta name=\"robots\" content=\"index, follow, max-snippet:-1, max-image-preview:large, max-video-preview:-1\" \/>\n<link rel=\"canonical\" href=\"https:\/\/www.urbidermis.com\/fr\/mobilier-urbain\/caudal\/\" \/>\n<meta property=\"og:locale\" content=\"fr_FR\" \/>\n<meta property=\"og:type\" content=\"article\" \/>\n<meta property=\"og:title\" content=\"Caudal - Urbidermis\" \/>\n<meta property=\"og:description\" content=\"Avec des formes g\u00e9om\u00e9triques simples, la fontaine Caudal a \u00e9t\u00e9 d\u00e9velopp\u00e9e pour \u00eatre inclusive en collaboration avec des groupes de personnes \u00e0 mobilit\u00e9 r\u00e9duite et con\u00e7ue pour lever les barri\u00e8res architecturales dans les villes. En sur\u00e9levant le r\u00e9ceptacle \u00e0 environ 90 cm les \u00e9claboussures sont minimis\u00e9es et l&#039;utilisation est facilit\u00e9e pour les personnes en fauteuil roulant.\" \/>\n<meta property=\"og:url\" content=\"https:\/\/www.urbidermis.com\/fr\/mobilier-urbain\/caudal\/\" \/>\n<meta property=\"og:site_name\" content=\"Urbidermis\" \/>\n<meta property=\"article:modified_time\" content=\"2026-04-10T08:18:29+00:00\" \/>\n<meta property=\"og:image\" content=\"https:\/\/www.urbidermis.com\/wp-content\/uploads\/20061019_Spain_Barcelona_Belloch_CAF_Equipo_Urbidermis_01.jpg\" \/>\n\t<meta property=\"og:image:width\" content=\"771\" \/>\n\t<meta property=\"og:image:height\" content=\"1080\" \/>\n\t<meta property=\"og:image:type\" content=\"image\/jpeg\" \/>\n<meta name=\"twitter:card\" content=\"summary_large_image\" \/>\n<script type=\"application\/ld+json\" class=\"yoast-schema-graph\">{\"@context\":\"https:\/\/schema.org\",\"@graph\":[{\"@type\":\"WebPage\",\"@id\":\"https:\/\/www.urbidermis.com\/fr\/mobilier-urbain\/caudal\/\",\"url\":\"https:\/\/www.urbidermis.com\/fr\/mobilier-urbain\/caudal\/\",\"name\":\"Caudal - Urbidermis\",\"isPartOf\":{\"@id\":\"https:\/\/www.urbidermis.com\/fr\/#website\"},\"primaryImageOfPage\":{\"@id\":\"https:\/\/www.urbidermis.com\/fr\/mobilier-urbain\/caudal\/#primaryimage\"},\"image\":{\"@id\":\"https:\/\/www.urbidermis.com\/fr\/mobilier-urbain\/caudal\/#primaryimage\"},\"thumbnailUrl\":\"https:\/\/www.urbidermis.com\/wp-content\/uploads\/20061019_Spain_Barcelona_Belloch_CAF_Equipo_Urbidermis_01.jpg\",\"datePublished\":\"2022-03-01T10:45:42+00:00\",\"dateModified\":\"2026-04-10T08:18:29+00:00\",\"breadcrumb\":{\"@id\":\"https:\/\/www.urbidermis.com\/fr\/mobilier-urbain\/caudal\/#breadcrumb\"},\"inLanguage\":\"fr-FR\",\"potentialAction\":[{\"@type\":\"ReadAction\",\"target\":[\"https:\/\/www.urbidermis.com\/fr\/mobilier-urbain\/caudal\/\"]}]},{\"@type\":\"ImageObject\",\"inLanguage\":\"fr-FR\",\"@id\":\"https:\/\/www.urbidermis.com\/fr\/mobilier-urbain\/caudal\/#primaryimage\",\"url\":\"https:\/\/www.urbidermis.com\/wp-content\/uploads\/20061019_Spain_Barcelona_Belloch_CAF_Equipo_Urbidermis_01.jpg\",\"contentUrl\":\"https:\/\/www.urbidermis.com\/wp-content\/uploads\/20061019_Spain_Barcelona_Belloch_CAF_Equipo_Urbidermis_01.jpg\",\"width\":771,\"height\":1080},{\"@type\":\"BreadcrumbList\",\"@id\":\"https:\/\/www.urbidermis.com\/fr\/mobilier-urbain\/caudal\/#breadcrumb\",\"itemListElement\":[{\"@type\":\"ListItem\",\"position\":1,\"name\":\"Home\",\"item\":\"https:\/\/www.urbidermis.com\/fr\/\"},{\"@type\":\"ListItem\",\"position\":2,\"name\":\"Produits\",\"item\":\"https:\/\/www.urbidermis.com\/fr\/produits\/\"},{\"@type\":\"ListItem\",\"position\":3,\"name\":\"Caudal\"}]},{\"@type\":\"WebSite\",\"@id\":\"https:\/\/www.urbidermis.com\/fr\/#website\",\"url\":\"https:\/\/www.urbidermis.com\/fr\/\",\"name\":\"Urbidermis\",\"description\":\"Especialistas en la ciudad\",\"publisher\":{\"@id\":\"https:\/\/www.urbidermis.com\/fr\/#organization\"},\"potentialAction\":[{\"@type\":\"SearchAction\",\"target\":{\"@type\":\"EntryPoint\",\"urlTemplate\":\"https:\/\/www.urbidermis.com\/fr\/?s={search_term_string}\"},\"query-input\":\"required name=search_term_string\"}],\"inLanguage\":\"fr-FR\"},{\"@type\":\"Organization\",\"@id\":\"https:\/\/www.urbidermis.com\/fr\/#organization\",\"name\":\"Urbidermis\",\"url\":\"https:\/\/www.urbidermis.com\/fr\/\",\"logo\":{\"@type\":\"ImageObject\",\"inLanguage\":\"fr-FR\",\"@id\":\"https:\/\/www.urbidermis.com\/fr\/#\/schema\/logo\/image\/\",\"url\":\"https:\/\/www.urbidermis.com\/wp-content\/uploads\/logo_urbdermis-1.png\",\"contentUrl\":\"https:\/\/www.urbidermis.com\/wp-content\/uploads\/logo_urbdermis-1.png\",\"width\":601,\"height\":1033,\"caption\":\"Urbidermis\"},\"image\":{\"@id\":\"https:\/\/www.urbidermis.com\/fr\/#\/schema\/logo\/image\/\"}}]}<\/script>\n<!-- \/ Yoast SEO plugin. -->","yoast_head_json":{"title":"Caudal - Urbidermis","robots":{"index":"index","follow":"follow","max-snippet":"max-snippet:-1","max-image-preview":"max-image-preview:large","max-video-preview":"max-video-preview:-1"},"canonical":"https:\/\/www.urbidermis.com\/fr\/mobilier-urbain\/caudal\/","og_locale":"fr_FR","og_type":"article","og_title":"Caudal - Urbidermis","og_description":"Avec des formes g\u00e9om\u00e9triques simples, la fontaine Caudal a \u00e9t\u00e9 d\u00e9velopp\u00e9e pour \u00eatre inclusive en collaboration avec des groupes de personnes \u00e0 mobilit\u00e9 r\u00e9duite et con\u00e7ue pour lever les barri\u00e8res architecturales dans les villes. En sur\u00e9levant le r\u00e9ceptacle \u00e0 environ 90 cm les \u00e9claboussures sont minimis\u00e9es et l'utilisation est facilit\u00e9e pour les personnes en fauteuil roulant.","og_url":"https:\/\/www.urbidermis.com\/fr\/mobilier-urbain\/caudal\/","og_site_name":"Urbidermis","article_modified_time":"2026-04-10T08:18:29+00:00","og_image":[{"width":771,"height":1080,"url":"https:\/\/www.urbidermis.com\/wp-content\/uploads\/20061019_Spain_Barcelona_Belloch_CAF_Equipo_Urbidermis_01.jpg","type":"image\/jpeg"}],"twitter_card":"summary_large_image","schema":{"@context":"https:\/\/schema.org","@graph":[{"@type":"WebPage","@id":"https:\/\/www.urbidermis.com\/fr\/mobilier-urbain\/caudal\/","url":"https:\/\/www.urbidermis.com\/fr\/mobilier-urbain\/caudal\/","name":"Caudal - Urbidermis","isPartOf":{"@id":"https:\/\/www.urbidermis.com\/fr\/#website"},"primaryImageOfPage":{"@id":"https:\/\/www.urbidermis.com\/fr\/mobilier-urbain\/caudal\/#primaryimage"},"image":{"@id":"https:\/\/www.urbidermis.com\/fr\/mobilier-urbain\/caudal\/#primaryimage"},"thumbnailUrl":"https:\/\/www.urbidermis.com\/wp-content\/uploads\/20061019_Spain_Barcelona_Belloch_CAF_Equipo_Urbidermis_01.jpg","datePublished":"2022-03-01T10:45:42+00:00","dateModified":"2026-04-10T08:18:29+00:00","breadcrumb":{"@id":"https:\/\/www.urbidermis.com\/fr\/mobilier-urbain\/caudal\/#breadcrumb"},"inLanguage":"fr-FR","potentialAction":[{"@type":"ReadAction","target":["https:\/\/www.urbidermis.com\/fr\/mobilier-urbain\/caudal\/"]}]},{"@type":"ImageObject","inLanguage":"fr-FR","@id":"https:\/\/www.urbidermis.com\/fr\/mobilier-urbain\/caudal\/#primaryimage","url":"https:\/\/www.urbidermis.com\/wp-content\/uploads\/20061019_Spain_Barcelona_Belloch_CAF_Equipo_Urbidermis_01.jpg","contentUrl":"https:\/\/www.urbidermis.com\/wp-content\/uploads\/20061019_Spain_Barcelona_Belloch_CAF_Equipo_Urbidermis_01.jpg","width":771,"height":1080},{"@type":"BreadcrumbList","@id":"https:\/\/www.urbidermis.com\/fr\/mobilier-urbain\/caudal\/#breadcrumb","itemListElement":[{"@type":"ListItem","position":1,"name":"Home","item":"https:\/\/www.urbidermis.com\/fr\/"},{"@type":"ListItem","position":2,"name":"Produits","item":"https:\/\/www.urbidermis.com\/fr\/produits\/"},{"@type":"ListItem","position":3,"name":"Caudal"}]},{"@type":"WebSite","@id":"https:\/\/www.urbidermis.com\/fr\/#website","url":"https:\/\/www.urbidermis.com\/fr\/","name":"Urbidermis","description":"Especialistas en la ciudad","publisher":{"@id":"https:\/\/www.urbidermis.com\/fr\/#organization"},"potentialAction":[{"@type":"SearchAction","target":{"@type":"EntryPoint","urlTemplate":"https:\/\/www.urbidermis.com\/fr\/?s={search_term_string}"},"query-input":"required name=search_term_string"}],"inLanguage":"fr-FR"},{"@type":"Organization","@id":"https:\/\/www.urbidermis.com\/fr\/#organization","name":"Urbidermis","url":"https:\/\/www.urbidermis.com\/fr\/","logo":{"@type":"ImageObject","inLanguage":"fr-FR","@id":"https:\/\/www.urbidermis.com\/fr\/#\/schema\/logo\/image\/","url":"https:\/\/www.urbidermis.com\/wp-content\/uploads\/logo_urbdermis-1.png","contentUrl":"https:\/\/www.urbidermis.com\/wp-content\/uploads\/logo_urbdermis-1.png","width":601,"height":1033,"caption":"Urbidermis"},"image":{"@id":"https:\/\/www.urbidermis.com\/fr\/#\/schema\/logo\/image\/"}}]}},"_links":{"self":[{"href":"https:\/\/www.urbidermis.com\/fr\/wp-json\/wp\/v2\/product\/8991"}],"collection":[{"href":"https:\/\/www.urbidermis.com\/fr\/wp-json\/wp\/v2\/product"}],"about":[{"href":"https:\/\/www.urbidermis.com\/fr\/wp-json\/wp\/v2\/types\/product"}],"acf:post":[{"embeddable":true,"href":"https:\/\/www.urbidermis.com\/fr\/wp-json\/wp\/v2\/autores\/10513"},{"embeddable":true,"href":"https:\/\/www.urbidermis.com\/fr\/wp-json\/wp\/v2\/perfiles\/7550"}],"wp:featuredmedia":[{"embeddable":true,"href":"https:\/\/www.urbidermis.com\/fr\/wp-json\/wp\/v2\/media\/8986"}],"wp:attachment":[{"href":"https:\/\/www.urbidermis.com\/fr\/wp-json\/wp\/v2\/media?parent=8991"}],"wp:term":[{"taxonomy":"product_cat","embeddable":true,"href":"https:\/\/www.urbidermis.com\/fr\/wp-json\/wp\/v2\/product_cat?post=8991"},{"taxonomy":"product_tag","embeddable":true,"href":"https:\/\/www.urbidermis.com\/fr\/wp-json\/wp\/v2\/product_tag?post=8991"}],"curies":[{"name":"wp","href":"https:\/\/api.w.org\/{rel}","templated":true}]}}