


{"id":9014,"date":"2022-03-01T10:53:10","date_gmt":"2022-03-01T10:53:10","guid":{"rendered":"https:\/\/ubweb21.urbidermis.com\/product\/fontana\/"},"modified":"2026-04-10T12:33:39","modified_gmt":"2026-04-10T10:33:39","slug":"fontana","status":"publish","type":"product","link":"https:\/\/www.urbidermis.com\/fr\/mobilier-urbain\/fontana\/","title":{"rendered":"Fontana"},"content":{"rendered":"","protected":false},"excerpt":{"rendered":"<p>Corbeille solide et \u00e9l\u00e9gante, aux formes \u00e9tudi\u00e9es pour apporter du confort et favoriser le respect de l&rsquo;espace public ext\u00e9rieur et la qualit\u00e9 de la ville. Disponible avec ou sans couvercle, elle est parfaite pour caract\u00e9riser les espaces urbains ou les espaces priv\u00e9s.<\/p>\n","protected":false},"featured_media":8994,"template":"","meta":{"_acf_changed":false,"inline_featured_image":false},"product_cat":[253,242],"product_tag":[],"acf":{"activador_seccion_impacto_acvs_secctions_acvs":true,"texto_enlace_amplifyapp":"Fontana_Urban_furniture","codigos_acvs_matching_row-leds":[{"texto_pestana_item_fetch":"Corbeille sans couvercle","codigo_item_fetch":"FOP11"},{"texto_pestana_item_fetch":"Corbeille avec couvercle","codigo_item_fetch":"FOP21"}],"activator_acf_option_madera_text":false,"texto_bajo_btn_certificados":"","check_para_validar_no_secc_aplication":false,"is_protocolo_y_control_generic":false,"is_producto_residencial_para_mostrar_info_diferente":false,"is_plano_de_cotas_validator":true,"galeria_multidimension_imagenes_plano_de_cotas_proyector":[{"texto_pestana_plano_galeria":"Corbeille","imagen_plano_de_cotas":"[link_wp_dam_url ids=\"14566\"]"}],"premios_producto_repeater":null,"participantes":"","autores":[10061],"ano_creacion_producto":"2001","validacion_producto_descarga":true,"galeria_imagenes_repeater_libro":[{"imagen_item_gal":"[link_wp_dam_url ids=\"18372\"]","activar_video_item_gal":false,"portada_video_item_gal":null,"video_en_horizonal_item_gal":false,"video_item_gal":false},{"imagen_item_gal":"[link_wp_dam_url ids=\"18374\"]","activar_video_item_gal":false,"portada_video_item_gal":null,"video_en_horizonal_item_gal":false,"video_item_gal":false},{"imagen_item_gal":"[link_wp_dam_url ids=\"13601\"]","activar_video_item_gal":false,"portada_video_item_gal":null,"video_en_horizonal_item_gal":false,"video_item_gal":false},{"imagen_item_gal":"[link_wp_dam_url ids=\"13600\"]","activar_video_item_gal":false,"portada_video_item_gal":null,"video_en_horizonal_item_gal":false,"video_item_gal":false},{"imagen_item_gal":"[link_wp_dam_url ids=\"13602\"]","activar_video_item_gal":false,"portada_video_item_gal":null,"video_en_horizonal_item_gal":false,"video_item_gal":false}],"secciones_producto":[{"acf_fc_layout":"seccion_navtabs_imagen_dinamica","title_group":{"title_tag":"h2","title_txt":"\u00c9l\u00e9gante et singuli\u00e8re"},"texto_intro_principal":true,"texto_introductorio":"La large bouche circulaire invite \u00e0 d\u00e9poser les d\u00e9chets, le conteneur \u00e9tant la transition entre la bouche et la ligne d'appui sur le trottoir. Con\u00e7ue pour ne pas perturber le flux de la circulation pi\u00e9tonne et fabriqu\u00e9e avec des mat\u00e9riaux r\u00e9sistants, cette corbeille int\u00e8gre un syst\u00e8me de fermeture.","ventanas_detalles_producto":[{"title_group_producto_grid_single":{"title_tag":"h2","title_txt":"Mat\u00e9riaux"},"imagen_de_fondo_dinamic_single_producto":"","texto_contenido_ventana":true,"contenido_tabs_producto":"<ul>\r\n \t<li>Corps et couvercle en fonte d'aluminium EN-AC-51100 AG3 finition thermolaqu\u00e9e avec protection anticorrosion C3.<\/li>\r\n \t<li>Structure profil\u00e9e en acier inoxydable AISI 304, finition polie avec syst\u00e8me de fermeture \u00e0 cl\u00e9.<\/li>\r\n \t<li>Cuvette int\u00e9rieure en fibre de verre.<\/li>\r\n \t<li>Visserie en acier inoxydable A2.<\/li>\r\n<\/ul>","acordion":false,"preguntas_y_respuestas":null,"cuadricula_de_colores":false,"componentes_producto":null,"descargables":false,"tipo_datasheet":"simple","datasheet":null,"datasheet_multiple":null,"tipo_instrucciones":"simple","instructions":null,"instructions_multiple":null,"drawings_ce":null,"2d_cad":null,"3d_cad":null,"revit":null,"ldt_photometric_files":null,"ies_photometric_files":null,"validador_detalles_producto":false,"tipo_especificacion":"certificados"},{"title_group_producto_grid_single":{"title_tag":"h2","title_txt":"Finitions"},"imagen_de_fondo_dinamic_single_producto":"","texto_contenido_ventana":true,"contenido_tabs_producto":"Les couleurs pr\u00e9sent\u00e9es sont purement indicatives.\r\nAutres couleurs sur demande.\r\nConsulter les finitions pour les environnements marins.","acordion":false,"preguntas_y_respuestas":null,"cuadricula_de_colores":true,"componentes_producto":[{"nombre_componente":"","colores":["pintura_gris_sable"]}],"descargables":false,"tipo_datasheet":"simple","datasheet":null,"datasheet_multiple":null,"tipo_instrucciones":"simple","instructions":null,"instructions_multiple":null,"drawings_ce":null,"2d_cad":null,"3d_cad":null,"revit":null,"ldt_photometric_files":null,"ies_photometric_files":null,"validador_detalles_producto":false,"tipo_especificacion":""},{"title_group_producto_grid_single":{"title_tag":"h2","title_txt":"Plan cot\u00e9"},"imagen_de_fondo_dinamic_single_producto":"","texto_contenido_ventana":false,"contenido_tabs_producto":"*Les couleurs pr\u00e9sent\u00e9es sont purement indicatives. (Autres couleurs sur demande)\r\n**Consulter les finitions pour les environnements marins","acordion":false,"preguntas_y_respuestas":null,"cuadricula_de_colores":false,"componentes_producto":[{"nombre_componente":"","colores":["gris_claro"]}],"descargables":false,"tipo_datasheet":"simple","datasheet":null,"datasheet_multiple":null,"tipo_instrucciones":"simple","instructions":null,"instructions_multiple":null,"drawings_ce":null,"2d_cad":null,"3d_cad":null,"revit":null,"ldt_photometric_files":null,"ies_photometric_files":null,"validador_detalles_producto":false,"tipo_especificacion":""},{"title_group_producto_grid_single":{"title_tag":"h2","title_txt":"Installation"},"imagen_de_fondo_dinamic_single_producto":"","texto_contenido_ventana":true,"contenido_tabs_producto":"<ul>\r\n \t<li>L'\u00e9l\u00e9ment est fix\u00e9 au moyen de huit chevilles \u00e0 expansion \u00e0 9 cm sous le trottoir.<\/li>\r\n \t<li>L'\u00e9l\u00e9ment est fourni mont\u00e9 et emball\u00e9.<\/li>\r\n \t<li>Instructions d'installation et de montage, visserie et chevilles incluses.<\/li>\r\n<\/ul>","acordion":false,"preguntas_y_respuestas":null,"cuadricula_de_colores":false,"componentes_producto":null,"descargables":false,"tipo_datasheet":"simple","datasheet":null,"datasheet_multiple":null,"tipo_instrucciones":"simple","instructions":null,"instructions_multiple":null,"drawings_ce":null,"2d_cad":null,"3d_cad":null,"revit":null,"ldt_photometric_files":null,"ies_photometric_files":null,"validador_detalles_producto":false,"tipo_especificacion":""},{"title_group_producto_grid_single":{"title_tag":"h2","title_txt":"Maintenance"},"imagen_de_fondo_dinamic_single_producto":"","texto_contenido_ventana":true,"contenido_tabs_producto":"<ul>\r\n \t<li>Ne n\u00e9cessite aucun entretien, hormis un nettoyage r\u00e9gulier.<\/li>\r\n<\/ul>","acordion":false,"preguntas_y_respuestas":null,"cuadricula_de_colores":false,"componentes_producto":null,"descargables":false,"tipo_datasheet":"simple","datasheet":null,"datasheet_multiple":null,"tipo_instrucciones":"simple","instructions":null,"instructions_multiple":null,"drawings_ce":null,"2d_cad":null,"3d_cad":null,"revit":null,"ldt_photometric_files":null,"ies_photometric_files":null,"validador_detalles_producto":false,"tipo_especificacion":""},{"title_group_producto_grid_single":{"title_tag":"h2","title_txt":"Certificats"},"imagen_de_fondo_dinamic_single_producto":"","texto_contenido_ventana":false,"contenido_tabs_producto":"","acordion":false,"preguntas_y_respuestas":null,"cuadricula_de_colores":false,"componentes_producto":null,"descargables":false,"tipo_datasheet":"simple","datasheet":null,"datasheet_multiple":null,"tipo_instrucciones":"simple","instructions":null,"instructions_multiple":null,"drawings_ce":null,"2d_cad":null,"3d_cad":null,"revit":null,"ldt_photometric_files":null,"ies_photometric_files":null,"validador_detalles_producto":true,"tipo_especificacion":"certificados"}]},{"acf_fc_layout":"seccion_navtabs_imagen_dinamica","title_group":{"title_tag":"h2","title_txt":"Typologie"},"texto_intro_principal":false,"texto_introductorio":"","ventanas_detalles_producto":[{"title_group_producto_grid_single":{"title_tag":"h2","title_txt":"Sans couvercle"},"imagen_de_fondo_dinamic_single_producto":"[link_wp_dam_url ids=\"13598\"]","texto_contenido_ventana":true,"contenido_tabs_producto":"Les corbeilles sans couvercle privil\u00e9gient la facilit\u00e9 d'utilisation et d'entretien. Ces r\u00e9cipients diss\u00e9min\u00e9s dans les flux les plus fr\u00e9quent\u00e9s offrent un acc\u00e8s \u00e9vident, favorisant ainsi leur fonction citoyenne et contribuant \u00e0 maintenir la perception de qualit\u00e9 de l'espace.","acordion":true,"preguntas_y_respuestas":[{"pregunta":"Poids","respuesta":"Corbeille 42 l sans couvercle : 27\r\n\r\n*Poids approximatif sans emballage (kg)"}],"cuadricula_de_colores":false,"componentes_producto":null,"descargables":false,"tipo_datasheet":"simple","datasheet":null,"datasheet_multiple":null,"tipo_instrucciones":"simple","instructions":null,"instructions_multiple":null,"drawings_ce":null,"2d_cad":null,"3d_cad":null,"revit":null,"ldt_photometric_files":null,"ies_photometric_files":null,"validador_detalles_producto":false,"tipo_especificacion":""},{"title_group_producto_grid_single":{"title_tag":"h2","title_txt":"Avec couvercle"},"imagen_de_fondo_dinamic_single_producto":"[link_wp_dam_url ids=\"13599\"]","texto_contenido_ventana":true,"contenido_tabs_producto":"Les corbeilles \u00e0 couvercle sont con\u00e7ues pour prot\u00e9ger le contenu des intemp\u00e9ries et d\u00e9finir les types de d\u00e9chets qu'elles admettent. Un \u00e9l\u00e9ment n\u00e9cessairement r\u00e9sistant \u00e0 l'usage et aux conditions adverses.","acordion":true,"preguntas_y_respuestas":[{"pregunta":"Poids","respuesta":"Corbeille 42 l avec couvercle : 31\r\n\r\n*Poids approximatif sans emballage (kg)"}],"cuadricula_de_colores":false,"componentes_producto":null,"descargables":false,"tipo_datasheet":"simple","datasheet":null,"datasheet_multiple":null,"tipo_instrucciones":"simple","instructions":null,"instructions_multiple":null,"drawings_ce":null,"2d_cad":null,"3d_cad":null,"revit":null,"ldt_photometric_files":null,"ies_photometric_files":null,"validador_detalles_producto":false,"tipo_especificacion":""}]},{"acf_fc_layout":"seccion_navtabs_imagen_dinamica","title_group":{"title_tag":"h2","title_txt":"T\u00e9l\u00e9chargeables"},"texto_intro_principal":false,"texto_introductorio":"","ventanas_detalles_producto":[{"title_group_producto_grid_single":{"title_tag":"h2","title_txt":""},"imagen_de_fondo_dinamic_single_producto":"","texto_contenido_ventana":false,"contenido_tabs_producto":"","acordion":false,"preguntas_y_respuestas":null,"cuadricula_de_colores":false,"componentes_producto":null,"descargables":true,"tipo_datasheet":"simple","datasheet":13189,"datasheet_multiple":null,"tipo_instrucciones":"simple","instructions":16584,"instructions_multiple":null,"drawings_ce":14716,"2d_cad":14732,"3d_cad":13193,"revit":13789,"ldt_photometric_files":"","ies_photometric_files":"","validador_detalles_producto":false,"tipo_especificacion":""}]},{"acf_fc_layout":"seccion_consulta_nuestros_expertos","imagen_de_fondo_single_producto":"[link_wp_dam_url ids=\"13597\" size=\"x2400\"]","imagen_de_fondo_single_producto_mobile":"[link_wp_dam_url ids=\"8266\"]"},{"acf_fc_layout":"seccion_imagen_de_fondo_con_sub_menu","titulo_group_list_contet_proyectos":{"title_tag":"h3","title_txt":"Fontana dans la ville"},"ancla_copy2":"","proyectos_relacionados":[{"project":27935,"project_img":"[link_wp_dam_url ids=\"18375\"]"},{"project":15422,"project_img":"[link_wp_dam_url ids=\"13612\"]"},{"project":7107,"project_img":"[link_wp_dam_url ids=\"13611\"]"},{"project":7923,"project_img":"[link_wp_dam_url ids=\"13610\"]"},{"project":6734,"project_img":"[link_wp_dam_url ids=\"13609\"]"}]}],"dist_simetrica":"","dist_asimetrica":"","dist_indirecta":"","dist_suelo":"","control":"","certificados":["ce"],"nombre_arbol_entre_comillas":"","nombre_solo_plantas_field":"","isbn_campo_texto":"","autor_book_publicacion_producto":"","idioma_campo_texto":"","enquadernacion_campo_texto":"","_numero_de_paginas_campo_texto":"","pdf_asociado_producto":"","resumen_libro":"","text_content_family_basic_information":"","text_content_family_basic_number_width":"","text_content_family_basic_number_height":"","text_content_planting_density":"","flowers_option_colours":"","flowers_option_season":"","properties_option_pruning":"","properties_option_watering":"","properties_option_sun_exposure":"","properties_option_minimum_temp":"","properties_option_soil_type":"","properties_option_fire":"","properties_option_heat":"","properties_option_moisture":"","properties_option_dryness":"","properties_option_coastal_area":"","texto_introduccion_landing_custom":"","enlace_descubre_mas_custom":"","selecciona_tipo_de_imagen_custom":"","imagen_vertical_custom":"","imagen_horizontal_custom":"","opciones_de_texto_1":true,"opciones_de_texto_2":"acabado_standar","opciones_de_texto_3":""},"yoast_head":"<!-- This site is optimized with the Yoast SEO plugin v22.8 - https:\/\/yoast.com\/wordpress\/plugins\/seo\/ -->\n<title>Fontana - Urbidermis<\/title>\n<meta name=\"robots\" content=\"index, follow, max-snippet:-1, max-image-preview:large, max-video-preview:-1\" \/>\n<link rel=\"canonical\" href=\"https:\/\/www.urbidermis.com\/fr\/mobilier-urbain\/fontana\/\" \/>\n<meta property=\"og:locale\" content=\"fr_FR\" \/>\n<meta property=\"og:type\" content=\"article\" \/>\n<meta property=\"og:title\" content=\"Fontana - Urbidermis\" \/>\n<meta property=\"og:description\" content=\"Corbeille solide et \u00e9l\u00e9gante, aux formes \u00e9tudi\u00e9es pour apporter du confort et favoriser le respect de l&#039;espace public ext\u00e9rieur et la qualit\u00e9 de la ville. Disponible avec ou sans couvercle, elle est parfaite pour caract\u00e9riser les espaces urbains ou les espaces priv\u00e9s.\" \/>\n<meta property=\"og:url\" content=\"https:\/\/www.urbidermis.com\/fr\/mobilier-urbain\/fontana\/\" \/>\n<meta property=\"og:site_name\" content=\"Urbidermis\" \/>\n<meta property=\"article:modified_time\" content=\"2026-04-10T10:33:39+00:00\" \/>\n<meta property=\"og:image\" content=\"https:\/\/www.urbidermis.com\/wp-content\/uploads\/20031119_FOP_04.jpg\" \/>\n\t<meta property=\"og:image:width\" content=\"1372\" \/>\n\t<meta property=\"og:image:height\" content=\"1920\" \/>\n\t<meta property=\"og:image:type\" content=\"image\/jpeg\" \/>\n<meta name=\"twitter:card\" content=\"summary_large_image\" \/>\n<script type=\"application\/ld+json\" class=\"yoast-schema-graph\">{\"@context\":\"https:\/\/schema.org\",\"@graph\":[{\"@type\":\"WebPage\",\"@id\":\"https:\/\/www.urbidermis.com\/fr\/mobilier-urbain\/fontana\/\",\"url\":\"https:\/\/www.urbidermis.com\/fr\/mobilier-urbain\/fontana\/\",\"name\":\"Fontana - Urbidermis\",\"isPartOf\":{\"@id\":\"https:\/\/www.urbidermis.com\/fr\/#website\"},\"primaryImageOfPage\":{\"@id\":\"https:\/\/www.urbidermis.com\/fr\/mobilier-urbain\/fontana\/#primaryimage\"},\"image\":{\"@id\":\"https:\/\/www.urbidermis.com\/fr\/mobilier-urbain\/fontana\/#primaryimage\"},\"thumbnailUrl\":\"https:\/\/www.urbidermis.com\/wp-content\/uploads\/20031119_FOP_04.jpg\",\"datePublished\":\"2022-03-01T10:53:10+00:00\",\"dateModified\":\"2026-04-10T10:33:39+00:00\",\"breadcrumb\":{\"@id\":\"https:\/\/www.urbidermis.com\/fr\/mobilier-urbain\/fontana\/#breadcrumb\"},\"inLanguage\":\"fr-FR\",\"potentialAction\":[{\"@type\":\"ReadAction\",\"target\":[\"https:\/\/www.urbidermis.com\/fr\/mobilier-urbain\/fontana\/\"]}]},{\"@type\":\"ImageObject\",\"inLanguage\":\"fr-FR\",\"@id\":\"https:\/\/www.urbidermis.com\/fr\/mobilier-urbain\/fontana\/#primaryimage\",\"url\":\"https:\/\/www.urbidermis.com\/wp-content\/uploads\/20031119_FOP_04.jpg\",\"contentUrl\":\"https:\/\/www.urbidermis.com\/wp-content\/uploads\/20031119_FOP_04.jpg\",\"width\":1372,\"height\":1920},{\"@type\":\"BreadcrumbList\",\"@id\":\"https:\/\/www.urbidermis.com\/fr\/mobilier-urbain\/fontana\/#breadcrumb\",\"itemListElement\":[{\"@type\":\"ListItem\",\"position\":1,\"name\":\"Home\",\"item\":\"https:\/\/www.urbidermis.com\/fr\/\"},{\"@type\":\"ListItem\",\"position\":2,\"name\":\"Produits\",\"item\":\"https:\/\/www.urbidermis.com\/fr\/produits\/\"},{\"@type\":\"ListItem\",\"position\":3,\"name\":\"Fontana\"}]},{\"@type\":\"WebSite\",\"@id\":\"https:\/\/www.urbidermis.com\/fr\/#website\",\"url\":\"https:\/\/www.urbidermis.com\/fr\/\",\"name\":\"Urbidermis\",\"description\":\"Especialistas en la ciudad\",\"publisher\":{\"@id\":\"https:\/\/www.urbidermis.com\/fr\/#organization\"},\"potentialAction\":[{\"@type\":\"SearchAction\",\"target\":{\"@type\":\"EntryPoint\",\"urlTemplate\":\"https:\/\/www.urbidermis.com\/fr\/?s={search_term_string}\"},\"query-input\":\"required name=search_term_string\"}],\"inLanguage\":\"fr-FR\"},{\"@type\":\"Organization\",\"@id\":\"https:\/\/www.urbidermis.com\/fr\/#organization\",\"name\":\"Urbidermis\",\"url\":\"https:\/\/www.urbidermis.com\/fr\/\",\"logo\":{\"@type\":\"ImageObject\",\"inLanguage\":\"fr-FR\",\"@id\":\"https:\/\/www.urbidermis.com\/fr\/#\/schema\/logo\/image\/\",\"url\":\"https:\/\/www.urbidermis.com\/wp-content\/uploads\/logo_urbdermis-1.png\",\"contentUrl\":\"https:\/\/www.urbidermis.com\/wp-content\/uploads\/logo_urbdermis-1.png\",\"width\":601,\"height\":1033,\"caption\":\"Urbidermis\"},\"image\":{\"@id\":\"https:\/\/www.urbidermis.com\/fr\/#\/schema\/logo\/image\/\"}}]}<\/script>\n<!-- \/ Yoast SEO plugin. -->","yoast_head_json":{"title":"Fontana - Urbidermis","robots":{"index":"index","follow":"follow","max-snippet":"max-snippet:-1","max-image-preview":"max-image-preview:large","max-video-preview":"max-video-preview:-1"},"canonical":"https:\/\/www.urbidermis.com\/fr\/mobilier-urbain\/fontana\/","og_locale":"fr_FR","og_type":"article","og_title":"Fontana - Urbidermis","og_description":"Corbeille solide et \u00e9l\u00e9gante, aux formes \u00e9tudi\u00e9es pour apporter du confort et favoriser le respect de l'espace public ext\u00e9rieur et la qualit\u00e9 de la ville. Disponible avec ou sans couvercle, elle est parfaite pour caract\u00e9riser les espaces urbains ou les espaces priv\u00e9s.","og_url":"https:\/\/www.urbidermis.com\/fr\/mobilier-urbain\/fontana\/","og_site_name":"Urbidermis","article_modified_time":"2026-04-10T10:33:39+00:00","og_image":[{"width":1372,"height":1920,"url":"https:\/\/www.urbidermis.com\/wp-content\/uploads\/20031119_FOP_04.jpg","type":"image\/jpeg"}],"twitter_card":"summary_large_image","schema":{"@context":"https:\/\/schema.org","@graph":[{"@type":"WebPage","@id":"https:\/\/www.urbidermis.com\/fr\/mobilier-urbain\/fontana\/","url":"https:\/\/www.urbidermis.com\/fr\/mobilier-urbain\/fontana\/","name":"Fontana - Urbidermis","isPartOf":{"@id":"https:\/\/www.urbidermis.com\/fr\/#website"},"primaryImageOfPage":{"@id":"https:\/\/www.urbidermis.com\/fr\/mobilier-urbain\/fontana\/#primaryimage"},"image":{"@id":"https:\/\/www.urbidermis.com\/fr\/mobilier-urbain\/fontana\/#primaryimage"},"thumbnailUrl":"https:\/\/www.urbidermis.com\/wp-content\/uploads\/20031119_FOP_04.jpg","datePublished":"2022-03-01T10:53:10+00:00","dateModified":"2026-04-10T10:33:39+00:00","breadcrumb":{"@id":"https:\/\/www.urbidermis.com\/fr\/mobilier-urbain\/fontana\/#breadcrumb"},"inLanguage":"fr-FR","potentialAction":[{"@type":"ReadAction","target":["https:\/\/www.urbidermis.com\/fr\/mobilier-urbain\/fontana\/"]}]},{"@type":"ImageObject","inLanguage":"fr-FR","@id":"https:\/\/www.urbidermis.com\/fr\/mobilier-urbain\/fontana\/#primaryimage","url":"https:\/\/www.urbidermis.com\/wp-content\/uploads\/20031119_FOP_04.jpg","contentUrl":"https:\/\/www.urbidermis.com\/wp-content\/uploads\/20031119_FOP_04.jpg","width":1372,"height":1920},{"@type":"BreadcrumbList","@id":"https:\/\/www.urbidermis.com\/fr\/mobilier-urbain\/fontana\/#breadcrumb","itemListElement":[{"@type":"ListItem","position":1,"name":"Home","item":"https:\/\/www.urbidermis.com\/fr\/"},{"@type":"ListItem","position":2,"name":"Produits","item":"https:\/\/www.urbidermis.com\/fr\/produits\/"},{"@type":"ListItem","position":3,"name":"Fontana"}]},{"@type":"WebSite","@id":"https:\/\/www.urbidermis.com\/fr\/#website","url":"https:\/\/www.urbidermis.com\/fr\/","name":"Urbidermis","description":"Especialistas en la ciudad","publisher":{"@id":"https:\/\/www.urbidermis.com\/fr\/#organization"},"potentialAction":[{"@type":"SearchAction","target":{"@type":"EntryPoint","urlTemplate":"https:\/\/www.urbidermis.com\/fr\/?s={search_term_string}"},"query-input":"required name=search_term_string"}],"inLanguage":"fr-FR"},{"@type":"Organization","@id":"https:\/\/www.urbidermis.com\/fr\/#organization","name":"Urbidermis","url":"https:\/\/www.urbidermis.com\/fr\/","logo":{"@type":"ImageObject","inLanguage":"fr-FR","@id":"https:\/\/www.urbidermis.com\/fr\/#\/schema\/logo\/image\/","url":"https:\/\/www.urbidermis.com\/wp-content\/uploads\/logo_urbdermis-1.png","contentUrl":"https:\/\/www.urbidermis.com\/wp-content\/uploads\/logo_urbdermis-1.png","width":601,"height":1033,"caption":"Urbidermis"},"image":{"@id":"https:\/\/www.urbidermis.com\/fr\/#\/schema\/logo\/image\/"}}]}},"_links":{"self":[{"href":"https:\/\/www.urbidermis.com\/fr\/wp-json\/wp\/v2\/product\/9014"}],"collection":[{"href":"https:\/\/www.urbidermis.com\/fr\/wp-json\/wp\/v2\/product"}],"about":[{"href":"https:\/\/www.urbidermis.com\/fr\/wp-json\/wp\/v2\/types\/product"}],"acf:post":[{"embeddable":true,"href":"https:\/\/www.urbidermis.com\/fr\/wp-json\/wp\/v2\/autores\/10061"}],"wp:featuredmedia":[{"embeddable":true,"href":"https:\/\/www.urbidermis.com\/fr\/wp-json\/wp\/v2\/media\/8994"}],"wp:attachment":[{"href":"https:\/\/www.urbidermis.com\/fr\/wp-json\/wp\/v2\/media?parent=9014"}],"wp:term":[{"taxonomy":"product_cat","embeddable":true,"href":"https:\/\/www.urbidermis.com\/fr\/wp-json\/wp\/v2\/product_cat?post=9014"},{"taxonomy":"product_tag","embeddable":true,"href":"https:\/\/www.urbidermis.com\/fr\/wp-json\/wp\/v2\/product_tag?post=9014"}],"curies":[{"name":"wp","href":"https:\/\/api.w.org\/{rel}","templated":true}]}}