


{"id":9021,"date":"2022-03-01T11:32:43","date_gmt":"2022-03-01T11:32:43","guid":{"rendered":"https:\/\/ubweb21.urbidermis.com\/product\/rambla\/"},"modified":"2026-04-10T12:49:19","modified_gmt":"2026-04-10T10:49:19","slug":"rambla","status":"publish","type":"product","link":"https:\/\/www.urbidermis.com\/fr\/mobilier-urbain\/rambla\/","title":{"rendered":"Rambla"},"content":{"rendered":"","protected":false},"excerpt":{"rendered":"<p>Corbeille sobre au plan elliptique, robuste et durable. Facile \u00e0 installer et tr\u00e8s adapt\u00e9e aux petits espaces, elle constitue une solution utile pour r\u00e9pondre au besoin d&rsquo;offrir des \u00e9l\u00e9ments qui aident \u00e0 pr\u00e9server la propret\u00e9 dans les espaces urbains.<\/p>\n","protected":false},"featured_media":9006,"template":"","meta":{"_acf_changed":false,"inline_featured_image":false},"product_cat":[253,242],"product_tag":[],"acf":{"activador_seccion_impacto_acvs_secctions_acvs":true,"texto_enlace_amplifyapp":"Rambla_Urban_furniture","codigos_acvs_matching_row-leds":[{"texto_pestana_item_fetch":"Corbeille murale 21 L","codigo_item_fetch":"RAP21"},{"texto_pestana_item_fetch":"Corbeille 42 L","codigo_item_fetch":"RAP11"},{"texto_pestana_item_fetch":"Corbeille 66 L","codigo_item_fetch":"RAP31"},{"texto_pestana_item_fetch":"Corbeille 82 L","codigo_item_fetch":"RAP41"},{"texto_pestana_item_fetch":"Corbeille avec couvercle 82 L","codigo_item_fetch":"RAP45"}],"activator_acf_option_madera_text":false,"texto_bajo_btn_certificados":"","check_para_validar_no_secc_aplication":false,"is_protocolo_y_control_generic":false,"is_producto_residencial_para_mostrar_info_diferente":false,"is_plano_de_cotas_validator":true,"galeria_multidimension_imagenes_plano_de_cotas_proyector":[{"texto_pestana_plano_galeria":"Sans couvercle","imagen_plano_de_cotas":"[link_wp_dam_url ids=\"14570\"]"},{"texto_pestana_plano_galeria":"Avec couvercle","imagen_plano_de_cotas":"[link_wp_dam_url ids=\"14569\"]"},{"texto_pestana_plano_galeria":"Murale","imagen_plano_de_cotas":"[link_wp_dam_url ids=\"14568\"]"}],"premios_producto_repeater":null,"participantes":"","autores":[10699,10303],"ano_creacion_producto":"1993","validacion_producto_descarga":true,"galeria_imagenes_repeater_libro":[{"imagen_item_gal":"[link_wp_dam_url ids=\"13652\"]","activar_video_item_gal":false,"portada_video_item_gal":null,"video_en_horizonal_item_gal":false,"video_item_gal":false},{"imagen_item_gal":"[link_wp_dam_url ids=\"13654\"]","activar_video_item_gal":false,"portada_video_item_gal":null,"video_en_horizonal_item_gal":false,"video_item_gal":false},{"imagen_item_gal":"[link_wp_dam_url ids=\"13653\"]","activar_video_item_gal":false,"portada_video_item_gal":null,"video_en_horizonal_item_gal":false,"video_item_gal":false}],"secciones_producto":[{"acf_fc_layout":"seccion_navtabs_imagen_dinamica","title_group":{"title_tag":"h2","title_txt":"Diff\u00e9rents formats"},"texto_intro_principal":true,"texto_introductorio":"La corbeille Rambla se d\u00e9cline en cinq formats, sur pied ou murale, avec ou sans couvercle, avec une capacit\u00e9 plus ou moins grande. Elle est fabriqu\u00e9e pour r\u00e9sister \u00e0 une utilisation intensive et aux sollicitations climatiques. En option, elle peut int\u00e9grer un cendrier.","ventanas_detalles_producto":[{"title_group_producto_grid_single":{"title_tag":"h2","title_txt":"Mat\u00e9riaux"},"imagen_de_fondo_dinamic_single_producto":"","texto_contenido_ventana":true,"contenido_tabs_producto":"<ul>\r\n \t<li>Cuvette en t\u00f4le d'acier S235 JR, finition peinte avec protection anticorrosive C3.<\/li>\r\n \t<li>Structure compos\u00e9e de deux profil\u00e9s en L, 40 x 40mm (42 l) ou 45 x 45mm (66 l, 82 l) soud\u00e9s sur une plaque circulaire en acier S235 JR galvanis\u00e9 \u00e0 chaud.<\/li>\r\n \t<li>Cendrier en option.<\/li>\r\n \t<li>Elle int\u00e8gre des anneaux pour faciliter la fixation du sac.<\/li>\r\n<\/ul>","acordion":false,"preguntas_y_respuestas":null,"cuadricula_de_colores":false,"componentes_producto":null,"descargables":false,"tipo_datasheet":"simple","datasheet":null,"datasheet_multiple":null,"tipo_instrucciones":"simple","instructions":null,"instructions_multiple":null,"drawings_ce":null,"2d_cad":null,"3d_cad":null,"revit":null,"ldt_photometric_files":null,"ies_photometric_files":null,"validador_detalles_producto":false,"tipo_especificacion":"certificados"},{"title_group_producto_grid_single":{"title_tag":"h2","title_txt":"Finitions"},"imagen_de_fondo_dinamic_single_producto":"","texto_contenido_ventana":true,"contenido_tabs_producto":"Les couleurs pr\u00e9sent\u00e9es sont purement indicatives.\r\nAutres couleurs sur demande.\r\nConsulter les finitions pour les environnements marins.","acordion":false,"preguntas_y_respuestas":null,"cuadricula_de_colores":true,"componentes_producto":[{"nombre_componente":"","colores":["pintura_negro_oxiron"]}],"descargables":false,"tipo_datasheet":"simple","datasheet":null,"datasheet_multiple":null,"tipo_instrucciones":"simple","instructions":null,"instructions_multiple":null,"drawings_ce":null,"2d_cad":null,"3d_cad":null,"revit":null,"ldt_photometric_files":null,"ies_photometric_files":null,"validador_detalles_producto":false,"tipo_especificacion":""},{"title_group_producto_grid_single":{"title_tag":"h2","title_txt":"Plan cot\u00e9"},"imagen_de_fondo_dinamic_single_producto":"","texto_contenido_ventana":false,"contenido_tabs_producto":"*Les couleurs pr\u00e9sent\u00e9es sont purement indicatives. (Autres couleurs sur demande)\r\n**Consulter les finitions pour les environnements marins","acordion":false,"preguntas_y_respuestas":null,"cuadricula_de_colores":false,"componentes_producto":[{"nombre_componente":"","colores":["negro"]}],"descargables":false,"tipo_datasheet":"simple","datasheet":null,"datasheet_multiple":null,"tipo_instrucciones":"simple","instructions":null,"instructions_multiple":null,"drawings_ce":null,"2d_cad":null,"3d_cad":null,"revit":null,"ldt_photometric_files":null,"ies_photometric_files":null,"validador_detalles_producto":false,"tipo_especificacion":""},{"title_group_producto_grid_single":{"title_tag":"h2","title_txt":"Installation"},"imagen_de_fondo_dinamic_single_producto":"","texto_contenido_ventana":true,"contenido_tabs_producto":"<ul>\r\n \t<li>L'\u00e9l\u00e9ment est ancr\u00e9 au moyen de deux tiges ondul\u00e9es ins\u00e9r\u00e9es dans des trous pr\u00e9alablement pratiqu\u00e9s dans la chauss\u00e9e, remplis de r\u00e9sine \u00e9poxy, de ciment \u00e0 prise rapide ou similaire.<\/li>\r\n \t<li>L'\u00e9l\u00e9ment est fourni mont\u00e9 et emball\u00e9.<\/li>\r\n \t<li>Instructions d'installation et de montage incluses.<\/li>\r\n<\/ul>","acordion":false,"preguntas_y_respuestas":null,"cuadricula_de_colores":false,"componentes_producto":null,"descargables":false,"tipo_datasheet":"simple","datasheet":null,"datasheet_multiple":null,"tipo_instrucciones":"simple","instructions":null,"instructions_multiple":null,"drawings_ce":null,"2d_cad":null,"3d_cad":null,"revit":null,"ldt_photometric_files":null,"ies_photometric_files":null,"validador_detalles_producto":false,"tipo_especificacion":""},{"title_group_producto_grid_single":{"title_tag":"h2","title_txt":"Maintenance"},"imagen_de_fondo_dinamic_single_producto":"","texto_contenido_ventana":true,"contenido_tabs_producto":"<ul>\r\n \t<li>Ne n\u00e9cessite aucun entretien, hormis un nettoyage r\u00e9gulier.<\/li>\r\n<\/ul>","acordion":false,"preguntas_y_respuestas":null,"cuadricula_de_colores":false,"componentes_producto":null,"descargables":false,"tipo_datasheet":"simple","datasheet":null,"datasheet_multiple":null,"tipo_instrucciones":"simple","instructions":null,"instructions_multiple":null,"drawings_ce":null,"2d_cad":null,"3d_cad":null,"revit":null,"ldt_photometric_files":null,"ies_photometric_files":null,"validador_detalles_producto":false,"tipo_especificacion":""},{"title_group_producto_grid_single":{"title_tag":"h2","title_txt":"Certificats"},"imagen_de_fondo_dinamic_single_producto":"","texto_contenido_ventana":false,"contenido_tabs_producto":"Corbeille 42 l : 14,5\r\nCorbeille 66 l : 18\r\nCorbeille 82 l : 22\r\nCorbeille 82 l avec couvercle : 24\r\nCorbeille murale 21 l : 7\r\n*Poids approximatif sans emballage (kg)","acordion":false,"preguntas_y_respuestas":null,"cuadricula_de_colores":false,"componentes_producto":null,"descargables":false,"tipo_datasheet":"simple","datasheet":null,"datasheet_multiple":null,"tipo_instrucciones":"simple","instructions":null,"instructions_multiple":null,"drawings_ce":null,"2d_cad":null,"3d_cad":null,"revit":null,"ldt_photometric_files":null,"ies_photometric_files":null,"validador_detalles_producto":true,"tipo_especificacion":"certificados"}]},{"acf_fc_layout":"seccion_navtabs_imagen_dinamica","title_group":{"title_tag":"h2","title_txt":"Typologie"},"texto_intro_principal":false,"texto_introductorio":"","ventanas_detalles_producto":[{"title_group_producto_grid_single":{"title_tag":"h2","title_txt":"Sans couvercle"},"imagen_de_fondo_dinamic_single_producto":"[link_wp_dam_url ids=\"13650\"]","texto_contenido_ventana":true,"contenido_tabs_producto":"Les corbeilles sans couvercle privil\u00e9gient la facilit\u00e9 d'utilisation et d'entretien. Ces d\u00e9p\u00f4ts diss\u00e9min\u00e9s dans les flux les plus fr\u00e9quent\u00e9s offrent des acc\u00e8s \u00e9vidents, favorisant ainsi leur fonction citoyenne et contribuant \u00e0 maintenir la perception de qualit\u00e9 de l'espace.","acordion":true,"preguntas_y_respuestas":[{"pregunta":"Poids ","respuesta":"Corbeille 42 l : 14,5\r\nCorbeille 66 l : 18\r\nCorbeille 82 l : 22\r\nCorbeille murale 21 l : 7\r\n\r\n*Poids approximatif sans emballage (kg)"}],"cuadricula_de_colores":false,"componentes_producto":null,"descargables":false,"tipo_datasheet":"simple","datasheet":null,"datasheet_multiple":null,"tipo_instrucciones":"simple","instructions":null,"instructions_multiple":null,"drawings_ce":null,"2d_cad":null,"3d_cad":null,"revit":null,"ldt_photometric_files":null,"ies_photometric_files":null,"validador_detalles_producto":false,"tipo_especificacion":""},{"title_group_producto_grid_single":{"title_tag":"h2","title_txt":"Avec couvercle"},"imagen_de_fondo_dinamic_single_producto":"[link_wp_dam_url ids=\"13651\"]","texto_contenido_ventana":true,"contenido_tabs_producto":"Les corbeilles \u00e0 couvercle sont con\u00e7ues pour prot\u00e9ger le contenu des intemp\u00e9ries et d\u00e9finir les types de d\u00e9chets qu'elles admettent. Un \u00e9l\u00e9ment n\u00e9cessairement r\u00e9sistant \u00e0 l'usage et aux conditions adverses.","acordion":true,"preguntas_y_respuestas":[{"pregunta":"Poids ","respuesta":"Corbeille 82 l avec couvercle : 24\r\n\r\n*Poids approximatif sans emballage (kg)"}],"cuadricula_de_colores":false,"componentes_producto":null,"descargables":false,"tipo_datasheet":"simple","datasheet":null,"datasheet_multiple":null,"tipo_instrucciones":"simple","instructions":null,"instructions_multiple":null,"drawings_ce":null,"2d_cad":null,"3d_cad":null,"revit":null,"ldt_photometric_files":null,"ies_photometric_files":null,"validador_detalles_producto":false,"tipo_especificacion":""},{"title_group_producto_grid_single":{"title_tag":"h2","title_txt":"Murale"},"imagen_de_fondo_dinamic_single_producto":"[link_wp_dam_url ids=\"13649\"]","texto_contenido_ventana":true,"contenido_tabs_producto":"Les corbeilles murales sont con\u00e7ues pour \u00eatre install\u00e9es dans les zones o\u00f9 il est n\u00e9cessaire d'\u00e9viter les obstacles \u00e0 hauteur de trottoir, dans les zones de circulation r\u00e9duites ou dans les acc\u00e8s o\u00f9 il est essentiel de promouvoir une attitude citoyenne de propret\u00e9.","acordion":true,"preguntas_y_respuestas":[{"pregunta":"Poids ","respuesta":"Corbeille murale 21 l : 7\r\n\r\n*Poids approximatif sans emballage (kg)"}],"cuadricula_de_colores":false,"componentes_producto":null,"descargables":false,"tipo_datasheet":"simple","datasheet":null,"datasheet_multiple":null,"tipo_instrucciones":"simple","instructions":null,"instructions_multiple":null,"drawings_ce":null,"2d_cad":null,"3d_cad":null,"revit":null,"ldt_photometric_files":null,"ies_photometric_files":null,"validador_detalles_producto":false,"tipo_especificacion":""},{"title_group_producto_grid_single":{"title_tag":"h2","title_txt":"Avec cendrier"},"imagen_de_fondo_dinamic_single_producto":"[link_wp_dam_url ids=\"6624\"]","texto_contenido_ventana":true,"contenido_tabs_producto":"Les corbeilles \u00e0 cendrier ajoutent la fonction de collecte des \u00e9l\u00e9ments qui ne peuvent pas \u00eatre jet\u00e9s dans des conteneurs communs.","acordion":true,"preguntas_y_respuestas":[{"pregunta":"Poids ","respuesta":"Accessoire cendrier: 0,04\r\n\r\n*Poids approximatif sans emballage (kg)"}],"cuadricula_de_colores":false,"componentes_producto":null,"descargables":false,"tipo_datasheet":"simple","datasheet":null,"datasheet_multiple":null,"tipo_instrucciones":"simple","instructions":null,"instructions_multiple":null,"drawings_ce":null,"2d_cad":null,"3d_cad":null,"revit":null,"ldt_photometric_files":null,"ies_photometric_files":null,"validador_detalles_producto":false,"tipo_especificacion":""}]},{"acf_fc_layout":"seccion_navtabs_imagen_dinamica","title_group":{"title_tag":"h2","title_txt":"T\u00e9l\u00e9chargeables"},"texto_intro_principal":false,"texto_introductorio":"","ventanas_detalles_producto":[{"title_group_producto_grid_single":{"title_tag":"h2","title_txt":""},"imagen_de_fondo_dinamic_single_producto":"","texto_contenido_ventana":false,"contenido_tabs_producto":"","acordion":false,"preguntas_y_respuestas":null,"cuadricula_de_colores":false,"componentes_producto":null,"descargables":true,"tipo_datasheet":"simple","datasheet":13237,"datasheet_multiple":null,"tipo_instrucciones":"simple","instructions":13245,"instructions_multiple":null,"drawings_ce":14724,"2d_cad":14744,"3d_cad":13241,"revit":13801,"ldt_photometric_files":"","ies_photometric_files":"","validador_detalles_producto":false,"tipo_especificacion":""}]},{"acf_fc_layout":"seccion_consulta_nuestros_expertos","imagen_de_fondo_single_producto":"[link_wp_dam_url ids=\"13648\" size=\"x2400\"]","imagen_de_fondo_single_producto_mobile":""},{"acf_fc_layout":"seccion_imagen_de_fondo_con_sub_menu","titulo_group_list_contet_proyectos":{"title_tag":"h3","title_txt":"Rambla dans la ville"},"ancla_copy2":"","proyectos_relacionados":[{"project":5587,"project_img":"[link_wp_dam_url ids=\"13657\"]"},{"project":6975,"project_img":"[link_wp_dam_url ids=\"13658\"]"},{"project":6236,"project_img":"[link_wp_dam_url ids=\"6629\"]"},{"project":8297,"project_img":"[link_wp_dam_url ids=\"6630\"]"},{"project":7674,"project_img":"[link_wp_dam_url ids=\"6626\"]"},{"project":4191,"project_img":"[link_wp_dam_url ids=\"6627\"]"}]}],"dist_simetrica":"","dist_asimetrica":"","dist_indirecta":"","dist_suelo":"","control":"","certificados":["ce"],"nombre_arbol_entre_comillas":"","nombre_solo_plantas_field":"","isbn_campo_texto":"","autor_book_publicacion_producto":"","idioma_campo_texto":"","enquadernacion_campo_texto":"","_numero_de_paginas_campo_texto":"","pdf_asociado_producto":"","resumen_libro":"","text_content_family_basic_information":"","text_content_family_basic_number_width":"","text_content_family_basic_number_height":"","text_content_planting_density":"","flowers_option_colours":"","flowers_option_season":"","properties_option_pruning":"","properties_option_watering":"","properties_option_sun_exposure":"","properties_option_minimum_temp":"","properties_option_soil_type":"","properties_option_fire":"","properties_option_heat":"","properties_option_moisture":"","properties_option_dryness":"","properties_option_coastal_area":"","texto_introduccion_landing_custom":"","enlace_descubre_mas_custom":"","selecciona_tipo_de_imagen_custom":"","imagen_vertical_custom":"","imagen_horizontal_custom":"","opciones_de_texto_1":true,"opciones_de_texto_2":"acabado_standar","opciones_de_texto_3":""},"yoast_head":"<!-- This site is optimized with the Yoast SEO plugin v22.8 - https:\/\/yoast.com\/wordpress\/plugins\/seo\/ -->\n<title>Rambla - Urbidermis<\/title>\n<meta name=\"robots\" content=\"index, follow, max-snippet:-1, max-image-preview:large, max-video-preview:-1\" \/>\n<link rel=\"canonical\" href=\"https:\/\/www.urbidermis.com\/fr\/mobilier-urbain\/rambla\/\" \/>\n<meta property=\"og:locale\" content=\"fr_FR\" \/>\n<meta property=\"og:type\" content=\"article\" \/>\n<meta property=\"og:title\" content=\"Rambla - Urbidermis\" \/>\n<meta property=\"og:description\" content=\"Corbeille sobre au plan elliptique, robuste et durable. Facile \u00e0 installer et tr\u00e8s adapt\u00e9e aux petits espaces, elle constitue une solution utile pour r\u00e9pondre au besoin d&#039;offrir des \u00e9l\u00e9ments qui aident \u00e0 pr\u00e9server la propret\u00e9 dans les espaces urbains.\" \/>\n<meta property=\"og:url\" content=\"https:\/\/www.urbidermis.com\/fr\/mobilier-urbain\/rambla\/\" \/>\n<meta property=\"og:site_name\" content=\"Urbidermis\" \/>\n<meta property=\"article:modified_time\" content=\"2026-04-10T10:49:19+00:00\" \/>\n<meta property=\"og:image\" content=\"https:\/\/www.urbidermis.com\/wp-content\/uploads\/20141003_RAP_01-copia.jpg\" \/>\n\t<meta property=\"og:image:width\" content=\"771\" \/>\n\t<meta property=\"og:image:height\" content=\"1080\" \/>\n\t<meta property=\"og:image:type\" content=\"image\/jpeg\" \/>\n<meta name=\"twitter:card\" content=\"summary_large_image\" \/>\n<script type=\"application\/ld+json\" class=\"yoast-schema-graph\">{\"@context\":\"https:\/\/schema.org\",\"@graph\":[{\"@type\":\"WebPage\",\"@id\":\"https:\/\/www.urbidermis.com\/fr\/mobilier-urbain\/rambla\/\",\"url\":\"https:\/\/www.urbidermis.com\/fr\/mobilier-urbain\/rambla\/\",\"name\":\"Rambla - Urbidermis\",\"isPartOf\":{\"@id\":\"https:\/\/www.urbidermis.com\/fr\/#website\"},\"primaryImageOfPage\":{\"@id\":\"https:\/\/www.urbidermis.com\/fr\/mobilier-urbain\/rambla\/#primaryimage\"},\"image\":{\"@id\":\"https:\/\/www.urbidermis.com\/fr\/mobilier-urbain\/rambla\/#primaryimage\"},\"thumbnailUrl\":\"https:\/\/www.urbidermis.com\/wp-content\/uploads\/20141003_RAP_01-copia.jpg\",\"datePublished\":\"2022-03-01T11:32:43+00:00\",\"dateModified\":\"2026-04-10T10:49:19+00:00\",\"breadcrumb\":{\"@id\":\"https:\/\/www.urbidermis.com\/fr\/mobilier-urbain\/rambla\/#breadcrumb\"},\"inLanguage\":\"fr-FR\",\"potentialAction\":[{\"@type\":\"ReadAction\",\"target\":[\"https:\/\/www.urbidermis.com\/fr\/mobilier-urbain\/rambla\/\"]}]},{\"@type\":\"ImageObject\",\"inLanguage\":\"fr-FR\",\"@id\":\"https:\/\/www.urbidermis.com\/fr\/mobilier-urbain\/rambla\/#primaryimage\",\"url\":\"https:\/\/www.urbidermis.com\/wp-content\/uploads\/20141003_RAP_01-copia.jpg\",\"contentUrl\":\"https:\/\/www.urbidermis.com\/wp-content\/uploads\/20141003_RAP_01-copia.jpg\",\"width\":771,\"height\":1080},{\"@type\":\"BreadcrumbList\",\"@id\":\"https:\/\/www.urbidermis.com\/fr\/mobilier-urbain\/rambla\/#breadcrumb\",\"itemListElement\":[{\"@type\":\"ListItem\",\"position\":1,\"name\":\"Home\",\"item\":\"https:\/\/www.urbidermis.com\/fr\/\"},{\"@type\":\"ListItem\",\"position\":2,\"name\":\"Produits\",\"item\":\"https:\/\/www.urbidermis.com\/fr\/produits\/\"},{\"@type\":\"ListItem\",\"position\":3,\"name\":\"Rambla\"}]},{\"@type\":\"WebSite\",\"@id\":\"https:\/\/www.urbidermis.com\/fr\/#website\",\"url\":\"https:\/\/www.urbidermis.com\/fr\/\",\"name\":\"Urbidermis\",\"description\":\"Especialistas en la ciudad\",\"publisher\":{\"@id\":\"https:\/\/www.urbidermis.com\/fr\/#organization\"},\"potentialAction\":[{\"@type\":\"SearchAction\",\"target\":{\"@type\":\"EntryPoint\",\"urlTemplate\":\"https:\/\/www.urbidermis.com\/fr\/?s={search_term_string}\"},\"query-input\":\"required name=search_term_string\"}],\"inLanguage\":\"fr-FR\"},{\"@type\":\"Organization\",\"@id\":\"https:\/\/www.urbidermis.com\/fr\/#organization\",\"name\":\"Urbidermis\",\"url\":\"https:\/\/www.urbidermis.com\/fr\/\",\"logo\":{\"@type\":\"ImageObject\",\"inLanguage\":\"fr-FR\",\"@id\":\"https:\/\/www.urbidermis.com\/fr\/#\/schema\/logo\/image\/\",\"url\":\"https:\/\/www.urbidermis.com\/wp-content\/uploads\/logo_urbdermis-1.png\",\"contentUrl\":\"https:\/\/www.urbidermis.com\/wp-content\/uploads\/logo_urbdermis-1.png\",\"width\":601,\"height\":1033,\"caption\":\"Urbidermis\"},\"image\":{\"@id\":\"https:\/\/www.urbidermis.com\/fr\/#\/schema\/logo\/image\/\"}}]}<\/script>\n<!-- \/ Yoast SEO plugin. -->","yoast_head_json":{"title":"Rambla - Urbidermis","robots":{"index":"index","follow":"follow","max-snippet":"max-snippet:-1","max-image-preview":"max-image-preview:large","max-video-preview":"max-video-preview:-1"},"canonical":"https:\/\/www.urbidermis.com\/fr\/mobilier-urbain\/rambla\/","og_locale":"fr_FR","og_type":"article","og_title":"Rambla - Urbidermis","og_description":"Corbeille sobre au plan elliptique, robuste et durable. Facile \u00e0 installer et tr\u00e8s adapt\u00e9e aux petits espaces, elle constitue une solution utile pour r\u00e9pondre au besoin d'offrir des \u00e9l\u00e9ments qui aident \u00e0 pr\u00e9server la propret\u00e9 dans les espaces urbains.","og_url":"https:\/\/www.urbidermis.com\/fr\/mobilier-urbain\/rambla\/","og_site_name":"Urbidermis","article_modified_time":"2026-04-10T10:49:19+00:00","og_image":[{"width":771,"height":1080,"url":"https:\/\/www.urbidermis.com\/wp-content\/uploads\/20141003_RAP_01-copia.jpg","type":"image\/jpeg"}],"twitter_card":"summary_large_image","schema":{"@context":"https:\/\/schema.org","@graph":[{"@type":"WebPage","@id":"https:\/\/www.urbidermis.com\/fr\/mobilier-urbain\/rambla\/","url":"https:\/\/www.urbidermis.com\/fr\/mobilier-urbain\/rambla\/","name":"Rambla - Urbidermis","isPartOf":{"@id":"https:\/\/www.urbidermis.com\/fr\/#website"},"primaryImageOfPage":{"@id":"https:\/\/www.urbidermis.com\/fr\/mobilier-urbain\/rambla\/#primaryimage"},"image":{"@id":"https:\/\/www.urbidermis.com\/fr\/mobilier-urbain\/rambla\/#primaryimage"},"thumbnailUrl":"https:\/\/www.urbidermis.com\/wp-content\/uploads\/20141003_RAP_01-copia.jpg","datePublished":"2022-03-01T11:32:43+00:00","dateModified":"2026-04-10T10:49:19+00:00","breadcrumb":{"@id":"https:\/\/www.urbidermis.com\/fr\/mobilier-urbain\/rambla\/#breadcrumb"},"inLanguage":"fr-FR","potentialAction":[{"@type":"ReadAction","target":["https:\/\/www.urbidermis.com\/fr\/mobilier-urbain\/rambla\/"]}]},{"@type":"ImageObject","inLanguage":"fr-FR","@id":"https:\/\/www.urbidermis.com\/fr\/mobilier-urbain\/rambla\/#primaryimage","url":"https:\/\/www.urbidermis.com\/wp-content\/uploads\/20141003_RAP_01-copia.jpg","contentUrl":"https:\/\/www.urbidermis.com\/wp-content\/uploads\/20141003_RAP_01-copia.jpg","width":771,"height":1080},{"@type":"BreadcrumbList","@id":"https:\/\/www.urbidermis.com\/fr\/mobilier-urbain\/rambla\/#breadcrumb","itemListElement":[{"@type":"ListItem","position":1,"name":"Home","item":"https:\/\/www.urbidermis.com\/fr\/"},{"@type":"ListItem","position":2,"name":"Produits","item":"https:\/\/www.urbidermis.com\/fr\/produits\/"},{"@type":"ListItem","position":3,"name":"Rambla"}]},{"@type":"WebSite","@id":"https:\/\/www.urbidermis.com\/fr\/#website","url":"https:\/\/www.urbidermis.com\/fr\/","name":"Urbidermis","description":"Especialistas en la ciudad","publisher":{"@id":"https:\/\/www.urbidermis.com\/fr\/#organization"},"potentialAction":[{"@type":"SearchAction","target":{"@type":"EntryPoint","urlTemplate":"https:\/\/www.urbidermis.com\/fr\/?s={search_term_string}"},"query-input":"required name=search_term_string"}],"inLanguage":"fr-FR"},{"@type":"Organization","@id":"https:\/\/www.urbidermis.com\/fr\/#organization","name":"Urbidermis","url":"https:\/\/www.urbidermis.com\/fr\/","logo":{"@type":"ImageObject","inLanguage":"fr-FR","@id":"https:\/\/www.urbidermis.com\/fr\/#\/schema\/logo\/image\/","url":"https:\/\/www.urbidermis.com\/wp-content\/uploads\/logo_urbdermis-1.png","contentUrl":"https:\/\/www.urbidermis.com\/wp-content\/uploads\/logo_urbdermis-1.png","width":601,"height":1033,"caption":"Urbidermis"},"image":{"@id":"https:\/\/www.urbidermis.com\/fr\/#\/schema\/logo\/image\/"}}]}},"_links":{"self":[{"href":"https:\/\/www.urbidermis.com\/fr\/wp-json\/wp\/v2\/product\/9021"}],"collection":[{"href":"https:\/\/www.urbidermis.com\/fr\/wp-json\/wp\/v2\/product"}],"about":[{"href":"https:\/\/www.urbidermis.com\/fr\/wp-json\/wp\/v2\/types\/product"}],"acf:post":[{"embeddable":true,"href":"https:\/\/www.urbidermis.com\/fr\/wp-json\/wp\/v2\/autores\/10303"},{"embeddable":true,"href":"https:\/\/www.urbidermis.com\/fr\/wp-json\/wp\/v2\/autores\/10699"}],"wp:featuredmedia":[{"embeddable":true,"href":"https:\/\/www.urbidermis.com\/fr\/wp-json\/wp\/v2\/media\/9006"}],"wp:attachment":[{"href":"https:\/\/www.urbidermis.com\/fr\/wp-json\/wp\/v2\/media?parent=9021"}],"wp:term":[{"taxonomy":"product_cat","embeddable":true,"href":"https:\/\/www.urbidermis.com\/fr\/wp-json\/wp\/v2\/product_cat?post=9021"},{"taxonomy":"product_tag","embeddable":true,"href":"https:\/\/www.urbidermis.com\/fr\/wp-json\/wp\/v2\/product_tag?post=9021"}],"curies":[{"name":"wp","href":"https:\/\/api.w.org\/{rel}","templated":true}]}}