


{"id":9874,"date":"2022-03-01T10:28:59","date_gmt":"2022-03-01T10:28:59","guid":{"rendered":"https:\/\/ubweb21.urbidermis.com\/non%20class\u00e9\/latina\/"},"modified":"2026-04-08T10:58:42","modified_gmt":"2026-04-08T08:58:42","slug":"latina","status":"publish","type":"product","link":"https:\/\/www.urbidermis.com\/fr\/eclairage-urbain\/latina\/","title":{"rendered":"Latina"},"content":{"rendered":"","protected":false},"excerpt":{"rendered":"<p>Lampadaire d&rsquo;une grande beaut\u00e9 plastique pour l&rsquo;\u00e9clairage de grands espaces urbains. En forme de voile latine, il \u00e9voque les grues des quais portuaires, se constituant comme un \u00e9l\u00e9ment puissant \u00e0 forte pr\u00e9sence visuelle et utilitaire en accord avec ses dimensions.<\/p>\n","protected":false},"featured_media":8167,"template":"","meta":{"_acf_changed":false,"inline_featured_image":false},"product_cat":[121,260],"product_tag":[],"acf":{"activador_seccion_impacto_acvs_secctions_acvs":true,"texto_enlace_amplifyapp":"Latina_Urban_lighting","codigos_acvs_matching_row-leds":[{"texto_pestana_item_fetch":"","codigo_item_fetch":"LTFL15"}],"activator_acf_option_madera_text":false,"texto_bajo_btn_certificados":"","check_para_validar_no_secc_aplication":true,"is_protocolo_y_control_generic":true,"is_producto_residencial_para_mostrar_info_diferente":false,"is_plano_de_cotas_validator":true,"galeria_multidimension_imagenes_plano_de_cotas_proyector":[{"texto_pestana_plano_galeria":"Lampadaire","imagen_plano_de_cotas":"[link_wp_dam_url ids=\"14491\"]"}],"premios_producto_repeater":null,"participantes":"","autores":[10747],"ano_creacion_producto":"1998","validacion_producto_descarga":true,"galeria_imagenes_repeater_libro":[{"imagen_item_gal":"[link_wp_dam_url ids=\"7990\"]","activar_video_item_gal":false,"portada_video_item_gal":null,"video_en_horizonal_item_gal":false,"video_item_gal":false},{"imagen_item_gal":"[link_wp_dam_url ids=\"7372\"]","activar_video_item_gal":false,"portada_video_item_gal":null,"video_en_horizonal_item_gal":false,"video_item_gal":false},{"imagen_item_gal":"[link_wp_dam_url ids=\"14969\"]","activar_video_item_gal":false,"portada_video_item_gal":null,"video_en_horizonal_item_gal":false,"video_item_gal":false},{"imagen_item_gal":"[link_wp_dam_url ids=\"14970\"]","activar_video_item_gal":false,"portada_video_item_gal":null,"video_en_horizonal_item_gal":false,"video_item_gal":false},{"imagen_item_gal":"[link_wp_dam_url ids=\"14971\"]","activar_video_item_gal":false,"portada_video_item_gal":null,"video_en_horizonal_item_gal":false,"video_item_gal":false}],"secciones_producto":[{"acf_fc_layout":"seccion_navtabs_imagen_dinamica","title_group":{"title_tag":"h2","title_txt":"Pr\u00e9sence et fonctionnalit\u00e9"},"texto_intro_principal":true,"texto_introductorio":"Il se compose de deux parties facilement reconnaissables : un f\u00fbt bifide et deux tubes, dont l'un agit comme support pour jusqu'\u00e0 5 projecteurs Arne et l'autre comme un tirant qui donne de la stabilit\u00e9 \u00e0 l'ensemble. Le lampadaire Latina met en exergue l'espace urbain avec une notabilit\u00e9 fonctionnelle.","ventanas_detalles_producto":[{"title_group_producto_grid_single":{"title_tag":"h2","title_txt":"Mat\u00e9riaux"},"imagen_de_fondo_dinamic_single_producto":"","texto_contenido_ventana":true,"contenido_tabs_producto":"<ul>\r\n \t<li>Projecteur EN-AC-47100 en aluminium anodis\u00e9\u00a0<span class=\"ui-provider ee awy awz axa axb axc axd axe axf axg axh axi axj axk axl axm axn axo axp axq axr axs axt axu axv axw axx axy axz aya ayb ayc ayd aye ayf\" dir=\"ltr\">inject\u00e9<\/span> avec finition par poudrage.<\/li>\r\n \t<li>R\u00e9flecteur int\u00e9rieur en plastique ABS-PC.<\/li>\r\n \t<li>Diffuseur en verre optique tremp\u00e9.<\/li>\r\n \t<li>Quincaillerie en acier inoxydable A2 et presse-\u00e9toupe m\u00e9tallique.<\/li>\r\n \t<li>F\u00fbt en acier Corten de 7 m de haut avec une base de section rectangulaire et un tron\u00e7on sup\u00e9rieur de section bifide.<\/li>\r\n \t<li>Support pour cinq projecteurs en tube de section rectangulaire en acier galvanis\u00e9 \u00e0 chaud.<\/li>\r\n \t<li>Tirant de tube rond en acier galvanis\u00e9 \u00e0 chaud. Unions en acier inoxydable.<\/li>\r\n<\/ul>","acordion":false,"preguntas_y_respuestas":null,"cuadricula_de_colores":false,"componentes_producto":null,"descargables":false,"tipo_datasheet":"simple","datasheet":null,"datasheet_multiple":null,"tipo_instrucciones":"simple","instructions":null,"instructions_multiple":null,"drawings_ce":null,"2d_cad":null,"3d_cad":null,"revit":null,"ldt_photometric_files":null,"ies_photometric_files":null,"validador_detalles_producto":false,"tipo_especificacion":"distribucion"},{"title_group_producto_grid_single":{"title_tag":"h2","title_txt":"Finitions"},"imagen_de_fondo_dinamic_single_producto":"","texto_contenido_ventana":true,"contenido_tabs_producto":"Les couleurs pr\u00e9sent\u00e9es sont purement indicatives.\r\nAutres couleurs sur demande.\r\nConsulter les finitions pour les environnements marins.","acordion":false,"preguntas_y_respuestas":null,"cuadricula_de_colores":true,"componentes_producto":[{"nombre_componente":"Projecteur","colores":["gris_claro"]},{"nombre_componente":"Colonne","colores":["acero-corten"]},{"nombre_componente":"Support","colores":["acero-galvanizado"]}],"descargables":false,"tipo_datasheet":"simple","datasheet":null,"datasheet_multiple":null,"tipo_instrucciones":"simple","instructions":null,"instructions_multiple":null,"drawings_ce":null,"2d_cad":null,"3d_cad":null,"revit":null,"ldt_photometric_files":null,"ies_photometric_files":null,"validador_detalles_producto":false,"tipo_especificacion":""},{"title_group_producto_grid_single":{"title_tag":"h2","title_txt":"Source lumineuse"},"imagen_de_fondo_dinamic_single_producto":"","texto_contenido_ventana":true,"contenido_tabs_producto":"<p class=\"p1\"><strong>Puissance du syst\u00e8me (W)<\/strong><\/p>\r\n<p class=\"p2\">Unit\u00e9 optique \u00e0 haute efficacit\u00e9<\/p>\r\n\r\n<ul>\r\n \t<li class=\"p3\">36 LEDs 5x56W<\/li>\r\n<\/ul>\r\n&nbsp;\r\n<p class=\"p1\"><strong>Courant de fonctionnement (mA)<\/strong><\/p>\r\n\r\n<ul>\r\n \t<li class=\"p3\">500<\/li>\r\n<\/ul>\r\n&nbsp;\r\n<p class=\"p1\"><strong>Temp\u00e9rature de couleur (K)<\/strong><\/p>\r\n\r\n<ul>\r\n \t<li class=\"p2\">3000 IRC min80<\/li>\r\n<\/ul>\r\n&nbsp;\r\n\r\n<strong>Dur\u00e9e de vie<\/strong>\r\n<p class=\"p1\">TM21 L90 (10k) &gt; 100 000 h<\/p>","acordion":false,"preguntas_y_respuestas":null,"cuadricula_de_colores":false,"componentes_producto":null,"descargables":false,"tipo_datasheet":"simple","datasheet":null,"datasheet_multiple":null,"tipo_instrucciones":"simple","instructions":null,"instructions_multiple":null,"drawings_ce":null,"2d_cad":null,"3d_cad":null,"revit":null,"ldt_photometric_files":null,"ies_photometric_files":null,"validador_detalles_producto":false,"tipo_especificacion":"control"},{"title_group_producto_grid_single":{"title_tag":"h2","title_txt":"Plan cot\u00e9"},"imagen_de_fondo_dinamic_single_producto":"","texto_contenido_ventana":false,"contenido_tabs_producto":"SV 0,24m<sup>2<\/sup>","acordion":false,"preguntas_y_respuestas":null,"cuadricula_de_colores":false,"componentes_producto":null,"descargables":false,"tipo_datasheet":"simple","datasheet":null,"datasheet_multiple":null,"tipo_instrucciones":"simple","instructions":null,"instructions_multiple":null,"drawings_ce":null,"2d_cad":null,"3d_cad":null,"revit":null,"ldt_photometric_files":null,"ies_photometric_files":null,"validador_detalles_producto":false,"tipo_especificacion":"certificados"},{"title_group_producto_grid_single":{"title_tag":"h2","title_txt":"Distributions"},"imagen_de_fondo_dinamic_single_producto":"","texto_contenido_ventana":false,"contenido_tabs_producto":"","acordion":false,"preguntas_y_respuestas":null,"cuadricula_de_colores":false,"componentes_producto":null,"descargables":false,"tipo_datasheet":"simple","datasheet":null,"datasheet_multiple":null,"tipo_instrucciones":"simple","instructions":null,"instructions_multiple":null,"drawings_ce":null,"2d_cad":null,"3d_cad":null,"revit":null,"ldt_photometric_files":null,"ies_photometric_files":null,"validador_detalles_producto":true,"tipo_especificacion":"distribucion"},{"title_group_producto_grid_single":{"title_tag":"h2","title_txt":"Protocoles et contr\u00f4le"},"imagen_de_fondo_dinamic_single_producto":"","texto_contenido_ventana":true,"contenido_tabs_producto":"Double niveau par ligne de commande.\r\n\r\nFlux Header.\r\n\r\nProgrammation.","acordion":false,"preguntas_y_respuestas":null,"cuadricula_de_colores":false,"componentes_producto":[{"nombre_componente":"Projecteur","colores":["gris_claro"]},{"nombre_componente":"Colonne","colores":["acero-corten"]},{"nombre_componente":"Support","colores":["acero-galvanizado"]}],"descargables":false,"tipo_datasheet":"simple","datasheet":null,"datasheet_multiple":null,"tipo_instrucciones":"simple","instructions":null,"instructions_multiple":null,"drawings_ce":null,"2d_cad":null,"3d_cad":null,"revit":null,"ldt_photometric_files":null,"ies_photometric_files":null,"validador_detalles_producto":true,"tipo_especificacion":"control"},{"title_group_producto_grid_single":{"title_tag":"h2","title_txt":"Installation"},"imagen_de_fondo_dinamic_single_producto":"","texto_contenido_ventana":true,"contenido_tabs_producto":"<ul>\r\n \t<li>Fixation de la colonne au moyen d'un cube en b\u00e9ton arm\u00e9 avec une fente pour le raccordement \u00e9lectrique r\u00e9alis\u00e9 sur place et des boulons d'ancrage, \u00e0 24 cm sous le niveau de la chauss\u00e9e.<\/li>\r\n \t<li>L'\u00e9l\u00e9ment est fourni d\u00e9mont\u00e9 en quatre composants : colonne, support, tirant et projecteurs.<\/li>\r\n \t<li>Instructions d'installation et de montage, visserie, gabarit et boulons d'ancrage inclus.<\/li>\r\n<\/ul>","acordion":false,"preguntas_y_respuestas":null,"cuadricula_de_colores":false,"componentes_producto":null,"descargables":false,"tipo_datasheet":"simple","datasheet":null,"datasheet_multiple":null,"tipo_instrucciones":"simple","instructions":null,"instructions_multiple":null,"drawings_ce":null,"2d_cad":null,"3d_cad":null,"revit":null,"ldt_photometric_files":null,"ies_photometric_files":null,"validador_detalles_producto":false,"tipo_especificacion":""},{"title_group_producto_grid_single":{"title_tag":"h2","title_txt":"Maintenance"},"imagen_de_fondo_dinamic_single_producto":"","texto_contenido_ventana":true,"contenido_tabs_producto":"<ul>\r\n \t<li>Comprend une soupape de compensation de pression et un parasurtenseur de 10 kV (CE).<\/li>\r\n \t<li>Nettoyer avec des produits de nettoyage au pH neutre, sans alcool et non abrasifs.<\/li>\r\n<\/ul>","acordion":false,"preguntas_y_respuestas":null,"cuadricula_de_colores":false,"componentes_producto":null,"descargables":false,"tipo_datasheet":"simple","datasheet":null,"datasheet_multiple":null,"tipo_instrucciones":"simple","instructions":null,"instructions_multiple":null,"drawings_ce":null,"2d_cad":null,"3d_cad":null,"revit":null,"ldt_photometric_files":null,"ies_photometric_files":null,"validador_detalles_producto":false,"tipo_especificacion":""},{"title_group_producto_grid_single":{"title_tag":"h2","title_txt":"Certificats"},"imagen_de_fondo_dinamic_single_producto":"","texto_contenido_ventana":true,"contenido_tabs_producto":"Lampadaire: 895\r\n\r\n*<u>Poids approximatif sans emballage (kg)<\/u>","acordion":false,"preguntas_y_respuestas":null,"cuadricula_de_colores":false,"componentes_producto":null,"descargables":false,"tipo_datasheet":"simple","datasheet":null,"datasheet_multiple":null,"tipo_instrucciones":"simple","instructions":null,"instructions_multiple":null,"drawings_ce":null,"2d_cad":null,"3d_cad":null,"revit":null,"ldt_photometric_files":null,"ies_photometric_files":null,"validador_detalles_producto":true,"tipo_especificacion":"certificados"},{"title_group_producto_grid_single":{"title_tag":"h2","title_txt":"Poids"},"imagen_de_fondo_dinamic_single_producto":"","texto_contenido_ventana":true,"contenido_tabs_producto":"Lampadaire: 895\r\n\r\n*Poids approximatif sans emballage (kg)","acordion":false,"preguntas_y_respuestas":null,"cuadricula_de_colores":false,"componentes_producto":null,"descargables":false,"tipo_datasheet":"simple","datasheet":null,"datasheet_multiple":null,"tipo_instrucciones":"simple","instructions":null,"instructions_multiple":null,"drawings_ce":null,"2d_cad":null,"3d_cad":null,"revit":null,"ldt_photometric_files":null,"ies_photometric_files":null,"validador_detalles_producto":false,"tipo_especificacion":"certificados"}]},{"acf_fc_layout":"seccion_navtabs_imagen_dinamica","title_group":{"title_tag":"h2","title_txt":"T\u00e9l\u00e9chargeables"},"texto_intro_principal":false,"texto_introductorio":"","ventanas_detalles_producto":[{"title_group_producto_grid_single":{"title_tag":"h2","title_txt":""},"imagen_de_fondo_dinamic_single_producto":"[link_wp_dam_url ids=\"8057\"]","texto_contenido_ventana":false,"contenido_tabs_producto":"","acordion":false,"preguntas_y_respuestas":null,"cuadricula_de_colores":false,"componentes_producto":null,"descargables":true,"tipo_datasheet":"simple","datasheet":24986,"datasheet_multiple":null,"tipo_instrucciones":"multiple","instructions":11471,"instructions_multiple":[{"instructions_title":"CE","instructions_file":24998},{"instructions_title":"UL","instructions_file":25002}],"drawings_ce":14100,"2d_cad":14231,"3d_cad":13269,"revit":15551,"ldt_photometric_files":"","ies_photometric_files":11484,"validador_detalles_producto":false,"tipo_especificacion":""}]},{"acf_fc_layout":"seccion_consulta_nuestros_expertos","imagen_de_fondo_single_producto":"[link_wp_dam_url ids=\"14984\" size=\"x2400\"]","imagen_de_fondo_single_producto_mobile":"[link_wp_dam_url ids=\"8275\"]"},{"acf_fc_layout":"seccion_imagen_de_fondo_con_sub_menu","titulo_group_list_contet_proyectos":{"title_tag":"h3","title_txt":"Latina dans la ville"},"ancla_copy2":"","proyectos_relacionados":[{"project":10926,"project_img":"[link_wp_dam_url ids=\"12902\"]"},{"project":7331,"project_img":"[link_wp_dam_url ids=\"12901\"]"},{"project":7734,"project_img":"[link_wp_dam_url ids=\"12903\"]"},{"project":7943,"project_img":"[link_wp_dam_url ids=\"12900\"]"}]}],"dist_simetrica":["wideflood"],"dist_asimetrica":"","dist_indirecta":"","dist_suelo":"","control":["1-10v","dali"],"certificados":["ce","ul","rohs","ip66","ik08","clase-i"],"nombre_arbol_entre_comillas":"","nombre_solo_plantas_field":"","isbn_campo_texto":"","autor_book_publicacion_producto":"","idioma_campo_texto":"","enquadernacion_campo_texto":"","_numero_de_paginas_campo_texto":"","pdf_asociado_producto":"","resumen_libro":"","text_content_family_basic_information":"","text_content_family_basic_number_width":"","text_content_family_basic_number_height":"","text_content_planting_density":"","flowers_option_colours":"","flowers_option_season":"","properties_option_pruning":"","properties_option_watering":"","properties_option_sun_exposure":"","properties_option_minimum_temp":"","properties_option_soil_type":"","properties_option_fire":"","properties_option_heat":"","properties_option_moisture":"","properties_option_dryness":"","properties_option_coastal_area":"","texto_introduccion_landing_custom":"","enlace_descubre_mas_custom":"","selecciona_tipo_de_imagen_custom":"","imagen_vertical_custom":"","imagen_horizontal_custom":"","opciones_de_texto_1":true,"opciones_de_texto_2":"acabado_standar","opciones_de_texto_3":""},"yoast_head":"<!-- This site is optimized with the Yoast SEO plugin v22.8 - https:\/\/yoast.com\/wordpress\/plugins\/seo\/ -->\n<title>Latina - Urbidermis<\/title>\n<meta name=\"robots\" content=\"index, follow, max-snippet:-1, max-image-preview:large, max-video-preview:-1\" \/>\n<link rel=\"canonical\" href=\"https:\/\/www.urbidermis.com\/fr\/eclairage-urbain\/latina\/\" \/>\n<meta property=\"og:locale\" content=\"fr_FR\" \/>\n<meta property=\"og:type\" content=\"article\" \/>\n<meta property=\"og:title\" content=\"Latina - Urbidermis\" \/>\n<meta property=\"og:description\" content=\"Lampadaire d&#039;une grande beaut\u00e9 plastique pour l&#039;\u00e9clairage de grands espaces urbains. En forme de voile latine, il \u00e9voque les grues des quais portuaires, se constituant comme un \u00e9l\u00e9ment puissant \u00e0 forte pr\u00e9sence visuelle et utilitaire en accord avec ses dimensions.\" \/>\n<meta property=\"og:url\" content=\"https:\/\/www.urbidermis.com\/fr\/eclairage-urbain\/latina\/\" \/>\n<meta property=\"og:site_name\" content=\"Urbidermis\" \/>\n<meta property=\"article:modified_time\" content=\"2026-04-08T08:58:42+00:00\" \/>\n<meta property=\"og:image\" content=\"https:\/\/www.urbidermis.com\/wp-content\/uploads\/20190423_Spain_Malaga_Bulevar_Pablo_Raez_LTF_Jesus_Granada_03.jpg\" \/>\n\t<meta property=\"og:image:width\" content=\"1372\" \/>\n\t<meta property=\"og:image:height\" content=\"1920\" \/>\n\t<meta property=\"og:image:type\" content=\"image\/jpeg\" \/>\n<meta name=\"twitter:card\" content=\"summary_large_image\" \/>\n<script type=\"application\/ld+json\" class=\"yoast-schema-graph\">{\"@context\":\"https:\/\/schema.org\",\"@graph\":[{\"@type\":\"WebPage\",\"@id\":\"https:\/\/www.urbidermis.com\/fr\/eclairage-urbain\/latina\/\",\"url\":\"https:\/\/www.urbidermis.com\/fr\/eclairage-urbain\/latina\/\",\"name\":\"Latina - Urbidermis\",\"isPartOf\":{\"@id\":\"https:\/\/www.urbidermis.com\/fr\/#website\"},\"primaryImageOfPage\":{\"@id\":\"https:\/\/www.urbidermis.com\/fr\/eclairage-urbain\/latina\/#primaryimage\"},\"image\":{\"@id\":\"https:\/\/www.urbidermis.com\/fr\/eclairage-urbain\/latina\/#primaryimage\"},\"thumbnailUrl\":\"https:\/\/www.urbidermis.com\/wp-content\/uploads\/20190423_Spain_Malaga_Bulevar_Pablo_Raez_LTF_Jesus_Granada_03.jpg\",\"datePublished\":\"2022-03-01T10:28:59+00:00\",\"dateModified\":\"2026-04-08T08:58:42+00:00\",\"breadcrumb\":{\"@id\":\"https:\/\/www.urbidermis.com\/fr\/eclairage-urbain\/latina\/#breadcrumb\"},\"inLanguage\":\"fr-FR\",\"potentialAction\":[{\"@type\":\"ReadAction\",\"target\":[\"https:\/\/www.urbidermis.com\/fr\/eclairage-urbain\/latina\/\"]}]},{\"@type\":\"ImageObject\",\"inLanguage\":\"fr-FR\",\"@id\":\"https:\/\/www.urbidermis.com\/fr\/eclairage-urbain\/latina\/#primaryimage\",\"url\":\"https:\/\/www.urbidermis.com\/wp-content\/uploads\/20190423_Spain_Malaga_Bulevar_Pablo_Raez_LTF_Jesus_Granada_03.jpg\",\"contentUrl\":\"https:\/\/www.urbidermis.com\/wp-content\/uploads\/20190423_Spain_Malaga_Bulevar_Pablo_Raez_LTF_Jesus_Granada_03.jpg\",\"width\":1372,\"height\":1920},{\"@type\":\"BreadcrumbList\",\"@id\":\"https:\/\/www.urbidermis.com\/fr\/eclairage-urbain\/latina\/#breadcrumb\",\"itemListElement\":[{\"@type\":\"ListItem\",\"position\":1,\"name\":\"Home\",\"item\":\"https:\/\/www.urbidermis.com\/fr\/\"},{\"@type\":\"ListItem\",\"position\":2,\"name\":\"Produits\",\"item\":\"https:\/\/www.urbidermis.com\/fr\/produits\/\"},{\"@type\":\"ListItem\",\"position\":3,\"name\":\"Latina\"}]},{\"@type\":\"WebSite\",\"@id\":\"https:\/\/www.urbidermis.com\/fr\/#website\",\"url\":\"https:\/\/www.urbidermis.com\/fr\/\",\"name\":\"Urbidermis\",\"description\":\"Especialistas en la ciudad\",\"publisher\":{\"@id\":\"https:\/\/www.urbidermis.com\/fr\/#organization\"},\"potentialAction\":[{\"@type\":\"SearchAction\",\"target\":{\"@type\":\"EntryPoint\",\"urlTemplate\":\"https:\/\/www.urbidermis.com\/fr\/?s={search_term_string}\"},\"query-input\":\"required name=search_term_string\"}],\"inLanguage\":\"fr-FR\"},{\"@type\":\"Organization\",\"@id\":\"https:\/\/www.urbidermis.com\/fr\/#organization\",\"name\":\"Urbidermis\",\"url\":\"https:\/\/www.urbidermis.com\/fr\/\",\"logo\":{\"@type\":\"ImageObject\",\"inLanguage\":\"fr-FR\",\"@id\":\"https:\/\/www.urbidermis.com\/fr\/#\/schema\/logo\/image\/\",\"url\":\"https:\/\/www.urbidermis.com\/wp-content\/uploads\/logo_urbdermis-1.png\",\"contentUrl\":\"https:\/\/www.urbidermis.com\/wp-content\/uploads\/logo_urbdermis-1.png\",\"width\":601,\"height\":1033,\"caption\":\"Urbidermis\"},\"image\":{\"@id\":\"https:\/\/www.urbidermis.com\/fr\/#\/schema\/logo\/image\/\"}}]}<\/script>\n<!-- \/ Yoast SEO plugin. -->","yoast_head_json":{"title":"Latina - Urbidermis","robots":{"index":"index","follow":"follow","max-snippet":"max-snippet:-1","max-image-preview":"max-image-preview:large","max-video-preview":"max-video-preview:-1"},"canonical":"https:\/\/www.urbidermis.com\/fr\/eclairage-urbain\/latina\/","og_locale":"fr_FR","og_type":"article","og_title":"Latina - Urbidermis","og_description":"Lampadaire d'une grande beaut\u00e9 plastique pour l'\u00e9clairage de grands espaces urbains. En forme de voile latine, il \u00e9voque les grues des quais portuaires, se constituant comme un \u00e9l\u00e9ment puissant \u00e0 forte pr\u00e9sence visuelle et utilitaire en accord avec ses dimensions.","og_url":"https:\/\/www.urbidermis.com\/fr\/eclairage-urbain\/latina\/","og_site_name":"Urbidermis","article_modified_time":"2026-04-08T08:58:42+00:00","og_image":[{"width":1372,"height":1920,"url":"https:\/\/www.urbidermis.com\/wp-content\/uploads\/20190423_Spain_Malaga_Bulevar_Pablo_Raez_LTF_Jesus_Granada_03.jpg","type":"image\/jpeg"}],"twitter_card":"summary_large_image","schema":{"@context":"https:\/\/schema.org","@graph":[{"@type":"WebPage","@id":"https:\/\/www.urbidermis.com\/fr\/eclairage-urbain\/latina\/","url":"https:\/\/www.urbidermis.com\/fr\/eclairage-urbain\/latina\/","name":"Latina - Urbidermis","isPartOf":{"@id":"https:\/\/www.urbidermis.com\/fr\/#website"},"primaryImageOfPage":{"@id":"https:\/\/www.urbidermis.com\/fr\/eclairage-urbain\/latina\/#primaryimage"},"image":{"@id":"https:\/\/www.urbidermis.com\/fr\/eclairage-urbain\/latina\/#primaryimage"},"thumbnailUrl":"https:\/\/www.urbidermis.com\/wp-content\/uploads\/20190423_Spain_Malaga_Bulevar_Pablo_Raez_LTF_Jesus_Granada_03.jpg","datePublished":"2022-03-01T10:28:59+00:00","dateModified":"2026-04-08T08:58:42+00:00","breadcrumb":{"@id":"https:\/\/www.urbidermis.com\/fr\/eclairage-urbain\/latina\/#breadcrumb"},"inLanguage":"fr-FR","potentialAction":[{"@type":"ReadAction","target":["https:\/\/www.urbidermis.com\/fr\/eclairage-urbain\/latina\/"]}]},{"@type":"ImageObject","inLanguage":"fr-FR","@id":"https:\/\/www.urbidermis.com\/fr\/eclairage-urbain\/latina\/#primaryimage","url":"https:\/\/www.urbidermis.com\/wp-content\/uploads\/20190423_Spain_Malaga_Bulevar_Pablo_Raez_LTF_Jesus_Granada_03.jpg","contentUrl":"https:\/\/www.urbidermis.com\/wp-content\/uploads\/20190423_Spain_Malaga_Bulevar_Pablo_Raez_LTF_Jesus_Granada_03.jpg","width":1372,"height":1920},{"@type":"BreadcrumbList","@id":"https:\/\/www.urbidermis.com\/fr\/eclairage-urbain\/latina\/#breadcrumb","itemListElement":[{"@type":"ListItem","position":1,"name":"Home","item":"https:\/\/www.urbidermis.com\/fr\/"},{"@type":"ListItem","position":2,"name":"Produits","item":"https:\/\/www.urbidermis.com\/fr\/produits\/"},{"@type":"ListItem","position":3,"name":"Latina"}]},{"@type":"WebSite","@id":"https:\/\/www.urbidermis.com\/fr\/#website","url":"https:\/\/www.urbidermis.com\/fr\/","name":"Urbidermis","description":"Especialistas en la ciudad","publisher":{"@id":"https:\/\/www.urbidermis.com\/fr\/#organization"},"potentialAction":[{"@type":"SearchAction","target":{"@type":"EntryPoint","urlTemplate":"https:\/\/www.urbidermis.com\/fr\/?s={search_term_string}"},"query-input":"required name=search_term_string"}],"inLanguage":"fr-FR"},{"@type":"Organization","@id":"https:\/\/www.urbidermis.com\/fr\/#organization","name":"Urbidermis","url":"https:\/\/www.urbidermis.com\/fr\/","logo":{"@type":"ImageObject","inLanguage":"fr-FR","@id":"https:\/\/www.urbidermis.com\/fr\/#\/schema\/logo\/image\/","url":"https:\/\/www.urbidermis.com\/wp-content\/uploads\/logo_urbdermis-1.png","contentUrl":"https:\/\/www.urbidermis.com\/wp-content\/uploads\/logo_urbdermis-1.png","width":601,"height":1033,"caption":"Urbidermis"},"image":{"@id":"https:\/\/www.urbidermis.com\/fr\/#\/schema\/logo\/image\/"}}]}},"_links":{"self":[{"href":"https:\/\/www.urbidermis.com\/fr\/wp-json\/wp\/v2\/product\/9874"}],"collection":[{"href":"https:\/\/www.urbidermis.com\/fr\/wp-json\/wp\/v2\/product"}],"about":[{"href":"https:\/\/www.urbidermis.com\/fr\/wp-json\/wp\/v2\/types\/product"}],"acf:post":[{"embeddable":true,"href":"https:\/\/www.urbidermis.com\/fr\/wp-json\/wp\/v2\/autores\/10747"}],"wp:featuredmedia":[{"embeddable":true,"href":"https:\/\/www.urbidermis.com\/fr\/wp-json\/wp\/v2\/media\/8167"}],"wp:attachment":[{"href":"https:\/\/www.urbidermis.com\/fr\/wp-json\/wp\/v2\/media?parent=9874"}],"wp:term":[{"taxonomy":"product_cat","embeddable":true,"href":"https:\/\/www.urbidermis.com\/fr\/wp-json\/wp\/v2\/product_cat?post=9874"},{"taxonomy":"product_tag","embeddable":true,"href":"https:\/\/www.urbidermis.com\/fr\/wp-json\/wp\/v2\/product_tag?post=9874"}],"curies":[{"name":"wp","href":"https:\/\/api.w.org\/{rel}","templated":true}]}}