


{"id":9916,"date":"2022-04-11T08:33:16","date_gmt":"2022-06-29T10:30:00","guid":{"rendered":"https:\/\/ubweb21.urbidermis.com\/?post_type=product&#038;p=9916"},"modified":"2024-09-09T09:37:00","modified_gmt":"2024-09-09T07:37:00","slug":"grevillea-robusta","status":"publish","type":"product","link":"https:\/\/www.urbidermis.com\/fr\/pepiniere-de-belloch-forestal\/grevillea-robusta\/","title":{"rendered":"Grevillea robusta"},"content":{"rendered":"","protected":false},"excerpt":{"rendered":"<p>Esp\u00e8ce d\u2019une grande long\u00e9vit\u00e9, tol\u00e9rante \u00e0 la proximit\u00e9 de la mer et r\u00e9sistante \u00e0 la chaleur, \u00e0 la s\u00e9cheresse et au vent. Floraison abondante, appr\u00e9ci\u00e9e par de nombreux insectes, favorisant la biodiversit\u00e9. Esp\u00e8ce particuli\u00e8rement int\u00e9ressante pour le captage des polluants atmosph\u00e9riques (en particulier les particules en suspension). Son utilisation est recommand\u00e9e uniquement dans les rues avec de larges trottoirs ou les avenues.<\/p>\n","protected":false},"featured_media":9719,"template":"","meta":{"_acf_changed":false,"inline_featured_image":false},"product_cat":[257,256],"product_tag":[],"acf":{"activador_seccion_impacto_acvs_secctions_acvs":false,"texto_enlace_amplifyapp":"","codigos_acvs_matching_row-leds":null,"activator_acf_option_madera_text":false,"texto_bajo_btn_certificados":"","check_para_validar_no_secc_aplication":false,"is_protocolo_y_control_generic":false,"is_producto_residencial_para_mostrar_info_diferente":false,"is_plano_de_cotas_validator":false,"galeria_multidimension_imagenes_plano_de_cotas_proyector":null,"premios_producto_repeater":null,"participantes":"","autores":"","ano_creacion_producto":"","validacion_producto_descarga":false,"galeria_imagenes_repeater_libro":[{"imagen_item_gal":"[link_wp_dam_url ids=\"14052\"]","activar_video_item_gal":false,"portada_video_item_gal":null,"video_en_horizonal_item_gal":false,"video_item_gal":false},{"imagen_item_gal":"[link_wp_dam_url ids=\"14053\"]","activar_video_item_gal":false,"portada_video_item_gal":null,"video_en_horizonal_item_gal":false,"video_item_gal":false},{"imagen_item_gal":"[link_wp_dam_url ids=\"14054\"]","activar_video_item_gal":false,"portada_video_item_gal":null,"video_en_horizonal_item_gal":false,"video_item_gal":false},{"imagen_item_gal":"[link_wp_dam_url ids=\"14055\"]","activar_video_item_gal":false,"portada_video_item_gal":null,"video_en_horizonal_item_gal":false,"video_item_gal":false},{"imagen_item_gal":"[link_wp_dam_url ids=\"14056\"]","activar_video_item_gal":false,"portada_video_item_gal":null,"video_en_horizonal_item_gal":false,"video_item_gal":false}],"secciones_producto":[{"acf_fc_layout":"seccion_especifi_tecnicas_arboles","imagen_asociada_especificaciones_tecnicas":"[link_wp_dam_url ids=\"14050\"]","galeria_elementos_medio":[{"clave_elemento_seleccion":"medio_zona_climatica","texto_elemento_seleccion":"C\u00f4te"},{"clave_elemento_seleccion":"medio_calor","texto_elemento_seleccion":"R\u00e9sistante"},{"clave_elemento_seleccion":"medio_heladas","texto_elemento_seleccion":"Sensible"},{"clave_elemento_seleccion":"medio_sequia","texto_elemento_seleccion":"R\u00e9sistante"},{"clave_elemento_seleccion":"medio_cal","texto_elemento_seleccion":"R\u00e9sistante"},{"clave_elemento_seleccion":"medio_proximidad_de_mar","texto_elemento_seleccion":"R\u00e9sistante"},{"clave_elemento_seleccion":"medio_expocision_solar","texto_elemento_seleccion":"Soleil\/mi-ombre"}],"galeria_elementos_funcion":[{"clave_elemento_seleccion":"funcion_aplicacion","texto_elemento_seleccion":"Avenue"},{"clave_elemento_seleccion":"funcion_hoja","texto_elemento_seleccion":"Type: Persistant\r\nForme: Simple\r\nCouleur: Vert fonc\u00e9"},{"clave_elemento_seleccion":"funcion_flor","texto_elemento_seleccion":"\u00c9poque: Printemps\r\nCouleur: Orange"},{"clave_elemento_seleccion":"funcion_fruto","texto_elemento_seleccion":"\u00c9poque: Automne\r\nCouleur: Noir"}],"galeria_elementos_forma":[{"clave_elemento_seleccion":"forma_altura","texto_elemento_seleccion":"\u00c9lev\u00e9e"},{"clave_elemento_seleccion":"forma_copa","texto_elemento_seleccion":"Large"},{"clave_elemento_seleccion":"forma_porte","texto_elemento_seleccion":"Grande"},{"clave_elemento_seleccion":"forma_fruto","texto_elemento_seleccion":"Ovo\u00efde"}]},{"acf_fc_layout":"seccion_dos_imagenes_centradas","image_izq_center_planta":"[link_wp_dam_url ids=\"14058\"]","image_der_center_planta":"[link_wp_dam_url ids=\"14057\"]"},{"acf_fc_layout":"seccion_consulta_nuestros_expertos","imagen_de_fondo_single_producto":"[link_wp_dam_url ids=\"14051\"]","imagen_de_fondo_single_producto_mobile":"[link_wp_dam_url ids=\"14051\"]"},{"acf_fc_layout":"seccion_navtabs_imagen_dinamica_copia_estatica"}],"dist_simetrica":"","dist_asimetrica":"","dist_indirecta":"","dist_suelo":"","control":"","certificados":"","nombre_arbol_entre_comillas":"","nombre_solo_plantas_field":"Silky oak","isbn_campo_texto":"","autor_book_publicacion_producto":"","idioma_campo_texto":"","enquadernacion_campo_texto":"","_numero_de_paginas_campo_texto":"","pdf_asociado_producto":"","resumen_libro":"","text_content_family_basic_information":"","text_content_family_basic_number_width":"","text_content_family_basic_number_height":"","text_content_planting_density":"","flowers_option_colours":"","flowers_option_season":"","properties_option_pruning":"","properties_option_watering":"","properties_option_sun_exposure":"","properties_option_minimum_temp":"","properties_option_soil_type":"","properties_option_fire":"","properties_option_heat":"","properties_option_moisture":"","properties_option_dryness":"","properties_option_coastal_area":"","texto_introduccion_landing_custom":"","enlace_descubre_mas_custom":null,"selecciona_tipo_de_imagen_custom":[],"imagen_vertical_custom":"","imagen_horizontal_custom":"","opciones_de_texto_1":true,"opciones_de_texto_2":"","opciones_de_texto_3":[]},"yoast_head":"<!-- This site is optimized with the Yoast SEO plugin v22.8 - https:\/\/yoast.com\/wordpress\/plugins\/seo\/ -->\n<title>Grevillea robusta - Urbidermis<\/title>\n<meta name=\"robots\" content=\"index, follow, max-snippet:-1, max-image-preview:large, max-video-preview:-1\" \/>\n<link rel=\"canonical\" href=\"https:\/\/www.urbidermis.com\/fr\/pepiniere-de-belloch-forestal\/grevillea-robusta\/\" \/>\n<meta property=\"og:locale\" content=\"fr_FR\" \/>\n<meta property=\"og:type\" content=\"article\" \/>\n<meta property=\"og:title\" content=\"Grevillea robusta - Urbidermis\" \/>\n<meta property=\"og:description\" content=\"Esp\u00e8ce d\u2019une grande long\u00e9vit\u00e9, tol\u00e9rante \u00e0 la proximit\u00e9 de la mer et r\u00e9sistante \u00e0 la chaleur, \u00e0 la s\u00e9cheresse et au vent. Floraison abondante, appr\u00e9ci\u00e9e par de nombreux insectes, favorisant la biodiversit\u00e9. Esp\u00e8ce particuli\u00e8rement int\u00e9ressante pour le captage des polluants atmosph\u00e9riques (en particulier les particules en suspension). Son utilisation est recommand\u00e9e uniquement dans les rues avec de larges trottoirs ou les avenues.\" \/>\n<meta property=\"og:url\" content=\"https:\/\/www.urbidermis.com\/fr\/pepiniere-de-belloch-forestal\/grevillea-robusta\/\" \/>\n<meta property=\"og:site_name\" content=\"Urbidermis\" \/>\n<meta property=\"article:modified_time\" content=\"2024-09-09T07:37:00+00:00\" \/>\n<meta property=\"og:image\" content=\"https:\/\/www.urbidermis.com\/wp-content\/uploads\/20220405_Spain_Barcelona_Belloch_GRR_Equipo_Urbidermis_11.jpg\" \/>\n\t<meta property=\"og:image:width\" content=\"1000\" \/>\n\t<meta property=\"og:image:height\" content=\"1400\" \/>\n\t<meta property=\"og:image:type\" content=\"image\/jpeg\" \/>\n<meta name=\"twitter:card\" content=\"summary_large_image\" \/>\n<script type=\"application\/ld+json\" class=\"yoast-schema-graph\">{\"@context\":\"https:\/\/schema.org\",\"@graph\":[{\"@type\":\"WebPage\",\"@id\":\"https:\/\/www.urbidermis.com\/fr\/pepiniere-de-belloch-forestal\/grevillea-robusta\/\",\"url\":\"https:\/\/www.urbidermis.com\/fr\/pepiniere-de-belloch-forestal\/grevillea-robusta\/\",\"name\":\"Grevillea robusta - Urbidermis\",\"isPartOf\":{\"@id\":\"https:\/\/www.urbidermis.com\/fr\/#website\"},\"primaryImageOfPage\":{\"@id\":\"https:\/\/www.urbidermis.com\/fr\/pepiniere-de-belloch-forestal\/grevillea-robusta\/#primaryimage\"},\"image\":{\"@id\":\"https:\/\/www.urbidermis.com\/fr\/pepiniere-de-belloch-forestal\/grevillea-robusta\/#primaryimage\"},\"thumbnailUrl\":\"https:\/\/www.urbidermis.com\/wp-content\/uploads\/20220405_Spain_Barcelona_Belloch_GRR_Equipo_Urbidermis_11.jpg\",\"datePublished\":\"2022-06-29T10:30:00+00:00\",\"dateModified\":\"2024-09-09T07:37:00+00:00\",\"breadcrumb\":{\"@id\":\"https:\/\/www.urbidermis.com\/fr\/pepiniere-de-belloch-forestal\/grevillea-robusta\/#breadcrumb\"},\"inLanguage\":\"fr-FR\",\"potentialAction\":[{\"@type\":\"ReadAction\",\"target\":[\"https:\/\/www.urbidermis.com\/fr\/pepiniere-de-belloch-forestal\/grevillea-robusta\/\"]}]},{\"@type\":\"ImageObject\",\"inLanguage\":\"fr-FR\",\"@id\":\"https:\/\/www.urbidermis.com\/fr\/pepiniere-de-belloch-forestal\/grevillea-robusta\/#primaryimage\",\"url\":\"https:\/\/www.urbidermis.com\/wp-content\/uploads\/20220405_Spain_Barcelona_Belloch_GRR_Equipo_Urbidermis_11.jpg\",\"contentUrl\":\"https:\/\/www.urbidermis.com\/wp-content\/uploads\/20220405_Spain_Barcelona_Belloch_GRR_Equipo_Urbidermis_11.jpg\",\"width\":1000,\"height\":1400},{\"@type\":\"BreadcrumbList\",\"@id\":\"https:\/\/www.urbidermis.com\/fr\/pepiniere-de-belloch-forestal\/grevillea-robusta\/#breadcrumb\",\"itemListElement\":[{\"@type\":\"ListItem\",\"position\":1,\"name\":\"Home\",\"item\":\"https:\/\/www.urbidermis.com\/fr\/\"},{\"@type\":\"ListItem\",\"position\":2,\"name\":\"Produits\",\"item\":\"https:\/\/www.urbidermis.com\/fr\/produits\/\"},{\"@type\":\"ListItem\",\"position\":3,\"name\":\"Grevillea robusta\"}]},{\"@type\":\"WebSite\",\"@id\":\"https:\/\/www.urbidermis.com\/fr\/#website\",\"url\":\"https:\/\/www.urbidermis.com\/fr\/\",\"name\":\"Urbidermis\",\"description\":\"Especialistas en la ciudad\",\"publisher\":{\"@id\":\"https:\/\/www.urbidermis.com\/fr\/#organization\"},\"potentialAction\":[{\"@type\":\"SearchAction\",\"target\":{\"@type\":\"EntryPoint\",\"urlTemplate\":\"https:\/\/www.urbidermis.com\/fr\/?s={search_term_string}\"},\"query-input\":\"required name=search_term_string\"}],\"inLanguage\":\"fr-FR\"},{\"@type\":\"Organization\",\"@id\":\"https:\/\/www.urbidermis.com\/fr\/#organization\",\"name\":\"Urbidermis\",\"url\":\"https:\/\/www.urbidermis.com\/fr\/\",\"logo\":{\"@type\":\"ImageObject\",\"inLanguage\":\"fr-FR\",\"@id\":\"https:\/\/www.urbidermis.com\/fr\/#\/schema\/logo\/image\/\",\"url\":\"https:\/\/www.urbidermis.com\/wp-content\/uploads\/logo_urbdermis-1.png\",\"contentUrl\":\"https:\/\/www.urbidermis.com\/wp-content\/uploads\/logo_urbdermis-1.png\",\"width\":601,\"height\":1033,\"caption\":\"Urbidermis\"},\"image\":{\"@id\":\"https:\/\/www.urbidermis.com\/fr\/#\/schema\/logo\/image\/\"}}]}<\/script>\n<!-- \/ Yoast SEO plugin. -->","yoast_head_json":{"title":"Grevillea robusta - Urbidermis","robots":{"index":"index","follow":"follow","max-snippet":"max-snippet:-1","max-image-preview":"max-image-preview:large","max-video-preview":"max-video-preview:-1"},"canonical":"https:\/\/www.urbidermis.com\/fr\/pepiniere-de-belloch-forestal\/grevillea-robusta\/","og_locale":"fr_FR","og_type":"article","og_title":"Grevillea robusta - Urbidermis","og_description":"Esp\u00e8ce d\u2019une grande long\u00e9vit\u00e9, tol\u00e9rante \u00e0 la proximit\u00e9 de la mer et r\u00e9sistante \u00e0 la chaleur, \u00e0 la s\u00e9cheresse et au vent. Floraison abondante, appr\u00e9ci\u00e9e par de nombreux insectes, favorisant la biodiversit\u00e9. Esp\u00e8ce particuli\u00e8rement int\u00e9ressante pour le captage des polluants atmosph\u00e9riques (en particulier les particules en suspension). Son utilisation est recommand\u00e9e uniquement dans les rues avec de larges trottoirs ou les avenues.","og_url":"https:\/\/www.urbidermis.com\/fr\/pepiniere-de-belloch-forestal\/grevillea-robusta\/","og_site_name":"Urbidermis","article_modified_time":"2024-09-09T07:37:00+00:00","og_image":[{"width":1000,"height":1400,"url":"https:\/\/www.urbidermis.com\/wp-content\/uploads\/20220405_Spain_Barcelona_Belloch_GRR_Equipo_Urbidermis_11.jpg","type":"image\/jpeg"}],"twitter_card":"summary_large_image","schema":{"@context":"https:\/\/schema.org","@graph":[{"@type":"WebPage","@id":"https:\/\/www.urbidermis.com\/fr\/pepiniere-de-belloch-forestal\/grevillea-robusta\/","url":"https:\/\/www.urbidermis.com\/fr\/pepiniere-de-belloch-forestal\/grevillea-robusta\/","name":"Grevillea robusta - Urbidermis","isPartOf":{"@id":"https:\/\/www.urbidermis.com\/fr\/#website"},"primaryImageOfPage":{"@id":"https:\/\/www.urbidermis.com\/fr\/pepiniere-de-belloch-forestal\/grevillea-robusta\/#primaryimage"},"image":{"@id":"https:\/\/www.urbidermis.com\/fr\/pepiniere-de-belloch-forestal\/grevillea-robusta\/#primaryimage"},"thumbnailUrl":"https:\/\/www.urbidermis.com\/wp-content\/uploads\/20220405_Spain_Barcelona_Belloch_GRR_Equipo_Urbidermis_11.jpg","datePublished":"2022-06-29T10:30:00+00:00","dateModified":"2024-09-09T07:37:00+00:00","breadcrumb":{"@id":"https:\/\/www.urbidermis.com\/fr\/pepiniere-de-belloch-forestal\/grevillea-robusta\/#breadcrumb"},"inLanguage":"fr-FR","potentialAction":[{"@type":"ReadAction","target":["https:\/\/www.urbidermis.com\/fr\/pepiniere-de-belloch-forestal\/grevillea-robusta\/"]}]},{"@type":"ImageObject","inLanguage":"fr-FR","@id":"https:\/\/www.urbidermis.com\/fr\/pepiniere-de-belloch-forestal\/grevillea-robusta\/#primaryimage","url":"https:\/\/www.urbidermis.com\/wp-content\/uploads\/20220405_Spain_Barcelona_Belloch_GRR_Equipo_Urbidermis_11.jpg","contentUrl":"https:\/\/www.urbidermis.com\/wp-content\/uploads\/20220405_Spain_Barcelona_Belloch_GRR_Equipo_Urbidermis_11.jpg","width":1000,"height":1400},{"@type":"BreadcrumbList","@id":"https:\/\/www.urbidermis.com\/fr\/pepiniere-de-belloch-forestal\/grevillea-robusta\/#breadcrumb","itemListElement":[{"@type":"ListItem","position":1,"name":"Home","item":"https:\/\/www.urbidermis.com\/fr\/"},{"@type":"ListItem","position":2,"name":"Produits","item":"https:\/\/www.urbidermis.com\/fr\/produits\/"},{"@type":"ListItem","position":3,"name":"Grevillea robusta"}]},{"@type":"WebSite","@id":"https:\/\/www.urbidermis.com\/fr\/#website","url":"https:\/\/www.urbidermis.com\/fr\/","name":"Urbidermis","description":"Especialistas en la ciudad","publisher":{"@id":"https:\/\/www.urbidermis.com\/fr\/#organization"},"potentialAction":[{"@type":"SearchAction","target":{"@type":"EntryPoint","urlTemplate":"https:\/\/www.urbidermis.com\/fr\/?s={search_term_string}"},"query-input":"required name=search_term_string"}],"inLanguage":"fr-FR"},{"@type":"Organization","@id":"https:\/\/www.urbidermis.com\/fr\/#organization","name":"Urbidermis","url":"https:\/\/www.urbidermis.com\/fr\/","logo":{"@type":"ImageObject","inLanguage":"fr-FR","@id":"https:\/\/www.urbidermis.com\/fr\/#\/schema\/logo\/image\/","url":"https:\/\/www.urbidermis.com\/wp-content\/uploads\/logo_urbdermis-1.png","contentUrl":"https:\/\/www.urbidermis.com\/wp-content\/uploads\/logo_urbdermis-1.png","width":601,"height":1033,"caption":"Urbidermis"},"image":{"@id":"https:\/\/www.urbidermis.com\/fr\/#\/schema\/logo\/image\/"}}]}},"_links":{"self":[{"href":"https:\/\/www.urbidermis.com\/fr\/wp-json\/wp\/v2\/product\/9916"}],"collection":[{"href":"https:\/\/www.urbidermis.com\/fr\/wp-json\/wp\/v2\/product"}],"about":[{"href":"https:\/\/www.urbidermis.com\/fr\/wp-json\/wp\/v2\/types\/product"}],"wp:featuredmedia":[{"embeddable":true,"href":"https:\/\/www.urbidermis.com\/fr\/wp-json\/wp\/v2\/media\/9719"}],"wp:attachment":[{"href":"https:\/\/www.urbidermis.com\/fr\/wp-json\/wp\/v2\/media?parent=9916"}],"wp:term":[{"taxonomy":"product_cat","embeddable":true,"href":"https:\/\/www.urbidermis.com\/fr\/wp-json\/wp\/v2\/product_cat?post=9916"},{"taxonomy":"product_tag","embeddable":true,"href":"https:\/\/www.urbidermis.com\/fr\/wp-json\/wp\/v2\/product_tag?post=9916"}],"curies":[{"name":"wp","href":"https:\/\/api.w.org\/{rel}","templated":true}]}}