


{"id":9994,"date":"2022-04-11T09:06:37","date_gmt":"2022-04-11T09:06:37","guid":{"rendered":"https:\/\/ubweb21.urbidermis.com\/non%20class\u00e9\/photinia-x-fraseri-red-robin\/"},"modified":"2024-09-09T09:39:43","modified_gmt":"2024-09-09T07:39:43","slug":"photinia-x-fraseri-red-robin","status":"publish","type":"product","link":"https:\/\/www.urbidermis.com\/fr\/pepiniere-de-belloch-forestal\/photinia-x-fraseri-red-robin\/","title":{"rendered":"Photinia x fraseri"},"content":{"rendered":"","protected":false},"excerpt":{"rendered":"<p>Photinia au port arboricole, pr\u00e9sentant une croissance rapide et un contraste de couleur int\u00e9ressant dans la nouvelle v\u00e9g\u00e9tation, plus intense dans les expositions ensoleill\u00e9es. Hybride entre Photinia glabra x Photinia serrulata.<\/p>\n","protected":false},"featured_media":9507,"template":"","meta":{"_acf_changed":false,"inline_featured_image":false},"product_cat":[257,256],"product_tag":[],"acf":{"activador_seccion_impacto_acvs_secctions_acvs":false,"texto_enlace_amplifyapp":"","codigos_acvs_matching_row-leds":null,"activator_acf_option_madera_text":false,"texto_bajo_btn_certificados":"","check_para_validar_no_secc_aplication":false,"is_protocolo_y_control_generic":false,"is_producto_residencial_para_mostrar_info_diferente":false,"is_plano_de_cotas_validator":false,"galeria_multidimension_imagenes_plano_de_cotas_proyector":null,"premios_producto_repeater":null,"participantes":"","autores":"","ano_creacion_producto":"","validacion_producto_descarga":false,"galeria_imagenes_repeater_libro":[{"imagen_item_gal":"[link_wp_dam_url ids=\"14238\"]","activar_video_item_gal":false,"portada_video_item_gal":null,"video_en_horizonal_item_gal":false,"video_item_gal":false},{"imagen_item_gal":"[link_wp_dam_url ids=\"14236\"]","activar_video_item_gal":false,"portada_video_item_gal":null,"video_en_horizonal_item_gal":false,"video_item_gal":false},{"imagen_item_gal":"[link_wp_dam_url ids=\"14239\"]","activar_video_item_gal":false,"portada_video_item_gal":null,"video_en_horizonal_item_gal":false,"video_item_gal":false},{"imagen_item_gal":"[link_wp_dam_url ids=\"14237\"]","activar_video_item_gal":false,"portada_video_item_gal":null,"video_en_horizonal_item_gal":false,"video_item_gal":false}],"secciones_producto":[{"acf_fc_layout":"seccion_especifi_tecnicas_arboles","imagen_asociada_especificaciones_tecnicas":"[link_wp_dam_url ids=\"14240\"]","galeria_elementos_medio":[{"clave_elemento_seleccion":"medio_zona_climatica","texto_elemento_seleccion":"Toutes"},{"clave_elemento_seleccion":"medio_calor","texto_elemento_seleccion":"Tol\u00e9rante"},{"clave_elemento_seleccion":"medio_heladas","texto_elemento_seleccion":"Tol\u00e9rante"},{"clave_elemento_seleccion":"medio_sequia","texto_elemento_seleccion":"Tol\u00e9rante"},{"clave_elemento_seleccion":"medio_cal","texto_elemento_seleccion":"R\u00e9sistante"},{"clave_elemento_seleccion":"medio_proximidad_de_mar","texto_elemento_seleccion":"Tol\u00e9rante"},{"clave_elemento_seleccion":"medio_expocision_solar","texto_elemento_seleccion":"Soleil"}],"galeria_elementos_funcion":[{"clave_elemento_seleccion":"funcion_aplicacion","texto_elemento_seleccion":"Rue"},{"clave_elemento_seleccion":"funcion_hoja","texto_elemento_seleccion":"Type: Persistant\r\nForme: Simple\r\nCouleur: Vert fonc\u00e9"},{"clave_elemento_seleccion":"funcion_flor","texto_elemento_seleccion":"\u00c9poque: Printemps\r\nCouleur: Blanc"},{"clave_elemento_seleccion":"funcion_fruto","texto_elemento_seleccion":"\u00c9poque: Automne\r\nCouleur: Rouge"}],"galeria_elementos_forma":[{"clave_elemento_seleccion":"forma_altura","texto_elemento_seleccion":"Basse"},{"clave_elemento_seleccion":"forma_copa","texto_elemento_seleccion":"\u00c9troite"},{"clave_elemento_seleccion":"forma_porte","texto_elemento_seleccion":"Petite"},{"clave_elemento_seleccion":"forma_fruto","texto_elemento_seleccion":"Sph\u00e9rique"}]},{"acf_fc_layout":"seccion_consulta_nuestros_expertos","imagen_de_fondo_single_producto":"[link_wp_dam_url ids=\"14235\"]","imagen_de_fondo_single_producto_mobile":"[link_wp_dam_url ids=\"14235\"]"},{"acf_fc_layout":"seccion_navtabs_imagen_dinamica_copia_estatica"}],"dist_simetrica":"","dist_asimetrica":"","dist_indirecta":"","dist_suelo":"","control":"","certificados":"","nombre_arbol_entre_comillas":"\"Red Robin\"","nombre_solo_plantas_field":"Fraser's photinia","isbn_campo_texto":"","autor_book_publicacion_producto":"","idioma_campo_texto":"","enquadernacion_campo_texto":"","_numero_de_paginas_campo_texto":"","pdf_asociado_producto":"","resumen_libro":"","text_content_family_basic_information":"","text_content_family_basic_number_width":"","text_content_family_basic_number_height":"","text_content_planting_density":"","flowers_option_colours":"","flowers_option_season":"","properties_option_pruning":"","properties_option_watering":"","properties_option_sun_exposure":"","properties_option_minimum_temp":"","properties_option_soil_type":"","properties_option_fire":"","properties_option_heat":"","properties_option_moisture":"","properties_option_dryness":"","properties_option_coastal_area":"","texto_introduccion_landing_custom":"","enlace_descubre_mas_custom":null,"selecciona_tipo_de_imagen_custom":[],"imagen_vertical_custom":"","imagen_horizontal_custom":"","opciones_de_texto_1":true,"opciones_de_texto_2":"","opciones_de_texto_3":[]},"yoast_head":"<!-- This site is optimized with the Yoast SEO plugin v22.8 - https:\/\/yoast.com\/wordpress\/plugins\/seo\/ -->\n<title>Photinia x fraseri - Urbidermis<\/title>\n<meta name=\"robots\" content=\"index, follow, max-snippet:-1, max-image-preview:large, max-video-preview:-1\" \/>\n<link rel=\"canonical\" href=\"https:\/\/www.urbidermis.com\/fr\/pepiniere-de-belloch-forestal\/photinia-x-fraseri-red-robin\/\" \/>\n<meta property=\"og:locale\" content=\"fr_FR\" \/>\n<meta property=\"og:type\" content=\"article\" \/>\n<meta property=\"og:title\" content=\"Photinia x fraseri - Urbidermis\" \/>\n<meta property=\"og:description\" content=\"Photinia au port arboricole, pr\u00e9sentant une croissance rapide et un contraste de couleur int\u00e9ressant dans la nouvelle v\u00e9g\u00e9tation, plus intense dans les expositions ensoleill\u00e9es. Hybride entre Photinia glabra x Photinia serrulata.\" \/>\n<meta property=\"og:url\" content=\"https:\/\/www.urbidermis.com\/fr\/pepiniere-de-belloch-forestal\/photinia-x-fraseri-red-robin\/\" \/>\n<meta property=\"og:site_name\" content=\"Urbidermis\" \/>\n<meta property=\"article:modified_time\" content=\"2024-09-09T07:39:43+00:00\" \/>\n<meta property=\"og:image\" content=\"https:\/\/www.urbidermis.com\/wp-content\/uploads\/20220405_Spain_Barcelona_Belloch_PIF_Equipo_Urbidermis_12.jpg\" \/>\n\t<meta property=\"og:image:width\" content=\"1000\" \/>\n\t<meta property=\"og:image:height\" content=\"1400\" \/>\n\t<meta property=\"og:image:type\" content=\"image\/jpeg\" \/>\n<meta name=\"twitter:card\" content=\"summary_large_image\" \/>\n<script type=\"application\/ld+json\" class=\"yoast-schema-graph\">{\"@context\":\"https:\/\/schema.org\",\"@graph\":[{\"@type\":\"WebPage\",\"@id\":\"https:\/\/www.urbidermis.com\/fr\/pepiniere-de-belloch-forestal\/photinia-x-fraseri-red-robin\/\",\"url\":\"https:\/\/www.urbidermis.com\/fr\/pepiniere-de-belloch-forestal\/photinia-x-fraseri-red-robin\/\",\"name\":\"Photinia x fraseri - Urbidermis\",\"isPartOf\":{\"@id\":\"https:\/\/www.urbidermis.com\/fr\/#website\"},\"primaryImageOfPage\":{\"@id\":\"https:\/\/www.urbidermis.com\/fr\/pepiniere-de-belloch-forestal\/photinia-x-fraseri-red-robin\/#primaryimage\"},\"image\":{\"@id\":\"https:\/\/www.urbidermis.com\/fr\/pepiniere-de-belloch-forestal\/photinia-x-fraseri-red-robin\/#primaryimage\"},\"thumbnailUrl\":\"https:\/\/www.urbidermis.com\/wp-content\/uploads\/20220405_Spain_Barcelona_Belloch_PIF_Equipo_Urbidermis_12.jpg\",\"datePublished\":\"2022-04-11T09:06:37+00:00\",\"dateModified\":\"2024-09-09T07:39:43+00:00\",\"breadcrumb\":{\"@id\":\"https:\/\/www.urbidermis.com\/fr\/pepiniere-de-belloch-forestal\/photinia-x-fraseri-red-robin\/#breadcrumb\"},\"inLanguage\":\"fr-FR\",\"potentialAction\":[{\"@type\":\"ReadAction\",\"target\":[\"https:\/\/www.urbidermis.com\/fr\/pepiniere-de-belloch-forestal\/photinia-x-fraseri-red-robin\/\"]}]},{\"@type\":\"ImageObject\",\"inLanguage\":\"fr-FR\",\"@id\":\"https:\/\/www.urbidermis.com\/fr\/pepiniere-de-belloch-forestal\/photinia-x-fraseri-red-robin\/#primaryimage\",\"url\":\"https:\/\/www.urbidermis.com\/wp-content\/uploads\/20220405_Spain_Barcelona_Belloch_PIF_Equipo_Urbidermis_12.jpg\",\"contentUrl\":\"https:\/\/www.urbidermis.com\/wp-content\/uploads\/20220405_Spain_Barcelona_Belloch_PIF_Equipo_Urbidermis_12.jpg\",\"width\":1000,\"height\":1400},{\"@type\":\"BreadcrumbList\",\"@id\":\"https:\/\/www.urbidermis.com\/fr\/pepiniere-de-belloch-forestal\/photinia-x-fraseri-red-robin\/#breadcrumb\",\"itemListElement\":[{\"@type\":\"ListItem\",\"position\":1,\"name\":\"Home\",\"item\":\"https:\/\/www.urbidermis.com\/fr\/\"},{\"@type\":\"ListItem\",\"position\":2,\"name\":\"Produits\",\"item\":\"https:\/\/www.urbidermis.com\/fr\/produits\/\"},{\"@type\":\"ListItem\",\"position\":3,\"name\":\"Photinia x fraseri\"}]},{\"@type\":\"WebSite\",\"@id\":\"https:\/\/www.urbidermis.com\/fr\/#website\",\"url\":\"https:\/\/www.urbidermis.com\/fr\/\",\"name\":\"Urbidermis\",\"description\":\"Especialistas en la ciudad\",\"publisher\":{\"@id\":\"https:\/\/www.urbidermis.com\/fr\/#organization\"},\"potentialAction\":[{\"@type\":\"SearchAction\",\"target\":{\"@type\":\"EntryPoint\",\"urlTemplate\":\"https:\/\/www.urbidermis.com\/fr\/?s={search_term_string}\"},\"query-input\":\"required name=search_term_string\"}],\"inLanguage\":\"fr-FR\"},{\"@type\":\"Organization\",\"@id\":\"https:\/\/www.urbidermis.com\/fr\/#organization\",\"name\":\"Urbidermis\",\"url\":\"https:\/\/www.urbidermis.com\/fr\/\",\"logo\":{\"@type\":\"ImageObject\",\"inLanguage\":\"fr-FR\",\"@id\":\"https:\/\/www.urbidermis.com\/fr\/#\/schema\/logo\/image\/\",\"url\":\"https:\/\/www.urbidermis.com\/wp-content\/uploads\/logo_urbdermis-1.png\",\"contentUrl\":\"https:\/\/www.urbidermis.com\/wp-content\/uploads\/logo_urbdermis-1.png\",\"width\":601,\"height\":1033,\"caption\":\"Urbidermis\"},\"image\":{\"@id\":\"https:\/\/www.urbidermis.com\/fr\/#\/schema\/logo\/image\/\"}}]}<\/script>\n<!-- \/ Yoast SEO plugin. -->","yoast_head_json":{"title":"Photinia x fraseri - Urbidermis","robots":{"index":"index","follow":"follow","max-snippet":"max-snippet:-1","max-image-preview":"max-image-preview:large","max-video-preview":"max-video-preview:-1"},"canonical":"https:\/\/www.urbidermis.com\/fr\/pepiniere-de-belloch-forestal\/photinia-x-fraseri-red-robin\/","og_locale":"fr_FR","og_type":"article","og_title":"Photinia x fraseri - Urbidermis","og_description":"Photinia au port arboricole, pr\u00e9sentant une croissance rapide et un contraste de couleur int\u00e9ressant dans la nouvelle v\u00e9g\u00e9tation, plus intense dans les expositions ensoleill\u00e9es. Hybride entre Photinia glabra x Photinia serrulata.","og_url":"https:\/\/www.urbidermis.com\/fr\/pepiniere-de-belloch-forestal\/photinia-x-fraseri-red-robin\/","og_site_name":"Urbidermis","article_modified_time":"2024-09-09T07:39:43+00:00","og_image":[{"width":1000,"height":1400,"url":"https:\/\/www.urbidermis.com\/wp-content\/uploads\/20220405_Spain_Barcelona_Belloch_PIF_Equipo_Urbidermis_12.jpg","type":"image\/jpeg"}],"twitter_card":"summary_large_image","schema":{"@context":"https:\/\/schema.org","@graph":[{"@type":"WebPage","@id":"https:\/\/www.urbidermis.com\/fr\/pepiniere-de-belloch-forestal\/photinia-x-fraseri-red-robin\/","url":"https:\/\/www.urbidermis.com\/fr\/pepiniere-de-belloch-forestal\/photinia-x-fraseri-red-robin\/","name":"Photinia x fraseri - Urbidermis","isPartOf":{"@id":"https:\/\/www.urbidermis.com\/fr\/#website"},"primaryImageOfPage":{"@id":"https:\/\/www.urbidermis.com\/fr\/pepiniere-de-belloch-forestal\/photinia-x-fraseri-red-robin\/#primaryimage"},"image":{"@id":"https:\/\/www.urbidermis.com\/fr\/pepiniere-de-belloch-forestal\/photinia-x-fraseri-red-robin\/#primaryimage"},"thumbnailUrl":"https:\/\/www.urbidermis.com\/wp-content\/uploads\/20220405_Spain_Barcelona_Belloch_PIF_Equipo_Urbidermis_12.jpg","datePublished":"2022-04-11T09:06:37+00:00","dateModified":"2024-09-09T07:39:43+00:00","breadcrumb":{"@id":"https:\/\/www.urbidermis.com\/fr\/pepiniere-de-belloch-forestal\/photinia-x-fraseri-red-robin\/#breadcrumb"},"inLanguage":"fr-FR","potentialAction":[{"@type":"ReadAction","target":["https:\/\/www.urbidermis.com\/fr\/pepiniere-de-belloch-forestal\/photinia-x-fraseri-red-robin\/"]}]},{"@type":"ImageObject","inLanguage":"fr-FR","@id":"https:\/\/www.urbidermis.com\/fr\/pepiniere-de-belloch-forestal\/photinia-x-fraseri-red-robin\/#primaryimage","url":"https:\/\/www.urbidermis.com\/wp-content\/uploads\/20220405_Spain_Barcelona_Belloch_PIF_Equipo_Urbidermis_12.jpg","contentUrl":"https:\/\/www.urbidermis.com\/wp-content\/uploads\/20220405_Spain_Barcelona_Belloch_PIF_Equipo_Urbidermis_12.jpg","width":1000,"height":1400},{"@type":"BreadcrumbList","@id":"https:\/\/www.urbidermis.com\/fr\/pepiniere-de-belloch-forestal\/photinia-x-fraseri-red-robin\/#breadcrumb","itemListElement":[{"@type":"ListItem","position":1,"name":"Home","item":"https:\/\/www.urbidermis.com\/fr\/"},{"@type":"ListItem","position":2,"name":"Produits","item":"https:\/\/www.urbidermis.com\/fr\/produits\/"},{"@type":"ListItem","position":3,"name":"Photinia x fraseri"}]},{"@type":"WebSite","@id":"https:\/\/www.urbidermis.com\/fr\/#website","url":"https:\/\/www.urbidermis.com\/fr\/","name":"Urbidermis","description":"Especialistas en la ciudad","publisher":{"@id":"https:\/\/www.urbidermis.com\/fr\/#organization"},"potentialAction":[{"@type":"SearchAction","target":{"@type":"EntryPoint","urlTemplate":"https:\/\/www.urbidermis.com\/fr\/?s={search_term_string}"},"query-input":"required name=search_term_string"}],"inLanguage":"fr-FR"},{"@type":"Organization","@id":"https:\/\/www.urbidermis.com\/fr\/#organization","name":"Urbidermis","url":"https:\/\/www.urbidermis.com\/fr\/","logo":{"@type":"ImageObject","inLanguage":"fr-FR","@id":"https:\/\/www.urbidermis.com\/fr\/#\/schema\/logo\/image\/","url":"https:\/\/www.urbidermis.com\/wp-content\/uploads\/logo_urbdermis-1.png","contentUrl":"https:\/\/www.urbidermis.com\/wp-content\/uploads\/logo_urbdermis-1.png","width":601,"height":1033,"caption":"Urbidermis"},"image":{"@id":"https:\/\/www.urbidermis.com\/fr\/#\/schema\/logo\/image\/"}}]}},"_links":{"self":[{"href":"https:\/\/www.urbidermis.com\/fr\/wp-json\/wp\/v2\/product\/9994"}],"collection":[{"href":"https:\/\/www.urbidermis.com\/fr\/wp-json\/wp\/v2\/product"}],"about":[{"href":"https:\/\/www.urbidermis.com\/fr\/wp-json\/wp\/v2\/types\/product"}],"wp:featuredmedia":[{"embeddable":true,"href":"https:\/\/www.urbidermis.com\/fr\/wp-json\/wp\/v2\/media\/9507"}],"wp:attachment":[{"href":"https:\/\/www.urbidermis.com\/fr\/wp-json\/wp\/v2\/media?parent=9994"}],"wp:term":[{"taxonomy":"product_cat","embeddable":true,"href":"https:\/\/www.urbidermis.com\/fr\/wp-json\/wp\/v2\/product_cat?post=9994"},{"taxonomy":"product_tag","embeddable":true,"href":"https:\/\/www.urbidermis.com\/fr\/wp-json\/wp\/v2\/product_tag?post=9994"}],"curies":[{"name":"wp","href":"https:\/\/api.w.org\/{rel}","templated":true}]}}